{"id":41746,"date":"2026-03-27T19:09:50","date_gmt":"2026-03-27T18:09:50","guid":{"rendered":"https:\/\/solumeca.com\/?product=probador-receptaculo-klein-usa-1-ano-de-garantia"},"modified":"2026-03-27T19:39:09","modified_gmt":"2026-03-27T18:39:09","slug":"probador-receptaculo-klein-usa-1-ano-de-garantia","status":"publish","type":"product","link":"https:\/\/solumeca.com\/?product=probador-receptaculo-klein-usa-1-ano-de-garantia","title":{"rendered":"PROBADOR RECEPTACULO KLEIN\/ USA 1 A\u00d1O DE GARANTIA &#8211; Ref. RT250"},"content":{"rendered":"<p>El comprobador de tomacorrientes GFCI cuenta con una gran pantalla LCD retroiluminada que muestra el voltaje y una clara indicaci\u00f3n del estado del cableado.<\/p>\n<p>La pantalla LCD muestra el tiempo necesario para que se active un dispositivo GFCI.<\/p>\n<p>Detecta e identifica fallas comunes en el cableado.<\/p>\n<p>Detecci\u00f3n pendiente de patente de fallas de cableado de neutro abierto y tierra abierta.<br \/>\nLa funci\u00f3n de retenci\u00f3n autom\u00e1tica facilita el acceso a tomacorrientes de dif\u00edcil acceso.<br \/>\nLos LED verdes y rojos brillantes proporcionan indicadores visuales.<br \/>\nClasificaci\u00f3n de seguridad CAT II de 135 V.<br \/>\nProtecci\u00f3n duradera contra ca\u00eddas de hasta 2 metros (6.6 pies).<br \/>\nPara uso exclusivo en tomacorrientes de 3 cables de 120 V (norteamericanos).<\/p>\n","protected":false},"excerpt":{"rendered":"<p>El comprobador de tomacorrientes GFCI cuenta con una gran pantalla LCD retroiluminada que muestra el voltaje y una clara indicaci\u00f3n del estado del cableado. La pantalla LCD muestra el tiempo necesario para que se active un dispositivo GFCI. Detecta e identifica fallas comunes en el cableado. Detecci\u00f3n pendiente de patente de fallas de cableado de<\/p>\n<div class=\"klb-readmore button\"><a class=\"btn link\" href=\"https:\/\/solumeca.com\/?product=probador-receptaculo-klein-usa-1-ano-de-garantia\">Read More <i class=\"klbth-icon-right-arrow\"><\/i><\/a><\/div>\n","protected":false},"featured_media":41792,"comment_status":"open","ping_status":"closed","template":"","meta":[],"product_brand":[],"product_cat":[423],"product_tag":[],"class_list":{"0":"post-41746","1":"product","2":"type-product","3":"status-publish","4":"has-post-thumbnail","6":"product_cat-klein-tools","8":"first","9":"instock","10":"taxable","11":"shipping-taxable","12":"purchasable","13":"product-type-simple"},"yoast_head":"<!-- This site is optimized with the Yoast SEO Premium plugin v22.5 (Yoast SEO v22.6) - https:\/\/yoast.com\/wordpress\/plugins\/seo\/ -->\n<title>PROBADOR RECEPTACULO KLEIN\/ USA 1 A\u00d1O DE GARANTIA - Ref. RT250 - Herramientas Industriales - Equipos de Seguridad - Solumeca.com<\/title>\n<meta name=\"robots\" content=\"index, follow, max-snippet:-1, max-image-preview:large, max-video-preview:-1\" \/>\n<link rel=\"canonical\" href=\"https:\/\/solumeca.com\/?product=probador-receptaculo-klein-usa-1-ano-de-garantia\" \/>\n<meta property=\"og:locale\" content=\"es_ES\" \/>\n<meta property=\"og:type\" content=\"article\" \/>\n<meta property=\"og:title\" content=\"PROBADOR RECEPTACULO KLEIN\/ USA 1 A\u00d1O DE GARANTIA - Ref. RT250\" \/>\n<meta property=\"og:description\" content=\"El comprobador de tomacorrientes GFCI cuenta con una gran pantalla LCD retroiluminada que muestra el voltaje y una clara indicaci\u00f3n del estado del cableado. La pantalla LCD muestra el tiempo necesario para que se active un dispositivo GFCI. Detecta e identifica fallas comunes en el cableado. Detecci\u00f3n pendiente de patente de fallas de cableado deRead More\" \/>\n<meta property=\"og:url\" content=\"https:\/\/solumeca.com\/?product=probador-receptaculo-klein-usa-1-ano-de-garantia\" \/>\n<meta property=\"og:site_name\" content=\"Herramientas Industriales - Equipos de Seguridad - Solumeca.com\" \/>\n<meta property=\"article:modified_time\" content=\"2026-03-27T18:39:09+00:00\" \/>\n<meta property=\"og:image\" content=\"https:\/\/solumeca.com\/wp-content\/uploads\/2026\/03\/rt250_c.jpg\" \/>\n\t<meta property=\"og:image:width\" content=\"1000\" \/>\n\t<meta property=\"og:image:height\" content=\"1000\" \/>\n\t<meta property=\"og:image:type\" content=\"image\/jpeg\" \/>\n<meta name=\"twitter:card\" content=\"summary_large_image\" \/>\n<meta name=\"twitter:label1\" content=\"Tiempo de lectura\" \/>\n\t<meta name=\"twitter:data1\" content=\"1 minuto\" \/>\n<script type=\"application\/ld+json\" class=\"yoast-schema-graph\">{\"@context\":\"https:\/\/schema.org\",\"@graph\":[{\"@type\":\"WebPage\",\"@id\":\"https:\/\/solumeca.com\/?product=probador-receptaculo-klein-usa-1-ano-de-garantia\",\"url\":\"https:\/\/solumeca.com\/?product=probador-receptaculo-klein-usa-1-ano-de-garantia\",\"name\":\"PROBADOR RECEPTACULO KLEIN\/ USA 1 A\u00d1O DE GARANTIA - Ref. RT250 - Herramientas Industriales - Equipos de Seguridad - Solumeca.com\",\"isPartOf\":{\"@id\":\"https:\/\/solumeca.com\/#website\"},\"primaryImageOfPage\":{\"@id\":\"https:\/\/solumeca.com\/?product=probador-receptaculo-klein-usa-1-ano-de-garantia#primaryimage\"},\"image\":{\"@id\":\"https:\/\/solumeca.com\/?product=probador-receptaculo-klein-usa-1-ano-de-garantia#primaryimage\"},\"thumbnailUrl\":\"https:\/\/solumeca.com\/wp-content\/uploads\/2026\/03\/rt250_c.jpg\",\"datePublished\":\"2026-03-27T18:09:50+00:00\",\"dateModified\":\"2026-03-27T18:39:09+00:00\",\"breadcrumb\":{\"@id\":\"https:\/\/solumeca.com\/?product=probador-receptaculo-klein-usa-1-ano-de-garantia#breadcrumb\"},\"inLanguage\":\"es\",\"potentialAction\":[{\"@type\":\"ReadAction\",\"target\":[\"https:\/\/solumeca.com\/?product=probador-receptaculo-klein-usa-1-ano-de-garantia\"]}]},{\"@type\":\"ImageObject\",\"inLanguage\":\"es\",\"@id\":\"https:\/\/solumeca.com\/?product=probador-receptaculo-klein-usa-1-ano-de-garantia#primaryimage\",\"url\":\"https:\/\/solumeca.com\/wp-content\/uploads\/2026\/03\/rt250_c.jpg\",\"contentUrl\":\"https:\/\/solumeca.com\/wp-content\/uploads\/2026\/03\/rt250_c.jpg\",\"width\":1000,\"height\":1000},{\"@type\":\"BreadcrumbList\",\"@id\":\"https:\/\/solumeca.com\/?product=probador-receptaculo-klein-usa-1-ano-de-garantia#breadcrumb\",\"itemListElement\":[{\"@type\":\"ListItem\",\"position\":1,\"name\":\"Portada\",\"item\":\"https:\/\/solumeca.com\/\"},{\"@type\":\"ListItem\",\"position\":2,\"name\":\"Shop\",\"item\":\"https:\/\/solumeca.com\/?page_id=10\"},{\"@type\":\"ListItem\",\"position\":3,\"name\":\"PROBADOR RECEPTACULO KLEIN\/ USA 1 A\u00d1O DE GARANTIA &#8211; Ref. RT250\"}]},{\"@type\":\"WebSite\",\"@id\":\"https:\/\/solumeca.com\/#website\",\"url\":\"https:\/\/solumeca.com\/\",\"name\":\"SOS Integral - Equipos de Seguridad - Herramientas Industriales\",\"description\":\"Equipos de Seguridad, Santo Domingo, Republica Dominicana, Herramientas Industriales,Tel.: (809) 274-3888 \/ Info@solumeca.com\",\"publisher\":{\"@id\":\"https:\/\/solumeca.com\/#organization\"},\"potentialAction\":[{\"@type\":\"SearchAction\",\"target\":{\"@type\":\"EntryPoint\",\"urlTemplate\":\"https:\/\/solumeca.com\/?s={search_term_string}\"},\"query-input\":\"required name=search_term_string\"}],\"inLanguage\":\"es\"},{\"@type\":\"Organization\",\"@id\":\"https:\/\/solumeca.com\/#organization\",\"name\":\"SOS Integral - Equipos de Seguridad - Herramientas Industriales\",\"url\":\"https:\/\/solumeca.com\/\",\"logo\":{\"@type\":\"ImageObject\",\"inLanguage\":\"es\",\"@id\":\"https:\/\/solumeca.com\/#\/schema\/logo\/image\/\",\"url\":\"https:\/\/solumeca.com\/wp-content\/uploads\/2024\/04\/equipos-de-seguridad-sos-2.png\",\"contentUrl\":\"https:\/\/solumeca.com\/wp-content\/uploads\/2024\/04\/equipos-de-seguridad-sos-2.png\",\"width\":600,\"height\":259,\"caption\":\"SOS Integral - Equipos de Seguridad - Herramientas Industriales\"},\"image\":{\"@id\":\"https:\/\/solumeca.com\/#\/schema\/logo\/image\/\"},\"sameAs\":[\"https:\/\/www.instagram.com\/sosintegralrd\/\"]}]}<\/script>\n<!-- \/ Yoast SEO Premium plugin. -->","yoast_head_json":{"title":"PROBADOR RECEPTACULO KLEIN\/ USA 1 A\u00d1O DE GARANTIA - Ref. RT250 - Herramientas Industriales - Equipos de Seguridad - Solumeca.com","robots":{"index":"index","follow":"follow","max-snippet":"max-snippet:-1","max-image-preview":"max-image-preview:large","max-video-preview":"max-video-preview:-1"},"canonical":"https:\/\/solumeca.com\/?product=probador-receptaculo-klein-usa-1-ano-de-garantia","og_locale":"es_ES","og_type":"article","og_title":"PROBADOR RECEPTACULO KLEIN\/ USA 1 A\u00d1O DE GARANTIA - Ref. RT250","og_description":"El comprobador de tomacorrientes GFCI cuenta con una gran pantalla LCD retroiluminada que muestra el voltaje y una clara indicaci\u00f3n del estado del cableado. La pantalla LCD muestra el tiempo necesario para que se active un dispositivo GFCI. Detecta e identifica fallas comunes en el cableado. Detecci\u00f3n pendiente de patente de fallas de cableado deRead More","og_url":"https:\/\/solumeca.com\/?product=probador-receptaculo-klein-usa-1-ano-de-garantia","og_site_name":"Herramientas Industriales - Equipos de Seguridad - Solumeca.com","article_modified_time":"2026-03-27T18:39:09+00:00","og_image":[{"width":1000,"height":1000,"url":"https:\/\/solumeca.com\/wp-content\/uploads\/2026\/03\/rt250_c.jpg","type":"image\/jpeg"}],"twitter_card":"summary_large_image","twitter_misc":{"Tiempo de lectura":"1 minuto"},"schema":{"@context":"https:\/\/schema.org","@graph":[{"@type":"WebPage","@id":"https:\/\/solumeca.com\/?product=probador-receptaculo-klein-usa-1-ano-de-garantia","url":"https:\/\/solumeca.com\/?product=probador-receptaculo-klein-usa-1-ano-de-garantia","name":"PROBADOR RECEPTACULO KLEIN\/ USA 1 A\u00d1O DE GARANTIA - Ref. RT250 - Herramientas Industriales - Equipos de Seguridad - Solumeca.com","isPartOf":{"@id":"https:\/\/solumeca.com\/#website"},"primaryImageOfPage":{"@id":"https:\/\/solumeca.com\/?product=probador-receptaculo-klein-usa-1-ano-de-garantia#primaryimage"},"image":{"@id":"https:\/\/solumeca.com\/?product=probador-receptaculo-klein-usa-1-ano-de-garantia#primaryimage"},"thumbnailUrl":"https:\/\/solumeca.com\/wp-content\/uploads\/2026\/03\/rt250_c.jpg","datePublished":"2026-03-27T18:09:50+00:00","dateModified":"2026-03-27T18:39:09+00:00","breadcrumb":{"@id":"https:\/\/solumeca.com\/?product=probador-receptaculo-klein-usa-1-ano-de-garantia#breadcrumb"},"inLanguage":"es","potentialAction":[{"@type":"ReadAction","target":["https:\/\/solumeca.com\/?product=probador-receptaculo-klein-usa-1-ano-de-garantia"]}]},{"@type":"ImageObject","inLanguage":"es","@id":"https:\/\/solumeca.com\/?product=probador-receptaculo-klein-usa-1-ano-de-garantia#primaryimage","url":"https:\/\/solumeca.com\/wp-content\/uploads\/2026\/03\/rt250_c.jpg","contentUrl":"https:\/\/solumeca.com\/wp-content\/uploads\/2026\/03\/rt250_c.jpg","width":1000,"height":1000},{"@type":"BreadcrumbList","@id":"https:\/\/solumeca.com\/?product=probador-receptaculo-klein-usa-1-ano-de-garantia#breadcrumb","itemListElement":[{"@type":"ListItem","position":1,"name":"Portada","item":"https:\/\/solumeca.com\/"},{"@type":"ListItem","position":2,"name":"Shop","item":"https:\/\/solumeca.com\/?page_id=10"},{"@type":"ListItem","position":3,"name":"PROBADOR RECEPTACULO KLEIN\/ USA 1 A\u00d1O DE GARANTIA &#8211; Ref. RT250"}]},{"@type":"WebSite","@id":"https:\/\/solumeca.com\/#website","url":"https:\/\/solumeca.com\/","name":"SOS Integral - Equipos de Seguridad - Herramientas Industriales","description":"Equipos de Seguridad, Santo Domingo, Republica Dominicana, Herramientas Industriales,Tel.: (809) 274-3888 \/ Info@solumeca.com","publisher":{"@id":"https:\/\/solumeca.com\/#organization"},"potentialAction":[{"@type":"SearchAction","target":{"@type":"EntryPoint","urlTemplate":"https:\/\/solumeca.com\/?s={search_term_string}"},"query-input":"required name=search_term_string"}],"inLanguage":"es"},{"@type":"Organization","@id":"https:\/\/solumeca.com\/#organization","name":"SOS Integral - Equipos de Seguridad - Herramientas Industriales","url":"https:\/\/solumeca.com\/","logo":{"@type":"ImageObject","inLanguage":"es","@id":"https:\/\/solumeca.com\/#\/schema\/logo\/image\/","url":"https:\/\/solumeca.com\/wp-content\/uploads\/2024\/04\/equipos-de-seguridad-sos-2.png","contentUrl":"https:\/\/solumeca.com\/wp-content\/uploads\/2024\/04\/equipos-de-seguridad-sos-2.png","width":600,"height":259,"caption":"SOS Integral - Equipos de Seguridad - Herramientas Industriales"},"image":{"@id":"https:\/\/solumeca.com\/#\/schema\/logo\/image\/"},"sameAs":["https:\/\/www.instagram.com\/sosintegralrd\/"]}]}},"_links":{"self":[{"href":"https:\/\/solumeca.com\/index.php?rest_route=\/wp\/v2\/product\/41746","targetHints":{"allow":["GET"]}}],"collection":[{"href":"https:\/\/solumeca.com\/index.php?rest_route=\/wp\/v2\/product"}],"about":[{"href":"https:\/\/solumeca.com\/index.php?rest_route=\/wp\/v2\/types\/product"}],"replies":[{"embeddable":true,"href":"https:\/\/solumeca.com\/index.php?rest_route=%2Fwp%2Fv2%2Fcomments&post=41746"}],"version-history":[{"count":2,"href":"https:\/\/solumeca.com\/index.php?rest_route=\/wp\/v2\/product\/41746\/revisions"}],"predecessor-version":[{"id":41793,"href":"https:\/\/solumeca.com\/index.php?rest_route=\/wp\/v2\/product\/41746\/revisions\/41793"}],"wp:featuredmedia":[{"embeddable":true,"href":"https:\/\/solumeca.com\/index.php?rest_route=\/wp\/v2\/media\/41792"}],"wp:attachment":[{"href":"https:\/\/solumeca.com\/index.php?rest_route=%2Fwp%2Fv2%2Fmedia&parent=41746"}],"wp:term":[{"taxonomy":"product_brand","embeddable":true,"href":"https:\/\/solumeca.com\/index.php?rest_route=%2Fwp%2Fv2%2Fproduct_brand&post=41746"},{"taxonomy":"product_cat","embeddable":true,"href":"https:\/\/solumeca.com\/index.php?rest_route=%2Fwp%2Fv2%2Fproduct_cat&post=41746"},{"taxonomy":"product_tag","embeddable":true,"href":"https:\/\/solumeca.com\/index.php?rest_route=%2Fwp%2Fv2%2Fproduct_tag&post=41746"}],"curies":[{"name":"wp","href":"https:\/\/api.w.org\/{rel}","templated":true}]}}