{"id":41736,"date":"2026-03-27T19:09:42","date_gmt":"2026-03-27T18:09:42","guid":{"rendered":"https:\/\/solumeca.com\/?product=broca-escalonada-de-7-8-a-1-3-8-klein"},"modified":"2026-03-28T17:38:02","modified_gmt":"2026-03-28T16:38:02","slug":"broca-escalonada-de-7-8-a-1-3-8-klein","status":"publish","type":"product","link":"https:\/\/solumeca.com\/?product=broca-escalonada-de-7-8-a-1-3-8-klein","title":{"rendered":"BROCA ESCALONADA DE 7\/8 A 1-3\/8 KLEIN &#8211; Ref.KTSB15"},"content":{"rendered":"<p>Las brocas escalonadas est\u00e1n recubiertas con nitruro de titanio y aluminio, y son 10 veces m\u00e1s duraderas que las recubiertas con \u00f3xido negro vaporizado, lo que garantiza una mayor vida \u00fatil.<br \/>\nSu doble ranura recta elimina las virutas para lograr cortes y perforaciones limpias.<br \/>\nEl v\u00e1stago hexagonal de 9,5 mm (3\/8&#8243;) proporciona un agarre firme y seguro, y no se afloja en el taladro.<br \/>\nLas marcas l\u00e1ser facilitan la identificaci\u00f3n del tama\u00f1o.<br \/>\nPunta de broca de arranque r\u00e1pido y estable.<br \/>\nPara usar en acero (hasta calibre 16), madera, pl\u00e1stico y aluminio.<br \/>\nDisponibles en 3 tama\u00f1os escalonados: de 22,2 mm (7\/8&#8243;) a 34,9 mm (1-3\/8&#8243;).<\/p>\n","protected":false},"excerpt":{"rendered":"<p>Las brocas escalonadas est\u00e1n recubiertas con nitruro de titanio y aluminio, y son 10 veces m\u00e1s duraderas que las recubiertas con \u00f3xido negro vaporizado, lo que garantiza una mayor vida \u00fatil. Su doble ranura recta elimina las virutas para lograr cortes y perforaciones limpias. El v\u00e1stago hexagonal de 9,5 mm (3\/8&#8243;) proporciona un agarre firme<\/p>\n<div class=\"klb-readmore button\"><a class=\"btn link\" href=\"https:\/\/solumeca.com\/?product=broca-escalonada-de-7-8-a-1-3-8-klein\">Read More <i class=\"klbth-icon-right-arrow\"><\/i><\/a><\/div>\n","protected":false},"featured_media":41856,"comment_status":"open","ping_status":"closed","template":"","meta":[],"product_brand":[],"product_cat":[423],"product_tag":[],"class_list":{"0":"post-41736","1":"product","2":"type-product","3":"status-publish","4":"has-post-thumbnail","6":"product_cat-klein-tools","8":"first","9":"instock","10":"taxable","11":"shipping-taxable","12":"purchasable","13":"product-type-simple"},"yoast_head":"<!-- This site is optimized with the Yoast SEO Premium plugin v22.5 (Yoast SEO v22.6) - https:\/\/yoast.com\/wordpress\/plugins\/seo\/ -->\n<title>BROCA ESCALONADA DE 7\/8 A 1-3\/8 KLEIN - Ref.KTSB15 - Herramientas Industriales - Equipos de Seguridad - Solumeca.com<\/title>\n<meta name=\"robots\" content=\"index, follow, max-snippet:-1, max-image-preview:large, max-video-preview:-1\" \/>\n<link rel=\"canonical\" href=\"https:\/\/solumeca.com\/?product=broca-escalonada-de-7-8-a-1-3-8-klein\" \/>\n<meta property=\"og:locale\" content=\"es_ES\" \/>\n<meta property=\"og:type\" content=\"article\" \/>\n<meta property=\"og:title\" content=\"BROCA ESCALONADA DE 7\/8 A 1-3\/8 KLEIN - Ref.KTSB15\" \/>\n<meta property=\"og:description\" content=\"Las brocas escalonadas est\u00e1n recubiertas con nitruro de titanio y aluminio, y son 10 veces m\u00e1s duraderas que las recubiertas con \u00f3xido negro vaporizado, lo que garantiza una mayor vida \u00fatil. Su doble ranura recta elimina las virutas para lograr cortes y perforaciones limpias. El v\u00e1stago hexagonal de 9,5 mm (3\/8&#8243;) proporciona un agarre firmeRead More\" \/>\n<meta property=\"og:url\" content=\"https:\/\/solumeca.com\/?product=broca-escalonada-de-7-8-a-1-3-8-klein\" \/>\n<meta property=\"og:site_name\" content=\"Herramientas Industriales - Equipos de Seguridad - Solumeca.com\" \/>\n<meta property=\"article:modified_time\" content=\"2026-03-28T16:38:02+00:00\" \/>\n<meta property=\"og:image\" content=\"https:\/\/solumeca.com\/wp-content\/uploads\/2026\/03\/ktsb15_b.jpg\" \/>\n\t<meta property=\"og:image:width\" content=\"1000\" \/>\n\t<meta property=\"og:image:height\" content=\"1000\" \/>\n\t<meta property=\"og:image:type\" content=\"image\/jpeg\" \/>\n<meta name=\"twitter:card\" content=\"summary_large_image\" \/>\n<meta name=\"twitter:label1\" content=\"Tiempo de lectura\" \/>\n\t<meta name=\"twitter:data1\" content=\"1 minuto\" \/>\n<script type=\"application\/ld+json\" class=\"yoast-schema-graph\">{\"@context\":\"https:\/\/schema.org\",\"@graph\":[{\"@type\":\"WebPage\",\"@id\":\"https:\/\/solumeca.com\/?product=broca-escalonada-de-7-8-a-1-3-8-klein\",\"url\":\"https:\/\/solumeca.com\/?product=broca-escalonada-de-7-8-a-1-3-8-klein\",\"name\":\"BROCA ESCALONADA DE 7\/8 A 1-3\/8 KLEIN - Ref.KTSB15 - Herramientas Industriales - Equipos de Seguridad - Solumeca.com\",\"isPartOf\":{\"@id\":\"https:\/\/solumeca.com\/#website\"},\"primaryImageOfPage\":{\"@id\":\"https:\/\/solumeca.com\/?product=broca-escalonada-de-7-8-a-1-3-8-klein#primaryimage\"},\"image\":{\"@id\":\"https:\/\/solumeca.com\/?product=broca-escalonada-de-7-8-a-1-3-8-klein#primaryimage\"},\"thumbnailUrl\":\"https:\/\/solumeca.com\/wp-content\/uploads\/2026\/03\/ktsb15_b.jpg\",\"datePublished\":\"2026-03-27T18:09:42+00:00\",\"dateModified\":\"2026-03-28T16:38:02+00:00\",\"breadcrumb\":{\"@id\":\"https:\/\/solumeca.com\/?product=broca-escalonada-de-7-8-a-1-3-8-klein#breadcrumb\"},\"inLanguage\":\"es\",\"potentialAction\":[{\"@type\":\"ReadAction\",\"target\":[\"https:\/\/solumeca.com\/?product=broca-escalonada-de-7-8-a-1-3-8-klein\"]}]},{\"@type\":\"ImageObject\",\"inLanguage\":\"es\",\"@id\":\"https:\/\/solumeca.com\/?product=broca-escalonada-de-7-8-a-1-3-8-klein#primaryimage\",\"url\":\"https:\/\/solumeca.com\/wp-content\/uploads\/2026\/03\/ktsb15_b.jpg\",\"contentUrl\":\"https:\/\/solumeca.com\/wp-content\/uploads\/2026\/03\/ktsb15_b.jpg\",\"width\":1000,\"height\":1000},{\"@type\":\"BreadcrumbList\",\"@id\":\"https:\/\/solumeca.com\/?product=broca-escalonada-de-7-8-a-1-3-8-klein#breadcrumb\",\"itemListElement\":[{\"@type\":\"ListItem\",\"position\":1,\"name\":\"Portada\",\"item\":\"https:\/\/solumeca.com\/\"},{\"@type\":\"ListItem\",\"position\":2,\"name\":\"Shop\",\"item\":\"https:\/\/solumeca.com\/?page_id=10\"},{\"@type\":\"ListItem\",\"position\":3,\"name\":\"BROCA ESCALONADA DE 7\/8 A 1-3\/8 KLEIN &#8211; Ref.KTSB15\"}]},{\"@type\":\"WebSite\",\"@id\":\"https:\/\/solumeca.com\/#website\",\"url\":\"https:\/\/solumeca.com\/\",\"name\":\"SOS Integral - Equipos de Seguridad - Herramientas Industriales\",\"description\":\"Equipos de Seguridad, Santo Domingo, Republica Dominicana, Herramientas Industriales,Tel.: (809) 274-3888 \/ Info@solumeca.com\",\"publisher\":{\"@id\":\"https:\/\/solumeca.com\/#organization\"},\"potentialAction\":[{\"@type\":\"SearchAction\",\"target\":{\"@type\":\"EntryPoint\",\"urlTemplate\":\"https:\/\/solumeca.com\/?s={search_term_string}\"},\"query-input\":\"required name=search_term_string\"}],\"inLanguage\":\"es\"},{\"@type\":\"Organization\",\"@id\":\"https:\/\/solumeca.com\/#organization\",\"name\":\"SOS Integral - Equipos de Seguridad - Herramientas Industriales\",\"url\":\"https:\/\/solumeca.com\/\",\"logo\":{\"@type\":\"ImageObject\",\"inLanguage\":\"es\",\"@id\":\"https:\/\/solumeca.com\/#\/schema\/logo\/image\/\",\"url\":\"https:\/\/solumeca.com\/wp-content\/uploads\/2024\/04\/equipos-de-seguridad-sos-2.png\",\"contentUrl\":\"https:\/\/solumeca.com\/wp-content\/uploads\/2024\/04\/equipos-de-seguridad-sos-2.png\",\"width\":600,\"height\":259,\"caption\":\"SOS Integral - Equipos de Seguridad - Herramientas Industriales\"},\"image\":{\"@id\":\"https:\/\/solumeca.com\/#\/schema\/logo\/image\/\"},\"sameAs\":[\"https:\/\/www.instagram.com\/sosintegralrd\/\"]}]}<\/script>\n<!-- \/ Yoast SEO Premium plugin. -->","yoast_head_json":{"title":"BROCA ESCALONADA DE 7\/8 A 1-3\/8 KLEIN - Ref.KTSB15 - Herramientas Industriales - Equipos de Seguridad - Solumeca.com","robots":{"index":"index","follow":"follow","max-snippet":"max-snippet:-1","max-image-preview":"max-image-preview:large","max-video-preview":"max-video-preview:-1"},"canonical":"https:\/\/solumeca.com\/?product=broca-escalonada-de-7-8-a-1-3-8-klein","og_locale":"es_ES","og_type":"article","og_title":"BROCA ESCALONADA DE 7\/8 A 1-3\/8 KLEIN - Ref.KTSB15","og_description":"Las brocas escalonadas est\u00e1n recubiertas con nitruro de titanio y aluminio, y son 10 veces m\u00e1s duraderas que las recubiertas con \u00f3xido negro vaporizado, lo que garantiza una mayor vida \u00fatil. Su doble ranura recta elimina las virutas para lograr cortes y perforaciones limpias. El v\u00e1stago hexagonal de 9,5 mm (3\/8&#8243;) proporciona un agarre firmeRead More","og_url":"https:\/\/solumeca.com\/?product=broca-escalonada-de-7-8-a-1-3-8-klein","og_site_name":"Herramientas Industriales - Equipos de Seguridad - Solumeca.com","article_modified_time":"2026-03-28T16:38:02+00:00","og_image":[{"width":1000,"height":1000,"url":"https:\/\/solumeca.com\/wp-content\/uploads\/2026\/03\/ktsb15_b.jpg","type":"image\/jpeg"}],"twitter_card":"summary_large_image","twitter_misc":{"Tiempo de lectura":"1 minuto"},"schema":{"@context":"https:\/\/schema.org","@graph":[{"@type":"WebPage","@id":"https:\/\/solumeca.com\/?product=broca-escalonada-de-7-8-a-1-3-8-klein","url":"https:\/\/solumeca.com\/?product=broca-escalonada-de-7-8-a-1-3-8-klein","name":"BROCA ESCALONADA DE 7\/8 A 1-3\/8 KLEIN - Ref.KTSB15 - Herramientas Industriales - Equipos de Seguridad - Solumeca.com","isPartOf":{"@id":"https:\/\/solumeca.com\/#website"},"primaryImageOfPage":{"@id":"https:\/\/solumeca.com\/?product=broca-escalonada-de-7-8-a-1-3-8-klein#primaryimage"},"image":{"@id":"https:\/\/solumeca.com\/?product=broca-escalonada-de-7-8-a-1-3-8-klein#primaryimage"},"thumbnailUrl":"https:\/\/solumeca.com\/wp-content\/uploads\/2026\/03\/ktsb15_b.jpg","datePublished":"2026-03-27T18:09:42+00:00","dateModified":"2026-03-28T16:38:02+00:00","breadcrumb":{"@id":"https:\/\/solumeca.com\/?product=broca-escalonada-de-7-8-a-1-3-8-klein#breadcrumb"},"inLanguage":"es","potentialAction":[{"@type":"ReadAction","target":["https:\/\/solumeca.com\/?product=broca-escalonada-de-7-8-a-1-3-8-klein"]}]},{"@type":"ImageObject","inLanguage":"es","@id":"https:\/\/solumeca.com\/?product=broca-escalonada-de-7-8-a-1-3-8-klein#primaryimage","url":"https:\/\/solumeca.com\/wp-content\/uploads\/2026\/03\/ktsb15_b.jpg","contentUrl":"https:\/\/solumeca.com\/wp-content\/uploads\/2026\/03\/ktsb15_b.jpg","width":1000,"height":1000},{"@type":"BreadcrumbList","@id":"https:\/\/solumeca.com\/?product=broca-escalonada-de-7-8-a-1-3-8-klein#breadcrumb","itemListElement":[{"@type":"ListItem","position":1,"name":"Portada","item":"https:\/\/solumeca.com\/"},{"@type":"ListItem","position":2,"name":"Shop","item":"https:\/\/solumeca.com\/?page_id=10"},{"@type":"ListItem","position":3,"name":"BROCA ESCALONADA DE 7\/8 A 1-3\/8 KLEIN &#8211; Ref.KTSB15"}]},{"@type":"WebSite","@id":"https:\/\/solumeca.com\/#website","url":"https:\/\/solumeca.com\/","name":"SOS Integral - Equipos de Seguridad - Herramientas Industriales","description":"Equipos de Seguridad, Santo Domingo, Republica Dominicana, Herramientas Industriales,Tel.: (809) 274-3888 \/ Info@solumeca.com","publisher":{"@id":"https:\/\/solumeca.com\/#organization"},"potentialAction":[{"@type":"SearchAction","target":{"@type":"EntryPoint","urlTemplate":"https:\/\/solumeca.com\/?s={search_term_string}"},"query-input":"required name=search_term_string"}],"inLanguage":"es"},{"@type":"Organization","@id":"https:\/\/solumeca.com\/#organization","name":"SOS Integral - Equipos de Seguridad - Herramientas Industriales","url":"https:\/\/solumeca.com\/","logo":{"@type":"ImageObject","inLanguage":"es","@id":"https:\/\/solumeca.com\/#\/schema\/logo\/image\/","url":"https:\/\/solumeca.com\/wp-content\/uploads\/2024\/04\/equipos-de-seguridad-sos-2.png","contentUrl":"https:\/\/solumeca.com\/wp-content\/uploads\/2024\/04\/equipos-de-seguridad-sos-2.png","width":600,"height":259,"caption":"SOS Integral - Equipos de Seguridad - Herramientas Industriales"},"image":{"@id":"https:\/\/solumeca.com\/#\/schema\/logo\/image\/"},"sameAs":["https:\/\/www.instagram.com\/sosintegralrd\/"]}]}},"_links":{"self":[{"href":"https:\/\/solumeca.com\/index.php?rest_route=\/wp\/v2\/product\/41736","targetHints":{"allow":["GET"]}}],"collection":[{"href":"https:\/\/solumeca.com\/index.php?rest_route=\/wp\/v2\/product"}],"about":[{"href":"https:\/\/solumeca.com\/index.php?rest_route=\/wp\/v2\/types\/product"}],"replies":[{"embeddable":true,"href":"https:\/\/solumeca.com\/index.php?rest_route=%2Fwp%2Fv2%2Fcomments&post=41736"}],"version-history":[{"count":2,"href":"https:\/\/solumeca.com\/index.php?rest_route=\/wp\/v2\/product\/41736\/revisions"}],"predecessor-version":[{"id":41857,"href":"https:\/\/solumeca.com\/index.php?rest_route=\/wp\/v2\/product\/41736\/revisions\/41857"}],"wp:featuredmedia":[{"embeddable":true,"href":"https:\/\/solumeca.com\/index.php?rest_route=\/wp\/v2\/media\/41856"}],"wp:attachment":[{"href":"https:\/\/solumeca.com\/index.php?rest_route=%2Fwp%2Fv2%2Fmedia&parent=41736"}],"wp:term":[{"taxonomy":"product_brand","embeddable":true,"href":"https:\/\/solumeca.com\/index.php?rest_route=%2Fwp%2Fv2%2Fproduct_brand&post=41736"},{"taxonomy":"product_cat","embeddable":true,"href":"https:\/\/solumeca.com\/index.php?rest_route=%2Fwp%2Fv2%2Fproduct_cat&post=41736"},{"taxonomy":"product_tag","embeddable":true,"href":"https:\/\/solumeca.com\/index.php?rest_route=%2Fwp%2Fv2%2Fproduct_tag&post=41736"}],"curies":[{"name":"wp","href":"https:\/\/api.w.org\/{rel}","templated":true}]}}