{"id":41728,"date":"2026-03-27T19:09:37","date_gmt":"2026-03-27T18:09:37","guid":{"rendered":"https:\/\/solumeca.com\/?product=probador-de-resistencia-de-aislamiento-klein"},"modified":"2026-03-30T14:43:23","modified_gmt":"2026-03-30T12:43:23","slug":"probador-de-resistencia-de-aislamiento-klein","status":"publish","type":"product","link":"https:\/\/solumeca.com\/?product=probador-de-resistencia-de-aislamiento-klein","title":{"rendered":"PROBADOR DE RESISTENCIA DE AISLAMIENTO KLEIN &#8211; Ref.ET600"},"content":{"rendered":"<p>El comprobador de tensi\u00f3n mide la resistencia de aislamiento hasta 4000 M\u03a9 a 125 V, 250 V, 500 V y 1000 V CC.<\/p>\n<p>Meg\u00f3hmetro con botones de prueba y bloqueo para una sencilla comprobaci\u00f3n de aislamiento.<br \/>\nAlarma de advertencia e icono de alta tensi\u00f3n para la detecci\u00f3n de tensi\u00f3n.<br \/>\nMide hasta 1000 V CA\/CC, resistencia y continuidad.<br \/>\nTecnolog\u00eda de rango autom\u00e1tico de valor cuadr\u00e1tico medio real (TRMS) para una mayor precisi\u00f3n.<br \/>\nPantalla retroiluminada con gr\u00e1fico de barras, apagado autom\u00e1tico, iconos de alta tensi\u00f3n, m\u00e1ximo\/m\u00ednimo y retenci\u00f3n.<br \/>\nIndicador de bater\u00eda baja con bater\u00eda y fusible f\u00e1cilmente reemplazables.<br \/>\nSoporte integrado y colgador magn\u00e9tico opcional para uso manos libres.<br \/>\nVerificaci\u00f3n de la conformidad con las normas EN61557-1, -2 y -4.<br \/>\nClasificaci\u00f3n de seguridad CAT IV 600 V y CAT III 1000 V.<br \/>\nIncluye puntas de prueba en \u00e1ngulo recto y puntas de prueba con pinzas de cocodrilo de alta resistencia.<\/p>\n","protected":false},"excerpt":{"rendered":"<p>El comprobador de tensi\u00f3n mide la resistencia de aislamiento hasta 4000 M\u03a9 a 125 V, 250 V, 500 V y 1000 V CC. Meg\u00f3hmetro con botones de prueba y bloqueo para una sencilla comprobaci\u00f3n de aislamiento. Alarma de advertencia e icono de alta tensi\u00f3n para la detecci\u00f3n de tensi\u00f3n. Mide hasta 1000 V CA\/CC, resistencia<\/p>\n<div class=\"klb-readmore button\"><a class=\"btn link\" href=\"https:\/\/solumeca.com\/?product=probador-de-resistencia-de-aislamiento-klein\">Read More <i class=\"klbth-icon-right-arrow\"><\/i><\/a><\/div>\n","protected":false},"featured_media":41899,"comment_status":"open","ping_status":"closed","template":"","meta":[],"product_brand":[],"product_cat":[423],"product_tag":[],"class_list":{"0":"post-41728","1":"product","2":"type-product","3":"status-publish","4":"has-post-thumbnail","6":"product_cat-klein-tools","8":"first","9":"instock","10":"taxable","11":"shipping-taxable","12":"purchasable","13":"product-type-simple"},"yoast_head":"<!-- This site is optimized with the Yoast SEO Premium plugin v22.5 (Yoast SEO v22.6) - https:\/\/yoast.com\/wordpress\/plugins\/seo\/ -->\n<title>PROBADOR DE RESISTENCIA DE AISLAMIENTO KLEIN - Ref.ET600 - Herramientas Industriales - Equipos de Seguridad - Solumeca.com<\/title>\n<meta name=\"robots\" content=\"index, follow, max-snippet:-1, max-image-preview:large, max-video-preview:-1\" \/>\n<link rel=\"canonical\" href=\"https:\/\/solumeca.com\/?product=probador-de-resistencia-de-aislamiento-klein\" \/>\n<meta property=\"og:locale\" content=\"es_ES\" \/>\n<meta property=\"og:type\" content=\"article\" \/>\n<meta property=\"og:title\" content=\"PROBADOR DE RESISTENCIA DE AISLAMIENTO KLEIN - Ref.ET600\" \/>\n<meta property=\"og:description\" content=\"El comprobador de tensi\u00f3n mide la resistencia de aislamiento hasta 4000 M\u03a9 a 125 V, 250 V, 500 V y 1000 V CC. Meg\u00f3hmetro con botones de prueba y bloqueo para una sencilla comprobaci\u00f3n de aislamiento. Alarma de advertencia e icono de alta tensi\u00f3n para la detecci\u00f3n de tensi\u00f3n. Mide hasta 1000 V CA\/CC, resistenciaRead More\" \/>\n<meta property=\"og:url\" content=\"https:\/\/solumeca.com\/?product=probador-de-resistencia-de-aislamiento-klein\" \/>\n<meta property=\"og:site_name\" content=\"Herramientas Industriales - Equipos de Seguridad - Solumeca.com\" \/>\n<meta property=\"article:modified_time\" content=\"2026-03-30T12:43:23+00:00\" \/>\n<meta property=\"og:image\" content=\"https:\/\/solumeca.com\/wp-content\/uploads\/2026\/03\/et600_alt4.jpg\" \/>\n\t<meta property=\"og:image:width\" content=\"1000\" \/>\n\t<meta property=\"og:image:height\" content=\"1000\" \/>\n\t<meta property=\"og:image:type\" content=\"image\/jpeg\" \/>\n<meta name=\"twitter:card\" content=\"summary_large_image\" \/>\n<meta name=\"twitter:label1\" content=\"Tiempo de lectura\" \/>\n\t<meta name=\"twitter:data1\" content=\"1 minuto\" \/>\n<script type=\"application\/ld+json\" class=\"yoast-schema-graph\">{\"@context\":\"https:\/\/schema.org\",\"@graph\":[{\"@type\":\"WebPage\",\"@id\":\"https:\/\/solumeca.com\/?product=probador-de-resistencia-de-aislamiento-klein\",\"url\":\"https:\/\/solumeca.com\/?product=probador-de-resistencia-de-aislamiento-klein\",\"name\":\"PROBADOR DE RESISTENCIA DE AISLAMIENTO KLEIN - Ref.ET600 - Herramientas Industriales - Equipos de Seguridad - Solumeca.com\",\"isPartOf\":{\"@id\":\"https:\/\/solumeca.com\/#website\"},\"primaryImageOfPage\":{\"@id\":\"https:\/\/solumeca.com\/?product=probador-de-resistencia-de-aislamiento-klein#primaryimage\"},\"image\":{\"@id\":\"https:\/\/solumeca.com\/?product=probador-de-resistencia-de-aislamiento-klein#primaryimage\"},\"thumbnailUrl\":\"https:\/\/solumeca.com\/wp-content\/uploads\/2026\/03\/et600_alt4.jpg\",\"datePublished\":\"2026-03-27T18:09:37+00:00\",\"dateModified\":\"2026-03-30T12:43:23+00:00\",\"breadcrumb\":{\"@id\":\"https:\/\/solumeca.com\/?product=probador-de-resistencia-de-aislamiento-klein#breadcrumb\"},\"inLanguage\":\"es\",\"potentialAction\":[{\"@type\":\"ReadAction\",\"target\":[\"https:\/\/solumeca.com\/?product=probador-de-resistencia-de-aislamiento-klein\"]}]},{\"@type\":\"ImageObject\",\"inLanguage\":\"es\",\"@id\":\"https:\/\/solumeca.com\/?product=probador-de-resistencia-de-aislamiento-klein#primaryimage\",\"url\":\"https:\/\/solumeca.com\/wp-content\/uploads\/2026\/03\/et600_alt4.jpg\",\"contentUrl\":\"https:\/\/solumeca.com\/wp-content\/uploads\/2026\/03\/et600_alt4.jpg\",\"width\":1000,\"height\":1000},{\"@type\":\"BreadcrumbList\",\"@id\":\"https:\/\/solumeca.com\/?product=probador-de-resistencia-de-aislamiento-klein#breadcrumb\",\"itemListElement\":[{\"@type\":\"ListItem\",\"position\":1,\"name\":\"Portada\",\"item\":\"https:\/\/solumeca.com\/\"},{\"@type\":\"ListItem\",\"position\":2,\"name\":\"Shop\",\"item\":\"https:\/\/solumeca.com\/?page_id=10\"},{\"@type\":\"ListItem\",\"position\":3,\"name\":\"PROBADOR DE RESISTENCIA DE AISLAMIENTO KLEIN &#8211; Ref.ET600\"}]},{\"@type\":\"WebSite\",\"@id\":\"https:\/\/solumeca.com\/#website\",\"url\":\"https:\/\/solumeca.com\/\",\"name\":\"SOS Integral - Equipos de Seguridad - Herramientas Industriales\",\"description\":\"Equipos de Seguridad, Santo Domingo, Republica Dominicana, Herramientas Industriales,Tel.: (809) 274-3888 \/ Info@solumeca.com\",\"publisher\":{\"@id\":\"https:\/\/solumeca.com\/#organization\"},\"potentialAction\":[{\"@type\":\"SearchAction\",\"target\":{\"@type\":\"EntryPoint\",\"urlTemplate\":\"https:\/\/solumeca.com\/?s={search_term_string}\"},\"query-input\":\"required name=search_term_string\"}],\"inLanguage\":\"es\"},{\"@type\":\"Organization\",\"@id\":\"https:\/\/solumeca.com\/#organization\",\"name\":\"SOS Integral - Equipos de Seguridad - Herramientas Industriales\",\"url\":\"https:\/\/solumeca.com\/\",\"logo\":{\"@type\":\"ImageObject\",\"inLanguage\":\"es\",\"@id\":\"https:\/\/solumeca.com\/#\/schema\/logo\/image\/\",\"url\":\"https:\/\/solumeca.com\/wp-content\/uploads\/2024\/04\/equipos-de-seguridad-sos-2.png\",\"contentUrl\":\"https:\/\/solumeca.com\/wp-content\/uploads\/2024\/04\/equipos-de-seguridad-sos-2.png\",\"width\":600,\"height\":259,\"caption\":\"SOS Integral - Equipos de Seguridad - Herramientas Industriales\"},\"image\":{\"@id\":\"https:\/\/solumeca.com\/#\/schema\/logo\/image\/\"},\"sameAs\":[\"https:\/\/www.instagram.com\/sosintegralrd\/\"]}]}<\/script>\n<!-- \/ Yoast SEO Premium plugin. -->","yoast_head_json":{"title":"PROBADOR DE RESISTENCIA DE AISLAMIENTO KLEIN - Ref.ET600 - Herramientas Industriales - Equipos de Seguridad - Solumeca.com","robots":{"index":"index","follow":"follow","max-snippet":"max-snippet:-1","max-image-preview":"max-image-preview:large","max-video-preview":"max-video-preview:-1"},"canonical":"https:\/\/solumeca.com\/?product=probador-de-resistencia-de-aislamiento-klein","og_locale":"es_ES","og_type":"article","og_title":"PROBADOR DE RESISTENCIA DE AISLAMIENTO KLEIN - Ref.ET600","og_description":"El comprobador de tensi\u00f3n mide la resistencia de aislamiento hasta 4000 M\u03a9 a 125 V, 250 V, 500 V y 1000 V CC. Meg\u00f3hmetro con botones de prueba y bloqueo para una sencilla comprobaci\u00f3n de aislamiento. Alarma de advertencia e icono de alta tensi\u00f3n para la detecci\u00f3n de tensi\u00f3n. Mide hasta 1000 V CA\/CC, resistenciaRead More","og_url":"https:\/\/solumeca.com\/?product=probador-de-resistencia-de-aislamiento-klein","og_site_name":"Herramientas Industriales - Equipos de Seguridad - Solumeca.com","article_modified_time":"2026-03-30T12:43:23+00:00","og_image":[{"width":1000,"height":1000,"url":"https:\/\/solumeca.com\/wp-content\/uploads\/2026\/03\/et600_alt4.jpg","type":"image\/jpeg"}],"twitter_card":"summary_large_image","twitter_misc":{"Tiempo de lectura":"1 minuto"},"schema":{"@context":"https:\/\/schema.org","@graph":[{"@type":"WebPage","@id":"https:\/\/solumeca.com\/?product=probador-de-resistencia-de-aislamiento-klein","url":"https:\/\/solumeca.com\/?product=probador-de-resistencia-de-aislamiento-klein","name":"PROBADOR DE RESISTENCIA DE AISLAMIENTO KLEIN - Ref.ET600 - Herramientas Industriales - Equipos de Seguridad - Solumeca.com","isPartOf":{"@id":"https:\/\/solumeca.com\/#website"},"primaryImageOfPage":{"@id":"https:\/\/solumeca.com\/?product=probador-de-resistencia-de-aislamiento-klein#primaryimage"},"image":{"@id":"https:\/\/solumeca.com\/?product=probador-de-resistencia-de-aislamiento-klein#primaryimage"},"thumbnailUrl":"https:\/\/solumeca.com\/wp-content\/uploads\/2026\/03\/et600_alt4.jpg","datePublished":"2026-03-27T18:09:37+00:00","dateModified":"2026-03-30T12:43:23+00:00","breadcrumb":{"@id":"https:\/\/solumeca.com\/?product=probador-de-resistencia-de-aislamiento-klein#breadcrumb"},"inLanguage":"es","potentialAction":[{"@type":"ReadAction","target":["https:\/\/solumeca.com\/?product=probador-de-resistencia-de-aislamiento-klein"]}]},{"@type":"ImageObject","inLanguage":"es","@id":"https:\/\/solumeca.com\/?product=probador-de-resistencia-de-aislamiento-klein#primaryimage","url":"https:\/\/solumeca.com\/wp-content\/uploads\/2026\/03\/et600_alt4.jpg","contentUrl":"https:\/\/solumeca.com\/wp-content\/uploads\/2026\/03\/et600_alt4.jpg","width":1000,"height":1000},{"@type":"BreadcrumbList","@id":"https:\/\/solumeca.com\/?product=probador-de-resistencia-de-aislamiento-klein#breadcrumb","itemListElement":[{"@type":"ListItem","position":1,"name":"Portada","item":"https:\/\/solumeca.com\/"},{"@type":"ListItem","position":2,"name":"Shop","item":"https:\/\/solumeca.com\/?page_id=10"},{"@type":"ListItem","position":3,"name":"PROBADOR DE RESISTENCIA DE AISLAMIENTO KLEIN &#8211; Ref.ET600"}]},{"@type":"WebSite","@id":"https:\/\/solumeca.com\/#website","url":"https:\/\/solumeca.com\/","name":"SOS Integral - Equipos de Seguridad - Herramientas Industriales","description":"Equipos de Seguridad, Santo Domingo, Republica Dominicana, Herramientas Industriales,Tel.: (809) 274-3888 \/ Info@solumeca.com","publisher":{"@id":"https:\/\/solumeca.com\/#organization"},"potentialAction":[{"@type":"SearchAction","target":{"@type":"EntryPoint","urlTemplate":"https:\/\/solumeca.com\/?s={search_term_string}"},"query-input":"required name=search_term_string"}],"inLanguage":"es"},{"@type":"Organization","@id":"https:\/\/solumeca.com\/#organization","name":"SOS Integral - Equipos de Seguridad - Herramientas Industriales","url":"https:\/\/solumeca.com\/","logo":{"@type":"ImageObject","inLanguage":"es","@id":"https:\/\/solumeca.com\/#\/schema\/logo\/image\/","url":"https:\/\/solumeca.com\/wp-content\/uploads\/2024\/04\/equipos-de-seguridad-sos-2.png","contentUrl":"https:\/\/solumeca.com\/wp-content\/uploads\/2024\/04\/equipos-de-seguridad-sos-2.png","width":600,"height":259,"caption":"SOS Integral - Equipos de Seguridad - Herramientas Industriales"},"image":{"@id":"https:\/\/solumeca.com\/#\/schema\/logo\/image\/"},"sameAs":["https:\/\/www.instagram.com\/sosintegralrd\/"]}]}},"_links":{"self":[{"href":"https:\/\/solumeca.com\/index.php?rest_route=\/wp\/v2\/product\/41728","targetHints":{"allow":["GET"]}}],"collection":[{"href":"https:\/\/solumeca.com\/index.php?rest_route=\/wp\/v2\/product"}],"about":[{"href":"https:\/\/solumeca.com\/index.php?rest_route=\/wp\/v2\/types\/product"}],"replies":[{"embeddable":true,"href":"https:\/\/solumeca.com\/index.php?rest_route=%2Fwp%2Fv2%2Fcomments&post=41728"}],"version-history":[{"count":2,"href":"https:\/\/solumeca.com\/index.php?rest_route=\/wp\/v2\/product\/41728\/revisions"}],"predecessor-version":[{"id":41902,"href":"https:\/\/solumeca.com\/index.php?rest_route=\/wp\/v2\/product\/41728\/revisions\/41902"}],"wp:featuredmedia":[{"embeddable":true,"href":"https:\/\/solumeca.com\/index.php?rest_route=\/wp\/v2\/media\/41899"}],"wp:attachment":[{"href":"https:\/\/solumeca.com\/index.php?rest_route=%2Fwp%2Fv2%2Fmedia&parent=41728"}],"wp:term":[{"taxonomy":"product_brand","embeddable":true,"href":"https:\/\/solumeca.com\/index.php?rest_route=%2Fwp%2Fv2%2Fproduct_brand&post=41728"},{"taxonomy":"product_cat","embeddable":true,"href":"https:\/\/solumeca.com\/index.php?rest_route=%2Fwp%2Fv2%2Fproduct_cat&post=41728"},{"taxonomy":"product_tag","embeddable":true,"href":"https:\/\/solumeca.com\/index.php?rest_route=%2Fwp%2Fv2%2Fproduct_tag&post=41728"}],"curies":[{"name":"wp","href":"https:\/\/api.w.org\/{rel}","templated":true}]}}