{"id":41726,"date":"2026-03-27T19:09:35","date_gmt":"2026-03-27T18:09:35","guid":{"rendered":"https:\/\/solumeca.com\/?product=multimetro-probador-de-continuidad-ac-dc-600v-modeloet260-klein"},"modified":"2026-03-30T14:53:45","modified_gmt":"2026-03-30T12:53:45","slug":"multimetro-probador-de-continuidad-ac-dc-600v-modeloet260-klein","status":"publish","type":"product","link":"https:\/\/solumeca.com\/?product=multimetro-probador-de-continuidad-ac-dc-600v-modeloet260-klein","title":{"rendered":"MULTIMETRO PROBADOR DE CONTINUIDAD AC\/DC 600V MODELO:ET260"},"content":{"rendered":"<p>Selecciona autom\u00e1ticamente voltaje o continuidad; se enciende autom\u00e1ticamente al intentar realizar una medici\u00f3n.<br \/>\nPantalla LCD retroiluminada.<br \/>\nCAT IV 600V (CAT III 690V).<br \/>\nUtiliza puntas de prueba est\u00e1ndar reemplazables para mult\u00edmetro.<br \/>\nCuenta con soportes integrados para puntas de prueba en la parte posterior del medidor.<br \/>\nLinterna integrada.<br \/>\nProtecci\u00f3n contra ca\u00eddas de hasta 3 metros (9,8 pies).<br \/>\nResistente al polvo y al agua (IP53).<\/p>\n","protected":false},"excerpt":{"rendered":"<p>Selecciona autom\u00e1ticamente voltaje o continuidad; se enciende autom\u00e1ticamente al intentar realizar una medici\u00f3n. Pantalla LCD retroiluminada. CAT IV 600V (CAT III 690V). Utiliza puntas de prueba est\u00e1ndar reemplazables para mult\u00edmetro. Cuenta con soportes integrados para puntas de prueba en la parte posterior del medidor. Linterna integrada. Protecci\u00f3n contra ca\u00eddas de hasta 3 metros (9,8 pies).<\/p>\n<div class=\"klb-readmore button\"><a class=\"btn link\" href=\"https:\/\/solumeca.com\/?product=multimetro-probador-de-continuidad-ac-dc-600v-modeloet260-klein\">Read More <i class=\"klbth-icon-right-arrow\"><\/i><\/a><\/div>\n","protected":false},"featured_media":41919,"comment_status":"open","ping_status":"closed","template":"","meta":[],"product_brand":[],"product_cat":[423],"product_tag":[],"class_list":{"0":"post-41726","1":"product","2":"type-product","3":"status-publish","4":"has-post-thumbnail","6":"product_cat-klein-tools","8":"first","9":"instock","10":"taxable","11":"shipping-taxable","12":"purchasable","13":"product-type-simple"},"yoast_head":"<!-- This site is optimized with the Yoast SEO Premium plugin v22.5 (Yoast SEO v22.6) - https:\/\/yoast.com\/wordpress\/plugins\/seo\/ -->\n<title>MULTIMETRO PROBADOR DE CONTINUIDAD AC\/DC 600V MODELO:ET260 - Herramientas Industriales - Equipos de Seguridad - Solumeca.com<\/title>\n<meta name=\"robots\" content=\"index, follow, max-snippet:-1, max-image-preview:large, max-video-preview:-1\" \/>\n<link rel=\"canonical\" href=\"https:\/\/solumeca.com\/?product=multimetro-probador-de-continuidad-ac-dc-600v-modeloet260-klein\" \/>\n<meta property=\"og:locale\" content=\"es_ES\" \/>\n<meta property=\"og:type\" content=\"article\" \/>\n<meta property=\"og:title\" content=\"MULTIMETRO PROBADOR DE CONTINUIDAD AC\/DC 600V MODELO:ET260\" \/>\n<meta property=\"og:description\" content=\"Selecciona autom\u00e1ticamente voltaje o continuidad; se enciende autom\u00e1ticamente al intentar realizar una medici\u00f3n. Pantalla LCD retroiluminada. CAT IV 600V (CAT III 690V). Utiliza puntas de prueba est\u00e1ndar reemplazables para mult\u00edmetro. Cuenta con soportes integrados para puntas de prueba en la parte posterior del medidor. Linterna integrada. Protecci\u00f3n contra ca\u00eddas de hasta 3 metros (9,8 pies).Read More\" \/>\n<meta property=\"og:url\" content=\"https:\/\/solumeca.com\/?product=multimetro-probador-de-continuidad-ac-dc-600v-modeloet260-klein\" \/>\n<meta property=\"og:site_name\" content=\"Herramientas Industriales - Equipos de Seguridad - Solumeca.com\" \/>\n<meta property=\"article:modified_time\" content=\"2026-03-30T12:53:45+00:00\" \/>\n<meta property=\"og:image\" content=\"https:\/\/solumeca.com\/wp-content\/uploads\/2026\/03\/et260_alt1.jpg\" \/>\n\t<meta property=\"og:image:width\" content=\"1000\" \/>\n\t<meta property=\"og:image:height\" content=\"1000\" \/>\n\t<meta property=\"og:image:type\" content=\"image\/jpeg\" \/>\n<meta name=\"twitter:card\" content=\"summary_large_image\" \/>\n<meta name=\"twitter:label1\" content=\"Tiempo de lectura\" \/>\n\t<meta name=\"twitter:data1\" content=\"1 minuto\" \/>\n<script type=\"application\/ld+json\" class=\"yoast-schema-graph\">{\"@context\":\"https:\/\/schema.org\",\"@graph\":[{\"@type\":\"WebPage\",\"@id\":\"https:\/\/solumeca.com\/?product=multimetro-probador-de-continuidad-ac-dc-600v-modeloet260-klein\",\"url\":\"https:\/\/solumeca.com\/?product=multimetro-probador-de-continuidad-ac-dc-600v-modeloet260-klein\",\"name\":\"MULTIMETRO PROBADOR DE CONTINUIDAD AC\/DC 600V MODELO:ET260 - Herramientas Industriales - Equipos de Seguridad - Solumeca.com\",\"isPartOf\":{\"@id\":\"https:\/\/solumeca.com\/#website\"},\"primaryImageOfPage\":{\"@id\":\"https:\/\/solumeca.com\/?product=multimetro-probador-de-continuidad-ac-dc-600v-modeloet260-klein#primaryimage\"},\"image\":{\"@id\":\"https:\/\/solumeca.com\/?product=multimetro-probador-de-continuidad-ac-dc-600v-modeloet260-klein#primaryimage\"},\"thumbnailUrl\":\"https:\/\/solumeca.com\/wp-content\/uploads\/2026\/03\/et260_alt1.jpg\",\"datePublished\":\"2026-03-27T18:09:35+00:00\",\"dateModified\":\"2026-03-30T12:53:45+00:00\",\"breadcrumb\":{\"@id\":\"https:\/\/solumeca.com\/?product=multimetro-probador-de-continuidad-ac-dc-600v-modeloet260-klein#breadcrumb\"},\"inLanguage\":\"es\",\"potentialAction\":[{\"@type\":\"ReadAction\",\"target\":[\"https:\/\/solumeca.com\/?product=multimetro-probador-de-continuidad-ac-dc-600v-modeloet260-klein\"]}]},{\"@type\":\"ImageObject\",\"inLanguage\":\"es\",\"@id\":\"https:\/\/solumeca.com\/?product=multimetro-probador-de-continuidad-ac-dc-600v-modeloet260-klein#primaryimage\",\"url\":\"https:\/\/solumeca.com\/wp-content\/uploads\/2026\/03\/et260_alt1.jpg\",\"contentUrl\":\"https:\/\/solumeca.com\/wp-content\/uploads\/2026\/03\/et260_alt1.jpg\",\"width\":1000,\"height\":1000},{\"@type\":\"BreadcrumbList\",\"@id\":\"https:\/\/solumeca.com\/?product=multimetro-probador-de-continuidad-ac-dc-600v-modeloet260-klein#breadcrumb\",\"itemListElement\":[{\"@type\":\"ListItem\",\"position\":1,\"name\":\"Portada\",\"item\":\"https:\/\/solumeca.com\/\"},{\"@type\":\"ListItem\",\"position\":2,\"name\":\"Shop\",\"item\":\"https:\/\/solumeca.com\/?page_id=10\"},{\"@type\":\"ListItem\",\"position\":3,\"name\":\"MULTIMETRO PROBADOR DE CONTINUIDAD AC\/DC 600V MODELO:ET260\"}]},{\"@type\":\"WebSite\",\"@id\":\"https:\/\/solumeca.com\/#website\",\"url\":\"https:\/\/solumeca.com\/\",\"name\":\"SOS Integral - Equipos de Seguridad - Herramientas Industriales\",\"description\":\"Equipos de Seguridad, Santo Domingo, Republica Dominicana, Herramientas Industriales,Tel.: (809) 274-3888 \/ Info@solumeca.com\",\"publisher\":{\"@id\":\"https:\/\/solumeca.com\/#organization\"},\"potentialAction\":[{\"@type\":\"SearchAction\",\"target\":{\"@type\":\"EntryPoint\",\"urlTemplate\":\"https:\/\/solumeca.com\/?s={search_term_string}\"},\"query-input\":\"required name=search_term_string\"}],\"inLanguage\":\"es\"},{\"@type\":\"Organization\",\"@id\":\"https:\/\/solumeca.com\/#organization\",\"name\":\"SOS Integral - Equipos de Seguridad - Herramientas Industriales\",\"url\":\"https:\/\/solumeca.com\/\",\"logo\":{\"@type\":\"ImageObject\",\"inLanguage\":\"es\",\"@id\":\"https:\/\/solumeca.com\/#\/schema\/logo\/image\/\",\"url\":\"https:\/\/solumeca.com\/wp-content\/uploads\/2024\/04\/equipos-de-seguridad-sos-2.png\",\"contentUrl\":\"https:\/\/solumeca.com\/wp-content\/uploads\/2024\/04\/equipos-de-seguridad-sos-2.png\",\"width\":600,\"height\":259,\"caption\":\"SOS Integral - Equipos de Seguridad - Herramientas Industriales\"},\"image\":{\"@id\":\"https:\/\/solumeca.com\/#\/schema\/logo\/image\/\"},\"sameAs\":[\"https:\/\/www.instagram.com\/sosintegralrd\/\"]}]}<\/script>\n<!-- \/ Yoast SEO Premium plugin. -->","yoast_head_json":{"title":"MULTIMETRO PROBADOR DE CONTINUIDAD AC\/DC 600V MODELO:ET260 - Herramientas Industriales - Equipos de Seguridad - Solumeca.com","robots":{"index":"index","follow":"follow","max-snippet":"max-snippet:-1","max-image-preview":"max-image-preview:large","max-video-preview":"max-video-preview:-1"},"canonical":"https:\/\/solumeca.com\/?product=multimetro-probador-de-continuidad-ac-dc-600v-modeloet260-klein","og_locale":"es_ES","og_type":"article","og_title":"MULTIMETRO PROBADOR DE CONTINUIDAD AC\/DC 600V MODELO:ET260","og_description":"Selecciona autom\u00e1ticamente voltaje o continuidad; se enciende autom\u00e1ticamente al intentar realizar una medici\u00f3n. Pantalla LCD retroiluminada. CAT IV 600V (CAT III 690V). Utiliza puntas de prueba est\u00e1ndar reemplazables para mult\u00edmetro. Cuenta con soportes integrados para puntas de prueba en la parte posterior del medidor. Linterna integrada. Protecci\u00f3n contra ca\u00eddas de hasta 3 metros (9,8 pies).Read More","og_url":"https:\/\/solumeca.com\/?product=multimetro-probador-de-continuidad-ac-dc-600v-modeloet260-klein","og_site_name":"Herramientas Industriales - Equipos de Seguridad - Solumeca.com","article_modified_time":"2026-03-30T12:53:45+00:00","og_image":[{"width":1000,"height":1000,"url":"https:\/\/solumeca.com\/wp-content\/uploads\/2026\/03\/et260_alt1.jpg","type":"image\/jpeg"}],"twitter_card":"summary_large_image","twitter_misc":{"Tiempo de lectura":"1 minuto"},"schema":{"@context":"https:\/\/schema.org","@graph":[{"@type":"WebPage","@id":"https:\/\/solumeca.com\/?product=multimetro-probador-de-continuidad-ac-dc-600v-modeloet260-klein","url":"https:\/\/solumeca.com\/?product=multimetro-probador-de-continuidad-ac-dc-600v-modeloet260-klein","name":"MULTIMETRO PROBADOR DE CONTINUIDAD AC\/DC 600V MODELO:ET260 - Herramientas Industriales - Equipos de Seguridad - Solumeca.com","isPartOf":{"@id":"https:\/\/solumeca.com\/#website"},"primaryImageOfPage":{"@id":"https:\/\/solumeca.com\/?product=multimetro-probador-de-continuidad-ac-dc-600v-modeloet260-klein#primaryimage"},"image":{"@id":"https:\/\/solumeca.com\/?product=multimetro-probador-de-continuidad-ac-dc-600v-modeloet260-klein#primaryimage"},"thumbnailUrl":"https:\/\/solumeca.com\/wp-content\/uploads\/2026\/03\/et260_alt1.jpg","datePublished":"2026-03-27T18:09:35+00:00","dateModified":"2026-03-30T12:53:45+00:00","breadcrumb":{"@id":"https:\/\/solumeca.com\/?product=multimetro-probador-de-continuidad-ac-dc-600v-modeloet260-klein#breadcrumb"},"inLanguage":"es","potentialAction":[{"@type":"ReadAction","target":["https:\/\/solumeca.com\/?product=multimetro-probador-de-continuidad-ac-dc-600v-modeloet260-klein"]}]},{"@type":"ImageObject","inLanguage":"es","@id":"https:\/\/solumeca.com\/?product=multimetro-probador-de-continuidad-ac-dc-600v-modeloet260-klein#primaryimage","url":"https:\/\/solumeca.com\/wp-content\/uploads\/2026\/03\/et260_alt1.jpg","contentUrl":"https:\/\/solumeca.com\/wp-content\/uploads\/2026\/03\/et260_alt1.jpg","width":1000,"height":1000},{"@type":"BreadcrumbList","@id":"https:\/\/solumeca.com\/?product=multimetro-probador-de-continuidad-ac-dc-600v-modeloet260-klein#breadcrumb","itemListElement":[{"@type":"ListItem","position":1,"name":"Portada","item":"https:\/\/solumeca.com\/"},{"@type":"ListItem","position":2,"name":"Shop","item":"https:\/\/solumeca.com\/?page_id=10"},{"@type":"ListItem","position":3,"name":"MULTIMETRO PROBADOR DE CONTINUIDAD AC\/DC 600V MODELO:ET260"}]},{"@type":"WebSite","@id":"https:\/\/solumeca.com\/#website","url":"https:\/\/solumeca.com\/","name":"SOS Integral - Equipos de Seguridad - Herramientas Industriales","description":"Equipos de Seguridad, Santo Domingo, Republica Dominicana, Herramientas Industriales,Tel.: (809) 274-3888 \/ Info@solumeca.com","publisher":{"@id":"https:\/\/solumeca.com\/#organization"},"potentialAction":[{"@type":"SearchAction","target":{"@type":"EntryPoint","urlTemplate":"https:\/\/solumeca.com\/?s={search_term_string}"},"query-input":"required name=search_term_string"}],"inLanguage":"es"},{"@type":"Organization","@id":"https:\/\/solumeca.com\/#organization","name":"SOS Integral - Equipos de Seguridad - Herramientas Industriales","url":"https:\/\/solumeca.com\/","logo":{"@type":"ImageObject","inLanguage":"es","@id":"https:\/\/solumeca.com\/#\/schema\/logo\/image\/","url":"https:\/\/solumeca.com\/wp-content\/uploads\/2024\/04\/equipos-de-seguridad-sos-2.png","contentUrl":"https:\/\/solumeca.com\/wp-content\/uploads\/2024\/04\/equipos-de-seguridad-sos-2.png","width":600,"height":259,"caption":"SOS Integral - Equipos de Seguridad - Herramientas Industriales"},"image":{"@id":"https:\/\/solumeca.com\/#\/schema\/logo\/image\/"},"sameAs":["https:\/\/www.instagram.com\/sosintegralrd\/"]}]}},"_links":{"self":[{"href":"https:\/\/solumeca.com\/index.php?rest_route=\/wp\/v2\/product\/41726","targetHints":{"allow":["GET"]}}],"collection":[{"href":"https:\/\/solumeca.com\/index.php?rest_route=\/wp\/v2\/product"}],"about":[{"href":"https:\/\/solumeca.com\/index.php?rest_route=\/wp\/v2\/types\/product"}],"replies":[{"embeddable":true,"href":"https:\/\/solumeca.com\/index.php?rest_route=%2Fwp%2Fv2%2Fcomments&post=41726"}],"version-history":[{"count":2,"href":"https:\/\/solumeca.com\/index.php?rest_route=\/wp\/v2\/product\/41726\/revisions"}],"predecessor-version":[{"id":41924,"href":"https:\/\/solumeca.com\/index.php?rest_route=\/wp\/v2\/product\/41726\/revisions\/41924"}],"wp:featuredmedia":[{"embeddable":true,"href":"https:\/\/solumeca.com\/index.php?rest_route=\/wp\/v2\/media\/41919"}],"wp:attachment":[{"href":"https:\/\/solumeca.com\/index.php?rest_route=%2Fwp%2Fv2%2Fmedia&parent=41726"}],"wp:term":[{"taxonomy":"product_brand","embeddable":true,"href":"https:\/\/solumeca.com\/index.php?rest_route=%2Fwp%2Fv2%2Fproduct_brand&post=41726"},{"taxonomy":"product_cat","embeddable":true,"href":"https:\/\/solumeca.com\/index.php?rest_route=%2Fwp%2Fv2%2Fproduct_cat&post=41726"},{"taxonomy":"product_tag","embeddable":true,"href":"https:\/\/solumeca.com\/index.php?rest_route=%2Fwp%2Fv2%2Fproduct_tag&post=41726"}],"curies":[{"name":"wp","href":"https:\/\/api.w.org\/{rel}","templated":true}]}}