{"id":41723,"date":"2026-03-27T19:09:33","date_gmt":"2026-03-27T18:09:33","guid":{"rendered":"https:\/\/solumeca.com\/?product=medidor-de-monoxido-de-carbono-co-klein-tools"},"modified":"2026-03-30T14:58:08","modified_gmt":"2026-03-30T12:58:08","slug":"medidor-de-monoxido-de-carbono-co-klein-tools","status":"publish","type":"product","link":"https:\/\/solumeca.com\/?product=medidor-de-monoxido-de-carbono-co-klein-tools","title":{"rendered":"MEDIDOR DE MONOXIDO DE CARBONO CO KLEIN TOOLS &#8211; Ref.ET110"},"content":{"rendered":"<p>Detector de CO f\u00e1cil de usar que detecta y mide los niveles de concentraci\u00f3n de mon\u00f3xido de carbono.<br \/>\nDetector de CO port\u00e1til con protecci\u00f3n para el usuario y alarma de l\u00edmite de exposici\u00f3n a corto plazo (STEL).<br \/>\nAlarma de nivel bajo (35 ppm) y alarma de nivel alto (200 ppm).<br \/>\nAlarmas sonoras y visuales.<br \/>\nPantalla retroiluminada con mediciones de CO (de 0 a 1000 ppm) y temperatura (Fahrenheit y Celsius).<br \/>\nApagado autom\u00e1tico tras 20 minutos de inactividad para ahorrar bater\u00eda.<br \/>\nIncluye funda de transporte y 4 pilas AAA.<br \/>\nEste detector NO est\u00e1 dise\u00f1ado para usarse como equipo de protecci\u00f3n personal.<\/p>\n","protected":false},"excerpt":{"rendered":"<p>Detector de CO f\u00e1cil de usar que detecta y mide los niveles de concentraci\u00f3n de mon\u00f3xido de carbono. Detector de CO port\u00e1til con protecci\u00f3n para el usuario y alarma de l\u00edmite de exposici\u00f3n a corto plazo (STEL). Alarma de nivel bajo (35 ppm) y alarma de nivel alto (200 ppm). Alarmas sonoras y visuales. Pantalla<\/p>\n<div class=\"klb-readmore button\"><a class=\"btn link\" href=\"https:\/\/solumeca.com\/?product=medidor-de-monoxido-de-carbono-co-klein-tools\">Read More <i class=\"klbth-icon-right-arrow\"><\/i><\/a><\/div>\n","protected":false},"featured_media":41933,"comment_status":"open","ping_status":"closed","template":"","meta":[],"product_brand":[],"product_cat":[423],"product_tag":[],"class_list":{"0":"post-41723","1":"product","2":"type-product","3":"status-publish","4":"has-post-thumbnail","6":"product_cat-klein-tools","8":"first","9":"instock","10":"taxable","11":"shipping-taxable","12":"purchasable","13":"product-type-simple"},"yoast_head":"<!-- This site is optimized with the Yoast SEO Premium plugin v22.5 (Yoast SEO v22.6) - https:\/\/yoast.com\/wordpress\/plugins\/seo\/ -->\n<title>MEDIDOR DE MONOXIDO DE CARBONO CO KLEIN TOOLS - Ref.ET110 - Herramientas Industriales - Equipos de Seguridad - Solumeca.com<\/title>\n<meta name=\"robots\" content=\"index, follow, max-snippet:-1, max-image-preview:large, max-video-preview:-1\" \/>\n<link rel=\"canonical\" href=\"https:\/\/solumeca.com\/?product=medidor-de-monoxido-de-carbono-co-klein-tools\" \/>\n<meta property=\"og:locale\" content=\"es_ES\" \/>\n<meta property=\"og:type\" content=\"article\" \/>\n<meta property=\"og:title\" content=\"MEDIDOR DE MONOXIDO DE CARBONO CO KLEIN TOOLS - Ref.ET110\" \/>\n<meta property=\"og:description\" content=\"Detector de CO f\u00e1cil de usar que detecta y mide los niveles de concentraci\u00f3n de mon\u00f3xido de carbono. Detector de CO port\u00e1til con protecci\u00f3n para el usuario y alarma de l\u00edmite de exposici\u00f3n a corto plazo (STEL). Alarma de nivel bajo (35 ppm) y alarma de nivel alto (200 ppm). Alarmas sonoras y visuales. PantallaRead More\" \/>\n<meta property=\"og:url\" content=\"https:\/\/solumeca.com\/?product=medidor-de-monoxido-de-carbono-co-klein-tools\" \/>\n<meta property=\"og:site_name\" content=\"Herramientas Industriales - Equipos de Seguridad - Solumeca.com\" \/>\n<meta property=\"article:modified_time\" content=\"2026-03-30T12:58:08+00:00\" \/>\n<meta property=\"og:image\" content=\"https:\/\/solumeca.com\/wp-content\/uploads\/2026\/03\/et110_alt1.jpg\" \/>\n\t<meta property=\"og:image:width\" content=\"1000\" \/>\n\t<meta property=\"og:image:height\" content=\"1000\" \/>\n\t<meta property=\"og:image:type\" content=\"image\/jpeg\" \/>\n<meta name=\"twitter:card\" content=\"summary_large_image\" \/>\n<meta name=\"twitter:label1\" content=\"Tiempo de lectura\" \/>\n\t<meta name=\"twitter:data1\" content=\"1 minuto\" \/>\n<script type=\"application\/ld+json\" class=\"yoast-schema-graph\">{\"@context\":\"https:\/\/schema.org\",\"@graph\":[{\"@type\":\"WebPage\",\"@id\":\"https:\/\/solumeca.com\/?product=medidor-de-monoxido-de-carbono-co-klein-tools\",\"url\":\"https:\/\/solumeca.com\/?product=medidor-de-monoxido-de-carbono-co-klein-tools\",\"name\":\"MEDIDOR DE MONOXIDO DE CARBONO CO KLEIN TOOLS - Ref.ET110 - Herramientas Industriales - Equipos de Seguridad - Solumeca.com\",\"isPartOf\":{\"@id\":\"https:\/\/solumeca.com\/#website\"},\"primaryImageOfPage\":{\"@id\":\"https:\/\/solumeca.com\/?product=medidor-de-monoxido-de-carbono-co-klein-tools#primaryimage\"},\"image\":{\"@id\":\"https:\/\/solumeca.com\/?product=medidor-de-monoxido-de-carbono-co-klein-tools#primaryimage\"},\"thumbnailUrl\":\"https:\/\/solumeca.com\/wp-content\/uploads\/2026\/03\/et110_alt1.jpg\",\"datePublished\":\"2026-03-27T18:09:33+00:00\",\"dateModified\":\"2026-03-30T12:58:08+00:00\",\"breadcrumb\":{\"@id\":\"https:\/\/solumeca.com\/?product=medidor-de-monoxido-de-carbono-co-klein-tools#breadcrumb\"},\"inLanguage\":\"es\",\"potentialAction\":[{\"@type\":\"ReadAction\",\"target\":[\"https:\/\/solumeca.com\/?product=medidor-de-monoxido-de-carbono-co-klein-tools\"]}]},{\"@type\":\"ImageObject\",\"inLanguage\":\"es\",\"@id\":\"https:\/\/solumeca.com\/?product=medidor-de-monoxido-de-carbono-co-klein-tools#primaryimage\",\"url\":\"https:\/\/solumeca.com\/wp-content\/uploads\/2026\/03\/et110_alt1.jpg\",\"contentUrl\":\"https:\/\/solumeca.com\/wp-content\/uploads\/2026\/03\/et110_alt1.jpg\",\"width\":1000,\"height\":1000},{\"@type\":\"BreadcrumbList\",\"@id\":\"https:\/\/solumeca.com\/?product=medidor-de-monoxido-de-carbono-co-klein-tools#breadcrumb\",\"itemListElement\":[{\"@type\":\"ListItem\",\"position\":1,\"name\":\"Portada\",\"item\":\"https:\/\/solumeca.com\/\"},{\"@type\":\"ListItem\",\"position\":2,\"name\":\"Shop\",\"item\":\"https:\/\/solumeca.com\/?page_id=10\"},{\"@type\":\"ListItem\",\"position\":3,\"name\":\"MEDIDOR DE MONOXIDO DE CARBONO CO KLEIN TOOLS &#8211; Ref.ET110\"}]},{\"@type\":\"WebSite\",\"@id\":\"https:\/\/solumeca.com\/#website\",\"url\":\"https:\/\/solumeca.com\/\",\"name\":\"SOS Integral - Equipos de Seguridad - Herramientas Industriales\",\"description\":\"Equipos de Seguridad, Santo Domingo, Republica Dominicana, Herramientas Industriales,Tel.: (809) 274-3888 \/ Info@solumeca.com\",\"publisher\":{\"@id\":\"https:\/\/solumeca.com\/#organization\"},\"potentialAction\":[{\"@type\":\"SearchAction\",\"target\":{\"@type\":\"EntryPoint\",\"urlTemplate\":\"https:\/\/solumeca.com\/?s={search_term_string}\"},\"query-input\":\"required name=search_term_string\"}],\"inLanguage\":\"es\"},{\"@type\":\"Organization\",\"@id\":\"https:\/\/solumeca.com\/#organization\",\"name\":\"SOS Integral - Equipos de Seguridad - Herramientas Industriales\",\"url\":\"https:\/\/solumeca.com\/\",\"logo\":{\"@type\":\"ImageObject\",\"inLanguage\":\"es\",\"@id\":\"https:\/\/solumeca.com\/#\/schema\/logo\/image\/\",\"url\":\"https:\/\/solumeca.com\/wp-content\/uploads\/2024\/04\/equipos-de-seguridad-sos-2.png\",\"contentUrl\":\"https:\/\/solumeca.com\/wp-content\/uploads\/2024\/04\/equipos-de-seguridad-sos-2.png\",\"width\":600,\"height\":259,\"caption\":\"SOS Integral - Equipos de Seguridad - Herramientas Industriales\"},\"image\":{\"@id\":\"https:\/\/solumeca.com\/#\/schema\/logo\/image\/\"},\"sameAs\":[\"https:\/\/www.instagram.com\/sosintegralrd\/\"]}]}<\/script>\n<!-- \/ Yoast SEO Premium plugin. -->","yoast_head_json":{"title":"MEDIDOR DE MONOXIDO DE CARBONO CO KLEIN TOOLS - Ref.ET110 - Herramientas Industriales - Equipos de Seguridad - Solumeca.com","robots":{"index":"index","follow":"follow","max-snippet":"max-snippet:-1","max-image-preview":"max-image-preview:large","max-video-preview":"max-video-preview:-1"},"canonical":"https:\/\/solumeca.com\/?product=medidor-de-monoxido-de-carbono-co-klein-tools","og_locale":"es_ES","og_type":"article","og_title":"MEDIDOR DE MONOXIDO DE CARBONO CO KLEIN TOOLS - Ref.ET110","og_description":"Detector de CO f\u00e1cil de usar que detecta y mide los niveles de concentraci\u00f3n de mon\u00f3xido de carbono. Detector de CO port\u00e1til con protecci\u00f3n para el usuario y alarma de l\u00edmite de exposici\u00f3n a corto plazo (STEL). Alarma de nivel bajo (35 ppm) y alarma de nivel alto (200 ppm). Alarmas sonoras y visuales. PantallaRead More","og_url":"https:\/\/solumeca.com\/?product=medidor-de-monoxido-de-carbono-co-klein-tools","og_site_name":"Herramientas Industriales - Equipos de Seguridad - Solumeca.com","article_modified_time":"2026-03-30T12:58:08+00:00","og_image":[{"width":1000,"height":1000,"url":"https:\/\/solumeca.com\/wp-content\/uploads\/2026\/03\/et110_alt1.jpg","type":"image\/jpeg"}],"twitter_card":"summary_large_image","twitter_misc":{"Tiempo de lectura":"1 minuto"},"schema":{"@context":"https:\/\/schema.org","@graph":[{"@type":"WebPage","@id":"https:\/\/solumeca.com\/?product=medidor-de-monoxido-de-carbono-co-klein-tools","url":"https:\/\/solumeca.com\/?product=medidor-de-monoxido-de-carbono-co-klein-tools","name":"MEDIDOR DE MONOXIDO DE CARBONO CO KLEIN TOOLS - Ref.ET110 - Herramientas Industriales - Equipos de Seguridad - Solumeca.com","isPartOf":{"@id":"https:\/\/solumeca.com\/#website"},"primaryImageOfPage":{"@id":"https:\/\/solumeca.com\/?product=medidor-de-monoxido-de-carbono-co-klein-tools#primaryimage"},"image":{"@id":"https:\/\/solumeca.com\/?product=medidor-de-monoxido-de-carbono-co-klein-tools#primaryimage"},"thumbnailUrl":"https:\/\/solumeca.com\/wp-content\/uploads\/2026\/03\/et110_alt1.jpg","datePublished":"2026-03-27T18:09:33+00:00","dateModified":"2026-03-30T12:58:08+00:00","breadcrumb":{"@id":"https:\/\/solumeca.com\/?product=medidor-de-monoxido-de-carbono-co-klein-tools#breadcrumb"},"inLanguage":"es","potentialAction":[{"@type":"ReadAction","target":["https:\/\/solumeca.com\/?product=medidor-de-monoxido-de-carbono-co-klein-tools"]}]},{"@type":"ImageObject","inLanguage":"es","@id":"https:\/\/solumeca.com\/?product=medidor-de-monoxido-de-carbono-co-klein-tools#primaryimage","url":"https:\/\/solumeca.com\/wp-content\/uploads\/2026\/03\/et110_alt1.jpg","contentUrl":"https:\/\/solumeca.com\/wp-content\/uploads\/2026\/03\/et110_alt1.jpg","width":1000,"height":1000},{"@type":"BreadcrumbList","@id":"https:\/\/solumeca.com\/?product=medidor-de-monoxido-de-carbono-co-klein-tools#breadcrumb","itemListElement":[{"@type":"ListItem","position":1,"name":"Portada","item":"https:\/\/solumeca.com\/"},{"@type":"ListItem","position":2,"name":"Shop","item":"https:\/\/solumeca.com\/?page_id=10"},{"@type":"ListItem","position":3,"name":"MEDIDOR DE MONOXIDO DE CARBONO CO KLEIN TOOLS &#8211; Ref.ET110"}]},{"@type":"WebSite","@id":"https:\/\/solumeca.com\/#website","url":"https:\/\/solumeca.com\/","name":"SOS Integral - Equipos de Seguridad - Herramientas Industriales","description":"Equipos de Seguridad, Santo Domingo, Republica Dominicana, Herramientas Industriales,Tel.: (809) 274-3888 \/ Info@solumeca.com","publisher":{"@id":"https:\/\/solumeca.com\/#organization"},"potentialAction":[{"@type":"SearchAction","target":{"@type":"EntryPoint","urlTemplate":"https:\/\/solumeca.com\/?s={search_term_string}"},"query-input":"required name=search_term_string"}],"inLanguage":"es"},{"@type":"Organization","@id":"https:\/\/solumeca.com\/#organization","name":"SOS Integral - Equipos de Seguridad - Herramientas Industriales","url":"https:\/\/solumeca.com\/","logo":{"@type":"ImageObject","inLanguage":"es","@id":"https:\/\/solumeca.com\/#\/schema\/logo\/image\/","url":"https:\/\/solumeca.com\/wp-content\/uploads\/2024\/04\/equipos-de-seguridad-sos-2.png","contentUrl":"https:\/\/solumeca.com\/wp-content\/uploads\/2024\/04\/equipos-de-seguridad-sos-2.png","width":600,"height":259,"caption":"SOS Integral - Equipos de Seguridad - Herramientas Industriales"},"image":{"@id":"https:\/\/solumeca.com\/#\/schema\/logo\/image\/"},"sameAs":["https:\/\/www.instagram.com\/sosintegralrd\/"]}]}},"_links":{"self":[{"href":"https:\/\/solumeca.com\/index.php?rest_route=\/wp\/v2\/product\/41723","targetHints":{"allow":["GET"]}}],"collection":[{"href":"https:\/\/solumeca.com\/index.php?rest_route=\/wp\/v2\/product"}],"about":[{"href":"https:\/\/solumeca.com\/index.php?rest_route=\/wp\/v2\/types\/product"}],"replies":[{"embeddable":true,"href":"https:\/\/solumeca.com\/index.php?rest_route=%2Fwp%2Fv2%2Fcomments&post=41723"}],"version-history":[{"count":2,"href":"https:\/\/solumeca.com\/index.php?rest_route=\/wp\/v2\/product\/41723\/revisions"}],"predecessor-version":[{"id":41938,"href":"https:\/\/solumeca.com\/index.php?rest_route=\/wp\/v2\/product\/41723\/revisions\/41938"}],"wp:featuredmedia":[{"embeddable":true,"href":"https:\/\/solumeca.com\/index.php?rest_route=\/wp\/v2\/media\/41933"}],"wp:attachment":[{"href":"https:\/\/solumeca.com\/index.php?rest_route=%2Fwp%2Fv2%2Fmedia&parent=41723"}],"wp:term":[{"taxonomy":"product_brand","embeddable":true,"href":"https:\/\/solumeca.com\/index.php?rest_route=%2Fwp%2Fv2%2Fproduct_brand&post=41723"},{"taxonomy":"product_cat","embeddable":true,"href":"https:\/\/solumeca.com\/index.php?rest_route=%2Fwp%2Fv2%2Fproduct_cat&post=41723"},{"taxonomy":"product_tag","embeddable":true,"href":"https:\/\/solumeca.com\/index.php?rest_route=%2Fwp%2Fv2%2Fproduct_tag&post=41723"}],"curies":[{"name":"wp","href":"https:\/\/api.w.org\/{rel}","templated":true}]}}