{"id":41706,"date":"2026-03-27T19:09:20","date_gmt":"2026-03-27T18:09:20","guid":{"rendered":"https:\/\/solumeca.com\/?product=pinza-amperimetrica-digital-trms-ac-dc-400a-600v-klein"},"modified":"2026-03-31T21:25:10","modified_gmt":"2026-03-31T19:25:10","slug":"pinza-amperimetrica-digital-trms-ac-dc-400a-600v-klein","status":"publish","type":"product","link":"https:\/\/solumeca.com\/?product=pinza-amperimetrica-digital-trms-ac-dc-400a-600v-klein","title":{"rendered":"PINZA AMPERIMETRICA DIGITAL TRMS AC\/DC 400A\/600V KLEIN REF:CL390"},"content":{"rendered":"<ul>\n<li>Soporte para puntas de prueba en el lateral de la pinza y soporte magn\u00e9tico opcional para el medidor (n.\u00ba de cat\u00e1logo 69445 o 69417) para un funcionamiento manos libres.<\/li>\n<li>Comprobador de tensi\u00f3n sin contacto integrado en la mordaza de la pinza.<\/li>\n<li>Pantalla LCD de alta visibilidad con contraste inverso para una mejor visualizaci\u00f3n en cualquier condici\u00f3n de iluminaci\u00f3n ambiental.<\/li>\n<li>Tecnolog\u00eda de medici\u00f3n de ra\u00edz cuadr\u00e1tica media real (TRMS) con rango autom\u00e1tico para mayor precisi\u00f3n.<\/li>\n<li>Mide corriente CA\/CC y tensi\u00f3n sin contacto (NCVT) mediante la pinza, y tensi\u00f3n CA\/CC, resistencia, frecuencia, microamperios CC, capacitancia, ciclo de trabajo, prueba de diodos y continuidad mediante puntas de prueba, y temperatura con termopar.<\/li>\n<li>Mide la temperatura con una sonda de termopar tipo K.<\/li>\n<li>Funciones de m\u00e1ximo\/m\u00ednimo, relatividad\/cero y retenci\u00f3n de datos.<\/li>\n<li>Apagado autom\u00e1tico tras 10 minutos para ahorrar bater\u00eda.<\/li>\n<li>Incluye estuche de transporte, puntas de prueba con tapas de seguridad CAT III\/CAT IV, termopar, instrucciones y 3 pilas AAA.<\/li>\n<li>Indicador de bater\u00eda baja y compartimento de pilas de f\u00e1cil acceso.<\/li>\n<li>Dise\u00f1ado para soportar ca\u00eddas de hasta 2 m (6,6 pies). Ca\u00edda<\/li>\n<li>CAT III 600V, Clase 2, Doble aislamiento<\/li>\n<li>Cumple con los requisitos para su uso en entornos electromagn\u00e9ticos b\u00e1sicos y controlados, como viviendas, oficinas y locales industriales ligeros.<\/li>\n<\/ul>\n","protected":false},"excerpt":{"rendered":"<p>CL390<\/p>\n","protected":false},"featured_media":42053,"comment_status":"open","ping_status":"closed","template":"","meta":[],"product_brand":[],"product_cat":[423],"product_tag":[],"class_list":{"0":"post-41706","1":"product","2":"type-product","3":"status-publish","4":"has-post-thumbnail","6":"product_cat-klein-tools","8":"first","9":"instock","10":"taxable","11":"shipping-taxable","12":"purchasable","13":"product-type-simple"},"yoast_head":"<!-- This site is optimized with the Yoast SEO Premium plugin v22.5 (Yoast SEO v22.6) - https:\/\/yoast.com\/wordpress\/plugins\/seo\/ -->\n<title>PINZA AMPERIMETRICA DIGITAL TRMS AC\/DC 400A\/600V KLEIN REF:CL390 - Herramientas Industriales - Equipos de Seguridad - Solumeca.com<\/title>\n<meta name=\"robots\" content=\"index, follow, max-snippet:-1, max-image-preview:large, max-video-preview:-1\" \/>\n<link rel=\"canonical\" href=\"https:\/\/solumeca.com\/?product=pinza-amperimetrica-digital-trms-ac-dc-400a-600v-klein\" \/>\n<meta property=\"og:locale\" content=\"es_ES\" \/>\n<meta property=\"og:type\" content=\"article\" \/>\n<meta property=\"og:title\" content=\"PINZA AMPERIMETRICA DIGITAL TRMS AC\/DC 400A\/600V KLEIN REF:CL390\" \/>\n<meta property=\"og:description\" content=\"CL390\" \/>\n<meta property=\"og:url\" content=\"https:\/\/solumeca.com\/?product=pinza-amperimetrica-digital-trms-ac-dc-400a-600v-klein\" \/>\n<meta property=\"og:site_name\" content=\"Herramientas Industriales - Equipos de Seguridad - Solumeca.com\" \/>\n<meta property=\"article:modified_time\" content=\"2026-03-31T19:25:10+00:00\" \/>\n<meta property=\"og:image\" content=\"https:\/\/solumeca.com\/wp-content\/uploads\/2026\/03\/cl390_front.jpg\" \/>\n\t<meta property=\"og:image:width\" content=\"1000\" \/>\n\t<meta property=\"og:image:height\" content=\"1000\" \/>\n\t<meta property=\"og:image:type\" content=\"image\/jpeg\" \/>\n<meta name=\"twitter:card\" content=\"summary_large_image\" \/>\n<meta name=\"twitter:label1\" content=\"Tiempo de lectura\" \/>\n\t<meta name=\"twitter:data1\" content=\"2 minutos\" \/>\n<script type=\"application\/ld+json\" class=\"yoast-schema-graph\">{\"@context\":\"https:\/\/schema.org\",\"@graph\":[{\"@type\":\"WebPage\",\"@id\":\"https:\/\/solumeca.com\/?product=pinza-amperimetrica-digital-trms-ac-dc-400a-600v-klein\",\"url\":\"https:\/\/solumeca.com\/?product=pinza-amperimetrica-digital-trms-ac-dc-400a-600v-klein\",\"name\":\"PINZA AMPERIMETRICA DIGITAL TRMS AC\/DC 400A\/600V KLEIN REF:CL390 - Herramientas Industriales - Equipos de Seguridad - Solumeca.com\",\"isPartOf\":{\"@id\":\"https:\/\/solumeca.com\/#website\"},\"primaryImageOfPage\":{\"@id\":\"https:\/\/solumeca.com\/?product=pinza-amperimetrica-digital-trms-ac-dc-400a-600v-klein#primaryimage\"},\"image\":{\"@id\":\"https:\/\/solumeca.com\/?product=pinza-amperimetrica-digital-trms-ac-dc-400a-600v-klein#primaryimage\"},\"thumbnailUrl\":\"https:\/\/solumeca.com\/wp-content\/uploads\/2026\/03\/cl390_front.jpg\",\"datePublished\":\"2026-03-27T18:09:20+00:00\",\"dateModified\":\"2026-03-31T19:25:10+00:00\",\"breadcrumb\":{\"@id\":\"https:\/\/solumeca.com\/?product=pinza-amperimetrica-digital-trms-ac-dc-400a-600v-klein#breadcrumb\"},\"inLanguage\":\"es\",\"potentialAction\":[{\"@type\":\"ReadAction\",\"target\":[\"https:\/\/solumeca.com\/?product=pinza-amperimetrica-digital-trms-ac-dc-400a-600v-klein\"]}]},{\"@type\":\"ImageObject\",\"inLanguage\":\"es\",\"@id\":\"https:\/\/solumeca.com\/?product=pinza-amperimetrica-digital-trms-ac-dc-400a-600v-klein#primaryimage\",\"url\":\"https:\/\/solumeca.com\/wp-content\/uploads\/2026\/03\/cl390_front.jpg\",\"contentUrl\":\"https:\/\/solumeca.com\/wp-content\/uploads\/2026\/03\/cl390_front.jpg\",\"width\":1000,\"height\":1000},{\"@type\":\"BreadcrumbList\",\"@id\":\"https:\/\/solumeca.com\/?product=pinza-amperimetrica-digital-trms-ac-dc-400a-600v-klein#breadcrumb\",\"itemListElement\":[{\"@type\":\"ListItem\",\"position\":1,\"name\":\"Portada\",\"item\":\"https:\/\/solumeca.com\/\"},{\"@type\":\"ListItem\",\"position\":2,\"name\":\"Shop\",\"item\":\"https:\/\/solumeca.com\/?page_id=10\"},{\"@type\":\"ListItem\",\"position\":3,\"name\":\"PINZA AMPERIMETRICA DIGITAL TRMS AC\/DC 400A\/600V KLEIN REF:CL390\"}]},{\"@type\":\"WebSite\",\"@id\":\"https:\/\/solumeca.com\/#website\",\"url\":\"https:\/\/solumeca.com\/\",\"name\":\"SOS Integral - Equipos de Seguridad - Herramientas Industriales\",\"description\":\"Equipos de Seguridad, Santo Domingo, Republica Dominicana, Herramientas Industriales,Tel.: (809) 274-3888 \/ Info@solumeca.com\",\"publisher\":{\"@id\":\"https:\/\/solumeca.com\/#organization\"},\"potentialAction\":[{\"@type\":\"SearchAction\",\"target\":{\"@type\":\"EntryPoint\",\"urlTemplate\":\"https:\/\/solumeca.com\/?s={search_term_string}\"},\"query-input\":\"required name=search_term_string\"}],\"inLanguage\":\"es\"},{\"@type\":\"Organization\",\"@id\":\"https:\/\/solumeca.com\/#organization\",\"name\":\"SOS Integral - Equipos de Seguridad - Herramientas Industriales\",\"url\":\"https:\/\/solumeca.com\/\",\"logo\":{\"@type\":\"ImageObject\",\"inLanguage\":\"es\",\"@id\":\"https:\/\/solumeca.com\/#\/schema\/logo\/image\/\",\"url\":\"https:\/\/solumeca.com\/wp-content\/uploads\/2024\/04\/equipos-de-seguridad-sos-2.png\",\"contentUrl\":\"https:\/\/solumeca.com\/wp-content\/uploads\/2024\/04\/equipos-de-seguridad-sos-2.png\",\"width\":600,\"height\":259,\"caption\":\"SOS Integral - Equipos de Seguridad - Herramientas Industriales\"},\"image\":{\"@id\":\"https:\/\/solumeca.com\/#\/schema\/logo\/image\/\"},\"sameAs\":[\"https:\/\/www.instagram.com\/sosintegralrd\/\"]}]}<\/script>\n<!-- \/ Yoast SEO Premium plugin. -->","yoast_head_json":{"title":"PINZA AMPERIMETRICA DIGITAL TRMS AC\/DC 400A\/600V KLEIN REF:CL390 - Herramientas Industriales - Equipos de Seguridad - Solumeca.com","robots":{"index":"index","follow":"follow","max-snippet":"max-snippet:-1","max-image-preview":"max-image-preview:large","max-video-preview":"max-video-preview:-1"},"canonical":"https:\/\/solumeca.com\/?product=pinza-amperimetrica-digital-trms-ac-dc-400a-600v-klein","og_locale":"es_ES","og_type":"article","og_title":"PINZA AMPERIMETRICA DIGITAL TRMS AC\/DC 400A\/600V KLEIN REF:CL390","og_description":"CL390","og_url":"https:\/\/solumeca.com\/?product=pinza-amperimetrica-digital-trms-ac-dc-400a-600v-klein","og_site_name":"Herramientas Industriales - Equipos de Seguridad - Solumeca.com","article_modified_time":"2026-03-31T19:25:10+00:00","og_image":[{"width":1000,"height":1000,"url":"https:\/\/solumeca.com\/wp-content\/uploads\/2026\/03\/cl390_front.jpg","type":"image\/jpeg"}],"twitter_card":"summary_large_image","twitter_misc":{"Tiempo de lectura":"2 minutos"},"schema":{"@context":"https:\/\/schema.org","@graph":[{"@type":"WebPage","@id":"https:\/\/solumeca.com\/?product=pinza-amperimetrica-digital-trms-ac-dc-400a-600v-klein","url":"https:\/\/solumeca.com\/?product=pinza-amperimetrica-digital-trms-ac-dc-400a-600v-klein","name":"PINZA AMPERIMETRICA DIGITAL TRMS AC\/DC 400A\/600V KLEIN REF:CL390 - Herramientas Industriales - Equipos de Seguridad - Solumeca.com","isPartOf":{"@id":"https:\/\/solumeca.com\/#website"},"primaryImageOfPage":{"@id":"https:\/\/solumeca.com\/?product=pinza-amperimetrica-digital-trms-ac-dc-400a-600v-klein#primaryimage"},"image":{"@id":"https:\/\/solumeca.com\/?product=pinza-amperimetrica-digital-trms-ac-dc-400a-600v-klein#primaryimage"},"thumbnailUrl":"https:\/\/solumeca.com\/wp-content\/uploads\/2026\/03\/cl390_front.jpg","datePublished":"2026-03-27T18:09:20+00:00","dateModified":"2026-03-31T19:25:10+00:00","breadcrumb":{"@id":"https:\/\/solumeca.com\/?product=pinza-amperimetrica-digital-trms-ac-dc-400a-600v-klein#breadcrumb"},"inLanguage":"es","potentialAction":[{"@type":"ReadAction","target":["https:\/\/solumeca.com\/?product=pinza-amperimetrica-digital-trms-ac-dc-400a-600v-klein"]}]},{"@type":"ImageObject","inLanguage":"es","@id":"https:\/\/solumeca.com\/?product=pinza-amperimetrica-digital-trms-ac-dc-400a-600v-klein#primaryimage","url":"https:\/\/solumeca.com\/wp-content\/uploads\/2026\/03\/cl390_front.jpg","contentUrl":"https:\/\/solumeca.com\/wp-content\/uploads\/2026\/03\/cl390_front.jpg","width":1000,"height":1000},{"@type":"BreadcrumbList","@id":"https:\/\/solumeca.com\/?product=pinza-amperimetrica-digital-trms-ac-dc-400a-600v-klein#breadcrumb","itemListElement":[{"@type":"ListItem","position":1,"name":"Portada","item":"https:\/\/solumeca.com\/"},{"@type":"ListItem","position":2,"name":"Shop","item":"https:\/\/solumeca.com\/?page_id=10"},{"@type":"ListItem","position":3,"name":"PINZA AMPERIMETRICA DIGITAL TRMS AC\/DC 400A\/600V KLEIN REF:CL390"}]},{"@type":"WebSite","@id":"https:\/\/solumeca.com\/#website","url":"https:\/\/solumeca.com\/","name":"SOS Integral - Equipos de Seguridad - Herramientas Industriales","description":"Equipos de Seguridad, Santo Domingo, Republica Dominicana, Herramientas Industriales,Tel.: (809) 274-3888 \/ Info@solumeca.com","publisher":{"@id":"https:\/\/solumeca.com\/#organization"},"potentialAction":[{"@type":"SearchAction","target":{"@type":"EntryPoint","urlTemplate":"https:\/\/solumeca.com\/?s={search_term_string}"},"query-input":"required name=search_term_string"}],"inLanguage":"es"},{"@type":"Organization","@id":"https:\/\/solumeca.com\/#organization","name":"SOS Integral - Equipos de Seguridad - Herramientas Industriales","url":"https:\/\/solumeca.com\/","logo":{"@type":"ImageObject","inLanguage":"es","@id":"https:\/\/solumeca.com\/#\/schema\/logo\/image\/","url":"https:\/\/solumeca.com\/wp-content\/uploads\/2024\/04\/equipos-de-seguridad-sos-2.png","contentUrl":"https:\/\/solumeca.com\/wp-content\/uploads\/2024\/04\/equipos-de-seguridad-sos-2.png","width":600,"height":259,"caption":"SOS Integral - Equipos de Seguridad - Herramientas Industriales"},"image":{"@id":"https:\/\/solumeca.com\/#\/schema\/logo\/image\/"},"sameAs":["https:\/\/www.instagram.com\/sosintegralrd\/"]}]}},"_links":{"self":[{"href":"https:\/\/solumeca.com\/index.php?rest_route=\/wp\/v2\/product\/41706","targetHints":{"allow":["GET"]}}],"collection":[{"href":"https:\/\/solumeca.com\/index.php?rest_route=\/wp\/v2\/product"}],"about":[{"href":"https:\/\/solumeca.com\/index.php?rest_route=\/wp\/v2\/types\/product"}],"replies":[{"embeddable":true,"href":"https:\/\/solumeca.com\/index.php?rest_route=%2Fwp%2Fv2%2Fcomments&post=41706"}],"version-history":[{"count":2,"href":"https:\/\/solumeca.com\/index.php?rest_route=\/wp\/v2\/product\/41706\/revisions"}],"predecessor-version":[{"id":42058,"href":"https:\/\/solumeca.com\/index.php?rest_route=\/wp\/v2\/product\/41706\/revisions\/42058"}],"wp:featuredmedia":[{"embeddable":true,"href":"https:\/\/solumeca.com\/index.php?rest_route=\/wp\/v2\/media\/42053"}],"wp:attachment":[{"href":"https:\/\/solumeca.com\/index.php?rest_route=%2Fwp%2Fv2%2Fmedia&parent=41706"}],"wp:term":[{"taxonomy":"product_brand","embeddable":true,"href":"https:\/\/solumeca.com\/index.php?rest_route=%2Fwp%2Fv2%2Fproduct_brand&post=41706"},{"taxonomy":"product_cat","embeddable":true,"href":"https:\/\/solumeca.com\/index.php?rest_route=%2Fwp%2Fv2%2Fproduct_cat&post=41706"},{"taxonomy":"product_tag","embeddable":true,"href":"https:\/\/solumeca.com\/index.php?rest_route=%2Fwp%2Fv2%2Fproduct_tag&post=41706"}],"curies":[{"name":"wp","href":"https:\/\/api.w.org\/{rel}","templated":true}]}}