{"id":41696,"date":"2026-03-27T19:09:13","date_gmt":"2026-03-27T18:09:13","guid":{"rendered":"https:\/\/solumeca.com\/?product=juego-de-8-destornilladores-plano-y-estria-modelo85078-klein"},"modified":"2026-03-31T21:51:11","modified_gmt":"2026-03-31T19:51:11","slug":"juego-de-8-destornilladores-plano-y-estria-modelo85078-klein","status":"publish","type":"product","link":"https:\/\/solumeca.com\/?product=juego-de-8-destornilladores-plano-y-estria-modelo85078-klein","title":{"rendered":"JUEGO DE 8 DESTORNILLADORES PLANO Y ESTRIA MODELO:85078 KLEIN"},"content":{"rendered":"<ul>\n<li>Estos destornilladores son una selecci\u00f3n de uso general con las puntas y tama\u00f1os m\u00e1s comunes.<\/li>\n<li>Juego de destornilladores con 8 destornilladores Cushion-Grip\u2122: 6,4 mm (1\/4&#8243;), Keystone de 7,9 mm (5\/16&#8243;), punta para gabinetes de 7,9 mm (5\/16&#8243;) y 4,8 mm (3\/16&#8243;), Phillips n.\u00b0 1, n.\u00b0 2 y n.\u00b0 3, y Phillips corto n.\u00b0 2.<\/li>\n<li>El sistema Tip-Ident\u00ae identifica r\u00e1pidamente el tipo de destornillador y la orientaci\u00f3n de la punta.<\/li>\n<li>Acabado cromado de alta calidad para un tacto suave y resistencia a la corrosi\u00f3n, con punta mecanizada con precisi\u00f3n para un ajuste perfecto.<\/li>\n<li>Fabricado en EE. UU.<\/li>\n<li>Mangos Cushion-Grip\u2122 para mayor torsi\u00f3n y comodidad.<\/li>\n<li>Las bridas internas en el mango proporcionan un anclaje s\u00f3lido y resistente a la torsi\u00f3n de la hoja.<\/li>\n<li>Ejes con tratamiento t\u00e9rmico especial para mayor durabilidad.<\/li>\n<li>Cumple o supera las especificaciones ASME\/ANSI aplicables.<\/li>\n<\/ul>\n","protected":false},"excerpt":{"rendered":"<p>85078<\/p>\n","protected":false},"featured_media":42124,"comment_status":"open","ping_status":"closed","template":"","meta":[],"product_brand":[],"product_cat":[423],"product_tag":[],"class_list":{"0":"post-41696","1":"product","2":"type-product","3":"status-publish","4":"has-post-thumbnail","6":"product_cat-klein-tools","8":"first","9":"instock","10":"taxable","11":"shipping-taxable","12":"purchasable","13":"product-type-simple"},"yoast_head":"<!-- This site is optimized with the Yoast SEO Premium plugin v22.5 (Yoast SEO v22.6) - https:\/\/yoast.com\/wordpress\/plugins\/seo\/ -->\n<title>JUEGO DE 8 DESTORNILLADORES PLANO Y ESTRIA MODELO:85078 KLEIN - Herramientas Industriales - Equipos de Seguridad - Solumeca.com<\/title>\n<meta name=\"robots\" content=\"index, follow, max-snippet:-1, max-image-preview:large, max-video-preview:-1\" \/>\n<link rel=\"canonical\" href=\"https:\/\/solumeca.com\/?product=juego-de-8-destornilladores-plano-y-estria-modelo85078-klein\" \/>\n<meta property=\"og:locale\" content=\"es_ES\" \/>\n<meta property=\"og:type\" content=\"article\" \/>\n<meta property=\"og:title\" content=\"JUEGO DE 8 DESTORNILLADORES PLANO Y ESTRIA MODELO:85078 KLEIN\" \/>\n<meta property=\"og:description\" content=\"85078\" \/>\n<meta property=\"og:url\" content=\"https:\/\/solumeca.com\/?product=juego-de-8-destornilladores-plano-y-estria-modelo85078-klein\" \/>\n<meta property=\"og:site_name\" content=\"Herramientas Industriales - Equipos de Seguridad - Solumeca.com\" \/>\n<meta property=\"article:modified_time\" content=\"2026-03-31T19:51:11+00:00\" \/>\n<meta property=\"og:image\" content=\"https:\/\/solumeca.com\/wp-content\/uploads\/2026\/03\/85078_b_mb.jpg\" \/>\n\t<meta property=\"og:image:width\" content=\"1000\" \/>\n\t<meta property=\"og:image:height\" content=\"1000\" \/>\n\t<meta property=\"og:image:type\" content=\"image\/jpeg\" \/>\n<meta name=\"twitter:card\" content=\"summary_large_image\" \/>\n<meta name=\"twitter:label1\" content=\"Tiempo de lectura\" \/>\n\t<meta name=\"twitter:data1\" content=\"1 minuto\" \/>\n<script type=\"application\/ld+json\" class=\"yoast-schema-graph\">{\"@context\":\"https:\/\/schema.org\",\"@graph\":[{\"@type\":\"WebPage\",\"@id\":\"https:\/\/solumeca.com\/?product=juego-de-8-destornilladores-plano-y-estria-modelo85078-klein\",\"url\":\"https:\/\/solumeca.com\/?product=juego-de-8-destornilladores-plano-y-estria-modelo85078-klein\",\"name\":\"JUEGO DE 8 DESTORNILLADORES PLANO Y ESTRIA MODELO:85078 KLEIN - Herramientas Industriales - Equipos de Seguridad - Solumeca.com\",\"isPartOf\":{\"@id\":\"https:\/\/solumeca.com\/#website\"},\"primaryImageOfPage\":{\"@id\":\"https:\/\/solumeca.com\/?product=juego-de-8-destornilladores-plano-y-estria-modelo85078-klein#primaryimage\"},\"image\":{\"@id\":\"https:\/\/solumeca.com\/?product=juego-de-8-destornilladores-plano-y-estria-modelo85078-klein#primaryimage\"},\"thumbnailUrl\":\"https:\/\/solumeca.com\/wp-content\/uploads\/2026\/03\/85078_b_mb.jpg\",\"datePublished\":\"2026-03-27T18:09:13+00:00\",\"dateModified\":\"2026-03-31T19:51:11+00:00\",\"breadcrumb\":{\"@id\":\"https:\/\/solumeca.com\/?product=juego-de-8-destornilladores-plano-y-estria-modelo85078-klein#breadcrumb\"},\"inLanguage\":\"es\",\"potentialAction\":[{\"@type\":\"ReadAction\",\"target\":[\"https:\/\/solumeca.com\/?product=juego-de-8-destornilladores-plano-y-estria-modelo85078-klein\"]}]},{\"@type\":\"ImageObject\",\"inLanguage\":\"es\",\"@id\":\"https:\/\/solumeca.com\/?product=juego-de-8-destornilladores-plano-y-estria-modelo85078-klein#primaryimage\",\"url\":\"https:\/\/solumeca.com\/wp-content\/uploads\/2026\/03\/85078_b_mb.jpg\",\"contentUrl\":\"https:\/\/solumeca.com\/wp-content\/uploads\/2026\/03\/85078_b_mb.jpg\",\"width\":1000,\"height\":1000},{\"@type\":\"BreadcrumbList\",\"@id\":\"https:\/\/solumeca.com\/?product=juego-de-8-destornilladores-plano-y-estria-modelo85078-klein#breadcrumb\",\"itemListElement\":[{\"@type\":\"ListItem\",\"position\":1,\"name\":\"Portada\",\"item\":\"https:\/\/solumeca.com\/\"},{\"@type\":\"ListItem\",\"position\":2,\"name\":\"Shop\",\"item\":\"https:\/\/solumeca.com\/?page_id=10\"},{\"@type\":\"ListItem\",\"position\":3,\"name\":\"JUEGO DE 8 DESTORNILLADORES PLANO Y ESTRIA MODELO:85078 KLEIN\"}]},{\"@type\":\"WebSite\",\"@id\":\"https:\/\/solumeca.com\/#website\",\"url\":\"https:\/\/solumeca.com\/\",\"name\":\"SOS Integral - Equipos de Seguridad - Herramientas Industriales\",\"description\":\"Equipos de Seguridad, Santo Domingo, Republica Dominicana, Herramientas Industriales,Tel.: (809) 274-3888 \/ Info@solumeca.com\",\"publisher\":{\"@id\":\"https:\/\/solumeca.com\/#organization\"},\"potentialAction\":[{\"@type\":\"SearchAction\",\"target\":{\"@type\":\"EntryPoint\",\"urlTemplate\":\"https:\/\/solumeca.com\/?s={search_term_string}\"},\"query-input\":\"required name=search_term_string\"}],\"inLanguage\":\"es\"},{\"@type\":\"Organization\",\"@id\":\"https:\/\/solumeca.com\/#organization\",\"name\":\"SOS Integral - Equipos de Seguridad - Herramientas Industriales\",\"url\":\"https:\/\/solumeca.com\/\",\"logo\":{\"@type\":\"ImageObject\",\"inLanguage\":\"es\",\"@id\":\"https:\/\/solumeca.com\/#\/schema\/logo\/image\/\",\"url\":\"https:\/\/solumeca.com\/wp-content\/uploads\/2024\/04\/equipos-de-seguridad-sos-2.png\",\"contentUrl\":\"https:\/\/solumeca.com\/wp-content\/uploads\/2024\/04\/equipos-de-seguridad-sos-2.png\",\"width\":600,\"height\":259,\"caption\":\"SOS Integral - Equipos de Seguridad - Herramientas Industriales\"},\"image\":{\"@id\":\"https:\/\/solumeca.com\/#\/schema\/logo\/image\/\"},\"sameAs\":[\"https:\/\/www.instagram.com\/sosintegralrd\/\"]}]}<\/script>\n<!-- \/ Yoast SEO Premium plugin. -->","yoast_head_json":{"title":"JUEGO DE 8 DESTORNILLADORES PLANO Y ESTRIA MODELO:85078 KLEIN - Herramientas Industriales - Equipos de Seguridad - Solumeca.com","robots":{"index":"index","follow":"follow","max-snippet":"max-snippet:-1","max-image-preview":"max-image-preview:large","max-video-preview":"max-video-preview:-1"},"canonical":"https:\/\/solumeca.com\/?product=juego-de-8-destornilladores-plano-y-estria-modelo85078-klein","og_locale":"es_ES","og_type":"article","og_title":"JUEGO DE 8 DESTORNILLADORES PLANO Y ESTRIA MODELO:85078 KLEIN","og_description":"85078","og_url":"https:\/\/solumeca.com\/?product=juego-de-8-destornilladores-plano-y-estria-modelo85078-klein","og_site_name":"Herramientas Industriales - Equipos de Seguridad - Solumeca.com","article_modified_time":"2026-03-31T19:51:11+00:00","og_image":[{"width":1000,"height":1000,"url":"https:\/\/solumeca.com\/wp-content\/uploads\/2026\/03\/85078_b_mb.jpg","type":"image\/jpeg"}],"twitter_card":"summary_large_image","twitter_misc":{"Tiempo de lectura":"1 minuto"},"schema":{"@context":"https:\/\/schema.org","@graph":[{"@type":"WebPage","@id":"https:\/\/solumeca.com\/?product=juego-de-8-destornilladores-plano-y-estria-modelo85078-klein","url":"https:\/\/solumeca.com\/?product=juego-de-8-destornilladores-plano-y-estria-modelo85078-klein","name":"JUEGO DE 8 DESTORNILLADORES PLANO Y ESTRIA MODELO:85078 KLEIN - Herramientas Industriales - Equipos de Seguridad - Solumeca.com","isPartOf":{"@id":"https:\/\/solumeca.com\/#website"},"primaryImageOfPage":{"@id":"https:\/\/solumeca.com\/?product=juego-de-8-destornilladores-plano-y-estria-modelo85078-klein#primaryimage"},"image":{"@id":"https:\/\/solumeca.com\/?product=juego-de-8-destornilladores-plano-y-estria-modelo85078-klein#primaryimage"},"thumbnailUrl":"https:\/\/solumeca.com\/wp-content\/uploads\/2026\/03\/85078_b_mb.jpg","datePublished":"2026-03-27T18:09:13+00:00","dateModified":"2026-03-31T19:51:11+00:00","breadcrumb":{"@id":"https:\/\/solumeca.com\/?product=juego-de-8-destornilladores-plano-y-estria-modelo85078-klein#breadcrumb"},"inLanguage":"es","potentialAction":[{"@type":"ReadAction","target":["https:\/\/solumeca.com\/?product=juego-de-8-destornilladores-plano-y-estria-modelo85078-klein"]}]},{"@type":"ImageObject","inLanguage":"es","@id":"https:\/\/solumeca.com\/?product=juego-de-8-destornilladores-plano-y-estria-modelo85078-klein#primaryimage","url":"https:\/\/solumeca.com\/wp-content\/uploads\/2026\/03\/85078_b_mb.jpg","contentUrl":"https:\/\/solumeca.com\/wp-content\/uploads\/2026\/03\/85078_b_mb.jpg","width":1000,"height":1000},{"@type":"BreadcrumbList","@id":"https:\/\/solumeca.com\/?product=juego-de-8-destornilladores-plano-y-estria-modelo85078-klein#breadcrumb","itemListElement":[{"@type":"ListItem","position":1,"name":"Portada","item":"https:\/\/solumeca.com\/"},{"@type":"ListItem","position":2,"name":"Shop","item":"https:\/\/solumeca.com\/?page_id=10"},{"@type":"ListItem","position":3,"name":"JUEGO DE 8 DESTORNILLADORES PLANO Y ESTRIA MODELO:85078 KLEIN"}]},{"@type":"WebSite","@id":"https:\/\/solumeca.com\/#website","url":"https:\/\/solumeca.com\/","name":"SOS Integral - Equipos de Seguridad - Herramientas Industriales","description":"Equipos de Seguridad, Santo Domingo, Republica Dominicana, Herramientas Industriales,Tel.: (809) 274-3888 \/ Info@solumeca.com","publisher":{"@id":"https:\/\/solumeca.com\/#organization"},"potentialAction":[{"@type":"SearchAction","target":{"@type":"EntryPoint","urlTemplate":"https:\/\/solumeca.com\/?s={search_term_string}"},"query-input":"required name=search_term_string"}],"inLanguage":"es"},{"@type":"Organization","@id":"https:\/\/solumeca.com\/#organization","name":"SOS Integral - Equipos de Seguridad - Herramientas Industriales","url":"https:\/\/solumeca.com\/","logo":{"@type":"ImageObject","inLanguage":"es","@id":"https:\/\/solumeca.com\/#\/schema\/logo\/image\/","url":"https:\/\/solumeca.com\/wp-content\/uploads\/2024\/04\/equipos-de-seguridad-sos-2.png","contentUrl":"https:\/\/solumeca.com\/wp-content\/uploads\/2024\/04\/equipos-de-seguridad-sos-2.png","width":600,"height":259,"caption":"SOS Integral - Equipos de Seguridad - Herramientas Industriales"},"image":{"@id":"https:\/\/solumeca.com\/#\/schema\/logo\/image\/"},"sameAs":["https:\/\/www.instagram.com\/sosintegralrd\/"]}]}},"_links":{"self":[{"href":"https:\/\/solumeca.com\/index.php?rest_route=\/wp\/v2\/product\/41696","targetHints":{"allow":["GET"]}}],"collection":[{"href":"https:\/\/solumeca.com\/index.php?rest_route=\/wp\/v2\/product"}],"about":[{"href":"https:\/\/solumeca.com\/index.php?rest_route=\/wp\/v2\/types\/product"}],"replies":[{"embeddable":true,"href":"https:\/\/solumeca.com\/index.php?rest_route=%2Fwp%2Fv2%2Fcomments&post=41696"}],"version-history":[{"count":2,"href":"https:\/\/solumeca.com\/index.php?rest_route=\/wp\/v2\/product\/41696\/revisions"}],"predecessor-version":[{"id":42130,"href":"https:\/\/solumeca.com\/index.php?rest_route=\/wp\/v2\/product\/41696\/revisions\/42130"}],"wp:featuredmedia":[{"embeddable":true,"href":"https:\/\/solumeca.com\/index.php?rest_route=\/wp\/v2\/media\/42124"}],"wp:attachment":[{"href":"https:\/\/solumeca.com\/index.php?rest_route=%2Fwp%2Fv2%2Fmedia&parent=41696"}],"wp:term":[{"taxonomy":"product_brand","embeddable":true,"href":"https:\/\/solumeca.com\/index.php?rest_route=%2Fwp%2Fv2%2Fproduct_brand&post=41696"},{"taxonomy":"product_cat","embeddable":true,"href":"https:\/\/solumeca.com\/index.php?rest_route=%2Fwp%2Fv2%2Fproduct_cat&post=41696"},{"taxonomy":"product_tag","embeddable":true,"href":"https:\/\/solumeca.com\/index.php?rest_route=%2Fwp%2Fv2%2Fproduct_tag&post=41696"}],"curies":[{"name":"wp","href":"https:\/\/api.w.org\/{rel}","templated":true}]}}