{"id":41666,"date":"2026-03-27T19:08:51","date_gmt":"2026-03-27T18:08:51","guid":{"rendered":"https:\/\/solumeca.com\/?product=linterna-para-casco-luz-led-de-770-lumenes-modelokhh56308-kein"},"modified":"2026-03-31T23:12:43","modified_gmt":"2026-03-31T21:12:43","slug":"linterna-para-casco-luz-led-de-770-lumenes-modelokhh56308-kein","status":"publish","type":"product","link":"https:\/\/solumeca.com\/?product=linterna-para-casco-luz-led-de-770-lumenes-modelokhh56308-kein","title":{"rendered":"LINTERNA PARA CASCO LUZ LED DE 770 LUMENES MODELO:KHH56308 KEIN"},"content":{"rendered":"<ul>\n<li>Linterna frontal recargable de haz ancho que se monta f\u00e1cilmente directamente en los soportes para accesorios de cascos Klein Hard Hat y cascos de seguridad.<\/li>\n<li>Dise\u00f1o envolvente de perfil bajo para usar en espacios reducidos.<\/li>\n<li>Clasificaci\u00f3n FL1. Modo alto: 770 l\u00famenes, 5 h; Modo medio: 540 l\u00famenes, 7 h; Modo bajo: 270 l\u00famenes, 10 h; Enfoque alto: 400 l\u00famenes, 8 h. Enfoque bajo: 150 l\u00famenes, 12 h<\/li>\n<li>Alcance de 409 metros (1300 pies) en modo de m\u00e1xima intensidad<\/li>\n<li>Modos de haz amplio y concentrado para cubrir grandes \u00e1reas o \u00e1reas reducidas al trabajar cerca de otras personas<\/li>\n<li>Bater\u00eda recargable extra\u00edble (n.\u00ba de cat. 29025) con indicador LED, reemplazable para prolongar la duraci\u00f3n<\/li>\n<li>La linterna frontal se puede acoplar a una bater\u00eda magn\u00e9tica para usarla como luz de trabajo<\/li>\n<li>La linterna frontal gira para permitir su uso en diferentes \u00e1ngulos de iluminaci\u00f3n<\/li>\n<li>Protecci\u00f3n contra ca\u00eddas y entrada de agua probada para su uso en exteriores y entornos de trabajo exigentes<\/li>\n<li>Soporte para marcador\/l\u00e1piz incluido para un acceso r\u00e1pido y c\u00f3modo a las herramientas de marcado<\/li>\n<\/ul>\n","protected":false},"excerpt":{"rendered":"<p>56308<\/p>\n","protected":false},"featured_media":42303,"comment_status":"open","ping_status":"closed","template":"","meta":[],"product_brand":[],"product_cat":[423],"product_tag":[],"class_list":{"0":"post-41666","1":"product","2":"type-product","3":"status-publish","4":"has-post-thumbnail","6":"product_cat-klein-tools","8":"first","9":"instock","10":"taxable","11":"shipping-taxable","12":"purchasable","13":"product-type-simple"},"yoast_head":"<!-- This site is optimized with the Yoast SEO Premium plugin v22.5 (Yoast SEO v22.6) - https:\/\/yoast.com\/wordpress\/plugins\/seo\/ -->\n<title>LINTERNA PARA CASCO LUZ LED DE 770 LUMENES MODELO:KHH56308 KEIN - Herramientas Industriales - Equipos de Seguridad - Solumeca.com<\/title>\n<meta name=\"robots\" content=\"index, follow, max-snippet:-1, max-image-preview:large, max-video-preview:-1\" \/>\n<link rel=\"canonical\" href=\"https:\/\/solumeca.com\/?product=linterna-para-casco-luz-led-de-770-lumenes-modelokhh56308-kein\" \/>\n<meta property=\"og:locale\" content=\"es_ES\" \/>\n<meta property=\"og:type\" content=\"article\" \/>\n<meta property=\"og:title\" content=\"LINTERNA PARA CASCO LUZ LED DE 770 LUMENES MODELO:KHH56308 KEIN\" \/>\n<meta property=\"og:description\" content=\"56308\" \/>\n<meta property=\"og:url\" content=\"https:\/\/solumeca.com\/?product=linterna-para-casco-luz-led-de-770-lumenes-modelokhh56308-kein\" \/>\n<meta property=\"og:site_name\" content=\"Herramientas Industriales - Equipos de Seguridad - Solumeca.com\" \/>\n<meta property=\"article:modified_time\" content=\"2026-03-31T21:12:43+00:00\" \/>\n<meta property=\"og:image\" content=\"https:\/\/solumeca.com\/wp-content\/uploads\/2026\/03\/khh56308.jpg\" \/>\n\t<meta property=\"og:image:width\" content=\"1000\" \/>\n\t<meta property=\"og:image:height\" content=\"1000\" \/>\n\t<meta property=\"og:image:type\" content=\"image\/jpeg\" \/>\n<meta name=\"twitter:card\" content=\"summary_large_image\" \/>\n<meta name=\"twitter:label1\" content=\"Tiempo de lectura\" \/>\n\t<meta name=\"twitter:data1\" content=\"1 minuto\" \/>\n<script type=\"application\/ld+json\" class=\"yoast-schema-graph\">{\"@context\":\"https:\/\/schema.org\",\"@graph\":[{\"@type\":\"WebPage\",\"@id\":\"https:\/\/solumeca.com\/?product=linterna-para-casco-luz-led-de-770-lumenes-modelokhh56308-kein\",\"url\":\"https:\/\/solumeca.com\/?product=linterna-para-casco-luz-led-de-770-lumenes-modelokhh56308-kein\",\"name\":\"LINTERNA PARA CASCO LUZ LED DE 770 LUMENES MODELO:KHH56308 KEIN - Herramientas Industriales - Equipos de Seguridad - Solumeca.com\",\"isPartOf\":{\"@id\":\"https:\/\/solumeca.com\/#website\"},\"primaryImageOfPage\":{\"@id\":\"https:\/\/solumeca.com\/?product=linterna-para-casco-luz-led-de-770-lumenes-modelokhh56308-kein#primaryimage\"},\"image\":{\"@id\":\"https:\/\/solumeca.com\/?product=linterna-para-casco-luz-led-de-770-lumenes-modelokhh56308-kein#primaryimage\"},\"thumbnailUrl\":\"https:\/\/solumeca.com\/wp-content\/uploads\/2026\/03\/khh56308.jpg\",\"datePublished\":\"2026-03-27T18:08:51+00:00\",\"dateModified\":\"2026-03-31T21:12:43+00:00\",\"breadcrumb\":{\"@id\":\"https:\/\/solumeca.com\/?product=linterna-para-casco-luz-led-de-770-lumenes-modelokhh56308-kein#breadcrumb\"},\"inLanguage\":\"es\",\"potentialAction\":[{\"@type\":\"ReadAction\",\"target\":[\"https:\/\/solumeca.com\/?product=linterna-para-casco-luz-led-de-770-lumenes-modelokhh56308-kein\"]}]},{\"@type\":\"ImageObject\",\"inLanguage\":\"es\",\"@id\":\"https:\/\/solumeca.com\/?product=linterna-para-casco-luz-led-de-770-lumenes-modelokhh56308-kein#primaryimage\",\"url\":\"https:\/\/solumeca.com\/wp-content\/uploads\/2026\/03\/khh56308.jpg\",\"contentUrl\":\"https:\/\/solumeca.com\/wp-content\/uploads\/2026\/03\/khh56308.jpg\",\"width\":1000,\"height\":1000},{\"@type\":\"BreadcrumbList\",\"@id\":\"https:\/\/solumeca.com\/?product=linterna-para-casco-luz-led-de-770-lumenes-modelokhh56308-kein#breadcrumb\",\"itemListElement\":[{\"@type\":\"ListItem\",\"position\":1,\"name\":\"Portada\",\"item\":\"https:\/\/solumeca.com\/\"},{\"@type\":\"ListItem\",\"position\":2,\"name\":\"Shop\",\"item\":\"https:\/\/solumeca.com\/?page_id=10\"},{\"@type\":\"ListItem\",\"position\":3,\"name\":\"LINTERNA PARA CASCO LUZ LED DE 770 LUMENES MODELO:KHH56308 KEIN\"}]},{\"@type\":\"WebSite\",\"@id\":\"https:\/\/solumeca.com\/#website\",\"url\":\"https:\/\/solumeca.com\/\",\"name\":\"SOS Integral - Equipos de Seguridad - Herramientas Industriales\",\"description\":\"Equipos de Seguridad, Santo Domingo, Republica Dominicana, Herramientas Industriales,Tel.: (809) 274-3888 \/ Info@solumeca.com\",\"publisher\":{\"@id\":\"https:\/\/solumeca.com\/#organization\"},\"potentialAction\":[{\"@type\":\"SearchAction\",\"target\":{\"@type\":\"EntryPoint\",\"urlTemplate\":\"https:\/\/solumeca.com\/?s={search_term_string}\"},\"query-input\":\"required name=search_term_string\"}],\"inLanguage\":\"es\"},{\"@type\":\"Organization\",\"@id\":\"https:\/\/solumeca.com\/#organization\",\"name\":\"SOS Integral - Equipos de Seguridad - Herramientas Industriales\",\"url\":\"https:\/\/solumeca.com\/\",\"logo\":{\"@type\":\"ImageObject\",\"inLanguage\":\"es\",\"@id\":\"https:\/\/solumeca.com\/#\/schema\/logo\/image\/\",\"url\":\"https:\/\/solumeca.com\/wp-content\/uploads\/2024\/04\/equipos-de-seguridad-sos-2.png\",\"contentUrl\":\"https:\/\/solumeca.com\/wp-content\/uploads\/2024\/04\/equipos-de-seguridad-sos-2.png\",\"width\":600,\"height\":259,\"caption\":\"SOS Integral - Equipos de Seguridad - Herramientas Industriales\"},\"image\":{\"@id\":\"https:\/\/solumeca.com\/#\/schema\/logo\/image\/\"},\"sameAs\":[\"https:\/\/www.instagram.com\/sosintegralrd\/\"]}]}<\/script>\n<!-- \/ Yoast SEO Premium plugin. -->","yoast_head_json":{"title":"LINTERNA PARA CASCO LUZ LED DE 770 LUMENES MODELO:KHH56308 KEIN - Herramientas Industriales - Equipos de Seguridad - Solumeca.com","robots":{"index":"index","follow":"follow","max-snippet":"max-snippet:-1","max-image-preview":"max-image-preview:large","max-video-preview":"max-video-preview:-1"},"canonical":"https:\/\/solumeca.com\/?product=linterna-para-casco-luz-led-de-770-lumenes-modelokhh56308-kein","og_locale":"es_ES","og_type":"article","og_title":"LINTERNA PARA CASCO LUZ LED DE 770 LUMENES MODELO:KHH56308 KEIN","og_description":"56308","og_url":"https:\/\/solumeca.com\/?product=linterna-para-casco-luz-led-de-770-lumenes-modelokhh56308-kein","og_site_name":"Herramientas Industriales - Equipos de Seguridad - Solumeca.com","article_modified_time":"2026-03-31T21:12:43+00:00","og_image":[{"width":1000,"height":1000,"url":"https:\/\/solumeca.com\/wp-content\/uploads\/2026\/03\/khh56308.jpg","type":"image\/jpeg"}],"twitter_card":"summary_large_image","twitter_misc":{"Tiempo de lectura":"1 minuto"},"schema":{"@context":"https:\/\/schema.org","@graph":[{"@type":"WebPage","@id":"https:\/\/solumeca.com\/?product=linterna-para-casco-luz-led-de-770-lumenes-modelokhh56308-kein","url":"https:\/\/solumeca.com\/?product=linterna-para-casco-luz-led-de-770-lumenes-modelokhh56308-kein","name":"LINTERNA PARA CASCO LUZ LED DE 770 LUMENES MODELO:KHH56308 KEIN - Herramientas Industriales - Equipos de Seguridad - Solumeca.com","isPartOf":{"@id":"https:\/\/solumeca.com\/#website"},"primaryImageOfPage":{"@id":"https:\/\/solumeca.com\/?product=linterna-para-casco-luz-led-de-770-lumenes-modelokhh56308-kein#primaryimage"},"image":{"@id":"https:\/\/solumeca.com\/?product=linterna-para-casco-luz-led-de-770-lumenes-modelokhh56308-kein#primaryimage"},"thumbnailUrl":"https:\/\/solumeca.com\/wp-content\/uploads\/2026\/03\/khh56308.jpg","datePublished":"2026-03-27T18:08:51+00:00","dateModified":"2026-03-31T21:12:43+00:00","breadcrumb":{"@id":"https:\/\/solumeca.com\/?product=linterna-para-casco-luz-led-de-770-lumenes-modelokhh56308-kein#breadcrumb"},"inLanguage":"es","potentialAction":[{"@type":"ReadAction","target":["https:\/\/solumeca.com\/?product=linterna-para-casco-luz-led-de-770-lumenes-modelokhh56308-kein"]}]},{"@type":"ImageObject","inLanguage":"es","@id":"https:\/\/solumeca.com\/?product=linterna-para-casco-luz-led-de-770-lumenes-modelokhh56308-kein#primaryimage","url":"https:\/\/solumeca.com\/wp-content\/uploads\/2026\/03\/khh56308.jpg","contentUrl":"https:\/\/solumeca.com\/wp-content\/uploads\/2026\/03\/khh56308.jpg","width":1000,"height":1000},{"@type":"BreadcrumbList","@id":"https:\/\/solumeca.com\/?product=linterna-para-casco-luz-led-de-770-lumenes-modelokhh56308-kein#breadcrumb","itemListElement":[{"@type":"ListItem","position":1,"name":"Portada","item":"https:\/\/solumeca.com\/"},{"@type":"ListItem","position":2,"name":"Shop","item":"https:\/\/solumeca.com\/?page_id=10"},{"@type":"ListItem","position":3,"name":"LINTERNA PARA CASCO LUZ LED DE 770 LUMENES MODELO:KHH56308 KEIN"}]},{"@type":"WebSite","@id":"https:\/\/solumeca.com\/#website","url":"https:\/\/solumeca.com\/","name":"SOS Integral - Equipos de Seguridad - Herramientas Industriales","description":"Equipos de Seguridad, Santo Domingo, Republica Dominicana, Herramientas Industriales,Tel.: (809) 274-3888 \/ Info@solumeca.com","publisher":{"@id":"https:\/\/solumeca.com\/#organization"},"potentialAction":[{"@type":"SearchAction","target":{"@type":"EntryPoint","urlTemplate":"https:\/\/solumeca.com\/?s={search_term_string}"},"query-input":"required name=search_term_string"}],"inLanguage":"es"},{"@type":"Organization","@id":"https:\/\/solumeca.com\/#organization","name":"SOS Integral - Equipos de Seguridad - Herramientas Industriales","url":"https:\/\/solumeca.com\/","logo":{"@type":"ImageObject","inLanguage":"es","@id":"https:\/\/solumeca.com\/#\/schema\/logo\/image\/","url":"https:\/\/solumeca.com\/wp-content\/uploads\/2024\/04\/equipos-de-seguridad-sos-2.png","contentUrl":"https:\/\/solumeca.com\/wp-content\/uploads\/2024\/04\/equipos-de-seguridad-sos-2.png","width":600,"height":259,"caption":"SOS Integral - Equipos de Seguridad - Herramientas Industriales"},"image":{"@id":"https:\/\/solumeca.com\/#\/schema\/logo\/image\/"},"sameAs":["https:\/\/www.instagram.com\/sosintegralrd\/"]}]}},"_links":{"self":[{"href":"https:\/\/solumeca.com\/index.php?rest_route=\/wp\/v2\/product\/41666","targetHints":{"allow":["GET"]}}],"collection":[{"href":"https:\/\/solumeca.com\/index.php?rest_route=\/wp\/v2\/product"}],"about":[{"href":"https:\/\/solumeca.com\/index.php?rest_route=\/wp\/v2\/types\/product"}],"replies":[{"embeddable":true,"href":"https:\/\/solumeca.com\/index.php?rest_route=%2Fwp%2Fv2%2Fcomments&post=41666"}],"version-history":[{"count":2,"href":"https:\/\/solumeca.com\/index.php?rest_route=\/wp\/v2\/product\/41666\/revisions"}],"predecessor-version":[{"id":42312,"href":"https:\/\/solumeca.com\/index.php?rest_route=\/wp\/v2\/product\/41666\/revisions\/42312"}],"wp:featuredmedia":[{"embeddable":true,"href":"https:\/\/solumeca.com\/index.php?rest_route=\/wp\/v2\/media\/42303"}],"wp:attachment":[{"href":"https:\/\/solumeca.com\/index.php?rest_route=%2Fwp%2Fv2%2Fmedia&parent=41666"}],"wp:term":[{"taxonomy":"product_brand","embeddable":true,"href":"https:\/\/solumeca.com\/index.php?rest_route=%2Fwp%2Fv2%2Fproduct_brand&post=41666"},{"taxonomy":"product_cat","embeddable":true,"href":"https:\/\/solumeca.com\/index.php?rest_route=%2Fwp%2Fv2%2Fproduct_cat&post=41666"},{"taxonomy":"product_tag","embeddable":true,"href":"https:\/\/solumeca.com\/index.php?rest_route=%2Fwp%2Fv2%2Fproduct_tag&post=41666"}],"curies":[{"name":"wp","href":"https:\/\/api.w.org\/{rel}","templated":true}]}}