{"id":41636,"date":"2026-03-27T19:08:29","date_gmt":"2026-03-27T18:08:29","guid":{"rendered":"https:\/\/solumeca.com\/?product=cuchilla-curva-de-8-aislada-a-1000v-modelo1571ins-klein"},"modified":"2026-04-01T01:11:45","modified_gmt":"2026-03-31T23:11:45","slug":"cuchilla-curva-de-8-aislada-a-1000v-modelo1571ins-klein","status":"publish","type":"product","link":"https:\/\/solumeca.com\/?product=cuchilla-curva-de-8-aislada-a-1000v-modelo1571ins-klein","title":{"rendered":"CUCHILLA CURVA DE 8&#8243; AISLADA A 1000V MODELO:1571INS"},"content":{"rendered":"<p>Sustituye al n\u00famero de cat\u00e1logo 1571-3LR-INS<\/p>\n<p>Aislamiento duradero de doble capa claramente marcado con el s\u00edmbolo oficial de clasificaci\u00f3n de 1000 voltios<\/p>\n<p>El dise\u00f1o exclusivo de Klein incluye marcas de medici\u00f3n moldeadas en la parte posterior del mango para facilitar la medici\u00f3n de la longitud de pelado del cable<\/p>\n<p>Mango moldeado grande para un agarre m\u00e1s f\u00e1cil y c\u00f3modo<\/p>\n<p>Fabricado en EE. UU.<\/p>\n<p>Hoja de acero templado resistente que proporciona m\u00e1xima nitidez y durabilidad para soportar el uso frecuente en cables<\/p>\n<p>Cumple o supera las normas ASTM F1505-10, IEC 60900:2012, CAN\/ULC-60900-09, NFPA-70E, edici\u00f3n 2012, CSA Z462-08<\/p>\n<p>Certificado VDE<\/p>\n","protected":false},"excerpt":{"rendered":"<p>Sustituye al n\u00famero de cat\u00e1logo 1571-3LR-INS Aislamiento duradero de doble capa claramente marcado con el s\u00edmbolo oficial de clasificaci\u00f3n de 1000 voltios El dise\u00f1o exclusivo de Klein incluye marcas de medici\u00f3n moldeadas en la parte posterior del mango para facilitar la medici\u00f3n de la longitud de pelado del cable Mango moldeado grande para un agarre<\/p>\n<div class=\"klb-readmore button\"><a class=\"btn link\" href=\"https:\/\/solumeca.com\/?product=cuchilla-curva-de-8-aislada-a-1000v-modelo1571ins-klein\">Read More <i class=\"klbth-icon-right-arrow\"><\/i><\/a><\/div>\n","protected":false},"featured_media":42544,"comment_status":"open","ping_status":"closed","template":"","meta":[],"product_brand":[],"product_cat":[423],"product_tag":[],"class_list":{"0":"post-41636","1":"product","2":"type-product","3":"status-publish","4":"has-post-thumbnail","6":"product_cat-klein-tools","8":"first","9":"instock","10":"taxable","11":"shipping-taxable","12":"purchasable","13":"product-type-simple"},"yoast_head":"<!-- This site is optimized with the Yoast SEO Premium plugin v22.5 (Yoast SEO v22.6) - https:\/\/yoast.com\/wordpress\/plugins\/seo\/ -->\n<title>CUCHILLA CURVA DE 8&quot; AISLADA A 1000V MODELO:1571INS - Herramientas Industriales - Equipos de Seguridad - Solumeca.com<\/title>\n<meta name=\"robots\" content=\"index, follow, max-snippet:-1, max-image-preview:large, max-video-preview:-1\" \/>\n<link rel=\"canonical\" href=\"https:\/\/solumeca.com\/?product=cuchilla-curva-de-8-aislada-a-1000v-modelo1571ins-klein\" \/>\n<meta property=\"og:locale\" content=\"es_ES\" \/>\n<meta property=\"og:type\" content=\"article\" \/>\n<meta property=\"og:title\" content=\"CUCHILLA CURVA DE 8&quot; AISLADA A 1000V MODELO:1571INS\" \/>\n<meta property=\"og:description\" content=\"Sustituye al n\u00famero de cat\u00e1logo 1571-3LR-INS Aislamiento duradero de doble capa claramente marcado con el s\u00edmbolo oficial de clasificaci\u00f3n de 1000 voltios El dise\u00f1o exclusivo de Klein incluye marcas de medici\u00f3n moldeadas en la parte posterior del mango para facilitar la medici\u00f3n de la longitud de pelado del cable Mango moldeado grande para un agarreRead More\" \/>\n<meta property=\"og:url\" content=\"https:\/\/solumeca.com\/?product=cuchilla-curva-de-8-aislada-a-1000v-modelo1571ins-klein\" \/>\n<meta property=\"og:site_name\" content=\"Herramientas Industriales - Equipos de Seguridad - Solumeca.com\" \/>\n<meta property=\"article:modified_time\" content=\"2026-03-31T23:11:45+00:00\" \/>\n<meta property=\"og:image\" content=\"https:\/\/solumeca.com\/wp-content\/uploads\/2026\/03\/1571-ins_mb.jpg\" \/>\n\t<meta property=\"og:image:width\" content=\"1000\" \/>\n\t<meta property=\"og:image:height\" content=\"1000\" \/>\n\t<meta property=\"og:image:type\" content=\"image\/jpeg\" \/>\n<meta name=\"twitter:card\" content=\"summary_large_image\" \/>\n<meta name=\"twitter:label1\" content=\"Tiempo de lectura\" \/>\n\t<meta name=\"twitter:data1\" content=\"1 minuto\" \/>\n<script type=\"application\/ld+json\" class=\"yoast-schema-graph\">{\"@context\":\"https:\/\/schema.org\",\"@graph\":[{\"@type\":\"WebPage\",\"@id\":\"https:\/\/solumeca.com\/?product=cuchilla-curva-de-8-aislada-a-1000v-modelo1571ins-klein\",\"url\":\"https:\/\/solumeca.com\/?product=cuchilla-curva-de-8-aislada-a-1000v-modelo1571ins-klein\",\"name\":\"CUCHILLA CURVA DE 8\\\" AISLADA A 1000V MODELO:1571INS - Herramientas Industriales - Equipos de Seguridad - Solumeca.com\",\"isPartOf\":{\"@id\":\"https:\/\/solumeca.com\/#website\"},\"primaryImageOfPage\":{\"@id\":\"https:\/\/solumeca.com\/?product=cuchilla-curva-de-8-aislada-a-1000v-modelo1571ins-klein#primaryimage\"},\"image\":{\"@id\":\"https:\/\/solumeca.com\/?product=cuchilla-curva-de-8-aislada-a-1000v-modelo1571ins-klein#primaryimage\"},\"thumbnailUrl\":\"https:\/\/solumeca.com\/wp-content\/uploads\/2026\/03\/1571-ins_mb.jpg\",\"datePublished\":\"2026-03-27T18:08:29+00:00\",\"dateModified\":\"2026-03-31T23:11:45+00:00\",\"breadcrumb\":{\"@id\":\"https:\/\/solumeca.com\/?product=cuchilla-curva-de-8-aislada-a-1000v-modelo1571ins-klein#breadcrumb\"},\"inLanguage\":\"es\",\"potentialAction\":[{\"@type\":\"ReadAction\",\"target\":[\"https:\/\/solumeca.com\/?product=cuchilla-curva-de-8-aislada-a-1000v-modelo1571ins-klein\"]}]},{\"@type\":\"ImageObject\",\"inLanguage\":\"es\",\"@id\":\"https:\/\/solumeca.com\/?product=cuchilla-curva-de-8-aislada-a-1000v-modelo1571ins-klein#primaryimage\",\"url\":\"https:\/\/solumeca.com\/wp-content\/uploads\/2026\/03\/1571-ins_mb.jpg\",\"contentUrl\":\"https:\/\/solumeca.com\/wp-content\/uploads\/2026\/03\/1571-ins_mb.jpg\",\"width\":1000,\"height\":1000},{\"@type\":\"BreadcrumbList\",\"@id\":\"https:\/\/solumeca.com\/?product=cuchilla-curva-de-8-aislada-a-1000v-modelo1571ins-klein#breadcrumb\",\"itemListElement\":[{\"@type\":\"ListItem\",\"position\":1,\"name\":\"Portada\",\"item\":\"https:\/\/solumeca.com\/\"},{\"@type\":\"ListItem\",\"position\":2,\"name\":\"Shop\",\"item\":\"https:\/\/solumeca.com\/?page_id=10\"},{\"@type\":\"ListItem\",\"position\":3,\"name\":\"CUCHILLA CURVA DE 8&#8243; AISLADA A 1000V MODELO:1571INS\"}]},{\"@type\":\"WebSite\",\"@id\":\"https:\/\/solumeca.com\/#website\",\"url\":\"https:\/\/solumeca.com\/\",\"name\":\"SOS Integral - Equipos de Seguridad - Herramientas Industriales\",\"description\":\"Equipos de Seguridad, Santo Domingo, Republica Dominicana, Herramientas Industriales,Tel.: (809) 274-3888 \/ Info@solumeca.com\",\"publisher\":{\"@id\":\"https:\/\/solumeca.com\/#organization\"},\"potentialAction\":[{\"@type\":\"SearchAction\",\"target\":{\"@type\":\"EntryPoint\",\"urlTemplate\":\"https:\/\/solumeca.com\/?s={search_term_string}\"},\"query-input\":\"required name=search_term_string\"}],\"inLanguage\":\"es\"},{\"@type\":\"Organization\",\"@id\":\"https:\/\/solumeca.com\/#organization\",\"name\":\"SOS Integral - Equipos de Seguridad - Herramientas Industriales\",\"url\":\"https:\/\/solumeca.com\/\",\"logo\":{\"@type\":\"ImageObject\",\"inLanguage\":\"es\",\"@id\":\"https:\/\/solumeca.com\/#\/schema\/logo\/image\/\",\"url\":\"https:\/\/solumeca.com\/wp-content\/uploads\/2024\/04\/equipos-de-seguridad-sos-2.png\",\"contentUrl\":\"https:\/\/solumeca.com\/wp-content\/uploads\/2024\/04\/equipos-de-seguridad-sos-2.png\",\"width\":600,\"height\":259,\"caption\":\"SOS Integral - Equipos de Seguridad - Herramientas Industriales\"},\"image\":{\"@id\":\"https:\/\/solumeca.com\/#\/schema\/logo\/image\/\"},\"sameAs\":[\"https:\/\/www.instagram.com\/sosintegralrd\/\"]}]}<\/script>\n<!-- \/ Yoast SEO Premium plugin. -->","yoast_head_json":{"title":"CUCHILLA CURVA DE 8\" AISLADA A 1000V MODELO:1571INS - Herramientas Industriales - Equipos de Seguridad - Solumeca.com","robots":{"index":"index","follow":"follow","max-snippet":"max-snippet:-1","max-image-preview":"max-image-preview:large","max-video-preview":"max-video-preview:-1"},"canonical":"https:\/\/solumeca.com\/?product=cuchilla-curva-de-8-aislada-a-1000v-modelo1571ins-klein","og_locale":"es_ES","og_type":"article","og_title":"CUCHILLA CURVA DE 8\" AISLADA A 1000V MODELO:1571INS","og_description":"Sustituye al n\u00famero de cat\u00e1logo 1571-3LR-INS Aislamiento duradero de doble capa claramente marcado con el s\u00edmbolo oficial de clasificaci\u00f3n de 1000 voltios El dise\u00f1o exclusivo de Klein incluye marcas de medici\u00f3n moldeadas en la parte posterior del mango para facilitar la medici\u00f3n de la longitud de pelado del cable Mango moldeado grande para un agarreRead More","og_url":"https:\/\/solumeca.com\/?product=cuchilla-curva-de-8-aislada-a-1000v-modelo1571ins-klein","og_site_name":"Herramientas Industriales - Equipos de Seguridad - Solumeca.com","article_modified_time":"2026-03-31T23:11:45+00:00","og_image":[{"width":1000,"height":1000,"url":"https:\/\/solumeca.com\/wp-content\/uploads\/2026\/03\/1571-ins_mb.jpg","type":"image\/jpeg"}],"twitter_card":"summary_large_image","twitter_misc":{"Tiempo de lectura":"1 minuto"},"schema":{"@context":"https:\/\/schema.org","@graph":[{"@type":"WebPage","@id":"https:\/\/solumeca.com\/?product=cuchilla-curva-de-8-aislada-a-1000v-modelo1571ins-klein","url":"https:\/\/solumeca.com\/?product=cuchilla-curva-de-8-aislada-a-1000v-modelo1571ins-klein","name":"CUCHILLA CURVA DE 8\" AISLADA A 1000V MODELO:1571INS - Herramientas Industriales - Equipos de Seguridad - Solumeca.com","isPartOf":{"@id":"https:\/\/solumeca.com\/#website"},"primaryImageOfPage":{"@id":"https:\/\/solumeca.com\/?product=cuchilla-curva-de-8-aislada-a-1000v-modelo1571ins-klein#primaryimage"},"image":{"@id":"https:\/\/solumeca.com\/?product=cuchilla-curva-de-8-aislada-a-1000v-modelo1571ins-klein#primaryimage"},"thumbnailUrl":"https:\/\/solumeca.com\/wp-content\/uploads\/2026\/03\/1571-ins_mb.jpg","datePublished":"2026-03-27T18:08:29+00:00","dateModified":"2026-03-31T23:11:45+00:00","breadcrumb":{"@id":"https:\/\/solumeca.com\/?product=cuchilla-curva-de-8-aislada-a-1000v-modelo1571ins-klein#breadcrumb"},"inLanguage":"es","potentialAction":[{"@type":"ReadAction","target":["https:\/\/solumeca.com\/?product=cuchilla-curva-de-8-aislada-a-1000v-modelo1571ins-klein"]}]},{"@type":"ImageObject","inLanguage":"es","@id":"https:\/\/solumeca.com\/?product=cuchilla-curva-de-8-aislada-a-1000v-modelo1571ins-klein#primaryimage","url":"https:\/\/solumeca.com\/wp-content\/uploads\/2026\/03\/1571-ins_mb.jpg","contentUrl":"https:\/\/solumeca.com\/wp-content\/uploads\/2026\/03\/1571-ins_mb.jpg","width":1000,"height":1000},{"@type":"BreadcrumbList","@id":"https:\/\/solumeca.com\/?product=cuchilla-curva-de-8-aislada-a-1000v-modelo1571ins-klein#breadcrumb","itemListElement":[{"@type":"ListItem","position":1,"name":"Portada","item":"https:\/\/solumeca.com\/"},{"@type":"ListItem","position":2,"name":"Shop","item":"https:\/\/solumeca.com\/?page_id=10"},{"@type":"ListItem","position":3,"name":"CUCHILLA CURVA DE 8&#8243; AISLADA A 1000V MODELO:1571INS"}]},{"@type":"WebSite","@id":"https:\/\/solumeca.com\/#website","url":"https:\/\/solumeca.com\/","name":"SOS Integral - Equipos de Seguridad - Herramientas Industriales","description":"Equipos de Seguridad, Santo Domingo, Republica Dominicana, Herramientas Industriales,Tel.: (809) 274-3888 \/ Info@solumeca.com","publisher":{"@id":"https:\/\/solumeca.com\/#organization"},"potentialAction":[{"@type":"SearchAction","target":{"@type":"EntryPoint","urlTemplate":"https:\/\/solumeca.com\/?s={search_term_string}"},"query-input":"required name=search_term_string"}],"inLanguage":"es"},{"@type":"Organization","@id":"https:\/\/solumeca.com\/#organization","name":"SOS Integral - Equipos de Seguridad - Herramientas Industriales","url":"https:\/\/solumeca.com\/","logo":{"@type":"ImageObject","inLanguage":"es","@id":"https:\/\/solumeca.com\/#\/schema\/logo\/image\/","url":"https:\/\/solumeca.com\/wp-content\/uploads\/2024\/04\/equipos-de-seguridad-sos-2.png","contentUrl":"https:\/\/solumeca.com\/wp-content\/uploads\/2024\/04\/equipos-de-seguridad-sos-2.png","width":600,"height":259,"caption":"SOS Integral - Equipos de Seguridad - Herramientas Industriales"},"image":{"@id":"https:\/\/solumeca.com\/#\/schema\/logo\/image\/"},"sameAs":["https:\/\/www.instagram.com\/sosintegralrd\/"]}]}},"_links":{"self":[{"href":"https:\/\/solumeca.com\/index.php?rest_route=\/wp\/v2\/product\/41636","targetHints":{"allow":["GET"]}}],"collection":[{"href":"https:\/\/solumeca.com\/index.php?rest_route=\/wp\/v2\/product"}],"about":[{"href":"https:\/\/solumeca.com\/index.php?rest_route=\/wp\/v2\/types\/product"}],"replies":[{"embeddable":true,"href":"https:\/\/solumeca.com\/index.php?rest_route=%2Fwp%2Fv2%2Fcomments&post=41636"}],"version-history":[{"count":2,"href":"https:\/\/solumeca.com\/index.php?rest_route=\/wp\/v2\/product\/41636\/revisions"}],"predecessor-version":[{"id":42545,"href":"https:\/\/solumeca.com\/index.php?rest_route=\/wp\/v2\/product\/41636\/revisions\/42545"}],"wp:featuredmedia":[{"embeddable":true,"href":"https:\/\/solumeca.com\/index.php?rest_route=\/wp\/v2\/media\/42544"}],"wp:attachment":[{"href":"https:\/\/solumeca.com\/index.php?rest_route=%2Fwp%2Fv2%2Fmedia&parent=41636"}],"wp:term":[{"taxonomy":"product_brand","embeddable":true,"href":"https:\/\/solumeca.com\/index.php?rest_route=%2Fwp%2Fv2%2Fproduct_brand&post=41636"},{"taxonomy":"product_cat","embeddable":true,"href":"https:\/\/solumeca.com\/index.php?rest_route=%2Fwp%2Fv2%2Fproduct_cat&post=41636"},{"taxonomy":"product_tag","embeddable":true,"href":"https:\/\/solumeca.com\/index.php?rest_route=%2Fwp%2Fv2%2Fproduct_tag&post=41636"}],"curies":[{"name":"wp","href":"https:\/\/api.w.org\/{rel}","templated":true}]}}