{"id":41633,"date":"2026-03-27T19:08:27","date_gmt":"2026-03-27T18:08:27","guid":{"rendered":"https:\/\/solumeca.com\/?product=pinza-para-electricista-de-8-combinada-modelo12098-klein"},"modified":"2026-04-01T01:15:41","modified_gmt":"2026-03-31T23:15:41","slug":"pinza-para-electricista-de-8-combinada-modelo12098-klein","status":"publish","type":"product","link":"https:\/\/solumeca.com\/?product=pinza-para-electricista-de-8-combinada-modelo12098-klein","title":{"rendered":"PINZA PARA ELECTRICISTA DE 8&#8243; COMBINADA MODELO:12098  KLEIN"},"content":{"rendered":"<p>Probado individualmente para cumplir o superar las normas ASTM F1505-10, IEC 60900: 2004, CAN\/ULC-60900-09, NFPA 70E, edici\u00f3n 2012, CSA Z462 para herramientas aisladas.<br \/>\nDos capas de aislamiento protegen contra descargas el\u00e9ctricas.<br \/>\nInstala y retira r\u00e1pidamente abrazaderas de manguera de tensi\u00f3n por resorte.<br \/>\nSu dise\u00f1o de alta palanca ofrece un 35 % m\u00e1s de potencia de corte y permite sujetar con ambos lados o el extremo de las mordazas para trabajar en espacios reducidos.<br \/>\nForjado en EE. UU. con acero para herramientas personalizado de fabricaci\u00f3n estadounidense para una m\u00e1xima durabilidad.<br \/>\nAgarre de tuber\u00eda mecanizado con precisi\u00f3n para una mayor fuerza de agarre.<br \/>\nRevestimiento exterior naranja brillante, ign\u00edfugo y resistente a los impactos.<br \/>\nProtectores integrados que evitan el contacto de las manos con las partes conductoras.<br \/>\nMatriz de engaste detr\u00e1s de la bisagra para un engaste superior de conectores, terminales y orejetas sin aislamiento.<br \/>\nCuchillas de corte endurecidas por inducci\u00f3n para una mayor vida \u00fatil.<br \/>\nClaramente marcado con el s\u00edmbolo oficial de clasificaci\u00f3n de 1000 voltios.<\/p>\n","protected":false},"excerpt":{"rendered":"<p>Probado individualmente para cumplir o superar las normas ASTM F1505-10, IEC 60900: 2004, CAN\/ULC-60900-09, NFPA 70E, edici\u00f3n 2012, CSA Z462 para herramientas aisladas. Dos capas de aislamiento protegen contra descargas el\u00e9ctricas. Instala y retira r\u00e1pidamente abrazaderas de manguera de tensi\u00f3n por resorte. Su dise\u00f1o de alta palanca ofrece un 35 % m\u00e1s de potencia de<\/p>\n<div class=\"klb-readmore button\"><a class=\"btn link\" href=\"https:\/\/solumeca.com\/?product=pinza-para-electricista-de-8-combinada-modelo12098-klein\">Read More <i class=\"klbth-icon-right-arrow\"><\/i><\/a><\/div>\n","protected":false},"featured_media":42552,"comment_status":"open","ping_status":"closed","template":"","meta":[],"product_brand":[],"product_cat":[423],"product_tag":[],"class_list":{"0":"post-41633","1":"product","2":"type-product","3":"status-publish","4":"has-post-thumbnail","6":"product_cat-klein-tools","8":"first","9":"instock","10":"taxable","11":"shipping-taxable","12":"purchasable","13":"product-type-simple"},"yoast_head":"<!-- This site is optimized with the Yoast SEO Premium plugin v22.5 (Yoast SEO v22.6) - https:\/\/yoast.com\/wordpress\/plugins\/seo\/ -->\n<title>PINZA PARA ELECTRICISTA DE 8&quot; COMBINADA MODELO:12098 KLEIN - Herramientas Industriales - Equipos de Seguridad - Solumeca.com<\/title>\n<meta name=\"robots\" content=\"index, follow, max-snippet:-1, max-image-preview:large, max-video-preview:-1\" \/>\n<link rel=\"canonical\" href=\"https:\/\/solumeca.com\/?product=pinza-para-electricista-de-8-combinada-modelo12098-klein\" \/>\n<meta property=\"og:locale\" content=\"es_ES\" \/>\n<meta property=\"og:type\" content=\"article\" \/>\n<meta property=\"og:title\" content=\"PINZA PARA ELECTRICISTA DE 8&quot; COMBINADA MODELO:12098 KLEIN\" \/>\n<meta property=\"og:description\" content=\"Probado individualmente para cumplir o superar las normas ASTM F1505-10, IEC 60900: 2004, CAN\/ULC-60900-09, NFPA 70E, edici\u00f3n 2012, CSA Z462 para herramientas aisladas. Dos capas de aislamiento protegen contra descargas el\u00e9ctricas. Instala y retira r\u00e1pidamente abrazaderas de manguera de tensi\u00f3n por resorte. Su dise\u00f1o de alta palanca ofrece un 35 % m\u00e1s de potencia deRead More\" \/>\n<meta property=\"og:url\" content=\"https:\/\/solumeca.com\/?product=pinza-para-electricista-de-8-combinada-modelo12098-klein\" \/>\n<meta property=\"og:site_name\" content=\"Herramientas Industriales - Equipos de Seguridad - Solumeca.com\" \/>\n<meta property=\"article:modified_time\" content=\"2026-03-31T23:15:41+00:00\" \/>\n<meta property=\"og:image\" content=\"https:\/\/solumeca.com\/wp-content\/uploads\/2026\/03\/12098ins.jpg\" \/>\n\t<meta property=\"og:image:width\" content=\"1000\" \/>\n\t<meta property=\"og:image:height\" content=\"1000\" \/>\n\t<meta property=\"og:image:type\" content=\"image\/jpeg\" \/>\n<meta name=\"twitter:card\" content=\"summary_large_image\" \/>\n<meta name=\"twitter:label1\" content=\"Tiempo de lectura\" \/>\n\t<meta name=\"twitter:data1\" content=\"1 minuto\" \/>\n<script type=\"application\/ld+json\" class=\"yoast-schema-graph\">{\"@context\":\"https:\/\/schema.org\",\"@graph\":[{\"@type\":\"WebPage\",\"@id\":\"https:\/\/solumeca.com\/?product=pinza-para-electricista-de-8-combinada-modelo12098-klein\",\"url\":\"https:\/\/solumeca.com\/?product=pinza-para-electricista-de-8-combinada-modelo12098-klein\",\"name\":\"PINZA PARA ELECTRICISTA DE 8\\\" COMBINADA MODELO:12098 KLEIN - Herramientas Industriales - Equipos de Seguridad - Solumeca.com\",\"isPartOf\":{\"@id\":\"https:\/\/solumeca.com\/#website\"},\"primaryImageOfPage\":{\"@id\":\"https:\/\/solumeca.com\/?product=pinza-para-electricista-de-8-combinada-modelo12098-klein#primaryimage\"},\"image\":{\"@id\":\"https:\/\/solumeca.com\/?product=pinza-para-electricista-de-8-combinada-modelo12098-klein#primaryimage\"},\"thumbnailUrl\":\"https:\/\/solumeca.com\/wp-content\/uploads\/2026\/03\/12098ins.jpg\",\"datePublished\":\"2026-03-27T18:08:27+00:00\",\"dateModified\":\"2026-03-31T23:15:41+00:00\",\"breadcrumb\":{\"@id\":\"https:\/\/solumeca.com\/?product=pinza-para-electricista-de-8-combinada-modelo12098-klein#breadcrumb\"},\"inLanguage\":\"es\",\"potentialAction\":[{\"@type\":\"ReadAction\",\"target\":[\"https:\/\/solumeca.com\/?product=pinza-para-electricista-de-8-combinada-modelo12098-klein\"]}]},{\"@type\":\"ImageObject\",\"inLanguage\":\"es\",\"@id\":\"https:\/\/solumeca.com\/?product=pinza-para-electricista-de-8-combinada-modelo12098-klein#primaryimage\",\"url\":\"https:\/\/solumeca.com\/wp-content\/uploads\/2026\/03\/12098ins.jpg\",\"contentUrl\":\"https:\/\/solumeca.com\/wp-content\/uploads\/2026\/03\/12098ins.jpg\",\"width\":1000,\"height\":1000},{\"@type\":\"BreadcrumbList\",\"@id\":\"https:\/\/solumeca.com\/?product=pinza-para-electricista-de-8-combinada-modelo12098-klein#breadcrumb\",\"itemListElement\":[{\"@type\":\"ListItem\",\"position\":1,\"name\":\"Portada\",\"item\":\"https:\/\/solumeca.com\/\"},{\"@type\":\"ListItem\",\"position\":2,\"name\":\"Shop\",\"item\":\"https:\/\/solumeca.com\/?page_id=10\"},{\"@type\":\"ListItem\",\"position\":3,\"name\":\"PINZA PARA ELECTRICISTA DE 8&#8243; COMBINADA MODELO:12098 KLEIN\"}]},{\"@type\":\"WebSite\",\"@id\":\"https:\/\/solumeca.com\/#website\",\"url\":\"https:\/\/solumeca.com\/\",\"name\":\"SOS Integral - Equipos de Seguridad - Herramientas Industriales\",\"description\":\"Equipos de Seguridad, Santo Domingo, Republica Dominicana, Herramientas Industriales,Tel.: (809) 274-3888 \/ Info@solumeca.com\",\"publisher\":{\"@id\":\"https:\/\/solumeca.com\/#organization\"},\"potentialAction\":[{\"@type\":\"SearchAction\",\"target\":{\"@type\":\"EntryPoint\",\"urlTemplate\":\"https:\/\/solumeca.com\/?s={search_term_string}\"},\"query-input\":\"required name=search_term_string\"}],\"inLanguage\":\"es\"},{\"@type\":\"Organization\",\"@id\":\"https:\/\/solumeca.com\/#organization\",\"name\":\"SOS Integral - Equipos de Seguridad - Herramientas Industriales\",\"url\":\"https:\/\/solumeca.com\/\",\"logo\":{\"@type\":\"ImageObject\",\"inLanguage\":\"es\",\"@id\":\"https:\/\/solumeca.com\/#\/schema\/logo\/image\/\",\"url\":\"https:\/\/solumeca.com\/wp-content\/uploads\/2024\/04\/equipos-de-seguridad-sos-2.png\",\"contentUrl\":\"https:\/\/solumeca.com\/wp-content\/uploads\/2024\/04\/equipos-de-seguridad-sos-2.png\",\"width\":600,\"height\":259,\"caption\":\"SOS Integral - Equipos de Seguridad - Herramientas Industriales\"},\"image\":{\"@id\":\"https:\/\/solumeca.com\/#\/schema\/logo\/image\/\"},\"sameAs\":[\"https:\/\/www.instagram.com\/sosintegralrd\/\"]}]}<\/script>\n<!-- \/ Yoast SEO Premium plugin. -->","yoast_head_json":{"title":"PINZA PARA ELECTRICISTA DE 8\" COMBINADA MODELO:12098 KLEIN - Herramientas Industriales - Equipos de Seguridad - Solumeca.com","robots":{"index":"index","follow":"follow","max-snippet":"max-snippet:-1","max-image-preview":"max-image-preview:large","max-video-preview":"max-video-preview:-1"},"canonical":"https:\/\/solumeca.com\/?product=pinza-para-electricista-de-8-combinada-modelo12098-klein","og_locale":"es_ES","og_type":"article","og_title":"PINZA PARA ELECTRICISTA DE 8\" COMBINADA MODELO:12098 KLEIN","og_description":"Probado individualmente para cumplir o superar las normas ASTM F1505-10, IEC 60900: 2004, CAN\/ULC-60900-09, NFPA 70E, edici\u00f3n 2012, CSA Z462 para herramientas aisladas. Dos capas de aislamiento protegen contra descargas el\u00e9ctricas. Instala y retira r\u00e1pidamente abrazaderas de manguera de tensi\u00f3n por resorte. Su dise\u00f1o de alta palanca ofrece un 35 % m\u00e1s de potencia deRead More","og_url":"https:\/\/solumeca.com\/?product=pinza-para-electricista-de-8-combinada-modelo12098-klein","og_site_name":"Herramientas Industriales - Equipos de Seguridad - Solumeca.com","article_modified_time":"2026-03-31T23:15:41+00:00","og_image":[{"width":1000,"height":1000,"url":"https:\/\/solumeca.com\/wp-content\/uploads\/2026\/03\/12098ins.jpg","type":"image\/jpeg"}],"twitter_card":"summary_large_image","twitter_misc":{"Tiempo de lectura":"1 minuto"},"schema":{"@context":"https:\/\/schema.org","@graph":[{"@type":"WebPage","@id":"https:\/\/solumeca.com\/?product=pinza-para-electricista-de-8-combinada-modelo12098-klein","url":"https:\/\/solumeca.com\/?product=pinza-para-electricista-de-8-combinada-modelo12098-klein","name":"PINZA PARA ELECTRICISTA DE 8\" COMBINADA MODELO:12098 KLEIN - Herramientas Industriales - Equipos de Seguridad - Solumeca.com","isPartOf":{"@id":"https:\/\/solumeca.com\/#website"},"primaryImageOfPage":{"@id":"https:\/\/solumeca.com\/?product=pinza-para-electricista-de-8-combinada-modelo12098-klein#primaryimage"},"image":{"@id":"https:\/\/solumeca.com\/?product=pinza-para-electricista-de-8-combinada-modelo12098-klein#primaryimage"},"thumbnailUrl":"https:\/\/solumeca.com\/wp-content\/uploads\/2026\/03\/12098ins.jpg","datePublished":"2026-03-27T18:08:27+00:00","dateModified":"2026-03-31T23:15:41+00:00","breadcrumb":{"@id":"https:\/\/solumeca.com\/?product=pinza-para-electricista-de-8-combinada-modelo12098-klein#breadcrumb"},"inLanguage":"es","potentialAction":[{"@type":"ReadAction","target":["https:\/\/solumeca.com\/?product=pinza-para-electricista-de-8-combinada-modelo12098-klein"]}]},{"@type":"ImageObject","inLanguage":"es","@id":"https:\/\/solumeca.com\/?product=pinza-para-electricista-de-8-combinada-modelo12098-klein#primaryimage","url":"https:\/\/solumeca.com\/wp-content\/uploads\/2026\/03\/12098ins.jpg","contentUrl":"https:\/\/solumeca.com\/wp-content\/uploads\/2026\/03\/12098ins.jpg","width":1000,"height":1000},{"@type":"BreadcrumbList","@id":"https:\/\/solumeca.com\/?product=pinza-para-electricista-de-8-combinada-modelo12098-klein#breadcrumb","itemListElement":[{"@type":"ListItem","position":1,"name":"Portada","item":"https:\/\/solumeca.com\/"},{"@type":"ListItem","position":2,"name":"Shop","item":"https:\/\/solumeca.com\/?page_id=10"},{"@type":"ListItem","position":3,"name":"PINZA PARA ELECTRICISTA DE 8&#8243; COMBINADA MODELO:12098 KLEIN"}]},{"@type":"WebSite","@id":"https:\/\/solumeca.com\/#website","url":"https:\/\/solumeca.com\/","name":"SOS Integral - Equipos de Seguridad - Herramientas Industriales","description":"Equipos de Seguridad, Santo Domingo, Republica Dominicana, Herramientas Industriales,Tel.: (809) 274-3888 \/ Info@solumeca.com","publisher":{"@id":"https:\/\/solumeca.com\/#organization"},"potentialAction":[{"@type":"SearchAction","target":{"@type":"EntryPoint","urlTemplate":"https:\/\/solumeca.com\/?s={search_term_string}"},"query-input":"required name=search_term_string"}],"inLanguage":"es"},{"@type":"Organization","@id":"https:\/\/solumeca.com\/#organization","name":"SOS Integral - Equipos de Seguridad - Herramientas Industriales","url":"https:\/\/solumeca.com\/","logo":{"@type":"ImageObject","inLanguage":"es","@id":"https:\/\/solumeca.com\/#\/schema\/logo\/image\/","url":"https:\/\/solumeca.com\/wp-content\/uploads\/2024\/04\/equipos-de-seguridad-sos-2.png","contentUrl":"https:\/\/solumeca.com\/wp-content\/uploads\/2024\/04\/equipos-de-seguridad-sos-2.png","width":600,"height":259,"caption":"SOS Integral - Equipos de Seguridad - Herramientas Industriales"},"image":{"@id":"https:\/\/solumeca.com\/#\/schema\/logo\/image\/"},"sameAs":["https:\/\/www.instagram.com\/sosintegralrd\/"]}]}},"_links":{"self":[{"href":"https:\/\/solumeca.com\/index.php?rest_route=\/wp\/v2\/product\/41633","targetHints":{"allow":["GET"]}}],"collection":[{"href":"https:\/\/solumeca.com\/index.php?rest_route=\/wp\/v2\/product"}],"about":[{"href":"https:\/\/solumeca.com\/index.php?rest_route=\/wp\/v2\/types\/product"}],"replies":[{"embeddable":true,"href":"https:\/\/solumeca.com\/index.php?rest_route=%2Fwp%2Fv2%2Fcomments&post=41633"}],"version-history":[{"count":2,"href":"https:\/\/solumeca.com\/index.php?rest_route=\/wp\/v2\/product\/41633\/revisions"}],"predecessor-version":[{"id":42554,"href":"https:\/\/solumeca.com\/index.php?rest_route=\/wp\/v2\/product\/41633\/revisions\/42554"}],"wp:featuredmedia":[{"embeddable":true,"href":"https:\/\/solumeca.com\/index.php?rest_route=\/wp\/v2\/media\/42552"}],"wp:attachment":[{"href":"https:\/\/solumeca.com\/index.php?rest_route=%2Fwp%2Fv2%2Fmedia&parent=41633"}],"wp:term":[{"taxonomy":"product_brand","embeddable":true,"href":"https:\/\/solumeca.com\/index.php?rest_route=%2Fwp%2Fv2%2Fproduct_brand&post=41633"},{"taxonomy":"product_cat","embeddable":true,"href":"https:\/\/solumeca.com\/index.php?rest_route=%2Fwp%2Fv2%2Fproduct_cat&post=41633"},{"taxonomy":"product_tag","embeddable":true,"href":"https:\/\/solumeca.com\/index.php?rest_route=%2Fwp%2Fv2%2Fproduct_tag&post=41633"}],"curies":[{"name":"wp","href":"https:\/\/api.w.org\/{rel}","templated":true}]}}