{"id":41632,"date":"2026-03-27T19:08:27","date_gmt":"2026-03-27T18:08:27","guid":{"rendered":"https:\/\/solumeca.com\/?product=pinza-pelacable-de-8-22-klein"},"modified":"2026-04-01T01:14:13","modified_gmt":"2026-03-31T23:14:13","slug":"pinza-pelacable-de-8-22-klein","status":"publish","type":"product","link":"https:\/\/solumeca.com\/?product=pinza-pelacable-de-8-22-klein","title":{"rendered":"PINZA PELACABLE DE 8-22 KLEIN &#8211; Ref.11063W"},"content":{"rendered":"<p>Pelacables y cortador: corta y pela f\u00e1cilmente cables s\u00f3lidos de 8-20 AWG y cables trenzados de 10-22 AWG.<br \/>\nPelado de acci\u00f3n compuesta: sujeta y pela con un solo movimiento de presi\u00f3n.<br \/>\nLos orificios de pelado mecanizados con precisi\u00f3n eliminan f\u00e1cilmente el aislamiento sin da\u00f1ar el cable.<br \/>\nElimina hasta 25 mm (1 pulgada) de la capa de aislamiento (capa exterior) en un solo paso.<br \/>\nLa pinza de sujeci\u00f3n con carga de tensi\u00f3n sujeta suavemente el cable manteniendo su geometr\u00eda.<br \/>\nChasis de aleaci\u00f3n fundida con acabado Ecoat de alta resistencia para mayor resistencia a la corrosi\u00f3n y durabilidad.<\/p>\n","protected":false},"excerpt":{"rendered":"<p>Pelacables y cortador: corta y pela f\u00e1cilmente cables s\u00f3lidos de 8-20 AWG y cables trenzados de 10-22 AWG. Pelado de acci\u00f3n compuesta: sujeta y pela con un solo movimiento de presi\u00f3n. Los orificios de pelado mecanizados con precisi\u00f3n eliminan f\u00e1cilmente el aislamiento sin da\u00f1ar el cable. Elimina hasta 25 mm (1 pulgada) de la capa<\/p>\n<div class=\"klb-readmore button\"><a class=\"btn link\" href=\"https:\/\/solumeca.com\/?product=pinza-pelacable-de-8-22-klein\">Read More <i class=\"klbth-icon-right-arrow\"><\/i><\/a><\/div>\n","protected":false},"featured_media":42550,"comment_status":"open","ping_status":"closed","template":"","meta":[],"product_brand":[],"product_cat":[423],"product_tag":[],"class_list":{"0":"post-41632","1":"product","2":"type-product","3":"status-publish","4":"has-post-thumbnail","6":"product_cat-klein-tools","8":"first","9":"instock","10":"taxable","11":"shipping-taxable","12":"purchasable","13":"product-type-simple"},"yoast_head":"<!-- This site is optimized with the Yoast SEO Premium plugin v22.5 (Yoast SEO v22.6) - https:\/\/yoast.com\/wordpress\/plugins\/seo\/ -->\n<title>PINZA PELACABLE DE 8-22 KLEIN - Ref.11063W - Herramientas Industriales - Equipos de Seguridad - Solumeca.com<\/title>\n<meta name=\"robots\" content=\"index, follow, max-snippet:-1, max-image-preview:large, max-video-preview:-1\" \/>\n<link rel=\"canonical\" href=\"https:\/\/solumeca.com\/?product=pinza-pelacable-de-8-22-klein\" \/>\n<meta property=\"og:locale\" content=\"es_ES\" \/>\n<meta property=\"og:type\" content=\"article\" \/>\n<meta property=\"og:title\" content=\"PINZA PELACABLE DE 8-22 KLEIN - Ref.11063W\" \/>\n<meta property=\"og:description\" content=\"Pelacables y cortador: corta y pela f\u00e1cilmente cables s\u00f3lidos de 8-20 AWG y cables trenzados de 10-22 AWG. Pelado de acci\u00f3n compuesta: sujeta y pela con un solo movimiento de presi\u00f3n. Los orificios de pelado mecanizados con precisi\u00f3n eliminan f\u00e1cilmente el aislamiento sin da\u00f1ar el cable. Elimina hasta 25 mm (1 pulgada) de la capaRead More\" \/>\n<meta property=\"og:url\" content=\"https:\/\/solumeca.com\/?product=pinza-pelacable-de-8-22-klein\" \/>\n<meta property=\"og:site_name\" content=\"Herramientas Industriales - Equipos de Seguridad - Solumeca.com\" \/>\n<meta property=\"article:modified_time\" content=\"2026-03-31T23:14:13+00:00\" \/>\n<meta property=\"og:image\" content=\"https:\/\/solumeca.com\/wp-content\/uploads\/2026\/03\/11063w_vertical.jpg\" \/>\n\t<meta property=\"og:image:width\" content=\"1000\" \/>\n\t<meta property=\"og:image:height\" content=\"1000\" \/>\n\t<meta property=\"og:image:type\" content=\"image\/jpeg\" \/>\n<meta name=\"twitter:card\" content=\"summary_large_image\" \/>\n<meta name=\"twitter:label1\" content=\"Tiempo de lectura\" \/>\n\t<meta name=\"twitter:data1\" content=\"1 minuto\" \/>\n<script type=\"application\/ld+json\" class=\"yoast-schema-graph\">{\"@context\":\"https:\/\/schema.org\",\"@graph\":[{\"@type\":\"WebPage\",\"@id\":\"https:\/\/solumeca.com\/?product=pinza-pelacable-de-8-22-klein\",\"url\":\"https:\/\/solumeca.com\/?product=pinza-pelacable-de-8-22-klein\",\"name\":\"PINZA PELACABLE DE 8-22 KLEIN - Ref.11063W - Herramientas Industriales - Equipos de Seguridad - Solumeca.com\",\"isPartOf\":{\"@id\":\"https:\/\/solumeca.com\/#website\"},\"primaryImageOfPage\":{\"@id\":\"https:\/\/solumeca.com\/?product=pinza-pelacable-de-8-22-klein#primaryimage\"},\"image\":{\"@id\":\"https:\/\/solumeca.com\/?product=pinza-pelacable-de-8-22-klein#primaryimage\"},\"thumbnailUrl\":\"https:\/\/solumeca.com\/wp-content\/uploads\/2026\/03\/11063w_vertical.jpg\",\"datePublished\":\"2026-03-27T18:08:27+00:00\",\"dateModified\":\"2026-03-31T23:14:13+00:00\",\"breadcrumb\":{\"@id\":\"https:\/\/solumeca.com\/?product=pinza-pelacable-de-8-22-klein#breadcrumb\"},\"inLanguage\":\"es\",\"potentialAction\":[{\"@type\":\"ReadAction\",\"target\":[\"https:\/\/solumeca.com\/?product=pinza-pelacable-de-8-22-klein\"]}]},{\"@type\":\"ImageObject\",\"inLanguage\":\"es\",\"@id\":\"https:\/\/solumeca.com\/?product=pinza-pelacable-de-8-22-klein#primaryimage\",\"url\":\"https:\/\/solumeca.com\/wp-content\/uploads\/2026\/03\/11063w_vertical.jpg\",\"contentUrl\":\"https:\/\/solumeca.com\/wp-content\/uploads\/2026\/03\/11063w_vertical.jpg\",\"width\":1000,\"height\":1000},{\"@type\":\"BreadcrumbList\",\"@id\":\"https:\/\/solumeca.com\/?product=pinza-pelacable-de-8-22-klein#breadcrumb\",\"itemListElement\":[{\"@type\":\"ListItem\",\"position\":1,\"name\":\"Portada\",\"item\":\"https:\/\/solumeca.com\/\"},{\"@type\":\"ListItem\",\"position\":2,\"name\":\"Shop\",\"item\":\"https:\/\/solumeca.com\/?page_id=10\"},{\"@type\":\"ListItem\",\"position\":3,\"name\":\"PINZA PELACABLE DE 8-22 KLEIN &#8211; Ref.11063W\"}]},{\"@type\":\"WebSite\",\"@id\":\"https:\/\/solumeca.com\/#website\",\"url\":\"https:\/\/solumeca.com\/\",\"name\":\"SOS Integral - Equipos de Seguridad - Herramientas Industriales\",\"description\":\"Equipos de Seguridad, Santo Domingo, Republica Dominicana, Herramientas Industriales,Tel.: (809) 274-3888 \/ Info@solumeca.com\",\"publisher\":{\"@id\":\"https:\/\/solumeca.com\/#organization\"},\"potentialAction\":[{\"@type\":\"SearchAction\",\"target\":{\"@type\":\"EntryPoint\",\"urlTemplate\":\"https:\/\/solumeca.com\/?s={search_term_string}\"},\"query-input\":\"required name=search_term_string\"}],\"inLanguage\":\"es\"},{\"@type\":\"Organization\",\"@id\":\"https:\/\/solumeca.com\/#organization\",\"name\":\"SOS Integral - Equipos de Seguridad - Herramientas Industriales\",\"url\":\"https:\/\/solumeca.com\/\",\"logo\":{\"@type\":\"ImageObject\",\"inLanguage\":\"es\",\"@id\":\"https:\/\/solumeca.com\/#\/schema\/logo\/image\/\",\"url\":\"https:\/\/solumeca.com\/wp-content\/uploads\/2024\/04\/equipos-de-seguridad-sos-2.png\",\"contentUrl\":\"https:\/\/solumeca.com\/wp-content\/uploads\/2024\/04\/equipos-de-seguridad-sos-2.png\",\"width\":600,\"height\":259,\"caption\":\"SOS Integral - Equipos de Seguridad - Herramientas Industriales\"},\"image\":{\"@id\":\"https:\/\/solumeca.com\/#\/schema\/logo\/image\/\"},\"sameAs\":[\"https:\/\/www.instagram.com\/sosintegralrd\/\"]}]}<\/script>\n<!-- \/ Yoast SEO Premium plugin. -->","yoast_head_json":{"title":"PINZA PELACABLE DE 8-22 KLEIN - Ref.11063W - Herramientas Industriales - Equipos de Seguridad - Solumeca.com","robots":{"index":"index","follow":"follow","max-snippet":"max-snippet:-1","max-image-preview":"max-image-preview:large","max-video-preview":"max-video-preview:-1"},"canonical":"https:\/\/solumeca.com\/?product=pinza-pelacable-de-8-22-klein","og_locale":"es_ES","og_type":"article","og_title":"PINZA PELACABLE DE 8-22 KLEIN - Ref.11063W","og_description":"Pelacables y cortador: corta y pela f\u00e1cilmente cables s\u00f3lidos de 8-20 AWG y cables trenzados de 10-22 AWG. Pelado de acci\u00f3n compuesta: sujeta y pela con un solo movimiento de presi\u00f3n. Los orificios de pelado mecanizados con precisi\u00f3n eliminan f\u00e1cilmente el aislamiento sin da\u00f1ar el cable. Elimina hasta 25 mm (1 pulgada) de la capaRead More","og_url":"https:\/\/solumeca.com\/?product=pinza-pelacable-de-8-22-klein","og_site_name":"Herramientas Industriales - Equipos de Seguridad - Solumeca.com","article_modified_time":"2026-03-31T23:14:13+00:00","og_image":[{"width":1000,"height":1000,"url":"https:\/\/solumeca.com\/wp-content\/uploads\/2026\/03\/11063w_vertical.jpg","type":"image\/jpeg"}],"twitter_card":"summary_large_image","twitter_misc":{"Tiempo de lectura":"1 minuto"},"schema":{"@context":"https:\/\/schema.org","@graph":[{"@type":"WebPage","@id":"https:\/\/solumeca.com\/?product=pinza-pelacable-de-8-22-klein","url":"https:\/\/solumeca.com\/?product=pinza-pelacable-de-8-22-klein","name":"PINZA PELACABLE DE 8-22 KLEIN - Ref.11063W - Herramientas Industriales - Equipos de Seguridad - Solumeca.com","isPartOf":{"@id":"https:\/\/solumeca.com\/#website"},"primaryImageOfPage":{"@id":"https:\/\/solumeca.com\/?product=pinza-pelacable-de-8-22-klein#primaryimage"},"image":{"@id":"https:\/\/solumeca.com\/?product=pinza-pelacable-de-8-22-klein#primaryimage"},"thumbnailUrl":"https:\/\/solumeca.com\/wp-content\/uploads\/2026\/03\/11063w_vertical.jpg","datePublished":"2026-03-27T18:08:27+00:00","dateModified":"2026-03-31T23:14:13+00:00","breadcrumb":{"@id":"https:\/\/solumeca.com\/?product=pinza-pelacable-de-8-22-klein#breadcrumb"},"inLanguage":"es","potentialAction":[{"@type":"ReadAction","target":["https:\/\/solumeca.com\/?product=pinza-pelacable-de-8-22-klein"]}]},{"@type":"ImageObject","inLanguage":"es","@id":"https:\/\/solumeca.com\/?product=pinza-pelacable-de-8-22-klein#primaryimage","url":"https:\/\/solumeca.com\/wp-content\/uploads\/2026\/03\/11063w_vertical.jpg","contentUrl":"https:\/\/solumeca.com\/wp-content\/uploads\/2026\/03\/11063w_vertical.jpg","width":1000,"height":1000},{"@type":"BreadcrumbList","@id":"https:\/\/solumeca.com\/?product=pinza-pelacable-de-8-22-klein#breadcrumb","itemListElement":[{"@type":"ListItem","position":1,"name":"Portada","item":"https:\/\/solumeca.com\/"},{"@type":"ListItem","position":2,"name":"Shop","item":"https:\/\/solumeca.com\/?page_id=10"},{"@type":"ListItem","position":3,"name":"PINZA PELACABLE DE 8-22 KLEIN &#8211; Ref.11063W"}]},{"@type":"WebSite","@id":"https:\/\/solumeca.com\/#website","url":"https:\/\/solumeca.com\/","name":"SOS Integral - Equipos de Seguridad - Herramientas Industriales","description":"Equipos de Seguridad, Santo Domingo, Republica Dominicana, Herramientas Industriales,Tel.: (809) 274-3888 \/ Info@solumeca.com","publisher":{"@id":"https:\/\/solumeca.com\/#organization"},"potentialAction":[{"@type":"SearchAction","target":{"@type":"EntryPoint","urlTemplate":"https:\/\/solumeca.com\/?s={search_term_string}"},"query-input":"required name=search_term_string"}],"inLanguage":"es"},{"@type":"Organization","@id":"https:\/\/solumeca.com\/#organization","name":"SOS Integral - Equipos de Seguridad - Herramientas Industriales","url":"https:\/\/solumeca.com\/","logo":{"@type":"ImageObject","inLanguage":"es","@id":"https:\/\/solumeca.com\/#\/schema\/logo\/image\/","url":"https:\/\/solumeca.com\/wp-content\/uploads\/2024\/04\/equipos-de-seguridad-sos-2.png","contentUrl":"https:\/\/solumeca.com\/wp-content\/uploads\/2024\/04\/equipos-de-seguridad-sos-2.png","width":600,"height":259,"caption":"SOS Integral - Equipos de Seguridad - Herramientas Industriales"},"image":{"@id":"https:\/\/solumeca.com\/#\/schema\/logo\/image\/"},"sameAs":["https:\/\/www.instagram.com\/sosintegralrd\/"]}]}},"_links":{"self":[{"href":"https:\/\/solumeca.com\/index.php?rest_route=\/wp\/v2\/product\/41632","targetHints":{"allow":["GET"]}}],"collection":[{"href":"https:\/\/solumeca.com\/index.php?rest_route=\/wp\/v2\/product"}],"about":[{"href":"https:\/\/solumeca.com\/index.php?rest_route=\/wp\/v2\/types\/product"}],"replies":[{"embeddable":true,"href":"https:\/\/solumeca.com\/index.php?rest_route=%2Fwp%2Fv2%2Fcomments&post=41632"}],"version-history":[{"count":2,"href":"https:\/\/solumeca.com\/index.php?rest_route=\/wp\/v2\/product\/41632\/revisions"}],"predecessor-version":[{"id":42551,"href":"https:\/\/solumeca.com\/index.php?rest_route=\/wp\/v2\/product\/41632\/revisions\/42551"}],"wp:featuredmedia":[{"embeddable":true,"href":"https:\/\/solumeca.com\/index.php?rest_route=\/wp\/v2\/media\/42550"}],"wp:attachment":[{"href":"https:\/\/solumeca.com\/index.php?rest_route=%2Fwp%2Fv2%2Fmedia&parent=41632"}],"wp:term":[{"taxonomy":"product_brand","embeddable":true,"href":"https:\/\/solumeca.com\/index.php?rest_route=%2Fwp%2Fv2%2Fproduct_brand&post=41632"},{"taxonomy":"product_cat","embeddable":true,"href":"https:\/\/solumeca.com\/index.php?rest_route=%2Fwp%2Fv2%2Fproduct_cat&post=41632"},{"taxonomy":"product_tag","embeddable":true,"href":"https:\/\/solumeca.com\/index.php?rest_route=%2Fwp%2Fv2%2Fproduct_tag&post=41632"}],"curies":[{"name":"wp","href":"https:\/\/api.w.org\/{rel}","templated":true}]}}