{"id":41059,"date":"2026-03-17T21:46:49","date_gmt":"2026-03-17T20:46:49","guid":{"rendered":"https:\/\/solumeca.com\/?post_type=product&#038;p=41059"},"modified":"2026-03-17T21:48:06","modified_gmt":"2026-03-17T20:48:06","slug":"protectores-auiditivos-para-cascos-ref-263-np114","status":"publish","type":"product","link":"https:\/\/solumeca.com\/?product=protectores-auiditivos-para-cascos-ref-263-np114","title":{"rendered":"PROTECTORES AUIDITIVOS PARA CASCOS &#8211; Ref.263-NP114"},"content":{"rendered":"<p>Las orejeras de la diadema PiperTM est\u00e1n dise\u00f1adas pensando en la comodidad. Dise\u00f1ado para usuarios profesionales con caracter\u00edsticas de rendimiento distintas y construcci\u00f3n duradera de bandas. Cojines de orejas suaves y ajuste de tama\u00f1o intuitivo para proporcionar el ajuste ideal para una \u00f3ptima atenuaci\u00f3n de ruido para todos los tama\u00f1os de la cabeza.<\/p>\n<ul id=\"desc-features\">\n<li>Valor alta resistencia a la tracci\u00f3n pl\u00e1stica ama\u00f1ada estilo orejera palanca<\/li>\n<li>Dise\u00f1o de bajo perfil aumenta la estabilidad y reduce riesgo de engancharse en espacios confinados<\/li>\n<li>Ajuste de tama\u00f1o de deslizamiento suave para mejorar el ajuste y la comodidad<\/li>\n<li>Diel\u00e9ctrico \/ no conductor<\/li>\n<\/ul>\n","protected":false},"excerpt":{"rendered":"<p><a href=\"https:\/\/sosintegral.com\/wp-content\/uploads\/2025\/08\/263-NP110-Specification-Sheet-US-EN-2.pdf\" target=\"_blank\" rel=\"noopener\"><img decoding=\"async\" class=\"alignnone wp-image-26217\" src=\"https:\/\/sosintegral.com\/wp-content\/uploads\/2025\/08\/boton-ficha-tecnica-1-770x201.png\" alt=\"\" width=\"192\" height=\"50\" \/><\/a><\/p>\n","protected":false},"featured_media":41144,"comment_status":"closed","ping_status":"closed","template":"","meta":[],"product_brand":[],"product_cat":[304,419],"product_tag":[],"class_list":{"0":"post-41059","1":"product","2":"type-product","3":"status-publish","4":"has-post-thumbnail","6":"product_cat-overoles","7":"product_cat-pip","9":"first","10":"instock","11":"purchasable","12":"product-type-simple"},"yoast_head":"<!-- This site is optimized with the Yoast SEO Premium plugin v22.5 (Yoast SEO v22.6) - https:\/\/yoast.com\/wordpress\/plugins\/seo\/ -->\n<title>PROTECTORES AUIDITIVOS PARA CASCOS - Ref.263-NP114 - Herramientas Industriales - Equipos de Seguridad - Solumeca.com<\/title>\n<meta name=\"robots\" content=\"index, follow, max-snippet:-1, max-image-preview:large, max-video-preview:-1\" \/>\n<link rel=\"canonical\" href=\"https:\/\/solumeca.com\/?product=protectores-auiditivos-para-cascos-ref-263-np114\" \/>\n<meta property=\"og:locale\" content=\"es_ES\" \/>\n<meta property=\"og:type\" content=\"article\" \/>\n<meta property=\"og:title\" content=\"PROTECTORES AUIDITIVOS PARA CASCOS - Ref.263-NP114\" \/>\n<meta property=\"og:url\" content=\"https:\/\/solumeca.com\/?product=protectores-auiditivos-para-cascos-ref-263-np114\" \/>\n<meta property=\"og:site_name\" content=\"Herramientas Industriales - Equipos de Seguridad - Solumeca.com\" \/>\n<meta property=\"article:modified_time\" content=\"2026-03-17T20:48:06+00:00\" \/>\n<meta name=\"twitter:card\" content=\"summary_large_image\" \/>\n<meta name=\"twitter:label1\" content=\"Tiempo de lectura\" \/>\n\t<meta name=\"twitter:data1\" content=\"1 minuto\" \/>\n<script type=\"application\/ld+json\" class=\"yoast-schema-graph\">{\"@context\":\"https:\/\/schema.org\",\"@graph\":[{\"@type\":\"WebPage\",\"@id\":\"https:\/\/solumeca.com\/?product=protectores-auiditivos-para-cascos-ref-263-np114\",\"url\":\"https:\/\/solumeca.com\/?product=protectores-auiditivos-para-cascos-ref-263-np114\",\"name\":\"PROTECTORES AUIDITIVOS PARA CASCOS - Ref.263-NP114 - Herramientas Industriales - Equipos de Seguridad - Solumeca.com\",\"isPartOf\":{\"@id\":\"https:\/\/solumeca.com\/#website\"},\"primaryImageOfPage\":{\"@id\":\"https:\/\/solumeca.com\/?product=protectores-auiditivos-para-cascos-ref-263-np114#primaryimage\"},\"image\":{\"@id\":\"https:\/\/solumeca.com\/?product=protectores-auiditivos-para-cascos-ref-263-np114#primaryimage\"},\"thumbnailUrl\":\"https:\/\/solumeca.com\/wp-content\/uploads\/2026\/03\/263-NP110-2.png\",\"datePublished\":\"2026-03-17T20:46:49+00:00\",\"dateModified\":\"2026-03-17T20:48:06+00:00\",\"breadcrumb\":{\"@id\":\"https:\/\/solumeca.com\/?product=protectores-auiditivos-para-cascos-ref-263-np114#breadcrumb\"},\"inLanguage\":\"es\",\"potentialAction\":[{\"@type\":\"ReadAction\",\"target\":[\"https:\/\/solumeca.com\/?product=protectores-auiditivos-para-cascos-ref-263-np114\"]}]},{\"@type\":\"ImageObject\",\"inLanguage\":\"es\",\"@id\":\"https:\/\/solumeca.com\/?product=protectores-auiditivos-para-cascos-ref-263-np114#primaryimage\",\"url\":\"https:\/\/solumeca.com\/wp-content\/uploads\/2026\/03\/263-NP110-2.png\",\"contentUrl\":\"https:\/\/solumeca.com\/wp-content\/uploads\/2026\/03\/263-NP110-2.png\",\"width\":900,\"height\":900},{\"@type\":\"BreadcrumbList\",\"@id\":\"https:\/\/solumeca.com\/?product=protectores-auiditivos-para-cascos-ref-263-np114#breadcrumb\",\"itemListElement\":[{\"@type\":\"ListItem\",\"position\":1,\"name\":\"Portada\",\"item\":\"https:\/\/solumeca.com\/\"},{\"@type\":\"ListItem\",\"position\":2,\"name\":\"Shop\",\"item\":\"https:\/\/solumeca.com\/?page_id=10\"},{\"@type\":\"ListItem\",\"position\":3,\"name\":\"PROTECTORES AUIDITIVOS PARA CASCOS &#8211; Ref.263-NP114\"}]},{\"@type\":\"WebSite\",\"@id\":\"https:\/\/solumeca.com\/#website\",\"url\":\"https:\/\/solumeca.com\/\",\"name\":\"SOS Integral - Equipos de Seguridad - Herramientas Industriales\",\"description\":\"Equipos de Seguridad, Santo Domingo, Republica Dominicana, Herramientas Industriales,Tel.: (809) 274-3888 \/ Info@solumeca.com\",\"publisher\":{\"@id\":\"https:\/\/solumeca.com\/#organization\"},\"potentialAction\":[{\"@type\":\"SearchAction\",\"target\":{\"@type\":\"EntryPoint\",\"urlTemplate\":\"https:\/\/solumeca.com\/?s={search_term_string}\"},\"query-input\":\"required name=search_term_string\"}],\"inLanguage\":\"es\"},{\"@type\":\"Organization\",\"@id\":\"https:\/\/solumeca.com\/#organization\",\"name\":\"SOS Integral - Equipos de Seguridad - Herramientas Industriales\",\"url\":\"https:\/\/solumeca.com\/\",\"logo\":{\"@type\":\"ImageObject\",\"inLanguage\":\"es\",\"@id\":\"https:\/\/solumeca.com\/#\/schema\/logo\/image\/\",\"url\":\"https:\/\/solumeca.com\/wp-content\/uploads\/2024\/04\/equipos-de-seguridad-sos-2.png\",\"contentUrl\":\"https:\/\/solumeca.com\/wp-content\/uploads\/2024\/04\/equipos-de-seguridad-sos-2.png\",\"width\":600,\"height\":259,\"caption\":\"SOS Integral - Equipos de Seguridad - Herramientas Industriales\"},\"image\":{\"@id\":\"https:\/\/solumeca.com\/#\/schema\/logo\/image\/\"},\"sameAs\":[\"https:\/\/www.instagram.com\/sosintegralrd\/\"]}]}<\/script>\n<!-- \/ Yoast SEO Premium plugin. -->","yoast_head_json":{"title":"PROTECTORES AUIDITIVOS PARA CASCOS - Ref.263-NP114 - Herramientas Industriales - Equipos de Seguridad - Solumeca.com","robots":{"index":"index","follow":"follow","max-snippet":"max-snippet:-1","max-image-preview":"max-image-preview:large","max-video-preview":"max-video-preview:-1"},"canonical":"https:\/\/solumeca.com\/?product=protectores-auiditivos-para-cascos-ref-263-np114","og_locale":"es_ES","og_type":"article","og_title":"PROTECTORES AUIDITIVOS PARA CASCOS - Ref.263-NP114","og_url":"https:\/\/solumeca.com\/?product=protectores-auiditivos-para-cascos-ref-263-np114","og_site_name":"Herramientas Industriales - Equipos de Seguridad - Solumeca.com","article_modified_time":"2026-03-17T20:48:06+00:00","twitter_card":"summary_large_image","twitter_misc":{"Tiempo de lectura":"1 minuto"},"schema":{"@context":"https:\/\/schema.org","@graph":[{"@type":"WebPage","@id":"https:\/\/solumeca.com\/?product=protectores-auiditivos-para-cascos-ref-263-np114","url":"https:\/\/solumeca.com\/?product=protectores-auiditivos-para-cascos-ref-263-np114","name":"PROTECTORES AUIDITIVOS PARA CASCOS - Ref.263-NP114 - Herramientas Industriales - Equipos de Seguridad - Solumeca.com","isPartOf":{"@id":"https:\/\/solumeca.com\/#website"},"primaryImageOfPage":{"@id":"https:\/\/solumeca.com\/?product=protectores-auiditivos-para-cascos-ref-263-np114#primaryimage"},"image":{"@id":"https:\/\/solumeca.com\/?product=protectores-auiditivos-para-cascos-ref-263-np114#primaryimage"},"thumbnailUrl":"https:\/\/solumeca.com\/wp-content\/uploads\/2026\/03\/263-NP110-2.png","datePublished":"2026-03-17T20:46:49+00:00","dateModified":"2026-03-17T20:48:06+00:00","breadcrumb":{"@id":"https:\/\/solumeca.com\/?product=protectores-auiditivos-para-cascos-ref-263-np114#breadcrumb"},"inLanguage":"es","potentialAction":[{"@type":"ReadAction","target":["https:\/\/solumeca.com\/?product=protectores-auiditivos-para-cascos-ref-263-np114"]}]},{"@type":"ImageObject","inLanguage":"es","@id":"https:\/\/solumeca.com\/?product=protectores-auiditivos-para-cascos-ref-263-np114#primaryimage","url":"https:\/\/solumeca.com\/wp-content\/uploads\/2026\/03\/263-NP110-2.png","contentUrl":"https:\/\/solumeca.com\/wp-content\/uploads\/2026\/03\/263-NP110-2.png","width":900,"height":900},{"@type":"BreadcrumbList","@id":"https:\/\/solumeca.com\/?product=protectores-auiditivos-para-cascos-ref-263-np114#breadcrumb","itemListElement":[{"@type":"ListItem","position":1,"name":"Portada","item":"https:\/\/solumeca.com\/"},{"@type":"ListItem","position":2,"name":"Shop","item":"https:\/\/solumeca.com\/?page_id=10"},{"@type":"ListItem","position":3,"name":"PROTECTORES AUIDITIVOS PARA CASCOS &#8211; Ref.263-NP114"}]},{"@type":"WebSite","@id":"https:\/\/solumeca.com\/#website","url":"https:\/\/solumeca.com\/","name":"SOS Integral - Equipos de Seguridad - Herramientas Industriales","description":"Equipos de Seguridad, Santo Domingo, Republica Dominicana, Herramientas Industriales,Tel.: (809) 274-3888 \/ Info@solumeca.com","publisher":{"@id":"https:\/\/solumeca.com\/#organization"},"potentialAction":[{"@type":"SearchAction","target":{"@type":"EntryPoint","urlTemplate":"https:\/\/solumeca.com\/?s={search_term_string}"},"query-input":"required name=search_term_string"}],"inLanguage":"es"},{"@type":"Organization","@id":"https:\/\/solumeca.com\/#organization","name":"SOS Integral - Equipos de Seguridad - Herramientas Industriales","url":"https:\/\/solumeca.com\/","logo":{"@type":"ImageObject","inLanguage":"es","@id":"https:\/\/solumeca.com\/#\/schema\/logo\/image\/","url":"https:\/\/solumeca.com\/wp-content\/uploads\/2024\/04\/equipos-de-seguridad-sos-2.png","contentUrl":"https:\/\/solumeca.com\/wp-content\/uploads\/2024\/04\/equipos-de-seguridad-sos-2.png","width":600,"height":259,"caption":"SOS Integral - Equipos de Seguridad - Herramientas Industriales"},"image":{"@id":"https:\/\/solumeca.com\/#\/schema\/logo\/image\/"},"sameAs":["https:\/\/www.instagram.com\/sosintegralrd\/"]}]}},"_links":{"self":[{"href":"https:\/\/solumeca.com\/index.php?rest_route=\/wp\/v2\/product\/41059","targetHints":{"allow":["GET"]}}],"collection":[{"href":"https:\/\/solumeca.com\/index.php?rest_route=\/wp\/v2\/product"}],"about":[{"href":"https:\/\/solumeca.com\/index.php?rest_route=\/wp\/v2\/types\/product"}],"replies":[{"embeddable":true,"href":"https:\/\/solumeca.com\/index.php?rest_route=%2Fwp%2Fv2%2Fcomments&post=41059"}],"version-history":[{"count":1,"href":"https:\/\/solumeca.com\/index.php?rest_route=\/wp\/v2\/product\/41059\/revisions"}],"predecessor-version":[{"id":41145,"href":"https:\/\/solumeca.com\/index.php?rest_route=\/wp\/v2\/product\/41059\/revisions\/41145"}],"wp:featuredmedia":[{"embeddable":true,"href":"https:\/\/solumeca.com\/index.php?rest_route=\/wp\/v2\/media\/41144"}],"wp:attachment":[{"href":"https:\/\/solumeca.com\/index.php?rest_route=%2Fwp%2Fv2%2Fmedia&parent=41059"}],"wp:term":[{"taxonomy":"product_brand","embeddable":true,"href":"https:\/\/solumeca.com\/index.php?rest_route=%2Fwp%2Fv2%2Fproduct_brand&post=41059"},{"taxonomy":"product_cat","embeddable":true,"href":"https:\/\/solumeca.com\/index.php?rest_route=%2Fwp%2Fv2%2Fproduct_cat&post=41059"},{"taxonomy":"product_tag","embeddable":true,"href":"https:\/\/solumeca.com\/index.php?rest_route=%2Fwp%2Fv2%2Fproduct_tag&post=41059"}],"curies":[{"name":"wp","href":"https:\/\/api.w.org\/{rel}","templated":true}]}}