{"id":40513,"date":"2026-03-17T21:40:45","date_gmt":"2026-03-17T20:40:45","guid":{"rendered":"https:\/\/solumeca.com\/?post_type=product&#038;p=40513"},"modified":"2026-03-17T21:41:54","modified_gmt":"2026-03-17T20:41:54","slug":"chaqueta-soldador-size-l-ref-bsx-l","status":"publish","type":"product","link":"https:\/\/solumeca.com\/?product=chaqueta-soldador-size-l-ref-bsx-l","title":{"rendered":"CHAQUETA SOLDADOR SIZE-L &#8211; Ref. BSX-L"},"content":{"rendered":"<div class=\"product-field product-field-type-Y\"><span class=\"product-fields-title-wrapper\"><span class=\"product-fields-title\"><strong>Caracter\u00edsticas y BENEFITS<\/strong><\/span> <\/span><\/p>\n<div class=\"product-field-display\">\n<ul>\n<li>19&#8242; 9 oz. mangas de algod\u00f3n resistentes a las llamas<\/li>\n<li>Amplio brazo superior el\u00e1stico y pu\u00f1o de mu\u00f1eca el\u00e1stico<\/li>\n<li>Capa de refuerzo para la durabilidad<\/li>\n<li>Negro con gr\u00e1ficos de llama roja<\/li>\n<\/ul>\n<\/div>\n<\/div>\n","protected":false},"excerpt":{"rendered":"<p>Caracter\u00edsticas y BENEFITS 19&#8242; 9 oz. mangas de algod\u00f3n resistentes a las llamas Amplio brazo superior el\u00e1stico y pu\u00f1o de mu\u00f1eca el\u00e1stico Capa de refuerzo para la durabilidad Negro con gr\u00e1ficos de llama roja<\/p>\n","protected":false},"featured_media":40592,"comment_status":"closed","ping_status":"closed","template":"","meta":[],"product_brand":[],"product_cat":[411,313],"product_tag":[],"class_list":{"0":"post-40513","1":"product","2":"type-product","3":"status-publish","4":"has-post-thumbnail","6":"product_cat-black-stallion","7":"product_cat-ropa-de-proteccion","9":"first","10":"instock","11":"taxable","12":"shipping-taxable","13":"purchasable","14":"product-type-simple"},"yoast_head":"<!-- This site is optimized with the Yoast SEO Premium plugin v22.5 (Yoast SEO v22.6) - https:\/\/yoast.com\/wordpress\/plugins\/seo\/ -->\n<title>CHAQUETA SOLDADOR SIZE-L - Ref. BSX-L - Herramientas Industriales - Equipos de Seguridad - Solumeca.com<\/title>\n<meta name=\"robots\" content=\"index, follow, max-snippet:-1, max-image-preview:large, max-video-preview:-1\" \/>\n<link rel=\"canonical\" href=\"https:\/\/solumeca.com\/?product=chaqueta-soldador-size-l-ref-bsx-l\" \/>\n<meta property=\"og:locale\" content=\"es_ES\" \/>\n<meta property=\"og:type\" content=\"article\" \/>\n<meta property=\"og:title\" content=\"CHAQUETA SOLDADOR SIZE-L - Ref. BSX-L\" \/>\n<meta property=\"og:description\" content=\"Caracter\u00edsticas y BENEFITS 19&#8242; 9 oz. mangas de algod\u00f3n resistentes a las llamas Amplio brazo superior el\u00e1stico y pu\u00f1o de mu\u00f1eca el\u00e1stico Capa de refuerzo para la durabilidad Negro con gr\u00e1ficos de llama roja\" \/>\n<meta property=\"og:url\" content=\"https:\/\/solumeca.com\/?product=chaqueta-soldador-size-l-ref-bsx-l\" \/>\n<meta property=\"og:site_name\" content=\"Herramientas Industriales - Equipos de Seguridad - Solumeca.com\" \/>\n<meta property=\"article:modified_time\" content=\"2026-03-17T20:41:54+00:00\" \/>\n<meta name=\"twitter:card\" content=\"summary_large_image\" \/>\n<script type=\"application\/ld+json\" class=\"yoast-schema-graph\">{\"@context\":\"https:\/\/schema.org\",\"@graph\":[{\"@type\":\"WebPage\",\"@id\":\"https:\/\/solumeca.com\/?product=chaqueta-soldador-size-l-ref-bsx-l\",\"url\":\"https:\/\/solumeca.com\/?product=chaqueta-soldador-size-l-ref-bsx-l\",\"name\":\"CHAQUETA SOLDADOR SIZE-L - Ref. BSX-L - Herramientas Industriales - Equipos de Seguridad - Solumeca.com\",\"isPartOf\":{\"@id\":\"https:\/\/solumeca.com\/#website\"},\"primaryImageOfPage\":{\"@id\":\"https:\/\/solumeca.com\/?product=chaqueta-soldador-size-l-ref-bsx-l#primaryimage\"},\"image\":{\"@id\":\"https:\/\/solumeca.com\/?product=chaqueta-soldador-size-l-ref-bsx-l#primaryimage\"},\"thumbnailUrl\":\"https:\/\/solumeca.com\/wp-content\/uploads\/2026\/03\/BX9-19S-BK.jpg\",\"datePublished\":\"2026-03-17T20:40:45+00:00\",\"dateModified\":\"2026-03-17T20:41:54+00:00\",\"breadcrumb\":{\"@id\":\"https:\/\/solumeca.com\/?product=chaqueta-soldador-size-l-ref-bsx-l#breadcrumb\"},\"inLanguage\":\"es\",\"potentialAction\":[{\"@type\":\"ReadAction\",\"target\":[\"https:\/\/solumeca.com\/?product=chaqueta-soldador-size-l-ref-bsx-l\"]}]},{\"@type\":\"ImageObject\",\"inLanguage\":\"es\",\"@id\":\"https:\/\/solumeca.com\/?product=chaqueta-soldador-size-l-ref-bsx-l#primaryimage\",\"url\":\"https:\/\/solumeca.com\/wp-content\/uploads\/2026\/03\/BX9-19S-BK.jpg\",\"contentUrl\":\"https:\/\/solumeca.com\/wp-content\/uploads\/2026\/03\/BX9-19S-BK.jpg\",\"width\":1200,\"height\":1200},{\"@type\":\"BreadcrumbList\",\"@id\":\"https:\/\/solumeca.com\/?product=chaqueta-soldador-size-l-ref-bsx-l#breadcrumb\",\"itemListElement\":[{\"@type\":\"ListItem\",\"position\":1,\"name\":\"Portada\",\"item\":\"https:\/\/solumeca.com\/\"},{\"@type\":\"ListItem\",\"position\":2,\"name\":\"Shop\",\"item\":\"https:\/\/solumeca.com\/?page_id=10\"},{\"@type\":\"ListItem\",\"position\":3,\"name\":\"CHAQUETA SOLDADOR SIZE-L &#8211; Ref. BSX-L\"}]},{\"@type\":\"WebSite\",\"@id\":\"https:\/\/solumeca.com\/#website\",\"url\":\"https:\/\/solumeca.com\/\",\"name\":\"SOS Integral - Equipos de Seguridad - Herramientas Industriales\",\"description\":\"Equipos de Seguridad, Santo Domingo, Republica Dominicana, Herramientas Industriales,Tel.: (809) 274-3888 \/ Info@solumeca.com\",\"publisher\":{\"@id\":\"https:\/\/solumeca.com\/#organization\"},\"potentialAction\":[{\"@type\":\"SearchAction\",\"target\":{\"@type\":\"EntryPoint\",\"urlTemplate\":\"https:\/\/solumeca.com\/?s={search_term_string}\"},\"query-input\":\"required name=search_term_string\"}],\"inLanguage\":\"es\"},{\"@type\":\"Organization\",\"@id\":\"https:\/\/solumeca.com\/#organization\",\"name\":\"SOS Integral - Equipos de Seguridad - Herramientas Industriales\",\"url\":\"https:\/\/solumeca.com\/\",\"logo\":{\"@type\":\"ImageObject\",\"inLanguage\":\"es\",\"@id\":\"https:\/\/solumeca.com\/#\/schema\/logo\/image\/\",\"url\":\"https:\/\/solumeca.com\/wp-content\/uploads\/2024\/04\/equipos-de-seguridad-sos-2.png\",\"contentUrl\":\"https:\/\/solumeca.com\/wp-content\/uploads\/2024\/04\/equipos-de-seguridad-sos-2.png\",\"width\":600,\"height\":259,\"caption\":\"SOS Integral - Equipos de Seguridad - Herramientas Industriales\"},\"image\":{\"@id\":\"https:\/\/solumeca.com\/#\/schema\/logo\/image\/\"},\"sameAs\":[\"https:\/\/www.instagram.com\/sosintegralrd\/\"]}]}<\/script>\n<!-- \/ Yoast SEO Premium plugin. -->","yoast_head_json":{"title":"CHAQUETA SOLDADOR SIZE-L - Ref. BSX-L - Herramientas Industriales - Equipos de Seguridad - Solumeca.com","robots":{"index":"index","follow":"follow","max-snippet":"max-snippet:-1","max-image-preview":"max-image-preview:large","max-video-preview":"max-video-preview:-1"},"canonical":"https:\/\/solumeca.com\/?product=chaqueta-soldador-size-l-ref-bsx-l","og_locale":"es_ES","og_type":"article","og_title":"CHAQUETA SOLDADOR SIZE-L - Ref. BSX-L","og_description":"Caracter\u00edsticas y BENEFITS 19&#8242; 9 oz. mangas de algod\u00f3n resistentes a las llamas Amplio brazo superior el\u00e1stico y pu\u00f1o de mu\u00f1eca el\u00e1stico Capa de refuerzo para la durabilidad Negro con gr\u00e1ficos de llama roja","og_url":"https:\/\/solumeca.com\/?product=chaqueta-soldador-size-l-ref-bsx-l","og_site_name":"Herramientas Industriales - Equipos de Seguridad - Solumeca.com","article_modified_time":"2026-03-17T20:41:54+00:00","twitter_card":"summary_large_image","schema":{"@context":"https:\/\/schema.org","@graph":[{"@type":"WebPage","@id":"https:\/\/solumeca.com\/?product=chaqueta-soldador-size-l-ref-bsx-l","url":"https:\/\/solumeca.com\/?product=chaqueta-soldador-size-l-ref-bsx-l","name":"CHAQUETA SOLDADOR SIZE-L - Ref. BSX-L - Herramientas Industriales - Equipos de Seguridad - Solumeca.com","isPartOf":{"@id":"https:\/\/solumeca.com\/#website"},"primaryImageOfPage":{"@id":"https:\/\/solumeca.com\/?product=chaqueta-soldador-size-l-ref-bsx-l#primaryimage"},"image":{"@id":"https:\/\/solumeca.com\/?product=chaqueta-soldador-size-l-ref-bsx-l#primaryimage"},"thumbnailUrl":"https:\/\/solumeca.com\/wp-content\/uploads\/2026\/03\/BX9-19S-BK.jpg","datePublished":"2026-03-17T20:40:45+00:00","dateModified":"2026-03-17T20:41:54+00:00","breadcrumb":{"@id":"https:\/\/solumeca.com\/?product=chaqueta-soldador-size-l-ref-bsx-l#breadcrumb"},"inLanguage":"es","potentialAction":[{"@type":"ReadAction","target":["https:\/\/solumeca.com\/?product=chaqueta-soldador-size-l-ref-bsx-l"]}]},{"@type":"ImageObject","inLanguage":"es","@id":"https:\/\/solumeca.com\/?product=chaqueta-soldador-size-l-ref-bsx-l#primaryimage","url":"https:\/\/solumeca.com\/wp-content\/uploads\/2026\/03\/BX9-19S-BK.jpg","contentUrl":"https:\/\/solumeca.com\/wp-content\/uploads\/2026\/03\/BX9-19S-BK.jpg","width":1200,"height":1200},{"@type":"BreadcrumbList","@id":"https:\/\/solumeca.com\/?product=chaqueta-soldador-size-l-ref-bsx-l#breadcrumb","itemListElement":[{"@type":"ListItem","position":1,"name":"Portada","item":"https:\/\/solumeca.com\/"},{"@type":"ListItem","position":2,"name":"Shop","item":"https:\/\/solumeca.com\/?page_id=10"},{"@type":"ListItem","position":3,"name":"CHAQUETA SOLDADOR SIZE-L &#8211; Ref. BSX-L"}]},{"@type":"WebSite","@id":"https:\/\/solumeca.com\/#website","url":"https:\/\/solumeca.com\/","name":"SOS Integral - Equipos de Seguridad - Herramientas Industriales","description":"Equipos de Seguridad, Santo Domingo, Republica Dominicana, Herramientas Industriales,Tel.: (809) 274-3888 \/ Info@solumeca.com","publisher":{"@id":"https:\/\/solumeca.com\/#organization"},"potentialAction":[{"@type":"SearchAction","target":{"@type":"EntryPoint","urlTemplate":"https:\/\/solumeca.com\/?s={search_term_string}"},"query-input":"required name=search_term_string"}],"inLanguage":"es"},{"@type":"Organization","@id":"https:\/\/solumeca.com\/#organization","name":"SOS Integral - Equipos de Seguridad - Herramientas Industriales","url":"https:\/\/solumeca.com\/","logo":{"@type":"ImageObject","inLanguage":"es","@id":"https:\/\/solumeca.com\/#\/schema\/logo\/image\/","url":"https:\/\/solumeca.com\/wp-content\/uploads\/2024\/04\/equipos-de-seguridad-sos-2.png","contentUrl":"https:\/\/solumeca.com\/wp-content\/uploads\/2024\/04\/equipos-de-seguridad-sos-2.png","width":600,"height":259,"caption":"SOS Integral - Equipos de Seguridad - Herramientas Industriales"},"image":{"@id":"https:\/\/solumeca.com\/#\/schema\/logo\/image\/"},"sameAs":["https:\/\/www.instagram.com\/sosintegralrd\/"]}]}},"_links":{"self":[{"href":"https:\/\/solumeca.com\/index.php?rest_route=\/wp\/v2\/product\/40513","targetHints":{"allow":["GET"]}}],"collection":[{"href":"https:\/\/solumeca.com\/index.php?rest_route=\/wp\/v2\/product"}],"about":[{"href":"https:\/\/solumeca.com\/index.php?rest_route=\/wp\/v2\/types\/product"}],"replies":[{"embeddable":true,"href":"https:\/\/solumeca.com\/index.php?rest_route=%2Fwp%2Fv2%2Fcomments&post=40513"}],"version-history":[{"count":1,"href":"https:\/\/solumeca.com\/index.php?rest_route=\/wp\/v2\/product\/40513\/revisions"}],"predecessor-version":[{"id":40593,"href":"https:\/\/solumeca.com\/index.php?rest_route=\/wp\/v2\/product\/40513\/revisions\/40593"}],"wp:featuredmedia":[{"embeddable":true,"href":"https:\/\/solumeca.com\/index.php?rest_route=\/wp\/v2\/media\/40592"}],"wp:attachment":[{"href":"https:\/\/solumeca.com\/index.php?rest_route=%2Fwp%2Fv2%2Fmedia&parent=40513"}],"wp:term":[{"taxonomy":"product_brand","embeddable":true,"href":"https:\/\/solumeca.com\/index.php?rest_route=%2Fwp%2Fv2%2Fproduct_brand&post=40513"},{"taxonomy":"product_cat","embeddable":true,"href":"https:\/\/solumeca.com\/index.php?rest_route=%2Fwp%2Fv2%2Fproduct_cat&post=40513"},{"taxonomy":"product_tag","embeddable":true,"href":"https:\/\/solumeca.com\/index.php?rest_route=%2Fwp%2Fv2%2Fproduct_tag&post=40513"}],"curies":[{"name":"wp","href":"https:\/\/api.w.org\/{rel}","templated":true}]}}