{"id":40449,"date":"2026-03-17T21:40:16","date_gmt":"2026-03-17T20:40:16","guid":{"rendered":"https:\/\/solumeca.com\/?post_type=product&#038;p=40449"},"modified":"2026-03-17T21:40:28","modified_gmt":"2026-03-17T20:40:28","slug":"llave-combinada-beta","status":"publish","type":"product","link":"https:\/\/solumeca.com\/?product=llave-combinada-beta","title":{"rendered":"LLAVE COMBINADA BETA"},"content":{"rendered":"<p>La nueva llave combinada Beta 42 tiene un dise\u00f1o ergon\u00f3mico que la hace manejable y f\u00e1cil de usar en cualquier espacio. La calidad de los materiales seleccionados y las t\u00e9cnicas de fabricaci\u00f3n empleadas dan como resultado un producto altamente fiable y duradero. El niquelado-cromado garantiza una gran resistencia a la corrosi\u00f3n. El tratamiento t\u00e9rmico aplicado confiere a la llave un alto grado de resistencia, por lo que, incluso en caso de uso indebido, la llave se deformar\u00e1, evitando roturas repentinas y garantizando la m\u00e1xima seguridad.<\/p>\n<p>Caracter\u00edsticas:<br \/>\n\u2022 Pol\u00edgono inclinada 15\u00b0 para reducir el \u00e1ngulo de giro<br \/>\n\u2022 Pol\u00edgono inclinado 15\u00b0 respecto al eje para facilitar el agarre de la llave cuando el espacio es limitado<br \/>\n\u2022 Mayor longitud de la llave que el est\u00e1ndar del mercado, lo que permite alcanzar pares de apriete elevados con menos esfuerzo<br \/>\n\u2022 Grosor de la llave reducido al m\u00ednimo para facilitar la operaci\u00f3n incluso en espacios reducidos<br \/>\n\u2022 Fabricada en acero aleado<\/p>\n","protected":false},"excerpt":{"rendered":"<p>Referencias:<br \/>\nLLAVE COMBINADA 26MM X 26MM 42 BETA \u2013 000420026<br \/>\nLLAVE COMBINADA 25MM X 25MM 42 BETA \u2013 000420025<br \/>\nLLAVE COMBINADA 23MM X 23MM 42 BETA \u2013 000420023<br \/>\nLLAVE COMBINADA 22MM X 22MM 42 BETA \u2013 000420022<br \/>\nLLAVE COMBINADA 21MM X 21MM 42 BETA \u2013 000420021<br \/>\nLLAVE COMBINADA 20MM X 20MM 42 BETA \u2013 000420020<br \/>\nLLAVE COMBINADA 18MM X 18MM 42 BETA \u2013 000420018<br \/>\nLLAVE COMBINADA 16MM X 16MM 42 BETA \u2013 000420016<br \/>\nLLAVE COMBINADA 13MM X 13MM 42 BETA \u2013 000420013<br \/>\nLLAVE COMBINADA 11MM X 11MM 42 BETA \u2013 000420011<br \/>\nLLAVE COMBINADA 9MM X 9MM 42 BETA \u2013 000420009<\/p>\n","protected":false},"featured_media":40491,"comment_status":"closed","ping_status":"closed","template":"","meta":[],"product_brand":[],"product_cat":[408,331,349],"product_tag":[],"class_list":{"0":"post-40449","1":"product","2":"type-product","3":"status-publish","4":"has-post-thumbnail","6":"product_cat-beta-tools","7":"product_cat-llaves","8":"product_cat-llaves-combinadas","10":"first","11":"instock","12":"purchasable","13":"product-type-simple"},"yoast_head":"<!-- This site is optimized with the Yoast SEO Premium plugin v22.5 (Yoast SEO v22.6) - https:\/\/yoast.com\/wordpress\/plugins\/seo\/ -->\n<title>LLAVE COMBINADA BETA - Herramientas Industriales - Equipos de Seguridad - Solumeca.com<\/title>\n<meta name=\"robots\" content=\"index, follow, max-snippet:-1, max-image-preview:large, max-video-preview:-1\" \/>\n<link rel=\"canonical\" href=\"https:\/\/solumeca.com\/?product=llave-combinada-beta\" \/>\n<meta property=\"og:locale\" content=\"es_ES\" \/>\n<meta property=\"og:type\" content=\"article\" \/>\n<meta property=\"og:title\" content=\"LLAVE COMBINADA BETA\" \/>\n<meta property=\"og:description\" content=\"Referencias: LLAVE COMBINADA 26MM X 26MM 42 BETA \u2013 000420026 LLAVE COMBINADA 25MM X 25MM 42 BETA \u2013 000420025 LLAVE COMBINADA 23MM X 23MM 42 BETA \u2013 000420023 LLAVE COMBINADA 22MM X 22MM 42 BETA \u2013 000420022 LLAVE COMBINADA 21MM X 21MM 42 BETA \u2013 000420021 LLAVE COMBINADA 20MM X 20MM 42 BETA \u2013 000420020 LLAVE COMBINADA 18MM X 18MM 42 BETA \u2013 000420018 LLAVE COMBINADA 16MM X 16MM 42 BETA \u2013 000420016 LLAVE COMBINADA 13MM X 13MM 42 BETA \u2013 000420013 LLAVE COMBINADA 11MM X 11MM 42 BETA \u2013 000420011 LLAVE COMBINADA 9MM X 9MM 42 BETA \u2013 000420009\" \/>\n<meta property=\"og:url\" content=\"https:\/\/solumeca.com\/?product=llave-combinada-beta\" \/>\n<meta property=\"og:site_name\" content=\"Herramientas Industriales - Equipos de Seguridad - Solumeca.com\" \/>\n<meta property=\"article:modified_time\" content=\"2026-03-17T20:40:28+00:00\" \/>\n<meta name=\"twitter:card\" content=\"summary_large_image\" \/>\n<meta name=\"twitter:label1\" content=\"Tiempo de lectura\" \/>\n\t<meta name=\"twitter:data1\" content=\"1 minuto\" \/>\n<script type=\"application\/ld+json\" class=\"yoast-schema-graph\">{\"@context\":\"https:\/\/schema.org\",\"@graph\":[{\"@type\":\"WebPage\",\"@id\":\"https:\/\/solumeca.com\/?product=llave-combinada-beta\",\"url\":\"https:\/\/solumeca.com\/?product=llave-combinada-beta\",\"name\":\"LLAVE COMBINADA BETA - Herramientas Industriales - Equipos de Seguridad - Solumeca.com\",\"isPartOf\":{\"@id\":\"https:\/\/solumeca.com\/#website\"},\"primaryImageOfPage\":{\"@id\":\"https:\/\/solumeca.com\/?product=llave-combinada-beta#primaryimage\"},\"image\":{\"@id\":\"https:\/\/solumeca.com\/?product=llave-combinada-beta#primaryimage\"},\"thumbnailUrl\":\"https:\/\/solumeca.com\/wp-content\/uploads\/2026\/03\/42_foto_01.jpg\",\"datePublished\":\"2026-03-17T20:40:16+00:00\",\"dateModified\":\"2026-03-17T20:40:28+00:00\",\"breadcrumb\":{\"@id\":\"https:\/\/solumeca.com\/?product=llave-combinada-beta#breadcrumb\"},\"inLanguage\":\"es\",\"potentialAction\":[{\"@type\":\"ReadAction\",\"target\":[\"https:\/\/solumeca.com\/?product=llave-combinada-beta\"]}]},{\"@type\":\"ImageObject\",\"inLanguage\":\"es\",\"@id\":\"https:\/\/solumeca.com\/?product=llave-combinada-beta#primaryimage\",\"url\":\"https:\/\/solumeca.com\/wp-content\/uploads\/2026\/03\/42_foto_01.jpg\",\"contentUrl\":\"https:\/\/solumeca.com\/wp-content\/uploads\/2026\/03\/42_foto_01.jpg\",\"width\":600,\"height\":600},{\"@type\":\"BreadcrumbList\",\"@id\":\"https:\/\/solumeca.com\/?product=llave-combinada-beta#breadcrumb\",\"itemListElement\":[{\"@type\":\"ListItem\",\"position\":1,\"name\":\"Portada\",\"item\":\"https:\/\/solumeca.com\/\"},{\"@type\":\"ListItem\",\"position\":2,\"name\":\"Shop\",\"item\":\"https:\/\/solumeca.com\/?page_id=10\"},{\"@type\":\"ListItem\",\"position\":3,\"name\":\"LLAVE COMBINADA BETA\"}]},{\"@type\":\"WebSite\",\"@id\":\"https:\/\/solumeca.com\/#website\",\"url\":\"https:\/\/solumeca.com\/\",\"name\":\"SOS Integral - Equipos de Seguridad - Herramientas Industriales\",\"description\":\"Equipos de Seguridad, Santo Domingo, Republica Dominicana, Herramientas Industriales,Tel.: (809) 274-3888 \/ Info@solumeca.com\",\"publisher\":{\"@id\":\"https:\/\/solumeca.com\/#organization\"},\"potentialAction\":[{\"@type\":\"SearchAction\",\"target\":{\"@type\":\"EntryPoint\",\"urlTemplate\":\"https:\/\/solumeca.com\/?s={search_term_string}\"},\"query-input\":\"required name=search_term_string\"}],\"inLanguage\":\"es\"},{\"@type\":\"Organization\",\"@id\":\"https:\/\/solumeca.com\/#organization\",\"name\":\"SOS Integral - Equipos de Seguridad - Herramientas Industriales\",\"url\":\"https:\/\/solumeca.com\/\",\"logo\":{\"@type\":\"ImageObject\",\"inLanguage\":\"es\",\"@id\":\"https:\/\/solumeca.com\/#\/schema\/logo\/image\/\",\"url\":\"https:\/\/solumeca.com\/wp-content\/uploads\/2024\/04\/equipos-de-seguridad-sos-2.png\",\"contentUrl\":\"https:\/\/solumeca.com\/wp-content\/uploads\/2024\/04\/equipos-de-seguridad-sos-2.png\",\"width\":600,\"height\":259,\"caption\":\"SOS Integral - Equipos de Seguridad - Herramientas Industriales\"},\"image\":{\"@id\":\"https:\/\/solumeca.com\/#\/schema\/logo\/image\/\"},\"sameAs\":[\"https:\/\/www.instagram.com\/sosintegralrd\/\"]}]}<\/script>\n<!-- \/ Yoast SEO Premium plugin. -->","yoast_head_json":{"title":"LLAVE COMBINADA BETA - Herramientas Industriales - Equipos de Seguridad - Solumeca.com","robots":{"index":"index","follow":"follow","max-snippet":"max-snippet:-1","max-image-preview":"max-image-preview:large","max-video-preview":"max-video-preview:-1"},"canonical":"https:\/\/solumeca.com\/?product=llave-combinada-beta","og_locale":"es_ES","og_type":"article","og_title":"LLAVE COMBINADA BETA","og_description":"Referencias: LLAVE COMBINADA 26MM X 26MM 42 BETA \u2013 000420026 LLAVE COMBINADA 25MM X 25MM 42 BETA \u2013 000420025 LLAVE COMBINADA 23MM X 23MM 42 BETA \u2013 000420023 LLAVE COMBINADA 22MM X 22MM 42 BETA \u2013 000420022 LLAVE COMBINADA 21MM X 21MM 42 BETA \u2013 000420021 LLAVE COMBINADA 20MM X 20MM 42 BETA \u2013 000420020 LLAVE COMBINADA 18MM X 18MM 42 BETA \u2013 000420018 LLAVE COMBINADA 16MM X 16MM 42 BETA \u2013 000420016 LLAVE COMBINADA 13MM X 13MM 42 BETA \u2013 000420013 LLAVE COMBINADA 11MM X 11MM 42 BETA \u2013 000420011 LLAVE COMBINADA 9MM X 9MM 42 BETA \u2013 000420009","og_url":"https:\/\/solumeca.com\/?product=llave-combinada-beta","og_site_name":"Herramientas Industriales - Equipos de Seguridad - Solumeca.com","article_modified_time":"2026-03-17T20:40:28+00:00","twitter_card":"summary_large_image","twitter_misc":{"Tiempo de lectura":"1 minuto"},"schema":{"@context":"https:\/\/schema.org","@graph":[{"@type":"WebPage","@id":"https:\/\/solumeca.com\/?product=llave-combinada-beta","url":"https:\/\/solumeca.com\/?product=llave-combinada-beta","name":"LLAVE COMBINADA BETA - Herramientas Industriales - Equipos de Seguridad - Solumeca.com","isPartOf":{"@id":"https:\/\/solumeca.com\/#website"},"primaryImageOfPage":{"@id":"https:\/\/solumeca.com\/?product=llave-combinada-beta#primaryimage"},"image":{"@id":"https:\/\/solumeca.com\/?product=llave-combinada-beta#primaryimage"},"thumbnailUrl":"https:\/\/solumeca.com\/wp-content\/uploads\/2026\/03\/42_foto_01.jpg","datePublished":"2026-03-17T20:40:16+00:00","dateModified":"2026-03-17T20:40:28+00:00","breadcrumb":{"@id":"https:\/\/solumeca.com\/?product=llave-combinada-beta#breadcrumb"},"inLanguage":"es","potentialAction":[{"@type":"ReadAction","target":["https:\/\/solumeca.com\/?product=llave-combinada-beta"]}]},{"@type":"ImageObject","inLanguage":"es","@id":"https:\/\/solumeca.com\/?product=llave-combinada-beta#primaryimage","url":"https:\/\/solumeca.com\/wp-content\/uploads\/2026\/03\/42_foto_01.jpg","contentUrl":"https:\/\/solumeca.com\/wp-content\/uploads\/2026\/03\/42_foto_01.jpg","width":600,"height":600},{"@type":"BreadcrumbList","@id":"https:\/\/solumeca.com\/?product=llave-combinada-beta#breadcrumb","itemListElement":[{"@type":"ListItem","position":1,"name":"Portada","item":"https:\/\/solumeca.com\/"},{"@type":"ListItem","position":2,"name":"Shop","item":"https:\/\/solumeca.com\/?page_id=10"},{"@type":"ListItem","position":3,"name":"LLAVE COMBINADA BETA"}]},{"@type":"WebSite","@id":"https:\/\/solumeca.com\/#website","url":"https:\/\/solumeca.com\/","name":"SOS Integral - Equipos de Seguridad - Herramientas Industriales","description":"Equipos de Seguridad, Santo Domingo, Republica Dominicana, Herramientas Industriales,Tel.: (809) 274-3888 \/ Info@solumeca.com","publisher":{"@id":"https:\/\/solumeca.com\/#organization"},"potentialAction":[{"@type":"SearchAction","target":{"@type":"EntryPoint","urlTemplate":"https:\/\/solumeca.com\/?s={search_term_string}"},"query-input":"required name=search_term_string"}],"inLanguage":"es"},{"@type":"Organization","@id":"https:\/\/solumeca.com\/#organization","name":"SOS Integral - Equipos de Seguridad - Herramientas Industriales","url":"https:\/\/solumeca.com\/","logo":{"@type":"ImageObject","inLanguage":"es","@id":"https:\/\/solumeca.com\/#\/schema\/logo\/image\/","url":"https:\/\/solumeca.com\/wp-content\/uploads\/2024\/04\/equipos-de-seguridad-sos-2.png","contentUrl":"https:\/\/solumeca.com\/wp-content\/uploads\/2024\/04\/equipos-de-seguridad-sos-2.png","width":600,"height":259,"caption":"SOS Integral - Equipos de Seguridad - Herramientas Industriales"},"image":{"@id":"https:\/\/solumeca.com\/#\/schema\/logo\/image\/"},"sameAs":["https:\/\/www.instagram.com\/sosintegralrd\/"]}]}},"_links":{"self":[{"href":"https:\/\/solumeca.com\/index.php?rest_route=\/wp\/v2\/product\/40449","targetHints":{"allow":["GET"]}}],"collection":[{"href":"https:\/\/solumeca.com\/index.php?rest_route=\/wp\/v2\/product"}],"about":[{"href":"https:\/\/solumeca.com\/index.php?rest_route=\/wp\/v2\/types\/product"}],"replies":[{"embeddable":true,"href":"https:\/\/solumeca.com\/index.php?rest_route=%2Fwp%2Fv2%2Fcomments&post=40449"}],"version-history":[{"count":1,"href":"https:\/\/solumeca.com\/index.php?rest_route=\/wp\/v2\/product\/40449\/revisions"}],"predecessor-version":[{"id":40492,"href":"https:\/\/solumeca.com\/index.php?rest_route=\/wp\/v2\/product\/40449\/revisions\/40492"}],"wp:featuredmedia":[{"embeddable":true,"href":"https:\/\/solumeca.com\/index.php?rest_route=\/wp\/v2\/media\/40491"}],"wp:attachment":[{"href":"https:\/\/solumeca.com\/index.php?rest_route=%2Fwp%2Fv2%2Fmedia&parent=40449"}],"wp:term":[{"taxonomy":"product_brand","embeddable":true,"href":"https:\/\/solumeca.com\/index.php?rest_route=%2Fwp%2Fv2%2Fproduct_brand&post=40449"},{"taxonomy":"product_cat","embeddable":true,"href":"https:\/\/solumeca.com\/index.php?rest_route=%2Fwp%2Fv2%2Fproduct_cat&post=40449"},{"taxonomy":"product_tag","embeddable":true,"href":"https:\/\/solumeca.com\/index.php?rest_route=%2Fwp%2Fv2%2Fproduct_tag&post=40449"}],"curies":[{"name":"wp","href":"https:\/\/api.w.org\/{rel}","templated":true}]}}