{"id":39734,"date":"2026-03-17T21:34:12","date_gmt":"2026-03-17T20:34:12","guid":{"rendered":"https:\/\/solumeca.com\/?post_type=product&#038;p=39734"},"modified":"2026-03-17T21:34:17","modified_gmt":"2026-03-17T20:34:17","slug":"botas-isis-lady-sizes-isis","status":"publish","type":"product","link":"https:\/\/solumeca.com\/?product=botas-isis-lady-sizes-isis","title":{"rendered":"BOTAS ISIS LADY SIZES &#8211; ISIS"},"content":{"rendered":"<p>El Safety Jogger ISIS es un zapato de seguridad de ca\u00f1a media para mujer. Su resistencia al deslizamiento SR garantiza un agarre firme en superficies de acero y cer\u00e1mica, mientras que la puntera de composite proporciona una protecci\u00f3n ligera y sin metal. La parte superior impermeable mantiene los pies secos y el SJ Flex ofrece resistencia a las perforaciones sin a\u00f1adir peso. Ideal para sectores como la automoci\u00f3n, la construcci\u00f3n y la log\u00edstica, este calzado tambi\u00e9n ofrece alivio del dolor postural y una plantilla personalizable para mayor comodidad. Tanto en entornos h\u00famedos como secos, disfrute de pies menos sudorosos y protecci\u00f3n contra la ca\u00edda de objetos.<\/p>\n<p>Previene chispas o descargas est\u00e1ticas<br \/>\nAnti-rozaduras<br \/>\nPlantilla personalizable<br \/>\nAjuste ortop\u00e9dico (Neskrid)<br \/>\nProtecci\u00f3n de los dedos<br \/>\nImpermeable<br \/>\nAntideslizante<br \/>\nEntresuela resistente a las perforaciones<\/p>\n","protected":false},"excerpt":{"rendered":"<p>El Safety Jogger ISIS es un zapato de seguridad de ca\u00f1a media para mujer. Su resistencia al deslizamiento SR garantiza un agarre firme en superficies de acero y cer\u00e1mica, mientras que la puntera de composite proporciona una protecci\u00f3n ligera y sin metal. La parte superior impermeable mantiene los pies secos y el SJ Flex ofrece<\/p>\n<div class=\"klb-readmore button\"><a class=\"btn link\" href=\"https:\/\/solumeca.com\/?product=botas-isis-lady-sizes-isis\">Read More <i class=\"klbth-icon-right-arrow\"><\/i><\/a><\/div>\n","protected":false},"featured_media":32773,"comment_status":"closed","ping_status":"closed","template":"","meta":[],"product_brand":[],"product_cat":[310,400],"product_tag":[],"class_list":{"0":"post-39734","1":"product","2":"type-product","3":"status-publish","4":"has-post-thumbnail","6":"product_cat-calzados-de-seguridad","7":"product_cat-safety-jogger","9":"first","10":"instock","11":"purchasable","12":"product-type-simple"},"yoast_head":"<!-- This site is optimized with the Yoast SEO Premium plugin v22.5 (Yoast SEO v22.6) - https:\/\/yoast.com\/wordpress\/plugins\/seo\/ -->\n<title>BOTAS ISIS LADY SIZES - ISIS - Herramientas Industriales - Equipos de Seguridad - Solumeca.com<\/title>\n<meta name=\"robots\" content=\"index, follow, max-snippet:-1, max-image-preview:large, max-video-preview:-1\" \/>\n<link rel=\"canonical\" href=\"https:\/\/solumeca.com\/?product=botas-isis-lady-sizes-isis\" \/>\n<meta property=\"og:locale\" content=\"es_ES\" \/>\n<meta property=\"og:type\" content=\"article\" \/>\n<meta property=\"og:title\" content=\"BOTAS ISIS LADY SIZES - ISIS\" \/>\n<meta property=\"og:description\" content=\"El Safety Jogger ISIS es un zapato de seguridad de ca\u00f1a media para mujer. Su resistencia al deslizamiento SR garantiza un agarre firme en superficies de acero y cer\u00e1mica, mientras que la puntera de composite proporciona una protecci\u00f3n ligera y sin metal. La parte superior impermeable mantiene los pies secos y el SJ Flex ofreceRead More\" \/>\n<meta property=\"og:url\" content=\"https:\/\/solumeca.com\/?product=botas-isis-lady-sizes-isis\" \/>\n<meta property=\"og:site_name\" content=\"Herramientas Industriales - Equipos de Seguridad - Solumeca.com\" \/>\n<meta property=\"article:modified_time\" content=\"2026-03-17T20:34:17+00:00\" \/>\n<meta name=\"twitter:card\" content=\"summary_large_image\" \/>\n<meta name=\"twitter:label1\" content=\"Tiempo de lectura\" \/>\n\t<meta name=\"twitter:data1\" content=\"1 minuto\" \/>\n<script type=\"application\/ld+json\" class=\"yoast-schema-graph\">{\"@context\":\"https:\/\/schema.org\",\"@graph\":[{\"@type\":\"WebPage\",\"@id\":\"https:\/\/solumeca.com\/?product=botas-isis-lady-sizes-isis\",\"url\":\"https:\/\/solumeca.com\/?product=botas-isis-lady-sizes-isis\",\"name\":\"BOTAS ISIS LADY SIZES - ISIS - Herramientas Industriales - Equipos de Seguridad - Solumeca.com\",\"isPartOf\":{\"@id\":\"https:\/\/solumeca.com\/#website\"},\"primaryImageOfPage\":{\"@id\":\"https:\/\/solumeca.com\/?product=botas-isis-lady-sizes-isis#primaryimage\"},\"image\":{\"@id\":\"https:\/\/solumeca.com\/?product=botas-isis-lady-sizes-isis#primaryimage\"},\"thumbnailUrl\":\"https:\/\/solumeca.com\/wp-content\/uploads\/2026\/03\/ISIS-210-WEB03.webp\",\"datePublished\":\"2026-03-17T20:34:12+00:00\",\"dateModified\":\"2026-03-17T20:34:17+00:00\",\"breadcrumb\":{\"@id\":\"https:\/\/solumeca.com\/?product=botas-isis-lady-sizes-isis#breadcrumb\"},\"inLanguage\":\"es\",\"potentialAction\":[{\"@type\":\"ReadAction\",\"target\":[\"https:\/\/solumeca.com\/?product=botas-isis-lady-sizes-isis\"]}]},{\"@type\":\"ImageObject\",\"inLanguage\":\"es\",\"@id\":\"https:\/\/solumeca.com\/?product=botas-isis-lady-sizes-isis#primaryimage\",\"url\":\"https:\/\/solumeca.com\/wp-content\/uploads\/2026\/03\/ISIS-210-WEB03.webp\",\"contentUrl\":\"https:\/\/solumeca.com\/wp-content\/uploads\/2026\/03\/ISIS-210-WEB03.webp\",\"width\":800,\"height\":800},{\"@type\":\"BreadcrumbList\",\"@id\":\"https:\/\/solumeca.com\/?product=botas-isis-lady-sizes-isis#breadcrumb\",\"itemListElement\":[{\"@type\":\"ListItem\",\"position\":1,\"name\":\"Portada\",\"item\":\"https:\/\/solumeca.com\/\"},{\"@type\":\"ListItem\",\"position\":2,\"name\":\"Shop\",\"item\":\"https:\/\/solumeca.com\/?page_id=10\"},{\"@type\":\"ListItem\",\"position\":3,\"name\":\"BOTAS ISIS LADY SIZES &#8211; ISIS\"}]},{\"@type\":\"WebSite\",\"@id\":\"https:\/\/solumeca.com\/#website\",\"url\":\"https:\/\/solumeca.com\/\",\"name\":\"SOS Integral - Equipos de Seguridad - Herramientas Industriales\",\"description\":\"Equipos de Seguridad, Santo Domingo, Republica Dominicana, Herramientas Industriales,Tel.: (809) 274-3888 \/ Info@solumeca.com\",\"publisher\":{\"@id\":\"https:\/\/solumeca.com\/#organization\"},\"potentialAction\":[{\"@type\":\"SearchAction\",\"target\":{\"@type\":\"EntryPoint\",\"urlTemplate\":\"https:\/\/solumeca.com\/?s={search_term_string}\"},\"query-input\":\"required name=search_term_string\"}],\"inLanguage\":\"es\"},{\"@type\":\"Organization\",\"@id\":\"https:\/\/solumeca.com\/#organization\",\"name\":\"SOS Integral - Equipos de Seguridad - Herramientas Industriales\",\"url\":\"https:\/\/solumeca.com\/\",\"logo\":{\"@type\":\"ImageObject\",\"inLanguage\":\"es\",\"@id\":\"https:\/\/solumeca.com\/#\/schema\/logo\/image\/\",\"url\":\"https:\/\/solumeca.com\/wp-content\/uploads\/2024\/04\/equipos-de-seguridad-sos-2.png\",\"contentUrl\":\"https:\/\/solumeca.com\/wp-content\/uploads\/2024\/04\/equipos-de-seguridad-sos-2.png\",\"width\":600,\"height\":259,\"caption\":\"SOS Integral - Equipos de Seguridad - Herramientas Industriales\"},\"image\":{\"@id\":\"https:\/\/solumeca.com\/#\/schema\/logo\/image\/\"},\"sameAs\":[\"https:\/\/www.instagram.com\/sosintegralrd\/\"]}]}<\/script>\n<!-- \/ Yoast SEO Premium plugin. -->","yoast_head_json":{"title":"BOTAS ISIS LADY SIZES - ISIS - Herramientas Industriales - Equipos de Seguridad - Solumeca.com","robots":{"index":"index","follow":"follow","max-snippet":"max-snippet:-1","max-image-preview":"max-image-preview:large","max-video-preview":"max-video-preview:-1"},"canonical":"https:\/\/solumeca.com\/?product=botas-isis-lady-sizes-isis","og_locale":"es_ES","og_type":"article","og_title":"BOTAS ISIS LADY SIZES - ISIS","og_description":"El Safety Jogger ISIS es un zapato de seguridad de ca\u00f1a media para mujer. Su resistencia al deslizamiento SR garantiza un agarre firme en superficies de acero y cer\u00e1mica, mientras que la puntera de composite proporciona una protecci\u00f3n ligera y sin metal. La parte superior impermeable mantiene los pies secos y el SJ Flex ofreceRead More","og_url":"https:\/\/solumeca.com\/?product=botas-isis-lady-sizes-isis","og_site_name":"Herramientas Industriales - Equipos de Seguridad - Solumeca.com","article_modified_time":"2026-03-17T20:34:17+00:00","twitter_card":"summary_large_image","twitter_misc":{"Tiempo de lectura":"1 minuto"},"schema":{"@context":"https:\/\/schema.org","@graph":[{"@type":"WebPage","@id":"https:\/\/solumeca.com\/?product=botas-isis-lady-sizes-isis","url":"https:\/\/solumeca.com\/?product=botas-isis-lady-sizes-isis","name":"BOTAS ISIS LADY SIZES - ISIS - Herramientas Industriales - Equipos de Seguridad - Solumeca.com","isPartOf":{"@id":"https:\/\/solumeca.com\/#website"},"primaryImageOfPage":{"@id":"https:\/\/solumeca.com\/?product=botas-isis-lady-sizes-isis#primaryimage"},"image":{"@id":"https:\/\/solumeca.com\/?product=botas-isis-lady-sizes-isis#primaryimage"},"thumbnailUrl":"https:\/\/solumeca.com\/wp-content\/uploads\/2026\/03\/ISIS-210-WEB03.webp","datePublished":"2026-03-17T20:34:12+00:00","dateModified":"2026-03-17T20:34:17+00:00","breadcrumb":{"@id":"https:\/\/solumeca.com\/?product=botas-isis-lady-sizes-isis#breadcrumb"},"inLanguage":"es","potentialAction":[{"@type":"ReadAction","target":["https:\/\/solumeca.com\/?product=botas-isis-lady-sizes-isis"]}]},{"@type":"ImageObject","inLanguage":"es","@id":"https:\/\/solumeca.com\/?product=botas-isis-lady-sizes-isis#primaryimage","url":"https:\/\/solumeca.com\/wp-content\/uploads\/2026\/03\/ISIS-210-WEB03.webp","contentUrl":"https:\/\/solumeca.com\/wp-content\/uploads\/2026\/03\/ISIS-210-WEB03.webp","width":800,"height":800},{"@type":"BreadcrumbList","@id":"https:\/\/solumeca.com\/?product=botas-isis-lady-sizes-isis#breadcrumb","itemListElement":[{"@type":"ListItem","position":1,"name":"Portada","item":"https:\/\/solumeca.com\/"},{"@type":"ListItem","position":2,"name":"Shop","item":"https:\/\/solumeca.com\/?page_id=10"},{"@type":"ListItem","position":3,"name":"BOTAS ISIS LADY SIZES &#8211; ISIS"}]},{"@type":"WebSite","@id":"https:\/\/solumeca.com\/#website","url":"https:\/\/solumeca.com\/","name":"SOS Integral - Equipos de Seguridad - Herramientas Industriales","description":"Equipos de Seguridad, Santo Domingo, Republica Dominicana, Herramientas Industriales,Tel.: (809) 274-3888 \/ Info@solumeca.com","publisher":{"@id":"https:\/\/solumeca.com\/#organization"},"potentialAction":[{"@type":"SearchAction","target":{"@type":"EntryPoint","urlTemplate":"https:\/\/solumeca.com\/?s={search_term_string}"},"query-input":"required name=search_term_string"}],"inLanguage":"es"},{"@type":"Organization","@id":"https:\/\/solumeca.com\/#organization","name":"SOS Integral - Equipos de Seguridad - Herramientas Industriales","url":"https:\/\/solumeca.com\/","logo":{"@type":"ImageObject","inLanguage":"es","@id":"https:\/\/solumeca.com\/#\/schema\/logo\/image\/","url":"https:\/\/solumeca.com\/wp-content\/uploads\/2024\/04\/equipos-de-seguridad-sos-2.png","contentUrl":"https:\/\/solumeca.com\/wp-content\/uploads\/2024\/04\/equipos-de-seguridad-sos-2.png","width":600,"height":259,"caption":"SOS Integral - Equipos de Seguridad - Herramientas Industriales"},"image":{"@id":"https:\/\/solumeca.com\/#\/schema\/logo\/image\/"},"sameAs":["https:\/\/www.instagram.com\/sosintegralrd\/"]}]}},"_links":{"self":[{"href":"https:\/\/solumeca.com\/index.php?rest_route=\/wp\/v2\/product\/39734","targetHints":{"allow":["GET"]}}],"collection":[{"href":"https:\/\/solumeca.com\/index.php?rest_route=\/wp\/v2\/product"}],"about":[{"href":"https:\/\/solumeca.com\/index.php?rest_route=\/wp\/v2\/types\/product"}],"replies":[{"embeddable":true,"href":"https:\/\/solumeca.com\/index.php?rest_route=%2Fwp%2Fv2%2Fcomments&post=39734"}],"version-history":[{"count":1,"href":"https:\/\/solumeca.com\/index.php?rest_route=\/wp\/v2\/product\/39734\/revisions"}],"predecessor-version":[{"id":39759,"href":"https:\/\/solumeca.com\/index.php?rest_route=\/wp\/v2\/product\/39734\/revisions\/39759"}],"wp:featuredmedia":[{"embeddable":true,"href":"https:\/\/solumeca.com\/index.php?rest_route=\/wp\/v2\/media\/32773"}],"wp:attachment":[{"href":"https:\/\/solumeca.com\/index.php?rest_route=%2Fwp%2Fv2%2Fmedia&parent=39734"}],"wp:term":[{"taxonomy":"product_brand","embeddable":true,"href":"https:\/\/solumeca.com\/index.php?rest_route=%2Fwp%2Fv2%2Fproduct_brand&post=39734"},{"taxonomy":"product_cat","embeddable":true,"href":"https:\/\/solumeca.com\/index.php?rest_route=%2Fwp%2Fv2%2Fproduct_cat&post=39734"},{"taxonomy":"product_tag","embeddable":true,"href":"https:\/\/solumeca.com\/index.php?rest_route=%2Fwp%2Fv2%2Fproduct_tag&post=39734"}],"curies":[{"name":"wp","href":"https:\/\/api.w.org\/{rel}","templated":true}]}}