{"id":39427,"date":"2026-03-17T21:31:54","date_gmt":"2026-03-17T20:31:54","guid":{"rendered":"https:\/\/solumeca.com\/?post_type=product&#038;p=39427"},"modified":"2026-03-17T21:32:00","modified_gmt":"2026-03-17T20:32:00","slug":"sierra-circular-de-7-1-4-1800w-110v-modelodwe575-b3-dewalt-ref-dwe575-b3","status":"publish","type":"product","link":"https:\/\/solumeca.com\/?product=sierra-circular-de-7-1-4-1800w-110v-modelodwe575-b3-dewalt-ref-dwe575-b3","title":{"rendered":"SIERRA CIRCULAR DE 7-1\/4&#8243; 1800W 110V MODELO:DWE575-B3 DEWALT &#8211; Ref.DWE575-B3"},"content":{"rendered":"<p>La Sierra Circular El\u00e9ctrica de 7-1\/4&#8243; (185mm) de 1800W tiene un dise\u00f1o de guarda con pesta\u00f1a que permite cortes en todos los \u00e1ngulos sin atascarse y un ajuste de \u00e1ngulo de bisel hasta 57\u00b0, topes de bisel de 22.5\u00b0 y 45\u00b0. Su guarda protectora con sistema retr\u00e1ctil de alta durabilidad.<\/p>\n<ul class=\"feature-ul\">\n<li class=\"feature-list-li\">Poderoso motor de 1800 W<\/li>\n<li class=\"feature-list-li\">Empu\u00f1adura ergon\u00f3mica con superficie contorneada<\/li>\n<li class=\"feature-list-li\">Empu\u00f1adura frontal integrada<\/li>\n<\/ul>\n","protected":false},"excerpt":{"rendered":"<p>La Sierra Circular El\u00e9ctrica de 7-1\/4&#8243; (185mm) de 1800W tiene un dise\u00f1o de guarda con pesta\u00f1a que permite cortes en todos los \u00e1ngulos sin atascarse y un ajuste de \u00e1ngulo de bisel hasta 57\u00b0, topes de bisel de 22.5\u00b0 y 45\u00b0. Su guarda protectora con sistema retr\u00e1ctil de alta durabilidad. Poderoso motor de 1800 W<\/p>\n<div class=\"klb-readmore button\"><a class=\"btn link\" href=\"https:\/\/solumeca.com\/?product=sierra-circular-de-7-1-4-1800w-110v-modelodwe575-b3-dewalt-ref-dwe575-b3\">Read More <i class=\"klbth-icon-right-arrow\"><\/i><\/a><\/div>\n","protected":false},"featured_media":32020,"comment_status":"closed","ping_status":"closed","template":"","meta":[],"product_brand":[],"product_cat":[373],"product_tag":[],"class_list":{"0":"post-39427","1":"product","2":"type-product","3":"status-publish","4":"has-post-thumbnail","6":"product_cat-dewalt","8":"first","9":"instock","10":"taxable","11":"shipping-taxable","12":"purchasable","13":"product-type-simple"},"yoast_head":"<!-- This site is optimized with the Yoast SEO Premium plugin v22.5 (Yoast SEO v22.6) - https:\/\/yoast.com\/wordpress\/plugins\/seo\/ -->\n<title>SIERRA CIRCULAR DE 7-1\/4&quot; 1800W 110V MODELO:DWE575-B3 DEWALT - Ref.DWE575-B3 - Herramientas Industriales - Equipos de Seguridad - Solumeca.com<\/title>\n<meta name=\"robots\" content=\"index, follow, max-snippet:-1, max-image-preview:large, max-video-preview:-1\" \/>\n<link rel=\"canonical\" href=\"https:\/\/solumeca.com\/?product=sierra-circular-de-7-1-4-1800w-110v-modelodwe575-b3-dewalt-ref-dwe575-b3\" \/>\n<meta property=\"og:locale\" content=\"es_ES\" \/>\n<meta property=\"og:type\" content=\"article\" \/>\n<meta property=\"og:title\" content=\"SIERRA CIRCULAR DE 7-1\/4&quot; 1800W 110V MODELO:DWE575-B3 DEWALT - Ref.DWE575-B3\" \/>\n<meta property=\"og:description\" content=\"La Sierra Circular El\u00e9ctrica de 7-1\/4&#8243; (185mm) de 1800W tiene un dise\u00f1o de guarda con pesta\u00f1a que permite cortes en todos los \u00e1ngulos sin atascarse y un ajuste de \u00e1ngulo de bisel hasta 57\u00b0, topes de bisel de 22.5\u00b0 y 45\u00b0. Su guarda protectora con sistema retr\u00e1ctil de alta durabilidad. Poderoso motor de 1800 WRead More\" \/>\n<meta property=\"og:url\" content=\"https:\/\/solumeca.com\/?product=sierra-circular-de-7-1-4-1800w-110v-modelodwe575-b3-dewalt-ref-dwe575-b3\" \/>\n<meta property=\"og:site_name\" content=\"Herramientas Industriales - Equipos de Seguridad - Solumeca.com\" \/>\n<meta property=\"article:modified_time\" content=\"2026-03-17T20:32:00+00:00\" \/>\n<meta name=\"twitter:card\" content=\"summary_large_image\" \/>\n<script type=\"application\/ld+json\" class=\"yoast-schema-graph\">{\"@context\":\"https:\/\/schema.org\",\"@graph\":[{\"@type\":\"WebPage\",\"@id\":\"https:\/\/solumeca.com\/?product=sierra-circular-de-7-1-4-1800w-110v-modelodwe575-b3-dewalt-ref-dwe575-b3\",\"url\":\"https:\/\/solumeca.com\/?product=sierra-circular-de-7-1-4-1800w-110v-modelodwe575-b3-dewalt-ref-dwe575-b3\",\"name\":\"SIERRA CIRCULAR DE 7-1\/4\\\" 1800W 110V MODELO:DWE575-B3 DEWALT - Ref.DWE575-B3 - Herramientas Industriales - Equipos de Seguridad - Solumeca.com\",\"isPartOf\":{\"@id\":\"https:\/\/solumeca.com\/#website\"},\"primaryImageOfPage\":{\"@id\":\"https:\/\/solumeca.com\/?product=sierra-circular-de-7-1-4-1800w-110v-modelodwe575-b3-dewalt-ref-dwe575-b3#primaryimage\"},\"image\":{\"@id\":\"https:\/\/solumeca.com\/?product=sierra-circular-de-7-1-4-1800w-110v-modelodwe575-b3-dewalt-ref-dwe575-b3#primaryimage\"},\"thumbnailUrl\":\"https:\/\/solumeca.com\/wp-content\/uploads\/2026\/03\/sierra-dewalt-1.png\",\"datePublished\":\"2026-03-17T20:31:54+00:00\",\"dateModified\":\"2026-03-17T20:32:00+00:00\",\"breadcrumb\":{\"@id\":\"https:\/\/solumeca.com\/?product=sierra-circular-de-7-1-4-1800w-110v-modelodwe575-b3-dewalt-ref-dwe575-b3#breadcrumb\"},\"inLanguage\":\"es\",\"potentialAction\":[{\"@type\":\"ReadAction\",\"target\":[\"https:\/\/solumeca.com\/?product=sierra-circular-de-7-1-4-1800w-110v-modelodwe575-b3-dewalt-ref-dwe575-b3\"]}]},{\"@type\":\"ImageObject\",\"inLanguage\":\"es\",\"@id\":\"https:\/\/solumeca.com\/?product=sierra-circular-de-7-1-4-1800w-110v-modelodwe575-b3-dewalt-ref-dwe575-b3#primaryimage\",\"url\":\"https:\/\/solumeca.com\/wp-content\/uploads\/2026\/03\/sierra-dewalt-1.png\",\"contentUrl\":\"https:\/\/solumeca.com\/wp-content\/uploads\/2026\/03\/sierra-dewalt-1.png\",\"width\":800,\"height\":800},{\"@type\":\"BreadcrumbList\",\"@id\":\"https:\/\/solumeca.com\/?product=sierra-circular-de-7-1-4-1800w-110v-modelodwe575-b3-dewalt-ref-dwe575-b3#breadcrumb\",\"itemListElement\":[{\"@type\":\"ListItem\",\"position\":1,\"name\":\"Portada\",\"item\":\"https:\/\/solumeca.com\/\"},{\"@type\":\"ListItem\",\"position\":2,\"name\":\"Shop\",\"item\":\"https:\/\/solumeca.com\/?page_id=10\"},{\"@type\":\"ListItem\",\"position\":3,\"name\":\"SIERRA CIRCULAR DE 7-1\/4&#8243; 1800W 110V MODELO:DWE575-B3 DEWALT &#8211; Ref.DWE575-B3\"}]},{\"@type\":\"WebSite\",\"@id\":\"https:\/\/solumeca.com\/#website\",\"url\":\"https:\/\/solumeca.com\/\",\"name\":\"SOS Integral - Equipos de Seguridad - Herramientas Industriales\",\"description\":\"Equipos de Seguridad, Santo Domingo, Republica Dominicana, Herramientas Industriales,Tel.: (809) 274-3888 \/ Info@solumeca.com\",\"publisher\":{\"@id\":\"https:\/\/solumeca.com\/#organization\"},\"potentialAction\":[{\"@type\":\"SearchAction\",\"target\":{\"@type\":\"EntryPoint\",\"urlTemplate\":\"https:\/\/solumeca.com\/?s={search_term_string}\"},\"query-input\":\"required name=search_term_string\"}],\"inLanguage\":\"es\"},{\"@type\":\"Organization\",\"@id\":\"https:\/\/solumeca.com\/#organization\",\"name\":\"SOS Integral - Equipos de Seguridad - Herramientas Industriales\",\"url\":\"https:\/\/solumeca.com\/\",\"logo\":{\"@type\":\"ImageObject\",\"inLanguage\":\"es\",\"@id\":\"https:\/\/solumeca.com\/#\/schema\/logo\/image\/\",\"url\":\"https:\/\/solumeca.com\/wp-content\/uploads\/2024\/04\/equipos-de-seguridad-sos-2.png\",\"contentUrl\":\"https:\/\/solumeca.com\/wp-content\/uploads\/2024\/04\/equipos-de-seguridad-sos-2.png\",\"width\":600,\"height\":259,\"caption\":\"SOS Integral - Equipos de Seguridad - Herramientas Industriales\"},\"image\":{\"@id\":\"https:\/\/solumeca.com\/#\/schema\/logo\/image\/\"},\"sameAs\":[\"https:\/\/www.instagram.com\/sosintegralrd\/\"]}]}<\/script>\n<!-- \/ Yoast SEO Premium plugin. -->","yoast_head_json":{"title":"SIERRA CIRCULAR DE 7-1\/4\" 1800W 110V MODELO:DWE575-B3 DEWALT - Ref.DWE575-B3 - Herramientas Industriales - Equipos de Seguridad - Solumeca.com","robots":{"index":"index","follow":"follow","max-snippet":"max-snippet:-1","max-image-preview":"max-image-preview:large","max-video-preview":"max-video-preview:-1"},"canonical":"https:\/\/solumeca.com\/?product=sierra-circular-de-7-1-4-1800w-110v-modelodwe575-b3-dewalt-ref-dwe575-b3","og_locale":"es_ES","og_type":"article","og_title":"SIERRA CIRCULAR DE 7-1\/4\" 1800W 110V MODELO:DWE575-B3 DEWALT - Ref.DWE575-B3","og_description":"La Sierra Circular El\u00e9ctrica de 7-1\/4&#8243; (185mm) de 1800W tiene un dise\u00f1o de guarda con pesta\u00f1a que permite cortes en todos los \u00e1ngulos sin atascarse y un ajuste de \u00e1ngulo de bisel hasta 57\u00b0, topes de bisel de 22.5\u00b0 y 45\u00b0. Su guarda protectora con sistema retr\u00e1ctil de alta durabilidad. Poderoso motor de 1800 WRead More","og_url":"https:\/\/solumeca.com\/?product=sierra-circular-de-7-1-4-1800w-110v-modelodwe575-b3-dewalt-ref-dwe575-b3","og_site_name":"Herramientas Industriales - Equipos de Seguridad - Solumeca.com","article_modified_time":"2026-03-17T20:32:00+00:00","twitter_card":"summary_large_image","schema":{"@context":"https:\/\/schema.org","@graph":[{"@type":"WebPage","@id":"https:\/\/solumeca.com\/?product=sierra-circular-de-7-1-4-1800w-110v-modelodwe575-b3-dewalt-ref-dwe575-b3","url":"https:\/\/solumeca.com\/?product=sierra-circular-de-7-1-4-1800w-110v-modelodwe575-b3-dewalt-ref-dwe575-b3","name":"SIERRA CIRCULAR DE 7-1\/4\" 1800W 110V MODELO:DWE575-B3 DEWALT - Ref.DWE575-B3 - Herramientas Industriales - Equipos de Seguridad - Solumeca.com","isPartOf":{"@id":"https:\/\/solumeca.com\/#website"},"primaryImageOfPage":{"@id":"https:\/\/solumeca.com\/?product=sierra-circular-de-7-1-4-1800w-110v-modelodwe575-b3-dewalt-ref-dwe575-b3#primaryimage"},"image":{"@id":"https:\/\/solumeca.com\/?product=sierra-circular-de-7-1-4-1800w-110v-modelodwe575-b3-dewalt-ref-dwe575-b3#primaryimage"},"thumbnailUrl":"https:\/\/solumeca.com\/wp-content\/uploads\/2026\/03\/sierra-dewalt-1.png","datePublished":"2026-03-17T20:31:54+00:00","dateModified":"2026-03-17T20:32:00+00:00","breadcrumb":{"@id":"https:\/\/solumeca.com\/?product=sierra-circular-de-7-1-4-1800w-110v-modelodwe575-b3-dewalt-ref-dwe575-b3#breadcrumb"},"inLanguage":"es","potentialAction":[{"@type":"ReadAction","target":["https:\/\/solumeca.com\/?product=sierra-circular-de-7-1-4-1800w-110v-modelodwe575-b3-dewalt-ref-dwe575-b3"]}]},{"@type":"ImageObject","inLanguage":"es","@id":"https:\/\/solumeca.com\/?product=sierra-circular-de-7-1-4-1800w-110v-modelodwe575-b3-dewalt-ref-dwe575-b3#primaryimage","url":"https:\/\/solumeca.com\/wp-content\/uploads\/2026\/03\/sierra-dewalt-1.png","contentUrl":"https:\/\/solumeca.com\/wp-content\/uploads\/2026\/03\/sierra-dewalt-1.png","width":800,"height":800},{"@type":"BreadcrumbList","@id":"https:\/\/solumeca.com\/?product=sierra-circular-de-7-1-4-1800w-110v-modelodwe575-b3-dewalt-ref-dwe575-b3#breadcrumb","itemListElement":[{"@type":"ListItem","position":1,"name":"Portada","item":"https:\/\/solumeca.com\/"},{"@type":"ListItem","position":2,"name":"Shop","item":"https:\/\/solumeca.com\/?page_id=10"},{"@type":"ListItem","position":3,"name":"SIERRA CIRCULAR DE 7-1\/4&#8243; 1800W 110V MODELO:DWE575-B3 DEWALT &#8211; Ref.DWE575-B3"}]},{"@type":"WebSite","@id":"https:\/\/solumeca.com\/#website","url":"https:\/\/solumeca.com\/","name":"SOS Integral - Equipos de Seguridad - Herramientas Industriales","description":"Equipos de Seguridad, Santo Domingo, Republica Dominicana, Herramientas Industriales,Tel.: (809) 274-3888 \/ Info@solumeca.com","publisher":{"@id":"https:\/\/solumeca.com\/#organization"},"potentialAction":[{"@type":"SearchAction","target":{"@type":"EntryPoint","urlTemplate":"https:\/\/solumeca.com\/?s={search_term_string}"},"query-input":"required name=search_term_string"}],"inLanguage":"es"},{"@type":"Organization","@id":"https:\/\/solumeca.com\/#organization","name":"SOS Integral - Equipos de Seguridad - Herramientas Industriales","url":"https:\/\/solumeca.com\/","logo":{"@type":"ImageObject","inLanguage":"es","@id":"https:\/\/solumeca.com\/#\/schema\/logo\/image\/","url":"https:\/\/solumeca.com\/wp-content\/uploads\/2024\/04\/equipos-de-seguridad-sos-2.png","contentUrl":"https:\/\/solumeca.com\/wp-content\/uploads\/2024\/04\/equipos-de-seguridad-sos-2.png","width":600,"height":259,"caption":"SOS Integral - Equipos de Seguridad - Herramientas Industriales"},"image":{"@id":"https:\/\/solumeca.com\/#\/schema\/logo\/image\/"},"sameAs":["https:\/\/www.instagram.com\/sosintegralrd\/"]}]}},"_links":{"self":[{"href":"https:\/\/solumeca.com\/index.php?rest_route=\/wp\/v2\/product\/39427","targetHints":{"allow":["GET"]}}],"collection":[{"href":"https:\/\/solumeca.com\/index.php?rest_route=\/wp\/v2\/product"}],"about":[{"href":"https:\/\/solumeca.com\/index.php?rest_route=\/wp\/v2\/types\/product"}],"replies":[{"embeddable":true,"href":"https:\/\/solumeca.com\/index.php?rest_route=%2Fwp%2Fv2%2Fcomments&post=39427"}],"version-history":[{"count":1,"href":"https:\/\/solumeca.com\/index.php?rest_route=\/wp\/v2\/product\/39427\/revisions"}],"predecessor-version":[{"id":39457,"href":"https:\/\/solumeca.com\/index.php?rest_route=\/wp\/v2\/product\/39427\/revisions\/39457"}],"wp:featuredmedia":[{"embeddable":true,"href":"https:\/\/solumeca.com\/index.php?rest_route=\/wp\/v2\/media\/32020"}],"wp:attachment":[{"href":"https:\/\/solumeca.com\/index.php?rest_route=%2Fwp%2Fv2%2Fmedia&parent=39427"}],"wp:term":[{"taxonomy":"product_brand","embeddable":true,"href":"https:\/\/solumeca.com\/index.php?rest_route=%2Fwp%2Fv2%2Fproduct_brand&post=39427"},{"taxonomy":"product_cat","embeddable":true,"href":"https:\/\/solumeca.com\/index.php?rest_route=%2Fwp%2Fv2%2Fproduct_cat&post=39427"},{"taxonomy":"product_tag","embeddable":true,"href":"https:\/\/solumeca.com\/index.php?rest_route=%2Fwp%2Fv2%2Fproduct_tag&post=39427"}],"curies":[{"name":"wp","href":"https:\/\/api.w.org\/{rel}","templated":true}]}}