{"id":39253,"date":"2026-03-17T21:31:06","date_gmt":"2026-03-17T20:31:06","guid":{"rendered":"https:\/\/solumeca.com\/?post_type=product&#038;p=39253"},"modified":"2026-03-17T21:31:16","modified_gmt":"2026-03-17T20:31:16","slug":"llave-combinada-con-chicharra-reversible-de-22mm-ref-jscvm22","status":"publish","type":"product","link":"https:\/\/solumeca.com\/?product=llave-combinada-con-chicharra-reversible-de-22mm-ref-jscvm22","title":{"rendered":"LLAVE COMBINADA CON CHICHARRA REVERSIBLE DE 22MM &#8211; Ref.JSCVM22"},"content":{"rendered":"<p>Las llaves de Spline Metric se pueden utilizar en la m\u00e9trica 4, 6, 12 puntos spline y las sujeciones de Torx.<\/p>\n<p>La palanca de interruptor de cromo-vanadio permite cambios f\u00e1ciles en la direcci\u00f3n de giro que ayuda a mejorar la velocidad.<\/p>\n<p>El extremo de la caja offset en \u00e1ngulo de 15o ayuda a mantener el cuchillo a la altura de las obstrucciones.<\/p>\n<p>Los extremos de caja de Chrome-vanadium y las palancas de cambio proporcionan alta resistencia y durabilidad.<\/p>\n<p>Box end es contrasunk para una f\u00e1cil aplicaci\u00f3n al cierre.<\/p>\n<p>El dise\u00f1o Spline se cre\u00f3 para su uso con pernos de l\u00ednea de especialidad que se utilizan cuando el peso y el tama\u00f1o de los cabezales de pernos deben minimizarse.<\/p>\n<p>El dise\u00f1o de Spline permite a la llave de contacto con sujetadores convencionales lejos de las esquinas, lo que aplica la fuerza sobre un \u00e1rea m\u00e1s grande, reduciendo el riesgo de fijaci\u00f3n de la puntuaci\u00f3n de cierre y ayuda a prevenir el redondeo de las esquinas y otros elementos de fijaci\u00f3n de da\u00f1os que podr\u00edan conducir a Damage de objetos extra\u00f1os (FOD).<\/p>\n<p>La alta superficie de contacto que est\u00e1 lejos de los puntos de fijaci\u00f3n permite girar las sujeci\u00f3n de las sujedas.<\/p>\n<p>Los surcos de bloqueo anti-Slip (ASD) open &#8211; Las ranuras de bloqueo patentadas ayudan a evitar que la llave se deslice de la fijaci\u00f3n al girar. -Las superficies arqueadas est\u00e1n dise\u00f1adas para extender las fuerzas de contacto sobre un \u00e1rea mayor. -Las cargas se mantienen fuera de las esquinas del cierre que ayuda a evitar el redolamiento de cierre.<\/p>\n<p>El acabado cromo negro es resistente a la corrosi\u00f3n y visualmente distintivo.<\/p>\n","protected":false},"excerpt":{"rendered":"<p>Las llaves de Spline Metric se pueden utilizar en la m\u00e9trica 4, 6, 12 puntos spline y las sujeciones de Torx. La palanca de interruptor de cromo-vanadio permite cambios f\u00e1ciles en la direcci\u00f3n de giro que ayuda a mejorar la velocidad. El extremo de la caja offset en \u00e1ngulo de 15o ayuda a mantener el<\/p>\n<div class=\"klb-readmore button\"><a class=\"btn link\" href=\"https:\/\/solumeca.com\/?product=llave-combinada-con-chicharra-reversible-de-22mm-ref-jscvm22\">Read More <i class=\"klbth-icon-right-arrow\"><\/i><\/a><\/div>\n","protected":false},"featured_media":31674,"comment_status":"closed","ping_status":"closed","template":"","meta":[],"product_brand":[],"product_cat":[372],"product_tag":[],"class_list":{"0":"post-39253","1":"product","2":"type-product","3":"status-publish","4":"has-post-thumbnail","6":"product_cat-proto","8":"first","9":"instock","10":"taxable","11":"shipping-taxable","12":"purchasable","13":"product-type-simple"},"yoast_head":"<!-- This site is optimized with the Yoast SEO Premium plugin v22.5 (Yoast SEO v22.6) - https:\/\/yoast.com\/wordpress\/plugins\/seo\/ -->\n<title>LLAVE COMBINADA CON CHICHARRA REVERSIBLE DE 22MM - Ref.JSCVM22 - Herramientas Industriales - Equipos de Seguridad - Solumeca.com<\/title>\n<meta name=\"robots\" content=\"index, follow, max-snippet:-1, max-image-preview:large, max-video-preview:-1\" \/>\n<link rel=\"canonical\" href=\"https:\/\/solumeca.com\/?product=llave-combinada-con-chicharra-reversible-de-22mm-ref-jscvm22\" \/>\n<meta property=\"og:locale\" content=\"es_ES\" \/>\n<meta property=\"og:type\" content=\"article\" \/>\n<meta property=\"og:title\" content=\"LLAVE COMBINADA CON CHICHARRA REVERSIBLE DE 22MM - Ref.JSCVM22\" \/>\n<meta property=\"og:description\" content=\"Las llaves de Spline Metric se pueden utilizar en la m\u00e9trica 4, 6, 12 puntos spline y las sujeciones de Torx. La palanca de interruptor de cromo-vanadio permite cambios f\u00e1ciles en la direcci\u00f3n de giro que ayuda a mejorar la velocidad. El extremo de la caja offset en \u00e1ngulo de 15o ayuda a mantener elRead More\" \/>\n<meta property=\"og:url\" content=\"https:\/\/solumeca.com\/?product=llave-combinada-con-chicharra-reversible-de-22mm-ref-jscvm22\" \/>\n<meta property=\"og:site_name\" content=\"Herramientas Industriales - Equipos de Seguridad - Solumeca.com\" \/>\n<meta property=\"article:modified_time\" content=\"2026-03-17T20:31:16+00:00\" \/>\n<meta name=\"twitter:card\" content=\"summary_large_image\" \/>\n<meta name=\"twitter:label1\" content=\"Tiempo de lectura\" \/>\n\t<meta name=\"twitter:data1\" content=\"1 minuto\" \/>\n<script type=\"application\/ld+json\" class=\"yoast-schema-graph\">{\"@context\":\"https:\/\/schema.org\",\"@graph\":[{\"@type\":\"WebPage\",\"@id\":\"https:\/\/solumeca.com\/?product=llave-combinada-con-chicharra-reversible-de-22mm-ref-jscvm22\",\"url\":\"https:\/\/solumeca.com\/?product=llave-combinada-con-chicharra-reversible-de-22mm-ref-jscvm22\",\"name\":\"LLAVE COMBINADA CON CHICHARRA REVERSIBLE DE 22MM - Ref.JSCVM22 - Herramientas Industriales - Equipos de Seguridad - Solumeca.com\",\"isPartOf\":{\"@id\":\"https:\/\/solumeca.com\/#website\"},\"primaryImageOfPage\":{\"@id\":\"https:\/\/solumeca.com\/?product=llave-combinada-con-chicharra-reversible-de-22mm-ref-jscvm22#primaryimage\"},\"image\":{\"@id\":\"https:\/\/solumeca.com\/?product=llave-combinada-con-chicharra-reversible-de-22mm-ref-jscvm22#primaryimage\"},\"thumbnailUrl\":\"https:\/\/solumeca.com\/wp-content\/uploads\/2026\/03\/JSCVM22.jpg\",\"datePublished\":\"2026-03-17T20:31:06+00:00\",\"dateModified\":\"2026-03-17T20:31:16+00:00\",\"breadcrumb\":{\"@id\":\"https:\/\/solumeca.com\/?product=llave-combinada-con-chicharra-reversible-de-22mm-ref-jscvm22#breadcrumb\"},\"inLanguage\":\"es\",\"potentialAction\":[{\"@type\":\"ReadAction\",\"target\":[\"https:\/\/solumeca.com\/?product=llave-combinada-con-chicharra-reversible-de-22mm-ref-jscvm22\"]}]},{\"@type\":\"ImageObject\",\"inLanguage\":\"es\",\"@id\":\"https:\/\/solumeca.com\/?product=llave-combinada-con-chicharra-reversible-de-22mm-ref-jscvm22#primaryimage\",\"url\":\"https:\/\/solumeca.com\/wp-content\/uploads\/2026\/03\/JSCVM22.jpg\",\"contentUrl\":\"https:\/\/solumeca.com\/wp-content\/uploads\/2026\/03\/JSCVM22.jpg\",\"width\":750,\"height\":750},{\"@type\":\"BreadcrumbList\",\"@id\":\"https:\/\/solumeca.com\/?product=llave-combinada-con-chicharra-reversible-de-22mm-ref-jscvm22#breadcrumb\",\"itemListElement\":[{\"@type\":\"ListItem\",\"position\":1,\"name\":\"Portada\",\"item\":\"https:\/\/solumeca.com\/\"},{\"@type\":\"ListItem\",\"position\":2,\"name\":\"Shop\",\"item\":\"https:\/\/solumeca.com\/?page_id=10\"},{\"@type\":\"ListItem\",\"position\":3,\"name\":\"LLAVE COMBINADA CON CHICHARRA REVERSIBLE DE 22MM &#8211; Ref.JSCVM22\"}]},{\"@type\":\"WebSite\",\"@id\":\"https:\/\/solumeca.com\/#website\",\"url\":\"https:\/\/solumeca.com\/\",\"name\":\"SOS Integral - Equipos de Seguridad - Herramientas Industriales\",\"description\":\"Equipos de Seguridad, Santo Domingo, Republica Dominicana, Herramientas Industriales,Tel.: (809) 274-3888 \/ Info@solumeca.com\",\"publisher\":{\"@id\":\"https:\/\/solumeca.com\/#organization\"},\"potentialAction\":[{\"@type\":\"SearchAction\",\"target\":{\"@type\":\"EntryPoint\",\"urlTemplate\":\"https:\/\/solumeca.com\/?s={search_term_string}\"},\"query-input\":\"required name=search_term_string\"}],\"inLanguage\":\"es\"},{\"@type\":\"Organization\",\"@id\":\"https:\/\/solumeca.com\/#organization\",\"name\":\"SOS Integral - Equipos de Seguridad - Herramientas Industriales\",\"url\":\"https:\/\/solumeca.com\/\",\"logo\":{\"@type\":\"ImageObject\",\"inLanguage\":\"es\",\"@id\":\"https:\/\/solumeca.com\/#\/schema\/logo\/image\/\",\"url\":\"https:\/\/solumeca.com\/wp-content\/uploads\/2024\/04\/equipos-de-seguridad-sos-2.png\",\"contentUrl\":\"https:\/\/solumeca.com\/wp-content\/uploads\/2024\/04\/equipos-de-seguridad-sos-2.png\",\"width\":600,\"height\":259,\"caption\":\"SOS Integral - Equipos de Seguridad - Herramientas Industriales\"},\"image\":{\"@id\":\"https:\/\/solumeca.com\/#\/schema\/logo\/image\/\"},\"sameAs\":[\"https:\/\/www.instagram.com\/sosintegralrd\/\"]}]}<\/script>\n<!-- \/ Yoast SEO Premium plugin. -->","yoast_head_json":{"title":"LLAVE COMBINADA CON CHICHARRA REVERSIBLE DE 22MM - Ref.JSCVM22 - Herramientas Industriales - Equipos de Seguridad - Solumeca.com","robots":{"index":"index","follow":"follow","max-snippet":"max-snippet:-1","max-image-preview":"max-image-preview:large","max-video-preview":"max-video-preview:-1"},"canonical":"https:\/\/solumeca.com\/?product=llave-combinada-con-chicharra-reversible-de-22mm-ref-jscvm22","og_locale":"es_ES","og_type":"article","og_title":"LLAVE COMBINADA CON CHICHARRA REVERSIBLE DE 22MM - Ref.JSCVM22","og_description":"Las llaves de Spline Metric se pueden utilizar en la m\u00e9trica 4, 6, 12 puntos spline y las sujeciones de Torx. La palanca de interruptor de cromo-vanadio permite cambios f\u00e1ciles en la direcci\u00f3n de giro que ayuda a mejorar la velocidad. El extremo de la caja offset en \u00e1ngulo de 15o ayuda a mantener elRead More","og_url":"https:\/\/solumeca.com\/?product=llave-combinada-con-chicharra-reversible-de-22mm-ref-jscvm22","og_site_name":"Herramientas Industriales - Equipos de Seguridad - Solumeca.com","article_modified_time":"2026-03-17T20:31:16+00:00","twitter_card":"summary_large_image","twitter_misc":{"Tiempo de lectura":"1 minuto"},"schema":{"@context":"https:\/\/schema.org","@graph":[{"@type":"WebPage","@id":"https:\/\/solumeca.com\/?product=llave-combinada-con-chicharra-reversible-de-22mm-ref-jscvm22","url":"https:\/\/solumeca.com\/?product=llave-combinada-con-chicharra-reversible-de-22mm-ref-jscvm22","name":"LLAVE COMBINADA CON CHICHARRA REVERSIBLE DE 22MM - Ref.JSCVM22 - Herramientas Industriales - Equipos de Seguridad - Solumeca.com","isPartOf":{"@id":"https:\/\/solumeca.com\/#website"},"primaryImageOfPage":{"@id":"https:\/\/solumeca.com\/?product=llave-combinada-con-chicharra-reversible-de-22mm-ref-jscvm22#primaryimage"},"image":{"@id":"https:\/\/solumeca.com\/?product=llave-combinada-con-chicharra-reversible-de-22mm-ref-jscvm22#primaryimage"},"thumbnailUrl":"https:\/\/solumeca.com\/wp-content\/uploads\/2026\/03\/JSCVM22.jpg","datePublished":"2026-03-17T20:31:06+00:00","dateModified":"2026-03-17T20:31:16+00:00","breadcrumb":{"@id":"https:\/\/solumeca.com\/?product=llave-combinada-con-chicharra-reversible-de-22mm-ref-jscvm22#breadcrumb"},"inLanguage":"es","potentialAction":[{"@type":"ReadAction","target":["https:\/\/solumeca.com\/?product=llave-combinada-con-chicharra-reversible-de-22mm-ref-jscvm22"]}]},{"@type":"ImageObject","inLanguage":"es","@id":"https:\/\/solumeca.com\/?product=llave-combinada-con-chicharra-reversible-de-22mm-ref-jscvm22#primaryimage","url":"https:\/\/solumeca.com\/wp-content\/uploads\/2026\/03\/JSCVM22.jpg","contentUrl":"https:\/\/solumeca.com\/wp-content\/uploads\/2026\/03\/JSCVM22.jpg","width":750,"height":750},{"@type":"BreadcrumbList","@id":"https:\/\/solumeca.com\/?product=llave-combinada-con-chicharra-reversible-de-22mm-ref-jscvm22#breadcrumb","itemListElement":[{"@type":"ListItem","position":1,"name":"Portada","item":"https:\/\/solumeca.com\/"},{"@type":"ListItem","position":2,"name":"Shop","item":"https:\/\/solumeca.com\/?page_id=10"},{"@type":"ListItem","position":3,"name":"LLAVE COMBINADA CON CHICHARRA REVERSIBLE DE 22MM &#8211; Ref.JSCVM22"}]},{"@type":"WebSite","@id":"https:\/\/solumeca.com\/#website","url":"https:\/\/solumeca.com\/","name":"SOS Integral - Equipos de Seguridad - Herramientas Industriales","description":"Equipos de Seguridad, Santo Domingo, Republica Dominicana, Herramientas Industriales,Tel.: (809) 274-3888 \/ Info@solumeca.com","publisher":{"@id":"https:\/\/solumeca.com\/#organization"},"potentialAction":[{"@type":"SearchAction","target":{"@type":"EntryPoint","urlTemplate":"https:\/\/solumeca.com\/?s={search_term_string}"},"query-input":"required name=search_term_string"}],"inLanguage":"es"},{"@type":"Organization","@id":"https:\/\/solumeca.com\/#organization","name":"SOS Integral - Equipos de Seguridad - Herramientas Industriales","url":"https:\/\/solumeca.com\/","logo":{"@type":"ImageObject","inLanguage":"es","@id":"https:\/\/solumeca.com\/#\/schema\/logo\/image\/","url":"https:\/\/solumeca.com\/wp-content\/uploads\/2024\/04\/equipos-de-seguridad-sos-2.png","contentUrl":"https:\/\/solumeca.com\/wp-content\/uploads\/2024\/04\/equipos-de-seguridad-sos-2.png","width":600,"height":259,"caption":"SOS Integral - Equipos de Seguridad - Herramientas Industriales"},"image":{"@id":"https:\/\/solumeca.com\/#\/schema\/logo\/image\/"},"sameAs":["https:\/\/www.instagram.com\/sosintegralrd\/"]}]}},"_links":{"self":[{"href":"https:\/\/solumeca.com\/index.php?rest_route=\/wp\/v2\/product\/39253","targetHints":{"allow":["GET"]}}],"collection":[{"href":"https:\/\/solumeca.com\/index.php?rest_route=\/wp\/v2\/product"}],"about":[{"href":"https:\/\/solumeca.com\/index.php?rest_route=\/wp\/v2\/types\/product"}],"replies":[{"embeddable":true,"href":"https:\/\/solumeca.com\/index.php?rest_route=%2Fwp%2Fv2%2Fcomments&post=39253"}],"version-history":[{"count":1,"href":"https:\/\/solumeca.com\/index.php?rest_route=\/wp\/v2\/product\/39253\/revisions"}],"predecessor-version":[{"id":39283,"href":"https:\/\/solumeca.com\/index.php?rest_route=\/wp\/v2\/product\/39253\/revisions\/39283"}],"wp:featuredmedia":[{"embeddable":true,"href":"https:\/\/solumeca.com\/index.php?rest_route=\/wp\/v2\/media\/31674"}],"wp:attachment":[{"href":"https:\/\/solumeca.com\/index.php?rest_route=%2Fwp%2Fv2%2Fmedia&parent=39253"}],"wp:term":[{"taxonomy":"product_brand","embeddable":true,"href":"https:\/\/solumeca.com\/index.php?rest_route=%2Fwp%2Fv2%2Fproduct_brand&post=39253"},{"taxonomy":"product_cat","embeddable":true,"href":"https:\/\/solumeca.com\/index.php?rest_route=%2Fwp%2Fv2%2Fproduct_cat&post=39253"},{"taxonomy":"product_tag","embeddable":true,"href":"https:\/\/solumeca.com\/index.php?rest_route=%2Fwp%2Fv2%2Fproduct_tag&post=39253"}],"curies":[{"name":"wp","href":"https:\/\/api.w.org\/{rel}","templated":true}]}}