{"id":39191,"date":"2026-03-17T21:30:49","date_gmt":"2026-03-17T20:30:49","guid":{"rendered":"https:\/\/solumeca.com\/?post_type=product&#038;p=39191"},"modified":"2026-03-17T21:30:59","modified_gmt":"2026-03-17T20:30:59","slug":"extractor-de-tornillo-de-3-8-proto-ref-j9525","status":"publish","type":"product","link":"https:\/\/solumeca.com\/?product=extractor-de-tornillo-de-3-8-proto-ref-j9525","title":{"rendered":"EXTRACTOR DE TORNILLO DE 3\/8&#8243;  PROTO &#8211; Ref.J9525"},"content":{"rendered":"<ul class=\"a-unordered-list a-vertical a-spacing-mini\">\n<li class=\"a-spacing-mini\"><span class=\"a-list-item\"> Conduzca en el extremo de la tuber\u00eda o accesorio roto <\/span><\/li>\n<li class=\"a-spacing-mini\"><span class=\"a-list-item\"> Utilice el soporte del grifo o la llave en el extractor para obtener la parte rota <\/span><\/li>\n<li class=\"a-spacing-mini\"><span class=\"a-list-item\"> El tama\u00f1o estampado en el extractor se refiere al tama\u00f1o de la broca que se utilizar\u00e1 con ese extractor <\/span><\/li>\n<li class=\"a-spacing-mini\"><span class=\"a-list-item\"> Fabricado en Estados Unidos <\/span><\/li>\n<\/ul>\n","protected":false},"excerpt":{"rendered":"<p>Conduzca en el extremo de la tuber\u00eda o accesorio roto Utilice el soporte del grifo o la llave en el extractor para obtener la parte rota El tama\u00f1o estampado en el extractor se refiere al tama\u00f1o de la broca que se utilizar\u00e1 con ese extractor Fabricado en Estados Unidos<\/p>\n","protected":false},"featured_media":31574,"comment_status":"closed","ping_status":"closed","template":"","meta":[],"product_brand":[],"product_cat":[372],"product_tag":[],"class_list":{"0":"post-39191","1":"product","2":"type-product","3":"status-publish","4":"has-post-thumbnail","6":"product_cat-proto","8":"first","9":"instock","10":"taxable","11":"shipping-taxable","12":"purchasable","13":"product-type-simple"},"yoast_head":"<!-- This site is optimized with the Yoast SEO Premium plugin v22.5 (Yoast SEO v22.6) - https:\/\/yoast.com\/wordpress\/plugins\/seo\/ -->\n<title>EXTRACTOR DE TORNILLO DE 3\/8&quot; PROTO - Ref.J9525 - Herramientas Industriales - Equipos de Seguridad - Solumeca.com<\/title>\n<meta name=\"robots\" content=\"index, follow, max-snippet:-1, max-image-preview:large, max-video-preview:-1\" \/>\n<link rel=\"canonical\" href=\"https:\/\/solumeca.com\/?product=extractor-de-tornillo-de-3-8-proto-ref-j9525\" \/>\n<meta property=\"og:locale\" content=\"es_ES\" \/>\n<meta property=\"og:type\" content=\"article\" \/>\n<meta property=\"og:title\" content=\"EXTRACTOR DE TORNILLO DE 3\/8&quot; PROTO - Ref.J9525\" \/>\n<meta property=\"og:description\" content=\"Conduzca en el extremo de la tuber\u00eda o accesorio roto Utilice el soporte del grifo o la llave en el extractor para obtener la parte rota El tama\u00f1o estampado en el extractor se refiere al tama\u00f1o de la broca que se utilizar\u00e1 con ese extractor Fabricado en Estados Unidos\" \/>\n<meta property=\"og:url\" content=\"https:\/\/solumeca.com\/?product=extractor-de-tornillo-de-3-8-proto-ref-j9525\" \/>\n<meta property=\"og:site_name\" content=\"Herramientas Industriales - Equipos de Seguridad - Solumeca.com\" \/>\n<meta property=\"article:modified_time\" content=\"2026-03-17T20:30:59+00:00\" \/>\n<meta name=\"twitter:card\" content=\"summary_large_image\" \/>\n<script type=\"application\/ld+json\" class=\"yoast-schema-graph\">{\"@context\":\"https:\/\/schema.org\",\"@graph\":[{\"@type\":\"WebPage\",\"@id\":\"https:\/\/solumeca.com\/?product=extractor-de-tornillo-de-3-8-proto-ref-j9525\",\"url\":\"https:\/\/solumeca.com\/?product=extractor-de-tornillo-de-3-8-proto-ref-j9525\",\"name\":\"EXTRACTOR DE TORNILLO DE 3\/8\\\" PROTO - Ref.J9525 - Herramientas Industriales - Equipos de Seguridad - Solumeca.com\",\"isPartOf\":{\"@id\":\"https:\/\/solumeca.com\/#website\"},\"primaryImageOfPage\":{\"@id\":\"https:\/\/solumeca.com\/?product=extractor-de-tornillo-de-3-8-proto-ref-j9525#primaryimage\"},\"image\":{\"@id\":\"https:\/\/solumeca.com\/?product=extractor-de-tornillo-de-3-8-proto-ref-j9525#primaryimage\"},\"thumbnailUrl\":\"https:\/\/solumeca.com\/wp-content\/uploads\/2026\/03\/433.png\",\"datePublished\":\"2026-03-17T20:30:49+00:00\",\"dateModified\":\"2026-03-17T20:30:59+00:00\",\"breadcrumb\":{\"@id\":\"https:\/\/solumeca.com\/?product=extractor-de-tornillo-de-3-8-proto-ref-j9525#breadcrumb\"},\"inLanguage\":\"es\",\"potentialAction\":[{\"@type\":\"ReadAction\",\"target\":[\"https:\/\/solumeca.com\/?product=extractor-de-tornillo-de-3-8-proto-ref-j9525\"]}]},{\"@type\":\"ImageObject\",\"inLanguage\":\"es\",\"@id\":\"https:\/\/solumeca.com\/?product=extractor-de-tornillo-de-3-8-proto-ref-j9525#primaryimage\",\"url\":\"https:\/\/solumeca.com\/wp-content\/uploads\/2026\/03\/433.png\",\"contentUrl\":\"https:\/\/solumeca.com\/wp-content\/uploads\/2026\/03\/433.png\",\"width\":800,\"height\":800},{\"@type\":\"BreadcrumbList\",\"@id\":\"https:\/\/solumeca.com\/?product=extractor-de-tornillo-de-3-8-proto-ref-j9525#breadcrumb\",\"itemListElement\":[{\"@type\":\"ListItem\",\"position\":1,\"name\":\"Portada\",\"item\":\"https:\/\/solumeca.com\/\"},{\"@type\":\"ListItem\",\"position\":2,\"name\":\"Shop\",\"item\":\"https:\/\/solumeca.com\/?page_id=10\"},{\"@type\":\"ListItem\",\"position\":3,\"name\":\"EXTRACTOR DE TORNILLO DE 3\/8&#8243; PROTO &#8211; Ref.J9525\"}]},{\"@type\":\"WebSite\",\"@id\":\"https:\/\/solumeca.com\/#website\",\"url\":\"https:\/\/solumeca.com\/\",\"name\":\"SOS Integral - Equipos de Seguridad - Herramientas Industriales\",\"description\":\"Equipos de Seguridad, Santo Domingo, Republica Dominicana, Herramientas Industriales,Tel.: (809) 274-3888 \/ Info@solumeca.com\",\"publisher\":{\"@id\":\"https:\/\/solumeca.com\/#organization\"},\"potentialAction\":[{\"@type\":\"SearchAction\",\"target\":{\"@type\":\"EntryPoint\",\"urlTemplate\":\"https:\/\/solumeca.com\/?s={search_term_string}\"},\"query-input\":\"required name=search_term_string\"}],\"inLanguage\":\"es\"},{\"@type\":\"Organization\",\"@id\":\"https:\/\/solumeca.com\/#organization\",\"name\":\"SOS Integral - Equipos de Seguridad - Herramientas Industriales\",\"url\":\"https:\/\/solumeca.com\/\",\"logo\":{\"@type\":\"ImageObject\",\"inLanguage\":\"es\",\"@id\":\"https:\/\/solumeca.com\/#\/schema\/logo\/image\/\",\"url\":\"https:\/\/solumeca.com\/wp-content\/uploads\/2024\/04\/equipos-de-seguridad-sos-2.png\",\"contentUrl\":\"https:\/\/solumeca.com\/wp-content\/uploads\/2024\/04\/equipos-de-seguridad-sos-2.png\",\"width\":600,\"height\":259,\"caption\":\"SOS Integral - Equipos de Seguridad - Herramientas Industriales\"},\"image\":{\"@id\":\"https:\/\/solumeca.com\/#\/schema\/logo\/image\/\"},\"sameAs\":[\"https:\/\/www.instagram.com\/sosintegralrd\/\"]}]}<\/script>\n<!-- \/ Yoast SEO Premium plugin. -->","yoast_head_json":{"title":"EXTRACTOR DE TORNILLO DE 3\/8\" PROTO - Ref.J9525 - Herramientas Industriales - Equipos de Seguridad - Solumeca.com","robots":{"index":"index","follow":"follow","max-snippet":"max-snippet:-1","max-image-preview":"max-image-preview:large","max-video-preview":"max-video-preview:-1"},"canonical":"https:\/\/solumeca.com\/?product=extractor-de-tornillo-de-3-8-proto-ref-j9525","og_locale":"es_ES","og_type":"article","og_title":"EXTRACTOR DE TORNILLO DE 3\/8\" PROTO - Ref.J9525","og_description":"Conduzca en el extremo de la tuber\u00eda o accesorio roto Utilice el soporte del grifo o la llave en el extractor para obtener la parte rota El tama\u00f1o estampado en el extractor se refiere al tama\u00f1o de la broca que se utilizar\u00e1 con ese extractor Fabricado en Estados Unidos","og_url":"https:\/\/solumeca.com\/?product=extractor-de-tornillo-de-3-8-proto-ref-j9525","og_site_name":"Herramientas Industriales - Equipos de Seguridad - Solumeca.com","article_modified_time":"2026-03-17T20:30:59+00:00","twitter_card":"summary_large_image","schema":{"@context":"https:\/\/schema.org","@graph":[{"@type":"WebPage","@id":"https:\/\/solumeca.com\/?product=extractor-de-tornillo-de-3-8-proto-ref-j9525","url":"https:\/\/solumeca.com\/?product=extractor-de-tornillo-de-3-8-proto-ref-j9525","name":"EXTRACTOR DE TORNILLO DE 3\/8\" PROTO - Ref.J9525 - Herramientas Industriales - Equipos de Seguridad - Solumeca.com","isPartOf":{"@id":"https:\/\/solumeca.com\/#website"},"primaryImageOfPage":{"@id":"https:\/\/solumeca.com\/?product=extractor-de-tornillo-de-3-8-proto-ref-j9525#primaryimage"},"image":{"@id":"https:\/\/solumeca.com\/?product=extractor-de-tornillo-de-3-8-proto-ref-j9525#primaryimage"},"thumbnailUrl":"https:\/\/solumeca.com\/wp-content\/uploads\/2026\/03\/433.png","datePublished":"2026-03-17T20:30:49+00:00","dateModified":"2026-03-17T20:30:59+00:00","breadcrumb":{"@id":"https:\/\/solumeca.com\/?product=extractor-de-tornillo-de-3-8-proto-ref-j9525#breadcrumb"},"inLanguage":"es","potentialAction":[{"@type":"ReadAction","target":["https:\/\/solumeca.com\/?product=extractor-de-tornillo-de-3-8-proto-ref-j9525"]}]},{"@type":"ImageObject","inLanguage":"es","@id":"https:\/\/solumeca.com\/?product=extractor-de-tornillo-de-3-8-proto-ref-j9525#primaryimage","url":"https:\/\/solumeca.com\/wp-content\/uploads\/2026\/03\/433.png","contentUrl":"https:\/\/solumeca.com\/wp-content\/uploads\/2026\/03\/433.png","width":800,"height":800},{"@type":"BreadcrumbList","@id":"https:\/\/solumeca.com\/?product=extractor-de-tornillo-de-3-8-proto-ref-j9525#breadcrumb","itemListElement":[{"@type":"ListItem","position":1,"name":"Portada","item":"https:\/\/solumeca.com\/"},{"@type":"ListItem","position":2,"name":"Shop","item":"https:\/\/solumeca.com\/?page_id=10"},{"@type":"ListItem","position":3,"name":"EXTRACTOR DE TORNILLO DE 3\/8&#8243; PROTO &#8211; Ref.J9525"}]},{"@type":"WebSite","@id":"https:\/\/solumeca.com\/#website","url":"https:\/\/solumeca.com\/","name":"SOS Integral - Equipos de Seguridad - Herramientas Industriales","description":"Equipos de Seguridad, Santo Domingo, Republica Dominicana, Herramientas Industriales,Tel.: (809) 274-3888 \/ Info@solumeca.com","publisher":{"@id":"https:\/\/solumeca.com\/#organization"},"potentialAction":[{"@type":"SearchAction","target":{"@type":"EntryPoint","urlTemplate":"https:\/\/solumeca.com\/?s={search_term_string}"},"query-input":"required name=search_term_string"}],"inLanguage":"es"},{"@type":"Organization","@id":"https:\/\/solumeca.com\/#organization","name":"SOS Integral - Equipos de Seguridad - Herramientas Industriales","url":"https:\/\/solumeca.com\/","logo":{"@type":"ImageObject","inLanguage":"es","@id":"https:\/\/solumeca.com\/#\/schema\/logo\/image\/","url":"https:\/\/solumeca.com\/wp-content\/uploads\/2024\/04\/equipos-de-seguridad-sos-2.png","contentUrl":"https:\/\/solumeca.com\/wp-content\/uploads\/2024\/04\/equipos-de-seguridad-sos-2.png","width":600,"height":259,"caption":"SOS Integral - Equipos de Seguridad - Herramientas Industriales"},"image":{"@id":"https:\/\/solumeca.com\/#\/schema\/logo\/image\/"},"sameAs":["https:\/\/www.instagram.com\/sosintegralrd\/"]}]}},"_links":{"self":[{"href":"https:\/\/solumeca.com\/index.php?rest_route=\/wp\/v2\/product\/39191","targetHints":{"allow":["GET"]}}],"collection":[{"href":"https:\/\/solumeca.com\/index.php?rest_route=\/wp\/v2\/product"}],"about":[{"href":"https:\/\/solumeca.com\/index.php?rest_route=\/wp\/v2\/types\/product"}],"replies":[{"embeddable":true,"href":"https:\/\/solumeca.com\/index.php?rest_route=%2Fwp%2Fv2%2Fcomments&post=39191"}],"version-history":[{"count":1,"href":"https:\/\/solumeca.com\/index.php?rest_route=\/wp\/v2\/product\/39191\/revisions"}],"predecessor-version":[{"id":39221,"href":"https:\/\/solumeca.com\/index.php?rest_route=\/wp\/v2\/product\/39191\/revisions\/39221"}],"wp:featuredmedia":[{"embeddable":true,"href":"https:\/\/solumeca.com\/index.php?rest_route=\/wp\/v2\/media\/31574"}],"wp:attachment":[{"href":"https:\/\/solumeca.com\/index.php?rest_route=%2Fwp%2Fv2%2Fmedia&parent=39191"}],"wp:term":[{"taxonomy":"product_brand","embeddable":true,"href":"https:\/\/solumeca.com\/index.php?rest_route=%2Fwp%2Fv2%2Fproduct_brand&post=39191"},{"taxonomy":"product_cat","embeddable":true,"href":"https:\/\/solumeca.com\/index.php?rest_route=%2Fwp%2Fv2%2Fproduct_cat&post=39191"},{"taxonomy":"product_tag","embeddable":true,"href":"https:\/\/solumeca.com\/index.php?rest_route=%2Fwp%2Fv2%2Fproduct_tag&post=39191"}],"curies":[{"name":"wp","href":"https:\/\/api.w.org\/{rel}","templated":true}]}}