{"id":39169,"date":"2026-03-17T21:30:47","date_gmt":"2026-03-17T20:30:47","guid":{"rendered":"https:\/\/solumeca.com\/?post_type=product&#038;p=39169"},"modified":"2026-03-17T21:30:51","modified_gmt":"2026-03-17T20:30:51","slug":"llave-stilson-10-aluminio-proto-ref-j810a","status":"publish","type":"product","link":"https:\/\/solumeca.com\/?product=llave-stilson-10-aluminio-proto-ref-j810a","title":{"rendered":"LLAVE STILSON 10 ALUMINIO PROTO &#8211; Ref.J810A"},"content":{"rendered":"<ul class=\"feature-ul\">\n<li class=\"feature-list-li\">El aluminio ligero para menos fatiga laboral<\/li>\n<li class=\"feature-list-li\">Longitudes de mango est\u00e1ndar con amplia superficie de agarramiento para mayor comodidad y operaci\u00f3n de una sola mano<\/li>\n<li class=\"feature-list-li\">La mand\u00edbula de acero falsificada proporciona una resistencia excepcional<\/li>\n<\/ul>\n","protected":false},"excerpt":{"rendered":"<p>El aluminio ligero para menos fatiga laboral Longitudes de mango est\u00e1ndar con amplia superficie de agarramiento para mayor comodidad y operaci\u00f3n de una sola mano La mand\u00edbula de acero falsificada proporciona una resistencia excepcional<\/p>\n","protected":false},"featured_media":31516,"comment_status":"closed","ping_status":"closed","template":"","meta":[],"product_brand":[],"product_cat":[372],"product_tag":[],"class_list":{"0":"post-39169","1":"product","2":"type-product","3":"status-publish","4":"has-post-thumbnail","6":"product_cat-proto","8":"first","9":"instock","10":"taxable","11":"shipping-taxable","12":"purchasable","13":"product-type-simple"},"yoast_head":"<!-- This site is optimized with the Yoast SEO Premium plugin v22.5 (Yoast SEO v22.6) - https:\/\/yoast.com\/wordpress\/plugins\/seo\/ -->\n<title>LLAVE STILSON 10 ALUMINIO PROTO - Ref.J810A - Herramientas Industriales - Equipos de Seguridad - Solumeca.com<\/title>\n<meta name=\"robots\" content=\"index, follow, max-snippet:-1, max-image-preview:large, max-video-preview:-1\" \/>\n<link rel=\"canonical\" href=\"https:\/\/solumeca.com\/?product=llave-stilson-10-aluminio-proto-ref-j810a\" \/>\n<meta property=\"og:locale\" content=\"es_ES\" \/>\n<meta property=\"og:type\" content=\"article\" \/>\n<meta property=\"og:title\" content=\"LLAVE STILSON 10 ALUMINIO PROTO - Ref.J810A\" \/>\n<meta property=\"og:description\" content=\"El aluminio ligero para menos fatiga laboral Longitudes de mango est\u00e1ndar con amplia superficie de agarramiento para mayor comodidad y operaci\u00f3n de una sola mano La mand\u00edbula de acero falsificada proporciona una resistencia excepcional\" \/>\n<meta property=\"og:url\" content=\"https:\/\/solumeca.com\/?product=llave-stilson-10-aluminio-proto-ref-j810a\" \/>\n<meta property=\"og:site_name\" content=\"Herramientas Industriales - Equipos de Seguridad - Solumeca.com\" \/>\n<meta property=\"article:modified_time\" content=\"2026-03-17T20:30:51+00:00\" \/>\n<meta name=\"twitter:card\" content=\"summary_large_image\" \/>\n<script type=\"application\/ld+json\" class=\"yoast-schema-graph\">{\"@context\":\"https:\/\/schema.org\",\"@graph\":[{\"@type\":\"WebPage\",\"@id\":\"https:\/\/solumeca.com\/?product=llave-stilson-10-aluminio-proto-ref-j810a\",\"url\":\"https:\/\/solumeca.com\/?product=llave-stilson-10-aluminio-proto-ref-j810a\",\"name\":\"LLAVE STILSON 10 ALUMINIO PROTO - Ref.J810A - Herramientas Industriales - Equipos de Seguridad - Solumeca.com\",\"isPartOf\":{\"@id\":\"https:\/\/solumeca.com\/#website\"},\"primaryImageOfPage\":{\"@id\":\"https:\/\/solumeca.com\/?product=llave-stilson-10-aluminio-proto-ref-j810a#primaryimage\"},\"image\":{\"@id\":\"https:\/\/solumeca.com\/?product=llave-stilson-10-aluminio-proto-ref-j810a#primaryimage\"},\"thumbnailUrl\":\"https:\/\/solumeca.com\/wp-content\/uploads\/2026\/03\/8-3.jpg\",\"datePublished\":\"2026-03-17T20:30:47+00:00\",\"dateModified\":\"2026-03-17T20:30:51+00:00\",\"breadcrumb\":{\"@id\":\"https:\/\/solumeca.com\/?product=llave-stilson-10-aluminio-proto-ref-j810a#breadcrumb\"},\"inLanguage\":\"es\",\"potentialAction\":[{\"@type\":\"ReadAction\",\"target\":[\"https:\/\/solumeca.com\/?product=llave-stilson-10-aluminio-proto-ref-j810a\"]}]},{\"@type\":\"ImageObject\",\"inLanguage\":\"es\",\"@id\":\"https:\/\/solumeca.com\/?product=llave-stilson-10-aluminio-proto-ref-j810a#primaryimage\",\"url\":\"https:\/\/solumeca.com\/wp-content\/uploads\/2026\/03\/8-3.jpg\",\"contentUrl\":\"https:\/\/solumeca.com\/wp-content\/uploads\/2026\/03\/8-3.jpg\",\"width\":530,\"height\":530},{\"@type\":\"BreadcrumbList\",\"@id\":\"https:\/\/solumeca.com\/?product=llave-stilson-10-aluminio-proto-ref-j810a#breadcrumb\",\"itemListElement\":[{\"@type\":\"ListItem\",\"position\":1,\"name\":\"Portada\",\"item\":\"https:\/\/solumeca.com\/\"},{\"@type\":\"ListItem\",\"position\":2,\"name\":\"Shop\",\"item\":\"https:\/\/solumeca.com\/?page_id=10\"},{\"@type\":\"ListItem\",\"position\":3,\"name\":\"LLAVE STILSON 10 ALUMINIO PROTO &#8211; Ref.J810A\"}]},{\"@type\":\"WebSite\",\"@id\":\"https:\/\/solumeca.com\/#website\",\"url\":\"https:\/\/solumeca.com\/\",\"name\":\"SOS Integral - Equipos de Seguridad - Herramientas Industriales\",\"description\":\"Equipos de Seguridad, Santo Domingo, Republica Dominicana, Herramientas Industriales,Tel.: (809) 274-3888 \/ Info@solumeca.com\",\"publisher\":{\"@id\":\"https:\/\/solumeca.com\/#organization\"},\"potentialAction\":[{\"@type\":\"SearchAction\",\"target\":{\"@type\":\"EntryPoint\",\"urlTemplate\":\"https:\/\/solumeca.com\/?s={search_term_string}\"},\"query-input\":\"required name=search_term_string\"}],\"inLanguage\":\"es\"},{\"@type\":\"Organization\",\"@id\":\"https:\/\/solumeca.com\/#organization\",\"name\":\"SOS Integral - Equipos de Seguridad - Herramientas Industriales\",\"url\":\"https:\/\/solumeca.com\/\",\"logo\":{\"@type\":\"ImageObject\",\"inLanguage\":\"es\",\"@id\":\"https:\/\/solumeca.com\/#\/schema\/logo\/image\/\",\"url\":\"https:\/\/solumeca.com\/wp-content\/uploads\/2024\/04\/equipos-de-seguridad-sos-2.png\",\"contentUrl\":\"https:\/\/solumeca.com\/wp-content\/uploads\/2024\/04\/equipos-de-seguridad-sos-2.png\",\"width\":600,\"height\":259,\"caption\":\"SOS Integral - Equipos de Seguridad - Herramientas Industriales\"},\"image\":{\"@id\":\"https:\/\/solumeca.com\/#\/schema\/logo\/image\/\"},\"sameAs\":[\"https:\/\/www.instagram.com\/sosintegralrd\/\"]}]}<\/script>\n<!-- \/ Yoast SEO Premium plugin. -->","yoast_head_json":{"title":"LLAVE STILSON 10 ALUMINIO PROTO - Ref.J810A - Herramientas Industriales - Equipos de Seguridad - Solumeca.com","robots":{"index":"index","follow":"follow","max-snippet":"max-snippet:-1","max-image-preview":"max-image-preview:large","max-video-preview":"max-video-preview:-1"},"canonical":"https:\/\/solumeca.com\/?product=llave-stilson-10-aluminio-proto-ref-j810a","og_locale":"es_ES","og_type":"article","og_title":"LLAVE STILSON 10 ALUMINIO PROTO - Ref.J810A","og_description":"El aluminio ligero para menos fatiga laboral Longitudes de mango est\u00e1ndar con amplia superficie de agarramiento para mayor comodidad y operaci\u00f3n de una sola mano La mand\u00edbula de acero falsificada proporciona una resistencia excepcional","og_url":"https:\/\/solumeca.com\/?product=llave-stilson-10-aluminio-proto-ref-j810a","og_site_name":"Herramientas Industriales - Equipos de Seguridad - Solumeca.com","article_modified_time":"2026-03-17T20:30:51+00:00","twitter_card":"summary_large_image","schema":{"@context":"https:\/\/schema.org","@graph":[{"@type":"WebPage","@id":"https:\/\/solumeca.com\/?product=llave-stilson-10-aluminio-proto-ref-j810a","url":"https:\/\/solumeca.com\/?product=llave-stilson-10-aluminio-proto-ref-j810a","name":"LLAVE STILSON 10 ALUMINIO PROTO - Ref.J810A - Herramientas Industriales - Equipos de Seguridad - Solumeca.com","isPartOf":{"@id":"https:\/\/solumeca.com\/#website"},"primaryImageOfPage":{"@id":"https:\/\/solumeca.com\/?product=llave-stilson-10-aluminio-proto-ref-j810a#primaryimage"},"image":{"@id":"https:\/\/solumeca.com\/?product=llave-stilson-10-aluminio-proto-ref-j810a#primaryimage"},"thumbnailUrl":"https:\/\/solumeca.com\/wp-content\/uploads\/2026\/03\/8-3.jpg","datePublished":"2026-03-17T20:30:47+00:00","dateModified":"2026-03-17T20:30:51+00:00","breadcrumb":{"@id":"https:\/\/solumeca.com\/?product=llave-stilson-10-aluminio-proto-ref-j810a#breadcrumb"},"inLanguage":"es","potentialAction":[{"@type":"ReadAction","target":["https:\/\/solumeca.com\/?product=llave-stilson-10-aluminio-proto-ref-j810a"]}]},{"@type":"ImageObject","inLanguage":"es","@id":"https:\/\/solumeca.com\/?product=llave-stilson-10-aluminio-proto-ref-j810a#primaryimage","url":"https:\/\/solumeca.com\/wp-content\/uploads\/2026\/03\/8-3.jpg","contentUrl":"https:\/\/solumeca.com\/wp-content\/uploads\/2026\/03\/8-3.jpg","width":530,"height":530},{"@type":"BreadcrumbList","@id":"https:\/\/solumeca.com\/?product=llave-stilson-10-aluminio-proto-ref-j810a#breadcrumb","itemListElement":[{"@type":"ListItem","position":1,"name":"Portada","item":"https:\/\/solumeca.com\/"},{"@type":"ListItem","position":2,"name":"Shop","item":"https:\/\/solumeca.com\/?page_id=10"},{"@type":"ListItem","position":3,"name":"LLAVE STILSON 10 ALUMINIO PROTO &#8211; Ref.J810A"}]},{"@type":"WebSite","@id":"https:\/\/solumeca.com\/#website","url":"https:\/\/solumeca.com\/","name":"SOS Integral - Equipos de Seguridad - Herramientas Industriales","description":"Equipos de Seguridad, Santo Domingo, Republica Dominicana, Herramientas Industriales,Tel.: (809) 274-3888 \/ Info@solumeca.com","publisher":{"@id":"https:\/\/solumeca.com\/#organization"},"potentialAction":[{"@type":"SearchAction","target":{"@type":"EntryPoint","urlTemplate":"https:\/\/solumeca.com\/?s={search_term_string}"},"query-input":"required name=search_term_string"}],"inLanguage":"es"},{"@type":"Organization","@id":"https:\/\/solumeca.com\/#organization","name":"SOS Integral - Equipos de Seguridad - Herramientas Industriales","url":"https:\/\/solumeca.com\/","logo":{"@type":"ImageObject","inLanguage":"es","@id":"https:\/\/solumeca.com\/#\/schema\/logo\/image\/","url":"https:\/\/solumeca.com\/wp-content\/uploads\/2024\/04\/equipos-de-seguridad-sos-2.png","contentUrl":"https:\/\/solumeca.com\/wp-content\/uploads\/2024\/04\/equipos-de-seguridad-sos-2.png","width":600,"height":259,"caption":"SOS Integral - Equipos de Seguridad - Herramientas Industriales"},"image":{"@id":"https:\/\/solumeca.com\/#\/schema\/logo\/image\/"},"sameAs":["https:\/\/www.instagram.com\/sosintegralrd\/"]}]}},"_links":{"self":[{"href":"https:\/\/solumeca.com\/index.php?rest_route=\/wp\/v2\/product\/39169","targetHints":{"allow":["GET"]}}],"collection":[{"href":"https:\/\/solumeca.com\/index.php?rest_route=\/wp\/v2\/product"}],"about":[{"href":"https:\/\/solumeca.com\/index.php?rest_route=\/wp\/v2\/types\/product"}],"replies":[{"embeddable":true,"href":"https:\/\/solumeca.com\/index.php?rest_route=%2Fwp%2Fv2%2Fcomments&post=39169"}],"version-history":[{"count":1,"href":"https:\/\/solumeca.com\/index.php?rest_route=\/wp\/v2\/product\/39169\/revisions"}],"predecessor-version":[{"id":39199,"href":"https:\/\/solumeca.com\/index.php?rest_route=\/wp\/v2\/product\/39169\/revisions\/39199"}],"wp:featuredmedia":[{"embeddable":true,"href":"https:\/\/solumeca.com\/index.php?rest_route=\/wp\/v2\/media\/31516"}],"wp:attachment":[{"href":"https:\/\/solumeca.com\/index.php?rest_route=%2Fwp%2Fv2%2Fmedia&parent=39169"}],"wp:term":[{"taxonomy":"product_brand","embeddable":true,"href":"https:\/\/solumeca.com\/index.php?rest_route=%2Fwp%2Fv2%2Fproduct_brand&post=39169"},{"taxonomy":"product_cat","embeddable":true,"href":"https:\/\/solumeca.com\/index.php?rest_route=%2Fwp%2Fv2%2Fproduct_cat&post=39169"},{"taxonomy":"product_tag","embeddable":true,"href":"https:\/\/solumeca.com\/index.php?rest_route=%2Fwp%2Fv2%2Fproduct_tag&post=39169"}],"curies":[{"name":"wp","href":"https:\/\/api.w.org\/{rel}","templated":true}]}}