{"id":39010,"date":"2026-03-17T21:29:59","date_gmt":"2026-03-17T20:29:59","guid":{"rendered":"https:\/\/solumeca.com\/?post_type=product&#038;p=39010"},"modified":"2026-03-17T21:30:09","modified_gmt":"2026-03-17T20:30:09","slug":"cubo-torx-de-impacto-c-1-2-e20-ref-j7420tx","status":"publish","type":"product","link":"https:\/\/solumeca.com\/?product=cubo-torx-de-impacto-c-1-2-e20-ref-j7420tx","title":{"rendered":"CUBO TORX DE IMPACTO C-1\/2&#8243; E20 &#8211; Ref.J7420TX"},"content":{"rendered":"<ul class=\"a-unordered-list a-vertical a-spacing-mini\">\n<li class=\"a-spacing-mini\"><span class=\"a-list-item\"> Los enchufes de impacto Proto Torx se pueden utilizar en sujetadores Torx rebeldes. <\/span><\/li>\n<li class=\"a-spacing-mini\"><span class=\"a-list-item\"> Tolerancias ajustadas para un ajuste c\u00f3modo en el cierre. <\/span><\/li>\n<li class=\"a-spacing-mini\"><span class=\"a-list-item\"> Torx Impact Sockets se utilizan dondequiera que las herramientas de la unidad de alimentaci\u00f3n se utilizan para ayudar a instalar o quitar los cierres. <\/span><\/li>\n<li class=\"a-spacing-mini\"><span class=\"a-list-item\"> Torx Impact Sockets est\u00e1n dise\u00f1ados para soportar el alto par de torsi\u00f3n y fuerza asociado con herramientas de impacto en aplicaciones repetitivas. <\/span><\/li>\n<li class=\"a-spacing-mini\"><span class=\"a-list-item\"> Tama\u00f1o del enchufe estampado en la herramienta para una f\u00e1cil identificaci\u00f3n. <\/span><\/li>\n<\/ul>\n","protected":false},"excerpt":{"rendered":"<p>Los enchufes de impacto Proto Torx se pueden utilizar en sujetadores Torx rebeldes. Tolerancias ajustadas para un ajuste c\u00f3modo en el cierre. Torx Impact Sockets se utilizan dondequiera que las herramientas de la unidad de alimentaci\u00f3n se utilizan para ayudar a instalar o quitar los cierres. Torx Impact Sockets est\u00e1n dise\u00f1ados para soportar el alto<\/p>\n<div class=\"klb-readmore button\"><a class=\"btn link\" href=\"https:\/\/solumeca.com\/?product=cubo-torx-de-impacto-c-1-2-e20-ref-j7420tx\">Read More <i class=\"klbth-icon-right-arrow\"><\/i><\/a><\/div>\n","protected":false},"featured_media":31354,"comment_status":"closed","ping_status":"closed","template":"","meta":[],"product_brand":[],"product_cat":[343,372],"product_tag":[],"class_list":{"0":"post-39010","1":"product","2":"type-product","3":"status-publish","4":"has-post-thumbnail","6":"product_cat-cubos","7":"product_cat-proto","9":"first","10":"instock","11":"taxable","12":"shipping-taxable","13":"purchasable","14":"product-type-simple"},"yoast_head":"<!-- This site is optimized with the Yoast SEO Premium plugin v22.5 (Yoast SEO v22.6) - https:\/\/yoast.com\/wordpress\/plugins\/seo\/ -->\n<title>CUBO TORX DE IMPACTO C-1\/2&quot; E20 - Ref.J7420TX - Herramientas Industriales - Equipos de Seguridad - Solumeca.com<\/title>\n<meta name=\"robots\" content=\"index, follow, max-snippet:-1, max-image-preview:large, max-video-preview:-1\" \/>\n<link rel=\"canonical\" href=\"https:\/\/solumeca.com\/?product=cubo-torx-de-impacto-c-1-2-e20-ref-j7420tx\" \/>\n<meta property=\"og:locale\" content=\"es_ES\" \/>\n<meta property=\"og:type\" content=\"article\" \/>\n<meta property=\"og:title\" content=\"CUBO TORX DE IMPACTO C-1\/2&quot; E20 - Ref.J7420TX\" \/>\n<meta property=\"og:description\" content=\"Los enchufes de impacto Proto Torx se pueden utilizar en sujetadores Torx rebeldes. Tolerancias ajustadas para un ajuste c\u00f3modo en el cierre. Torx Impact Sockets se utilizan dondequiera que las herramientas de la unidad de alimentaci\u00f3n se utilizan para ayudar a instalar o quitar los cierres. Torx Impact Sockets est\u00e1n dise\u00f1ados para soportar el altoRead More\" \/>\n<meta property=\"og:url\" content=\"https:\/\/solumeca.com\/?product=cubo-torx-de-impacto-c-1-2-e20-ref-j7420tx\" \/>\n<meta property=\"og:site_name\" content=\"Herramientas Industriales - Equipos de Seguridad - Solumeca.com\" \/>\n<meta property=\"article:modified_time\" content=\"2026-03-17T20:30:09+00:00\" \/>\n<meta name=\"twitter:card\" content=\"summary_large_image\" \/>\n<script type=\"application\/ld+json\" class=\"yoast-schema-graph\">{\"@context\":\"https:\/\/schema.org\",\"@graph\":[{\"@type\":\"WebPage\",\"@id\":\"https:\/\/solumeca.com\/?product=cubo-torx-de-impacto-c-1-2-e20-ref-j7420tx\",\"url\":\"https:\/\/solumeca.com\/?product=cubo-torx-de-impacto-c-1-2-e20-ref-j7420tx\",\"name\":\"CUBO TORX DE IMPACTO C-1\/2\\\" E20 - Ref.J7420TX - Herramientas Industriales - Equipos de Seguridad - Solumeca.com\",\"isPartOf\":{\"@id\":\"https:\/\/solumeca.com\/#website\"},\"primaryImageOfPage\":{\"@id\":\"https:\/\/solumeca.com\/?product=cubo-torx-de-impacto-c-1-2-e20-ref-j7420tx#primaryimage\"},\"image\":{\"@id\":\"https:\/\/solumeca.com\/?product=cubo-torx-de-impacto-c-1-2-e20-ref-j7420tx#primaryimage\"},\"thumbnailUrl\":\"https:\/\/solumeca.com\/wp-content\/uploads\/2026\/03\/proto-tool.png\",\"datePublished\":\"2026-03-17T20:29:59+00:00\",\"dateModified\":\"2026-03-17T20:30:09+00:00\",\"breadcrumb\":{\"@id\":\"https:\/\/solumeca.com\/?product=cubo-torx-de-impacto-c-1-2-e20-ref-j7420tx#breadcrumb\"},\"inLanguage\":\"es\",\"potentialAction\":[{\"@type\":\"ReadAction\",\"target\":[\"https:\/\/solumeca.com\/?product=cubo-torx-de-impacto-c-1-2-e20-ref-j7420tx\"]}]},{\"@type\":\"ImageObject\",\"inLanguage\":\"es\",\"@id\":\"https:\/\/solumeca.com\/?product=cubo-torx-de-impacto-c-1-2-e20-ref-j7420tx#primaryimage\",\"url\":\"https:\/\/solumeca.com\/wp-content\/uploads\/2026\/03\/proto-tool.png\",\"contentUrl\":\"https:\/\/solumeca.com\/wp-content\/uploads\/2026\/03\/proto-tool.png\",\"width\":800,\"height\":800},{\"@type\":\"BreadcrumbList\",\"@id\":\"https:\/\/solumeca.com\/?product=cubo-torx-de-impacto-c-1-2-e20-ref-j7420tx#breadcrumb\",\"itemListElement\":[{\"@type\":\"ListItem\",\"position\":1,\"name\":\"Portada\",\"item\":\"https:\/\/solumeca.com\/\"},{\"@type\":\"ListItem\",\"position\":2,\"name\":\"Shop\",\"item\":\"https:\/\/solumeca.com\/?page_id=10\"},{\"@type\":\"ListItem\",\"position\":3,\"name\":\"CUBO TORX DE IMPACTO C-1\/2&#8243; E20 &#8211; Ref.J7420TX\"}]},{\"@type\":\"WebSite\",\"@id\":\"https:\/\/solumeca.com\/#website\",\"url\":\"https:\/\/solumeca.com\/\",\"name\":\"SOS Integral - Equipos de Seguridad - Herramientas Industriales\",\"description\":\"Equipos de Seguridad, Santo Domingo, Republica Dominicana, Herramientas Industriales,Tel.: (809) 274-3888 \/ Info@solumeca.com\",\"publisher\":{\"@id\":\"https:\/\/solumeca.com\/#organization\"},\"potentialAction\":[{\"@type\":\"SearchAction\",\"target\":{\"@type\":\"EntryPoint\",\"urlTemplate\":\"https:\/\/solumeca.com\/?s={search_term_string}\"},\"query-input\":\"required name=search_term_string\"}],\"inLanguage\":\"es\"},{\"@type\":\"Organization\",\"@id\":\"https:\/\/solumeca.com\/#organization\",\"name\":\"SOS Integral - Equipos de Seguridad - Herramientas Industriales\",\"url\":\"https:\/\/solumeca.com\/\",\"logo\":{\"@type\":\"ImageObject\",\"inLanguage\":\"es\",\"@id\":\"https:\/\/solumeca.com\/#\/schema\/logo\/image\/\",\"url\":\"https:\/\/solumeca.com\/wp-content\/uploads\/2024\/04\/equipos-de-seguridad-sos-2.png\",\"contentUrl\":\"https:\/\/solumeca.com\/wp-content\/uploads\/2024\/04\/equipos-de-seguridad-sos-2.png\",\"width\":600,\"height\":259,\"caption\":\"SOS Integral - Equipos de Seguridad - Herramientas Industriales\"},\"image\":{\"@id\":\"https:\/\/solumeca.com\/#\/schema\/logo\/image\/\"},\"sameAs\":[\"https:\/\/www.instagram.com\/sosintegralrd\/\"]}]}<\/script>\n<!-- \/ Yoast SEO Premium plugin. -->","yoast_head_json":{"title":"CUBO TORX DE IMPACTO C-1\/2\" E20 - Ref.J7420TX - Herramientas Industriales - Equipos de Seguridad - Solumeca.com","robots":{"index":"index","follow":"follow","max-snippet":"max-snippet:-1","max-image-preview":"max-image-preview:large","max-video-preview":"max-video-preview:-1"},"canonical":"https:\/\/solumeca.com\/?product=cubo-torx-de-impacto-c-1-2-e20-ref-j7420tx","og_locale":"es_ES","og_type":"article","og_title":"CUBO TORX DE IMPACTO C-1\/2\" E20 - Ref.J7420TX","og_description":"Los enchufes de impacto Proto Torx se pueden utilizar en sujetadores Torx rebeldes. Tolerancias ajustadas para un ajuste c\u00f3modo en el cierre. Torx Impact Sockets se utilizan dondequiera que las herramientas de la unidad de alimentaci\u00f3n se utilizan para ayudar a instalar o quitar los cierres. Torx Impact Sockets est\u00e1n dise\u00f1ados para soportar el altoRead More","og_url":"https:\/\/solumeca.com\/?product=cubo-torx-de-impacto-c-1-2-e20-ref-j7420tx","og_site_name":"Herramientas Industriales - Equipos de Seguridad - Solumeca.com","article_modified_time":"2026-03-17T20:30:09+00:00","twitter_card":"summary_large_image","schema":{"@context":"https:\/\/schema.org","@graph":[{"@type":"WebPage","@id":"https:\/\/solumeca.com\/?product=cubo-torx-de-impacto-c-1-2-e20-ref-j7420tx","url":"https:\/\/solumeca.com\/?product=cubo-torx-de-impacto-c-1-2-e20-ref-j7420tx","name":"CUBO TORX DE IMPACTO C-1\/2\" E20 - Ref.J7420TX - Herramientas Industriales - Equipos de Seguridad - Solumeca.com","isPartOf":{"@id":"https:\/\/solumeca.com\/#website"},"primaryImageOfPage":{"@id":"https:\/\/solumeca.com\/?product=cubo-torx-de-impacto-c-1-2-e20-ref-j7420tx#primaryimage"},"image":{"@id":"https:\/\/solumeca.com\/?product=cubo-torx-de-impacto-c-1-2-e20-ref-j7420tx#primaryimage"},"thumbnailUrl":"https:\/\/solumeca.com\/wp-content\/uploads\/2026\/03\/proto-tool.png","datePublished":"2026-03-17T20:29:59+00:00","dateModified":"2026-03-17T20:30:09+00:00","breadcrumb":{"@id":"https:\/\/solumeca.com\/?product=cubo-torx-de-impacto-c-1-2-e20-ref-j7420tx#breadcrumb"},"inLanguage":"es","potentialAction":[{"@type":"ReadAction","target":["https:\/\/solumeca.com\/?product=cubo-torx-de-impacto-c-1-2-e20-ref-j7420tx"]}]},{"@type":"ImageObject","inLanguage":"es","@id":"https:\/\/solumeca.com\/?product=cubo-torx-de-impacto-c-1-2-e20-ref-j7420tx#primaryimage","url":"https:\/\/solumeca.com\/wp-content\/uploads\/2026\/03\/proto-tool.png","contentUrl":"https:\/\/solumeca.com\/wp-content\/uploads\/2026\/03\/proto-tool.png","width":800,"height":800},{"@type":"BreadcrumbList","@id":"https:\/\/solumeca.com\/?product=cubo-torx-de-impacto-c-1-2-e20-ref-j7420tx#breadcrumb","itemListElement":[{"@type":"ListItem","position":1,"name":"Portada","item":"https:\/\/solumeca.com\/"},{"@type":"ListItem","position":2,"name":"Shop","item":"https:\/\/solumeca.com\/?page_id=10"},{"@type":"ListItem","position":3,"name":"CUBO TORX DE IMPACTO C-1\/2&#8243; E20 &#8211; Ref.J7420TX"}]},{"@type":"WebSite","@id":"https:\/\/solumeca.com\/#website","url":"https:\/\/solumeca.com\/","name":"SOS Integral - Equipos de Seguridad - Herramientas Industriales","description":"Equipos de Seguridad, Santo Domingo, Republica Dominicana, Herramientas Industriales,Tel.: (809) 274-3888 \/ Info@solumeca.com","publisher":{"@id":"https:\/\/solumeca.com\/#organization"},"potentialAction":[{"@type":"SearchAction","target":{"@type":"EntryPoint","urlTemplate":"https:\/\/solumeca.com\/?s={search_term_string}"},"query-input":"required name=search_term_string"}],"inLanguage":"es"},{"@type":"Organization","@id":"https:\/\/solumeca.com\/#organization","name":"SOS Integral - Equipos de Seguridad - Herramientas Industriales","url":"https:\/\/solumeca.com\/","logo":{"@type":"ImageObject","inLanguage":"es","@id":"https:\/\/solumeca.com\/#\/schema\/logo\/image\/","url":"https:\/\/solumeca.com\/wp-content\/uploads\/2024\/04\/equipos-de-seguridad-sos-2.png","contentUrl":"https:\/\/solumeca.com\/wp-content\/uploads\/2024\/04\/equipos-de-seguridad-sos-2.png","width":600,"height":259,"caption":"SOS Integral - Equipos de Seguridad - Herramientas Industriales"},"image":{"@id":"https:\/\/solumeca.com\/#\/schema\/logo\/image\/"},"sameAs":["https:\/\/www.instagram.com\/sosintegralrd\/"]}]}},"_links":{"self":[{"href":"https:\/\/solumeca.com\/index.php?rest_route=\/wp\/v2\/product\/39010","targetHints":{"allow":["GET"]}}],"collection":[{"href":"https:\/\/solumeca.com\/index.php?rest_route=\/wp\/v2\/product"}],"about":[{"href":"https:\/\/solumeca.com\/index.php?rest_route=\/wp\/v2\/types\/product"}],"replies":[{"embeddable":true,"href":"https:\/\/solumeca.com\/index.php?rest_route=%2Fwp%2Fv2%2Fcomments&post=39010"}],"version-history":[{"count":1,"href":"https:\/\/solumeca.com\/index.php?rest_route=\/wp\/v2\/product\/39010\/revisions"}],"predecessor-version":[{"id":39040,"href":"https:\/\/solumeca.com\/index.php?rest_route=\/wp\/v2\/product\/39010\/revisions\/39040"}],"wp:featuredmedia":[{"embeddable":true,"href":"https:\/\/solumeca.com\/index.php?rest_route=\/wp\/v2\/media\/31354"}],"wp:attachment":[{"href":"https:\/\/solumeca.com\/index.php?rest_route=%2Fwp%2Fv2%2Fmedia&parent=39010"}],"wp:term":[{"taxonomy":"product_brand","embeddable":true,"href":"https:\/\/solumeca.com\/index.php?rest_route=%2Fwp%2Fv2%2Fproduct_brand&post=39010"},{"taxonomy":"product_cat","embeddable":true,"href":"https:\/\/solumeca.com\/index.php?rest_route=%2Fwp%2Fv2%2Fproduct_cat&post=39010"},{"taxonomy":"product_tag","embeddable":true,"href":"https:\/\/solumeca.com\/index.php?rest_route=%2Fwp%2Fv2%2Fproduct_tag&post=39010"}],"curies":[{"name":"wp","href":"https:\/\/api.w.org\/{rel}","templated":true}]}}