{"id":38598,"date":"2026-03-17T21:27:15","date_gmt":"2026-03-17T20:27:15","guid":{"rendered":"https:\/\/solumeca.com\/?post_type=product&#038;p=38598"},"modified":"2026-03-17T21:27:33","modified_gmt":"2026-03-17T20:27:33","slug":"chicharra-de-1-2-x-15-larga-ref-j5450xl","status":"publish","type":"product","link":"https:\/\/solumeca.com\/?product=chicharra-de-1-2-x-15-larga-ref-j5450xl","title":{"rendered":"CHICHARRA DE 1\/2&#8243; X 15&#8243; LARGA &#8211; Ref.J5450XL"},"content":{"rendered":"<div class=\"sku-features\">\n<ul>\n<li>Peque\u00f1o dise\u00f1o de cabeza de pera para acceder en \u00e1reas de trabajo apretada y dif\u00edcil de alcanzar<\/li>\n<li>El engranaje de 45 dientes proporciona equilibrio entre el \u00e1ngulo de articulaci\u00f3n de 8 grados y la alta capacidad de carga de par<\/li>\n<li>El dise\u00f1o sellado ayuda a evitar que los escombros entren en el mecanismo de trinquete reduciendo el desgaste<\/li>\n<li>Tambi\u00e9n ayuda a mantener la lubricaci\u00f3n contenida dentro de los componentes<\/li>\n<li>Patente pendiente de dise\u00f1o<\/li>\n<li>Dise\u00f1o de palanca de reversi\u00f3n de bajo perfil para un funcionamiento r\u00e1pido de 1 mano<\/li>\n<li>Mango contorneado, ergon\u00f3micamente dise\u00f1ado para la comodidad<\/li>\n<li>Las bandas kneuradas permiten un mayor agarre y resistencia a los deslizas<\/li>\n<li>Doble cromo de n\u00edquel para una protecci\u00f3n de corrosi\u00f3n mejorada<\/li>\n<li>Acabado de pulido completo para una comodidad superior y f\u00e1cil limpieza<\/li>\n<li>Campo reparable<\/li>\n<\/ul>\n<\/div>\n","protected":false},"excerpt":{"rendered":"<p>Peque\u00f1o dise\u00f1o de cabeza de pera para acceder en \u00e1reas de trabajo apretada y dif\u00edcil de alcanzar El engranaje de 45 dientes proporciona equilibrio entre el \u00e1ngulo de articulaci\u00f3n de 8 grados y la alta capacidad de carga de par El dise\u00f1o sellado ayuda a evitar que los escombros entren en el mecanismo de trinquete<\/p>\n<div class=\"klb-readmore button\"><a class=\"btn link\" href=\"https:\/\/solumeca.com\/?product=chicharra-de-1-2-x-15-larga-ref-j5450xl\">Read More <i class=\"klbth-icon-right-arrow\"><\/i><\/a><\/div>\n","protected":false},"featured_media":30786,"comment_status":"closed","ping_status":"closed","template":"","meta":[],"product_brand":[],"product_cat":[372],"product_tag":[],"class_list":{"0":"post-38598","1":"product","2":"type-product","3":"status-publish","4":"has-post-thumbnail","6":"product_cat-proto","8":"first","9":"instock","10":"taxable","11":"shipping-taxable","12":"purchasable","13":"product-type-simple"},"yoast_head":"<!-- This site is optimized with the Yoast SEO Premium plugin v22.5 (Yoast SEO v22.6) - https:\/\/yoast.com\/wordpress\/plugins\/seo\/ -->\n<title>CHICHARRA DE 1\/2&quot; X 15&quot; LARGA - Ref.J5450XL - Herramientas Industriales - Equipos de Seguridad - Solumeca.com<\/title>\n<meta name=\"robots\" content=\"index, follow, max-snippet:-1, max-image-preview:large, max-video-preview:-1\" \/>\n<link rel=\"canonical\" href=\"https:\/\/solumeca.com\/?product=chicharra-de-1-2-x-15-larga-ref-j5450xl\" \/>\n<meta property=\"og:locale\" content=\"es_ES\" \/>\n<meta property=\"og:type\" content=\"article\" \/>\n<meta property=\"og:title\" content=\"CHICHARRA DE 1\/2&quot; X 15&quot; LARGA - Ref.J5450XL\" \/>\n<meta property=\"og:description\" content=\"Peque\u00f1o dise\u00f1o de cabeza de pera para acceder en \u00e1reas de trabajo apretada y dif\u00edcil de alcanzar El engranaje de 45 dientes proporciona equilibrio entre el \u00e1ngulo de articulaci\u00f3n de 8 grados y la alta capacidad de carga de par El dise\u00f1o sellado ayuda a evitar que los escombros entren en el mecanismo de trinqueteRead More\" \/>\n<meta property=\"og:url\" content=\"https:\/\/solumeca.com\/?product=chicharra-de-1-2-x-15-larga-ref-j5450xl\" \/>\n<meta property=\"og:site_name\" content=\"Herramientas Industriales - Equipos de Seguridad - Solumeca.com\" \/>\n<meta property=\"article:modified_time\" content=\"2026-03-17T20:27:33+00:00\" \/>\n<meta name=\"twitter:card\" content=\"summary_large_image\" \/>\n<meta name=\"twitter:label1\" content=\"Tiempo de lectura\" \/>\n\t<meta name=\"twitter:data1\" content=\"1 minuto\" \/>\n<script type=\"application\/ld+json\" class=\"yoast-schema-graph\">{\"@context\":\"https:\/\/schema.org\",\"@graph\":[{\"@type\":\"WebPage\",\"@id\":\"https:\/\/solumeca.com\/?product=chicharra-de-1-2-x-15-larga-ref-j5450xl\",\"url\":\"https:\/\/solumeca.com\/?product=chicharra-de-1-2-x-15-larga-ref-j5450xl\",\"name\":\"CHICHARRA DE 1\/2\\\" X 15\\\" LARGA - Ref.J5450XL - Herramientas Industriales - Equipos de Seguridad - Solumeca.com\",\"isPartOf\":{\"@id\":\"https:\/\/solumeca.com\/#website\"},\"primaryImageOfPage\":{\"@id\":\"https:\/\/solumeca.com\/?product=chicharra-de-1-2-x-15-larga-ref-j5450xl#primaryimage\"},\"image\":{\"@id\":\"https:\/\/solumeca.com\/?product=chicharra-de-1-2-x-15-larga-ref-j5450xl#primaryimage\"},\"thumbnailUrl\":\"https:\/\/solumeca.com\/wp-content\/uploads\/2026\/03\/43-1.jpg\",\"datePublished\":\"2026-03-17T20:27:15+00:00\",\"dateModified\":\"2026-03-17T20:27:33+00:00\",\"breadcrumb\":{\"@id\":\"https:\/\/solumeca.com\/?product=chicharra-de-1-2-x-15-larga-ref-j5450xl#breadcrumb\"},\"inLanguage\":\"es\",\"potentialAction\":[{\"@type\":\"ReadAction\",\"target\":[\"https:\/\/solumeca.com\/?product=chicharra-de-1-2-x-15-larga-ref-j5450xl\"]}]},{\"@type\":\"ImageObject\",\"inLanguage\":\"es\",\"@id\":\"https:\/\/solumeca.com\/?product=chicharra-de-1-2-x-15-larga-ref-j5450xl#primaryimage\",\"url\":\"https:\/\/solumeca.com\/wp-content\/uploads\/2026\/03\/43-1.jpg\",\"contentUrl\":\"https:\/\/solumeca.com\/wp-content\/uploads\/2026\/03\/43-1.jpg\",\"width\":500,\"height\":500},{\"@type\":\"BreadcrumbList\",\"@id\":\"https:\/\/solumeca.com\/?product=chicharra-de-1-2-x-15-larga-ref-j5450xl#breadcrumb\",\"itemListElement\":[{\"@type\":\"ListItem\",\"position\":1,\"name\":\"Portada\",\"item\":\"https:\/\/solumeca.com\/\"},{\"@type\":\"ListItem\",\"position\":2,\"name\":\"Shop\",\"item\":\"https:\/\/solumeca.com\/?page_id=10\"},{\"@type\":\"ListItem\",\"position\":3,\"name\":\"CHICHARRA DE 1\/2&#8243; X 15&#8243; LARGA &#8211; Ref.J5450XL\"}]},{\"@type\":\"WebSite\",\"@id\":\"https:\/\/solumeca.com\/#website\",\"url\":\"https:\/\/solumeca.com\/\",\"name\":\"SOS Integral - Equipos de Seguridad - Herramientas Industriales\",\"description\":\"Equipos de Seguridad, Santo Domingo, Republica Dominicana, Herramientas Industriales,Tel.: (809) 274-3888 \/ Info@solumeca.com\",\"publisher\":{\"@id\":\"https:\/\/solumeca.com\/#organization\"},\"potentialAction\":[{\"@type\":\"SearchAction\",\"target\":{\"@type\":\"EntryPoint\",\"urlTemplate\":\"https:\/\/solumeca.com\/?s={search_term_string}\"},\"query-input\":\"required name=search_term_string\"}],\"inLanguage\":\"es\"},{\"@type\":\"Organization\",\"@id\":\"https:\/\/solumeca.com\/#organization\",\"name\":\"SOS Integral - Equipos de Seguridad - Herramientas Industriales\",\"url\":\"https:\/\/solumeca.com\/\",\"logo\":{\"@type\":\"ImageObject\",\"inLanguage\":\"es\",\"@id\":\"https:\/\/solumeca.com\/#\/schema\/logo\/image\/\",\"url\":\"https:\/\/solumeca.com\/wp-content\/uploads\/2024\/04\/equipos-de-seguridad-sos-2.png\",\"contentUrl\":\"https:\/\/solumeca.com\/wp-content\/uploads\/2024\/04\/equipos-de-seguridad-sos-2.png\",\"width\":600,\"height\":259,\"caption\":\"SOS Integral - Equipos de Seguridad - Herramientas Industriales\"},\"image\":{\"@id\":\"https:\/\/solumeca.com\/#\/schema\/logo\/image\/\"},\"sameAs\":[\"https:\/\/www.instagram.com\/sosintegralrd\/\"]}]}<\/script>\n<!-- \/ Yoast SEO Premium plugin. -->","yoast_head_json":{"title":"CHICHARRA DE 1\/2\" X 15\" LARGA - Ref.J5450XL - Herramientas Industriales - Equipos de Seguridad - Solumeca.com","robots":{"index":"index","follow":"follow","max-snippet":"max-snippet:-1","max-image-preview":"max-image-preview:large","max-video-preview":"max-video-preview:-1"},"canonical":"https:\/\/solumeca.com\/?product=chicharra-de-1-2-x-15-larga-ref-j5450xl","og_locale":"es_ES","og_type":"article","og_title":"CHICHARRA DE 1\/2\" X 15\" LARGA - Ref.J5450XL","og_description":"Peque\u00f1o dise\u00f1o de cabeza de pera para acceder en \u00e1reas de trabajo apretada y dif\u00edcil de alcanzar El engranaje de 45 dientes proporciona equilibrio entre el \u00e1ngulo de articulaci\u00f3n de 8 grados y la alta capacidad de carga de par El dise\u00f1o sellado ayuda a evitar que los escombros entren en el mecanismo de trinqueteRead More","og_url":"https:\/\/solumeca.com\/?product=chicharra-de-1-2-x-15-larga-ref-j5450xl","og_site_name":"Herramientas Industriales - Equipos de Seguridad - Solumeca.com","article_modified_time":"2026-03-17T20:27:33+00:00","twitter_card":"summary_large_image","twitter_misc":{"Tiempo de lectura":"1 minuto"},"schema":{"@context":"https:\/\/schema.org","@graph":[{"@type":"WebPage","@id":"https:\/\/solumeca.com\/?product=chicharra-de-1-2-x-15-larga-ref-j5450xl","url":"https:\/\/solumeca.com\/?product=chicharra-de-1-2-x-15-larga-ref-j5450xl","name":"CHICHARRA DE 1\/2\" X 15\" LARGA - Ref.J5450XL - Herramientas Industriales - Equipos de Seguridad - Solumeca.com","isPartOf":{"@id":"https:\/\/solumeca.com\/#website"},"primaryImageOfPage":{"@id":"https:\/\/solumeca.com\/?product=chicharra-de-1-2-x-15-larga-ref-j5450xl#primaryimage"},"image":{"@id":"https:\/\/solumeca.com\/?product=chicharra-de-1-2-x-15-larga-ref-j5450xl#primaryimage"},"thumbnailUrl":"https:\/\/solumeca.com\/wp-content\/uploads\/2026\/03\/43-1.jpg","datePublished":"2026-03-17T20:27:15+00:00","dateModified":"2026-03-17T20:27:33+00:00","breadcrumb":{"@id":"https:\/\/solumeca.com\/?product=chicharra-de-1-2-x-15-larga-ref-j5450xl#breadcrumb"},"inLanguage":"es","potentialAction":[{"@type":"ReadAction","target":["https:\/\/solumeca.com\/?product=chicharra-de-1-2-x-15-larga-ref-j5450xl"]}]},{"@type":"ImageObject","inLanguage":"es","@id":"https:\/\/solumeca.com\/?product=chicharra-de-1-2-x-15-larga-ref-j5450xl#primaryimage","url":"https:\/\/solumeca.com\/wp-content\/uploads\/2026\/03\/43-1.jpg","contentUrl":"https:\/\/solumeca.com\/wp-content\/uploads\/2026\/03\/43-1.jpg","width":500,"height":500},{"@type":"BreadcrumbList","@id":"https:\/\/solumeca.com\/?product=chicharra-de-1-2-x-15-larga-ref-j5450xl#breadcrumb","itemListElement":[{"@type":"ListItem","position":1,"name":"Portada","item":"https:\/\/solumeca.com\/"},{"@type":"ListItem","position":2,"name":"Shop","item":"https:\/\/solumeca.com\/?page_id=10"},{"@type":"ListItem","position":3,"name":"CHICHARRA DE 1\/2&#8243; X 15&#8243; LARGA &#8211; Ref.J5450XL"}]},{"@type":"WebSite","@id":"https:\/\/solumeca.com\/#website","url":"https:\/\/solumeca.com\/","name":"SOS Integral - Equipos de Seguridad - Herramientas Industriales","description":"Equipos de Seguridad, Santo Domingo, Republica Dominicana, Herramientas Industriales,Tel.: (809) 274-3888 \/ Info@solumeca.com","publisher":{"@id":"https:\/\/solumeca.com\/#organization"},"potentialAction":[{"@type":"SearchAction","target":{"@type":"EntryPoint","urlTemplate":"https:\/\/solumeca.com\/?s={search_term_string}"},"query-input":"required name=search_term_string"}],"inLanguage":"es"},{"@type":"Organization","@id":"https:\/\/solumeca.com\/#organization","name":"SOS Integral - Equipos de Seguridad - Herramientas Industriales","url":"https:\/\/solumeca.com\/","logo":{"@type":"ImageObject","inLanguage":"es","@id":"https:\/\/solumeca.com\/#\/schema\/logo\/image\/","url":"https:\/\/solumeca.com\/wp-content\/uploads\/2024\/04\/equipos-de-seguridad-sos-2.png","contentUrl":"https:\/\/solumeca.com\/wp-content\/uploads\/2024\/04\/equipos-de-seguridad-sos-2.png","width":600,"height":259,"caption":"SOS Integral - Equipos de Seguridad - Herramientas Industriales"},"image":{"@id":"https:\/\/solumeca.com\/#\/schema\/logo\/image\/"},"sameAs":["https:\/\/www.instagram.com\/sosintegralrd\/"]}]}},"_links":{"self":[{"href":"https:\/\/solumeca.com\/index.php?rest_route=\/wp\/v2\/product\/38598","targetHints":{"allow":["GET"]}}],"collection":[{"href":"https:\/\/solumeca.com\/index.php?rest_route=\/wp\/v2\/product"}],"about":[{"href":"https:\/\/solumeca.com\/index.php?rest_route=\/wp\/v2\/types\/product"}],"replies":[{"embeddable":true,"href":"https:\/\/solumeca.com\/index.php?rest_route=%2Fwp%2Fv2%2Fcomments&post=38598"}],"version-history":[{"count":1,"href":"https:\/\/solumeca.com\/index.php?rest_route=\/wp\/v2\/product\/38598\/revisions"}],"predecessor-version":[{"id":38628,"href":"https:\/\/solumeca.com\/index.php?rest_route=\/wp\/v2\/product\/38598\/revisions\/38628"}],"wp:featuredmedia":[{"embeddable":true,"href":"https:\/\/solumeca.com\/index.php?rest_route=\/wp\/v2\/media\/30786"}],"wp:attachment":[{"href":"https:\/\/solumeca.com\/index.php?rest_route=%2Fwp%2Fv2%2Fmedia&parent=38598"}],"wp:term":[{"taxonomy":"product_brand","embeddable":true,"href":"https:\/\/solumeca.com\/index.php?rest_route=%2Fwp%2Fv2%2Fproduct_brand&post=38598"},{"taxonomy":"product_cat","embeddable":true,"href":"https:\/\/solumeca.com\/index.php?rest_route=%2Fwp%2Fv2%2Fproduct_cat&post=38598"},{"taxonomy":"product_tag","embeddable":true,"href":"https:\/\/solumeca.com\/index.php?rest_route=%2Fwp%2Fv2%2Fproduct_tag&post=38598"}],"curies":[{"name":"wp","href":"https:\/\/api.w.org\/{rel}","templated":true}]}}