{"id":38594,"date":"2026-03-17T21:27:14","date_gmt":"2026-03-17T20:27:14","guid":{"rendered":"https:\/\/solumeca.com\/?post_type=product&#038;p=38594"},"modified":"2026-03-17T21:27:31","modified_gmt":"2026-03-17T20:27:31","slug":"repuesto-para-chicharra-1-2-proto-ref-j5449rk","status":"publish","type":"product","link":"https:\/\/solumeca.com\/?product=repuesto-para-chicharra-1-2-proto-ref-j5449rk","title":{"rendered":"REPUESTO PARA CHICHARRA 1\/2&#8243; PROTO &#8211; Ref.J5449RK"},"content":{"rendered":"<p>Si una herramienta se usa de uso pesado o se da\u00f1a de la sobrecarga, la mayor\u00eda de los usuarios simplemente la enviar\u00e1n para su reparaci\u00f3n o reemplazo. Sin embargo, este proceso puede tardar un par de d\u00edas en completarse. Con el fin de mantener la productividad, muchos de nuestros clientes industriales mantendr\u00e1n los kits de reparaci\u00f3n a mano para las diversas herramientas que utilizan sus trabajadores. Esto les permite hacer reparaciones de inmediato y minimizar el tiempo de inmersi\u00f3n. Hacemos kits de reparaci\u00f3n para una serie de herramientas diferentes. Estos incluyen kits de reparaci\u00f3n para cada trinquete que vendemos &#8211; incluyendo nuestra cabeza redonda, ratchets de papi y torsi\u00f3n &#8211; as\u00ed como para otras herramientas como bits hexagonales, cincel y portaejitos, alicates, llaves de cadena y medidores de compresi\u00f3n. Los kits de reparaci\u00f3n de Ratchet est\u00e1n dise\u00f1ados para reemplazar las partes m\u00f3viles internas ubicadas dentro de la cabeza de trinquete. Todas nuestras ratchets han sido dise\u00f1adas para hacer la reparaci\u00f3n f\u00e1cil. El usuario s\u00f3lo necesita eliminar el anillo de retenci\u00f3n y la placa de cubierta en la cabeza de trinquete, deslizar los componentes existentes y deslizar los nuevos. Por supuesto, la mejor manera de minimizar la necesidad de reparaciones es a trav\u00e9s de un mantenimiento adecuado. Las ratas deben ser desmontadas peri\u00f3dicamente, limpiar los componentes internos con limpiadores de piezas y lubricados con aceite ligero. Sugerimos que los usuarios pesados hagan esto mensualmente.<\/p>\n","protected":false},"excerpt":{"rendered":"<p>Si una herramienta se usa de uso pesado o se da\u00f1a de la sobrecarga, la mayor\u00eda de los usuarios simplemente la enviar\u00e1n para su reparaci\u00f3n o reemplazo. Sin embargo, este proceso puede tardar un par de d\u00edas en completarse. Con el fin de mantener la productividad, muchos de nuestros clientes industriales mantendr\u00e1n los kits de<\/p>\n<div class=\"klb-readmore button\"><a class=\"btn link\" href=\"https:\/\/solumeca.com\/?product=repuesto-para-chicharra-1-2-proto-ref-j5449rk\">Read More <i class=\"klbth-icon-right-arrow\"><\/i><\/a><\/div>\n","protected":false},"featured_media":30779,"comment_status":"closed","ping_status":"closed","template":"","meta":[],"product_brand":[],"product_cat":[372],"product_tag":[],"class_list":{"0":"post-38594","1":"product","2":"type-product","3":"status-publish","4":"has-post-thumbnail","6":"product_cat-proto","8":"first","9":"instock","10":"taxable","11":"shipping-taxable","12":"purchasable","13":"product-type-simple"},"yoast_head":"<!-- This site is optimized with the Yoast SEO Premium plugin v22.5 (Yoast SEO v22.6) - https:\/\/yoast.com\/wordpress\/plugins\/seo\/ -->\n<title>REPUESTO PARA CHICHARRA 1\/2&quot; PROTO - Ref.J5449RK - Herramientas Industriales - Equipos de Seguridad - Solumeca.com<\/title>\n<meta name=\"robots\" content=\"index, follow, max-snippet:-1, max-image-preview:large, max-video-preview:-1\" \/>\n<link rel=\"canonical\" href=\"https:\/\/solumeca.com\/?product=repuesto-para-chicharra-1-2-proto-ref-j5449rk\" \/>\n<meta property=\"og:locale\" content=\"es_ES\" \/>\n<meta property=\"og:type\" content=\"article\" \/>\n<meta property=\"og:title\" content=\"REPUESTO PARA CHICHARRA 1\/2&quot; PROTO - Ref.J5449RK\" \/>\n<meta property=\"og:description\" content=\"Si una herramienta se usa de uso pesado o se da\u00f1a de la sobrecarga, la mayor\u00eda de los usuarios simplemente la enviar\u00e1n para su reparaci\u00f3n o reemplazo. Sin embargo, este proceso puede tardar un par de d\u00edas en completarse. Con el fin de mantener la productividad, muchos de nuestros clientes industriales mantendr\u00e1n los kits deRead More\" \/>\n<meta property=\"og:url\" content=\"https:\/\/solumeca.com\/?product=repuesto-para-chicharra-1-2-proto-ref-j5449rk\" \/>\n<meta property=\"og:site_name\" content=\"Herramientas Industriales - Equipos de Seguridad - Solumeca.com\" \/>\n<meta property=\"article:modified_time\" content=\"2026-03-17T20:27:31+00:00\" \/>\n<meta name=\"twitter:card\" content=\"summary_large_image\" \/>\n<meta name=\"twitter:label1\" content=\"Tiempo de lectura\" \/>\n\t<meta name=\"twitter:data1\" content=\"1 minuto\" \/>\n<script type=\"application\/ld+json\" class=\"yoast-schema-graph\">{\"@context\":\"https:\/\/schema.org\",\"@graph\":[{\"@type\":\"WebPage\",\"@id\":\"https:\/\/solumeca.com\/?product=repuesto-para-chicharra-1-2-proto-ref-j5449rk\",\"url\":\"https:\/\/solumeca.com\/?product=repuesto-para-chicharra-1-2-proto-ref-j5449rk\",\"name\":\"REPUESTO PARA CHICHARRA 1\/2\\\" PROTO - Ref.J5449RK - Herramientas Industriales - Equipos de Seguridad - Solumeca.com\",\"isPartOf\":{\"@id\":\"https:\/\/solumeca.com\/#website\"},\"primaryImageOfPage\":{\"@id\":\"https:\/\/solumeca.com\/?product=repuesto-para-chicharra-1-2-proto-ref-j5449rk#primaryimage\"},\"image\":{\"@id\":\"https:\/\/solumeca.com\/?product=repuesto-para-chicharra-1-2-proto-ref-j5449rk#primaryimage\"},\"thumbnailUrl\":\"https:\/\/solumeca.com\/wp-content\/uploads\/2026\/03\/ecomm-large-j6014rk-1.jpg\",\"datePublished\":\"2026-03-17T20:27:14+00:00\",\"dateModified\":\"2026-03-17T20:27:31+00:00\",\"breadcrumb\":{\"@id\":\"https:\/\/solumeca.com\/?product=repuesto-para-chicharra-1-2-proto-ref-j5449rk#breadcrumb\"},\"inLanguage\":\"es\",\"potentialAction\":[{\"@type\":\"ReadAction\",\"target\":[\"https:\/\/solumeca.com\/?product=repuesto-para-chicharra-1-2-proto-ref-j5449rk\"]}]},{\"@type\":\"ImageObject\",\"inLanguage\":\"es\",\"@id\":\"https:\/\/solumeca.com\/?product=repuesto-para-chicharra-1-2-proto-ref-j5449rk#primaryimage\",\"url\":\"https:\/\/solumeca.com\/wp-content\/uploads\/2026\/03\/ecomm-large-j6014rk-1.jpg\",\"contentUrl\":\"https:\/\/solumeca.com\/wp-content\/uploads\/2026\/03\/ecomm-large-j6014rk-1.jpg\",\"width\":500,\"height\":500},{\"@type\":\"BreadcrumbList\",\"@id\":\"https:\/\/solumeca.com\/?product=repuesto-para-chicharra-1-2-proto-ref-j5449rk#breadcrumb\",\"itemListElement\":[{\"@type\":\"ListItem\",\"position\":1,\"name\":\"Portada\",\"item\":\"https:\/\/solumeca.com\/\"},{\"@type\":\"ListItem\",\"position\":2,\"name\":\"Shop\",\"item\":\"https:\/\/solumeca.com\/?page_id=10\"},{\"@type\":\"ListItem\",\"position\":3,\"name\":\"REPUESTO PARA CHICHARRA 1\/2&#8243; PROTO &#8211; Ref.J5449RK\"}]},{\"@type\":\"WebSite\",\"@id\":\"https:\/\/solumeca.com\/#website\",\"url\":\"https:\/\/solumeca.com\/\",\"name\":\"SOS Integral - Equipos de Seguridad - Herramientas Industriales\",\"description\":\"Equipos de Seguridad, Santo Domingo, Republica Dominicana, Herramientas Industriales,Tel.: (809) 274-3888 \/ Info@solumeca.com\",\"publisher\":{\"@id\":\"https:\/\/solumeca.com\/#organization\"},\"potentialAction\":[{\"@type\":\"SearchAction\",\"target\":{\"@type\":\"EntryPoint\",\"urlTemplate\":\"https:\/\/solumeca.com\/?s={search_term_string}\"},\"query-input\":\"required name=search_term_string\"}],\"inLanguage\":\"es\"},{\"@type\":\"Organization\",\"@id\":\"https:\/\/solumeca.com\/#organization\",\"name\":\"SOS Integral - Equipos de Seguridad - Herramientas Industriales\",\"url\":\"https:\/\/solumeca.com\/\",\"logo\":{\"@type\":\"ImageObject\",\"inLanguage\":\"es\",\"@id\":\"https:\/\/solumeca.com\/#\/schema\/logo\/image\/\",\"url\":\"https:\/\/solumeca.com\/wp-content\/uploads\/2024\/04\/equipos-de-seguridad-sos-2.png\",\"contentUrl\":\"https:\/\/solumeca.com\/wp-content\/uploads\/2024\/04\/equipos-de-seguridad-sos-2.png\",\"width\":600,\"height\":259,\"caption\":\"SOS Integral - Equipos de Seguridad - Herramientas Industriales\"},\"image\":{\"@id\":\"https:\/\/solumeca.com\/#\/schema\/logo\/image\/\"},\"sameAs\":[\"https:\/\/www.instagram.com\/sosintegralrd\/\"]}]}<\/script>\n<!-- \/ Yoast SEO Premium plugin. -->","yoast_head_json":{"title":"REPUESTO PARA CHICHARRA 1\/2\" PROTO - Ref.J5449RK - Herramientas Industriales - Equipos de Seguridad - Solumeca.com","robots":{"index":"index","follow":"follow","max-snippet":"max-snippet:-1","max-image-preview":"max-image-preview:large","max-video-preview":"max-video-preview:-1"},"canonical":"https:\/\/solumeca.com\/?product=repuesto-para-chicharra-1-2-proto-ref-j5449rk","og_locale":"es_ES","og_type":"article","og_title":"REPUESTO PARA CHICHARRA 1\/2\" PROTO - Ref.J5449RK","og_description":"Si una herramienta se usa de uso pesado o se da\u00f1a de la sobrecarga, la mayor\u00eda de los usuarios simplemente la enviar\u00e1n para su reparaci\u00f3n o reemplazo. Sin embargo, este proceso puede tardar un par de d\u00edas en completarse. Con el fin de mantener la productividad, muchos de nuestros clientes industriales mantendr\u00e1n los kits deRead More","og_url":"https:\/\/solumeca.com\/?product=repuesto-para-chicharra-1-2-proto-ref-j5449rk","og_site_name":"Herramientas Industriales - Equipos de Seguridad - Solumeca.com","article_modified_time":"2026-03-17T20:27:31+00:00","twitter_card":"summary_large_image","twitter_misc":{"Tiempo de lectura":"1 minuto"},"schema":{"@context":"https:\/\/schema.org","@graph":[{"@type":"WebPage","@id":"https:\/\/solumeca.com\/?product=repuesto-para-chicharra-1-2-proto-ref-j5449rk","url":"https:\/\/solumeca.com\/?product=repuesto-para-chicharra-1-2-proto-ref-j5449rk","name":"REPUESTO PARA CHICHARRA 1\/2\" PROTO - Ref.J5449RK - Herramientas Industriales - Equipos de Seguridad - Solumeca.com","isPartOf":{"@id":"https:\/\/solumeca.com\/#website"},"primaryImageOfPage":{"@id":"https:\/\/solumeca.com\/?product=repuesto-para-chicharra-1-2-proto-ref-j5449rk#primaryimage"},"image":{"@id":"https:\/\/solumeca.com\/?product=repuesto-para-chicharra-1-2-proto-ref-j5449rk#primaryimage"},"thumbnailUrl":"https:\/\/solumeca.com\/wp-content\/uploads\/2026\/03\/ecomm-large-j6014rk-1.jpg","datePublished":"2026-03-17T20:27:14+00:00","dateModified":"2026-03-17T20:27:31+00:00","breadcrumb":{"@id":"https:\/\/solumeca.com\/?product=repuesto-para-chicharra-1-2-proto-ref-j5449rk#breadcrumb"},"inLanguage":"es","potentialAction":[{"@type":"ReadAction","target":["https:\/\/solumeca.com\/?product=repuesto-para-chicharra-1-2-proto-ref-j5449rk"]}]},{"@type":"ImageObject","inLanguage":"es","@id":"https:\/\/solumeca.com\/?product=repuesto-para-chicharra-1-2-proto-ref-j5449rk#primaryimage","url":"https:\/\/solumeca.com\/wp-content\/uploads\/2026\/03\/ecomm-large-j6014rk-1.jpg","contentUrl":"https:\/\/solumeca.com\/wp-content\/uploads\/2026\/03\/ecomm-large-j6014rk-1.jpg","width":500,"height":500},{"@type":"BreadcrumbList","@id":"https:\/\/solumeca.com\/?product=repuesto-para-chicharra-1-2-proto-ref-j5449rk#breadcrumb","itemListElement":[{"@type":"ListItem","position":1,"name":"Portada","item":"https:\/\/solumeca.com\/"},{"@type":"ListItem","position":2,"name":"Shop","item":"https:\/\/solumeca.com\/?page_id=10"},{"@type":"ListItem","position":3,"name":"REPUESTO PARA CHICHARRA 1\/2&#8243; PROTO &#8211; Ref.J5449RK"}]},{"@type":"WebSite","@id":"https:\/\/solumeca.com\/#website","url":"https:\/\/solumeca.com\/","name":"SOS Integral - Equipos de Seguridad - Herramientas Industriales","description":"Equipos de Seguridad, Santo Domingo, Republica Dominicana, Herramientas Industriales,Tel.: (809) 274-3888 \/ Info@solumeca.com","publisher":{"@id":"https:\/\/solumeca.com\/#organization"},"potentialAction":[{"@type":"SearchAction","target":{"@type":"EntryPoint","urlTemplate":"https:\/\/solumeca.com\/?s={search_term_string}"},"query-input":"required name=search_term_string"}],"inLanguage":"es"},{"@type":"Organization","@id":"https:\/\/solumeca.com\/#organization","name":"SOS Integral - Equipos de Seguridad - Herramientas Industriales","url":"https:\/\/solumeca.com\/","logo":{"@type":"ImageObject","inLanguage":"es","@id":"https:\/\/solumeca.com\/#\/schema\/logo\/image\/","url":"https:\/\/solumeca.com\/wp-content\/uploads\/2024\/04\/equipos-de-seguridad-sos-2.png","contentUrl":"https:\/\/solumeca.com\/wp-content\/uploads\/2024\/04\/equipos-de-seguridad-sos-2.png","width":600,"height":259,"caption":"SOS Integral - Equipos de Seguridad - Herramientas Industriales"},"image":{"@id":"https:\/\/solumeca.com\/#\/schema\/logo\/image\/"},"sameAs":["https:\/\/www.instagram.com\/sosintegralrd\/"]}]}},"_links":{"self":[{"href":"https:\/\/solumeca.com\/index.php?rest_route=\/wp\/v2\/product\/38594","targetHints":{"allow":["GET"]}}],"collection":[{"href":"https:\/\/solumeca.com\/index.php?rest_route=\/wp\/v2\/product"}],"about":[{"href":"https:\/\/solumeca.com\/index.php?rest_route=\/wp\/v2\/types\/product"}],"replies":[{"embeddable":true,"href":"https:\/\/solumeca.com\/index.php?rest_route=%2Fwp%2Fv2%2Fcomments&post=38594"}],"version-history":[{"count":1,"href":"https:\/\/solumeca.com\/index.php?rest_route=\/wp\/v2\/product\/38594\/revisions"}],"predecessor-version":[{"id":38624,"href":"https:\/\/solumeca.com\/index.php?rest_route=\/wp\/v2\/product\/38594\/revisions\/38624"}],"wp:featuredmedia":[{"embeddable":true,"href":"https:\/\/solumeca.com\/index.php?rest_route=\/wp\/v2\/media\/30779"}],"wp:attachment":[{"href":"https:\/\/solumeca.com\/index.php?rest_route=%2Fwp%2Fv2%2Fmedia&parent=38594"}],"wp:term":[{"taxonomy":"product_brand","embeddable":true,"href":"https:\/\/solumeca.com\/index.php?rest_route=%2Fwp%2Fv2%2Fproduct_brand&post=38594"},{"taxonomy":"product_cat","embeddable":true,"href":"https:\/\/solumeca.com\/index.php?rest_route=%2Fwp%2Fv2%2Fproduct_cat&post=38594"},{"taxonomy":"product_tag","embeddable":true,"href":"https:\/\/solumeca.com\/index.php?rest_route=%2Fwp%2Fv2%2Fproduct_tag&post=38594"}],"curies":[{"name":"wp","href":"https:\/\/api.w.org\/{rel}","templated":true}]}}