{"id":38297,"date":"2026-03-17T21:24:23","date_gmt":"2026-03-17T20:24:23","guid":{"rendered":"https:\/\/solumeca.com\/?post_type=product&#038;p=38297"},"modified":"2026-03-17T21:24:44","modified_gmt":"2026-03-17T20:24:44","slug":"cubo-largo-estriado-c-1-2-de-21mm-ref-j5321m","status":"publish","type":"product","link":"https:\/\/solumeca.com\/?product=cubo-largo-estriado-c-1-2-de-21mm-ref-j5321m","title":{"rendered":"CUBO LARGO ESTRIADO C-1\/2&#8243; DE 21MM &#8211; Ref.J5321M"},"content":{"rendered":"<div class=\"sku-features\">\n<ul>\n<li>El dise\u00f1o de TorquePlusTM es una configuraci\u00f3n de unidad de alto rendimiento que permite un compromiso de enchufado r\u00e1pido y f\u00e1cil a los planos de la sujeci\u00f3n, no las esquinas<\/li>\n<li>La configuraci\u00f3n de TorquePlusTM emplea un dise\u00f1o de esquina de radio, cambiando el \u00e1rea de contacto y el estr\u00e9s lejos de las esquinas del cierre y distribuyendo tensiones de contacto en una gran \u00e1rea del enchufado, minimizando el deslizamiento<\/li>\n<li>El dise\u00f1o interno de TorquePlusTM minimiza el redondeo de fijaci\u00f3n, ayuda a alargar la vida \u00fatil y permite al usuario girar m\u00e1s f\u00e1cilmente desgastadas, redondeadas o oxidadas.<\/li>\n<li>El dise\u00f1o de TorquePlusTM permite poner m\u00e1s par en el cierre mientras se reduce el redondeo de cierre<\/li>\n<\/ul>\n<\/div>\n","protected":false},"excerpt":{"rendered":"<p>El dise\u00f1o de TorquePlusTM es una configuraci\u00f3n de unidad de alto rendimiento que permite un compromiso de enchufado r\u00e1pido y f\u00e1cil a los planos de la sujeci\u00f3n, no las esquinas La configuraci\u00f3n de TorquePlusTM emplea un dise\u00f1o de esquina de radio, cambiando el \u00e1rea de contacto y el estr\u00e9s lejos de las esquinas del cierre<\/p>\n<div class=\"klb-readmore button\"><a class=\"btn link\" href=\"https:\/\/solumeca.com\/?product=cubo-largo-estriado-c-1-2-de-21mm-ref-j5321m\">Read More <i class=\"klbth-icon-right-arrow\"><\/i><\/a><\/div>\n","protected":false},"featured_media":30320,"comment_status":"closed","ping_status":"closed","template":"","meta":[],"product_brand":[],"product_cat":[343,372],"product_tag":[],"class_list":{"0":"post-38297","1":"product","2":"type-product","3":"status-publish","4":"has-post-thumbnail","6":"product_cat-cubos","7":"product_cat-proto","9":"first","10":"instock","11":"taxable","12":"shipping-taxable","13":"purchasable","14":"product-type-simple"},"yoast_head":"<!-- This site is optimized with the Yoast SEO Premium plugin v22.5 (Yoast SEO v22.6) - https:\/\/yoast.com\/wordpress\/plugins\/seo\/ -->\n<title>CUBO LARGO ESTRIADO C-1\/2&quot; DE 21MM - Ref.J5321M - Herramientas Industriales - Equipos de Seguridad - Solumeca.com<\/title>\n<meta name=\"robots\" content=\"index, follow, max-snippet:-1, max-image-preview:large, max-video-preview:-1\" \/>\n<link rel=\"canonical\" href=\"https:\/\/solumeca.com\/?product=cubo-largo-estriado-c-1-2-de-21mm-ref-j5321m\" \/>\n<meta property=\"og:locale\" content=\"es_ES\" \/>\n<meta property=\"og:type\" content=\"article\" \/>\n<meta property=\"og:title\" content=\"CUBO LARGO ESTRIADO C-1\/2&quot; DE 21MM - Ref.J5321M\" \/>\n<meta property=\"og:description\" content=\"El dise\u00f1o de TorquePlusTM es una configuraci\u00f3n de unidad de alto rendimiento que permite un compromiso de enchufado r\u00e1pido y f\u00e1cil a los planos de la sujeci\u00f3n, no las esquinas La configuraci\u00f3n de TorquePlusTM emplea un dise\u00f1o de esquina de radio, cambiando el \u00e1rea de contacto y el estr\u00e9s lejos de las esquinas del cierreRead More\" \/>\n<meta property=\"og:url\" content=\"https:\/\/solumeca.com\/?product=cubo-largo-estriado-c-1-2-de-21mm-ref-j5321m\" \/>\n<meta property=\"og:site_name\" content=\"Herramientas Industriales - Equipos de Seguridad - Solumeca.com\" \/>\n<meta property=\"article:modified_time\" content=\"2026-03-17T20:24:44+00:00\" \/>\n<meta name=\"twitter:card\" content=\"summary_large_image\" \/>\n<meta name=\"twitter:label1\" content=\"Tiempo de lectura\" \/>\n\t<meta name=\"twitter:data1\" content=\"1 minuto\" \/>\n<script type=\"application\/ld+json\" class=\"yoast-schema-graph\">{\"@context\":\"https:\/\/schema.org\",\"@graph\":[{\"@type\":\"WebPage\",\"@id\":\"https:\/\/solumeca.com\/?product=cubo-largo-estriado-c-1-2-de-21mm-ref-j5321m\",\"url\":\"https:\/\/solumeca.com\/?product=cubo-largo-estriado-c-1-2-de-21mm-ref-j5321m\",\"name\":\"CUBO LARGO ESTRIADO C-1\/2\\\" DE 21MM - Ref.J5321M - Herramientas Industriales - Equipos de Seguridad - Solumeca.com\",\"isPartOf\":{\"@id\":\"https:\/\/solumeca.com\/#website\"},\"primaryImageOfPage\":{\"@id\":\"https:\/\/solumeca.com\/?product=cubo-largo-estriado-c-1-2-de-21mm-ref-j5321m#primaryimage\"},\"image\":{\"@id\":\"https:\/\/solumeca.com\/?product=cubo-largo-estriado-c-1-2-de-21mm-ref-j5321m#primaryimage\"},\"thumbnailUrl\":\"https:\/\/solumeca.com\/wp-content\/uploads\/2026\/03\/10-6.jpg\",\"datePublished\":\"2026-03-17T20:24:23+00:00\",\"dateModified\":\"2026-03-17T20:24:44+00:00\",\"breadcrumb\":{\"@id\":\"https:\/\/solumeca.com\/?product=cubo-largo-estriado-c-1-2-de-21mm-ref-j5321m#breadcrumb\"},\"inLanguage\":\"es\",\"potentialAction\":[{\"@type\":\"ReadAction\",\"target\":[\"https:\/\/solumeca.com\/?product=cubo-largo-estriado-c-1-2-de-21mm-ref-j5321m\"]}]},{\"@type\":\"ImageObject\",\"inLanguage\":\"es\",\"@id\":\"https:\/\/solumeca.com\/?product=cubo-largo-estriado-c-1-2-de-21mm-ref-j5321m#primaryimage\",\"url\":\"https:\/\/solumeca.com\/wp-content\/uploads\/2026\/03\/10-6.jpg\",\"contentUrl\":\"https:\/\/solumeca.com\/wp-content\/uploads\/2026\/03\/10-6.jpg\",\"width\":500,\"height\":500},{\"@type\":\"BreadcrumbList\",\"@id\":\"https:\/\/solumeca.com\/?product=cubo-largo-estriado-c-1-2-de-21mm-ref-j5321m#breadcrumb\",\"itemListElement\":[{\"@type\":\"ListItem\",\"position\":1,\"name\":\"Portada\",\"item\":\"https:\/\/solumeca.com\/\"},{\"@type\":\"ListItem\",\"position\":2,\"name\":\"Shop\",\"item\":\"https:\/\/solumeca.com\/?page_id=10\"},{\"@type\":\"ListItem\",\"position\":3,\"name\":\"CUBO LARGO ESTRIADO C-1\/2&#8243; DE 21MM &#8211; Ref.J5321M\"}]},{\"@type\":\"WebSite\",\"@id\":\"https:\/\/solumeca.com\/#website\",\"url\":\"https:\/\/solumeca.com\/\",\"name\":\"SOS Integral - Equipos de Seguridad - Herramientas Industriales\",\"description\":\"Equipos de Seguridad, Santo Domingo, Republica Dominicana, Herramientas Industriales,Tel.: (809) 274-3888 \/ Info@solumeca.com\",\"publisher\":{\"@id\":\"https:\/\/solumeca.com\/#organization\"},\"potentialAction\":[{\"@type\":\"SearchAction\",\"target\":{\"@type\":\"EntryPoint\",\"urlTemplate\":\"https:\/\/solumeca.com\/?s={search_term_string}\"},\"query-input\":\"required name=search_term_string\"}],\"inLanguage\":\"es\"},{\"@type\":\"Organization\",\"@id\":\"https:\/\/solumeca.com\/#organization\",\"name\":\"SOS Integral - Equipos de Seguridad - Herramientas Industriales\",\"url\":\"https:\/\/solumeca.com\/\",\"logo\":{\"@type\":\"ImageObject\",\"inLanguage\":\"es\",\"@id\":\"https:\/\/solumeca.com\/#\/schema\/logo\/image\/\",\"url\":\"https:\/\/solumeca.com\/wp-content\/uploads\/2024\/04\/equipos-de-seguridad-sos-2.png\",\"contentUrl\":\"https:\/\/solumeca.com\/wp-content\/uploads\/2024\/04\/equipos-de-seguridad-sos-2.png\",\"width\":600,\"height\":259,\"caption\":\"SOS Integral - Equipos de Seguridad - Herramientas Industriales\"},\"image\":{\"@id\":\"https:\/\/solumeca.com\/#\/schema\/logo\/image\/\"},\"sameAs\":[\"https:\/\/www.instagram.com\/sosintegralrd\/\"]}]}<\/script>\n<!-- \/ Yoast SEO Premium plugin. -->","yoast_head_json":{"title":"CUBO LARGO ESTRIADO C-1\/2\" DE 21MM - Ref.J5321M - Herramientas Industriales - Equipos de Seguridad - Solumeca.com","robots":{"index":"index","follow":"follow","max-snippet":"max-snippet:-1","max-image-preview":"max-image-preview:large","max-video-preview":"max-video-preview:-1"},"canonical":"https:\/\/solumeca.com\/?product=cubo-largo-estriado-c-1-2-de-21mm-ref-j5321m","og_locale":"es_ES","og_type":"article","og_title":"CUBO LARGO ESTRIADO C-1\/2\" DE 21MM - Ref.J5321M","og_description":"El dise\u00f1o de TorquePlusTM es una configuraci\u00f3n de unidad de alto rendimiento que permite un compromiso de enchufado r\u00e1pido y f\u00e1cil a los planos de la sujeci\u00f3n, no las esquinas La configuraci\u00f3n de TorquePlusTM emplea un dise\u00f1o de esquina de radio, cambiando el \u00e1rea de contacto y el estr\u00e9s lejos de las esquinas del cierreRead More","og_url":"https:\/\/solumeca.com\/?product=cubo-largo-estriado-c-1-2-de-21mm-ref-j5321m","og_site_name":"Herramientas Industriales - Equipos de Seguridad - Solumeca.com","article_modified_time":"2026-03-17T20:24:44+00:00","twitter_card":"summary_large_image","twitter_misc":{"Tiempo de lectura":"1 minuto"},"schema":{"@context":"https:\/\/schema.org","@graph":[{"@type":"WebPage","@id":"https:\/\/solumeca.com\/?product=cubo-largo-estriado-c-1-2-de-21mm-ref-j5321m","url":"https:\/\/solumeca.com\/?product=cubo-largo-estriado-c-1-2-de-21mm-ref-j5321m","name":"CUBO LARGO ESTRIADO C-1\/2\" DE 21MM - Ref.J5321M - Herramientas Industriales - Equipos de Seguridad - Solumeca.com","isPartOf":{"@id":"https:\/\/solumeca.com\/#website"},"primaryImageOfPage":{"@id":"https:\/\/solumeca.com\/?product=cubo-largo-estriado-c-1-2-de-21mm-ref-j5321m#primaryimage"},"image":{"@id":"https:\/\/solumeca.com\/?product=cubo-largo-estriado-c-1-2-de-21mm-ref-j5321m#primaryimage"},"thumbnailUrl":"https:\/\/solumeca.com\/wp-content\/uploads\/2026\/03\/10-6.jpg","datePublished":"2026-03-17T20:24:23+00:00","dateModified":"2026-03-17T20:24:44+00:00","breadcrumb":{"@id":"https:\/\/solumeca.com\/?product=cubo-largo-estriado-c-1-2-de-21mm-ref-j5321m#breadcrumb"},"inLanguage":"es","potentialAction":[{"@type":"ReadAction","target":["https:\/\/solumeca.com\/?product=cubo-largo-estriado-c-1-2-de-21mm-ref-j5321m"]}]},{"@type":"ImageObject","inLanguage":"es","@id":"https:\/\/solumeca.com\/?product=cubo-largo-estriado-c-1-2-de-21mm-ref-j5321m#primaryimage","url":"https:\/\/solumeca.com\/wp-content\/uploads\/2026\/03\/10-6.jpg","contentUrl":"https:\/\/solumeca.com\/wp-content\/uploads\/2026\/03\/10-6.jpg","width":500,"height":500},{"@type":"BreadcrumbList","@id":"https:\/\/solumeca.com\/?product=cubo-largo-estriado-c-1-2-de-21mm-ref-j5321m#breadcrumb","itemListElement":[{"@type":"ListItem","position":1,"name":"Portada","item":"https:\/\/solumeca.com\/"},{"@type":"ListItem","position":2,"name":"Shop","item":"https:\/\/solumeca.com\/?page_id=10"},{"@type":"ListItem","position":3,"name":"CUBO LARGO ESTRIADO C-1\/2&#8243; DE 21MM &#8211; Ref.J5321M"}]},{"@type":"WebSite","@id":"https:\/\/solumeca.com\/#website","url":"https:\/\/solumeca.com\/","name":"SOS Integral - Equipos de Seguridad - Herramientas Industriales","description":"Equipos de Seguridad, Santo Domingo, Republica Dominicana, Herramientas Industriales,Tel.: (809) 274-3888 \/ Info@solumeca.com","publisher":{"@id":"https:\/\/solumeca.com\/#organization"},"potentialAction":[{"@type":"SearchAction","target":{"@type":"EntryPoint","urlTemplate":"https:\/\/solumeca.com\/?s={search_term_string}"},"query-input":"required name=search_term_string"}],"inLanguage":"es"},{"@type":"Organization","@id":"https:\/\/solumeca.com\/#organization","name":"SOS Integral - Equipos de Seguridad - Herramientas Industriales","url":"https:\/\/solumeca.com\/","logo":{"@type":"ImageObject","inLanguage":"es","@id":"https:\/\/solumeca.com\/#\/schema\/logo\/image\/","url":"https:\/\/solumeca.com\/wp-content\/uploads\/2024\/04\/equipos-de-seguridad-sos-2.png","contentUrl":"https:\/\/solumeca.com\/wp-content\/uploads\/2024\/04\/equipos-de-seguridad-sos-2.png","width":600,"height":259,"caption":"SOS Integral - Equipos de Seguridad - Herramientas Industriales"},"image":{"@id":"https:\/\/solumeca.com\/#\/schema\/logo\/image\/"},"sameAs":["https:\/\/www.instagram.com\/sosintegralrd\/"]}]}},"_links":{"self":[{"href":"https:\/\/solumeca.com\/index.php?rest_route=\/wp\/v2\/product\/38297","targetHints":{"allow":["GET"]}}],"collection":[{"href":"https:\/\/solumeca.com\/index.php?rest_route=\/wp\/v2\/product"}],"about":[{"href":"https:\/\/solumeca.com\/index.php?rest_route=\/wp\/v2\/types\/product"}],"replies":[{"embeddable":true,"href":"https:\/\/solumeca.com\/index.php?rest_route=%2Fwp%2Fv2%2Fcomments&post=38297"}],"version-history":[{"count":1,"href":"https:\/\/solumeca.com\/index.php?rest_route=\/wp\/v2\/product\/38297\/revisions"}],"predecessor-version":[{"id":38327,"href":"https:\/\/solumeca.com\/index.php?rest_route=\/wp\/v2\/product\/38297\/revisions\/38327"}],"wp:featuredmedia":[{"embeddable":true,"href":"https:\/\/solumeca.com\/index.php?rest_route=\/wp\/v2\/media\/30320"}],"wp:attachment":[{"href":"https:\/\/solumeca.com\/index.php?rest_route=%2Fwp%2Fv2%2Fmedia&parent=38297"}],"wp:term":[{"taxonomy":"product_brand","embeddable":true,"href":"https:\/\/solumeca.com\/index.php?rest_route=%2Fwp%2Fv2%2Fproduct_brand&post=38297"},{"taxonomy":"product_cat","embeddable":true,"href":"https:\/\/solumeca.com\/index.php?rest_route=%2Fwp%2Fv2%2Fproduct_cat&post=38297"},{"taxonomy":"product_tag","embeddable":true,"href":"https:\/\/solumeca.com\/index.php?rest_route=%2Fwp%2Fv2%2Fproduct_tag&post=38297"}],"curies":[{"name":"wp","href":"https:\/\/api.w.org\/{rel}","templated":true}]}}