{"id":38229,"date":"2026-03-17T21:24:03","date_gmt":"2026-03-17T20:24:03","guid":{"rendered":"https:\/\/solumeca.com\/?post_type=product&#038;p=38229"},"modified":"2026-03-17T21:24:11","modified_gmt":"2026-03-17T20:24:11","slug":"chicharra-de-3-8-x-7-proto-ref-j5249","status":"publish","type":"product","link":"https:\/\/solumeca.com\/?product=chicharra-de-3-8-x-7-proto-ref-j5249","title":{"rendered":"CHICHARRA DE 3\/8&#8243; X 7&#8243;  PROTO &#8211; Ref.J5249"},"content":{"rendered":"<div class=\"sku-features\">\n<ul>\n<li>Robo dise\u00f1o de 24 dientes con colgazo de arco de 15 grados<\/li>\n<li>Engranaje de accionamiento de acero para resistencia y durabilidad<\/li>\n<li>Dise\u00f1o de cabeza delgada para acceder a \u00e1reas de trabajo apretada<\/li>\n<li>Volver palanca dise\u00f1ada para un funcionamiento r\u00e1pido de 1 mano<\/li>\n<li>Cabecera de bajo perfil para acceso en zonas constrecsadas<\/li>\n<\/ul>\n<\/div>\n","protected":false},"excerpt":{"rendered":"<p>Robo dise\u00f1o de 24 dientes con colgazo de arco de 15 grados Engranaje de accionamiento de acero para resistencia y durabilidad Dise\u00f1o de cabeza delgada para acceder a \u00e1reas de trabajo apretada Volver palanca dise\u00f1ada para un funcionamiento r\u00e1pido de 1 mano Cabecera de bajo perfil para acceso en zonas constrecsadas<\/p>\n","protected":false},"featured_media":30258,"comment_status":"closed","ping_status":"closed","template":"","meta":[],"product_brand":[],"product_cat":[372],"product_tag":[],"class_list":{"0":"post-38229","1":"product","2":"type-product","3":"status-publish","4":"has-post-thumbnail","6":"product_cat-proto","8":"first","9":"instock","10":"taxable","11":"shipping-taxable","12":"purchasable","13":"product-type-simple"},"yoast_head":"<!-- This site is optimized with the Yoast SEO Premium plugin v22.5 (Yoast SEO v22.6) - https:\/\/yoast.com\/wordpress\/plugins\/seo\/ -->\n<title>CHICHARRA DE 3\/8&quot; X 7&quot; PROTO - Ref.J5249 - Herramientas Industriales - Equipos de Seguridad - Solumeca.com<\/title>\n<meta name=\"robots\" content=\"index, follow, max-snippet:-1, max-image-preview:large, max-video-preview:-1\" \/>\n<link rel=\"canonical\" href=\"https:\/\/solumeca.com\/?product=chicharra-de-3-8-x-7-proto-ref-j5249\" \/>\n<meta property=\"og:locale\" content=\"es_ES\" \/>\n<meta property=\"og:type\" content=\"article\" \/>\n<meta property=\"og:title\" content=\"CHICHARRA DE 3\/8&quot; X 7&quot; PROTO - Ref.J5249\" \/>\n<meta property=\"og:description\" content=\"Robo dise\u00f1o de 24 dientes con colgazo de arco de 15 grados Engranaje de accionamiento de acero para resistencia y durabilidad Dise\u00f1o de cabeza delgada para acceder a \u00e1reas de trabajo apretada Volver palanca dise\u00f1ada para un funcionamiento r\u00e1pido de 1 mano Cabecera de bajo perfil para acceso en zonas constrecsadas\" \/>\n<meta property=\"og:url\" content=\"https:\/\/solumeca.com\/?product=chicharra-de-3-8-x-7-proto-ref-j5249\" \/>\n<meta property=\"og:site_name\" content=\"Herramientas Industriales - Equipos de Seguridad - Solumeca.com\" \/>\n<meta property=\"article:modified_time\" content=\"2026-03-17T20:24:11+00:00\" \/>\n<meta name=\"twitter:card\" content=\"summary_large_image\" \/>\n<script type=\"application\/ld+json\" class=\"yoast-schema-graph\">{\"@context\":\"https:\/\/schema.org\",\"@graph\":[{\"@type\":\"WebPage\",\"@id\":\"https:\/\/solumeca.com\/?product=chicharra-de-3-8-x-7-proto-ref-j5249\",\"url\":\"https:\/\/solumeca.com\/?product=chicharra-de-3-8-x-7-proto-ref-j5249\",\"name\":\"CHICHARRA DE 3\/8\\\" X 7\\\" PROTO - Ref.J5249 - Herramientas Industriales - Equipos de Seguridad - Solumeca.com\",\"isPartOf\":{\"@id\":\"https:\/\/solumeca.com\/#website\"},\"primaryImageOfPage\":{\"@id\":\"https:\/\/solumeca.com\/?product=chicharra-de-3-8-x-7-proto-ref-j5249#primaryimage\"},\"image\":{\"@id\":\"https:\/\/solumeca.com\/?product=chicharra-de-3-8-x-7-proto-ref-j5249#primaryimage\"},\"thumbnailUrl\":\"https:\/\/solumeca.com\/wp-content\/uploads\/2026\/03\/ecomm-large-j5249-3.jpg\",\"datePublished\":\"2026-03-17T20:24:03+00:00\",\"dateModified\":\"2026-03-17T20:24:11+00:00\",\"breadcrumb\":{\"@id\":\"https:\/\/solumeca.com\/?product=chicharra-de-3-8-x-7-proto-ref-j5249#breadcrumb\"},\"inLanguage\":\"es\",\"potentialAction\":[{\"@type\":\"ReadAction\",\"target\":[\"https:\/\/solumeca.com\/?product=chicharra-de-3-8-x-7-proto-ref-j5249\"]}]},{\"@type\":\"ImageObject\",\"inLanguage\":\"es\",\"@id\":\"https:\/\/solumeca.com\/?product=chicharra-de-3-8-x-7-proto-ref-j5249#primaryimage\",\"url\":\"https:\/\/solumeca.com\/wp-content\/uploads\/2026\/03\/ecomm-large-j5249-3.jpg\",\"contentUrl\":\"https:\/\/solumeca.com\/wp-content\/uploads\/2026\/03\/ecomm-large-j5249-3.jpg\",\"width\":500,\"height\":500},{\"@type\":\"BreadcrumbList\",\"@id\":\"https:\/\/solumeca.com\/?product=chicharra-de-3-8-x-7-proto-ref-j5249#breadcrumb\",\"itemListElement\":[{\"@type\":\"ListItem\",\"position\":1,\"name\":\"Portada\",\"item\":\"https:\/\/solumeca.com\/\"},{\"@type\":\"ListItem\",\"position\":2,\"name\":\"Shop\",\"item\":\"https:\/\/solumeca.com\/?page_id=10\"},{\"@type\":\"ListItem\",\"position\":3,\"name\":\"CHICHARRA DE 3\/8&#8243; X 7&#8243; PROTO &#8211; Ref.J5249\"}]},{\"@type\":\"WebSite\",\"@id\":\"https:\/\/solumeca.com\/#website\",\"url\":\"https:\/\/solumeca.com\/\",\"name\":\"SOS Integral - Equipos de Seguridad - Herramientas Industriales\",\"description\":\"Equipos de Seguridad, Santo Domingo, Republica Dominicana, Herramientas Industriales,Tel.: (809) 274-3888 \/ Info@solumeca.com\",\"publisher\":{\"@id\":\"https:\/\/solumeca.com\/#organization\"},\"potentialAction\":[{\"@type\":\"SearchAction\",\"target\":{\"@type\":\"EntryPoint\",\"urlTemplate\":\"https:\/\/solumeca.com\/?s={search_term_string}\"},\"query-input\":\"required name=search_term_string\"}],\"inLanguage\":\"es\"},{\"@type\":\"Organization\",\"@id\":\"https:\/\/solumeca.com\/#organization\",\"name\":\"SOS Integral - Equipos de Seguridad - Herramientas Industriales\",\"url\":\"https:\/\/solumeca.com\/\",\"logo\":{\"@type\":\"ImageObject\",\"inLanguage\":\"es\",\"@id\":\"https:\/\/solumeca.com\/#\/schema\/logo\/image\/\",\"url\":\"https:\/\/solumeca.com\/wp-content\/uploads\/2024\/04\/equipos-de-seguridad-sos-2.png\",\"contentUrl\":\"https:\/\/solumeca.com\/wp-content\/uploads\/2024\/04\/equipos-de-seguridad-sos-2.png\",\"width\":600,\"height\":259,\"caption\":\"SOS Integral - Equipos de Seguridad - Herramientas Industriales\"},\"image\":{\"@id\":\"https:\/\/solumeca.com\/#\/schema\/logo\/image\/\"},\"sameAs\":[\"https:\/\/www.instagram.com\/sosintegralrd\/\"]}]}<\/script>\n<!-- \/ Yoast SEO Premium plugin. -->","yoast_head_json":{"title":"CHICHARRA DE 3\/8\" X 7\" PROTO - Ref.J5249 - Herramientas Industriales - Equipos de Seguridad - Solumeca.com","robots":{"index":"index","follow":"follow","max-snippet":"max-snippet:-1","max-image-preview":"max-image-preview:large","max-video-preview":"max-video-preview:-1"},"canonical":"https:\/\/solumeca.com\/?product=chicharra-de-3-8-x-7-proto-ref-j5249","og_locale":"es_ES","og_type":"article","og_title":"CHICHARRA DE 3\/8\" X 7\" PROTO - Ref.J5249","og_description":"Robo dise\u00f1o de 24 dientes con colgazo de arco de 15 grados Engranaje de accionamiento de acero para resistencia y durabilidad Dise\u00f1o de cabeza delgada para acceder a \u00e1reas de trabajo apretada Volver palanca dise\u00f1ada para un funcionamiento r\u00e1pido de 1 mano Cabecera de bajo perfil para acceso en zonas constrecsadas","og_url":"https:\/\/solumeca.com\/?product=chicharra-de-3-8-x-7-proto-ref-j5249","og_site_name":"Herramientas Industriales - Equipos de Seguridad - Solumeca.com","article_modified_time":"2026-03-17T20:24:11+00:00","twitter_card":"summary_large_image","schema":{"@context":"https:\/\/schema.org","@graph":[{"@type":"WebPage","@id":"https:\/\/solumeca.com\/?product=chicharra-de-3-8-x-7-proto-ref-j5249","url":"https:\/\/solumeca.com\/?product=chicharra-de-3-8-x-7-proto-ref-j5249","name":"CHICHARRA DE 3\/8\" X 7\" PROTO - Ref.J5249 - Herramientas Industriales - Equipos de Seguridad - Solumeca.com","isPartOf":{"@id":"https:\/\/solumeca.com\/#website"},"primaryImageOfPage":{"@id":"https:\/\/solumeca.com\/?product=chicharra-de-3-8-x-7-proto-ref-j5249#primaryimage"},"image":{"@id":"https:\/\/solumeca.com\/?product=chicharra-de-3-8-x-7-proto-ref-j5249#primaryimage"},"thumbnailUrl":"https:\/\/solumeca.com\/wp-content\/uploads\/2026\/03\/ecomm-large-j5249-3.jpg","datePublished":"2026-03-17T20:24:03+00:00","dateModified":"2026-03-17T20:24:11+00:00","breadcrumb":{"@id":"https:\/\/solumeca.com\/?product=chicharra-de-3-8-x-7-proto-ref-j5249#breadcrumb"},"inLanguage":"es","potentialAction":[{"@type":"ReadAction","target":["https:\/\/solumeca.com\/?product=chicharra-de-3-8-x-7-proto-ref-j5249"]}]},{"@type":"ImageObject","inLanguage":"es","@id":"https:\/\/solumeca.com\/?product=chicharra-de-3-8-x-7-proto-ref-j5249#primaryimage","url":"https:\/\/solumeca.com\/wp-content\/uploads\/2026\/03\/ecomm-large-j5249-3.jpg","contentUrl":"https:\/\/solumeca.com\/wp-content\/uploads\/2026\/03\/ecomm-large-j5249-3.jpg","width":500,"height":500},{"@type":"BreadcrumbList","@id":"https:\/\/solumeca.com\/?product=chicharra-de-3-8-x-7-proto-ref-j5249#breadcrumb","itemListElement":[{"@type":"ListItem","position":1,"name":"Portada","item":"https:\/\/solumeca.com\/"},{"@type":"ListItem","position":2,"name":"Shop","item":"https:\/\/solumeca.com\/?page_id=10"},{"@type":"ListItem","position":3,"name":"CHICHARRA DE 3\/8&#8243; X 7&#8243; PROTO &#8211; Ref.J5249"}]},{"@type":"WebSite","@id":"https:\/\/solumeca.com\/#website","url":"https:\/\/solumeca.com\/","name":"SOS Integral - Equipos de Seguridad - Herramientas Industriales","description":"Equipos de Seguridad, Santo Domingo, Republica Dominicana, Herramientas Industriales,Tel.: (809) 274-3888 \/ Info@solumeca.com","publisher":{"@id":"https:\/\/solumeca.com\/#organization"},"potentialAction":[{"@type":"SearchAction","target":{"@type":"EntryPoint","urlTemplate":"https:\/\/solumeca.com\/?s={search_term_string}"},"query-input":"required name=search_term_string"}],"inLanguage":"es"},{"@type":"Organization","@id":"https:\/\/solumeca.com\/#organization","name":"SOS Integral - Equipos de Seguridad - Herramientas Industriales","url":"https:\/\/solumeca.com\/","logo":{"@type":"ImageObject","inLanguage":"es","@id":"https:\/\/solumeca.com\/#\/schema\/logo\/image\/","url":"https:\/\/solumeca.com\/wp-content\/uploads\/2024\/04\/equipos-de-seguridad-sos-2.png","contentUrl":"https:\/\/solumeca.com\/wp-content\/uploads\/2024\/04\/equipos-de-seguridad-sos-2.png","width":600,"height":259,"caption":"SOS Integral - Equipos de Seguridad - Herramientas Industriales"},"image":{"@id":"https:\/\/solumeca.com\/#\/schema\/logo\/image\/"},"sameAs":["https:\/\/www.instagram.com\/sosintegralrd\/"]}]}},"_links":{"self":[{"href":"https:\/\/solumeca.com\/index.php?rest_route=\/wp\/v2\/product\/38229","targetHints":{"allow":["GET"]}}],"collection":[{"href":"https:\/\/solumeca.com\/index.php?rest_route=\/wp\/v2\/product"}],"about":[{"href":"https:\/\/solumeca.com\/index.php?rest_route=\/wp\/v2\/types\/product"}],"replies":[{"embeddable":true,"href":"https:\/\/solumeca.com\/index.php?rest_route=%2Fwp%2Fv2%2Fcomments&post=38229"}],"version-history":[{"count":1,"href":"https:\/\/solumeca.com\/index.php?rest_route=\/wp\/v2\/product\/38229\/revisions"}],"predecessor-version":[{"id":38259,"href":"https:\/\/solumeca.com\/index.php?rest_route=\/wp\/v2\/product\/38229\/revisions\/38259"}],"wp:featuredmedia":[{"embeddable":true,"href":"https:\/\/solumeca.com\/index.php?rest_route=\/wp\/v2\/media\/30258"}],"wp:attachment":[{"href":"https:\/\/solumeca.com\/index.php?rest_route=%2Fwp%2Fv2%2Fmedia&parent=38229"}],"wp:term":[{"taxonomy":"product_brand","embeddable":true,"href":"https:\/\/solumeca.com\/index.php?rest_route=%2Fwp%2Fv2%2Fproduct_brand&post=38229"},{"taxonomy":"product_cat","embeddable":true,"href":"https:\/\/solumeca.com\/index.php?rest_route=%2Fwp%2Fv2%2Fproduct_cat&post=38229"},{"taxonomy":"product_tag","embeddable":true,"href":"https:\/\/solumeca.com\/index.php?rest_route=%2Fwp%2Fv2%2Fproduct_tag&post=38229"}],"curies":[{"name":"wp","href":"https:\/\/api.w.org\/{rel}","templated":true}]}}