{"id":37918,"date":"2026-03-17T21:21:34","date_gmt":"2026-03-17T20:21:34","guid":{"rendered":"https:\/\/solumeca.com\/?post_type=product&#038;p=37918"},"modified":"2026-03-17T21:22:04","modified_gmt":"2026-03-17T20:22:04","slug":"alicate-extension-de-10-proto-ref-j260sg","status":"publish","type":"product","link":"https:\/\/solumeca.com\/?product=alicate-extension-de-10-proto-ref-j260sg","title":{"rendered":"ALICATE EXTENSION DE 10&#8243; PROTO &#8211; Ref.J260SG"},"content":{"rendered":"<p>Alicates machihembrados Proto\u00ae Power-Track\u00ae II, capacidad nominal de 2-1\/8 pulgadas, recto, mand\u00edbula de 1-15\/16 pulgadas de largo x 2-3\/4 pulgadas de ancho x 13\/32 pulgadas de alto, mand\u00edbula de acero de aleaci\u00f3n forjada , Superficie de mand\u00edbula dentada, 10-3\/16 pulgadas de longitud total, est\u00e1ndares ASME B107.23, mango de plastisol, natural<\/p>\n","protected":false},"excerpt":{"rendered":"<p>Alicates machihembrados Proto\u00ae Power-Track\u00ae II, capacidad nominal de 2-1\/8 pulgadas, recto, mand\u00edbula de 1-15\/16 pulgadas de largo x 2-3\/4 pulgadas de ancho x 13\/32 pulgadas de alto, mand\u00edbula de acero de aleaci\u00f3n forjada , Superficie de mand\u00edbula dentada, 10-3\/16 pulgadas de longitud total, est\u00e1ndares ASME B107.23, mango de plastisol, natural<\/p>\n","protected":false},"featured_media":29867,"comment_status":"closed","ping_status":"closed","template":"","meta":[],"product_brand":[],"product_cat":[372],"product_tag":[],"class_list":{"0":"post-37918","1":"product","2":"type-product","3":"status-publish","4":"has-post-thumbnail","6":"product_cat-proto","8":"first","9":"instock","10":"taxable","11":"shipping-taxable","12":"purchasable","13":"product-type-simple"},"yoast_head":"<!-- This site is optimized with the Yoast SEO Premium plugin v22.5 (Yoast SEO v22.6) - https:\/\/yoast.com\/wordpress\/plugins\/seo\/ -->\n<title>ALICATE EXTENSION DE 10&quot; PROTO - Ref.J260SG - Herramientas Industriales - Equipos de Seguridad - Solumeca.com<\/title>\n<meta name=\"robots\" content=\"index, follow, max-snippet:-1, max-image-preview:large, max-video-preview:-1\" \/>\n<link rel=\"canonical\" href=\"https:\/\/solumeca.com\/?product=alicate-extension-de-10-proto-ref-j260sg\" \/>\n<meta property=\"og:locale\" content=\"es_ES\" \/>\n<meta property=\"og:type\" content=\"article\" \/>\n<meta property=\"og:title\" content=\"ALICATE EXTENSION DE 10&quot; PROTO - Ref.J260SG\" \/>\n<meta property=\"og:description\" content=\"Alicates machihembrados Proto\u00ae Power-Track\u00ae II, capacidad nominal de 2-1\/8 pulgadas, recto, mand\u00edbula de 1-15\/16 pulgadas de largo x 2-3\/4 pulgadas de ancho x 13\/32 pulgadas de alto, mand\u00edbula de acero de aleaci\u00f3n forjada , Superficie de mand\u00edbula dentada, 10-3\/16 pulgadas de longitud total, est\u00e1ndares ASME B107.23, mango de plastisol, natural\" \/>\n<meta property=\"og:url\" content=\"https:\/\/solumeca.com\/?product=alicate-extension-de-10-proto-ref-j260sg\" \/>\n<meta property=\"og:site_name\" content=\"Herramientas Industriales - Equipos de Seguridad - Solumeca.com\" \/>\n<meta property=\"article:modified_time\" content=\"2026-03-17T20:22:04+00:00\" \/>\n<meta name=\"twitter:card\" content=\"summary_large_image\" \/>\n<script type=\"application\/ld+json\" class=\"yoast-schema-graph\">{\"@context\":\"https:\/\/schema.org\",\"@graph\":[{\"@type\":\"WebPage\",\"@id\":\"https:\/\/solumeca.com\/?product=alicate-extension-de-10-proto-ref-j260sg\",\"url\":\"https:\/\/solumeca.com\/?product=alicate-extension-de-10-proto-ref-j260sg\",\"name\":\"ALICATE EXTENSION DE 10\\\" PROTO - Ref.J260SG - Herramientas Industriales - Equipos de Seguridad - Solumeca.com\",\"isPartOf\":{\"@id\":\"https:\/\/solumeca.com\/#website\"},\"primaryImageOfPage\":{\"@id\":\"https:\/\/solumeca.com\/?product=alicate-extension-de-10-proto-ref-j260sg#primaryimage\"},\"image\":{\"@id\":\"https:\/\/solumeca.com\/?product=alicate-extension-de-10-proto-ref-j260sg#primaryimage\"},\"thumbnailUrl\":\"https:\/\/solumeca.com\/wp-content\/uploads\/2026\/03\/22-7.jpg\",\"datePublished\":\"2026-03-17T20:21:34+00:00\",\"dateModified\":\"2026-03-17T20:22:04+00:00\",\"breadcrumb\":{\"@id\":\"https:\/\/solumeca.com\/?product=alicate-extension-de-10-proto-ref-j260sg#breadcrumb\"},\"inLanguage\":\"es\",\"potentialAction\":[{\"@type\":\"ReadAction\",\"target\":[\"https:\/\/solumeca.com\/?product=alicate-extension-de-10-proto-ref-j260sg\"]}]},{\"@type\":\"ImageObject\",\"inLanguage\":\"es\",\"@id\":\"https:\/\/solumeca.com\/?product=alicate-extension-de-10-proto-ref-j260sg#primaryimage\",\"url\":\"https:\/\/solumeca.com\/wp-content\/uploads\/2026\/03\/22-7.jpg\",\"contentUrl\":\"https:\/\/solumeca.com\/wp-content\/uploads\/2026\/03\/22-7.jpg\",\"width\":500,\"height\":500},{\"@type\":\"BreadcrumbList\",\"@id\":\"https:\/\/solumeca.com\/?product=alicate-extension-de-10-proto-ref-j260sg#breadcrumb\",\"itemListElement\":[{\"@type\":\"ListItem\",\"position\":1,\"name\":\"Portada\",\"item\":\"https:\/\/solumeca.com\/\"},{\"@type\":\"ListItem\",\"position\":2,\"name\":\"Shop\",\"item\":\"https:\/\/solumeca.com\/?page_id=10\"},{\"@type\":\"ListItem\",\"position\":3,\"name\":\"ALICATE EXTENSION DE 10&#8243; PROTO &#8211; Ref.J260SG\"}]},{\"@type\":\"WebSite\",\"@id\":\"https:\/\/solumeca.com\/#website\",\"url\":\"https:\/\/solumeca.com\/\",\"name\":\"SOS Integral - Equipos de Seguridad - Herramientas Industriales\",\"description\":\"Equipos de Seguridad, Santo Domingo, Republica Dominicana, Herramientas Industriales,Tel.: (809) 274-3888 \/ Info@solumeca.com\",\"publisher\":{\"@id\":\"https:\/\/solumeca.com\/#organization\"},\"potentialAction\":[{\"@type\":\"SearchAction\",\"target\":{\"@type\":\"EntryPoint\",\"urlTemplate\":\"https:\/\/solumeca.com\/?s={search_term_string}\"},\"query-input\":\"required name=search_term_string\"}],\"inLanguage\":\"es\"},{\"@type\":\"Organization\",\"@id\":\"https:\/\/solumeca.com\/#organization\",\"name\":\"SOS Integral - Equipos de Seguridad - Herramientas Industriales\",\"url\":\"https:\/\/solumeca.com\/\",\"logo\":{\"@type\":\"ImageObject\",\"inLanguage\":\"es\",\"@id\":\"https:\/\/solumeca.com\/#\/schema\/logo\/image\/\",\"url\":\"https:\/\/solumeca.com\/wp-content\/uploads\/2024\/04\/equipos-de-seguridad-sos-2.png\",\"contentUrl\":\"https:\/\/solumeca.com\/wp-content\/uploads\/2024\/04\/equipos-de-seguridad-sos-2.png\",\"width\":600,\"height\":259,\"caption\":\"SOS Integral - Equipos de Seguridad - Herramientas Industriales\"},\"image\":{\"@id\":\"https:\/\/solumeca.com\/#\/schema\/logo\/image\/\"},\"sameAs\":[\"https:\/\/www.instagram.com\/sosintegralrd\/\"]}]}<\/script>\n<!-- \/ Yoast SEO Premium plugin. -->","yoast_head_json":{"title":"ALICATE EXTENSION DE 10\" PROTO - Ref.J260SG - Herramientas Industriales - Equipos de Seguridad - Solumeca.com","robots":{"index":"index","follow":"follow","max-snippet":"max-snippet:-1","max-image-preview":"max-image-preview:large","max-video-preview":"max-video-preview:-1"},"canonical":"https:\/\/solumeca.com\/?product=alicate-extension-de-10-proto-ref-j260sg","og_locale":"es_ES","og_type":"article","og_title":"ALICATE EXTENSION DE 10\" PROTO - Ref.J260SG","og_description":"Alicates machihembrados Proto\u00ae Power-Track\u00ae II, capacidad nominal de 2-1\/8 pulgadas, recto, mand\u00edbula de 1-15\/16 pulgadas de largo x 2-3\/4 pulgadas de ancho x 13\/32 pulgadas de alto, mand\u00edbula de acero de aleaci\u00f3n forjada , Superficie de mand\u00edbula dentada, 10-3\/16 pulgadas de longitud total, est\u00e1ndares ASME B107.23, mango de plastisol, natural","og_url":"https:\/\/solumeca.com\/?product=alicate-extension-de-10-proto-ref-j260sg","og_site_name":"Herramientas Industriales - Equipos de Seguridad - Solumeca.com","article_modified_time":"2026-03-17T20:22:04+00:00","twitter_card":"summary_large_image","schema":{"@context":"https:\/\/schema.org","@graph":[{"@type":"WebPage","@id":"https:\/\/solumeca.com\/?product=alicate-extension-de-10-proto-ref-j260sg","url":"https:\/\/solumeca.com\/?product=alicate-extension-de-10-proto-ref-j260sg","name":"ALICATE EXTENSION DE 10\" PROTO - Ref.J260SG - Herramientas Industriales - Equipos de Seguridad - Solumeca.com","isPartOf":{"@id":"https:\/\/solumeca.com\/#website"},"primaryImageOfPage":{"@id":"https:\/\/solumeca.com\/?product=alicate-extension-de-10-proto-ref-j260sg#primaryimage"},"image":{"@id":"https:\/\/solumeca.com\/?product=alicate-extension-de-10-proto-ref-j260sg#primaryimage"},"thumbnailUrl":"https:\/\/solumeca.com\/wp-content\/uploads\/2026\/03\/22-7.jpg","datePublished":"2026-03-17T20:21:34+00:00","dateModified":"2026-03-17T20:22:04+00:00","breadcrumb":{"@id":"https:\/\/solumeca.com\/?product=alicate-extension-de-10-proto-ref-j260sg#breadcrumb"},"inLanguage":"es","potentialAction":[{"@type":"ReadAction","target":["https:\/\/solumeca.com\/?product=alicate-extension-de-10-proto-ref-j260sg"]}]},{"@type":"ImageObject","inLanguage":"es","@id":"https:\/\/solumeca.com\/?product=alicate-extension-de-10-proto-ref-j260sg#primaryimage","url":"https:\/\/solumeca.com\/wp-content\/uploads\/2026\/03\/22-7.jpg","contentUrl":"https:\/\/solumeca.com\/wp-content\/uploads\/2026\/03\/22-7.jpg","width":500,"height":500},{"@type":"BreadcrumbList","@id":"https:\/\/solumeca.com\/?product=alicate-extension-de-10-proto-ref-j260sg#breadcrumb","itemListElement":[{"@type":"ListItem","position":1,"name":"Portada","item":"https:\/\/solumeca.com\/"},{"@type":"ListItem","position":2,"name":"Shop","item":"https:\/\/solumeca.com\/?page_id=10"},{"@type":"ListItem","position":3,"name":"ALICATE EXTENSION DE 10&#8243; PROTO &#8211; Ref.J260SG"}]},{"@type":"WebSite","@id":"https:\/\/solumeca.com\/#website","url":"https:\/\/solumeca.com\/","name":"SOS Integral - Equipos de Seguridad - Herramientas Industriales","description":"Equipos de Seguridad, Santo Domingo, Republica Dominicana, Herramientas Industriales,Tel.: (809) 274-3888 \/ Info@solumeca.com","publisher":{"@id":"https:\/\/solumeca.com\/#organization"},"potentialAction":[{"@type":"SearchAction","target":{"@type":"EntryPoint","urlTemplate":"https:\/\/solumeca.com\/?s={search_term_string}"},"query-input":"required name=search_term_string"}],"inLanguage":"es"},{"@type":"Organization","@id":"https:\/\/solumeca.com\/#organization","name":"SOS Integral - Equipos de Seguridad - Herramientas Industriales","url":"https:\/\/solumeca.com\/","logo":{"@type":"ImageObject","inLanguage":"es","@id":"https:\/\/solumeca.com\/#\/schema\/logo\/image\/","url":"https:\/\/solumeca.com\/wp-content\/uploads\/2024\/04\/equipos-de-seguridad-sos-2.png","contentUrl":"https:\/\/solumeca.com\/wp-content\/uploads\/2024\/04\/equipos-de-seguridad-sos-2.png","width":600,"height":259,"caption":"SOS Integral - Equipos de Seguridad - Herramientas Industriales"},"image":{"@id":"https:\/\/solumeca.com\/#\/schema\/logo\/image\/"},"sameAs":["https:\/\/www.instagram.com\/sosintegralrd\/"]}]}},"_links":{"self":[{"href":"https:\/\/solumeca.com\/index.php?rest_route=\/wp\/v2\/product\/37918","targetHints":{"allow":["GET"]}}],"collection":[{"href":"https:\/\/solumeca.com\/index.php?rest_route=\/wp\/v2\/product"}],"about":[{"href":"https:\/\/solumeca.com\/index.php?rest_route=\/wp\/v2\/types\/product"}],"replies":[{"embeddable":true,"href":"https:\/\/solumeca.com\/index.php?rest_route=%2Fwp%2Fv2%2Fcomments&post=37918"}],"version-history":[{"count":1,"href":"https:\/\/solumeca.com\/index.php?rest_route=\/wp\/v2\/product\/37918\/revisions"}],"predecessor-version":[{"id":37970,"href":"https:\/\/solumeca.com\/index.php?rest_route=\/wp\/v2\/product\/37918\/revisions\/37970"}],"wp:featuredmedia":[{"embeddable":true,"href":"https:\/\/solumeca.com\/index.php?rest_route=\/wp\/v2\/media\/29867"}],"wp:attachment":[{"href":"https:\/\/solumeca.com\/index.php?rest_route=%2Fwp%2Fv2%2Fmedia&parent=37918"}],"wp:term":[{"taxonomy":"product_brand","embeddable":true,"href":"https:\/\/solumeca.com\/index.php?rest_route=%2Fwp%2Fv2%2Fproduct_brand&post=37918"},{"taxonomy":"product_cat","embeddable":true,"href":"https:\/\/solumeca.com\/index.php?rest_route=%2Fwp%2Fv2%2Fproduct_cat&post=37918"},{"taxonomy":"product_tag","embeddable":true,"href":"https:\/\/solumeca.com\/index.php?rest_route=%2Fwp%2Fv2%2Fproduct_tag&post=37918"}],"curies":[{"name":"wp","href":"https:\/\/api.w.org\/{rel}","templated":true}]}}