{"id":37758,"date":"2026-03-17T21:20:08","date_gmt":"2026-03-17T20:20:08","guid":{"rendered":"https:\/\/solumeca.com\/?post_type=product&#038;p=37758"},"modified":"2026-03-17T21:20:49","modified_gmt":"2026-03-17T20:20:49","slug":"llave-combinada-estriada-de-11mm-proto-ref-j1211masd","status":"publish","type":"product","link":"https:\/\/solumeca.com\/?product=llave-combinada-estriada-de-11mm-proto-ref-j1211masd","title":{"rendered":"LLAVE COMBINADA ESTRIADA DE 11MM PROTO &#8211; Ref.J1211MASD"},"content":{"rendered":"<p>Llave combinada Proto\u00ae TorquePlus\u2122, dise\u00f1o antideslizante, sistema de medici\u00f3n: m\u00e9trico, llave estriada, apertura de llave de 11 mm, 12 puntas, longitud total de 6 pulgadas, compensaci\u00f3n de 15 grados, ancho de extremo abierto de 23,4 mm, espesor de extremo abierto de 5,9 mm, 17,4 Ancho del extremo de la caja de mm, Grosor del extremo de la caja de 8,3 mm, Cabeza de 15 grados, Cumplimiento de especificaciones ASME B107.100, ANSI B107.9, Profundidad de garganta de 13,1 mm, Agarre ovalado\/antideslizante\/Mango recto, Acero de aleaci\u00f3n, Satinado<\/p>\n","protected":false},"excerpt":{"rendered":"<p>Llave combinada Proto\u00ae TorquePlus\u2122, dise\u00f1o antideslizante, sistema de medici\u00f3n: m\u00e9trico, llave estriada, apertura de llave de 11 mm, 12 puntas, longitud total de 6 pulgadas, compensaci\u00f3n de 15 grados, ancho de extremo abierto de 23,4 mm, espesor de extremo abierto de 5,9 mm, 17,4 Ancho del extremo de la caja de mm, Grosor del extremo<\/p>\n<div class=\"klb-readmore button\"><a class=\"btn link\" href=\"https:\/\/solumeca.com\/?product=llave-combinada-estriada-de-11mm-proto-ref-j1211masd\">Read More <i class=\"klbth-icon-right-arrow\"><\/i><\/a><\/div>\n","protected":false},"featured_media":29618,"comment_status":"closed","ping_status":"closed","template":"","meta":[],"product_brand":[],"product_cat":[372],"product_tag":[],"class_list":{"0":"post-37758","1":"product","2":"type-product","3":"status-publish","4":"has-post-thumbnail","6":"product_cat-proto","8":"first","9":"instock","10":"taxable","11":"shipping-taxable","12":"purchasable","13":"product-type-simple"},"yoast_head":"<!-- This site is optimized with the Yoast SEO Premium plugin v22.5 (Yoast SEO v22.6) - https:\/\/yoast.com\/wordpress\/plugins\/seo\/ -->\n<title>LLAVE COMBINADA ESTRIADA DE 11MM PROTO - Ref.J1211MASD - Herramientas Industriales - Equipos de Seguridad - Solumeca.com<\/title>\n<meta name=\"robots\" content=\"index, follow, max-snippet:-1, max-image-preview:large, max-video-preview:-1\" \/>\n<link rel=\"canonical\" href=\"https:\/\/solumeca.com\/?product=llave-combinada-estriada-de-11mm-proto-ref-j1211masd\" \/>\n<meta property=\"og:locale\" content=\"es_ES\" \/>\n<meta property=\"og:type\" content=\"article\" \/>\n<meta property=\"og:title\" content=\"LLAVE COMBINADA ESTRIADA DE 11MM PROTO - Ref.J1211MASD\" \/>\n<meta property=\"og:description\" content=\"Llave combinada Proto\u00ae TorquePlus\u2122, dise\u00f1o antideslizante, sistema de medici\u00f3n: m\u00e9trico, llave estriada, apertura de llave de 11 mm, 12 puntas, longitud total de 6 pulgadas, compensaci\u00f3n de 15 grados, ancho de extremo abierto de 23,4 mm, espesor de extremo abierto de 5,9 mm, 17,4 Ancho del extremo de la caja de mm, Grosor del extremoRead More\" \/>\n<meta property=\"og:url\" content=\"https:\/\/solumeca.com\/?product=llave-combinada-estriada-de-11mm-proto-ref-j1211masd\" \/>\n<meta property=\"og:site_name\" content=\"Herramientas Industriales - Equipos de Seguridad - Solumeca.com\" \/>\n<meta property=\"article:modified_time\" content=\"2026-03-17T20:20:49+00:00\" \/>\n<meta name=\"twitter:card\" content=\"summary_large_image\" \/>\n<script type=\"application\/ld+json\" class=\"yoast-schema-graph\">{\"@context\":\"https:\/\/schema.org\",\"@graph\":[{\"@type\":\"WebPage\",\"@id\":\"https:\/\/solumeca.com\/?product=llave-combinada-estriada-de-11mm-proto-ref-j1211masd\",\"url\":\"https:\/\/solumeca.com\/?product=llave-combinada-estriada-de-11mm-proto-ref-j1211masd\",\"name\":\"LLAVE COMBINADA ESTRIADA DE 11MM PROTO - Ref.J1211MASD - Herramientas Industriales - Equipos de Seguridad - Solumeca.com\",\"isPartOf\":{\"@id\":\"https:\/\/solumeca.com\/#website\"},\"primaryImageOfPage\":{\"@id\":\"https:\/\/solumeca.com\/?product=llave-combinada-estriada-de-11mm-proto-ref-j1211masd#primaryimage\"},\"image\":{\"@id\":\"https:\/\/solumeca.com\/?product=llave-combinada-estriada-de-11mm-proto-ref-j1211masd#primaryimage\"},\"thumbnailUrl\":\"https:\/\/solumeca.com\/wp-content\/uploads\/2026\/03\/123.jpg\",\"datePublished\":\"2026-03-17T20:20:08+00:00\",\"dateModified\":\"2026-03-17T20:20:49+00:00\",\"breadcrumb\":{\"@id\":\"https:\/\/solumeca.com\/?product=llave-combinada-estriada-de-11mm-proto-ref-j1211masd#breadcrumb\"},\"inLanguage\":\"es\",\"potentialAction\":[{\"@type\":\"ReadAction\",\"target\":[\"https:\/\/solumeca.com\/?product=llave-combinada-estriada-de-11mm-proto-ref-j1211masd\"]}]},{\"@type\":\"ImageObject\",\"inLanguage\":\"es\",\"@id\":\"https:\/\/solumeca.com\/?product=llave-combinada-estriada-de-11mm-proto-ref-j1211masd#primaryimage\",\"url\":\"https:\/\/solumeca.com\/wp-content\/uploads\/2026\/03\/123.jpg\",\"contentUrl\":\"https:\/\/solumeca.com\/wp-content\/uploads\/2026\/03\/123.jpg\",\"width\":500,\"height\":500},{\"@type\":\"BreadcrumbList\",\"@id\":\"https:\/\/solumeca.com\/?product=llave-combinada-estriada-de-11mm-proto-ref-j1211masd#breadcrumb\",\"itemListElement\":[{\"@type\":\"ListItem\",\"position\":1,\"name\":\"Portada\",\"item\":\"https:\/\/solumeca.com\/\"},{\"@type\":\"ListItem\",\"position\":2,\"name\":\"Shop\",\"item\":\"https:\/\/solumeca.com\/?page_id=10\"},{\"@type\":\"ListItem\",\"position\":3,\"name\":\"LLAVE COMBINADA ESTRIADA DE 11MM PROTO &#8211; Ref.J1211MASD\"}]},{\"@type\":\"WebSite\",\"@id\":\"https:\/\/solumeca.com\/#website\",\"url\":\"https:\/\/solumeca.com\/\",\"name\":\"SOS Integral - Equipos de Seguridad - Herramientas Industriales\",\"description\":\"Equipos de Seguridad, Santo Domingo, Republica Dominicana, Herramientas Industriales,Tel.: (809) 274-3888 \/ Info@solumeca.com\",\"publisher\":{\"@id\":\"https:\/\/solumeca.com\/#organization\"},\"potentialAction\":[{\"@type\":\"SearchAction\",\"target\":{\"@type\":\"EntryPoint\",\"urlTemplate\":\"https:\/\/solumeca.com\/?s={search_term_string}\"},\"query-input\":\"required name=search_term_string\"}],\"inLanguage\":\"es\"},{\"@type\":\"Organization\",\"@id\":\"https:\/\/solumeca.com\/#organization\",\"name\":\"SOS Integral - Equipos de Seguridad - Herramientas Industriales\",\"url\":\"https:\/\/solumeca.com\/\",\"logo\":{\"@type\":\"ImageObject\",\"inLanguage\":\"es\",\"@id\":\"https:\/\/solumeca.com\/#\/schema\/logo\/image\/\",\"url\":\"https:\/\/solumeca.com\/wp-content\/uploads\/2024\/04\/equipos-de-seguridad-sos-2.png\",\"contentUrl\":\"https:\/\/solumeca.com\/wp-content\/uploads\/2024\/04\/equipos-de-seguridad-sos-2.png\",\"width\":600,\"height\":259,\"caption\":\"SOS Integral - Equipos de Seguridad - Herramientas Industriales\"},\"image\":{\"@id\":\"https:\/\/solumeca.com\/#\/schema\/logo\/image\/\"},\"sameAs\":[\"https:\/\/www.instagram.com\/sosintegralrd\/\"]}]}<\/script>\n<!-- \/ Yoast SEO Premium plugin. -->","yoast_head_json":{"title":"LLAVE COMBINADA ESTRIADA DE 11MM PROTO - Ref.J1211MASD - Herramientas Industriales - Equipos de Seguridad - Solumeca.com","robots":{"index":"index","follow":"follow","max-snippet":"max-snippet:-1","max-image-preview":"max-image-preview:large","max-video-preview":"max-video-preview:-1"},"canonical":"https:\/\/solumeca.com\/?product=llave-combinada-estriada-de-11mm-proto-ref-j1211masd","og_locale":"es_ES","og_type":"article","og_title":"LLAVE COMBINADA ESTRIADA DE 11MM PROTO - Ref.J1211MASD","og_description":"Llave combinada Proto\u00ae TorquePlus\u2122, dise\u00f1o antideslizante, sistema de medici\u00f3n: m\u00e9trico, llave estriada, apertura de llave de 11 mm, 12 puntas, longitud total de 6 pulgadas, compensaci\u00f3n de 15 grados, ancho de extremo abierto de 23,4 mm, espesor de extremo abierto de 5,9 mm, 17,4 Ancho del extremo de la caja de mm, Grosor del extremoRead More","og_url":"https:\/\/solumeca.com\/?product=llave-combinada-estriada-de-11mm-proto-ref-j1211masd","og_site_name":"Herramientas Industriales - Equipos de Seguridad - Solumeca.com","article_modified_time":"2026-03-17T20:20:49+00:00","twitter_card":"summary_large_image","schema":{"@context":"https:\/\/schema.org","@graph":[{"@type":"WebPage","@id":"https:\/\/solumeca.com\/?product=llave-combinada-estriada-de-11mm-proto-ref-j1211masd","url":"https:\/\/solumeca.com\/?product=llave-combinada-estriada-de-11mm-proto-ref-j1211masd","name":"LLAVE COMBINADA ESTRIADA DE 11MM PROTO - Ref.J1211MASD - Herramientas Industriales - Equipos de Seguridad - Solumeca.com","isPartOf":{"@id":"https:\/\/solumeca.com\/#website"},"primaryImageOfPage":{"@id":"https:\/\/solumeca.com\/?product=llave-combinada-estriada-de-11mm-proto-ref-j1211masd#primaryimage"},"image":{"@id":"https:\/\/solumeca.com\/?product=llave-combinada-estriada-de-11mm-proto-ref-j1211masd#primaryimage"},"thumbnailUrl":"https:\/\/solumeca.com\/wp-content\/uploads\/2026\/03\/123.jpg","datePublished":"2026-03-17T20:20:08+00:00","dateModified":"2026-03-17T20:20:49+00:00","breadcrumb":{"@id":"https:\/\/solumeca.com\/?product=llave-combinada-estriada-de-11mm-proto-ref-j1211masd#breadcrumb"},"inLanguage":"es","potentialAction":[{"@type":"ReadAction","target":["https:\/\/solumeca.com\/?product=llave-combinada-estriada-de-11mm-proto-ref-j1211masd"]}]},{"@type":"ImageObject","inLanguage":"es","@id":"https:\/\/solumeca.com\/?product=llave-combinada-estriada-de-11mm-proto-ref-j1211masd#primaryimage","url":"https:\/\/solumeca.com\/wp-content\/uploads\/2026\/03\/123.jpg","contentUrl":"https:\/\/solumeca.com\/wp-content\/uploads\/2026\/03\/123.jpg","width":500,"height":500},{"@type":"BreadcrumbList","@id":"https:\/\/solumeca.com\/?product=llave-combinada-estriada-de-11mm-proto-ref-j1211masd#breadcrumb","itemListElement":[{"@type":"ListItem","position":1,"name":"Portada","item":"https:\/\/solumeca.com\/"},{"@type":"ListItem","position":2,"name":"Shop","item":"https:\/\/solumeca.com\/?page_id=10"},{"@type":"ListItem","position":3,"name":"LLAVE COMBINADA ESTRIADA DE 11MM PROTO &#8211; Ref.J1211MASD"}]},{"@type":"WebSite","@id":"https:\/\/solumeca.com\/#website","url":"https:\/\/solumeca.com\/","name":"SOS Integral - Equipos de Seguridad - Herramientas Industriales","description":"Equipos de Seguridad, Santo Domingo, Republica Dominicana, Herramientas Industriales,Tel.: (809) 274-3888 \/ Info@solumeca.com","publisher":{"@id":"https:\/\/solumeca.com\/#organization"},"potentialAction":[{"@type":"SearchAction","target":{"@type":"EntryPoint","urlTemplate":"https:\/\/solumeca.com\/?s={search_term_string}"},"query-input":"required name=search_term_string"}],"inLanguage":"es"},{"@type":"Organization","@id":"https:\/\/solumeca.com\/#organization","name":"SOS Integral - Equipos de Seguridad - Herramientas Industriales","url":"https:\/\/solumeca.com\/","logo":{"@type":"ImageObject","inLanguage":"es","@id":"https:\/\/solumeca.com\/#\/schema\/logo\/image\/","url":"https:\/\/solumeca.com\/wp-content\/uploads\/2024\/04\/equipos-de-seguridad-sos-2.png","contentUrl":"https:\/\/solumeca.com\/wp-content\/uploads\/2024\/04\/equipos-de-seguridad-sos-2.png","width":600,"height":259,"caption":"SOS Integral - Equipos de Seguridad - Herramientas Industriales"},"image":{"@id":"https:\/\/solumeca.com\/#\/schema\/logo\/image\/"},"sameAs":["https:\/\/www.instagram.com\/sosintegralrd\/"]}]}},"_links":{"self":[{"href":"https:\/\/solumeca.com\/index.php?rest_route=\/wp\/v2\/product\/37758","targetHints":{"allow":["GET"]}}],"collection":[{"href":"https:\/\/solumeca.com\/index.php?rest_route=\/wp\/v2\/product"}],"about":[{"href":"https:\/\/solumeca.com\/index.php?rest_route=\/wp\/v2\/types\/product"}],"replies":[{"embeddable":true,"href":"https:\/\/solumeca.com\/index.php?rest_route=%2Fwp%2Fv2%2Fcomments&post=37758"}],"version-history":[{"count":1,"href":"https:\/\/solumeca.com\/index.php?rest_route=\/wp\/v2\/product\/37758\/revisions"}],"predecessor-version":[{"id":37807,"href":"https:\/\/solumeca.com\/index.php?rest_route=\/wp\/v2\/product\/37758\/revisions\/37807"}],"wp:featuredmedia":[{"embeddable":true,"href":"https:\/\/solumeca.com\/index.php?rest_route=\/wp\/v2\/media\/29618"}],"wp:attachment":[{"href":"https:\/\/solumeca.com\/index.php?rest_route=%2Fwp%2Fv2%2Fmedia&parent=37758"}],"wp:term":[{"taxonomy":"product_brand","embeddable":true,"href":"https:\/\/solumeca.com\/index.php?rest_route=%2Fwp%2Fv2%2Fproduct_brand&post=37758"},{"taxonomy":"product_cat","embeddable":true,"href":"https:\/\/solumeca.com\/index.php?rest_route=%2Fwp%2Fv2%2Fproduct_cat&post=37758"},{"taxonomy":"product_tag","embeddable":true,"href":"https:\/\/solumeca.com\/index.php?rest_route=%2Fwp%2Fv2%2Fproduct_tag&post=37758"}],"curies":[{"name":"wp","href":"https:\/\/api.w.org\/{rel}","templated":true}]}}