{"id":37752,"date":"2026-03-17T21:20:06","date_gmt":"2026-03-17T20:20:06","guid":{"rendered":"https:\/\/solumeca.com\/?post_type=product&#038;p=37752"},"modified":"2026-03-17T21:20:45","modified_gmt":"2026-03-17T20:20:45","slug":"llave-combinada-cromoda-de-8mm-proto-ref-j1208ma","status":"publish","type":"product","link":"https:\/\/solumeca.com\/?product=llave-combinada-cromoda-de-8mm-proto-ref-j1208ma","title":{"rendered":"LLAVE COMBINADA CROMODA DE 8MM PROTO &#8211; Ref.J1208MA"},"content":{"rendered":"<ul>\n<li><span>El acabado satinado proporciona resistencia a la corrosi\u00f3n y un agarre antideslizante.<\/span><\/li>\n<li><span>El extremo de la caja de 12 puntos permite una indexaci\u00f3n precisa, lo que ayuda a mejorar la velocidad y el acceso.<\/span><\/li>\n<li><span>Se adapta a sujetadores de 4, 6 y 12 puntos.<\/span><\/li>\n<li><span>Extremo abierto con dise\u00f1o antideslizante (ASD)<\/span><\/li>\n<li><span>Los extremos de las cajas incorporan el sistema TorquePlus\u2122<\/span><\/li>\n<li><span>Ranura de bloqueo para ayudar a prevenir el deslizamiento.<\/span><\/li>\n<li><span>Superficie arqueada que distribuye la fuerza sobre un \u00e1rea de contacto un 400 % m\u00e1s grande para ayudar a prolongar la vida \u00fatil.<\/span><\/li>\n<li><span>Sin nervaduras ni estr\u00edas que da\u00f1en los sujetadores.<\/span><\/li>\n<li><span>Permite aplicar hasta un 15 % m\u00e1s de torsi\u00f3n al sujetador.<\/span><\/li>\n<li><span>Reduce el riesgo de que los sujetadores se redondeen<\/span><\/li>\n<li><span>Proporciona un mejor agarre en sujetadores desgastados y redondeados.<\/span><\/li>\n<\/ul>\n","protected":false},"excerpt":{"rendered":"<p>El acabado satinado proporciona resistencia a la corrosi\u00f3n y un agarre antideslizante. El extremo de la caja de 12 puntos permite una indexaci\u00f3n precisa, lo que ayuda a mejorar la velocidad y el acceso. Se adapta a sujetadores de 4, 6 y 12 puntos. Extremo abierto con dise\u00f1o antideslizante (ASD) Los extremos de las cajas<\/p>\n<div class=\"klb-readmore button\"><a class=\"btn link\" href=\"https:\/\/solumeca.com\/?product=llave-combinada-cromoda-de-8mm-proto-ref-j1208ma\">Read More <i class=\"klbth-icon-right-arrow\"><\/i><\/a><\/div>\n","protected":false},"featured_media":29606,"comment_status":"closed","ping_status":"closed","template":"","meta":[],"product_brand":[],"product_cat":[372],"product_tag":[],"class_list":{"0":"post-37752","1":"product","2":"type-product","3":"status-publish","4":"has-post-thumbnail","6":"product_cat-proto","8":"first","9":"instock","10":"taxable","11":"shipping-taxable","12":"purchasable","13":"product-type-simple"},"yoast_head":"<!-- This site is optimized with the Yoast SEO Premium plugin v22.5 (Yoast SEO v22.6) - https:\/\/yoast.com\/wordpress\/plugins\/seo\/ -->\n<title>LLAVE COMBINADA CROMODA DE 8MM PROTO - Ref.J1208MA - Herramientas Industriales - Equipos de Seguridad - Solumeca.com<\/title>\n<meta name=\"robots\" content=\"index, follow, max-snippet:-1, max-image-preview:large, max-video-preview:-1\" \/>\n<link rel=\"canonical\" href=\"https:\/\/solumeca.com\/?product=llave-combinada-cromoda-de-8mm-proto-ref-j1208ma\" \/>\n<meta property=\"og:locale\" content=\"es_ES\" \/>\n<meta property=\"og:type\" content=\"article\" \/>\n<meta property=\"og:title\" content=\"LLAVE COMBINADA CROMODA DE 8MM PROTO - Ref.J1208MA\" \/>\n<meta property=\"og:description\" content=\"El acabado satinado proporciona resistencia a la corrosi\u00f3n y un agarre antideslizante. El extremo de la caja de 12 puntos permite una indexaci\u00f3n precisa, lo que ayuda a mejorar la velocidad y el acceso. Se adapta a sujetadores de 4, 6 y 12 puntos. Extremo abierto con dise\u00f1o antideslizante (ASD) Los extremos de las cajasRead More\" \/>\n<meta property=\"og:url\" content=\"https:\/\/solumeca.com\/?product=llave-combinada-cromoda-de-8mm-proto-ref-j1208ma\" \/>\n<meta property=\"og:site_name\" content=\"Herramientas Industriales - Equipos de Seguridad - Solumeca.com\" \/>\n<meta property=\"article:modified_time\" content=\"2026-03-17T20:20:45+00:00\" \/>\n<meta name=\"twitter:card\" content=\"summary_large_image\" \/>\n<meta name=\"twitter:label1\" content=\"Tiempo de lectura\" \/>\n\t<meta name=\"twitter:data1\" content=\"1 minuto\" \/>\n<script type=\"application\/ld+json\" class=\"yoast-schema-graph\">{\"@context\":\"https:\/\/schema.org\",\"@graph\":[{\"@type\":\"WebPage\",\"@id\":\"https:\/\/solumeca.com\/?product=llave-combinada-cromoda-de-8mm-proto-ref-j1208ma\",\"url\":\"https:\/\/solumeca.com\/?product=llave-combinada-cromoda-de-8mm-proto-ref-j1208ma\",\"name\":\"LLAVE COMBINADA CROMODA DE 8MM PROTO - Ref.J1208MA - Herramientas Industriales - Equipos de Seguridad - Solumeca.com\",\"isPartOf\":{\"@id\":\"https:\/\/solumeca.com\/#website\"},\"primaryImageOfPage\":{\"@id\":\"https:\/\/solumeca.com\/?product=llave-combinada-cromoda-de-8mm-proto-ref-j1208ma#primaryimage\"},\"image\":{\"@id\":\"https:\/\/solumeca.com\/?product=llave-combinada-cromoda-de-8mm-proto-ref-j1208ma#primaryimage\"},\"thumbnailUrl\":\"https:\/\/solumeca.com\/wp-content\/uploads\/2026\/03\/101.jpg\",\"datePublished\":\"2026-03-17T20:20:06+00:00\",\"dateModified\":\"2026-03-17T20:20:45+00:00\",\"breadcrumb\":{\"@id\":\"https:\/\/solumeca.com\/?product=llave-combinada-cromoda-de-8mm-proto-ref-j1208ma#breadcrumb\"},\"inLanguage\":\"es\",\"potentialAction\":[{\"@type\":\"ReadAction\",\"target\":[\"https:\/\/solumeca.com\/?product=llave-combinada-cromoda-de-8mm-proto-ref-j1208ma\"]}]},{\"@type\":\"ImageObject\",\"inLanguage\":\"es\",\"@id\":\"https:\/\/solumeca.com\/?product=llave-combinada-cromoda-de-8mm-proto-ref-j1208ma#primaryimage\",\"url\":\"https:\/\/solumeca.com\/wp-content\/uploads\/2026\/03\/101.jpg\",\"contentUrl\":\"https:\/\/solumeca.com\/wp-content\/uploads\/2026\/03\/101.jpg\",\"width\":500,\"height\":500},{\"@type\":\"BreadcrumbList\",\"@id\":\"https:\/\/solumeca.com\/?product=llave-combinada-cromoda-de-8mm-proto-ref-j1208ma#breadcrumb\",\"itemListElement\":[{\"@type\":\"ListItem\",\"position\":1,\"name\":\"Portada\",\"item\":\"https:\/\/solumeca.com\/\"},{\"@type\":\"ListItem\",\"position\":2,\"name\":\"Shop\",\"item\":\"https:\/\/solumeca.com\/?page_id=10\"},{\"@type\":\"ListItem\",\"position\":3,\"name\":\"LLAVE COMBINADA CROMODA DE 8MM PROTO &#8211; Ref.J1208MA\"}]},{\"@type\":\"WebSite\",\"@id\":\"https:\/\/solumeca.com\/#website\",\"url\":\"https:\/\/solumeca.com\/\",\"name\":\"SOS Integral - Equipos de Seguridad - Herramientas Industriales\",\"description\":\"Equipos de Seguridad, Santo Domingo, Republica Dominicana, Herramientas Industriales,Tel.: (809) 274-3888 \/ Info@solumeca.com\",\"publisher\":{\"@id\":\"https:\/\/solumeca.com\/#organization\"},\"potentialAction\":[{\"@type\":\"SearchAction\",\"target\":{\"@type\":\"EntryPoint\",\"urlTemplate\":\"https:\/\/solumeca.com\/?s={search_term_string}\"},\"query-input\":\"required name=search_term_string\"}],\"inLanguage\":\"es\"},{\"@type\":\"Organization\",\"@id\":\"https:\/\/solumeca.com\/#organization\",\"name\":\"SOS Integral - Equipos de Seguridad - Herramientas Industriales\",\"url\":\"https:\/\/solumeca.com\/\",\"logo\":{\"@type\":\"ImageObject\",\"inLanguage\":\"es\",\"@id\":\"https:\/\/solumeca.com\/#\/schema\/logo\/image\/\",\"url\":\"https:\/\/solumeca.com\/wp-content\/uploads\/2024\/04\/equipos-de-seguridad-sos-2.png\",\"contentUrl\":\"https:\/\/solumeca.com\/wp-content\/uploads\/2024\/04\/equipos-de-seguridad-sos-2.png\",\"width\":600,\"height\":259,\"caption\":\"SOS Integral - Equipos de Seguridad - Herramientas Industriales\"},\"image\":{\"@id\":\"https:\/\/solumeca.com\/#\/schema\/logo\/image\/\"},\"sameAs\":[\"https:\/\/www.instagram.com\/sosintegralrd\/\"]}]}<\/script>\n<!-- \/ Yoast SEO Premium plugin. -->","yoast_head_json":{"title":"LLAVE COMBINADA CROMODA DE 8MM PROTO - Ref.J1208MA - Herramientas Industriales - Equipos de Seguridad - Solumeca.com","robots":{"index":"index","follow":"follow","max-snippet":"max-snippet:-1","max-image-preview":"max-image-preview:large","max-video-preview":"max-video-preview:-1"},"canonical":"https:\/\/solumeca.com\/?product=llave-combinada-cromoda-de-8mm-proto-ref-j1208ma","og_locale":"es_ES","og_type":"article","og_title":"LLAVE COMBINADA CROMODA DE 8MM PROTO - Ref.J1208MA","og_description":"El acabado satinado proporciona resistencia a la corrosi\u00f3n y un agarre antideslizante. El extremo de la caja de 12 puntos permite una indexaci\u00f3n precisa, lo que ayuda a mejorar la velocidad y el acceso. Se adapta a sujetadores de 4, 6 y 12 puntos. Extremo abierto con dise\u00f1o antideslizante (ASD) Los extremos de las cajasRead More","og_url":"https:\/\/solumeca.com\/?product=llave-combinada-cromoda-de-8mm-proto-ref-j1208ma","og_site_name":"Herramientas Industriales - Equipos de Seguridad - Solumeca.com","article_modified_time":"2026-03-17T20:20:45+00:00","twitter_card":"summary_large_image","twitter_misc":{"Tiempo de lectura":"1 minuto"},"schema":{"@context":"https:\/\/schema.org","@graph":[{"@type":"WebPage","@id":"https:\/\/solumeca.com\/?product=llave-combinada-cromoda-de-8mm-proto-ref-j1208ma","url":"https:\/\/solumeca.com\/?product=llave-combinada-cromoda-de-8mm-proto-ref-j1208ma","name":"LLAVE COMBINADA CROMODA DE 8MM PROTO - Ref.J1208MA - Herramientas Industriales - Equipos de Seguridad - Solumeca.com","isPartOf":{"@id":"https:\/\/solumeca.com\/#website"},"primaryImageOfPage":{"@id":"https:\/\/solumeca.com\/?product=llave-combinada-cromoda-de-8mm-proto-ref-j1208ma#primaryimage"},"image":{"@id":"https:\/\/solumeca.com\/?product=llave-combinada-cromoda-de-8mm-proto-ref-j1208ma#primaryimage"},"thumbnailUrl":"https:\/\/solumeca.com\/wp-content\/uploads\/2026\/03\/101.jpg","datePublished":"2026-03-17T20:20:06+00:00","dateModified":"2026-03-17T20:20:45+00:00","breadcrumb":{"@id":"https:\/\/solumeca.com\/?product=llave-combinada-cromoda-de-8mm-proto-ref-j1208ma#breadcrumb"},"inLanguage":"es","potentialAction":[{"@type":"ReadAction","target":["https:\/\/solumeca.com\/?product=llave-combinada-cromoda-de-8mm-proto-ref-j1208ma"]}]},{"@type":"ImageObject","inLanguage":"es","@id":"https:\/\/solumeca.com\/?product=llave-combinada-cromoda-de-8mm-proto-ref-j1208ma#primaryimage","url":"https:\/\/solumeca.com\/wp-content\/uploads\/2026\/03\/101.jpg","contentUrl":"https:\/\/solumeca.com\/wp-content\/uploads\/2026\/03\/101.jpg","width":500,"height":500},{"@type":"BreadcrumbList","@id":"https:\/\/solumeca.com\/?product=llave-combinada-cromoda-de-8mm-proto-ref-j1208ma#breadcrumb","itemListElement":[{"@type":"ListItem","position":1,"name":"Portada","item":"https:\/\/solumeca.com\/"},{"@type":"ListItem","position":2,"name":"Shop","item":"https:\/\/solumeca.com\/?page_id=10"},{"@type":"ListItem","position":3,"name":"LLAVE COMBINADA CROMODA DE 8MM PROTO &#8211; Ref.J1208MA"}]},{"@type":"WebSite","@id":"https:\/\/solumeca.com\/#website","url":"https:\/\/solumeca.com\/","name":"SOS Integral - Equipos de Seguridad - Herramientas Industriales","description":"Equipos de Seguridad, Santo Domingo, Republica Dominicana, Herramientas Industriales,Tel.: (809) 274-3888 \/ Info@solumeca.com","publisher":{"@id":"https:\/\/solumeca.com\/#organization"},"potentialAction":[{"@type":"SearchAction","target":{"@type":"EntryPoint","urlTemplate":"https:\/\/solumeca.com\/?s={search_term_string}"},"query-input":"required name=search_term_string"}],"inLanguage":"es"},{"@type":"Organization","@id":"https:\/\/solumeca.com\/#organization","name":"SOS Integral - Equipos de Seguridad - Herramientas Industriales","url":"https:\/\/solumeca.com\/","logo":{"@type":"ImageObject","inLanguage":"es","@id":"https:\/\/solumeca.com\/#\/schema\/logo\/image\/","url":"https:\/\/solumeca.com\/wp-content\/uploads\/2024\/04\/equipos-de-seguridad-sos-2.png","contentUrl":"https:\/\/solumeca.com\/wp-content\/uploads\/2024\/04\/equipos-de-seguridad-sos-2.png","width":600,"height":259,"caption":"SOS Integral - Equipos de Seguridad - Herramientas Industriales"},"image":{"@id":"https:\/\/solumeca.com\/#\/schema\/logo\/image\/"},"sameAs":["https:\/\/www.instagram.com\/sosintegralrd\/"]}]}},"_links":{"self":[{"href":"https:\/\/solumeca.com\/index.php?rest_route=\/wp\/v2\/product\/37752","targetHints":{"allow":["GET"]}}],"collection":[{"href":"https:\/\/solumeca.com\/index.php?rest_route=\/wp\/v2\/product"}],"about":[{"href":"https:\/\/solumeca.com\/index.php?rest_route=\/wp\/v2\/types\/product"}],"replies":[{"embeddable":true,"href":"https:\/\/solumeca.com\/index.php?rest_route=%2Fwp%2Fv2%2Fcomments&post=37752"}],"version-history":[{"count":1,"href":"https:\/\/solumeca.com\/index.php?rest_route=\/wp\/v2\/product\/37752\/revisions"}],"predecessor-version":[{"id":37801,"href":"https:\/\/solumeca.com\/index.php?rest_route=\/wp\/v2\/product\/37752\/revisions\/37801"}],"wp:featuredmedia":[{"embeddable":true,"href":"https:\/\/solumeca.com\/index.php?rest_route=\/wp\/v2\/media\/29606"}],"wp:attachment":[{"href":"https:\/\/solumeca.com\/index.php?rest_route=%2Fwp%2Fv2%2Fmedia&parent=37752"}],"wp:term":[{"taxonomy":"product_brand","embeddable":true,"href":"https:\/\/solumeca.com\/index.php?rest_route=%2Fwp%2Fv2%2Fproduct_brand&post=37752"},{"taxonomy":"product_cat","embeddable":true,"href":"https:\/\/solumeca.com\/index.php?rest_route=%2Fwp%2Fv2%2Fproduct_cat&post=37752"},{"taxonomy":"product_tag","embeddable":true,"href":"https:\/\/solumeca.com\/index.php?rest_route=%2Fwp%2Fv2%2Fproduct_tag&post=37752"}],"curies":[{"name":"wp","href":"https:\/\/api.w.org\/{rel}","templated":true}]}}