{"id":37698,"date":"2026-03-17T21:19:46","date_gmt":"2026-03-17T20:19:46","guid":{"rendered":"https:\/\/solumeca.com\/?post_type=product&#038;p=37698"},"modified":"2026-03-17T21:19:56","modified_gmt":"2026-03-17T20:19:56","slug":"extension-de-impacto-de-1-x-10-proto-ref-j10608","status":"publish","type":"product","link":"https:\/\/solumeca.com\/?product=extension-de-impacto-de-1-x-10-proto-ref-j10608","title":{"rendered":"EXTENSION DE IMPACTO DE 1&#8243; X 10&#8243; PROTO &#8211; Ref.J10608"},"content":{"rendered":"<ul>\n<li><span>Utilice extensiones para acceder a sujetadores en lugares que de otro modo ser\u00edan dif\u00edciles de alcanzar<\/span><\/li>\n<li><span>El cuadrado macho est\u00e1 orientado en l\u00ednea con los cuadrados hembra para usar con llaves dinamom\u00e9tricas de cabeza fija.<\/span><\/li>\n<li><span>Chafl\u00e1n completo en la apertura de la unidad para facilitar el acoplamiento con las herramientas de la unidad<\/span><\/li>\n<li><span>Construido con un chafl\u00e1n del extremo de accionamiento de acero para herramientas de alta calidad y cuatro retenes que ayudan a proporcionar un acoplamiento r\u00e1pido y positivo con la herramienta de accionamiento en cualquiera de las paredes del accionamiento del dado.<\/span><\/li>\n<li><span>Tama\u00f1o estampado para una f\u00e1cil referencia.<\/span><\/li>\n<li><span>Para uso con vasos de impacto<\/span><\/li>\n<li><span>La construcci\u00f3n de 1 pieza garantiza la concentricidad<\/span><\/li>\n<li><span>El tratamiento t\u00e9rmico especial garantiza una larga vida \u00fatil<\/span><\/li>\n<li><span>Puntas mecanizadas con precisi\u00f3n para un acoplamiento adecuado del sujetador.<\/span><\/li>\n<\/ul>\n","protected":false},"excerpt":{"rendered":"<p>Utilice extensiones para acceder a sujetadores en lugares que de otro modo ser\u00edan dif\u00edciles de alcanzar El cuadrado macho est\u00e1 orientado en l\u00ednea con los cuadrados hembra para usar con llaves dinamom\u00e9tricas de cabeza fija. Chafl\u00e1n completo en la apertura de la unidad para facilitar el acoplamiento con las herramientas de la unidad Construido con<\/p>\n<div class=\"klb-readmore button\"><a class=\"btn link\" href=\"https:\/\/solumeca.com\/?product=extension-de-impacto-de-1-x-10-proto-ref-j10608\">Read More <i class=\"klbth-icon-right-arrow\"><\/i><\/a><\/div>\n","protected":false},"featured_media":29518,"comment_status":"closed","ping_status":"closed","template":"","meta":[],"product_brand":[],"product_cat":[372],"product_tag":[],"class_list":{"0":"post-37698","1":"product","2":"type-product","3":"status-publish","4":"has-post-thumbnail","6":"product_cat-proto","8":"first","9":"instock","10":"taxable","11":"shipping-taxable","12":"purchasable","13":"product-type-simple"},"yoast_head":"<!-- This site is optimized with the Yoast SEO Premium plugin v22.5 (Yoast SEO v22.6) - https:\/\/yoast.com\/wordpress\/plugins\/seo\/ -->\n<title>EXTENSION DE IMPACTO DE 1&quot; X 10&quot; PROTO - Ref.J10608 - Herramientas Industriales - Equipos de Seguridad - Solumeca.com<\/title>\n<meta name=\"robots\" content=\"index, follow, max-snippet:-1, max-image-preview:large, max-video-preview:-1\" \/>\n<link rel=\"canonical\" href=\"https:\/\/solumeca.com\/?product=extension-de-impacto-de-1-x-10-proto-ref-j10608\" \/>\n<meta property=\"og:locale\" content=\"es_ES\" \/>\n<meta property=\"og:type\" content=\"article\" \/>\n<meta property=\"og:title\" content=\"EXTENSION DE IMPACTO DE 1&quot; X 10&quot; PROTO - Ref.J10608\" \/>\n<meta property=\"og:description\" content=\"Utilice extensiones para acceder a sujetadores en lugares que de otro modo ser\u00edan dif\u00edciles de alcanzar El cuadrado macho est\u00e1 orientado en l\u00ednea con los cuadrados hembra para usar con llaves dinamom\u00e9tricas de cabeza fija. Chafl\u00e1n completo en la apertura de la unidad para facilitar el acoplamiento con las herramientas de la unidad Construido conRead More\" \/>\n<meta property=\"og:url\" content=\"https:\/\/solumeca.com\/?product=extension-de-impacto-de-1-x-10-proto-ref-j10608\" \/>\n<meta property=\"og:site_name\" content=\"Herramientas Industriales - Equipos de Seguridad - Solumeca.com\" \/>\n<meta property=\"article:modified_time\" content=\"2026-03-17T20:19:56+00:00\" \/>\n<meta name=\"twitter:card\" content=\"summary_large_image\" \/>\n<meta name=\"twitter:label1\" content=\"Tiempo de lectura\" \/>\n\t<meta name=\"twitter:data1\" content=\"1 minuto\" \/>\n<script type=\"application\/ld+json\" class=\"yoast-schema-graph\">{\"@context\":\"https:\/\/schema.org\",\"@graph\":[{\"@type\":\"WebPage\",\"@id\":\"https:\/\/solumeca.com\/?product=extension-de-impacto-de-1-x-10-proto-ref-j10608\",\"url\":\"https:\/\/solumeca.com\/?product=extension-de-impacto-de-1-x-10-proto-ref-j10608\",\"name\":\"EXTENSION DE IMPACTO DE 1\\\" X 10\\\" PROTO - Ref.J10608 - Herramientas Industriales - Equipos de Seguridad - Solumeca.com\",\"isPartOf\":{\"@id\":\"https:\/\/solumeca.com\/#website\"},\"primaryImageOfPage\":{\"@id\":\"https:\/\/solumeca.com\/?product=extension-de-impacto-de-1-x-10-proto-ref-j10608#primaryimage\"},\"image\":{\"@id\":\"https:\/\/solumeca.com\/?product=extension-de-impacto-de-1-x-10-proto-ref-j10608#primaryimage\"},\"thumbnailUrl\":\"https:\/\/solumeca.com\/wp-content\/uploads\/2026\/03\/79-1.jpg\",\"datePublished\":\"2026-03-17T20:19:46+00:00\",\"dateModified\":\"2026-03-17T20:19:56+00:00\",\"breadcrumb\":{\"@id\":\"https:\/\/solumeca.com\/?product=extension-de-impacto-de-1-x-10-proto-ref-j10608#breadcrumb\"},\"inLanguage\":\"es\",\"potentialAction\":[{\"@type\":\"ReadAction\",\"target\":[\"https:\/\/solumeca.com\/?product=extension-de-impacto-de-1-x-10-proto-ref-j10608\"]}]},{\"@type\":\"ImageObject\",\"inLanguage\":\"es\",\"@id\":\"https:\/\/solumeca.com\/?product=extension-de-impacto-de-1-x-10-proto-ref-j10608#primaryimage\",\"url\":\"https:\/\/solumeca.com\/wp-content\/uploads\/2026\/03\/79-1.jpg\",\"contentUrl\":\"https:\/\/solumeca.com\/wp-content\/uploads\/2026\/03\/79-1.jpg\",\"width\":500,\"height\":500},{\"@type\":\"BreadcrumbList\",\"@id\":\"https:\/\/solumeca.com\/?product=extension-de-impacto-de-1-x-10-proto-ref-j10608#breadcrumb\",\"itemListElement\":[{\"@type\":\"ListItem\",\"position\":1,\"name\":\"Portada\",\"item\":\"https:\/\/solumeca.com\/\"},{\"@type\":\"ListItem\",\"position\":2,\"name\":\"Shop\",\"item\":\"https:\/\/solumeca.com\/?page_id=10\"},{\"@type\":\"ListItem\",\"position\":3,\"name\":\"EXTENSION DE IMPACTO DE 1&#8243; X 10&#8243; PROTO &#8211; Ref.J10608\"}]},{\"@type\":\"WebSite\",\"@id\":\"https:\/\/solumeca.com\/#website\",\"url\":\"https:\/\/solumeca.com\/\",\"name\":\"SOS Integral - Equipos de Seguridad - Herramientas Industriales\",\"description\":\"Equipos de Seguridad, Santo Domingo, Republica Dominicana, Herramientas Industriales,Tel.: (809) 274-3888 \/ Info@solumeca.com\",\"publisher\":{\"@id\":\"https:\/\/solumeca.com\/#organization\"},\"potentialAction\":[{\"@type\":\"SearchAction\",\"target\":{\"@type\":\"EntryPoint\",\"urlTemplate\":\"https:\/\/solumeca.com\/?s={search_term_string}\"},\"query-input\":\"required name=search_term_string\"}],\"inLanguage\":\"es\"},{\"@type\":\"Organization\",\"@id\":\"https:\/\/solumeca.com\/#organization\",\"name\":\"SOS Integral - Equipos de Seguridad - Herramientas Industriales\",\"url\":\"https:\/\/solumeca.com\/\",\"logo\":{\"@type\":\"ImageObject\",\"inLanguage\":\"es\",\"@id\":\"https:\/\/solumeca.com\/#\/schema\/logo\/image\/\",\"url\":\"https:\/\/solumeca.com\/wp-content\/uploads\/2024\/04\/equipos-de-seguridad-sos-2.png\",\"contentUrl\":\"https:\/\/solumeca.com\/wp-content\/uploads\/2024\/04\/equipos-de-seguridad-sos-2.png\",\"width\":600,\"height\":259,\"caption\":\"SOS Integral - Equipos de Seguridad - Herramientas Industriales\"},\"image\":{\"@id\":\"https:\/\/solumeca.com\/#\/schema\/logo\/image\/\"},\"sameAs\":[\"https:\/\/www.instagram.com\/sosintegralrd\/\"]}]}<\/script>\n<!-- \/ Yoast SEO Premium plugin. -->","yoast_head_json":{"title":"EXTENSION DE IMPACTO DE 1\" X 10\" PROTO - Ref.J10608 - Herramientas Industriales - Equipos de Seguridad - Solumeca.com","robots":{"index":"index","follow":"follow","max-snippet":"max-snippet:-1","max-image-preview":"max-image-preview:large","max-video-preview":"max-video-preview:-1"},"canonical":"https:\/\/solumeca.com\/?product=extension-de-impacto-de-1-x-10-proto-ref-j10608","og_locale":"es_ES","og_type":"article","og_title":"EXTENSION DE IMPACTO DE 1\" X 10\" PROTO - Ref.J10608","og_description":"Utilice extensiones para acceder a sujetadores en lugares que de otro modo ser\u00edan dif\u00edciles de alcanzar El cuadrado macho est\u00e1 orientado en l\u00ednea con los cuadrados hembra para usar con llaves dinamom\u00e9tricas de cabeza fija. Chafl\u00e1n completo en la apertura de la unidad para facilitar el acoplamiento con las herramientas de la unidad Construido conRead More","og_url":"https:\/\/solumeca.com\/?product=extension-de-impacto-de-1-x-10-proto-ref-j10608","og_site_name":"Herramientas Industriales - Equipos de Seguridad - Solumeca.com","article_modified_time":"2026-03-17T20:19:56+00:00","twitter_card":"summary_large_image","twitter_misc":{"Tiempo de lectura":"1 minuto"},"schema":{"@context":"https:\/\/schema.org","@graph":[{"@type":"WebPage","@id":"https:\/\/solumeca.com\/?product=extension-de-impacto-de-1-x-10-proto-ref-j10608","url":"https:\/\/solumeca.com\/?product=extension-de-impacto-de-1-x-10-proto-ref-j10608","name":"EXTENSION DE IMPACTO DE 1\" X 10\" PROTO - Ref.J10608 - Herramientas Industriales - Equipos de Seguridad - Solumeca.com","isPartOf":{"@id":"https:\/\/solumeca.com\/#website"},"primaryImageOfPage":{"@id":"https:\/\/solumeca.com\/?product=extension-de-impacto-de-1-x-10-proto-ref-j10608#primaryimage"},"image":{"@id":"https:\/\/solumeca.com\/?product=extension-de-impacto-de-1-x-10-proto-ref-j10608#primaryimage"},"thumbnailUrl":"https:\/\/solumeca.com\/wp-content\/uploads\/2026\/03\/79-1.jpg","datePublished":"2026-03-17T20:19:46+00:00","dateModified":"2026-03-17T20:19:56+00:00","breadcrumb":{"@id":"https:\/\/solumeca.com\/?product=extension-de-impacto-de-1-x-10-proto-ref-j10608#breadcrumb"},"inLanguage":"es","potentialAction":[{"@type":"ReadAction","target":["https:\/\/solumeca.com\/?product=extension-de-impacto-de-1-x-10-proto-ref-j10608"]}]},{"@type":"ImageObject","inLanguage":"es","@id":"https:\/\/solumeca.com\/?product=extension-de-impacto-de-1-x-10-proto-ref-j10608#primaryimage","url":"https:\/\/solumeca.com\/wp-content\/uploads\/2026\/03\/79-1.jpg","contentUrl":"https:\/\/solumeca.com\/wp-content\/uploads\/2026\/03\/79-1.jpg","width":500,"height":500},{"@type":"BreadcrumbList","@id":"https:\/\/solumeca.com\/?product=extension-de-impacto-de-1-x-10-proto-ref-j10608#breadcrumb","itemListElement":[{"@type":"ListItem","position":1,"name":"Portada","item":"https:\/\/solumeca.com\/"},{"@type":"ListItem","position":2,"name":"Shop","item":"https:\/\/solumeca.com\/?page_id=10"},{"@type":"ListItem","position":3,"name":"EXTENSION DE IMPACTO DE 1&#8243; X 10&#8243; PROTO &#8211; Ref.J10608"}]},{"@type":"WebSite","@id":"https:\/\/solumeca.com\/#website","url":"https:\/\/solumeca.com\/","name":"SOS Integral - Equipos de Seguridad - Herramientas Industriales","description":"Equipos de Seguridad, Santo Domingo, Republica Dominicana, Herramientas Industriales,Tel.: (809) 274-3888 \/ Info@solumeca.com","publisher":{"@id":"https:\/\/solumeca.com\/#organization"},"potentialAction":[{"@type":"SearchAction","target":{"@type":"EntryPoint","urlTemplate":"https:\/\/solumeca.com\/?s={search_term_string}"},"query-input":"required name=search_term_string"}],"inLanguage":"es"},{"@type":"Organization","@id":"https:\/\/solumeca.com\/#organization","name":"SOS Integral - Equipos de Seguridad - Herramientas Industriales","url":"https:\/\/solumeca.com\/","logo":{"@type":"ImageObject","inLanguage":"es","@id":"https:\/\/solumeca.com\/#\/schema\/logo\/image\/","url":"https:\/\/solumeca.com\/wp-content\/uploads\/2024\/04\/equipos-de-seguridad-sos-2.png","contentUrl":"https:\/\/solumeca.com\/wp-content\/uploads\/2024\/04\/equipos-de-seguridad-sos-2.png","width":600,"height":259,"caption":"SOS Integral - Equipos de Seguridad - Herramientas Industriales"},"image":{"@id":"https:\/\/solumeca.com\/#\/schema\/logo\/image\/"},"sameAs":["https:\/\/www.instagram.com\/sosintegralrd\/"]}]}},"_links":{"self":[{"href":"https:\/\/solumeca.com\/index.php?rest_route=\/wp\/v2\/product\/37698","targetHints":{"allow":["GET"]}}],"collection":[{"href":"https:\/\/solumeca.com\/index.php?rest_route=\/wp\/v2\/product"}],"about":[{"href":"https:\/\/solumeca.com\/index.php?rest_route=\/wp\/v2\/types\/product"}],"replies":[{"embeddable":true,"href":"https:\/\/solumeca.com\/index.php?rest_route=%2Fwp%2Fv2%2Fcomments&post=37698"}],"version-history":[{"count":1,"href":"https:\/\/solumeca.com\/index.php?rest_route=\/wp\/v2\/product\/37698\/revisions"}],"predecessor-version":[{"id":37728,"href":"https:\/\/solumeca.com\/index.php?rest_route=\/wp\/v2\/product\/37698\/revisions\/37728"}],"wp:featuredmedia":[{"embeddable":true,"href":"https:\/\/solumeca.com\/index.php?rest_route=\/wp\/v2\/media\/29518"}],"wp:attachment":[{"href":"https:\/\/solumeca.com\/index.php?rest_route=%2Fwp%2Fv2%2Fmedia&parent=37698"}],"wp:term":[{"taxonomy":"product_brand","embeddable":true,"href":"https:\/\/solumeca.com\/index.php?rest_route=%2Fwp%2Fv2%2Fproduct_brand&post=37698"},{"taxonomy":"product_cat","embeddable":true,"href":"https:\/\/solumeca.com\/index.php?rest_route=%2Fwp%2Fv2%2Fproduct_cat&post=37698"},{"taxonomy":"product_tag","embeddable":true,"href":"https:\/\/solumeca.com\/index.php?rest_route=%2Fwp%2Fv2%2Fproduct_tag&post=37698"}],"curies":[{"name":"wp","href":"https:\/\/api.w.org\/{rel}","templated":true}]}}