{"id":37399,"date":"2026-03-17T21:18:05","date_gmt":"2026-03-17T20:18:05","guid":{"rendered":"https:\/\/solumeca.com\/?post_type=product&#038;p=37399"},"modified":"2026-03-17T21:18:18","modified_gmt":"2026-03-17T20:18:18","slug":"juego-de-compases-profesionales-8-3-piezas-urrea-ref-jco3","status":"publish","type":"product","link":"https:\/\/solumeca.com\/?product=juego-de-compases-profesionales-8-3-piezas-urrea-ref-jco3","title":{"rendered":"JUEGO DE COMPASES PROFESIONALES 8&#8243; 3 PIEZAS, URREA. &#8211; Ref.JCO3"},"content":{"rendered":"","protected":false},"excerpt":{"rendered":"<ul>\n<li>Juego de compases, compas para interiores, compas para exteriores, compas en punta divisor, todos de 8&#8243;.<\/li>\n<li>Fabricados con acero de alto grado con seguro moleteado, puntas maquinadas con tratamiento t\u00e9rmico.<\/li>\n<li>Ajuste suave y preciso. Menor desgaste en puntas.<\/li>\n<li>Tornillos de rosca fina. Puntas con tratamiento t\u00e9rmico.<\/li>\n<li>Juegos de compases de interior y exterior ideales para la medici\u00f3n y trabajos maquinados CNC.<\/li>\n<\/ul>\n","protected":false},"featured_media":29088,"comment_status":"closed","ping_status":"closed","template":"","meta":[],"product_brand":[],"product_cat":[371],"product_tag":[],"class_list":{"0":"post-37399","1":"product","2":"type-product","3":"status-publish","4":"has-post-thumbnail","6":"product_cat-urrea","8":"first","9":"instock","10":"taxable","11":"shipping-taxable","12":"purchasable","13":"product-type-simple"},"yoast_head":"<!-- This site is optimized with the Yoast SEO Premium plugin v22.5 (Yoast SEO v22.6) - https:\/\/yoast.com\/wordpress\/plugins\/seo\/ -->\n<title>JUEGO DE COMPASES PROFESIONALES 8&quot; 3 PIEZAS, URREA. - Ref.JCO3 - Herramientas Industriales - Equipos de Seguridad - Solumeca.com<\/title>\n<meta name=\"robots\" content=\"index, follow, max-snippet:-1, max-image-preview:large, max-video-preview:-1\" \/>\n<link rel=\"canonical\" href=\"https:\/\/solumeca.com\/?product=juego-de-compases-profesionales-8-3-piezas-urrea-ref-jco3\" \/>\n<meta property=\"og:locale\" content=\"es_ES\" \/>\n<meta property=\"og:type\" content=\"article\" \/>\n<meta property=\"og:title\" content=\"JUEGO DE COMPASES PROFESIONALES 8&quot; 3 PIEZAS, URREA. - Ref.JCO3\" \/>\n<meta property=\"og:description\" content=\"Juego de compases, compas para interiores, compas para exteriores, compas en punta divisor, todos de 8&quot;.  Fabricados con acero de alto grado con seguro moleteado, puntas maquinadas con tratamiento t\u00e9rmico.  Ajuste suave y preciso. Menor desgaste en puntas.  Tornillos de rosca fina. Puntas con tratamiento t\u00e9rmico.  Juegos de compases de interior y exterior ideales para la medici\u00f3n y trabajos maquinados CNC.\" \/>\n<meta property=\"og:url\" content=\"https:\/\/solumeca.com\/?product=juego-de-compases-profesionales-8-3-piezas-urrea-ref-jco3\" \/>\n<meta property=\"og:site_name\" content=\"Herramientas Industriales - Equipos de Seguridad - Solumeca.com\" \/>\n<meta property=\"article:modified_time\" content=\"2026-03-17T20:18:18+00:00\" \/>\n<meta name=\"twitter:card\" content=\"summary_large_image\" \/>\n<script type=\"application\/ld+json\" class=\"yoast-schema-graph\">{\"@context\":\"https:\/\/schema.org\",\"@graph\":[{\"@type\":\"WebPage\",\"@id\":\"https:\/\/solumeca.com\/?product=juego-de-compases-profesionales-8-3-piezas-urrea-ref-jco3\",\"url\":\"https:\/\/solumeca.com\/?product=juego-de-compases-profesionales-8-3-piezas-urrea-ref-jco3\",\"name\":\"JUEGO DE COMPASES PROFESIONALES 8\\\" 3 PIEZAS, URREA. - Ref.JCO3 - Herramientas Industriales - Equipos de Seguridad - Solumeca.com\",\"isPartOf\":{\"@id\":\"https:\/\/solumeca.com\/#website\"},\"primaryImageOfPage\":{\"@id\":\"https:\/\/solumeca.com\/?product=juego-de-compases-profesionales-8-3-piezas-urrea-ref-jco3#primaryimage\"},\"image\":{\"@id\":\"https:\/\/solumeca.com\/?product=juego-de-compases-profesionales-8-3-piezas-urrea-ref-jco3#primaryimage\"},\"thumbnailUrl\":\"https:\/\/solumeca.com\/wp-content\/uploads\/2026\/03\/juego-de-compases-profesionales-8-3-piezas-urrea.jpg\",\"datePublished\":\"2026-03-17T20:18:05+00:00\",\"dateModified\":\"2026-03-17T20:18:18+00:00\",\"breadcrumb\":{\"@id\":\"https:\/\/solumeca.com\/?product=juego-de-compases-profesionales-8-3-piezas-urrea-ref-jco3#breadcrumb\"},\"inLanguage\":\"es\",\"potentialAction\":[{\"@type\":\"ReadAction\",\"target\":[\"https:\/\/solumeca.com\/?product=juego-de-compases-profesionales-8-3-piezas-urrea-ref-jco3\"]}]},{\"@type\":\"ImageObject\",\"inLanguage\":\"es\",\"@id\":\"https:\/\/solumeca.com\/?product=juego-de-compases-profesionales-8-3-piezas-urrea-ref-jco3#primaryimage\",\"url\":\"https:\/\/solumeca.com\/wp-content\/uploads\/2026\/03\/juego-de-compases-profesionales-8-3-piezas-urrea.jpg\",\"contentUrl\":\"https:\/\/solumeca.com\/wp-content\/uploads\/2026\/03\/juego-de-compases-profesionales-8-3-piezas-urrea.jpg\",\"width\":800,\"height\":800},{\"@type\":\"BreadcrumbList\",\"@id\":\"https:\/\/solumeca.com\/?product=juego-de-compases-profesionales-8-3-piezas-urrea-ref-jco3#breadcrumb\",\"itemListElement\":[{\"@type\":\"ListItem\",\"position\":1,\"name\":\"Portada\",\"item\":\"https:\/\/solumeca.com\/\"},{\"@type\":\"ListItem\",\"position\":2,\"name\":\"Shop\",\"item\":\"https:\/\/solumeca.com\/?page_id=10\"},{\"@type\":\"ListItem\",\"position\":3,\"name\":\"JUEGO DE COMPASES PROFESIONALES 8&#8243; 3 PIEZAS, URREA. &#8211; Ref.JCO3\"}]},{\"@type\":\"WebSite\",\"@id\":\"https:\/\/solumeca.com\/#website\",\"url\":\"https:\/\/solumeca.com\/\",\"name\":\"SOS Integral - Equipos de Seguridad - Herramientas Industriales\",\"description\":\"Equipos de Seguridad, Santo Domingo, Republica Dominicana, Herramientas Industriales,Tel.: (809) 274-3888 \/ Info@solumeca.com\",\"publisher\":{\"@id\":\"https:\/\/solumeca.com\/#organization\"},\"potentialAction\":[{\"@type\":\"SearchAction\",\"target\":{\"@type\":\"EntryPoint\",\"urlTemplate\":\"https:\/\/solumeca.com\/?s={search_term_string}\"},\"query-input\":\"required name=search_term_string\"}],\"inLanguage\":\"es\"},{\"@type\":\"Organization\",\"@id\":\"https:\/\/solumeca.com\/#organization\",\"name\":\"SOS Integral - Equipos de Seguridad - Herramientas Industriales\",\"url\":\"https:\/\/solumeca.com\/\",\"logo\":{\"@type\":\"ImageObject\",\"inLanguage\":\"es\",\"@id\":\"https:\/\/solumeca.com\/#\/schema\/logo\/image\/\",\"url\":\"https:\/\/solumeca.com\/wp-content\/uploads\/2024\/04\/equipos-de-seguridad-sos-2.png\",\"contentUrl\":\"https:\/\/solumeca.com\/wp-content\/uploads\/2024\/04\/equipos-de-seguridad-sos-2.png\",\"width\":600,\"height\":259,\"caption\":\"SOS Integral - Equipos de Seguridad - Herramientas Industriales\"},\"image\":{\"@id\":\"https:\/\/solumeca.com\/#\/schema\/logo\/image\/\"},\"sameAs\":[\"https:\/\/www.instagram.com\/sosintegralrd\/\"]}]}<\/script>\n<!-- \/ Yoast SEO Premium plugin. -->","yoast_head_json":{"title":"JUEGO DE COMPASES PROFESIONALES 8\" 3 PIEZAS, URREA. - Ref.JCO3 - Herramientas Industriales - Equipos de Seguridad - Solumeca.com","robots":{"index":"index","follow":"follow","max-snippet":"max-snippet:-1","max-image-preview":"max-image-preview:large","max-video-preview":"max-video-preview:-1"},"canonical":"https:\/\/solumeca.com\/?product=juego-de-compases-profesionales-8-3-piezas-urrea-ref-jco3","og_locale":"es_ES","og_type":"article","og_title":"JUEGO DE COMPASES PROFESIONALES 8\" 3 PIEZAS, URREA. - Ref.JCO3","og_description":"Juego de compases, compas para interiores, compas para exteriores, compas en punta divisor, todos de 8\".  Fabricados con acero de alto grado con seguro moleteado, puntas maquinadas con tratamiento t\u00e9rmico.  Ajuste suave y preciso. Menor desgaste en puntas.  Tornillos de rosca fina. Puntas con tratamiento t\u00e9rmico.  Juegos de compases de interior y exterior ideales para la medici\u00f3n y trabajos maquinados CNC.","og_url":"https:\/\/solumeca.com\/?product=juego-de-compases-profesionales-8-3-piezas-urrea-ref-jco3","og_site_name":"Herramientas Industriales - Equipos de Seguridad - Solumeca.com","article_modified_time":"2026-03-17T20:18:18+00:00","twitter_card":"summary_large_image","schema":{"@context":"https:\/\/schema.org","@graph":[{"@type":"WebPage","@id":"https:\/\/solumeca.com\/?product=juego-de-compases-profesionales-8-3-piezas-urrea-ref-jco3","url":"https:\/\/solumeca.com\/?product=juego-de-compases-profesionales-8-3-piezas-urrea-ref-jco3","name":"JUEGO DE COMPASES PROFESIONALES 8\" 3 PIEZAS, URREA. - Ref.JCO3 - Herramientas Industriales - Equipos de Seguridad - Solumeca.com","isPartOf":{"@id":"https:\/\/solumeca.com\/#website"},"primaryImageOfPage":{"@id":"https:\/\/solumeca.com\/?product=juego-de-compases-profesionales-8-3-piezas-urrea-ref-jco3#primaryimage"},"image":{"@id":"https:\/\/solumeca.com\/?product=juego-de-compases-profesionales-8-3-piezas-urrea-ref-jco3#primaryimage"},"thumbnailUrl":"https:\/\/solumeca.com\/wp-content\/uploads\/2026\/03\/juego-de-compases-profesionales-8-3-piezas-urrea.jpg","datePublished":"2026-03-17T20:18:05+00:00","dateModified":"2026-03-17T20:18:18+00:00","breadcrumb":{"@id":"https:\/\/solumeca.com\/?product=juego-de-compases-profesionales-8-3-piezas-urrea-ref-jco3#breadcrumb"},"inLanguage":"es","potentialAction":[{"@type":"ReadAction","target":["https:\/\/solumeca.com\/?product=juego-de-compases-profesionales-8-3-piezas-urrea-ref-jco3"]}]},{"@type":"ImageObject","inLanguage":"es","@id":"https:\/\/solumeca.com\/?product=juego-de-compases-profesionales-8-3-piezas-urrea-ref-jco3#primaryimage","url":"https:\/\/solumeca.com\/wp-content\/uploads\/2026\/03\/juego-de-compases-profesionales-8-3-piezas-urrea.jpg","contentUrl":"https:\/\/solumeca.com\/wp-content\/uploads\/2026\/03\/juego-de-compases-profesionales-8-3-piezas-urrea.jpg","width":800,"height":800},{"@type":"BreadcrumbList","@id":"https:\/\/solumeca.com\/?product=juego-de-compases-profesionales-8-3-piezas-urrea-ref-jco3#breadcrumb","itemListElement":[{"@type":"ListItem","position":1,"name":"Portada","item":"https:\/\/solumeca.com\/"},{"@type":"ListItem","position":2,"name":"Shop","item":"https:\/\/solumeca.com\/?page_id=10"},{"@type":"ListItem","position":3,"name":"JUEGO DE COMPASES PROFESIONALES 8&#8243; 3 PIEZAS, URREA. &#8211; Ref.JCO3"}]},{"@type":"WebSite","@id":"https:\/\/solumeca.com\/#website","url":"https:\/\/solumeca.com\/","name":"SOS Integral - Equipos de Seguridad - Herramientas Industriales","description":"Equipos de Seguridad, Santo Domingo, Republica Dominicana, Herramientas Industriales,Tel.: (809) 274-3888 \/ Info@solumeca.com","publisher":{"@id":"https:\/\/solumeca.com\/#organization"},"potentialAction":[{"@type":"SearchAction","target":{"@type":"EntryPoint","urlTemplate":"https:\/\/solumeca.com\/?s={search_term_string}"},"query-input":"required name=search_term_string"}],"inLanguage":"es"},{"@type":"Organization","@id":"https:\/\/solumeca.com\/#organization","name":"SOS Integral - Equipos de Seguridad - Herramientas Industriales","url":"https:\/\/solumeca.com\/","logo":{"@type":"ImageObject","inLanguage":"es","@id":"https:\/\/solumeca.com\/#\/schema\/logo\/image\/","url":"https:\/\/solumeca.com\/wp-content\/uploads\/2024\/04\/equipos-de-seguridad-sos-2.png","contentUrl":"https:\/\/solumeca.com\/wp-content\/uploads\/2024\/04\/equipos-de-seguridad-sos-2.png","width":600,"height":259,"caption":"SOS Integral - Equipos de Seguridad - Herramientas Industriales"},"image":{"@id":"https:\/\/solumeca.com\/#\/schema\/logo\/image\/"},"sameAs":["https:\/\/www.instagram.com\/sosintegralrd\/"]}]}},"_links":{"self":[{"href":"https:\/\/solumeca.com\/index.php?rest_route=\/wp\/v2\/product\/37399","targetHints":{"allow":["GET"]}}],"collection":[{"href":"https:\/\/solumeca.com\/index.php?rest_route=\/wp\/v2\/product"}],"about":[{"href":"https:\/\/solumeca.com\/index.php?rest_route=\/wp\/v2\/types\/product"}],"replies":[{"embeddable":true,"href":"https:\/\/solumeca.com\/index.php?rest_route=%2Fwp%2Fv2%2Fcomments&post=37399"}],"version-history":[{"count":1,"href":"https:\/\/solumeca.com\/index.php?rest_route=\/wp\/v2\/product\/37399\/revisions"}],"predecessor-version":[{"id":37429,"href":"https:\/\/solumeca.com\/index.php?rest_route=\/wp\/v2\/product\/37399\/revisions\/37429"}],"wp:featuredmedia":[{"embeddable":true,"href":"https:\/\/solumeca.com\/index.php?rest_route=\/wp\/v2\/media\/29088"}],"wp:attachment":[{"href":"https:\/\/solumeca.com\/index.php?rest_route=%2Fwp%2Fv2%2Fmedia&parent=37399"}],"wp:term":[{"taxonomy":"product_brand","embeddable":true,"href":"https:\/\/solumeca.com\/index.php?rest_route=%2Fwp%2Fv2%2Fproduct_brand&post=37399"},{"taxonomy":"product_cat","embeddable":true,"href":"https:\/\/solumeca.com\/index.php?rest_route=%2Fwp%2Fv2%2Fproduct_cat&post=37399"},{"taxonomy":"product_tag","embeddable":true,"href":"https:\/\/solumeca.com\/index.php?rest_route=%2Fwp%2Fv2%2Fproduct_tag&post=37399"}],"curies":[{"name":"wp","href":"https:\/\/api.w.org\/{rel}","templated":true}]}}