{"id":37264,"date":"2026-03-17T21:17:19","date_gmt":"2026-03-17T20:17:19","guid":{"rendered":"https:\/\/solumeca.com\/?post_type=product&#038;p=37264"},"modified":"2026-03-17T21:17:28","modified_gmt":"2026-03-17T20:17:28","slug":"cinturon-porta-herramientas-10-compartimientos-modelo-bn133-ref-bn133","status":"publish","type":"product","link":"https:\/\/solumeca.com\/?product=cinturon-porta-herramientas-10-compartimientos-modelo-bn133-ref-bn133","title":{"rendered":"CINTURON PORTA HERRAMIENTAS 10 COMPARTIMIENTOS MODELO: BN133 &#8211; Ref.BN133"},"content":{"rendered":"","protected":false},"excerpt":{"rendered":"<div id=\"product-description-short-11606\" class=\"product-description-short\">\n<ul>\n<li>Estuche portaherramientas de cuero 10 compartimientos Urrea<\/li>\n<li>1 compartimento grande. 3 compartimentos peque\u00f1os para herramientas. 3 compartimentos laterales.<\/li>\n<li>Cadena tipo \u00abT\u00bb para cintas.<\/li>\n<li>Clip met\u00e1lico para flex\u00f3metro.<\/li>\n<li>Bandola multiusos.<\/li>\n<\/ul>\n<\/div>\n<div class=\"product-actions\">\n<div class=\"product-variants\"><\/div>\n<\/div>\n","protected":false},"featured_media":28872,"comment_status":"closed","ping_status":"closed","template":"","meta":[],"product_brand":[],"product_cat":[371],"product_tag":[],"class_list":{"0":"post-37264","1":"product","2":"type-product","3":"status-publish","4":"has-post-thumbnail","6":"product_cat-urrea","8":"first","9":"instock","10":"taxable","11":"shipping-taxable","12":"purchasable","13":"product-type-simple"},"yoast_head":"<!-- This site is optimized with the Yoast SEO Premium plugin v22.5 (Yoast SEO v22.6) - https:\/\/yoast.com\/wordpress\/plugins\/seo\/ -->\n<title>CINTURON PORTA HERRAMIENTAS 10 COMPARTIMIENTOS MODELO: BN133 - Ref.BN133 - Herramientas Industriales - Equipos de Seguridad - Solumeca.com<\/title>\n<meta name=\"robots\" content=\"index, follow, max-snippet:-1, max-image-preview:large, max-video-preview:-1\" \/>\n<link rel=\"canonical\" href=\"https:\/\/solumeca.com\/?product=cinturon-porta-herramientas-10-compartimientos-modelo-bn133-ref-bn133\" \/>\n<meta property=\"og:locale\" content=\"es_ES\" \/>\n<meta property=\"og:type\" content=\"article\" \/>\n<meta property=\"og:title\" content=\"CINTURON PORTA HERRAMIENTAS 10 COMPARTIMIENTOS MODELO: BN133 - Ref.BN133\" \/>\n<meta property=\"og:description\" content=\"Estuche portaherramientas de cuero 10 compartimientos Urrea  1 compartimento grande. 3 compartimentos peque\u00f1os para herramientas. 3 compartimentos laterales.  Cadena tipo &quot;T&quot; para cintas.  Clip met\u00e1lico para flex\u00f3metro.  Bandola multiusos.\" \/>\n<meta property=\"og:url\" content=\"https:\/\/solumeca.com\/?product=cinturon-porta-herramientas-10-compartimientos-modelo-bn133-ref-bn133\" \/>\n<meta property=\"og:site_name\" content=\"Herramientas Industriales - Equipos de Seguridad - Solumeca.com\" \/>\n<meta property=\"article:modified_time\" content=\"2026-03-17T20:17:28+00:00\" \/>\n<meta name=\"twitter:card\" content=\"summary_large_image\" \/>\n<script type=\"application\/ld+json\" class=\"yoast-schema-graph\">{\"@context\":\"https:\/\/schema.org\",\"@graph\":[{\"@type\":\"WebPage\",\"@id\":\"https:\/\/solumeca.com\/?product=cinturon-porta-herramientas-10-compartimientos-modelo-bn133-ref-bn133\",\"url\":\"https:\/\/solumeca.com\/?product=cinturon-porta-herramientas-10-compartimientos-modelo-bn133-ref-bn133\",\"name\":\"CINTURON PORTA HERRAMIENTAS 10 COMPARTIMIENTOS MODELO: BN133 - Ref.BN133 - Herramientas Industriales - Equipos de Seguridad - Solumeca.com\",\"isPartOf\":{\"@id\":\"https:\/\/solumeca.com\/#website\"},\"primaryImageOfPage\":{\"@id\":\"https:\/\/solumeca.com\/?product=cinturon-porta-herramientas-10-compartimientos-modelo-bn133-ref-bn133#primaryimage\"},\"image\":{\"@id\":\"https:\/\/solumeca.com\/?product=cinturon-porta-herramientas-10-compartimientos-modelo-bn133-ref-bn133#primaryimage\"},\"thumbnailUrl\":\"https:\/\/solumeca.com\/wp-content\/uploads\/2026\/03\/bn133-estuche-portaherramientas-de-cuero-10-compartimientos-urrea.jpg\",\"datePublished\":\"2026-03-17T20:17:19+00:00\",\"dateModified\":\"2026-03-17T20:17:28+00:00\",\"breadcrumb\":{\"@id\":\"https:\/\/solumeca.com\/?product=cinturon-porta-herramientas-10-compartimientos-modelo-bn133-ref-bn133#breadcrumb\"},\"inLanguage\":\"es\",\"potentialAction\":[{\"@type\":\"ReadAction\",\"target\":[\"https:\/\/solumeca.com\/?product=cinturon-porta-herramientas-10-compartimientos-modelo-bn133-ref-bn133\"]}]},{\"@type\":\"ImageObject\",\"inLanguage\":\"es\",\"@id\":\"https:\/\/solumeca.com\/?product=cinturon-porta-herramientas-10-compartimientos-modelo-bn133-ref-bn133#primaryimage\",\"url\":\"https:\/\/solumeca.com\/wp-content\/uploads\/2026\/03\/bn133-estuche-portaherramientas-de-cuero-10-compartimientos-urrea.jpg\",\"contentUrl\":\"https:\/\/solumeca.com\/wp-content\/uploads\/2026\/03\/bn133-estuche-portaherramientas-de-cuero-10-compartimientos-urrea.jpg\",\"width\":800,\"height\":800},{\"@type\":\"BreadcrumbList\",\"@id\":\"https:\/\/solumeca.com\/?product=cinturon-porta-herramientas-10-compartimientos-modelo-bn133-ref-bn133#breadcrumb\",\"itemListElement\":[{\"@type\":\"ListItem\",\"position\":1,\"name\":\"Portada\",\"item\":\"https:\/\/solumeca.com\/\"},{\"@type\":\"ListItem\",\"position\":2,\"name\":\"Shop\",\"item\":\"https:\/\/solumeca.com\/?page_id=10\"},{\"@type\":\"ListItem\",\"position\":3,\"name\":\"CINTURON PORTA HERRAMIENTAS 10 COMPARTIMIENTOS MODELO: BN133 &#8211; Ref.BN133\"}]},{\"@type\":\"WebSite\",\"@id\":\"https:\/\/solumeca.com\/#website\",\"url\":\"https:\/\/solumeca.com\/\",\"name\":\"SOS Integral - Equipos de Seguridad - Herramientas Industriales\",\"description\":\"Equipos de Seguridad, Santo Domingo, Republica Dominicana, Herramientas Industriales,Tel.: (809) 274-3888 \/ Info@solumeca.com\",\"publisher\":{\"@id\":\"https:\/\/solumeca.com\/#organization\"},\"potentialAction\":[{\"@type\":\"SearchAction\",\"target\":{\"@type\":\"EntryPoint\",\"urlTemplate\":\"https:\/\/solumeca.com\/?s={search_term_string}\"},\"query-input\":\"required name=search_term_string\"}],\"inLanguage\":\"es\"},{\"@type\":\"Organization\",\"@id\":\"https:\/\/solumeca.com\/#organization\",\"name\":\"SOS Integral - Equipos de Seguridad - Herramientas Industriales\",\"url\":\"https:\/\/solumeca.com\/\",\"logo\":{\"@type\":\"ImageObject\",\"inLanguage\":\"es\",\"@id\":\"https:\/\/solumeca.com\/#\/schema\/logo\/image\/\",\"url\":\"https:\/\/solumeca.com\/wp-content\/uploads\/2024\/04\/equipos-de-seguridad-sos-2.png\",\"contentUrl\":\"https:\/\/solumeca.com\/wp-content\/uploads\/2024\/04\/equipos-de-seguridad-sos-2.png\",\"width\":600,\"height\":259,\"caption\":\"SOS Integral - Equipos de Seguridad - Herramientas Industriales\"},\"image\":{\"@id\":\"https:\/\/solumeca.com\/#\/schema\/logo\/image\/\"},\"sameAs\":[\"https:\/\/www.instagram.com\/sosintegralrd\/\"]}]}<\/script>\n<!-- \/ Yoast SEO Premium plugin. -->","yoast_head_json":{"title":"CINTURON PORTA HERRAMIENTAS 10 COMPARTIMIENTOS MODELO: BN133 - Ref.BN133 - Herramientas Industriales - Equipos de Seguridad - Solumeca.com","robots":{"index":"index","follow":"follow","max-snippet":"max-snippet:-1","max-image-preview":"max-image-preview:large","max-video-preview":"max-video-preview:-1"},"canonical":"https:\/\/solumeca.com\/?product=cinturon-porta-herramientas-10-compartimientos-modelo-bn133-ref-bn133","og_locale":"es_ES","og_type":"article","og_title":"CINTURON PORTA HERRAMIENTAS 10 COMPARTIMIENTOS MODELO: BN133 - Ref.BN133","og_description":"Estuche portaherramientas de cuero 10 compartimientos Urrea  1 compartimento grande. 3 compartimentos peque\u00f1os para herramientas. 3 compartimentos laterales.  Cadena tipo \"T\" para cintas.  Clip met\u00e1lico para flex\u00f3metro.  Bandola multiusos.","og_url":"https:\/\/solumeca.com\/?product=cinturon-porta-herramientas-10-compartimientos-modelo-bn133-ref-bn133","og_site_name":"Herramientas Industriales - Equipos de Seguridad - Solumeca.com","article_modified_time":"2026-03-17T20:17:28+00:00","twitter_card":"summary_large_image","schema":{"@context":"https:\/\/schema.org","@graph":[{"@type":"WebPage","@id":"https:\/\/solumeca.com\/?product=cinturon-porta-herramientas-10-compartimientos-modelo-bn133-ref-bn133","url":"https:\/\/solumeca.com\/?product=cinturon-porta-herramientas-10-compartimientos-modelo-bn133-ref-bn133","name":"CINTURON PORTA HERRAMIENTAS 10 COMPARTIMIENTOS MODELO: BN133 - Ref.BN133 - Herramientas Industriales - Equipos de Seguridad - Solumeca.com","isPartOf":{"@id":"https:\/\/solumeca.com\/#website"},"primaryImageOfPage":{"@id":"https:\/\/solumeca.com\/?product=cinturon-porta-herramientas-10-compartimientos-modelo-bn133-ref-bn133#primaryimage"},"image":{"@id":"https:\/\/solumeca.com\/?product=cinturon-porta-herramientas-10-compartimientos-modelo-bn133-ref-bn133#primaryimage"},"thumbnailUrl":"https:\/\/solumeca.com\/wp-content\/uploads\/2026\/03\/bn133-estuche-portaherramientas-de-cuero-10-compartimientos-urrea.jpg","datePublished":"2026-03-17T20:17:19+00:00","dateModified":"2026-03-17T20:17:28+00:00","breadcrumb":{"@id":"https:\/\/solumeca.com\/?product=cinturon-porta-herramientas-10-compartimientos-modelo-bn133-ref-bn133#breadcrumb"},"inLanguage":"es","potentialAction":[{"@type":"ReadAction","target":["https:\/\/solumeca.com\/?product=cinturon-porta-herramientas-10-compartimientos-modelo-bn133-ref-bn133"]}]},{"@type":"ImageObject","inLanguage":"es","@id":"https:\/\/solumeca.com\/?product=cinturon-porta-herramientas-10-compartimientos-modelo-bn133-ref-bn133#primaryimage","url":"https:\/\/solumeca.com\/wp-content\/uploads\/2026\/03\/bn133-estuche-portaherramientas-de-cuero-10-compartimientos-urrea.jpg","contentUrl":"https:\/\/solumeca.com\/wp-content\/uploads\/2026\/03\/bn133-estuche-portaherramientas-de-cuero-10-compartimientos-urrea.jpg","width":800,"height":800},{"@type":"BreadcrumbList","@id":"https:\/\/solumeca.com\/?product=cinturon-porta-herramientas-10-compartimientos-modelo-bn133-ref-bn133#breadcrumb","itemListElement":[{"@type":"ListItem","position":1,"name":"Portada","item":"https:\/\/solumeca.com\/"},{"@type":"ListItem","position":2,"name":"Shop","item":"https:\/\/solumeca.com\/?page_id=10"},{"@type":"ListItem","position":3,"name":"CINTURON PORTA HERRAMIENTAS 10 COMPARTIMIENTOS MODELO: BN133 &#8211; Ref.BN133"}]},{"@type":"WebSite","@id":"https:\/\/solumeca.com\/#website","url":"https:\/\/solumeca.com\/","name":"SOS Integral - Equipos de Seguridad - Herramientas Industriales","description":"Equipos de Seguridad, Santo Domingo, Republica Dominicana, Herramientas Industriales,Tel.: (809) 274-3888 \/ Info@solumeca.com","publisher":{"@id":"https:\/\/solumeca.com\/#organization"},"potentialAction":[{"@type":"SearchAction","target":{"@type":"EntryPoint","urlTemplate":"https:\/\/solumeca.com\/?s={search_term_string}"},"query-input":"required name=search_term_string"}],"inLanguage":"es"},{"@type":"Organization","@id":"https:\/\/solumeca.com\/#organization","name":"SOS Integral - Equipos de Seguridad - Herramientas Industriales","url":"https:\/\/solumeca.com\/","logo":{"@type":"ImageObject","inLanguage":"es","@id":"https:\/\/solumeca.com\/#\/schema\/logo\/image\/","url":"https:\/\/solumeca.com\/wp-content\/uploads\/2024\/04\/equipos-de-seguridad-sos-2.png","contentUrl":"https:\/\/solumeca.com\/wp-content\/uploads\/2024\/04\/equipos-de-seguridad-sos-2.png","width":600,"height":259,"caption":"SOS Integral - Equipos de Seguridad - Herramientas Industriales"},"image":{"@id":"https:\/\/solumeca.com\/#\/schema\/logo\/image\/"},"sameAs":["https:\/\/www.instagram.com\/sosintegralrd\/"]}]}},"_links":{"self":[{"href":"https:\/\/solumeca.com\/index.php?rest_route=\/wp\/v2\/product\/37264","targetHints":{"allow":["GET"]}}],"collection":[{"href":"https:\/\/solumeca.com\/index.php?rest_route=\/wp\/v2\/product"}],"about":[{"href":"https:\/\/solumeca.com\/index.php?rest_route=\/wp\/v2\/types\/product"}],"replies":[{"embeddable":true,"href":"https:\/\/solumeca.com\/index.php?rest_route=%2Fwp%2Fv2%2Fcomments&post=37264"}],"version-history":[{"count":1,"href":"https:\/\/solumeca.com\/index.php?rest_route=\/wp\/v2\/product\/37264\/revisions"}],"predecessor-version":[{"id":37294,"href":"https:\/\/solumeca.com\/index.php?rest_route=\/wp\/v2\/product\/37264\/revisions\/37294"}],"wp:featuredmedia":[{"embeddable":true,"href":"https:\/\/solumeca.com\/index.php?rest_route=\/wp\/v2\/media\/28872"}],"wp:attachment":[{"href":"https:\/\/solumeca.com\/index.php?rest_route=%2Fwp%2Fv2%2Fmedia&parent=37264"}],"wp:term":[{"taxonomy":"product_brand","embeddable":true,"href":"https:\/\/solumeca.com\/index.php?rest_route=%2Fwp%2Fv2%2Fproduct_brand&post=37264"},{"taxonomy":"product_cat","embeddable":true,"href":"https:\/\/solumeca.com\/index.php?rest_route=%2Fwp%2Fv2%2Fproduct_cat&post=37264"},{"taxonomy":"product_tag","embeddable":true,"href":"https:\/\/solumeca.com\/index.php?rest_route=%2Fwp%2Fv2%2Fproduct_tag&post=37264"}],"curies":[{"name":"wp","href":"https:\/\/api.w.org\/{rel}","templated":true}]}}