{"id":37257,"date":"2026-03-17T21:17:18","date_gmt":"2026-03-17T20:17:18","guid":{"rendered":"https:\/\/solumeca.com\/?post_type=product&#038;p=37257"},"modified":"2026-03-17T21:17:24","modified_gmt":"2026-03-17T20:17:24","slug":"carro-utilitario-con-gavete-2-plataforma-modelo9983-urrea-ref-9983","status":"publish","type":"product","link":"https:\/\/solumeca.com\/?product=carro-utilitario-con-gavete-2-plataforma-modelo9983-urrea-ref-9983","title":{"rendered":"CARRO UTILITARIO CON GAVETE 2 PLATAFORMA MODELO:9983 URREA &#8211; Ref.9983"},"content":{"rendered":"","protected":false},"excerpt":{"rendered":"<ul>\n<li>Carro utilitario extra pesado 1 gaveta 30&#8243; Urrea<\/li>\n<li>Ruedas de 3&#8243; x 7\/8&#8243; (7.62 x 2.2 cms)<\/li>\n<li>Para un f\u00e1cil y suave traslado<\/li>\n<li>Barras met\u00e1licas que proporcionan mayor resistencia<\/li>\n<li>Sistema de baleros que hace m\u00e1s f\u00e1cil abrir la gaveta<\/li>\n<li>Cerradura para mayor seguridad de sus herramientas. Base para colocar la herramienta de su elecci\u00f3n. Estructura calibre 18<\/li>\n<\/ul>\n","protected":false},"featured_media":28840,"comment_status":"closed","ping_status":"closed","template":"","meta":[],"product_brand":[],"product_cat":[371],"product_tag":[],"class_list":{"0":"post-37257","1":"product","2":"type-product","3":"status-publish","4":"has-post-thumbnail","6":"product_cat-urrea","8":"first","9":"instock","10":"taxable","11":"shipping-taxable","12":"purchasable","13":"product-type-simple"},"yoast_head":"<!-- This site is optimized with the Yoast SEO Premium plugin v22.5 (Yoast SEO v22.6) - https:\/\/yoast.com\/wordpress\/plugins\/seo\/ -->\n<title>CARRO UTILITARIO CON GAVETE 2 PLATAFORMA MODELO:9983 URREA - Ref.9983 - Herramientas Industriales - Equipos de Seguridad - Solumeca.com<\/title>\n<meta name=\"robots\" content=\"index, follow, max-snippet:-1, max-image-preview:large, max-video-preview:-1\" \/>\n<link rel=\"canonical\" href=\"https:\/\/solumeca.com\/?product=carro-utilitario-con-gavete-2-plataforma-modelo9983-urrea-ref-9983\" \/>\n<meta property=\"og:locale\" content=\"es_ES\" \/>\n<meta property=\"og:type\" content=\"article\" \/>\n<meta property=\"og:title\" content=\"CARRO UTILITARIO CON GAVETE 2 PLATAFORMA MODELO:9983 URREA - Ref.9983\" \/>\n<meta property=\"og:description\" content=\"Carro utilitario extra pesado 1 gaveta 30&quot; Urrea  Ruedas de 3&quot; x 7\/8&quot; (7.62 x 2.2 cms)  Para un f\u00e1cil y suave traslado  Barras met\u00e1licas que proporcionan mayor resistencia  Sistema de baleros que hace m\u00e1s f\u00e1cil abrir la gaveta  Cerradura para mayor seguridad de sus herramientas. Base para colocar la herramienta de su elecci\u00f3n. Estructura calibre 18\" \/>\n<meta property=\"og:url\" content=\"https:\/\/solumeca.com\/?product=carro-utilitario-con-gavete-2-plataforma-modelo9983-urrea-ref-9983\" \/>\n<meta property=\"og:site_name\" content=\"Herramientas Industriales - Equipos de Seguridad - Solumeca.com\" \/>\n<meta property=\"article:modified_time\" content=\"2026-03-17T20:17:24+00:00\" \/>\n<meta name=\"twitter:card\" content=\"summary_large_image\" \/>\n<script type=\"application\/ld+json\" class=\"yoast-schema-graph\">{\"@context\":\"https:\/\/schema.org\",\"@graph\":[{\"@type\":\"WebPage\",\"@id\":\"https:\/\/solumeca.com\/?product=carro-utilitario-con-gavete-2-plataforma-modelo9983-urrea-ref-9983\",\"url\":\"https:\/\/solumeca.com\/?product=carro-utilitario-con-gavete-2-plataforma-modelo9983-urrea-ref-9983\",\"name\":\"CARRO UTILITARIO CON GAVETE 2 PLATAFORMA MODELO:9983 URREA - Ref.9983 - Herramientas Industriales - Equipos de Seguridad - Solumeca.com\",\"isPartOf\":{\"@id\":\"https:\/\/solumeca.com\/#website\"},\"primaryImageOfPage\":{\"@id\":\"https:\/\/solumeca.com\/?product=carro-utilitario-con-gavete-2-plataforma-modelo9983-urrea-ref-9983#primaryimage\"},\"image\":{\"@id\":\"https:\/\/solumeca.com\/?product=carro-utilitario-con-gavete-2-plataforma-modelo9983-urrea-ref-9983#primaryimage\"},\"thumbnailUrl\":\"https:\/\/solumeca.com\/wp-content\/uploads\/2026\/03\/9983-carro-utilitario-extra-pesado-1-gaveta-30-urrea.jpg\",\"datePublished\":\"2026-03-17T20:17:18+00:00\",\"dateModified\":\"2026-03-17T20:17:24+00:00\",\"breadcrumb\":{\"@id\":\"https:\/\/solumeca.com\/?product=carro-utilitario-con-gavete-2-plataforma-modelo9983-urrea-ref-9983#breadcrumb\"},\"inLanguage\":\"es\",\"potentialAction\":[{\"@type\":\"ReadAction\",\"target\":[\"https:\/\/solumeca.com\/?product=carro-utilitario-con-gavete-2-plataforma-modelo9983-urrea-ref-9983\"]}]},{\"@type\":\"ImageObject\",\"inLanguage\":\"es\",\"@id\":\"https:\/\/solumeca.com\/?product=carro-utilitario-con-gavete-2-plataforma-modelo9983-urrea-ref-9983#primaryimage\",\"url\":\"https:\/\/solumeca.com\/wp-content\/uploads\/2026\/03\/9983-carro-utilitario-extra-pesado-1-gaveta-30-urrea.jpg\",\"contentUrl\":\"https:\/\/solumeca.com\/wp-content\/uploads\/2026\/03\/9983-carro-utilitario-extra-pesado-1-gaveta-30-urrea.jpg\",\"width\":800,\"height\":800},{\"@type\":\"BreadcrumbList\",\"@id\":\"https:\/\/solumeca.com\/?product=carro-utilitario-con-gavete-2-plataforma-modelo9983-urrea-ref-9983#breadcrumb\",\"itemListElement\":[{\"@type\":\"ListItem\",\"position\":1,\"name\":\"Portada\",\"item\":\"https:\/\/solumeca.com\/\"},{\"@type\":\"ListItem\",\"position\":2,\"name\":\"Shop\",\"item\":\"https:\/\/solumeca.com\/?page_id=10\"},{\"@type\":\"ListItem\",\"position\":3,\"name\":\"CARRO UTILITARIO CON GAVETE 2 PLATAFORMA MODELO:9983 URREA &#8211; Ref.9983\"}]},{\"@type\":\"WebSite\",\"@id\":\"https:\/\/solumeca.com\/#website\",\"url\":\"https:\/\/solumeca.com\/\",\"name\":\"SOS Integral - Equipos de Seguridad - Herramientas Industriales\",\"description\":\"Equipos de Seguridad, Santo Domingo, Republica Dominicana, Herramientas Industriales,Tel.: (809) 274-3888 \/ Info@solumeca.com\",\"publisher\":{\"@id\":\"https:\/\/solumeca.com\/#organization\"},\"potentialAction\":[{\"@type\":\"SearchAction\",\"target\":{\"@type\":\"EntryPoint\",\"urlTemplate\":\"https:\/\/solumeca.com\/?s={search_term_string}\"},\"query-input\":\"required name=search_term_string\"}],\"inLanguage\":\"es\"},{\"@type\":\"Organization\",\"@id\":\"https:\/\/solumeca.com\/#organization\",\"name\":\"SOS Integral - Equipos de Seguridad - Herramientas Industriales\",\"url\":\"https:\/\/solumeca.com\/\",\"logo\":{\"@type\":\"ImageObject\",\"inLanguage\":\"es\",\"@id\":\"https:\/\/solumeca.com\/#\/schema\/logo\/image\/\",\"url\":\"https:\/\/solumeca.com\/wp-content\/uploads\/2024\/04\/equipos-de-seguridad-sos-2.png\",\"contentUrl\":\"https:\/\/solumeca.com\/wp-content\/uploads\/2024\/04\/equipos-de-seguridad-sos-2.png\",\"width\":600,\"height\":259,\"caption\":\"SOS Integral - Equipos de Seguridad - Herramientas Industriales\"},\"image\":{\"@id\":\"https:\/\/solumeca.com\/#\/schema\/logo\/image\/\"},\"sameAs\":[\"https:\/\/www.instagram.com\/sosintegralrd\/\"]}]}<\/script>\n<!-- \/ Yoast SEO Premium plugin. -->","yoast_head_json":{"title":"CARRO UTILITARIO CON GAVETE 2 PLATAFORMA MODELO:9983 URREA - Ref.9983 - Herramientas Industriales - Equipos de Seguridad - Solumeca.com","robots":{"index":"index","follow":"follow","max-snippet":"max-snippet:-1","max-image-preview":"max-image-preview:large","max-video-preview":"max-video-preview:-1"},"canonical":"https:\/\/solumeca.com\/?product=carro-utilitario-con-gavete-2-plataforma-modelo9983-urrea-ref-9983","og_locale":"es_ES","og_type":"article","og_title":"CARRO UTILITARIO CON GAVETE 2 PLATAFORMA MODELO:9983 URREA - Ref.9983","og_description":"Carro utilitario extra pesado 1 gaveta 30\" Urrea  Ruedas de 3\" x 7\/8\" (7.62 x 2.2 cms)  Para un f\u00e1cil y suave traslado  Barras met\u00e1licas que proporcionan mayor resistencia  Sistema de baleros que hace m\u00e1s f\u00e1cil abrir la gaveta  Cerradura para mayor seguridad de sus herramientas. Base para colocar la herramienta de su elecci\u00f3n. Estructura calibre 18","og_url":"https:\/\/solumeca.com\/?product=carro-utilitario-con-gavete-2-plataforma-modelo9983-urrea-ref-9983","og_site_name":"Herramientas Industriales - Equipos de Seguridad - Solumeca.com","article_modified_time":"2026-03-17T20:17:24+00:00","twitter_card":"summary_large_image","schema":{"@context":"https:\/\/schema.org","@graph":[{"@type":"WebPage","@id":"https:\/\/solumeca.com\/?product=carro-utilitario-con-gavete-2-plataforma-modelo9983-urrea-ref-9983","url":"https:\/\/solumeca.com\/?product=carro-utilitario-con-gavete-2-plataforma-modelo9983-urrea-ref-9983","name":"CARRO UTILITARIO CON GAVETE 2 PLATAFORMA MODELO:9983 URREA - Ref.9983 - Herramientas Industriales - Equipos de Seguridad - Solumeca.com","isPartOf":{"@id":"https:\/\/solumeca.com\/#website"},"primaryImageOfPage":{"@id":"https:\/\/solumeca.com\/?product=carro-utilitario-con-gavete-2-plataforma-modelo9983-urrea-ref-9983#primaryimage"},"image":{"@id":"https:\/\/solumeca.com\/?product=carro-utilitario-con-gavete-2-plataforma-modelo9983-urrea-ref-9983#primaryimage"},"thumbnailUrl":"https:\/\/solumeca.com\/wp-content\/uploads\/2026\/03\/9983-carro-utilitario-extra-pesado-1-gaveta-30-urrea.jpg","datePublished":"2026-03-17T20:17:18+00:00","dateModified":"2026-03-17T20:17:24+00:00","breadcrumb":{"@id":"https:\/\/solumeca.com\/?product=carro-utilitario-con-gavete-2-plataforma-modelo9983-urrea-ref-9983#breadcrumb"},"inLanguage":"es","potentialAction":[{"@type":"ReadAction","target":["https:\/\/solumeca.com\/?product=carro-utilitario-con-gavete-2-plataforma-modelo9983-urrea-ref-9983"]}]},{"@type":"ImageObject","inLanguage":"es","@id":"https:\/\/solumeca.com\/?product=carro-utilitario-con-gavete-2-plataforma-modelo9983-urrea-ref-9983#primaryimage","url":"https:\/\/solumeca.com\/wp-content\/uploads\/2026\/03\/9983-carro-utilitario-extra-pesado-1-gaveta-30-urrea.jpg","contentUrl":"https:\/\/solumeca.com\/wp-content\/uploads\/2026\/03\/9983-carro-utilitario-extra-pesado-1-gaveta-30-urrea.jpg","width":800,"height":800},{"@type":"BreadcrumbList","@id":"https:\/\/solumeca.com\/?product=carro-utilitario-con-gavete-2-plataforma-modelo9983-urrea-ref-9983#breadcrumb","itemListElement":[{"@type":"ListItem","position":1,"name":"Portada","item":"https:\/\/solumeca.com\/"},{"@type":"ListItem","position":2,"name":"Shop","item":"https:\/\/solumeca.com\/?page_id=10"},{"@type":"ListItem","position":3,"name":"CARRO UTILITARIO CON GAVETE 2 PLATAFORMA MODELO:9983 URREA &#8211; Ref.9983"}]},{"@type":"WebSite","@id":"https:\/\/solumeca.com\/#website","url":"https:\/\/solumeca.com\/","name":"SOS Integral - Equipos de Seguridad - Herramientas Industriales","description":"Equipos de Seguridad, Santo Domingo, Republica Dominicana, Herramientas Industriales,Tel.: (809) 274-3888 \/ Info@solumeca.com","publisher":{"@id":"https:\/\/solumeca.com\/#organization"},"potentialAction":[{"@type":"SearchAction","target":{"@type":"EntryPoint","urlTemplate":"https:\/\/solumeca.com\/?s={search_term_string}"},"query-input":"required name=search_term_string"}],"inLanguage":"es"},{"@type":"Organization","@id":"https:\/\/solumeca.com\/#organization","name":"SOS Integral - Equipos de Seguridad - Herramientas Industriales","url":"https:\/\/solumeca.com\/","logo":{"@type":"ImageObject","inLanguage":"es","@id":"https:\/\/solumeca.com\/#\/schema\/logo\/image\/","url":"https:\/\/solumeca.com\/wp-content\/uploads\/2024\/04\/equipos-de-seguridad-sos-2.png","contentUrl":"https:\/\/solumeca.com\/wp-content\/uploads\/2024\/04\/equipos-de-seguridad-sos-2.png","width":600,"height":259,"caption":"SOS Integral - Equipos de Seguridad - Herramientas Industriales"},"image":{"@id":"https:\/\/solumeca.com\/#\/schema\/logo\/image\/"},"sameAs":["https:\/\/www.instagram.com\/sosintegralrd\/"]}]}},"_links":{"self":[{"href":"https:\/\/solumeca.com\/index.php?rest_route=\/wp\/v2\/product\/37257","targetHints":{"allow":["GET"]}}],"collection":[{"href":"https:\/\/solumeca.com\/index.php?rest_route=\/wp\/v2\/product"}],"about":[{"href":"https:\/\/solumeca.com\/index.php?rest_route=\/wp\/v2\/types\/product"}],"replies":[{"embeddable":true,"href":"https:\/\/solumeca.com\/index.php?rest_route=%2Fwp%2Fv2%2Fcomments&post=37257"}],"version-history":[{"count":1,"href":"https:\/\/solumeca.com\/index.php?rest_route=\/wp\/v2\/product\/37257\/revisions"}],"predecessor-version":[{"id":37287,"href":"https:\/\/solumeca.com\/index.php?rest_route=\/wp\/v2\/product\/37257\/revisions\/37287"}],"wp:featuredmedia":[{"embeddable":true,"href":"https:\/\/solumeca.com\/index.php?rest_route=\/wp\/v2\/media\/28840"}],"wp:attachment":[{"href":"https:\/\/solumeca.com\/index.php?rest_route=%2Fwp%2Fv2%2Fmedia&parent=37257"}],"wp:term":[{"taxonomy":"product_brand","embeddable":true,"href":"https:\/\/solumeca.com\/index.php?rest_route=%2Fwp%2Fv2%2Fproduct_brand&post=37257"},{"taxonomy":"product_cat","embeddable":true,"href":"https:\/\/solumeca.com\/index.php?rest_route=%2Fwp%2Fv2%2Fproduct_cat&post=37257"},{"taxonomy":"product_tag","embeddable":true,"href":"https:\/\/solumeca.com\/index.php?rest_route=%2Fwp%2Fv2%2Fproduct_tag&post=37257"}],"curies":[{"name":"wp","href":"https:\/\/api.w.org\/{rel}","templated":true}]}}