{"id":37096,"date":"2026-03-17T21:16:35","date_gmt":"2026-03-17T20:16:35","guid":{"rendered":"https:\/\/solumeca.com\/?post_type=product&#038;p=37096"},"modified":"2026-03-17T21:16:46","modified_gmt":"2026-03-17T20:16:46","slug":"repuesto-de-quijada-fija-para-stillson-48-urrea-ref-848c","status":"publish","type":"product","link":"https:\/\/solumeca.com\/?product=repuesto-de-quijada-fija-para-stillson-48-urrea-ref-848c","title":{"rendered":"REPUESTO DE QUIJADA FIJA PARA STILLSON 48&#8243; URREA &#8211; Ref.848C"},"content":{"rendered":"","protected":false},"excerpt":{"rendered":"<div id=\"product-description-short-8781\" class=\"product-description-short\">\n<ul>\n<li>Quijada fija para Stillson\u00ae 48&#8243; Urrea<\/li>\n<li>Para Stillson de 48&#8243;<\/li>\n<li>La quijada fija de la llave es conocida como mand\u00edbula de tal\u00f3n, es una peque\u00f1a parte de acero forjado con las mismas caracter\u00edsticas de dureza y geometr\u00eda en los dientes que la secci\u00f3n de agarre de la mand\u00edbula de gancho<\/li>\n<li>Esta parte se monta sobre el cuerpo de la llave y se fija mediante un pasador de acero que entra a presi\u00f3n entre los barrenos pasados de la quijada y el cuerpo<\/li>\n<\/ul>\n<\/div>\n","protected":false},"featured_media":28645,"comment_status":"closed","ping_status":"closed","template":"","meta":[],"product_brand":[],"product_cat":[371],"product_tag":[],"class_list":{"0":"post-37096","1":"product","2":"type-product","3":"status-publish","4":"has-post-thumbnail","6":"product_cat-urrea","8":"first","9":"instock","10":"taxable","11":"shipping-taxable","12":"purchasable","13":"product-type-simple"},"yoast_head":"<!-- This site is optimized with the Yoast SEO Premium plugin v22.5 (Yoast SEO v22.6) - https:\/\/yoast.com\/wordpress\/plugins\/seo\/ -->\n<title>REPUESTO DE QUIJADA FIJA PARA STILLSON 48&quot; URREA - Ref.848C - Herramientas Industriales - Equipos de Seguridad - Solumeca.com<\/title>\n<meta name=\"robots\" content=\"index, follow, max-snippet:-1, max-image-preview:large, max-video-preview:-1\" \/>\n<link rel=\"canonical\" href=\"https:\/\/solumeca.com\/?product=repuesto-de-quijada-fija-para-stillson-48-urrea-ref-848c\" \/>\n<meta property=\"og:locale\" content=\"es_ES\" \/>\n<meta property=\"og:type\" content=\"article\" \/>\n<meta property=\"og:title\" content=\"REPUESTO DE QUIJADA FIJA PARA STILLSON 48&quot; URREA - Ref.848C\" \/>\n<meta property=\"og:description\" content=\"Quijada fija para Stillson\u00ae 48&quot; Urrea  Para Stillson de 48&quot;  La quijada fija de la llave es conocida como mand\u00edbula de tal\u00f3n, es una peque\u00f1a parte de acero forjado con las mismas caracter\u00edsticas de dureza y geometr\u00eda en los dientes que la secci\u00f3n de agarre de la mand\u00edbula de gancho  Esta parte se monta sobre el cuerpo de la llave y se fija mediante un pasador de acero que entra a presi\u00f3n entre los barrenos pasados de la quijada y el cuerpo\" \/>\n<meta property=\"og:url\" content=\"https:\/\/solumeca.com\/?product=repuesto-de-quijada-fija-para-stillson-48-urrea-ref-848c\" \/>\n<meta property=\"og:site_name\" content=\"Herramientas Industriales - Equipos de Seguridad - Solumeca.com\" \/>\n<meta property=\"article:modified_time\" content=\"2026-03-17T20:16:46+00:00\" \/>\n<meta name=\"twitter:card\" content=\"summary_large_image\" \/>\n<script type=\"application\/ld+json\" class=\"yoast-schema-graph\">{\"@context\":\"https:\/\/schema.org\",\"@graph\":[{\"@type\":\"WebPage\",\"@id\":\"https:\/\/solumeca.com\/?product=repuesto-de-quijada-fija-para-stillson-48-urrea-ref-848c\",\"url\":\"https:\/\/solumeca.com\/?product=repuesto-de-quijada-fija-para-stillson-48-urrea-ref-848c\",\"name\":\"REPUESTO DE QUIJADA FIJA PARA STILLSON 48\\\" URREA - Ref.848C - Herramientas Industriales - Equipos de Seguridad - Solumeca.com\",\"isPartOf\":{\"@id\":\"https:\/\/solumeca.com\/#website\"},\"primaryImageOfPage\":{\"@id\":\"https:\/\/solumeca.com\/?product=repuesto-de-quijada-fija-para-stillson-48-urrea-ref-848c#primaryimage\"},\"image\":{\"@id\":\"https:\/\/solumeca.com\/?product=repuesto-de-quijada-fija-para-stillson-48-urrea-ref-848c#primaryimage\"},\"thumbnailUrl\":\"https:\/\/solumeca.com\/wp-content\/uploads\/2026\/03\/848c-quijada-fija-para-stillson-48-urrea.jpg\",\"datePublished\":\"2026-03-17T20:16:35+00:00\",\"dateModified\":\"2026-03-17T20:16:46+00:00\",\"breadcrumb\":{\"@id\":\"https:\/\/solumeca.com\/?product=repuesto-de-quijada-fija-para-stillson-48-urrea-ref-848c#breadcrumb\"},\"inLanguage\":\"es\",\"potentialAction\":[{\"@type\":\"ReadAction\",\"target\":[\"https:\/\/solumeca.com\/?product=repuesto-de-quijada-fija-para-stillson-48-urrea-ref-848c\"]}]},{\"@type\":\"ImageObject\",\"inLanguage\":\"es\",\"@id\":\"https:\/\/solumeca.com\/?product=repuesto-de-quijada-fija-para-stillson-48-urrea-ref-848c#primaryimage\",\"url\":\"https:\/\/solumeca.com\/wp-content\/uploads\/2026\/03\/848c-quijada-fija-para-stillson-48-urrea.jpg\",\"contentUrl\":\"https:\/\/solumeca.com\/wp-content\/uploads\/2026\/03\/848c-quijada-fija-para-stillson-48-urrea.jpg\",\"width\":800,\"height\":800},{\"@type\":\"BreadcrumbList\",\"@id\":\"https:\/\/solumeca.com\/?product=repuesto-de-quijada-fija-para-stillson-48-urrea-ref-848c#breadcrumb\",\"itemListElement\":[{\"@type\":\"ListItem\",\"position\":1,\"name\":\"Portada\",\"item\":\"https:\/\/solumeca.com\/\"},{\"@type\":\"ListItem\",\"position\":2,\"name\":\"Shop\",\"item\":\"https:\/\/solumeca.com\/?page_id=10\"},{\"@type\":\"ListItem\",\"position\":3,\"name\":\"REPUESTO DE QUIJADA FIJA PARA STILLSON 48&#8243; URREA &#8211; Ref.848C\"}]},{\"@type\":\"WebSite\",\"@id\":\"https:\/\/solumeca.com\/#website\",\"url\":\"https:\/\/solumeca.com\/\",\"name\":\"SOS Integral - Equipos de Seguridad - Herramientas Industriales\",\"description\":\"Equipos de Seguridad, Santo Domingo, Republica Dominicana, Herramientas Industriales,Tel.: (809) 274-3888 \/ Info@solumeca.com\",\"publisher\":{\"@id\":\"https:\/\/solumeca.com\/#organization\"},\"potentialAction\":[{\"@type\":\"SearchAction\",\"target\":{\"@type\":\"EntryPoint\",\"urlTemplate\":\"https:\/\/solumeca.com\/?s={search_term_string}\"},\"query-input\":\"required name=search_term_string\"}],\"inLanguage\":\"es\"},{\"@type\":\"Organization\",\"@id\":\"https:\/\/solumeca.com\/#organization\",\"name\":\"SOS Integral - Equipos de Seguridad - Herramientas Industriales\",\"url\":\"https:\/\/solumeca.com\/\",\"logo\":{\"@type\":\"ImageObject\",\"inLanguage\":\"es\",\"@id\":\"https:\/\/solumeca.com\/#\/schema\/logo\/image\/\",\"url\":\"https:\/\/solumeca.com\/wp-content\/uploads\/2024\/04\/equipos-de-seguridad-sos-2.png\",\"contentUrl\":\"https:\/\/solumeca.com\/wp-content\/uploads\/2024\/04\/equipos-de-seguridad-sos-2.png\",\"width\":600,\"height\":259,\"caption\":\"SOS Integral - Equipos de Seguridad - Herramientas Industriales\"},\"image\":{\"@id\":\"https:\/\/solumeca.com\/#\/schema\/logo\/image\/\"},\"sameAs\":[\"https:\/\/www.instagram.com\/sosintegralrd\/\"]}]}<\/script>\n<!-- \/ Yoast SEO Premium plugin. -->","yoast_head_json":{"title":"REPUESTO DE QUIJADA FIJA PARA STILLSON 48\" URREA - Ref.848C - Herramientas Industriales - Equipos de Seguridad - Solumeca.com","robots":{"index":"index","follow":"follow","max-snippet":"max-snippet:-1","max-image-preview":"max-image-preview:large","max-video-preview":"max-video-preview:-1"},"canonical":"https:\/\/solumeca.com\/?product=repuesto-de-quijada-fija-para-stillson-48-urrea-ref-848c","og_locale":"es_ES","og_type":"article","og_title":"REPUESTO DE QUIJADA FIJA PARA STILLSON 48\" URREA - Ref.848C","og_description":"Quijada fija para Stillson\u00ae 48\" Urrea  Para Stillson de 48\"  La quijada fija de la llave es conocida como mand\u00edbula de tal\u00f3n, es una peque\u00f1a parte de acero forjado con las mismas caracter\u00edsticas de dureza y geometr\u00eda en los dientes que la secci\u00f3n de agarre de la mand\u00edbula de gancho  Esta parte se monta sobre el cuerpo de la llave y se fija mediante un pasador de acero que entra a presi\u00f3n entre los barrenos pasados de la quijada y el cuerpo","og_url":"https:\/\/solumeca.com\/?product=repuesto-de-quijada-fija-para-stillson-48-urrea-ref-848c","og_site_name":"Herramientas Industriales - Equipos de Seguridad - Solumeca.com","article_modified_time":"2026-03-17T20:16:46+00:00","twitter_card":"summary_large_image","schema":{"@context":"https:\/\/schema.org","@graph":[{"@type":"WebPage","@id":"https:\/\/solumeca.com\/?product=repuesto-de-quijada-fija-para-stillson-48-urrea-ref-848c","url":"https:\/\/solumeca.com\/?product=repuesto-de-quijada-fija-para-stillson-48-urrea-ref-848c","name":"REPUESTO DE QUIJADA FIJA PARA STILLSON 48\" URREA - Ref.848C - Herramientas Industriales - Equipos de Seguridad - Solumeca.com","isPartOf":{"@id":"https:\/\/solumeca.com\/#website"},"primaryImageOfPage":{"@id":"https:\/\/solumeca.com\/?product=repuesto-de-quijada-fija-para-stillson-48-urrea-ref-848c#primaryimage"},"image":{"@id":"https:\/\/solumeca.com\/?product=repuesto-de-quijada-fija-para-stillson-48-urrea-ref-848c#primaryimage"},"thumbnailUrl":"https:\/\/solumeca.com\/wp-content\/uploads\/2026\/03\/848c-quijada-fija-para-stillson-48-urrea.jpg","datePublished":"2026-03-17T20:16:35+00:00","dateModified":"2026-03-17T20:16:46+00:00","breadcrumb":{"@id":"https:\/\/solumeca.com\/?product=repuesto-de-quijada-fija-para-stillson-48-urrea-ref-848c#breadcrumb"},"inLanguage":"es","potentialAction":[{"@type":"ReadAction","target":["https:\/\/solumeca.com\/?product=repuesto-de-quijada-fija-para-stillson-48-urrea-ref-848c"]}]},{"@type":"ImageObject","inLanguage":"es","@id":"https:\/\/solumeca.com\/?product=repuesto-de-quijada-fija-para-stillson-48-urrea-ref-848c#primaryimage","url":"https:\/\/solumeca.com\/wp-content\/uploads\/2026\/03\/848c-quijada-fija-para-stillson-48-urrea.jpg","contentUrl":"https:\/\/solumeca.com\/wp-content\/uploads\/2026\/03\/848c-quijada-fija-para-stillson-48-urrea.jpg","width":800,"height":800},{"@type":"BreadcrumbList","@id":"https:\/\/solumeca.com\/?product=repuesto-de-quijada-fija-para-stillson-48-urrea-ref-848c#breadcrumb","itemListElement":[{"@type":"ListItem","position":1,"name":"Portada","item":"https:\/\/solumeca.com\/"},{"@type":"ListItem","position":2,"name":"Shop","item":"https:\/\/solumeca.com\/?page_id=10"},{"@type":"ListItem","position":3,"name":"REPUESTO DE QUIJADA FIJA PARA STILLSON 48&#8243; URREA &#8211; Ref.848C"}]},{"@type":"WebSite","@id":"https:\/\/solumeca.com\/#website","url":"https:\/\/solumeca.com\/","name":"SOS Integral - Equipos de Seguridad - Herramientas Industriales","description":"Equipos de Seguridad, Santo Domingo, Republica Dominicana, Herramientas Industriales,Tel.: (809) 274-3888 \/ Info@solumeca.com","publisher":{"@id":"https:\/\/solumeca.com\/#organization"},"potentialAction":[{"@type":"SearchAction","target":{"@type":"EntryPoint","urlTemplate":"https:\/\/solumeca.com\/?s={search_term_string}"},"query-input":"required name=search_term_string"}],"inLanguage":"es"},{"@type":"Organization","@id":"https:\/\/solumeca.com\/#organization","name":"SOS Integral - Equipos de Seguridad - Herramientas Industriales","url":"https:\/\/solumeca.com\/","logo":{"@type":"ImageObject","inLanguage":"es","@id":"https:\/\/solumeca.com\/#\/schema\/logo\/image\/","url":"https:\/\/solumeca.com\/wp-content\/uploads\/2024\/04\/equipos-de-seguridad-sos-2.png","contentUrl":"https:\/\/solumeca.com\/wp-content\/uploads\/2024\/04\/equipos-de-seguridad-sos-2.png","width":600,"height":259,"caption":"SOS Integral - Equipos de Seguridad - Herramientas Industriales"},"image":{"@id":"https:\/\/solumeca.com\/#\/schema\/logo\/image\/"},"sameAs":["https:\/\/www.instagram.com\/sosintegralrd\/"]}]}},"_links":{"self":[{"href":"https:\/\/solumeca.com\/index.php?rest_route=\/wp\/v2\/product\/37096","targetHints":{"allow":["GET"]}}],"collection":[{"href":"https:\/\/solumeca.com\/index.php?rest_route=\/wp\/v2\/product"}],"about":[{"href":"https:\/\/solumeca.com\/index.php?rest_route=\/wp\/v2\/types\/product"}],"replies":[{"embeddable":true,"href":"https:\/\/solumeca.com\/index.php?rest_route=%2Fwp%2Fv2%2Fcomments&post=37096"}],"version-history":[{"count":1,"href":"https:\/\/solumeca.com\/index.php?rest_route=\/wp\/v2\/product\/37096\/revisions"}],"predecessor-version":[{"id":37126,"href":"https:\/\/solumeca.com\/index.php?rest_route=\/wp\/v2\/product\/37096\/revisions\/37126"}],"wp:featuredmedia":[{"embeddable":true,"href":"https:\/\/solumeca.com\/index.php?rest_route=\/wp\/v2\/media\/28645"}],"wp:attachment":[{"href":"https:\/\/solumeca.com\/index.php?rest_route=%2Fwp%2Fv2%2Fmedia&parent=37096"}],"wp:term":[{"taxonomy":"product_brand","embeddable":true,"href":"https:\/\/solumeca.com\/index.php?rest_route=%2Fwp%2Fv2%2Fproduct_brand&post=37096"},{"taxonomy":"product_cat","embeddable":true,"href":"https:\/\/solumeca.com\/index.php?rest_route=%2Fwp%2Fv2%2Fproduct_cat&post=37096"},{"taxonomy":"product_tag","embeddable":true,"href":"https:\/\/solumeca.com\/index.php?rest_route=%2Fwp%2Fv2%2Fproduct_tag&post=37096"}],"curies":[{"name":"wp","href":"https:\/\/api.w.org\/{rel}","templated":true}]}}