{"id":37086,"date":"2026-03-17T21:16:34","date_gmt":"2026-03-17T20:16:34","guid":{"rendered":"https:\/\/solumeca.com\/?post_type=product&#038;p=37086"},"modified":"2026-03-17T21:16:41","modified_gmt":"2026-03-17T20:16:41","slug":"llave-stillson-de-aluminio-14-urrea-ref-814a","status":"publish","type":"product","link":"https:\/\/solumeca.com\/?product=llave-stillson-de-aluminio-14-urrea-ref-814a","title":{"rendered":"LLAVE STILLSON DE ALUMINIO 14&#8243;, URREA &#8211; Ref.814A"},"content":{"rendered":"","protected":false},"excerpt":{"rendered":"<div id=\"product-description-short-8737\" class=\"product-description-short\">\n<ul>\n<li>Llave Stillson\u00ae de aluminio 14&#8243; uso pesado Urrea<\/li>\n<li>Con todas las ventajas de una llave stillson convencional, pero con la gran ventaja de ser 40% m\u00e1s ligera; por eso las llaves stillson de aluminio Urrea son imprescindibles en el trabajo pesado.<\/li>\n<li>Las llaves stillson de aluminio Urrea tienen adem\u00e1s el sistema antichispa con lo que se pueden maniobrar trabajos pesados en industrias petroqu\u00edmicas, el\u00e9ctricas, etc., sin correr riesgos innecesarios.<\/li>\n<li>Quijada superior forjada y con doble tratamiento t\u00e9rmico.<\/li>\n<li>Quijada inferior asentada de manera conveniente para prevenir la carga sobre el pin.<\/li>\n<\/ul>\n<\/div>\n","protected":false},"featured_media":28613,"comment_status":"closed","ping_status":"closed","template":"","meta":[],"product_brand":[],"product_cat":[364,371],"product_tag":[],"class_list":{"0":"post-37086","1":"product","2":"type-product","3":"status-publish","4":"has-post-thumbnail","6":"product_cat-herramientas-antichispa","7":"product_cat-urrea","9":"first","10":"instock","11":"taxable","12":"shipping-taxable","13":"purchasable","14":"product-type-simple"},"yoast_head":"<!-- This site is optimized with the Yoast SEO Premium plugin v22.5 (Yoast SEO v22.6) - https:\/\/yoast.com\/wordpress\/plugins\/seo\/ -->\n<title>LLAVE STILLSON DE ALUMINIO 14&quot;, URREA - Ref.814A - Herramientas Industriales - Equipos de Seguridad - Solumeca.com<\/title>\n<meta name=\"robots\" content=\"index, follow, max-snippet:-1, max-image-preview:large, max-video-preview:-1\" \/>\n<link rel=\"canonical\" href=\"https:\/\/solumeca.com\/?product=llave-stillson-de-aluminio-14-urrea-ref-814a\" \/>\n<meta property=\"og:locale\" content=\"es_ES\" \/>\n<meta property=\"og:type\" content=\"article\" \/>\n<meta property=\"og:title\" content=\"LLAVE STILLSON DE ALUMINIO 14&quot;, URREA - Ref.814A\" \/>\n<meta property=\"og:description\" content=\"Llave Stillson\u00ae de aluminio 14&quot; uso pesado Urrea  Con todas las ventajas de una llave stillson convencional, pero con la gran ventaja de ser 40% m\u00e1s ligera; por eso las llaves stillson de aluminio Urrea son imprescindibles en el trabajo pesado.  Las llaves stillson de aluminio Urrea tienen adem\u00e1s el sistema antichispa con lo que se pueden maniobrar trabajos pesados en industrias petroqu\u00edmicas, el\u00e9ctricas, etc., sin correr riesgos innecesarios.  Quijada superior forjada y con doble tratamiento t\u00e9rmico.  Quijada inferior asentada de manera conveniente para prevenir la carga sobre el pin.\" \/>\n<meta property=\"og:url\" content=\"https:\/\/solumeca.com\/?product=llave-stillson-de-aluminio-14-urrea-ref-814a\" \/>\n<meta property=\"og:site_name\" content=\"Herramientas Industriales - Equipos de Seguridad - Solumeca.com\" \/>\n<meta property=\"article:modified_time\" content=\"2026-03-17T20:16:41+00:00\" \/>\n<meta name=\"twitter:card\" content=\"summary_large_image\" \/>\n<script type=\"application\/ld+json\" class=\"yoast-schema-graph\">{\"@context\":\"https:\/\/schema.org\",\"@graph\":[{\"@type\":\"WebPage\",\"@id\":\"https:\/\/solumeca.com\/?product=llave-stillson-de-aluminio-14-urrea-ref-814a\",\"url\":\"https:\/\/solumeca.com\/?product=llave-stillson-de-aluminio-14-urrea-ref-814a\",\"name\":\"LLAVE STILLSON DE ALUMINIO 14\\\", URREA - Ref.814A - Herramientas Industriales - Equipos de Seguridad - Solumeca.com\",\"isPartOf\":{\"@id\":\"https:\/\/solumeca.com\/#website\"},\"primaryImageOfPage\":{\"@id\":\"https:\/\/solumeca.com\/?product=llave-stillson-de-aluminio-14-urrea-ref-814a#primaryimage\"},\"image\":{\"@id\":\"https:\/\/solumeca.com\/?product=llave-stillson-de-aluminio-14-urrea-ref-814a#primaryimage\"},\"thumbnailUrl\":\"https:\/\/solumeca.com\/wp-content\/uploads\/2026\/03\/814a-llave-stillson-de-aluminio-14-uso-pesado-urrea.jpg\",\"datePublished\":\"2026-03-17T20:16:34+00:00\",\"dateModified\":\"2026-03-17T20:16:41+00:00\",\"breadcrumb\":{\"@id\":\"https:\/\/solumeca.com\/?product=llave-stillson-de-aluminio-14-urrea-ref-814a#breadcrumb\"},\"inLanguage\":\"es\",\"potentialAction\":[{\"@type\":\"ReadAction\",\"target\":[\"https:\/\/solumeca.com\/?product=llave-stillson-de-aluminio-14-urrea-ref-814a\"]}]},{\"@type\":\"ImageObject\",\"inLanguage\":\"es\",\"@id\":\"https:\/\/solumeca.com\/?product=llave-stillson-de-aluminio-14-urrea-ref-814a#primaryimage\",\"url\":\"https:\/\/solumeca.com\/wp-content\/uploads\/2026\/03\/814a-llave-stillson-de-aluminio-14-uso-pesado-urrea.jpg\",\"contentUrl\":\"https:\/\/solumeca.com\/wp-content\/uploads\/2026\/03\/814a-llave-stillson-de-aluminio-14-uso-pesado-urrea.jpg\",\"width\":800,\"height\":800},{\"@type\":\"BreadcrumbList\",\"@id\":\"https:\/\/solumeca.com\/?product=llave-stillson-de-aluminio-14-urrea-ref-814a#breadcrumb\",\"itemListElement\":[{\"@type\":\"ListItem\",\"position\":1,\"name\":\"Portada\",\"item\":\"https:\/\/solumeca.com\/\"},{\"@type\":\"ListItem\",\"position\":2,\"name\":\"Shop\",\"item\":\"https:\/\/solumeca.com\/?page_id=10\"},{\"@type\":\"ListItem\",\"position\":3,\"name\":\"LLAVE STILLSON DE ALUMINIO 14&#8243;, URREA &#8211; Ref.814A\"}]},{\"@type\":\"WebSite\",\"@id\":\"https:\/\/solumeca.com\/#website\",\"url\":\"https:\/\/solumeca.com\/\",\"name\":\"SOS Integral - Equipos de Seguridad - Herramientas Industriales\",\"description\":\"Equipos de Seguridad, Santo Domingo, Republica Dominicana, Herramientas Industriales,Tel.: (809) 274-3888 \/ Info@solumeca.com\",\"publisher\":{\"@id\":\"https:\/\/solumeca.com\/#organization\"},\"potentialAction\":[{\"@type\":\"SearchAction\",\"target\":{\"@type\":\"EntryPoint\",\"urlTemplate\":\"https:\/\/solumeca.com\/?s={search_term_string}\"},\"query-input\":\"required name=search_term_string\"}],\"inLanguage\":\"es\"},{\"@type\":\"Organization\",\"@id\":\"https:\/\/solumeca.com\/#organization\",\"name\":\"SOS Integral - Equipos de Seguridad - Herramientas Industriales\",\"url\":\"https:\/\/solumeca.com\/\",\"logo\":{\"@type\":\"ImageObject\",\"inLanguage\":\"es\",\"@id\":\"https:\/\/solumeca.com\/#\/schema\/logo\/image\/\",\"url\":\"https:\/\/solumeca.com\/wp-content\/uploads\/2024\/04\/equipos-de-seguridad-sos-2.png\",\"contentUrl\":\"https:\/\/solumeca.com\/wp-content\/uploads\/2024\/04\/equipos-de-seguridad-sos-2.png\",\"width\":600,\"height\":259,\"caption\":\"SOS Integral - Equipos de Seguridad - Herramientas Industriales\"},\"image\":{\"@id\":\"https:\/\/solumeca.com\/#\/schema\/logo\/image\/\"},\"sameAs\":[\"https:\/\/www.instagram.com\/sosintegralrd\/\"]}]}<\/script>\n<!-- \/ Yoast SEO Premium plugin. -->","yoast_head_json":{"title":"LLAVE STILLSON DE ALUMINIO 14\", URREA - Ref.814A - Herramientas Industriales - Equipos de Seguridad - Solumeca.com","robots":{"index":"index","follow":"follow","max-snippet":"max-snippet:-1","max-image-preview":"max-image-preview:large","max-video-preview":"max-video-preview:-1"},"canonical":"https:\/\/solumeca.com\/?product=llave-stillson-de-aluminio-14-urrea-ref-814a","og_locale":"es_ES","og_type":"article","og_title":"LLAVE STILLSON DE ALUMINIO 14\", URREA - Ref.814A","og_description":"Llave Stillson\u00ae de aluminio 14\" uso pesado Urrea  Con todas las ventajas de una llave stillson convencional, pero con la gran ventaja de ser 40% m\u00e1s ligera; por eso las llaves stillson de aluminio Urrea son imprescindibles en el trabajo pesado.  Las llaves stillson de aluminio Urrea tienen adem\u00e1s el sistema antichispa con lo que se pueden maniobrar trabajos pesados en industrias petroqu\u00edmicas, el\u00e9ctricas, etc., sin correr riesgos innecesarios.  Quijada superior forjada y con doble tratamiento t\u00e9rmico.  Quijada inferior asentada de manera conveniente para prevenir la carga sobre el pin.","og_url":"https:\/\/solumeca.com\/?product=llave-stillson-de-aluminio-14-urrea-ref-814a","og_site_name":"Herramientas Industriales - Equipos de Seguridad - Solumeca.com","article_modified_time":"2026-03-17T20:16:41+00:00","twitter_card":"summary_large_image","schema":{"@context":"https:\/\/schema.org","@graph":[{"@type":"WebPage","@id":"https:\/\/solumeca.com\/?product=llave-stillson-de-aluminio-14-urrea-ref-814a","url":"https:\/\/solumeca.com\/?product=llave-stillson-de-aluminio-14-urrea-ref-814a","name":"LLAVE STILLSON DE ALUMINIO 14\", URREA - Ref.814A - Herramientas Industriales - Equipos de Seguridad - Solumeca.com","isPartOf":{"@id":"https:\/\/solumeca.com\/#website"},"primaryImageOfPage":{"@id":"https:\/\/solumeca.com\/?product=llave-stillson-de-aluminio-14-urrea-ref-814a#primaryimage"},"image":{"@id":"https:\/\/solumeca.com\/?product=llave-stillson-de-aluminio-14-urrea-ref-814a#primaryimage"},"thumbnailUrl":"https:\/\/solumeca.com\/wp-content\/uploads\/2026\/03\/814a-llave-stillson-de-aluminio-14-uso-pesado-urrea.jpg","datePublished":"2026-03-17T20:16:34+00:00","dateModified":"2026-03-17T20:16:41+00:00","breadcrumb":{"@id":"https:\/\/solumeca.com\/?product=llave-stillson-de-aluminio-14-urrea-ref-814a#breadcrumb"},"inLanguage":"es","potentialAction":[{"@type":"ReadAction","target":["https:\/\/solumeca.com\/?product=llave-stillson-de-aluminio-14-urrea-ref-814a"]}]},{"@type":"ImageObject","inLanguage":"es","@id":"https:\/\/solumeca.com\/?product=llave-stillson-de-aluminio-14-urrea-ref-814a#primaryimage","url":"https:\/\/solumeca.com\/wp-content\/uploads\/2026\/03\/814a-llave-stillson-de-aluminio-14-uso-pesado-urrea.jpg","contentUrl":"https:\/\/solumeca.com\/wp-content\/uploads\/2026\/03\/814a-llave-stillson-de-aluminio-14-uso-pesado-urrea.jpg","width":800,"height":800},{"@type":"BreadcrumbList","@id":"https:\/\/solumeca.com\/?product=llave-stillson-de-aluminio-14-urrea-ref-814a#breadcrumb","itemListElement":[{"@type":"ListItem","position":1,"name":"Portada","item":"https:\/\/solumeca.com\/"},{"@type":"ListItem","position":2,"name":"Shop","item":"https:\/\/solumeca.com\/?page_id=10"},{"@type":"ListItem","position":3,"name":"LLAVE STILLSON DE ALUMINIO 14&#8243;, URREA &#8211; Ref.814A"}]},{"@type":"WebSite","@id":"https:\/\/solumeca.com\/#website","url":"https:\/\/solumeca.com\/","name":"SOS Integral - Equipos de Seguridad - Herramientas Industriales","description":"Equipos de Seguridad, Santo Domingo, Republica Dominicana, Herramientas Industriales,Tel.: (809) 274-3888 \/ Info@solumeca.com","publisher":{"@id":"https:\/\/solumeca.com\/#organization"},"potentialAction":[{"@type":"SearchAction","target":{"@type":"EntryPoint","urlTemplate":"https:\/\/solumeca.com\/?s={search_term_string}"},"query-input":"required name=search_term_string"}],"inLanguage":"es"},{"@type":"Organization","@id":"https:\/\/solumeca.com\/#organization","name":"SOS Integral - Equipos de Seguridad - Herramientas Industriales","url":"https:\/\/solumeca.com\/","logo":{"@type":"ImageObject","inLanguage":"es","@id":"https:\/\/solumeca.com\/#\/schema\/logo\/image\/","url":"https:\/\/solumeca.com\/wp-content\/uploads\/2024\/04\/equipos-de-seguridad-sos-2.png","contentUrl":"https:\/\/solumeca.com\/wp-content\/uploads\/2024\/04\/equipos-de-seguridad-sos-2.png","width":600,"height":259,"caption":"SOS Integral - Equipos de Seguridad - Herramientas Industriales"},"image":{"@id":"https:\/\/solumeca.com\/#\/schema\/logo\/image\/"},"sameAs":["https:\/\/www.instagram.com\/sosintegralrd\/"]}]}},"_links":{"self":[{"href":"https:\/\/solumeca.com\/index.php?rest_route=\/wp\/v2\/product\/37086","targetHints":{"allow":["GET"]}}],"collection":[{"href":"https:\/\/solumeca.com\/index.php?rest_route=\/wp\/v2\/product"}],"about":[{"href":"https:\/\/solumeca.com\/index.php?rest_route=\/wp\/v2\/types\/product"}],"replies":[{"embeddable":true,"href":"https:\/\/solumeca.com\/index.php?rest_route=%2Fwp%2Fv2%2Fcomments&post=37086"}],"version-history":[{"count":1,"href":"https:\/\/solumeca.com\/index.php?rest_route=\/wp\/v2\/product\/37086\/revisions"}],"predecessor-version":[{"id":37116,"href":"https:\/\/solumeca.com\/index.php?rest_route=\/wp\/v2\/product\/37086\/revisions\/37116"}],"wp:featuredmedia":[{"embeddable":true,"href":"https:\/\/solumeca.com\/index.php?rest_route=\/wp\/v2\/media\/28613"}],"wp:attachment":[{"href":"https:\/\/solumeca.com\/index.php?rest_route=%2Fwp%2Fv2%2Fmedia&parent=37086"}],"wp:term":[{"taxonomy":"product_brand","embeddable":true,"href":"https:\/\/solumeca.com\/index.php?rest_route=%2Fwp%2Fv2%2Fproduct_brand&post=37086"},{"taxonomy":"product_cat","embeddable":true,"href":"https:\/\/solumeca.com\/index.php?rest_route=%2Fwp%2Fv2%2Fproduct_cat&post=37086"},{"taxonomy":"product_tag","embeddable":true,"href":"https:\/\/solumeca.com\/index.php?rest_route=%2Fwp%2Fv2%2Fproduct_tag&post=37086"}],"curies":[{"name":"wp","href":"https:\/\/api.w.org\/{rel}","templated":true}]}}