{"id":37042,"date":"2026-03-17T21:16:21","date_gmt":"2026-03-17T20:16:21","guid":{"rendered":"https:\/\/solumeca.com\/?post_type=product&#038;p=37042"},"modified":"2026-03-17T21:16:29","modified_gmt":"2026-03-17T20:16:29","slug":"llave-stillson-de-8-heavy-duty-re808ui-urrea-ref-808ui","status":"publish","type":"product","link":"https:\/\/solumeca.com\/?product=llave-stillson-de-8-heavy-duty-re808ui-urrea-ref-808ui","title":{"rendered":"LLAVE STILLSON DE 8&#8243; HEAVY DUTY RE:808UI URREA. &#8211; Ref.808UI"},"content":{"rendered":"","protected":false},"excerpt":{"rendered":"<ul>\n<li>Para tubos con un di\u00e1metro m\u00e1ximo de 1&#8243;.<\/li>\n<li>Quijada m\u00f3vil con graduaci\u00f3n del di\u00e1metro del tubo para una r\u00e1pida referencia y sistema de muelleo que permite sujetar firmemente cualquier tipo de tubo.<\/li>\n<li>Cuerpo de hierro nodular con mango en forma de \u00abH\u00bb.<\/li>\n<li>Quijadas forjadas.<\/li>\n<li>Tornillo moleteado.<\/li>\n<li>Llave ajustable usada para apretar, aflojar o ajustar piezas de tubo grandes.<\/li>\n<li><\/li>\n<\/ul>\n","protected":false},"featured_media":28568,"comment_status":"closed","ping_status":"closed","template":"","meta":[],"product_brand":[],"product_cat":[371],"product_tag":[],"class_list":{"0":"post-37042","1":"product","2":"type-product","3":"status-publish","4":"has-post-thumbnail","6":"product_cat-urrea","8":"first","9":"instock","10":"taxable","11":"shipping-taxable","12":"purchasable","13":"product-type-simple"},"yoast_head":"<!-- This site is optimized with the Yoast SEO Premium plugin v22.5 (Yoast SEO v22.6) - https:\/\/yoast.com\/wordpress\/plugins\/seo\/ -->\n<title>LLAVE STILLSON DE 8&quot; HEAVY DUTY RE:808UI URREA. - Ref.808UI - Herramientas Industriales - Equipos de Seguridad - Solumeca.com<\/title>\n<meta name=\"robots\" content=\"index, follow, max-snippet:-1, max-image-preview:large, max-video-preview:-1\" \/>\n<link rel=\"canonical\" href=\"https:\/\/solumeca.com\/?product=llave-stillson-de-8-heavy-duty-re808ui-urrea-ref-808ui\" \/>\n<meta property=\"og:locale\" content=\"es_ES\" \/>\n<meta property=\"og:type\" content=\"article\" \/>\n<meta property=\"og:title\" content=\"LLAVE STILLSON DE 8&quot; HEAVY DUTY RE:808UI URREA. - Ref.808UI\" \/>\n<meta property=\"og:description\" content=\"Para tubos con un di\u00e1metro m\u00e1ximo de 1&quot;.  Quijada m\u00f3vil con graduaci\u00f3n del di\u00e1metro del tubo para una r\u00e1pida referencia y sistema de muelleo que permite sujetar firmemente cualquier tipo de tubo.  Cuerpo de hierro nodular con mango en forma de &quot;H&quot;.  Quijadas forjadas.  Tornillo moleteado.  Llave ajustable usada para apretar, aflojar o ajustar piezas de tubo grandes.\" \/>\n<meta property=\"og:url\" content=\"https:\/\/solumeca.com\/?product=llave-stillson-de-8-heavy-duty-re808ui-urrea-ref-808ui\" \/>\n<meta property=\"og:site_name\" content=\"Herramientas Industriales - Equipos de Seguridad - Solumeca.com\" \/>\n<meta property=\"article:modified_time\" content=\"2026-03-17T20:16:29+00:00\" \/>\n<meta name=\"twitter:card\" content=\"summary_large_image\" \/>\n<script type=\"application\/ld+json\" class=\"yoast-schema-graph\">{\"@context\":\"https:\/\/schema.org\",\"@graph\":[{\"@type\":\"WebPage\",\"@id\":\"https:\/\/solumeca.com\/?product=llave-stillson-de-8-heavy-duty-re808ui-urrea-ref-808ui\",\"url\":\"https:\/\/solumeca.com\/?product=llave-stillson-de-8-heavy-duty-re808ui-urrea-ref-808ui\",\"name\":\"LLAVE STILLSON DE 8\\\" HEAVY DUTY RE:808UI URREA. - Ref.808UI - Herramientas Industriales - Equipos de Seguridad - Solumeca.com\",\"isPartOf\":{\"@id\":\"https:\/\/solumeca.com\/#website\"},\"primaryImageOfPage\":{\"@id\":\"https:\/\/solumeca.com\/?product=llave-stillson-de-8-heavy-duty-re808ui-urrea-ref-808ui#primaryimage\"},\"image\":{\"@id\":\"https:\/\/solumeca.com\/?product=llave-stillson-de-8-heavy-duty-re808ui-urrea-ref-808ui#primaryimage\"},\"thumbnailUrl\":\"https:\/\/solumeca.com\/wp-content\/uploads\/2026\/03\/30-1.jpg\",\"datePublished\":\"2026-03-17T20:16:21+00:00\",\"dateModified\":\"2026-03-17T20:16:29+00:00\",\"breadcrumb\":{\"@id\":\"https:\/\/solumeca.com\/?product=llave-stillson-de-8-heavy-duty-re808ui-urrea-ref-808ui#breadcrumb\"},\"inLanguage\":\"es\",\"potentialAction\":[{\"@type\":\"ReadAction\",\"target\":[\"https:\/\/solumeca.com\/?product=llave-stillson-de-8-heavy-duty-re808ui-urrea-ref-808ui\"]}]},{\"@type\":\"ImageObject\",\"inLanguage\":\"es\",\"@id\":\"https:\/\/solumeca.com\/?product=llave-stillson-de-8-heavy-duty-re808ui-urrea-ref-808ui#primaryimage\",\"url\":\"https:\/\/solumeca.com\/wp-content\/uploads\/2026\/03\/30-1.jpg\",\"contentUrl\":\"https:\/\/solumeca.com\/wp-content\/uploads\/2026\/03\/30-1.jpg\",\"width\":800,\"height\":800},{\"@type\":\"BreadcrumbList\",\"@id\":\"https:\/\/solumeca.com\/?product=llave-stillson-de-8-heavy-duty-re808ui-urrea-ref-808ui#breadcrumb\",\"itemListElement\":[{\"@type\":\"ListItem\",\"position\":1,\"name\":\"Portada\",\"item\":\"https:\/\/solumeca.com\/\"},{\"@type\":\"ListItem\",\"position\":2,\"name\":\"Shop\",\"item\":\"https:\/\/solumeca.com\/?page_id=10\"},{\"@type\":\"ListItem\",\"position\":3,\"name\":\"LLAVE STILLSON DE 8&#8243; HEAVY DUTY RE:808UI URREA. &#8211; Ref.808UI\"}]},{\"@type\":\"WebSite\",\"@id\":\"https:\/\/solumeca.com\/#website\",\"url\":\"https:\/\/solumeca.com\/\",\"name\":\"SOS Integral - Equipos de Seguridad - Herramientas Industriales\",\"description\":\"Equipos de Seguridad, Santo Domingo, Republica Dominicana, Herramientas Industriales,Tel.: (809) 274-3888 \/ Info@solumeca.com\",\"publisher\":{\"@id\":\"https:\/\/solumeca.com\/#organization\"},\"potentialAction\":[{\"@type\":\"SearchAction\",\"target\":{\"@type\":\"EntryPoint\",\"urlTemplate\":\"https:\/\/solumeca.com\/?s={search_term_string}\"},\"query-input\":\"required name=search_term_string\"}],\"inLanguage\":\"es\"},{\"@type\":\"Organization\",\"@id\":\"https:\/\/solumeca.com\/#organization\",\"name\":\"SOS Integral - Equipos de Seguridad - Herramientas Industriales\",\"url\":\"https:\/\/solumeca.com\/\",\"logo\":{\"@type\":\"ImageObject\",\"inLanguage\":\"es\",\"@id\":\"https:\/\/solumeca.com\/#\/schema\/logo\/image\/\",\"url\":\"https:\/\/solumeca.com\/wp-content\/uploads\/2024\/04\/equipos-de-seguridad-sos-2.png\",\"contentUrl\":\"https:\/\/solumeca.com\/wp-content\/uploads\/2024\/04\/equipos-de-seguridad-sos-2.png\",\"width\":600,\"height\":259,\"caption\":\"SOS Integral - Equipos de Seguridad - Herramientas Industriales\"},\"image\":{\"@id\":\"https:\/\/solumeca.com\/#\/schema\/logo\/image\/\"},\"sameAs\":[\"https:\/\/www.instagram.com\/sosintegralrd\/\"]}]}<\/script>\n<!-- \/ Yoast SEO Premium plugin. -->","yoast_head_json":{"title":"LLAVE STILLSON DE 8\" HEAVY DUTY RE:808UI URREA. - Ref.808UI - Herramientas Industriales - Equipos de Seguridad - Solumeca.com","robots":{"index":"index","follow":"follow","max-snippet":"max-snippet:-1","max-image-preview":"max-image-preview:large","max-video-preview":"max-video-preview:-1"},"canonical":"https:\/\/solumeca.com\/?product=llave-stillson-de-8-heavy-duty-re808ui-urrea-ref-808ui","og_locale":"es_ES","og_type":"article","og_title":"LLAVE STILLSON DE 8\" HEAVY DUTY RE:808UI URREA. - Ref.808UI","og_description":"Para tubos con un di\u00e1metro m\u00e1ximo de 1\".  Quijada m\u00f3vil con graduaci\u00f3n del di\u00e1metro del tubo para una r\u00e1pida referencia y sistema de muelleo que permite sujetar firmemente cualquier tipo de tubo.  Cuerpo de hierro nodular con mango en forma de \"H\".  Quijadas forjadas.  Tornillo moleteado.  Llave ajustable usada para apretar, aflojar o ajustar piezas de tubo grandes.","og_url":"https:\/\/solumeca.com\/?product=llave-stillson-de-8-heavy-duty-re808ui-urrea-ref-808ui","og_site_name":"Herramientas Industriales - Equipos de Seguridad - Solumeca.com","article_modified_time":"2026-03-17T20:16:29+00:00","twitter_card":"summary_large_image","schema":{"@context":"https:\/\/schema.org","@graph":[{"@type":"WebPage","@id":"https:\/\/solumeca.com\/?product=llave-stillson-de-8-heavy-duty-re808ui-urrea-ref-808ui","url":"https:\/\/solumeca.com\/?product=llave-stillson-de-8-heavy-duty-re808ui-urrea-ref-808ui","name":"LLAVE STILLSON DE 8\" HEAVY DUTY RE:808UI URREA. - Ref.808UI - Herramientas Industriales - Equipos de Seguridad - Solumeca.com","isPartOf":{"@id":"https:\/\/solumeca.com\/#website"},"primaryImageOfPage":{"@id":"https:\/\/solumeca.com\/?product=llave-stillson-de-8-heavy-duty-re808ui-urrea-ref-808ui#primaryimage"},"image":{"@id":"https:\/\/solumeca.com\/?product=llave-stillson-de-8-heavy-duty-re808ui-urrea-ref-808ui#primaryimage"},"thumbnailUrl":"https:\/\/solumeca.com\/wp-content\/uploads\/2026\/03\/30-1.jpg","datePublished":"2026-03-17T20:16:21+00:00","dateModified":"2026-03-17T20:16:29+00:00","breadcrumb":{"@id":"https:\/\/solumeca.com\/?product=llave-stillson-de-8-heavy-duty-re808ui-urrea-ref-808ui#breadcrumb"},"inLanguage":"es","potentialAction":[{"@type":"ReadAction","target":["https:\/\/solumeca.com\/?product=llave-stillson-de-8-heavy-duty-re808ui-urrea-ref-808ui"]}]},{"@type":"ImageObject","inLanguage":"es","@id":"https:\/\/solumeca.com\/?product=llave-stillson-de-8-heavy-duty-re808ui-urrea-ref-808ui#primaryimage","url":"https:\/\/solumeca.com\/wp-content\/uploads\/2026\/03\/30-1.jpg","contentUrl":"https:\/\/solumeca.com\/wp-content\/uploads\/2026\/03\/30-1.jpg","width":800,"height":800},{"@type":"BreadcrumbList","@id":"https:\/\/solumeca.com\/?product=llave-stillson-de-8-heavy-duty-re808ui-urrea-ref-808ui#breadcrumb","itemListElement":[{"@type":"ListItem","position":1,"name":"Portada","item":"https:\/\/solumeca.com\/"},{"@type":"ListItem","position":2,"name":"Shop","item":"https:\/\/solumeca.com\/?page_id=10"},{"@type":"ListItem","position":3,"name":"LLAVE STILLSON DE 8&#8243; HEAVY DUTY RE:808UI URREA. &#8211; Ref.808UI"}]},{"@type":"WebSite","@id":"https:\/\/solumeca.com\/#website","url":"https:\/\/solumeca.com\/","name":"SOS Integral - Equipos de Seguridad - Herramientas Industriales","description":"Equipos de Seguridad, Santo Domingo, Republica Dominicana, Herramientas Industriales,Tel.: (809) 274-3888 \/ Info@solumeca.com","publisher":{"@id":"https:\/\/solumeca.com\/#organization"},"potentialAction":[{"@type":"SearchAction","target":{"@type":"EntryPoint","urlTemplate":"https:\/\/solumeca.com\/?s={search_term_string}"},"query-input":"required name=search_term_string"}],"inLanguage":"es"},{"@type":"Organization","@id":"https:\/\/solumeca.com\/#organization","name":"SOS Integral - Equipos de Seguridad - Herramientas Industriales","url":"https:\/\/solumeca.com\/","logo":{"@type":"ImageObject","inLanguage":"es","@id":"https:\/\/solumeca.com\/#\/schema\/logo\/image\/","url":"https:\/\/solumeca.com\/wp-content\/uploads\/2024\/04\/equipos-de-seguridad-sos-2.png","contentUrl":"https:\/\/solumeca.com\/wp-content\/uploads\/2024\/04\/equipos-de-seguridad-sos-2.png","width":600,"height":259,"caption":"SOS Integral - Equipos de Seguridad - Herramientas Industriales"},"image":{"@id":"https:\/\/solumeca.com\/#\/schema\/logo\/image\/"},"sameAs":["https:\/\/www.instagram.com\/sosintegralrd\/"]}]}},"_links":{"self":[{"href":"https:\/\/solumeca.com\/index.php?rest_route=\/wp\/v2\/product\/37042","targetHints":{"allow":["GET"]}}],"collection":[{"href":"https:\/\/solumeca.com\/index.php?rest_route=\/wp\/v2\/product"}],"about":[{"href":"https:\/\/solumeca.com\/index.php?rest_route=\/wp\/v2\/types\/product"}],"replies":[{"embeddable":true,"href":"https:\/\/solumeca.com\/index.php?rest_route=%2Fwp%2Fv2%2Fcomments&post=37042"}],"version-history":[{"count":1,"href":"https:\/\/solumeca.com\/index.php?rest_route=\/wp\/v2\/product\/37042\/revisions"}],"predecessor-version":[{"id":37072,"href":"https:\/\/solumeca.com\/index.php?rest_route=\/wp\/v2\/product\/37042\/revisions\/37072"}],"wp:featuredmedia":[{"embeddable":true,"href":"https:\/\/solumeca.com\/index.php?rest_route=\/wp\/v2\/media\/28568"}],"wp:attachment":[{"href":"https:\/\/solumeca.com\/index.php?rest_route=%2Fwp%2Fv2%2Fmedia&parent=37042"}],"wp:term":[{"taxonomy":"product_brand","embeddable":true,"href":"https:\/\/solumeca.com\/index.php?rest_route=%2Fwp%2Fv2%2Fproduct_brand&post=37042"},{"taxonomy":"product_cat","embeddable":true,"href":"https:\/\/solumeca.com\/index.php?rest_route=%2Fwp%2Fv2%2Fproduct_cat&post=37042"},{"taxonomy":"product_tag","embeddable":true,"href":"https:\/\/solumeca.com\/index.php?rest_route=%2Fwp%2Fv2%2Fproduct_tag&post=37042"}],"curies":[{"name":"wp","href":"https:\/\/api.w.org\/{rel}","templated":true}]}}