{"id":37040,"date":"2026-03-17T21:16:21","date_gmt":"2026-03-17T20:16:21","guid":{"rendered":"https:\/\/solumeca.com\/?post_type=product&#038;p=37040"},"modified":"2026-03-17T21:16:29","modified_gmt":"2026-03-17T20:16:29","slug":"llave-universal-de-correa-para-filtro-de-12-modelo802-urrea-ref-802-urrea","status":"publish","type":"product","link":"https:\/\/solumeca.com\/?product=llave-universal-de-correa-para-filtro-de-12-modelo802-urrea-ref-802-urrea","title":{"rendered":"LLAVE UNIVERSAL DE CORREA PARA FILTRO DE 12&#8243; MODELO:802 URREA &#8211; Ref.802-URREA"},"content":{"rendered":"","protected":false},"excerpt":{"rendered":"<div id=\"product-description-short-8710\" class=\"product-description-short\">\n<ul>\n<li>Llave universal de lona 3&#8243; Urrea<\/li>\n<li>Por su dise\u00f1o y correa de lona esta llave es muy utilizada en instalaciones donde la tuber\u00eda es de vidrio, PVC, pl\u00e1stico o de cualquier otro material delicado<\/li>\n<li>Cuerpo fabricado en aleaci\u00f3n de aluminio especial que lo hace ligero y resistente<\/li>\n<li>Llave de lona especial para tubos pl\u00e1sticos y cromados<\/li>\n<li>Lona muy resistente de nylon que permite un mejor y r\u00e1pido agarre sin da\u00f1ar las superficies<\/li>\n<\/ul>\n<\/div>\n","protected":false},"featured_media":28561,"comment_status":"closed","ping_status":"closed","template":"","meta":[],"product_brand":[],"product_cat":[371],"product_tag":[],"class_list":{"0":"post-37040","1":"product","2":"type-product","3":"status-publish","4":"has-post-thumbnail","6":"product_cat-urrea","8":"first","9":"instock","10":"taxable","11":"shipping-taxable","12":"purchasable","13":"product-type-simple"},"yoast_head":"<!-- This site is optimized with the Yoast SEO Premium plugin v22.5 (Yoast SEO v22.6) - https:\/\/yoast.com\/wordpress\/plugins\/seo\/ -->\n<title>LLAVE UNIVERSAL DE CORREA PARA FILTRO DE 12&quot; MODELO:802 URREA - Ref.802-URREA - Herramientas Industriales - Equipos de Seguridad - Solumeca.com<\/title>\n<meta name=\"robots\" content=\"index, follow, max-snippet:-1, max-image-preview:large, max-video-preview:-1\" \/>\n<link rel=\"canonical\" href=\"https:\/\/solumeca.com\/?product=llave-universal-de-correa-para-filtro-de-12-modelo802-urrea-ref-802-urrea\" \/>\n<meta property=\"og:locale\" content=\"es_ES\" \/>\n<meta property=\"og:type\" content=\"article\" \/>\n<meta property=\"og:title\" content=\"LLAVE UNIVERSAL DE CORREA PARA FILTRO DE 12&quot; MODELO:802 URREA - Ref.802-URREA\" \/>\n<meta property=\"og:description\" content=\"Llave universal de lona 3&quot; Urrea  Por su dise\u00f1o y correa de lona esta llave es muy utilizada en instalaciones donde la tuber\u00eda es de vidrio, PVC, pl\u00e1stico o de cualquier otro material delicado  Cuerpo fabricado en aleaci\u00f3n de aluminio especial que lo hace ligero y resistente  Llave de lona especial para tubos pl\u00e1sticos y cromados  Lona muy resistente de nylon que permite un mejor y r\u00e1pido agarre sin da\u00f1ar las superficies\" \/>\n<meta property=\"og:url\" content=\"https:\/\/solumeca.com\/?product=llave-universal-de-correa-para-filtro-de-12-modelo802-urrea-ref-802-urrea\" \/>\n<meta property=\"og:site_name\" content=\"Herramientas Industriales - Equipos de Seguridad - Solumeca.com\" \/>\n<meta property=\"article:modified_time\" content=\"2026-03-17T20:16:29+00:00\" \/>\n<meta name=\"twitter:card\" content=\"summary_large_image\" \/>\n<script type=\"application\/ld+json\" class=\"yoast-schema-graph\">{\"@context\":\"https:\/\/schema.org\",\"@graph\":[{\"@type\":\"WebPage\",\"@id\":\"https:\/\/solumeca.com\/?product=llave-universal-de-correa-para-filtro-de-12-modelo802-urrea-ref-802-urrea\",\"url\":\"https:\/\/solumeca.com\/?product=llave-universal-de-correa-para-filtro-de-12-modelo802-urrea-ref-802-urrea\",\"name\":\"LLAVE UNIVERSAL DE CORREA PARA FILTRO DE 12\\\" MODELO:802 URREA - Ref.802-URREA - Herramientas Industriales - Equipos de Seguridad - Solumeca.com\",\"isPartOf\":{\"@id\":\"https:\/\/solumeca.com\/#website\"},\"primaryImageOfPage\":{\"@id\":\"https:\/\/solumeca.com\/?product=llave-universal-de-correa-para-filtro-de-12-modelo802-urrea-ref-802-urrea#primaryimage\"},\"image\":{\"@id\":\"https:\/\/solumeca.com\/?product=llave-universal-de-correa-para-filtro-de-12-modelo802-urrea-ref-802-urrea#primaryimage\"},\"thumbnailUrl\":\"https:\/\/solumeca.com\/wp-content\/uploads\/2026\/03\/802-llave-universal-de-lona-3-urrea.jpg\",\"datePublished\":\"2026-03-17T20:16:21+00:00\",\"dateModified\":\"2026-03-17T20:16:29+00:00\",\"breadcrumb\":{\"@id\":\"https:\/\/solumeca.com\/?product=llave-universal-de-correa-para-filtro-de-12-modelo802-urrea-ref-802-urrea#breadcrumb\"},\"inLanguage\":\"es\",\"potentialAction\":[{\"@type\":\"ReadAction\",\"target\":[\"https:\/\/solumeca.com\/?product=llave-universal-de-correa-para-filtro-de-12-modelo802-urrea-ref-802-urrea\"]}]},{\"@type\":\"ImageObject\",\"inLanguage\":\"es\",\"@id\":\"https:\/\/solumeca.com\/?product=llave-universal-de-correa-para-filtro-de-12-modelo802-urrea-ref-802-urrea#primaryimage\",\"url\":\"https:\/\/solumeca.com\/wp-content\/uploads\/2026\/03\/802-llave-universal-de-lona-3-urrea.jpg\",\"contentUrl\":\"https:\/\/solumeca.com\/wp-content\/uploads\/2026\/03\/802-llave-universal-de-lona-3-urrea.jpg\",\"width\":800,\"height\":800},{\"@type\":\"BreadcrumbList\",\"@id\":\"https:\/\/solumeca.com\/?product=llave-universal-de-correa-para-filtro-de-12-modelo802-urrea-ref-802-urrea#breadcrumb\",\"itemListElement\":[{\"@type\":\"ListItem\",\"position\":1,\"name\":\"Portada\",\"item\":\"https:\/\/solumeca.com\/\"},{\"@type\":\"ListItem\",\"position\":2,\"name\":\"Shop\",\"item\":\"https:\/\/solumeca.com\/?page_id=10\"},{\"@type\":\"ListItem\",\"position\":3,\"name\":\"LLAVE UNIVERSAL DE CORREA PARA FILTRO DE 12&#8243; MODELO:802 URREA &#8211; Ref.802-URREA\"}]},{\"@type\":\"WebSite\",\"@id\":\"https:\/\/solumeca.com\/#website\",\"url\":\"https:\/\/solumeca.com\/\",\"name\":\"SOS Integral - Equipos de Seguridad - Herramientas Industriales\",\"description\":\"Equipos de Seguridad, Santo Domingo, Republica Dominicana, Herramientas Industriales,Tel.: (809) 274-3888 \/ Info@solumeca.com\",\"publisher\":{\"@id\":\"https:\/\/solumeca.com\/#organization\"},\"potentialAction\":[{\"@type\":\"SearchAction\",\"target\":{\"@type\":\"EntryPoint\",\"urlTemplate\":\"https:\/\/solumeca.com\/?s={search_term_string}\"},\"query-input\":\"required name=search_term_string\"}],\"inLanguage\":\"es\"},{\"@type\":\"Organization\",\"@id\":\"https:\/\/solumeca.com\/#organization\",\"name\":\"SOS Integral - Equipos de Seguridad - Herramientas Industriales\",\"url\":\"https:\/\/solumeca.com\/\",\"logo\":{\"@type\":\"ImageObject\",\"inLanguage\":\"es\",\"@id\":\"https:\/\/solumeca.com\/#\/schema\/logo\/image\/\",\"url\":\"https:\/\/solumeca.com\/wp-content\/uploads\/2024\/04\/equipos-de-seguridad-sos-2.png\",\"contentUrl\":\"https:\/\/solumeca.com\/wp-content\/uploads\/2024\/04\/equipos-de-seguridad-sos-2.png\",\"width\":600,\"height\":259,\"caption\":\"SOS Integral - Equipos de Seguridad - Herramientas Industriales\"},\"image\":{\"@id\":\"https:\/\/solumeca.com\/#\/schema\/logo\/image\/\"},\"sameAs\":[\"https:\/\/www.instagram.com\/sosintegralrd\/\"]}]}<\/script>\n<!-- \/ Yoast SEO Premium plugin. -->","yoast_head_json":{"title":"LLAVE UNIVERSAL DE CORREA PARA FILTRO DE 12\" MODELO:802 URREA - Ref.802-URREA - Herramientas Industriales - Equipos de Seguridad - Solumeca.com","robots":{"index":"index","follow":"follow","max-snippet":"max-snippet:-1","max-image-preview":"max-image-preview:large","max-video-preview":"max-video-preview:-1"},"canonical":"https:\/\/solumeca.com\/?product=llave-universal-de-correa-para-filtro-de-12-modelo802-urrea-ref-802-urrea","og_locale":"es_ES","og_type":"article","og_title":"LLAVE UNIVERSAL DE CORREA PARA FILTRO DE 12\" MODELO:802 URREA - Ref.802-URREA","og_description":"Llave universal de lona 3\" Urrea  Por su dise\u00f1o y correa de lona esta llave es muy utilizada en instalaciones donde la tuber\u00eda es de vidrio, PVC, pl\u00e1stico o de cualquier otro material delicado  Cuerpo fabricado en aleaci\u00f3n de aluminio especial que lo hace ligero y resistente  Llave de lona especial para tubos pl\u00e1sticos y cromados  Lona muy resistente de nylon que permite un mejor y r\u00e1pido agarre sin da\u00f1ar las superficies","og_url":"https:\/\/solumeca.com\/?product=llave-universal-de-correa-para-filtro-de-12-modelo802-urrea-ref-802-urrea","og_site_name":"Herramientas Industriales - Equipos de Seguridad - Solumeca.com","article_modified_time":"2026-03-17T20:16:29+00:00","twitter_card":"summary_large_image","schema":{"@context":"https:\/\/schema.org","@graph":[{"@type":"WebPage","@id":"https:\/\/solumeca.com\/?product=llave-universal-de-correa-para-filtro-de-12-modelo802-urrea-ref-802-urrea","url":"https:\/\/solumeca.com\/?product=llave-universal-de-correa-para-filtro-de-12-modelo802-urrea-ref-802-urrea","name":"LLAVE UNIVERSAL DE CORREA PARA FILTRO DE 12\" MODELO:802 URREA - Ref.802-URREA - Herramientas Industriales - Equipos de Seguridad - Solumeca.com","isPartOf":{"@id":"https:\/\/solumeca.com\/#website"},"primaryImageOfPage":{"@id":"https:\/\/solumeca.com\/?product=llave-universal-de-correa-para-filtro-de-12-modelo802-urrea-ref-802-urrea#primaryimage"},"image":{"@id":"https:\/\/solumeca.com\/?product=llave-universal-de-correa-para-filtro-de-12-modelo802-urrea-ref-802-urrea#primaryimage"},"thumbnailUrl":"https:\/\/solumeca.com\/wp-content\/uploads\/2026\/03\/802-llave-universal-de-lona-3-urrea.jpg","datePublished":"2026-03-17T20:16:21+00:00","dateModified":"2026-03-17T20:16:29+00:00","breadcrumb":{"@id":"https:\/\/solumeca.com\/?product=llave-universal-de-correa-para-filtro-de-12-modelo802-urrea-ref-802-urrea#breadcrumb"},"inLanguage":"es","potentialAction":[{"@type":"ReadAction","target":["https:\/\/solumeca.com\/?product=llave-universal-de-correa-para-filtro-de-12-modelo802-urrea-ref-802-urrea"]}]},{"@type":"ImageObject","inLanguage":"es","@id":"https:\/\/solumeca.com\/?product=llave-universal-de-correa-para-filtro-de-12-modelo802-urrea-ref-802-urrea#primaryimage","url":"https:\/\/solumeca.com\/wp-content\/uploads\/2026\/03\/802-llave-universal-de-lona-3-urrea.jpg","contentUrl":"https:\/\/solumeca.com\/wp-content\/uploads\/2026\/03\/802-llave-universal-de-lona-3-urrea.jpg","width":800,"height":800},{"@type":"BreadcrumbList","@id":"https:\/\/solumeca.com\/?product=llave-universal-de-correa-para-filtro-de-12-modelo802-urrea-ref-802-urrea#breadcrumb","itemListElement":[{"@type":"ListItem","position":1,"name":"Portada","item":"https:\/\/solumeca.com\/"},{"@type":"ListItem","position":2,"name":"Shop","item":"https:\/\/solumeca.com\/?page_id=10"},{"@type":"ListItem","position":3,"name":"LLAVE UNIVERSAL DE CORREA PARA FILTRO DE 12&#8243; MODELO:802 URREA &#8211; Ref.802-URREA"}]},{"@type":"WebSite","@id":"https:\/\/solumeca.com\/#website","url":"https:\/\/solumeca.com\/","name":"SOS Integral - Equipos de Seguridad - Herramientas Industriales","description":"Equipos de Seguridad, Santo Domingo, Republica Dominicana, Herramientas Industriales,Tel.: (809) 274-3888 \/ Info@solumeca.com","publisher":{"@id":"https:\/\/solumeca.com\/#organization"},"potentialAction":[{"@type":"SearchAction","target":{"@type":"EntryPoint","urlTemplate":"https:\/\/solumeca.com\/?s={search_term_string}"},"query-input":"required name=search_term_string"}],"inLanguage":"es"},{"@type":"Organization","@id":"https:\/\/solumeca.com\/#organization","name":"SOS Integral - Equipos de Seguridad - Herramientas Industriales","url":"https:\/\/solumeca.com\/","logo":{"@type":"ImageObject","inLanguage":"es","@id":"https:\/\/solumeca.com\/#\/schema\/logo\/image\/","url":"https:\/\/solumeca.com\/wp-content\/uploads\/2024\/04\/equipos-de-seguridad-sos-2.png","contentUrl":"https:\/\/solumeca.com\/wp-content\/uploads\/2024\/04\/equipos-de-seguridad-sos-2.png","width":600,"height":259,"caption":"SOS Integral - Equipos de Seguridad - Herramientas Industriales"},"image":{"@id":"https:\/\/solumeca.com\/#\/schema\/logo\/image\/"},"sameAs":["https:\/\/www.instagram.com\/sosintegralrd\/"]}]}},"_links":{"self":[{"href":"https:\/\/solumeca.com\/index.php?rest_route=\/wp\/v2\/product\/37040","targetHints":{"allow":["GET"]}}],"collection":[{"href":"https:\/\/solumeca.com\/index.php?rest_route=\/wp\/v2\/product"}],"about":[{"href":"https:\/\/solumeca.com\/index.php?rest_route=\/wp\/v2\/types\/product"}],"replies":[{"embeddable":true,"href":"https:\/\/solumeca.com\/index.php?rest_route=%2Fwp%2Fv2%2Fcomments&post=37040"}],"version-history":[{"count":1,"href":"https:\/\/solumeca.com\/index.php?rest_route=\/wp\/v2\/product\/37040\/revisions"}],"predecessor-version":[{"id":37070,"href":"https:\/\/solumeca.com\/index.php?rest_route=\/wp\/v2\/product\/37040\/revisions\/37070"}],"wp:featuredmedia":[{"embeddable":true,"href":"https:\/\/solumeca.com\/index.php?rest_route=\/wp\/v2\/media\/28561"}],"wp:attachment":[{"href":"https:\/\/solumeca.com\/index.php?rest_route=%2Fwp%2Fv2%2Fmedia&parent=37040"}],"wp:term":[{"taxonomy":"product_brand","embeddable":true,"href":"https:\/\/solumeca.com\/index.php?rest_route=%2Fwp%2Fv2%2Fproduct_brand&post=37040"},{"taxonomy":"product_cat","embeddable":true,"href":"https:\/\/solumeca.com\/index.php?rest_route=%2Fwp%2Fv2%2Fproduct_cat&post=37040"},{"taxonomy":"product_tag","embeddable":true,"href":"https:\/\/solumeca.com\/index.php?rest_route=%2Fwp%2Fv2%2Fproduct_tag&post=37040"}],"curies":[{"name":"wp","href":"https:\/\/api.w.org\/{rel}","templated":true}]}}