{"id":36953,"date":"2026-03-17T21:16:00","date_gmt":"2026-03-17T20:16:00","guid":{"rendered":"https:\/\/solumeca.com\/?post_type=product&#038;p=36953"},"modified":"2026-03-17T21:16:05","modified_gmt":"2026-03-17T20:16:05","slug":"llave-ajustable-cromada-de-12-modelo712-urrea-ref-712","status":"publish","type":"product","link":"https:\/\/solumeca.com\/?product=llave-ajustable-cromada-de-12-modelo712-urrea-ref-712","title":{"rendered":"LLAVE AJUSTABLE CROMADA DE 12&#8243; MODELO:712 URREA &#8211; Ref.712"},"content":{"rendered":"","protected":false},"excerpt":{"rendered":"<div id=\"product-description-short-10669\" class=\"product-description-short\">\n<ul>\n<li>Maquinado de gran precisi\u00f3n para asegurar un suave accionamiento y mejor ajuste al cerrar la quijada<\/li>\n<li>Abertura con esquinas redondeadas que evitan la concentraci\u00f3n de esfuerzo y un mejor ajuste<\/li>\n<li>Mordazas de capacidad extra que permite cubrir una amplia variedad de tornillos y tuercas<\/li>\n<li>Mango ergon\u00f3mico<\/li>\n<li>Acabado al cromo-n\u00edquel para evitar la corrosi\u00f3n<\/li>\n<\/ul>\n<\/div>\n","protected":false},"featured_media":28405,"comment_status":"closed","ping_status":"closed","template":"","meta":[],"product_brand":[],"product_cat":[371],"product_tag":[],"class_list":{"0":"post-36953","1":"product","2":"type-product","3":"status-publish","4":"has-post-thumbnail","6":"product_cat-urrea","8":"first","9":"instock","10":"taxable","11":"shipping-taxable","12":"purchasable","13":"product-type-simple"},"yoast_head":"<!-- This site is optimized with the Yoast SEO Premium plugin v22.5 (Yoast SEO v22.6) - https:\/\/yoast.com\/wordpress\/plugins\/seo\/ -->\n<title>LLAVE AJUSTABLE CROMADA DE 12&quot; MODELO:712 URREA - Ref.712 - Herramientas Industriales - Equipos de Seguridad - Solumeca.com<\/title>\n<meta name=\"robots\" content=\"index, follow, max-snippet:-1, max-image-preview:large, max-video-preview:-1\" \/>\n<link rel=\"canonical\" href=\"https:\/\/solumeca.com\/?product=llave-ajustable-cromada-de-12-modelo712-urrea-ref-712\" \/>\n<meta property=\"og:locale\" content=\"es_ES\" \/>\n<meta property=\"og:type\" content=\"article\" \/>\n<meta property=\"og:title\" content=\"LLAVE AJUSTABLE CROMADA DE 12&quot; MODELO:712 URREA - Ref.712\" \/>\n<meta property=\"og:description\" content=\"Maquinado de gran precisi\u00f3n para asegurar un suave accionamiento y mejor ajuste al cerrar la quijada  Abertura con esquinas redondeadas que evitan la concentraci\u00f3n de esfuerzo y un mejor ajuste  Mordazas de capacidad extra que permite cubrir una amplia variedad de tornillos y tuercas  Mango ergon\u00f3mico  Acabado al cromo-n\u00edquel para evitar la corrosi\u00f3n\" \/>\n<meta property=\"og:url\" content=\"https:\/\/solumeca.com\/?product=llave-ajustable-cromada-de-12-modelo712-urrea-ref-712\" \/>\n<meta property=\"og:site_name\" content=\"Herramientas Industriales - Equipos de Seguridad - Solumeca.com\" \/>\n<meta property=\"article:modified_time\" content=\"2026-03-17T20:16:05+00:00\" \/>\n<meta name=\"twitter:card\" content=\"summary_large_image\" \/>\n<script type=\"application\/ld+json\" class=\"yoast-schema-graph\">{\"@context\":\"https:\/\/schema.org\",\"@graph\":[{\"@type\":\"WebPage\",\"@id\":\"https:\/\/solumeca.com\/?product=llave-ajustable-cromada-de-12-modelo712-urrea-ref-712\",\"url\":\"https:\/\/solumeca.com\/?product=llave-ajustable-cromada-de-12-modelo712-urrea-ref-712\",\"name\":\"LLAVE AJUSTABLE CROMADA DE 12\\\" MODELO:712 URREA - Ref.712 - Herramientas Industriales - Equipos de Seguridad - Solumeca.com\",\"isPartOf\":{\"@id\":\"https:\/\/solumeca.com\/#website\"},\"primaryImageOfPage\":{\"@id\":\"https:\/\/solumeca.com\/?product=llave-ajustable-cromada-de-12-modelo712-urrea-ref-712#primaryimage\"},\"image\":{\"@id\":\"https:\/\/solumeca.com\/?product=llave-ajustable-cromada-de-12-modelo712-urrea-ref-712#primaryimage\"},\"thumbnailUrl\":\"https:\/\/solumeca.com\/wp-content\/uploads\/2026\/03\/712-llave-ajustable-12-cromada-urrea.jpg\",\"datePublished\":\"2026-03-17T20:16:00+00:00\",\"dateModified\":\"2026-03-17T20:16:05+00:00\",\"breadcrumb\":{\"@id\":\"https:\/\/solumeca.com\/?product=llave-ajustable-cromada-de-12-modelo712-urrea-ref-712#breadcrumb\"},\"inLanguage\":\"es\",\"potentialAction\":[{\"@type\":\"ReadAction\",\"target\":[\"https:\/\/solumeca.com\/?product=llave-ajustable-cromada-de-12-modelo712-urrea-ref-712\"]}]},{\"@type\":\"ImageObject\",\"inLanguage\":\"es\",\"@id\":\"https:\/\/solumeca.com\/?product=llave-ajustable-cromada-de-12-modelo712-urrea-ref-712#primaryimage\",\"url\":\"https:\/\/solumeca.com\/wp-content\/uploads\/2026\/03\/712-llave-ajustable-12-cromada-urrea.jpg\",\"contentUrl\":\"https:\/\/solumeca.com\/wp-content\/uploads\/2026\/03\/712-llave-ajustable-12-cromada-urrea.jpg\",\"width\":800,\"height\":800},{\"@type\":\"BreadcrumbList\",\"@id\":\"https:\/\/solumeca.com\/?product=llave-ajustable-cromada-de-12-modelo712-urrea-ref-712#breadcrumb\",\"itemListElement\":[{\"@type\":\"ListItem\",\"position\":1,\"name\":\"Portada\",\"item\":\"https:\/\/solumeca.com\/\"},{\"@type\":\"ListItem\",\"position\":2,\"name\":\"Shop\",\"item\":\"https:\/\/solumeca.com\/?page_id=10\"},{\"@type\":\"ListItem\",\"position\":3,\"name\":\"LLAVE AJUSTABLE CROMADA DE 12&#8243; MODELO:712 URREA &#8211; Ref.712\"}]},{\"@type\":\"WebSite\",\"@id\":\"https:\/\/solumeca.com\/#website\",\"url\":\"https:\/\/solumeca.com\/\",\"name\":\"SOS Integral - Equipos de Seguridad - Herramientas Industriales\",\"description\":\"Equipos de Seguridad, Santo Domingo, Republica Dominicana, Herramientas Industriales,Tel.: (809) 274-3888 \/ Info@solumeca.com\",\"publisher\":{\"@id\":\"https:\/\/solumeca.com\/#organization\"},\"potentialAction\":[{\"@type\":\"SearchAction\",\"target\":{\"@type\":\"EntryPoint\",\"urlTemplate\":\"https:\/\/solumeca.com\/?s={search_term_string}\"},\"query-input\":\"required name=search_term_string\"}],\"inLanguage\":\"es\"},{\"@type\":\"Organization\",\"@id\":\"https:\/\/solumeca.com\/#organization\",\"name\":\"SOS Integral - Equipos de Seguridad - Herramientas Industriales\",\"url\":\"https:\/\/solumeca.com\/\",\"logo\":{\"@type\":\"ImageObject\",\"inLanguage\":\"es\",\"@id\":\"https:\/\/solumeca.com\/#\/schema\/logo\/image\/\",\"url\":\"https:\/\/solumeca.com\/wp-content\/uploads\/2024\/04\/equipos-de-seguridad-sos-2.png\",\"contentUrl\":\"https:\/\/solumeca.com\/wp-content\/uploads\/2024\/04\/equipos-de-seguridad-sos-2.png\",\"width\":600,\"height\":259,\"caption\":\"SOS Integral - Equipos de Seguridad - Herramientas Industriales\"},\"image\":{\"@id\":\"https:\/\/solumeca.com\/#\/schema\/logo\/image\/\"},\"sameAs\":[\"https:\/\/www.instagram.com\/sosintegralrd\/\"]}]}<\/script>\n<!-- \/ Yoast SEO Premium plugin. -->","yoast_head_json":{"title":"LLAVE AJUSTABLE CROMADA DE 12\" MODELO:712 URREA - Ref.712 - Herramientas Industriales - Equipos de Seguridad - Solumeca.com","robots":{"index":"index","follow":"follow","max-snippet":"max-snippet:-1","max-image-preview":"max-image-preview:large","max-video-preview":"max-video-preview:-1"},"canonical":"https:\/\/solumeca.com\/?product=llave-ajustable-cromada-de-12-modelo712-urrea-ref-712","og_locale":"es_ES","og_type":"article","og_title":"LLAVE AJUSTABLE CROMADA DE 12\" MODELO:712 URREA - Ref.712","og_description":"Maquinado de gran precisi\u00f3n para asegurar un suave accionamiento y mejor ajuste al cerrar la quijada  Abertura con esquinas redondeadas que evitan la concentraci\u00f3n de esfuerzo y un mejor ajuste  Mordazas de capacidad extra que permite cubrir una amplia variedad de tornillos y tuercas  Mango ergon\u00f3mico  Acabado al cromo-n\u00edquel para evitar la corrosi\u00f3n","og_url":"https:\/\/solumeca.com\/?product=llave-ajustable-cromada-de-12-modelo712-urrea-ref-712","og_site_name":"Herramientas Industriales - Equipos de Seguridad - Solumeca.com","article_modified_time":"2026-03-17T20:16:05+00:00","twitter_card":"summary_large_image","schema":{"@context":"https:\/\/schema.org","@graph":[{"@type":"WebPage","@id":"https:\/\/solumeca.com\/?product=llave-ajustable-cromada-de-12-modelo712-urrea-ref-712","url":"https:\/\/solumeca.com\/?product=llave-ajustable-cromada-de-12-modelo712-urrea-ref-712","name":"LLAVE AJUSTABLE CROMADA DE 12\" MODELO:712 URREA - Ref.712 - Herramientas Industriales - Equipos de Seguridad - Solumeca.com","isPartOf":{"@id":"https:\/\/solumeca.com\/#website"},"primaryImageOfPage":{"@id":"https:\/\/solumeca.com\/?product=llave-ajustable-cromada-de-12-modelo712-urrea-ref-712#primaryimage"},"image":{"@id":"https:\/\/solumeca.com\/?product=llave-ajustable-cromada-de-12-modelo712-urrea-ref-712#primaryimage"},"thumbnailUrl":"https:\/\/solumeca.com\/wp-content\/uploads\/2026\/03\/712-llave-ajustable-12-cromada-urrea.jpg","datePublished":"2026-03-17T20:16:00+00:00","dateModified":"2026-03-17T20:16:05+00:00","breadcrumb":{"@id":"https:\/\/solumeca.com\/?product=llave-ajustable-cromada-de-12-modelo712-urrea-ref-712#breadcrumb"},"inLanguage":"es","potentialAction":[{"@type":"ReadAction","target":["https:\/\/solumeca.com\/?product=llave-ajustable-cromada-de-12-modelo712-urrea-ref-712"]}]},{"@type":"ImageObject","inLanguage":"es","@id":"https:\/\/solumeca.com\/?product=llave-ajustable-cromada-de-12-modelo712-urrea-ref-712#primaryimage","url":"https:\/\/solumeca.com\/wp-content\/uploads\/2026\/03\/712-llave-ajustable-12-cromada-urrea.jpg","contentUrl":"https:\/\/solumeca.com\/wp-content\/uploads\/2026\/03\/712-llave-ajustable-12-cromada-urrea.jpg","width":800,"height":800},{"@type":"BreadcrumbList","@id":"https:\/\/solumeca.com\/?product=llave-ajustable-cromada-de-12-modelo712-urrea-ref-712#breadcrumb","itemListElement":[{"@type":"ListItem","position":1,"name":"Portada","item":"https:\/\/solumeca.com\/"},{"@type":"ListItem","position":2,"name":"Shop","item":"https:\/\/solumeca.com\/?page_id=10"},{"@type":"ListItem","position":3,"name":"LLAVE AJUSTABLE CROMADA DE 12&#8243; MODELO:712 URREA &#8211; Ref.712"}]},{"@type":"WebSite","@id":"https:\/\/solumeca.com\/#website","url":"https:\/\/solumeca.com\/","name":"SOS Integral - Equipos de Seguridad - Herramientas Industriales","description":"Equipos de Seguridad, Santo Domingo, Republica Dominicana, Herramientas Industriales,Tel.: (809) 274-3888 \/ Info@solumeca.com","publisher":{"@id":"https:\/\/solumeca.com\/#organization"},"potentialAction":[{"@type":"SearchAction","target":{"@type":"EntryPoint","urlTemplate":"https:\/\/solumeca.com\/?s={search_term_string}"},"query-input":"required name=search_term_string"}],"inLanguage":"es"},{"@type":"Organization","@id":"https:\/\/solumeca.com\/#organization","name":"SOS Integral - Equipos de Seguridad - Herramientas Industriales","url":"https:\/\/solumeca.com\/","logo":{"@type":"ImageObject","inLanguage":"es","@id":"https:\/\/solumeca.com\/#\/schema\/logo\/image\/","url":"https:\/\/solumeca.com\/wp-content\/uploads\/2024\/04\/equipos-de-seguridad-sos-2.png","contentUrl":"https:\/\/solumeca.com\/wp-content\/uploads\/2024\/04\/equipos-de-seguridad-sos-2.png","width":600,"height":259,"caption":"SOS Integral - Equipos de Seguridad - Herramientas Industriales"},"image":{"@id":"https:\/\/solumeca.com\/#\/schema\/logo\/image\/"},"sameAs":["https:\/\/www.instagram.com\/sosintegralrd\/"]}]}},"_links":{"self":[{"href":"https:\/\/solumeca.com\/index.php?rest_route=\/wp\/v2\/product\/36953","targetHints":{"allow":["GET"]}}],"collection":[{"href":"https:\/\/solumeca.com\/index.php?rest_route=\/wp\/v2\/product"}],"about":[{"href":"https:\/\/solumeca.com\/index.php?rest_route=\/wp\/v2\/types\/product"}],"replies":[{"embeddable":true,"href":"https:\/\/solumeca.com\/index.php?rest_route=%2Fwp%2Fv2%2Fcomments&post=36953"}],"version-history":[{"count":1,"href":"https:\/\/solumeca.com\/index.php?rest_route=\/wp\/v2\/product\/36953\/revisions"}],"predecessor-version":[{"id":36983,"href":"https:\/\/solumeca.com\/index.php?rest_route=\/wp\/v2\/product\/36953\/revisions\/36983"}],"wp:featuredmedia":[{"embeddable":true,"href":"https:\/\/solumeca.com\/index.php?rest_route=\/wp\/v2\/media\/28405"}],"wp:attachment":[{"href":"https:\/\/solumeca.com\/index.php?rest_route=%2Fwp%2Fv2%2Fmedia&parent=36953"}],"wp:term":[{"taxonomy":"product_brand","embeddable":true,"href":"https:\/\/solumeca.com\/index.php?rest_route=%2Fwp%2Fv2%2Fproduct_brand&post=36953"},{"taxonomy":"product_cat","embeddable":true,"href":"https:\/\/solumeca.com\/index.php?rest_route=%2Fwp%2Fv2%2Fproduct_cat&post=36953"},{"taxonomy":"product_tag","embeddable":true,"href":"https:\/\/solumeca.com\/index.php?rest_route=%2Fwp%2Fv2%2Fproduct_tag&post=36953"}],"curies":[{"name":"wp","href":"https:\/\/api.w.org\/{rel}","templated":true}]}}