{"id":36405,"date":"2026-03-17T21:11:10","date_gmt":"2026-03-17T20:11:10","guid":{"rendered":"https:\/\/solumeca.com\/?post_type=product&#038;p=36405"},"modified":"2026-03-17T21:11:25","modified_gmt":"2026-03-17T20:11:25","slug":"remachadora-cabeza-giratoria-de-4-boquilla-refmr77c-stanley-ref-mr77c","status":"publish","type":"product","link":"https:\/\/solumeca.com\/?product=remachadora-cabeza-giratoria-de-4-boquilla-refmr77c-stanley-ref-mr77c","title":{"rendered":"REMACHADORA CABEZA GIRATORIA DE 4 BOQUILLA REF:MR77C STANLEY &#8211; Ref.MR77C"},"content":{"rendered":"","protected":false},"excerpt":{"rendered":"<div class=\"flex-1 overflow-hidden\">\n<div class=\"react-scroll-to-bottom--css-muhhx-79elbk h-full\">\n<div class=\"react-scroll-to-bottom--css-muhhx-1n7m0yu\">\n<div>\n<div class=\"flex flex-col text-sm pb-9\">\n<div class=\"w-full text-token-text-primary\" dir=\"auto\" data-testid=\"conversation-turn-57\" data-scroll-anchor=\"true\">\n<div class=\"py-2 px-3 text-base md:px-4 m-auto md:px-5 lg:px-1 xl:px-5\">\n<div class=\"mx-auto flex flex-1 gap-3 text-base juice:gap-4 juice:md:gap-6 md:max-w-3xl lg:max-w-[40rem] xl:max-w-[48rem]\">\n<div class=\"relative flex w-full min-w-0 flex-col agent-turn\">\n<div class=\"flex-col gap-1 md:gap-3\">\n<div class=\"flex flex-grow flex-col max-w-full\">\n<div class=\"min-h-[20px] text-message flex flex-col items-start whitespace-pre-wrap break-words [.text-message+&amp;]:mt-5 overflow-x-auto gap-3\" dir=\"auto\" data-message-author-role=\"assistant\" data-message-id=\"a167978b-1aad-4b46-8475-a981c6dc5b9a\">\n<div class=\"markdown prose w-full break-words dark:prose-invert dark\">\n<p>La remachadora con cabeza giratoria de 4 boquillas es una herramienta vers\u00e1til dise\u00f1ada para aplicar remaches en una variedad de proyectos. Con su cabeza giratoria, permite un acceso f\u00e1cil y conveniente a \u00e1reas dif\u00edciles de alcanzar. Equipada con 4 boquillas intercambiables, ofrece flexibilidad para trabajar con diferentes tama\u00f1os de remaches. Ideal para trabajos de reparaci\u00f3n, fabricaci\u00f3n y proyectos de bricolaje que requieren una uni\u00f3n s\u00f3lida y duradera.<\/p>\n<\/div>\n<\/div>\n<\/div>\n<div class=\"mt-1 flex gap-3 empty:hidden\">\n<div class=\"text-gray-400 flex self-end lg:self-center items-center justify-center lg:justify-start mt-0 -ml-1 h-7 gap-[2px] visible\">\n<p>&nbsp;<\/p>\n<div class=\"flex items-center gap-1.5 text-xs\"><\/div>\n<div class=\"flex\"><\/div>\n<\/div>\n<\/div>\n<div class=\"pr-2 lg:pr-0\"><\/div>\n<\/div>\n<\/div>\n<\/div>\n<\/div>\n<\/div>\n<\/div>\n<\/div>\n<\/div>\n<\/div>\n<\/div>\n<div class=\"w-full md:pt-0 dark:border-white\/20 md:border-transparent md:dark:border-transparent md:w-[calc(100%-.5rem)] juice:w-full\">\n<div class=\"px-3 text-base md:px-4 m-auto md:px-5 lg:px-1 xl:px-5\">\n<div class=\"mx-auto flex flex-1 gap-3 text-base juice:gap-4 juice:md:gap-6 md:max-w-3xl lg:max-w-[40rem] xl:max-w-[48rem]\">\n<div class=\"relative flex h-full max-w-full flex-1 flex-col\">\n<div class=\"absolute bottom-full left-0 right-0\"><\/div>\n<div class=\"flex w-full items-center\"><\/div>\n<\/div>\n<\/div>\n<\/div>\n<\/div>\n","protected":false},"featured_media":27995,"comment_status":"closed","ping_status":"closed","template":"","meta":[],"product_brand":[],"product_cat":[370],"product_tag":[],"class_list":{"0":"post-36405","1":"product","2":"type-product","3":"status-publish","4":"has-post-thumbnail","6":"product_cat-stanley","8":"first","9":"instock","10":"taxable","11":"shipping-taxable","12":"purchasable","13":"product-type-simple"},"yoast_head":"<!-- This site is optimized with the Yoast SEO Premium plugin v22.5 (Yoast SEO v22.6) - https:\/\/yoast.com\/wordpress\/plugins\/seo\/ -->\n<title>REMACHADORA CABEZA GIRATORIA DE 4 BOQUILLA REF:MR77C STANLEY - Ref.MR77C - Herramientas Industriales - Equipos de Seguridad - Solumeca.com<\/title>\n<meta name=\"robots\" content=\"index, follow, max-snippet:-1, max-image-preview:large, max-video-preview:-1\" \/>\n<link rel=\"canonical\" href=\"https:\/\/solumeca.com\/?product=remachadora-cabeza-giratoria-de-4-boquilla-refmr77c-stanley-ref-mr77c\" \/>\n<meta property=\"og:locale\" content=\"es_ES\" \/>\n<meta property=\"og:type\" content=\"article\" \/>\n<meta property=\"og:title\" content=\"REMACHADORA CABEZA GIRATORIA DE 4 BOQUILLA REF:MR77C STANLEY - Ref.MR77C\" \/>\n<meta property=\"og:description\" content=\"La remachadora con cabeza giratoria de 4 boquillas es una herramienta vers\u00e1til dise\u00f1ada para aplicar remaches en una variedad de proyectos. Con su cabeza giratoria, permite un acceso f\u00e1cil y conveniente a \u00e1reas dif\u00edciles de alcanzar. Equipada con 4 boquillas intercambiables, ofrece flexibilidad para trabajar con diferentes tama\u00f1os de remaches. Ideal para trabajos de reparaci\u00f3n, fabricaci\u00f3n y proyectos de bricolaje que requieren una uni\u00f3n s\u00f3lida y duradera.        &nbsp;\" \/>\n<meta property=\"og:url\" content=\"https:\/\/solumeca.com\/?product=remachadora-cabeza-giratoria-de-4-boquilla-refmr77c-stanley-ref-mr77c\" \/>\n<meta property=\"og:site_name\" content=\"Herramientas Industriales - Equipos de Seguridad - Solumeca.com\" \/>\n<meta property=\"article:modified_time\" content=\"2026-03-17T20:11:25+00:00\" \/>\n<meta name=\"twitter:card\" content=\"summary_large_image\" \/>\n<script type=\"application\/ld+json\" class=\"yoast-schema-graph\">{\"@context\":\"https:\/\/schema.org\",\"@graph\":[{\"@type\":\"WebPage\",\"@id\":\"https:\/\/solumeca.com\/?product=remachadora-cabeza-giratoria-de-4-boquilla-refmr77c-stanley-ref-mr77c\",\"url\":\"https:\/\/solumeca.com\/?product=remachadora-cabeza-giratoria-de-4-boquilla-refmr77c-stanley-ref-mr77c\",\"name\":\"REMACHADORA CABEZA GIRATORIA DE 4 BOQUILLA REF:MR77C STANLEY - Ref.MR77C - Herramientas Industriales - Equipos de Seguridad - Solumeca.com\",\"isPartOf\":{\"@id\":\"https:\/\/solumeca.com\/#website\"},\"primaryImageOfPage\":{\"@id\":\"https:\/\/solumeca.com\/?product=remachadora-cabeza-giratoria-de-4-boquilla-refmr77c-stanley-ref-mr77c#primaryimage\"},\"image\":{\"@id\":\"https:\/\/solumeca.com\/?product=remachadora-cabeza-giratoria-de-4-boquilla-refmr77c-stanley-ref-mr77c#primaryimage\"},\"thumbnailUrl\":\"https:\/\/solumeca.com\/wp-content\/uploads\/2026\/03\/rema.png\",\"datePublished\":\"2026-03-17T20:11:10+00:00\",\"dateModified\":\"2026-03-17T20:11:25+00:00\",\"breadcrumb\":{\"@id\":\"https:\/\/solumeca.com\/?product=remachadora-cabeza-giratoria-de-4-boquilla-refmr77c-stanley-ref-mr77c#breadcrumb\"},\"inLanguage\":\"es\",\"potentialAction\":[{\"@type\":\"ReadAction\",\"target\":[\"https:\/\/solumeca.com\/?product=remachadora-cabeza-giratoria-de-4-boquilla-refmr77c-stanley-ref-mr77c\"]}]},{\"@type\":\"ImageObject\",\"inLanguage\":\"es\",\"@id\":\"https:\/\/solumeca.com\/?product=remachadora-cabeza-giratoria-de-4-boquilla-refmr77c-stanley-ref-mr77c#primaryimage\",\"url\":\"https:\/\/solumeca.com\/wp-content\/uploads\/2026\/03\/rema.png\",\"contentUrl\":\"https:\/\/solumeca.com\/wp-content\/uploads\/2026\/03\/rema.png\",\"width\":800,\"height\":800},{\"@type\":\"BreadcrumbList\",\"@id\":\"https:\/\/solumeca.com\/?product=remachadora-cabeza-giratoria-de-4-boquilla-refmr77c-stanley-ref-mr77c#breadcrumb\",\"itemListElement\":[{\"@type\":\"ListItem\",\"position\":1,\"name\":\"Portada\",\"item\":\"https:\/\/solumeca.com\/\"},{\"@type\":\"ListItem\",\"position\":2,\"name\":\"Shop\",\"item\":\"https:\/\/solumeca.com\/?page_id=10\"},{\"@type\":\"ListItem\",\"position\":3,\"name\":\"REMACHADORA CABEZA GIRATORIA DE 4 BOQUILLA REF:MR77C STANLEY &#8211; Ref.MR77C\"}]},{\"@type\":\"WebSite\",\"@id\":\"https:\/\/solumeca.com\/#website\",\"url\":\"https:\/\/solumeca.com\/\",\"name\":\"SOS Integral - Equipos de Seguridad - Herramientas Industriales\",\"description\":\"Equipos de Seguridad, Santo Domingo, Republica Dominicana, Herramientas Industriales,Tel.: (809) 274-3888 \/ Info@solumeca.com\",\"publisher\":{\"@id\":\"https:\/\/solumeca.com\/#organization\"},\"potentialAction\":[{\"@type\":\"SearchAction\",\"target\":{\"@type\":\"EntryPoint\",\"urlTemplate\":\"https:\/\/solumeca.com\/?s={search_term_string}\"},\"query-input\":\"required name=search_term_string\"}],\"inLanguage\":\"es\"},{\"@type\":\"Organization\",\"@id\":\"https:\/\/solumeca.com\/#organization\",\"name\":\"SOS Integral - Equipos de Seguridad - Herramientas Industriales\",\"url\":\"https:\/\/solumeca.com\/\",\"logo\":{\"@type\":\"ImageObject\",\"inLanguage\":\"es\",\"@id\":\"https:\/\/solumeca.com\/#\/schema\/logo\/image\/\",\"url\":\"https:\/\/solumeca.com\/wp-content\/uploads\/2024\/04\/equipos-de-seguridad-sos-2.png\",\"contentUrl\":\"https:\/\/solumeca.com\/wp-content\/uploads\/2024\/04\/equipos-de-seguridad-sos-2.png\",\"width\":600,\"height\":259,\"caption\":\"SOS Integral - Equipos de Seguridad - Herramientas Industriales\"},\"image\":{\"@id\":\"https:\/\/solumeca.com\/#\/schema\/logo\/image\/\"},\"sameAs\":[\"https:\/\/www.instagram.com\/sosintegralrd\/\"]}]}<\/script>\n<!-- \/ Yoast SEO Premium plugin. -->","yoast_head_json":{"title":"REMACHADORA CABEZA GIRATORIA DE 4 BOQUILLA REF:MR77C STANLEY - Ref.MR77C - Herramientas Industriales - Equipos de Seguridad - Solumeca.com","robots":{"index":"index","follow":"follow","max-snippet":"max-snippet:-1","max-image-preview":"max-image-preview:large","max-video-preview":"max-video-preview:-1"},"canonical":"https:\/\/solumeca.com\/?product=remachadora-cabeza-giratoria-de-4-boquilla-refmr77c-stanley-ref-mr77c","og_locale":"es_ES","og_type":"article","og_title":"REMACHADORA CABEZA GIRATORIA DE 4 BOQUILLA REF:MR77C STANLEY - Ref.MR77C","og_description":"La remachadora con cabeza giratoria de 4 boquillas es una herramienta vers\u00e1til dise\u00f1ada para aplicar remaches en una variedad de proyectos. Con su cabeza giratoria, permite un acceso f\u00e1cil y conveniente a \u00e1reas dif\u00edciles de alcanzar. Equipada con 4 boquillas intercambiables, ofrece flexibilidad para trabajar con diferentes tama\u00f1os de remaches. Ideal para trabajos de reparaci\u00f3n, fabricaci\u00f3n y proyectos de bricolaje que requieren una uni\u00f3n s\u00f3lida y duradera.        &nbsp;","og_url":"https:\/\/solumeca.com\/?product=remachadora-cabeza-giratoria-de-4-boquilla-refmr77c-stanley-ref-mr77c","og_site_name":"Herramientas Industriales - Equipos de Seguridad - Solumeca.com","article_modified_time":"2026-03-17T20:11:25+00:00","twitter_card":"summary_large_image","schema":{"@context":"https:\/\/schema.org","@graph":[{"@type":"WebPage","@id":"https:\/\/solumeca.com\/?product=remachadora-cabeza-giratoria-de-4-boquilla-refmr77c-stanley-ref-mr77c","url":"https:\/\/solumeca.com\/?product=remachadora-cabeza-giratoria-de-4-boquilla-refmr77c-stanley-ref-mr77c","name":"REMACHADORA CABEZA GIRATORIA DE 4 BOQUILLA REF:MR77C STANLEY - Ref.MR77C - Herramientas Industriales - Equipos de Seguridad - Solumeca.com","isPartOf":{"@id":"https:\/\/solumeca.com\/#website"},"primaryImageOfPage":{"@id":"https:\/\/solumeca.com\/?product=remachadora-cabeza-giratoria-de-4-boquilla-refmr77c-stanley-ref-mr77c#primaryimage"},"image":{"@id":"https:\/\/solumeca.com\/?product=remachadora-cabeza-giratoria-de-4-boquilla-refmr77c-stanley-ref-mr77c#primaryimage"},"thumbnailUrl":"https:\/\/solumeca.com\/wp-content\/uploads\/2026\/03\/rema.png","datePublished":"2026-03-17T20:11:10+00:00","dateModified":"2026-03-17T20:11:25+00:00","breadcrumb":{"@id":"https:\/\/solumeca.com\/?product=remachadora-cabeza-giratoria-de-4-boquilla-refmr77c-stanley-ref-mr77c#breadcrumb"},"inLanguage":"es","potentialAction":[{"@type":"ReadAction","target":["https:\/\/solumeca.com\/?product=remachadora-cabeza-giratoria-de-4-boquilla-refmr77c-stanley-ref-mr77c"]}]},{"@type":"ImageObject","inLanguage":"es","@id":"https:\/\/solumeca.com\/?product=remachadora-cabeza-giratoria-de-4-boquilla-refmr77c-stanley-ref-mr77c#primaryimage","url":"https:\/\/solumeca.com\/wp-content\/uploads\/2026\/03\/rema.png","contentUrl":"https:\/\/solumeca.com\/wp-content\/uploads\/2026\/03\/rema.png","width":800,"height":800},{"@type":"BreadcrumbList","@id":"https:\/\/solumeca.com\/?product=remachadora-cabeza-giratoria-de-4-boquilla-refmr77c-stanley-ref-mr77c#breadcrumb","itemListElement":[{"@type":"ListItem","position":1,"name":"Portada","item":"https:\/\/solumeca.com\/"},{"@type":"ListItem","position":2,"name":"Shop","item":"https:\/\/solumeca.com\/?page_id=10"},{"@type":"ListItem","position":3,"name":"REMACHADORA CABEZA GIRATORIA DE 4 BOQUILLA REF:MR77C STANLEY &#8211; Ref.MR77C"}]},{"@type":"WebSite","@id":"https:\/\/solumeca.com\/#website","url":"https:\/\/solumeca.com\/","name":"SOS Integral - Equipos de Seguridad - Herramientas Industriales","description":"Equipos de Seguridad, Santo Domingo, Republica Dominicana, Herramientas Industriales,Tel.: (809) 274-3888 \/ Info@solumeca.com","publisher":{"@id":"https:\/\/solumeca.com\/#organization"},"potentialAction":[{"@type":"SearchAction","target":{"@type":"EntryPoint","urlTemplate":"https:\/\/solumeca.com\/?s={search_term_string}"},"query-input":"required name=search_term_string"}],"inLanguage":"es"},{"@type":"Organization","@id":"https:\/\/solumeca.com\/#organization","name":"SOS Integral - Equipos de Seguridad - Herramientas Industriales","url":"https:\/\/solumeca.com\/","logo":{"@type":"ImageObject","inLanguage":"es","@id":"https:\/\/solumeca.com\/#\/schema\/logo\/image\/","url":"https:\/\/solumeca.com\/wp-content\/uploads\/2024\/04\/equipos-de-seguridad-sos-2.png","contentUrl":"https:\/\/solumeca.com\/wp-content\/uploads\/2024\/04\/equipos-de-seguridad-sos-2.png","width":600,"height":259,"caption":"SOS Integral - Equipos de Seguridad - Herramientas Industriales"},"image":{"@id":"https:\/\/solumeca.com\/#\/schema\/logo\/image\/"},"sameAs":["https:\/\/www.instagram.com\/sosintegralrd\/"]}]}},"_links":{"self":[{"href":"https:\/\/solumeca.com\/index.php?rest_route=\/wp\/v2\/product\/36405","targetHints":{"allow":["GET"]}}],"collection":[{"href":"https:\/\/solumeca.com\/index.php?rest_route=\/wp\/v2\/product"}],"about":[{"href":"https:\/\/solumeca.com\/index.php?rest_route=\/wp\/v2\/types\/product"}],"replies":[{"embeddable":true,"href":"https:\/\/solumeca.com\/index.php?rest_route=%2Fwp%2Fv2%2Fcomments&post=36405"}],"version-history":[{"count":1,"href":"https:\/\/solumeca.com\/index.php?rest_route=\/wp\/v2\/product\/36405\/revisions"}],"predecessor-version":[{"id":36435,"href":"https:\/\/solumeca.com\/index.php?rest_route=\/wp\/v2\/product\/36405\/revisions\/36435"}],"wp:featuredmedia":[{"embeddable":true,"href":"https:\/\/solumeca.com\/index.php?rest_route=\/wp\/v2\/media\/27995"}],"wp:attachment":[{"href":"https:\/\/solumeca.com\/index.php?rest_route=%2Fwp%2Fv2%2Fmedia&parent=36405"}],"wp:term":[{"taxonomy":"product_brand","embeddable":true,"href":"https:\/\/solumeca.com\/index.php?rest_route=%2Fwp%2Fv2%2Fproduct_brand&post=36405"},{"taxonomy":"product_cat","embeddable":true,"href":"https:\/\/solumeca.com\/index.php?rest_route=%2Fwp%2Fv2%2Fproduct_cat&post=36405"},{"taxonomy":"product_tag","embeddable":true,"href":"https:\/\/solumeca.com\/index.php?rest_route=%2Fwp%2Fv2%2Fproduct_tag&post=36405"}],"curies":[{"name":"wp","href":"https:\/\/api.w.org\/{rel}","templated":true}]}}