{"id":36398,"date":"2026-03-17T21:11:08","date_gmt":"2026-03-17T20:11:08","guid":{"rendered":"https:\/\/solumeca.com\/?post_type=product&#038;p=36398"},"modified":"2026-03-17T21:11:22","modified_gmt":"2026-03-17T20:11:22","slug":"detector-de-vigas-con-patanlla-lcd-stanley-fatmax-ref-fmht77407","status":"publish","type":"product","link":"https:\/\/solumeca.com\/?product=detector-de-vigas-con-patanlla-lcd-stanley-fatmax-ref-fmht77407","title":{"rendered":"DETECTOR DE VIGAS CON PATANLLA LCD STANLEY\/FATMAX &#8211; Ref.FMHT77407"},"content":{"rendered":"","protected":false},"excerpt":{"rendered":"<div class=\"flex-1 overflow-hidden\">\n<div class=\"react-scroll-to-bottom--css-muhhx-79elbk h-full\">\n<div class=\"react-scroll-to-bottom--css-muhhx-1n7m0yu\">\n<div>\n<div class=\"flex flex-col text-sm pb-9\">\n<div class=\"w-full text-token-text-primary\" dir=\"auto\" data-testid=\"conversation-turn-79\" data-scroll-anchor=\"true\">\n<div class=\"py-2 px-3 text-base md:px-4 m-auto md:px-5 lg:px-1 xl:px-5\">\n<div class=\"mx-auto flex flex-1 gap-3 text-base juice:gap-4 juice:md:gap-6 md:max-w-3xl lg:max-w-[40rem] xl:max-w-[48rem]\">\n<div class=\"relative flex w-full min-w-0 flex-col agent-turn\">\n<div class=\"flex-col gap-1 md:gap-3\">\n<div class=\"flex flex-grow flex-col max-w-full\">\n<div class=\"min-h-[20px] text-message flex flex-col items-start whitespace-pre-wrap break-words [.text-message+&amp;]:mt-5 overflow-x-auto gap-3\" dir=\"auto\" data-message-author-role=\"assistant\" data-message-id=\"2dd34050-8018-4bd6-be69-151cb74349dc\">\n<div class=\"markdown prose w-full break-words dark:prose-invert dark\">\n<p>El detector de vigas con pantalla LCD Stanley\/FatMax es una herramienta avanzada que utiliza tecnolog\u00eda de detecci\u00f3n de alta precisi\u00f3n para localizar con precisi\u00f3n vigas de madera, metal y cables el\u00e9ctricos ocultos en paredes, techos y pisos. Con su pantalla LCD integrada, proporciona una indicaci\u00f3n clara y precisa de la ubicaci\u00f3n de las vigas, permitiendo un trabajo seguro y eficiente. Ideal para carpinteros, contratistas y aficionados al bricolaje que desean realizar proyectos de construcci\u00f3n y renovaci\u00f3n con confianza y precisi\u00f3n.<\/p>\n<\/div>\n<\/div>\n<\/div>\n<div class=\"mt-1 flex gap-3 empty:hidden\">\n<div class=\"text-gray-400 flex self-end lg:self-center items-center justify-center lg:justify-start mt-0 -ml-1 h-7 gap-[2px] visible\"><button class=\"flex items-center gap-1.5 rounded-md p-1 text-xs text-token-text-tertiary hover:text-token-text-primary\"><\/button><\/p>\n<div class=\"flex items-center gap-1.5 text-xs\"><\/div>\n<div class=\"flex\"><\/div>\n<\/div>\n<\/div>\n<div class=\"pr-2 lg:pr-0\"><\/div>\n<\/div>\n<div class=\"absolute\">\n<div class=\"flex w-full gap-2 items-center justify-center\"><\/div>\n<\/div>\n<\/div>\n<\/div>\n<\/div>\n<\/div>\n<\/div>\n<\/div>\n<\/div>\n<\/div>\n<\/div>\n<div class=\"w-full md:pt-0 dark:border-white\/20 md:border-transparent md:dark:border-transparent md:w-[calc(100%-.5rem)] juice:w-full\">\n<div class=\"px-3 text-base md:px-4 m-auto md:px-5 lg:px-1 xl:px-5\">\n<div class=\"mx-auto flex flex-1 gap-3 text-base juice:gap-4 juice:md:gap-6 md:max-w-3xl lg:max-w-[40rem] xl:max-w-[48rem]\">\n<div class=\"relative flex h-full max-w-full flex-1 flex-col\">\n<div class=\"absolute bottom-full left-0 right-0\"><\/div>\n<div class=\"flex w-full items-center\"><\/div>\n<\/div>\n<\/div>\n<\/div>\n<\/div>\n","protected":false},"featured_media":27981,"comment_status":"closed","ping_status":"closed","template":"","meta":[],"product_brand":[],"product_cat":[370],"product_tag":[],"class_list":{"0":"post-36398","1":"product","2":"type-product","3":"status-publish","4":"has-post-thumbnail","6":"product_cat-stanley","8":"first","9":"instock","10":"taxable","11":"shipping-taxable","12":"purchasable","13":"product-type-simple"},"yoast_head":"<!-- This site is optimized with the Yoast SEO Premium plugin v22.5 (Yoast SEO v22.6) - https:\/\/yoast.com\/wordpress\/plugins\/seo\/ -->\n<title>DETECTOR DE VIGAS CON PATANLLA LCD STANLEY\/FATMAX - Ref.FMHT77407 - Herramientas Industriales - Equipos de Seguridad - Solumeca.com<\/title>\n<meta name=\"robots\" content=\"index, follow, max-snippet:-1, max-image-preview:large, max-video-preview:-1\" \/>\n<link rel=\"canonical\" href=\"https:\/\/solumeca.com\/?product=detector-de-vigas-con-patanlla-lcd-stanley-fatmax-ref-fmht77407\" \/>\n<meta property=\"og:locale\" content=\"es_ES\" \/>\n<meta property=\"og:type\" content=\"article\" \/>\n<meta property=\"og:title\" content=\"DETECTOR DE VIGAS CON PATANLLA LCD STANLEY\/FATMAX - Ref.FMHT77407\" \/>\n<meta property=\"og:description\" content=\"El detector de vigas con pantalla LCD Stanley\/FatMax es una herramienta avanzada que utiliza tecnolog\u00eda de detecci\u00f3n de alta precisi\u00f3n para localizar con precisi\u00f3n vigas de madera, metal y cables el\u00e9ctricos ocultos en paredes, techos y pisos. Con su pantalla LCD integrada, proporciona una indicaci\u00f3n clara y precisa de la ubicaci\u00f3n de las vigas, permitiendo un trabajo seguro y eficiente. Ideal para carpinteros, contratistas y aficionados al bricolaje que desean realizar proyectos de construcci\u00f3n y renovaci\u00f3n con confianza y precisi\u00f3n.\" \/>\n<meta property=\"og:url\" content=\"https:\/\/solumeca.com\/?product=detector-de-vigas-con-patanlla-lcd-stanley-fatmax-ref-fmht77407\" \/>\n<meta property=\"og:site_name\" content=\"Herramientas Industriales - Equipos de Seguridad - Solumeca.com\" \/>\n<meta property=\"article:modified_time\" content=\"2026-03-17T20:11:22+00:00\" \/>\n<meta name=\"twitter:card\" content=\"summary_large_image\" \/>\n<script type=\"application\/ld+json\" class=\"yoast-schema-graph\">{\"@context\":\"https:\/\/schema.org\",\"@graph\":[{\"@type\":\"WebPage\",\"@id\":\"https:\/\/solumeca.com\/?product=detector-de-vigas-con-patanlla-lcd-stanley-fatmax-ref-fmht77407\",\"url\":\"https:\/\/solumeca.com\/?product=detector-de-vigas-con-patanlla-lcd-stanley-fatmax-ref-fmht77407\",\"name\":\"DETECTOR DE VIGAS CON PATANLLA LCD STANLEY\/FATMAX - Ref.FMHT77407 - Herramientas Industriales - Equipos de Seguridad - Solumeca.com\",\"isPartOf\":{\"@id\":\"https:\/\/solumeca.com\/#website\"},\"primaryImageOfPage\":{\"@id\":\"https:\/\/solumeca.com\/?product=detector-de-vigas-con-patanlla-lcd-stanley-fatmax-ref-fmht77407#primaryimage\"},\"image\":{\"@id\":\"https:\/\/solumeca.com\/?product=detector-de-vigas-con-patanlla-lcd-stanley-fatmax-ref-fmht77407#primaryimage\"},\"thumbnailUrl\":\"https:\/\/solumeca.com\/wp-content\/uploads\/2026\/03\/FMHT77407_1d38d2b23322e2216f93a377f45d991b.jpg\",\"datePublished\":\"2026-03-17T20:11:08+00:00\",\"dateModified\":\"2026-03-17T20:11:22+00:00\",\"breadcrumb\":{\"@id\":\"https:\/\/solumeca.com\/?product=detector-de-vigas-con-patanlla-lcd-stanley-fatmax-ref-fmht77407#breadcrumb\"},\"inLanguage\":\"es\",\"potentialAction\":[{\"@type\":\"ReadAction\",\"target\":[\"https:\/\/solumeca.com\/?product=detector-de-vigas-con-patanlla-lcd-stanley-fatmax-ref-fmht77407\"]}]},{\"@type\":\"ImageObject\",\"inLanguage\":\"es\",\"@id\":\"https:\/\/solumeca.com\/?product=detector-de-vigas-con-patanlla-lcd-stanley-fatmax-ref-fmht77407#primaryimage\",\"url\":\"https:\/\/solumeca.com\/wp-content\/uploads\/2026\/03\/FMHT77407_1d38d2b23322e2216f93a377f45d991b.jpg\",\"contentUrl\":\"https:\/\/solumeca.com\/wp-content\/uploads\/2026\/03\/FMHT77407_1d38d2b23322e2216f93a377f45d991b.jpg\",\"width\":800,\"height\":600},{\"@type\":\"BreadcrumbList\",\"@id\":\"https:\/\/solumeca.com\/?product=detector-de-vigas-con-patanlla-lcd-stanley-fatmax-ref-fmht77407#breadcrumb\",\"itemListElement\":[{\"@type\":\"ListItem\",\"position\":1,\"name\":\"Portada\",\"item\":\"https:\/\/solumeca.com\/\"},{\"@type\":\"ListItem\",\"position\":2,\"name\":\"Shop\",\"item\":\"https:\/\/solumeca.com\/?page_id=10\"},{\"@type\":\"ListItem\",\"position\":3,\"name\":\"DETECTOR DE VIGAS CON PATANLLA LCD STANLEY\/FATMAX &#8211; Ref.FMHT77407\"}]},{\"@type\":\"WebSite\",\"@id\":\"https:\/\/solumeca.com\/#website\",\"url\":\"https:\/\/solumeca.com\/\",\"name\":\"SOS Integral - Equipos de Seguridad - Herramientas Industriales\",\"description\":\"Equipos de Seguridad, Santo Domingo, Republica Dominicana, Herramientas Industriales,Tel.: (809) 274-3888 \/ Info@solumeca.com\",\"publisher\":{\"@id\":\"https:\/\/solumeca.com\/#organization\"},\"potentialAction\":[{\"@type\":\"SearchAction\",\"target\":{\"@type\":\"EntryPoint\",\"urlTemplate\":\"https:\/\/solumeca.com\/?s={search_term_string}\"},\"query-input\":\"required name=search_term_string\"}],\"inLanguage\":\"es\"},{\"@type\":\"Organization\",\"@id\":\"https:\/\/solumeca.com\/#organization\",\"name\":\"SOS Integral - Equipos de Seguridad - Herramientas Industriales\",\"url\":\"https:\/\/solumeca.com\/\",\"logo\":{\"@type\":\"ImageObject\",\"inLanguage\":\"es\",\"@id\":\"https:\/\/solumeca.com\/#\/schema\/logo\/image\/\",\"url\":\"https:\/\/solumeca.com\/wp-content\/uploads\/2024\/04\/equipos-de-seguridad-sos-2.png\",\"contentUrl\":\"https:\/\/solumeca.com\/wp-content\/uploads\/2024\/04\/equipos-de-seguridad-sos-2.png\",\"width\":600,\"height\":259,\"caption\":\"SOS Integral - Equipos de Seguridad - Herramientas Industriales\"},\"image\":{\"@id\":\"https:\/\/solumeca.com\/#\/schema\/logo\/image\/\"},\"sameAs\":[\"https:\/\/www.instagram.com\/sosintegralrd\/\"]}]}<\/script>\n<!-- \/ Yoast SEO Premium plugin. -->","yoast_head_json":{"title":"DETECTOR DE VIGAS CON PATANLLA LCD STANLEY\/FATMAX - Ref.FMHT77407 - Herramientas Industriales - Equipos de Seguridad - Solumeca.com","robots":{"index":"index","follow":"follow","max-snippet":"max-snippet:-1","max-image-preview":"max-image-preview:large","max-video-preview":"max-video-preview:-1"},"canonical":"https:\/\/solumeca.com\/?product=detector-de-vigas-con-patanlla-lcd-stanley-fatmax-ref-fmht77407","og_locale":"es_ES","og_type":"article","og_title":"DETECTOR DE VIGAS CON PATANLLA LCD STANLEY\/FATMAX - Ref.FMHT77407","og_description":"El detector de vigas con pantalla LCD Stanley\/FatMax es una herramienta avanzada que utiliza tecnolog\u00eda de detecci\u00f3n de alta precisi\u00f3n para localizar con precisi\u00f3n vigas de madera, metal y cables el\u00e9ctricos ocultos en paredes, techos y pisos. Con su pantalla LCD integrada, proporciona una indicaci\u00f3n clara y precisa de la ubicaci\u00f3n de las vigas, permitiendo un trabajo seguro y eficiente. Ideal para carpinteros, contratistas y aficionados al bricolaje que desean realizar proyectos de construcci\u00f3n y renovaci\u00f3n con confianza y precisi\u00f3n.","og_url":"https:\/\/solumeca.com\/?product=detector-de-vigas-con-patanlla-lcd-stanley-fatmax-ref-fmht77407","og_site_name":"Herramientas Industriales - Equipos de Seguridad - Solumeca.com","article_modified_time":"2026-03-17T20:11:22+00:00","twitter_card":"summary_large_image","schema":{"@context":"https:\/\/schema.org","@graph":[{"@type":"WebPage","@id":"https:\/\/solumeca.com\/?product=detector-de-vigas-con-patanlla-lcd-stanley-fatmax-ref-fmht77407","url":"https:\/\/solumeca.com\/?product=detector-de-vigas-con-patanlla-lcd-stanley-fatmax-ref-fmht77407","name":"DETECTOR DE VIGAS CON PATANLLA LCD STANLEY\/FATMAX - Ref.FMHT77407 - Herramientas Industriales - Equipos de Seguridad - Solumeca.com","isPartOf":{"@id":"https:\/\/solumeca.com\/#website"},"primaryImageOfPage":{"@id":"https:\/\/solumeca.com\/?product=detector-de-vigas-con-patanlla-lcd-stanley-fatmax-ref-fmht77407#primaryimage"},"image":{"@id":"https:\/\/solumeca.com\/?product=detector-de-vigas-con-patanlla-lcd-stanley-fatmax-ref-fmht77407#primaryimage"},"thumbnailUrl":"https:\/\/solumeca.com\/wp-content\/uploads\/2026\/03\/FMHT77407_1d38d2b23322e2216f93a377f45d991b.jpg","datePublished":"2026-03-17T20:11:08+00:00","dateModified":"2026-03-17T20:11:22+00:00","breadcrumb":{"@id":"https:\/\/solumeca.com\/?product=detector-de-vigas-con-patanlla-lcd-stanley-fatmax-ref-fmht77407#breadcrumb"},"inLanguage":"es","potentialAction":[{"@type":"ReadAction","target":["https:\/\/solumeca.com\/?product=detector-de-vigas-con-patanlla-lcd-stanley-fatmax-ref-fmht77407"]}]},{"@type":"ImageObject","inLanguage":"es","@id":"https:\/\/solumeca.com\/?product=detector-de-vigas-con-patanlla-lcd-stanley-fatmax-ref-fmht77407#primaryimage","url":"https:\/\/solumeca.com\/wp-content\/uploads\/2026\/03\/FMHT77407_1d38d2b23322e2216f93a377f45d991b.jpg","contentUrl":"https:\/\/solumeca.com\/wp-content\/uploads\/2026\/03\/FMHT77407_1d38d2b23322e2216f93a377f45d991b.jpg","width":800,"height":600},{"@type":"BreadcrumbList","@id":"https:\/\/solumeca.com\/?product=detector-de-vigas-con-patanlla-lcd-stanley-fatmax-ref-fmht77407#breadcrumb","itemListElement":[{"@type":"ListItem","position":1,"name":"Portada","item":"https:\/\/solumeca.com\/"},{"@type":"ListItem","position":2,"name":"Shop","item":"https:\/\/solumeca.com\/?page_id=10"},{"@type":"ListItem","position":3,"name":"DETECTOR DE VIGAS CON PATANLLA LCD STANLEY\/FATMAX &#8211; Ref.FMHT77407"}]},{"@type":"WebSite","@id":"https:\/\/solumeca.com\/#website","url":"https:\/\/solumeca.com\/","name":"SOS Integral - Equipos de Seguridad - Herramientas Industriales","description":"Equipos de Seguridad, Santo Domingo, Republica Dominicana, Herramientas Industriales,Tel.: (809) 274-3888 \/ Info@solumeca.com","publisher":{"@id":"https:\/\/solumeca.com\/#organization"},"potentialAction":[{"@type":"SearchAction","target":{"@type":"EntryPoint","urlTemplate":"https:\/\/solumeca.com\/?s={search_term_string}"},"query-input":"required name=search_term_string"}],"inLanguage":"es"},{"@type":"Organization","@id":"https:\/\/solumeca.com\/#organization","name":"SOS Integral - Equipos de Seguridad - Herramientas Industriales","url":"https:\/\/solumeca.com\/","logo":{"@type":"ImageObject","inLanguage":"es","@id":"https:\/\/solumeca.com\/#\/schema\/logo\/image\/","url":"https:\/\/solumeca.com\/wp-content\/uploads\/2024\/04\/equipos-de-seguridad-sos-2.png","contentUrl":"https:\/\/solumeca.com\/wp-content\/uploads\/2024\/04\/equipos-de-seguridad-sos-2.png","width":600,"height":259,"caption":"SOS Integral - Equipos de Seguridad - Herramientas Industriales"},"image":{"@id":"https:\/\/solumeca.com\/#\/schema\/logo\/image\/"},"sameAs":["https:\/\/www.instagram.com\/sosintegralrd\/"]}]}},"_links":{"self":[{"href":"https:\/\/solumeca.com\/index.php?rest_route=\/wp\/v2\/product\/36398","targetHints":{"allow":["GET"]}}],"collection":[{"href":"https:\/\/solumeca.com\/index.php?rest_route=\/wp\/v2\/product"}],"about":[{"href":"https:\/\/solumeca.com\/index.php?rest_route=\/wp\/v2\/types\/product"}],"replies":[{"embeddable":true,"href":"https:\/\/solumeca.com\/index.php?rest_route=%2Fwp%2Fv2%2Fcomments&post=36398"}],"version-history":[{"count":1,"href":"https:\/\/solumeca.com\/index.php?rest_route=\/wp\/v2\/product\/36398\/revisions"}],"predecessor-version":[{"id":36428,"href":"https:\/\/solumeca.com\/index.php?rest_route=\/wp\/v2\/product\/36398\/revisions\/36428"}],"wp:featuredmedia":[{"embeddable":true,"href":"https:\/\/solumeca.com\/index.php?rest_route=\/wp\/v2\/media\/27981"}],"wp:attachment":[{"href":"https:\/\/solumeca.com\/index.php?rest_route=%2Fwp%2Fv2%2Fmedia&parent=36398"}],"wp:term":[{"taxonomy":"product_brand","embeddable":true,"href":"https:\/\/solumeca.com\/index.php?rest_route=%2Fwp%2Fv2%2Fproduct_brand&post=36398"},{"taxonomy":"product_cat","embeddable":true,"href":"https:\/\/solumeca.com\/index.php?rest_route=%2Fwp%2Fv2%2Fproduct_cat&post=36398"},{"taxonomy":"product_tag","embeddable":true,"href":"https:\/\/solumeca.com\/index.php?rest_route=%2Fwp%2Fv2%2Fproduct_tag&post=36398"}],"curies":[{"name":"wp","href":"https:\/\/api.w.org\/{rel}","templated":true}]}}