{"id":36389,"date":"2026-03-17T21:11:06","date_gmt":"2026-03-17T20:11:06","guid":{"rendered":"https:\/\/solumeca.com\/?post_type=product&#038;p=36389"},"modified":"2026-03-17T21:11:18","modified_gmt":"2026-03-17T20:11:18","slug":"juego-de-9-llave-allen-de-tres-vias-1-5mm-a-6mm-ref95-935-stanley-ref-95-935","status":"publish","type":"product","link":"https:\/\/solumeca.com\/?product=juego-de-9-llave-allen-de-tres-vias-1-5mm-a-6mm-ref95-935-stanley-ref-95-935","title":{"rendered":"JUEGO DE 9 LLAVE ALLEN DE TRES VIAS 1.5MM A 6MM REF:95-935 STANLEY &#8211; Ref.95-935"},"content":{"rendered":"","protected":false},"excerpt":{"rendered":"<div class=\"flex-1 overflow-hidden\">\n<div class=\"react-scroll-to-bottom--css-muhhx-79elbk h-full\">\n<div class=\"react-scroll-to-bottom--css-muhhx-1n7m0yu\">\n<div>\n<div class=\"flex flex-col text-sm pb-9\">\n<div class=\"w-full text-token-text-primary\" dir=\"auto\" data-testid=\"conversation-turn-95\" data-scroll-anchor=\"true\">\n<div class=\"py-2 px-3 text-base md:px-4 m-auto md:px-5 lg:px-1 xl:px-5\">\n<div class=\"mx-auto flex flex-1 gap-3 text-base juice:gap-4 juice:md:gap-6 md:max-w-3xl lg:max-w-[40rem] xl:max-w-[48rem]\">\n<div class=\"relative flex w-full min-w-0 flex-col agent-turn\">\n<div class=\"flex-col gap-1 md:gap-3\">\n<div class=\"flex flex-grow flex-col max-w-full\">\n<div class=\"min-h-[20px] text-message flex flex-col items-start whitespace-pre-wrap break-words [.text-message+&amp;]:mt-5 overflow-x-auto gap-3\" dir=\"auto\" data-message-author-role=\"assistant\" data-message-id=\"14db99c5-2bfa-4c61-a32c-67de825067f8\">\n<div class=\"markdown prose w-full break-words dark:prose-invert dark\">\n<p>El juego de 9 llaves Allen de tres v\u00edas, con tama\u00f1os que van desde 1.5 mm a 6 mm, ofrece una soluci\u00f3n completa y vers\u00e1til para una amplia gama de aplicaciones. Estas llaves Allen cuentan con un dise\u00f1o de tres brazos que proporciona mayor torque y facilita el agarre y la aplicaci\u00f3n de fuerza. Con tama\u00f1os variados, son ideales para ajustar y aflojar tornillos y pernos hexagonales de diferentes dimensiones. Perfectas para mec\u00e1nicos, carpinteros, electricistas y cualquier persona que necesite una herramienta confiable y eficiente.<\/p>\n<\/div>\n<\/div>\n<\/div>\n<div class=\"mt-1 flex gap-3 empty:hidden\">\n<div class=\"text-gray-400 flex self-end lg:self-center items-center justify-center lg:justify-start mt-0 -ml-1 h-7 gap-[2px] visible\"><button class=\"flex items-center gap-1.5 rounded-md p-1 text-xs text-token-text-tertiary hover:text-token-text-primary\"><\/button><\/p>\n<div class=\"flex items-center gap-1.5 text-xs\"><\/div>\n<div class=\"flex\"><\/div>\n<\/div>\n<\/div>\n<div class=\"pr-2 lg:pr-0\"><\/div>\n<\/div>\n<div class=\"absolute\">\n<div class=\"flex w-full gap-2 items-center justify-center\"><\/div>\n<\/div>\n<\/div>\n<\/div>\n<\/div>\n<\/div>\n<\/div>\n<\/div>\n<\/div>\n<\/div>\n<\/div>\n<div class=\"w-full md:pt-0 dark:border-white\/20 md:border-transparent md:dark:border-transparent md:w-[calc(100%-.5rem)] juice:w-full\">\n<div class=\"px-3 text-base md:px-4 m-auto md:px-5 lg:px-1 xl:px-5\">\n<div class=\"mx-auto flex flex-1 gap-3 text-base juice:gap-4 juice:md:gap-6 md:max-w-3xl lg:max-w-[40rem] xl:max-w-[48rem]\">\n<div class=\"relative flex h-full max-w-full flex-1 flex-col\">\n<div class=\"absolute bottom-full left-0 right-0\"><\/div>\n<div class=\"flex w-full items-center\"><\/div>\n<\/div>\n<\/div>\n<\/div>\n<\/div>\n","protected":false},"featured_media":27947,"comment_status":"closed","ping_status":"closed","template":"","meta":[],"product_brand":[],"product_cat":[370],"product_tag":[],"class_list":{"0":"post-36389","1":"product","2":"type-product","3":"status-publish","4":"has-post-thumbnail","6":"product_cat-stanley","8":"first","9":"instock","10":"taxable","11":"shipping-taxable","12":"purchasable","13":"product-type-simple"},"yoast_head":"<!-- This site is optimized with the Yoast SEO Premium plugin v22.5 (Yoast SEO v22.6) - https:\/\/yoast.com\/wordpress\/plugins\/seo\/ -->\n<title>JUEGO DE 9 LLAVE ALLEN DE TRES VIAS 1.5MM A 6MM REF:95-935 STANLEY - Ref.95-935 - Herramientas Industriales - Equipos de Seguridad - Solumeca.com<\/title>\n<meta name=\"robots\" content=\"index, follow, max-snippet:-1, max-image-preview:large, max-video-preview:-1\" \/>\n<link rel=\"canonical\" href=\"https:\/\/solumeca.com\/?product=juego-de-9-llave-allen-de-tres-vias-1-5mm-a-6mm-ref95-935-stanley-ref-95-935\" \/>\n<meta property=\"og:locale\" content=\"es_ES\" \/>\n<meta property=\"og:type\" content=\"article\" \/>\n<meta property=\"og:title\" content=\"JUEGO DE 9 LLAVE ALLEN DE TRES VIAS 1.5MM A 6MM REF:95-935 STANLEY - Ref.95-935\" \/>\n<meta property=\"og:description\" content=\"El juego de 9 llaves Allen de tres v\u00edas, con tama\u00f1os que van desde 1.5 mm a 6 mm, ofrece una soluci\u00f3n completa y vers\u00e1til para una amplia gama de aplicaciones. Estas llaves Allen cuentan con un dise\u00f1o de tres brazos que proporciona mayor torque y facilita el agarre y la aplicaci\u00f3n de fuerza. Con tama\u00f1os variados, son ideales para ajustar y aflojar tornillos y pernos hexagonales de diferentes dimensiones. Perfectas para mec\u00e1nicos, carpinteros, electricistas y cualquier persona que necesite una herramienta confiable y eficiente.\" \/>\n<meta property=\"og:url\" content=\"https:\/\/solumeca.com\/?product=juego-de-9-llave-allen-de-tres-vias-1-5mm-a-6mm-ref95-935-stanley-ref-95-935\" \/>\n<meta property=\"og:site_name\" content=\"Herramientas Industriales - Equipos de Seguridad - Solumeca.com\" \/>\n<meta property=\"article:modified_time\" content=\"2026-03-17T20:11:18+00:00\" \/>\n<meta name=\"twitter:card\" content=\"summary_large_image\" \/>\n<script type=\"application\/ld+json\" class=\"yoast-schema-graph\">{\"@context\":\"https:\/\/schema.org\",\"@graph\":[{\"@type\":\"WebPage\",\"@id\":\"https:\/\/solumeca.com\/?product=juego-de-9-llave-allen-de-tres-vias-1-5mm-a-6mm-ref95-935-stanley-ref-95-935\",\"url\":\"https:\/\/solumeca.com\/?product=juego-de-9-llave-allen-de-tres-vias-1-5mm-a-6mm-ref95-935-stanley-ref-95-935\",\"name\":\"JUEGO DE 9 LLAVE ALLEN DE TRES VIAS 1.5MM A 6MM REF:95-935 STANLEY - Ref.95-935 - Herramientas Industriales - Equipos de Seguridad - Solumeca.com\",\"isPartOf\":{\"@id\":\"https:\/\/solumeca.com\/#website\"},\"primaryImageOfPage\":{\"@id\":\"https:\/\/solumeca.com\/?product=juego-de-9-llave-allen-de-tres-vias-1-5mm-a-6mm-ref95-935-stanley-ref-95-935#primaryimage\"},\"image\":{\"@id\":\"https:\/\/solumeca.com\/?product=juego-de-9-llave-allen-de-tres-vias-1-5mm-a-6mm-ref95-935-stanley-ref-95-935#primaryimage\"},\"thumbnailUrl\":\"https:\/\/solumeca.com\/wp-content\/uploads\/2026\/03\/71azAvRYMtL._AC_UF8941000_QL80_.jpg\",\"datePublished\":\"2026-03-17T20:11:06+00:00\",\"dateModified\":\"2026-03-17T20:11:18+00:00\",\"breadcrumb\":{\"@id\":\"https:\/\/solumeca.com\/?product=juego-de-9-llave-allen-de-tres-vias-1-5mm-a-6mm-ref95-935-stanley-ref-95-935#breadcrumb\"},\"inLanguage\":\"es\",\"potentialAction\":[{\"@type\":\"ReadAction\",\"target\":[\"https:\/\/solumeca.com\/?product=juego-de-9-llave-allen-de-tres-vias-1-5mm-a-6mm-ref95-935-stanley-ref-95-935\"]}]},{\"@type\":\"ImageObject\",\"inLanguage\":\"es\",\"@id\":\"https:\/\/solumeca.com\/?product=juego-de-9-llave-allen-de-tres-vias-1-5mm-a-6mm-ref95-935-stanley-ref-95-935#primaryimage\",\"url\":\"https:\/\/solumeca.com\/wp-content\/uploads\/2026\/03\/71azAvRYMtL._AC_UF8941000_QL80_.jpg\",\"contentUrl\":\"https:\/\/solumeca.com\/wp-content\/uploads\/2026\/03\/71azAvRYMtL._AC_UF8941000_QL80_.jpg\",\"width\":894,\"height\":781},{\"@type\":\"BreadcrumbList\",\"@id\":\"https:\/\/solumeca.com\/?product=juego-de-9-llave-allen-de-tres-vias-1-5mm-a-6mm-ref95-935-stanley-ref-95-935#breadcrumb\",\"itemListElement\":[{\"@type\":\"ListItem\",\"position\":1,\"name\":\"Portada\",\"item\":\"https:\/\/solumeca.com\/\"},{\"@type\":\"ListItem\",\"position\":2,\"name\":\"Shop\",\"item\":\"https:\/\/solumeca.com\/?page_id=10\"},{\"@type\":\"ListItem\",\"position\":3,\"name\":\"JUEGO DE 9 LLAVE ALLEN DE TRES VIAS 1.5MM A 6MM REF:95-935 STANLEY &#8211; Ref.95-935\"}]},{\"@type\":\"WebSite\",\"@id\":\"https:\/\/solumeca.com\/#website\",\"url\":\"https:\/\/solumeca.com\/\",\"name\":\"SOS Integral - Equipos de Seguridad - Herramientas Industriales\",\"description\":\"Equipos de Seguridad, Santo Domingo, Republica Dominicana, Herramientas Industriales,Tel.: (809) 274-3888 \/ Info@solumeca.com\",\"publisher\":{\"@id\":\"https:\/\/solumeca.com\/#organization\"},\"potentialAction\":[{\"@type\":\"SearchAction\",\"target\":{\"@type\":\"EntryPoint\",\"urlTemplate\":\"https:\/\/solumeca.com\/?s={search_term_string}\"},\"query-input\":\"required name=search_term_string\"}],\"inLanguage\":\"es\"},{\"@type\":\"Organization\",\"@id\":\"https:\/\/solumeca.com\/#organization\",\"name\":\"SOS Integral - Equipos de Seguridad - Herramientas Industriales\",\"url\":\"https:\/\/solumeca.com\/\",\"logo\":{\"@type\":\"ImageObject\",\"inLanguage\":\"es\",\"@id\":\"https:\/\/solumeca.com\/#\/schema\/logo\/image\/\",\"url\":\"https:\/\/solumeca.com\/wp-content\/uploads\/2024\/04\/equipos-de-seguridad-sos-2.png\",\"contentUrl\":\"https:\/\/solumeca.com\/wp-content\/uploads\/2024\/04\/equipos-de-seguridad-sos-2.png\",\"width\":600,\"height\":259,\"caption\":\"SOS Integral - Equipos de Seguridad - Herramientas Industriales\"},\"image\":{\"@id\":\"https:\/\/solumeca.com\/#\/schema\/logo\/image\/\"},\"sameAs\":[\"https:\/\/www.instagram.com\/sosintegralrd\/\"]}]}<\/script>\n<!-- \/ Yoast SEO Premium plugin. -->","yoast_head_json":{"title":"JUEGO DE 9 LLAVE ALLEN DE TRES VIAS 1.5MM A 6MM REF:95-935 STANLEY - Ref.95-935 - Herramientas Industriales - Equipos de Seguridad - Solumeca.com","robots":{"index":"index","follow":"follow","max-snippet":"max-snippet:-1","max-image-preview":"max-image-preview:large","max-video-preview":"max-video-preview:-1"},"canonical":"https:\/\/solumeca.com\/?product=juego-de-9-llave-allen-de-tres-vias-1-5mm-a-6mm-ref95-935-stanley-ref-95-935","og_locale":"es_ES","og_type":"article","og_title":"JUEGO DE 9 LLAVE ALLEN DE TRES VIAS 1.5MM A 6MM REF:95-935 STANLEY - Ref.95-935","og_description":"El juego de 9 llaves Allen de tres v\u00edas, con tama\u00f1os que van desde 1.5 mm a 6 mm, ofrece una soluci\u00f3n completa y vers\u00e1til para una amplia gama de aplicaciones. Estas llaves Allen cuentan con un dise\u00f1o de tres brazos que proporciona mayor torque y facilita el agarre y la aplicaci\u00f3n de fuerza. Con tama\u00f1os variados, son ideales para ajustar y aflojar tornillos y pernos hexagonales de diferentes dimensiones. Perfectas para mec\u00e1nicos, carpinteros, electricistas y cualquier persona que necesite una herramienta confiable y eficiente.","og_url":"https:\/\/solumeca.com\/?product=juego-de-9-llave-allen-de-tres-vias-1-5mm-a-6mm-ref95-935-stanley-ref-95-935","og_site_name":"Herramientas Industriales - Equipos de Seguridad - Solumeca.com","article_modified_time":"2026-03-17T20:11:18+00:00","twitter_card":"summary_large_image","schema":{"@context":"https:\/\/schema.org","@graph":[{"@type":"WebPage","@id":"https:\/\/solumeca.com\/?product=juego-de-9-llave-allen-de-tres-vias-1-5mm-a-6mm-ref95-935-stanley-ref-95-935","url":"https:\/\/solumeca.com\/?product=juego-de-9-llave-allen-de-tres-vias-1-5mm-a-6mm-ref95-935-stanley-ref-95-935","name":"JUEGO DE 9 LLAVE ALLEN DE TRES VIAS 1.5MM A 6MM REF:95-935 STANLEY - Ref.95-935 - Herramientas Industriales - Equipos de Seguridad - Solumeca.com","isPartOf":{"@id":"https:\/\/solumeca.com\/#website"},"primaryImageOfPage":{"@id":"https:\/\/solumeca.com\/?product=juego-de-9-llave-allen-de-tres-vias-1-5mm-a-6mm-ref95-935-stanley-ref-95-935#primaryimage"},"image":{"@id":"https:\/\/solumeca.com\/?product=juego-de-9-llave-allen-de-tres-vias-1-5mm-a-6mm-ref95-935-stanley-ref-95-935#primaryimage"},"thumbnailUrl":"https:\/\/solumeca.com\/wp-content\/uploads\/2026\/03\/71azAvRYMtL._AC_UF8941000_QL80_.jpg","datePublished":"2026-03-17T20:11:06+00:00","dateModified":"2026-03-17T20:11:18+00:00","breadcrumb":{"@id":"https:\/\/solumeca.com\/?product=juego-de-9-llave-allen-de-tres-vias-1-5mm-a-6mm-ref95-935-stanley-ref-95-935#breadcrumb"},"inLanguage":"es","potentialAction":[{"@type":"ReadAction","target":["https:\/\/solumeca.com\/?product=juego-de-9-llave-allen-de-tres-vias-1-5mm-a-6mm-ref95-935-stanley-ref-95-935"]}]},{"@type":"ImageObject","inLanguage":"es","@id":"https:\/\/solumeca.com\/?product=juego-de-9-llave-allen-de-tres-vias-1-5mm-a-6mm-ref95-935-stanley-ref-95-935#primaryimage","url":"https:\/\/solumeca.com\/wp-content\/uploads\/2026\/03\/71azAvRYMtL._AC_UF8941000_QL80_.jpg","contentUrl":"https:\/\/solumeca.com\/wp-content\/uploads\/2026\/03\/71azAvRYMtL._AC_UF8941000_QL80_.jpg","width":894,"height":781},{"@type":"BreadcrumbList","@id":"https:\/\/solumeca.com\/?product=juego-de-9-llave-allen-de-tres-vias-1-5mm-a-6mm-ref95-935-stanley-ref-95-935#breadcrumb","itemListElement":[{"@type":"ListItem","position":1,"name":"Portada","item":"https:\/\/solumeca.com\/"},{"@type":"ListItem","position":2,"name":"Shop","item":"https:\/\/solumeca.com\/?page_id=10"},{"@type":"ListItem","position":3,"name":"JUEGO DE 9 LLAVE ALLEN DE TRES VIAS 1.5MM A 6MM REF:95-935 STANLEY &#8211; Ref.95-935"}]},{"@type":"WebSite","@id":"https:\/\/solumeca.com\/#website","url":"https:\/\/solumeca.com\/","name":"SOS Integral - Equipos de Seguridad - Herramientas Industriales","description":"Equipos de Seguridad, Santo Domingo, Republica Dominicana, Herramientas Industriales,Tel.: (809) 274-3888 \/ Info@solumeca.com","publisher":{"@id":"https:\/\/solumeca.com\/#organization"},"potentialAction":[{"@type":"SearchAction","target":{"@type":"EntryPoint","urlTemplate":"https:\/\/solumeca.com\/?s={search_term_string}"},"query-input":"required name=search_term_string"}],"inLanguage":"es"},{"@type":"Organization","@id":"https:\/\/solumeca.com\/#organization","name":"SOS Integral - Equipos de Seguridad - Herramientas Industriales","url":"https:\/\/solumeca.com\/","logo":{"@type":"ImageObject","inLanguage":"es","@id":"https:\/\/solumeca.com\/#\/schema\/logo\/image\/","url":"https:\/\/solumeca.com\/wp-content\/uploads\/2024\/04\/equipos-de-seguridad-sos-2.png","contentUrl":"https:\/\/solumeca.com\/wp-content\/uploads\/2024\/04\/equipos-de-seguridad-sos-2.png","width":600,"height":259,"caption":"SOS Integral - Equipos de Seguridad - Herramientas Industriales"},"image":{"@id":"https:\/\/solumeca.com\/#\/schema\/logo\/image\/"},"sameAs":["https:\/\/www.instagram.com\/sosintegralrd\/"]}]}},"_links":{"self":[{"href":"https:\/\/solumeca.com\/index.php?rest_route=\/wp\/v2\/product\/36389","targetHints":{"allow":["GET"]}}],"collection":[{"href":"https:\/\/solumeca.com\/index.php?rest_route=\/wp\/v2\/product"}],"about":[{"href":"https:\/\/solumeca.com\/index.php?rest_route=\/wp\/v2\/types\/product"}],"replies":[{"embeddable":true,"href":"https:\/\/solumeca.com\/index.php?rest_route=%2Fwp%2Fv2%2Fcomments&post=36389"}],"version-history":[{"count":1,"href":"https:\/\/solumeca.com\/index.php?rest_route=\/wp\/v2\/product\/36389\/revisions"}],"predecessor-version":[{"id":36419,"href":"https:\/\/solumeca.com\/index.php?rest_route=\/wp\/v2\/product\/36389\/revisions\/36419"}],"wp:featuredmedia":[{"embeddable":true,"href":"https:\/\/solumeca.com\/index.php?rest_route=\/wp\/v2\/media\/27947"}],"wp:attachment":[{"href":"https:\/\/solumeca.com\/index.php?rest_route=%2Fwp%2Fv2%2Fmedia&parent=36389"}],"wp:term":[{"taxonomy":"product_brand","embeddable":true,"href":"https:\/\/solumeca.com\/index.php?rest_route=%2Fwp%2Fv2%2Fproduct_brand&post=36389"},{"taxonomy":"product_cat","embeddable":true,"href":"https:\/\/solumeca.com\/index.php?rest_route=%2Fwp%2Fv2%2Fproduct_cat&post=36389"},{"taxonomy":"product_tag","embeddable":true,"href":"https:\/\/solumeca.com\/index.php?rest_route=%2Fwp%2Fv2%2Fproduct_tag&post=36389"}],"curies":[{"name":"wp","href":"https:\/\/api.w.org\/{rel}","templated":true}]}}