{"id":36259,"date":"2026-03-17T21:10:36","date_gmt":"2026-03-17T20:10:36","guid":{"rendered":"https:\/\/solumeca.com\/?post_type=product&#038;p=36259"},"modified":"2026-03-17T21:10:39","modified_gmt":"2026-03-17T20:10:39","slug":"cubo-corto-hexagonal-c-3-8-x-18mm-ref88-131-stanley-ref-88-131","status":"publish","type":"product","link":"https:\/\/solumeca.com\/?product=cubo-corto-hexagonal-c-3-8-x-18mm-ref88-131-stanley-ref-88-131","title":{"rendered":"CUBO CORTO HEXAGONAL C-3\/8&#8243; X 18MM REF:88-131 STANLEY &#8211; Ref.88-131"},"content":{"rendered":"","protected":false},"excerpt":{"rendered":"<p>El cubo corto hexagonal de 3\/8&#8243; con una medida de 18 mm es una herramienta vers\u00e1til y esencial para ajustar tuercas y pernos de ese tama\u00f1o. Su dise\u00f1o compacto permite un acceso f\u00e1cil en espacios reducidos, lo que lo hace ideal para una variedad de aplicaciones mec\u00e1nicas y de mantenimiento.<\/p>\n","protected":false},"featured_media":27749,"comment_status":"closed","ping_status":"closed","template":"","meta":[],"product_brand":[],"product_cat":[343,370],"product_tag":[],"class_list":{"0":"post-36259","1":"product","2":"type-product","3":"status-publish","4":"has-post-thumbnail","6":"product_cat-cubos","7":"product_cat-stanley","9":"first","10":"instock","11":"taxable","12":"shipping-taxable","13":"purchasable","14":"product-type-simple"},"yoast_head":"<!-- This site is optimized with the Yoast SEO Premium plugin v22.5 (Yoast SEO v22.6) - https:\/\/yoast.com\/wordpress\/plugins\/seo\/ -->\n<title>CUBO CORTO HEXAGONAL C-3\/8&quot; X 18MM REF:88-131 STANLEY - Ref.88-131 - Herramientas Industriales - Equipos de Seguridad - Solumeca.com<\/title>\n<meta name=\"robots\" content=\"index, follow, max-snippet:-1, max-image-preview:large, max-video-preview:-1\" \/>\n<link rel=\"canonical\" href=\"https:\/\/solumeca.com\/?product=cubo-corto-hexagonal-c-3-8-x-18mm-ref88-131-stanley-ref-88-131\" \/>\n<meta property=\"og:locale\" content=\"es_ES\" \/>\n<meta property=\"og:type\" content=\"article\" \/>\n<meta property=\"og:title\" content=\"CUBO CORTO HEXAGONAL C-3\/8&quot; X 18MM REF:88-131 STANLEY - Ref.88-131\" \/>\n<meta property=\"og:description\" content=\"El cubo corto hexagonal de 3\/8&quot; con una medida de 18 mm es una herramienta vers\u00e1til y esencial para ajustar tuercas y pernos de ese tama\u00f1o. Su dise\u00f1o compacto permite un acceso f\u00e1cil en espacios reducidos, lo que lo hace ideal para una variedad de aplicaciones mec\u00e1nicas y de mantenimiento.\" \/>\n<meta property=\"og:url\" content=\"https:\/\/solumeca.com\/?product=cubo-corto-hexagonal-c-3-8-x-18mm-ref88-131-stanley-ref-88-131\" \/>\n<meta property=\"og:site_name\" content=\"Herramientas Industriales - Equipos de Seguridad - Solumeca.com\" \/>\n<meta property=\"article:modified_time\" content=\"2026-03-17T20:10:39+00:00\" \/>\n<meta name=\"twitter:card\" content=\"summary_large_image\" \/>\n<script type=\"application\/ld+json\" class=\"yoast-schema-graph\">{\"@context\":\"https:\/\/schema.org\",\"@graph\":[{\"@type\":\"WebPage\",\"@id\":\"https:\/\/solumeca.com\/?product=cubo-corto-hexagonal-c-3-8-x-18mm-ref88-131-stanley-ref-88-131\",\"url\":\"https:\/\/solumeca.com\/?product=cubo-corto-hexagonal-c-3-8-x-18mm-ref88-131-stanley-ref-88-131\",\"name\":\"CUBO CORTO HEXAGONAL C-3\/8\\\" X 18MM REF:88-131 STANLEY - Ref.88-131 - Herramientas Industriales - Equipos de Seguridad - Solumeca.com\",\"isPartOf\":{\"@id\":\"https:\/\/solumeca.com\/#website\"},\"primaryImageOfPage\":{\"@id\":\"https:\/\/solumeca.com\/?product=cubo-corto-hexagonal-c-3-8-x-18mm-ref88-131-stanley-ref-88-131#primaryimage\"},\"image\":{\"@id\":\"https:\/\/solumeca.com\/?product=cubo-corto-hexagonal-c-3-8-x-18mm-ref88-131-stanley-ref-88-131#primaryimage\"},\"thumbnailUrl\":\"https:\/\/solumeca.com\/wp-content\/uploads\/2026\/03\/dadoscubos-estandar-metricos-6pt-mando-38.jpg\",\"datePublished\":\"2026-03-17T20:10:36+00:00\",\"dateModified\":\"2026-03-17T20:10:39+00:00\",\"breadcrumb\":{\"@id\":\"https:\/\/solumeca.com\/?product=cubo-corto-hexagonal-c-3-8-x-18mm-ref88-131-stanley-ref-88-131#breadcrumb\"},\"inLanguage\":\"es\",\"potentialAction\":[{\"@type\":\"ReadAction\",\"target\":[\"https:\/\/solumeca.com\/?product=cubo-corto-hexagonal-c-3-8-x-18mm-ref88-131-stanley-ref-88-131\"]}]},{\"@type\":\"ImageObject\",\"inLanguage\":\"es\",\"@id\":\"https:\/\/solumeca.com\/?product=cubo-corto-hexagonal-c-3-8-x-18mm-ref88-131-stanley-ref-88-131#primaryimage\",\"url\":\"https:\/\/solumeca.com\/wp-content\/uploads\/2026\/03\/dadoscubos-estandar-metricos-6pt-mando-38.jpg\",\"contentUrl\":\"https:\/\/solumeca.com\/wp-content\/uploads\/2026\/03\/dadoscubos-estandar-metricos-6pt-mando-38.jpg\",\"width\":700,\"height\":753},{\"@type\":\"BreadcrumbList\",\"@id\":\"https:\/\/solumeca.com\/?product=cubo-corto-hexagonal-c-3-8-x-18mm-ref88-131-stanley-ref-88-131#breadcrumb\",\"itemListElement\":[{\"@type\":\"ListItem\",\"position\":1,\"name\":\"Portada\",\"item\":\"https:\/\/solumeca.com\/\"},{\"@type\":\"ListItem\",\"position\":2,\"name\":\"Shop\",\"item\":\"https:\/\/solumeca.com\/?page_id=10\"},{\"@type\":\"ListItem\",\"position\":3,\"name\":\"CUBO CORTO HEXAGONAL C-3\/8&#8243; X 18MM REF:88-131 STANLEY &#8211; Ref.88-131\"}]},{\"@type\":\"WebSite\",\"@id\":\"https:\/\/solumeca.com\/#website\",\"url\":\"https:\/\/solumeca.com\/\",\"name\":\"SOS Integral - Equipos de Seguridad - Herramientas Industriales\",\"description\":\"Equipos de Seguridad, Santo Domingo, Republica Dominicana, Herramientas Industriales,Tel.: (809) 274-3888 \/ Info@solumeca.com\",\"publisher\":{\"@id\":\"https:\/\/solumeca.com\/#organization\"},\"potentialAction\":[{\"@type\":\"SearchAction\",\"target\":{\"@type\":\"EntryPoint\",\"urlTemplate\":\"https:\/\/solumeca.com\/?s={search_term_string}\"},\"query-input\":\"required name=search_term_string\"}],\"inLanguage\":\"es\"},{\"@type\":\"Organization\",\"@id\":\"https:\/\/solumeca.com\/#organization\",\"name\":\"SOS Integral - Equipos de Seguridad - Herramientas Industriales\",\"url\":\"https:\/\/solumeca.com\/\",\"logo\":{\"@type\":\"ImageObject\",\"inLanguage\":\"es\",\"@id\":\"https:\/\/solumeca.com\/#\/schema\/logo\/image\/\",\"url\":\"https:\/\/solumeca.com\/wp-content\/uploads\/2024\/04\/equipos-de-seguridad-sos-2.png\",\"contentUrl\":\"https:\/\/solumeca.com\/wp-content\/uploads\/2024\/04\/equipos-de-seguridad-sos-2.png\",\"width\":600,\"height\":259,\"caption\":\"SOS Integral - Equipos de Seguridad - Herramientas Industriales\"},\"image\":{\"@id\":\"https:\/\/solumeca.com\/#\/schema\/logo\/image\/\"},\"sameAs\":[\"https:\/\/www.instagram.com\/sosintegralrd\/\"]}]}<\/script>\n<!-- \/ Yoast SEO Premium plugin. -->","yoast_head_json":{"title":"CUBO CORTO HEXAGONAL C-3\/8\" X 18MM REF:88-131 STANLEY - Ref.88-131 - Herramientas Industriales - Equipos de Seguridad - Solumeca.com","robots":{"index":"index","follow":"follow","max-snippet":"max-snippet:-1","max-image-preview":"max-image-preview:large","max-video-preview":"max-video-preview:-1"},"canonical":"https:\/\/solumeca.com\/?product=cubo-corto-hexagonal-c-3-8-x-18mm-ref88-131-stanley-ref-88-131","og_locale":"es_ES","og_type":"article","og_title":"CUBO CORTO HEXAGONAL C-3\/8\" X 18MM REF:88-131 STANLEY - Ref.88-131","og_description":"El cubo corto hexagonal de 3\/8\" con una medida de 18 mm es una herramienta vers\u00e1til y esencial para ajustar tuercas y pernos de ese tama\u00f1o. Su dise\u00f1o compacto permite un acceso f\u00e1cil en espacios reducidos, lo que lo hace ideal para una variedad de aplicaciones mec\u00e1nicas y de mantenimiento.","og_url":"https:\/\/solumeca.com\/?product=cubo-corto-hexagonal-c-3-8-x-18mm-ref88-131-stanley-ref-88-131","og_site_name":"Herramientas Industriales - Equipos de Seguridad - Solumeca.com","article_modified_time":"2026-03-17T20:10:39+00:00","twitter_card":"summary_large_image","schema":{"@context":"https:\/\/schema.org","@graph":[{"@type":"WebPage","@id":"https:\/\/solumeca.com\/?product=cubo-corto-hexagonal-c-3-8-x-18mm-ref88-131-stanley-ref-88-131","url":"https:\/\/solumeca.com\/?product=cubo-corto-hexagonal-c-3-8-x-18mm-ref88-131-stanley-ref-88-131","name":"CUBO CORTO HEXAGONAL C-3\/8\" X 18MM REF:88-131 STANLEY - Ref.88-131 - Herramientas Industriales - Equipos de Seguridad - Solumeca.com","isPartOf":{"@id":"https:\/\/solumeca.com\/#website"},"primaryImageOfPage":{"@id":"https:\/\/solumeca.com\/?product=cubo-corto-hexagonal-c-3-8-x-18mm-ref88-131-stanley-ref-88-131#primaryimage"},"image":{"@id":"https:\/\/solumeca.com\/?product=cubo-corto-hexagonal-c-3-8-x-18mm-ref88-131-stanley-ref-88-131#primaryimage"},"thumbnailUrl":"https:\/\/solumeca.com\/wp-content\/uploads\/2026\/03\/dadoscubos-estandar-metricos-6pt-mando-38.jpg","datePublished":"2026-03-17T20:10:36+00:00","dateModified":"2026-03-17T20:10:39+00:00","breadcrumb":{"@id":"https:\/\/solumeca.com\/?product=cubo-corto-hexagonal-c-3-8-x-18mm-ref88-131-stanley-ref-88-131#breadcrumb"},"inLanguage":"es","potentialAction":[{"@type":"ReadAction","target":["https:\/\/solumeca.com\/?product=cubo-corto-hexagonal-c-3-8-x-18mm-ref88-131-stanley-ref-88-131"]}]},{"@type":"ImageObject","inLanguage":"es","@id":"https:\/\/solumeca.com\/?product=cubo-corto-hexagonal-c-3-8-x-18mm-ref88-131-stanley-ref-88-131#primaryimage","url":"https:\/\/solumeca.com\/wp-content\/uploads\/2026\/03\/dadoscubos-estandar-metricos-6pt-mando-38.jpg","contentUrl":"https:\/\/solumeca.com\/wp-content\/uploads\/2026\/03\/dadoscubos-estandar-metricos-6pt-mando-38.jpg","width":700,"height":753},{"@type":"BreadcrumbList","@id":"https:\/\/solumeca.com\/?product=cubo-corto-hexagonal-c-3-8-x-18mm-ref88-131-stanley-ref-88-131#breadcrumb","itemListElement":[{"@type":"ListItem","position":1,"name":"Portada","item":"https:\/\/solumeca.com\/"},{"@type":"ListItem","position":2,"name":"Shop","item":"https:\/\/solumeca.com\/?page_id=10"},{"@type":"ListItem","position":3,"name":"CUBO CORTO HEXAGONAL C-3\/8&#8243; X 18MM REF:88-131 STANLEY &#8211; Ref.88-131"}]},{"@type":"WebSite","@id":"https:\/\/solumeca.com\/#website","url":"https:\/\/solumeca.com\/","name":"SOS Integral - Equipos de Seguridad - Herramientas Industriales","description":"Equipos de Seguridad, Santo Domingo, Republica Dominicana, Herramientas Industriales,Tel.: (809) 274-3888 \/ Info@solumeca.com","publisher":{"@id":"https:\/\/solumeca.com\/#organization"},"potentialAction":[{"@type":"SearchAction","target":{"@type":"EntryPoint","urlTemplate":"https:\/\/solumeca.com\/?s={search_term_string}"},"query-input":"required name=search_term_string"}],"inLanguage":"es"},{"@type":"Organization","@id":"https:\/\/solumeca.com\/#organization","name":"SOS Integral - Equipos de Seguridad - Herramientas Industriales","url":"https:\/\/solumeca.com\/","logo":{"@type":"ImageObject","inLanguage":"es","@id":"https:\/\/solumeca.com\/#\/schema\/logo\/image\/","url":"https:\/\/solumeca.com\/wp-content\/uploads\/2024\/04\/equipos-de-seguridad-sos-2.png","contentUrl":"https:\/\/solumeca.com\/wp-content\/uploads\/2024\/04\/equipos-de-seguridad-sos-2.png","width":600,"height":259,"caption":"SOS Integral - Equipos de Seguridad - Herramientas Industriales"},"image":{"@id":"https:\/\/solumeca.com\/#\/schema\/logo\/image\/"},"sameAs":["https:\/\/www.instagram.com\/sosintegralrd\/"]}]}},"_links":{"self":[{"href":"https:\/\/solumeca.com\/index.php?rest_route=\/wp\/v2\/product\/36259","targetHints":{"allow":["GET"]}}],"collection":[{"href":"https:\/\/solumeca.com\/index.php?rest_route=\/wp\/v2\/product"}],"about":[{"href":"https:\/\/solumeca.com\/index.php?rest_route=\/wp\/v2\/types\/product"}],"replies":[{"embeddable":true,"href":"https:\/\/solumeca.com\/index.php?rest_route=%2Fwp%2Fv2%2Fcomments&post=36259"}],"version-history":[{"count":1,"href":"https:\/\/solumeca.com\/index.php?rest_route=\/wp\/v2\/product\/36259\/revisions"}],"predecessor-version":[{"id":36289,"href":"https:\/\/solumeca.com\/index.php?rest_route=\/wp\/v2\/product\/36259\/revisions\/36289"}],"wp:featuredmedia":[{"embeddable":true,"href":"https:\/\/solumeca.com\/index.php?rest_route=\/wp\/v2\/media\/27749"}],"wp:attachment":[{"href":"https:\/\/solumeca.com\/index.php?rest_route=%2Fwp%2Fv2%2Fmedia&parent=36259"}],"wp:term":[{"taxonomy":"product_brand","embeddable":true,"href":"https:\/\/solumeca.com\/index.php?rest_route=%2Fwp%2Fv2%2Fproduct_brand&post=36259"},{"taxonomy":"product_cat","embeddable":true,"href":"https:\/\/solumeca.com\/index.php?rest_route=%2Fwp%2Fv2%2Fproduct_cat&post=36259"},{"taxonomy":"product_tag","embeddable":true,"href":"https:\/\/solumeca.com\/index.php?rest_route=%2Fwp%2Fv2%2Fproduct_tag&post=36259"}],"curies":[{"name":"wp","href":"https:\/\/api.w.org\/{rel}","templated":true}]}}