{"id":35285,"date":"2026-03-17T21:00:41","date_gmt":"2026-03-17T20:00:41","guid":{"rendered":"https:\/\/solumeca.com\/?post_type=product&#038;p=35285"},"modified":"2026-03-17T21:00:51","modified_gmt":"2026-03-17T20:00:51","slug":"gato-hidraulico-tipo-botella-50-ton-yato-ref-yt-17009","status":"publish","type":"product","link":"https:\/\/solumeca.com\/?product=gato-hidraulico-tipo-botella-50-ton-yato-ref-yt-17009","title":{"rendered":"GATO HIDRAULICO TIPO BOTELLA 50 TON. YATO Ref.YT-17009"},"content":{"rendered":"","protected":false},"excerpt":{"rendered":"<ul class=\"a-unordered-list a-vertical a-spacing-mini\">\n<li class=\"a-spacing-mini\"><span class=\"a-list-item\" data-moz-translations-id=\"0\">Trolley Jack con capacidad de carga de 50T<\/span><\/li>\n<li class=\"a-spacing-mini\"><span class=\"a-list-item\" data-moz-translations-id=\"0\">Rango de elevaci\u00f3n de 300 mm y 480 mm<\/span><\/li>\n<li class=\"a-spacing-mini\"><span class=\"a-list-item\" data-moz-translations-id=\"0\">Material: Acero con rectas de n\u00edquel<\/span><\/li>\n<li class=\"a-spacing-mini\"><span class=\"a-list-item\" data-moz-translations-id=\"0\">F\u00e1cil elevaci\u00f3n pesada cargas pesadas<\/span><\/li>\n<li class=\"a-spacing-mini\"><span class=\"a-list-item\" data-moz-translations-id=\"0\">F\u00e1cil bomba gracias a la palanca larga<\/span><\/li>\n<\/ul>\n","protected":false},"featured_media":27109,"comment_status":"closed","ping_status":"closed","template":"","meta":[],"product_brand":[],"product_cat":[352,367],"product_tag":[],"class_list":{"0":"post-35285","1":"product","2":"type-product","3":"status-publish","4":"has-post-thumbnail","6":"product_cat-gatos","7":"product_cat-yato","9":"first","10":"instock","11":"taxable","12":"shipping-taxable","13":"purchasable","14":"product-type-simple"},"yoast_head":"<!-- This site is optimized with the Yoast SEO Premium plugin v22.5 (Yoast SEO v22.6) - https:\/\/yoast.com\/wordpress\/plugins\/seo\/ -->\n<title>GATO HIDRAULICO TIPO BOTELLA 50 TON. YATO Ref.YT-17009 - Herramientas Industriales - Equipos de Seguridad - Solumeca.com<\/title>\n<meta name=\"robots\" content=\"index, follow, max-snippet:-1, max-image-preview:large, max-video-preview:-1\" \/>\n<link rel=\"canonical\" href=\"https:\/\/solumeca.com\/?product=gato-hidraulico-tipo-botella-50-ton-yato-ref-yt-17009\" \/>\n<meta property=\"og:locale\" content=\"es_ES\" \/>\n<meta property=\"og:type\" content=\"article\" \/>\n<meta property=\"og:title\" content=\"GATO HIDRAULICO TIPO BOTELLA 50 TON. YATO Ref.YT-17009\" \/>\n<meta property=\"og:description\" content=\"Trolley Jack con capacidad de carga de 50T  Rango de elevaci\u00f3n de 300 mm y 480 mm  Material: Acero con rectas de n\u00edquel  F\u00e1cil elevaci\u00f3n pesada cargas pesadas  F\u00e1cil bomba gracias a la palanca larga\" \/>\n<meta property=\"og:url\" content=\"https:\/\/solumeca.com\/?product=gato-hidraulico-tipo-botella-50-ton-yato-ref-yt-17009\" \/>\n<meta property=\"og:site_name\" content=\"Herramientas Industriales - Equipos de Seguridad - Solumeca.com\" \/>\n<meta property=\"article:modified_time\" content=\"2026-03-17T20:00:51+00:00\" \/>\n<meta name=\"twitter:card\" content=\"summary_large_image\" \/>\n<script type=\"application\/ld+json\" class=\"yoast-schema-graph\">{\"@context\":\"https:\/\/schema.org\",\"@graph\":[{\"@type\":\"WebPage\",\"@id\":\"https:\/\/solumeca.com\/?product=gato-hidraulico-tipo-botella-50-ton-yato-ref-yt-17009\",\"url\":\"https:\/\/solumeca.com\/?product=gato-hidraulico-tipo-botella-50-ton-yato-ref-yt-17009\",\"name\":\"GATO HIDRAULICO TIPO BOTELLA 50 TON. YATO Ref.YT-17009 - Herramientas Industriales - Equipos de Seguridad - Solumeca.com\",\"isPartOf\":{\"@id\":\"https:\/\/solumeca.com\/#website\"},\"primaryImageOfPage\":{\"@id\":\"https:\/\/solumeca.com\/?product=gato-hidraulico-tipo-botella-50-ton-yato-ref-yt-17009#primaryimage\"},\"image\":{\"@id\":\"https:\/\/solumeca.com\/?product=gato-hidraulico-tipo-botella-50-ton-yato-ref-yt-17009#primaryimage\"},\"thumbnailUrl\":\"https:\/\/solumeca.com\/wp-content\/uploads\/2026\/03\/50t.png\",\"datePublished\":\"2026-03-17T20:00:41+00:00\",\"dateModified\":\"2026-03-17T20:00:51+00:00\",\"breadcrumb\":{\"@id\":\"https:\/\/solumeca.com\/?product=gato-hidraulico-tipo-botella-50-ton-yato-ref-yt-17009#breadcrumb\"},\"inLanguage\":\"es\",\"potentialAction\":[{\"@type\":\"ReadAction\",\"target\":[\"https:\/\/solumeca.com\/?product=gato-hidraulico-tipo-botella-50-ton-yato-ref-yt-17009\"]}]},{\"@type\":\"ImageObject\",\"inLanguage\":\"es\",\"@id\":\"https:\/\/solumeca.com\/?product=gato-hidraulico-tipo-botella-50-ton-yato-ref-yt-17009#primaryimage\",\"url\":\"https:\/\/solumeca.com\/wp-content\/uploads\/2026\/03\/50t.png\",\"contentUrl\":\"https:\/\/solumeca.com\/wp-content\/uploads\/2026\/03\/50t.png\",\"width\":800,\"height\":800},{\"@type\":\"BreadcrumbList\",\"@id\":\"https:\/\/solumeca.com\/?product=gato-hidraulico-tipo-botella-50-ton-yato-ref-yt-17009#breadcrumb\",\"itemListElement\":[{\"@type\":\"ListItem\",\"position\":1,\"name\":\"Portada\",\"item\":\"https:\/\/solumeca.com\/\"},{\"@type\":\"ListItem\",\"position\":2,\"name\":\"Shop\",\"item\":\"https:\/\/solumeca.com\/?page_id=10\"},{\"@type\":\"ListItem\",\"position\":3,\"name\":\"GATO HIDRAULICO TIPO BOTELLA 50 TON. YATO Ref.YT-17009\"}]},{\"@type\":\"WebSite\",\"@id\":\"https:\/\/solumeca.com\/#website\",\"url\":\"https:\/\/solumeca.com\/\",\"name\":\"SOS Integral - Equipos de Seguridad - Herramientas Industriales\",\"description\":\"Equipos de Seguridad, Santo Domingo, Republica Dominicana, Herramientas Industriales,Tel.: (809) 274-3888 \/ Info@solumeca.com\",\"publisher\":{\"@id\":\"https:\/\/solumeca.com\/#organization\"},\"potentialAction\":[{\"@type\":\"SearchAction\",\"target\":{\"@type\":\"EntryPoint\",\"urlTemplate\":\"https:\/\/solumeca.com\/?s={search_term_string}\"},\"query-input\":\"required name=search_term_string\"}],\"inLanguage\":\"es\"},{\"@type\":\"Organization\",\"@id\":\"https:\/\/solumeca.com\/#organization\",\"name\":\"SOS Integral - Equipos de Seguridad - Herramientas Industriales\",\"url\":\"https:\/\/solumeca.com\/\",\"logo\":{\"@type\":\"ImageObject\",\"inLanguage\":\"es\",\"@id\":\"https:\/\/solumeca.com\/#\/schema\/logo\/image\/\",\"url\":\"https:\/\/solumeca.com\/wp-content\/uploads\/2024\/04\/equipos-de-seguridad-sos-2.png\",\"contentUrl\":\"https:\/\/solumeca.com\/wp-content\/uploads\/2024\/04\/equipos-de-seguridad-sos-2.png\",\"width\":600,\"height\":259,\"caption\":\"SOS Integral - Equipos de Seguridad - Herramientas Industriales\"},\"image\":{\"@id\":\"https:\/\/solumeca.com\/#\/schema\/logo\/image\/\"},\"sameAs\":[\"https:\/\/www.instagram.com\/sosintegralrd\/\"]}]}<\/script>\n<!-- \/ Yoast SEO Premium plugin. -->","yoast_head_json":{"title":"GATO HIDRAULICO TIPO BOTELLA 50 TON. YATO Ref.YT-17009 - Herramientas Industriales - Equipos de Seguridad - Solumeca.com","robots":{"index":"index","follow":"follow","max-snippet":"max-snippet:-1","max-image-preview":"max-image-preview:large","max-video-preview":"max-video-preview:-1"},"canonical":"https:\/\/solumeca.com\/?product=gato-hidraulico-tipo-botella-50-ton-yato-ref-yt-17009","og_locale":"es_ES","og_type":"article","og_title":"GATO HIDRAULICO TIPO BOTELLA 50 TON. YATO Ref.YT-17009","og_description":"Trolley Jack con capacidad de carga de 50T  Rango de elevaci\u00f3n de 300 mm y 480 mm  Material: Acero con rectas de n\u00edquel  F\u00e1cil elevaci\u00f3n pesada cargas pesadas  F\u00e1cil bomba gracias a la palanca larga","og_url":"https:\/\/solumeca.com\/?product=gato-hidraulico-tipo-botella-50-ton-yato-ref-yt-17009","og_site_name":"Herramientas Industriales - Equipos de Seguridad - Solumeca.com","article_modified_time":"2026-03-17T20:00:51+00:00","twitter_card":"summary_large_image","schema":{"@context":"https:\/\/schema.org","@graph":[{"@type":"WebPage","@id":"https:\/\/solumeca.com\/?product=gato-hidraulico-tipo-botella-50-ton-yato-ref-yt-17009","url":"https:\/\/solumeca.com\/?product=gato-hidraulico-tipo-botella-50-ton-yato-ref-yt-17009","name":"GATO HIDRAULICO TIPO BOTELLA 50 TON. YATO Ref.YT-17009 - Herramientas Industriales - Equipos de Seguridad - Solumeca.com","isPartOf":{"@id":"https:\/\/solumeca.com\/#website"},"primaryImageOfPage":{"@id":"https:\/\/solumeca.com\/?product=gato-hidraulico-tipo-botella-50-ton-yato-ref-yt-17009#primaryimage"},"image":{"@id":"https:\/\/solumeca.com\/?product=gato-hidraulico-tipo-botella-50-ton-yato-ref-yt-17009#primaryimage"},"thumbnailUrl":"https:\/\/solumeca.com\/wp-content\/uploads\/2026\/03\/50t.png","datePublished":"2026-03-17T20:00:41+00:00","dateModified":"2026-03-17T20:00:51+00:00","breadcrumb":{"@id":"https:\/\/solumeca.com\/?product=gato-hidraulico-tipo-botella-50-ton-yato-ref-yt-17009#breadcrumb"},"inLanguage":"es","potentialAction":[{"@type":"ReadAction","target":["https:\/\/solumeca.com\/?product=gato-hidraulico-tipo-botella-50-ton-yato-ref-yt-17009"]}]},{"@type":"ImageObject","inLanguage":"es","@id":"https:\/\/solumeca.com\/?product=gato-hidraulico-tipo-botella-50-ton-yato-ref-yt-17009#primaryimage","url":"https:\/\/solumeca.com\/wp-content\/uploads\/2026\/03\/50t.png","contentUrl":"https:\/\/solumeca.com\/wp-content\/uploads\/2026\/03\/50t.png","width":800,"height":800},{"@type":"BreadcrumbList","@id":"https:\/\/solumeca.com\/?product=gato-hidraulico-tipo-botella-50-ton-yato-ref-yt-17009#breadcrumb","itemListElement":[{"@type":"ListItem","position":1,"name":"Portada","item":"https:\/\/solumeca.com\/"},{"@type":"ListItem","position":2,"name":"Shop","item":"https:\/\/solumeca.com\/?page_id=10"},{"@type":"ListItem","position":3,"name":"GATO HIDRAULICO TIPO BOTELLA 50 TON. YATO Ref.YT-17009"}]},{"@type":"WebSite","@id":"https:\/\/solumeca.com\/#website","url":"https:\/\/solumeca.com\/","name":"SOS Integral - Equipos de Seguridad - Herramientas Industriales","description":"Equipos de Seguridad, Santo Domingo, Republica Dominicana, Herramientas Industriales,Tel.: (809) 274-3888 \/ Info@solumeca.com","publisher":{"@id":"https:\/\/solumeca.com\/#organization"},"potentialAction":[{"@type":"SearchAction","target":{"@type":"EntryPoint","urlTemplate":"https:\/\/solumeca.com\/?s={search_term_string}"},"query-input":"required name=search_term_string"}],"inLanguage":"es"},{"@type":"Organization","@id":"https:\/\/solumeca.com\/#organization","name":"SOS Integral - Equipos de Seguridad - Herramientas Industriales","url":"https:\/\/solumeca.com\/","logo":{"@type":"ImageObject","inLanguage":"es","@id":"https:\/\/solumeca.com\/#\/schema\/logo\/image\/","url":"https:\/\/solumeca.com\/wp-content\/uploads\/2024\/04\/equipos-de-seguridad-sos-2.png","contentUrl":"https:\/\/solumeca.com\/wp-content\/uploads\/2024\/04\/equipos-de-seguridad-sos-2.png","width":600,"height":259,"caption":"SOS Integral - Equipos de Seguridad - Herramientas Industriales"},"image":{"@id":"https:\/\/solumeca.com\/#\/schema\/logo\/image\/"},"sameAs":["https:\/\/www.instagram.com\/sosintegralrd\/"]}]}},"_links":{"self":[{"href":"https:\/\/solumeca.com\/index.php?rest_route=\/wp\/v2\/product\/35285","targetHints":{"allow":["GET"]}}],"collection":[{"href":"https:\/\/solumeca.com\/index.php?rest_route=\/wp\/v2\/product"}],"about":[{"href":"https:\/\/solumeca.com\/index.php?rest_route=\/wp\/v2\/types\/product"}],"replies":[{"embeddable":true,"href":"https:\/\/solumeca.com\/index.php?rest_route=%2Fwp%2Fv2%2Fcomments&post=35285"}],"version-history":[{"count":1,"href":"https:\/\/solumeca.com\/index.php?rest_route=\/wp\/v2\/product\/35285\/revisions"}],"predecessor-version":[{"id":35315,"href":"https:\/\/solumeca.com\/index.php?rest_route=\/wp\/v2\/product\/35285\/revisions\/35315"}],"wp:featuredmedia":[{"embeddable":true,"href":"https:\/\/solumeca.com\/index.php?rest_route=\/wp\/v2\/media\/27109"}],"wp:attachment":[{"href":"https:\/\/solumeca.com\/index.php?rest_route=%2Fwp%2Fv2%2Fmedia&parent=35285"}],"wp:term":[{"taxonomy":"product_brand","embeddable":true,"href":"https:\/\/solumeca.com\/index.php?rest_route=%2Fwp%2Fv2%2Fproduct_brand&post=35285"},{"taxonomy":"product_cat","embeddable":true,"href":"https:\/\/solumeca.com\/index.php?rest_route=%2Fwp%2Fv2%2Fproduct_cat&post=35285"},{"taxonomy":"product_tag","embeddable":true,"href":"https:\/\/solumeca.com\/index.php?rest_route=%2Fwp%2Fv2%2Fproduct_tag&post=35285"}],"curies":[{"name":"wp","href":"https:\/\/api.w.org\/{rel}","templated":true}]}}