{"id":35051,"date":"2026-03-17T20:59:36","date_gmt":"2026-03-17T19:59:36","guid":{"rendered":"https:\/\/solumeca.com\/?post_type=product&#038;p=35051"},"modified":"2026-03-17T20:59:45","modified_gmt":"2026-03-17T19:59:45","slug":"espejo-telescopico-de-inspeccion-rectangular-750mm-marca-yato-ref-yt-0660","status":"publish","type":"product","link":"https:\/\/solumeca.com\/?product=espejo-telescopico-de-inspeccion-rectangular-750mm-marca-yato-ref-yt-0660","title":{"rendered":"ESPEJO TELESCOPICO DE INSPECCION RECTANGULAR 750MM MARCA YATO Ref.YT-0660"},"content":{"rendered":"","protected":false},"excerpt":{"rendered":"<p>El espejo de inspecci\u00f3n Yato es \u00fatil en cualquier taller.<br \/>\nEl espejo tiene un brazo telesc\u00f3pico hecho de chapa de acero con un espesor de 0.6 mm.<br \/>\nCon mango ergon\u00f3mico de pl\u00e1stico blando.<\/p>\n","protected":false},"featured_media":26717,"comment_status":"closed","ping_status":"closed","template":"","meta":[],"product_brand":[],"product_cat":[367],"product_tag":[],"class_list":{"0":"post-35051","1":"product","2":"type-product","3":"status-publish","4":"has-post-thumbnail","6":"product_cat-yato","8":"first","9":"instock","10":"taxable","11":"shipping-taxable","12":"purchasable","13":"product-type-simple"},"yoast_head":"<!-- This site is optimized with the Yoast SEO Premium plugin v22.5 (Yoast SEO v22.6) - https:\/\/yoast.com\/wordpress\/plugins\/seo\/ -->\n<title>ESPEJO TELESCOPICO DE INSPECCION RECTANGULAR 750MM MARCA YATO Ref.YT-0660 - Herramientas Industriales - Equipos de Seguridad - Solumeca.com<\/title>\n<meta name=\"robots\" content=\"index, follow, max-snippet:-1, max-image-preview:large, max-video-preview:-1\" \/>\n<link rel=\"canonical\" href=\"https:\/\/solumeca.com\/?product=espejo-telescopico-de-inspeccion-rectangular-750mm-marca-yato-ref-yt-0660\" \/>\n<meta property=\"og:locale\" content=\"es_ES\" \/>\n<meta property=\"og:type\" content=\"article\" \/>\n<meta property=\"og:title\" content=\"ESPEJO TELESCOPICO DE INSPECCION RECTANGULAR 750MM MARCA YATO Ref.YT-0660\" \/>\n<meta property=\"og:description\" content=\"El espejo de inspecci\u00f3n Yato es \u00fatil en cualquier taller. El espejo tiene un brazo telesc\u00f3pico hecho de chapa de acero con un espesor de 0.6 mm. Con mango ergon\u00f3mico de pl\u00e1stico blando.\" \/>\n<meta property=\"og:url\" content=\"https:\/\/solumeca.com\/?product=espejo-telescopico-de-inspeccion-rectangular-750mm-marca-yato-ref-yt-0660\" \/>\n<meta property=\"og:site_name\" content=\"Herramientas Industriales - Equipos de Seguridad - Solumeca.com\" \/>\n<meta property=\"article:modified_time\" content=\"2026-03-17T19:59:45+00:00\" \/>\n<meta name=\"twitter:card\" content=\"summary_large_image\" \/>\n<script type=\"application\/ld+json\" class=\"yoast-schema-graph\">{\"@context\":\"https:\/\/schema.org\",\"@graph\":[{\"@type\":\"WebPage\",\"@id\":\"https:\/\/solumeca.com\/?product=espejo-telescopico-de-inspeccion-rectangular-750mm-marca-yato-ref-yt-0660\",\"url\":\"https:\/\/solumeca.com\/?product=espejo-telescopico-de-inspeccion-rectangular-750mm-marca-yato-ref-yt-0660\",\"name\":\"ESPEJO TELESCOPICO DE INSPECCION RECTANGULAR 750MM MARCA YATO Ref.YT-0660 - Herramientas Industriales - Equipos de Seguridad - Solumeca.com\",\"isPartOf\":{\"@id\":\"https:\/\/solumeca.com\/#website\"},\"primaryImageOfPage\":{\"@id\":\"https:\/\/solumeca.com\/?product=espejo-telescopico-de-inspeccion-rectangular-750mm-marca-yato-ref-yt-0660#primaryimage\"},\"image\":{\"@id\":\"https:\/\/solumeca.com\/?product=espejo-telescopico-de-inspeccion-rectangular-750mm-marca-yato-ref-yt-0660#primaryimage\"},\"thumbnailUrl\":\"https:\/\/solumeca.com\/wp-content\/uploads\/2026\/03\/YT-0660_Yato.webp\",\"datePublished\":\"2026-03-17T19:59:36+00:00\",\"dateModified\":\"2026-03-17T19:59:45+00:00\",\"breadcrumb\":{\"@id\":\"https:\/\/solumeca.com\/?product=espejo-telescopico-de-inspeccion-rectangular-750mm-marca-yato-ref-yt-0660#breadcrumb\"},\"inLanguage\":\"es\",\"potentialAction\":[{\"@type\":\"ReadAction\",\"target\":[\"https:\/\/solumeca.com\/?product=espejo-telescopico-de-inspeccion-rectangular-750mm-marca-yato-ref-yt-0660\"]}]},{\"@type\":\"ImageObject\",\"inLanguage\":\"es\",\"@id\":\"https:\/\/solumeca.com\/?product=espejo-telescopico-de-inspeccion-rectangular-750mm-marca-yato-ref-yt-0660#primaryimage\",\"url\":\"https:\/\/solumeca.com\/wp-content\/uploads\/2026\/03\/YT-0660_Yato.webp\",\"contentUrl\":\"https:\/\/solumeca.com\/wp-content\/uploads\/2026\/03\/YT-0660_Yato.webp\",\"width\":600,\"height\":600},{\"@type\":\"BreadcrumbList\",\"@id\":\"https:\/\/solumeca.com\/?product=espejo-telescopico-de-inspeccion-rectangular-750mm-marca-yato-ref-yt-0660#breadcrumb\",\"itemListElement\":[{\"@type\":\"ListItem\",\"position\":1,\"name\":\"Portada\",\"item\":\"https:\/\/solumeca.com\/\"},{\"@type\":\"ListItem\",\"position\":2,\"name\":\"Shop\",\"item\":\"https:\/\/solumeca.com\/?page_id=10\"},{\"@type\":\"ListItem\",\"position\":3,\"name\":\"ESPEJO TELESCOPICO DE INSPECCION RECTANGULAR 750MM MARCA YATO Ref.YT-0660\"}]},{\"@type\":\"WebSite\",\"@id\":\"https:\/\/solumeca.com\/#website\",\"url\":\"https:\/\/solumeca.com\/\",\"name\":\"SOS Integral - Equipos de Seguridad - Herramientas Industriales\",\"description\":\"Equipos de Seguridad, Santo Domingo, Republica Dominicana, Herramientas Industriales,Tel.: (809) 274-3888 \/ Info@solumeca.com\",\"publisher\":{\"@id\":\"https:\/\/solumeca.com\/#organization\"},\"potentialAction\":[{\"@type\":\"SearchAction\",\"target\":{\"@type\":\"EntryPoint\",\"urlTemplate\":\"https:\/\/solumeca.com\/?s={search_term_string}\"},\"query-input\":\"required name=search_term_string\"}],\"inLanguage\":\"es\"},{\"@type\":\"Organization\",\"@id\":\"https:\/\/solumeca.com\/#organization\",\"name\":\"SOS Integral - Equipos de Seguridad - Herramientas Industriales\",\"url\":\"https:\/\/solumeca.com\/\",\"logo\":{\"@type\":\"ImageObject\",\"inLanguage\":\"es\",\"@id\":\"https:\/\/solumeca.com\/#\/schema\/logo\/image\/\",\"url\":\"https:\/\/solumeca.com\/wp-content\/uploads\/2024\/04\/equipos-de-seguridad-sos-2.png\",\"contentUrl\":\"https:\/\/solumeca.com\/wp-content\/uploads\/2024\/04\/equipos-de-seguridad-sos-2.png\",\"width\":600,\"height\":259,\"caption\":\"SOS Integral - Equipos de Seguridad - Herramientas Industriales\"},\"image\":{\"@id\":\"https:\/\/solumeca.com\/#\/schema\/logo\/image\/\"},\"sameAs\":[\"https:\/\/www.instagram.com\/sosintegralrd\/\"]}]}<\/script>\n<!-- \/ Yoast SEO Premium plugin. -->","yoast_head_json":{"title":"ESPEJO TELESCOPICO DE INSPECCION RECTANGULAR 750MM MARCA YATO Ref.YT-0660 - Herramientas Industriales - Equipos de Seguridad - Solumeca.com","robots":{"index":"index","follow":"follow","max-snippet":"max-snippet:-1","max-image-preview":"max-image-preview:large","max-video-preview":"max-video-preview:-1"},"canonical":"https:\/\/solumeca.com\/?product=espejo-telescopico-de-inspeccion-rectangular-750mm-marca-yato-ref-yt-0660","og_locale":"es_ES","og_type":"article","og_title":"ESPEJO TELESCOPICO DE INSPECCION RECTANGULAR 750MM MARCA YATO Ref.YT-0660","og_description":"El espejo de inspecci\u00f3n Yato es \u00fatil en cualquier taller. El espejo tiene un brazo telesc\u00f3pico hecho de chapa de acero con un espesor de 0.6 mm. Con mango ergon\u00f3mico de pl\u00e1stico blando.","og_url":"https:\/\/solumeca.com\/?product=espejo-telescopico-de-inspeccion-rectangular-750mm-marca-yato-ref-yt-0660","og_site_name":"Herramientas Industriales - Equipos de Seguridad - Solumeca.com","article_modified_time":"2026-03-17T19:59:45+00:00","twitter_card":"summary_large_image","schema":{"@context":"https:\/\/schema.org","@graph":[{"@type":"WebPage","@id":"https:\/\/solumeca.com\/?product=espejo-telescopico-de-inspeccion-rectangular-750mm-marca-yato-ref-yt-0660","url":"https:\/\/solumeca.com\/?product=espejo-telescopico-de-inspeccion-rectangular-750mm-marca-yato-ref-yt-0660","name":"ESPEJO TELESCOPICO DE INSPECCION RECTANGULAR 750MM MARCA YATO Ref.YT-0660 - Herramientas Industriales - Equipos de Seguridad - Solumeca.com","isPartOf":{"@id":"https:\/\/solumeca.com\/#website"},"primaryImageOfPage":{"@id":"https:\/\/solumeca.com\/?product=espejo-telescopico-de-inspeccion-rectangular-750mm-marca-yato-ref-yt-0660#primaryimage"},"image":{"@id":"https:\/\/solumeca.com\/?product=espejo-telescopico-de-inspeccion-rectangular-750mm-marca-yato-ref-yt-0660#primaryimage"},"thumbnailUrl":"https:\/\/solumeca.com\/wp-content\/uploads\/2026\/03\/YT-0660_Yato.webp","datePublished":"2026-03-17T19:59:36+00:00","dateModified":"2026-03-17T19:59:45+00:00","breadcrumb":{"@id":"https:\/\/solumeca.com\/?product=espejo-telescopico-de-inspeccion-rectangular-750mm-marca-yato-ref-yt-0660#breadcrumb"},"inLanguage":"es","potentialAction":[{"@type":"ReadAction","target":["https:\/\/solumeca.com\/?product=espejo-telescopico-de-inspeccion-rectangular-750mm-marca-yato-ref-yt-0660"]}]},{"@type":"ImageObject","inLanguage":"es","@id":"https:\/\/solumeca.com\/?product=espejo-telescopico-de-inspeccion-rectangular-750mm-marca-yato-ref-yt-0660#primaryimage","url":"https:\/\/solumeca.com\/wp-content\/uploads\/2026\/03\/YT-0660_Yato.webp","contentUrl":"https:\/\/solumeca.com\/wp-content\/uploads\/2026\/03\/YT-0660_Yato.webp","width":600,"height":600},{"@type":"BreadcrumbList","@id":"https:\/\/solumeca.com\/?product=espejo-telescopico-de-inspeccion-rectangular-750mm-marca-yato-ref-yt-0660#breadcrumb","itemListElement":[{"@type":"ListItem","position":1,"name":"Portada","item":"https:\/\/solumeca.com\/"},{"@type":"ListItem","position":2,"name":"Shop","item":"https:\/\/solumeca.com\/?page_id=10"},{"@type":"ListItem","position":3,"name":"ESPEJO TELESCOPICO DE INSPECCION RECTANGULAR 750MM MARCA YATO Ref.YT-0660"}]},{"@type":"WebSite","@id":"https:\/\/solumeca.com\/#website","url":"https:\/\/solumeca.com\/","name":"SOS Integral - Equipos de Seguridad - Herramientas Industriales","description":"Equipos de Seguridad, Santo Domingo, Republica Dominicana, Herramientas Industriales,Tel.: (809) 274-3888 \/ Info@solumeca.com","publisher":{"@id":"https:\/\/solumeca.com\/#organization"},"potentialAction":[{"@type":"SearchAction","target":{"@type":"EntryPoint","urlTemplate":"https:\/\/solumeca.com\/?s={search_term_string}"},"query-input":"required name=search_term_string"}],"inLanguage":"es"},{"@type":"Organization","@id":"https:\/\/solumeca.com\/#organization","name":"SOS Integral - Equipos de Seguridad - Herramientas Industriales","url":"https:\/\/solumeca.com\/","logo":{"@type":"ImageObject","inLanguage":"es","@id":"https:\/\/solumeca.com\/#\/schema\/logo\/image\/","url":"https:\/\/solumeca.com\/wp-content\/uploads\/2024\/04\/equipos-de-seguridad-sos-2.png","contentUrl":"https:\/\/solumeca.com\/wp-content\/uploads\/2024\/04\/equipos-de-seguridad-sos-2.png","width":600,"height":259,"caption":"SOS Integral - Equipos de Seguridad - Herramientas Industriales"},"image":{"@id":"https:\/\/solumeca.com\/#\/schema\/logo\/image\/"},"sameAs":["https:\/\/www.instagram.com\/sosintegralrd\/"]}]}},"_links":{"self":[{"href":"https:\/\/solumeca.com\/index.php?rest_route=\/wp\/v2\/product\/35051","targetHints":{"allow":["GET"]}}],"collection":[{"href":"https:\/\/solumeca.com\/index.php?rest_route=\/wp\/v2\/product"}],"about":[{"href":"https:\/\/solumeca.com\/index.php?rest_route=\/wp\/v2\/types\/product"}],"replies":[{"embeddable":true,"href":"https:\/\/solumeca.com\/index.php?rest_route=%2Fwp%2Fv2%2Fcomments&post=35051"}],"version-history":[{"count":1,"href":"https:\/\/solumeca.com\/index.php?rest_route=\/wp\/v2\/product\/35051\/revisions"}],"predecessor-version":[{"id":35081,"href":"https:\/\/solumeca.com\/index.php?rest_route=\/wp\/v2\/product\/35051\/revisions\/35081"}],"wp:featuredmedia":[{"embeddable":true,"href":"https:\/\/solumeca.com\/index.php?rest_route=\/wp\/v2\/media\/26717"}],"wp:attachment":[{"href":"https:\/\/solumeca.com\/index.php?rest_route=%2Fwp%2Fv2%2Fmedia&parent=35051"}],"wp:term":[{"taxonomy":"product_brand","embeddable":true,"href":"https:\/\/solumeca.com\/index.php?rest_route=%2Fwp%2Fv2%2Fproduct_brand&post=35051"},{"taxonomy":"product_cat","embeddable":true,"href":"https:\/\/solumeca.com\/index.php?rest_route=%2Fwp%2Fv2%2Fproduct_cat&post=35051"},{"taxonomy":"product_tag","embeddable":true,"href":"https:\/\/solumeca.com\/index.php?rest_route=%2Fwp%2Fv2%2Fproduct_tag&post=35051"}],"curies":[{"name":"wp","href":"https:\/\/api.w.org\/{rel}","templated":true}]}}