{"id":34854,"date":"2026-03-17T20:58:51","date_gmt":"2026-03-17T19:58:51","guid":{"rendered":"https:\/\/solumeca.com\/?post_type=product&#038;p=34854"},"modified":"2026-03-17T20:58:57","modified_gmt":"2026-03-17T19:58:57","slug":"diferencial-de-cadena-industrial-de-2ton-x-6-metro-refpolac3a-6-surtek-polac3a-6","status":"publish","type":"product","link":"https:\/\/solumeca.com\/?product=diferencial-de-cadena-industrial-de-2ton-x-6-metro-refpolac3a-6-surtek-polac3a-6","title":{"rendered":"DIFERENCIAL DE CADENA INDUSTRIAL DE 2TON X 6 METRO REF:POLAC3A-6 SURTEK &#8211; POLAC3A-6"},"content":{"rendered":"","protected":false},"excerpt":{"rendered":"<div class=\"richContent-root-2XB\">\n<ul>\n<li>Con doble sistema de freno para aumentar la seguridad en la operaci\u00f3n<\/li>\n<li>Caja de engranajes con tratamiento t\u00e9rmico<\/li>\n<li>Ganchos de acero forjado giratorios con traba de seguridad, reduciendo la tensi\u00f3n de la cadena<\/li>\n<li>Ante la sobrecarga no se rompen repentinamente sino que se va abriendo en forma paulatina<\/li>\n<li>Cadena de acero de alta resistencia grado 8<\/li>\n<li>Cadena de acero pavonada que evita el deterioro del medio ambiente<\/li>\n<\/ul>\n<\/div>\n","protected":false},"featured_media":24349,"comment_status":"closed","ping_status":"closed","template":"","meta":[],"product_brand":[],"product_cat":[355],"product_tag":[],"class_list":{"0":"post-34854","1":"product","2":"type-product","3":"status-publish","4":"has-post-thumbnail","6":"product_cat-surtek","8":"first","9":"instock","10":"taxable","11":"shipping-taxable","12":"purchasable","13":"product-type-simple"},"yoast_head":"<!-- This site is optimized with the Yoast SEO Premium plugin v22.5 (Yoast SEO v22.6) - https:\/\/yoast.com\/wordpress\/plugins\/seo\/ -->\n<title>DIFERENCIAL DE CADENA INDUSTRIAL DE 2TON X 6 METRO REF:POLAC3A-6 SURTEK - POLAC3A-6 - Herramientas Industriales - Equipos de Seguridad - Solumeca.com<\/title>\n<meta name=\"robots\" content=\"index, follow, max-snippet:-1, max-image-preview:large, max-video-preview:-1\" \/>\n<link rel=\"canonical\" href=\"https:\/\/solumeca.com\/?product=diferencial-de-cadena-industrial-de-2ton-x-6-metro-refpolac3a-6-surtek-polac3a-6\" \/>\n<meta property=\"og:locale\" content=\"es_ES\" \/>\n<meta property=\"og:type\" content=\"article\" \/>\n<meta property=\"og:title\" content=\"DIFERENCIAL DE CADENA INDUSTRIAL DE 2TON X 6 METRO REF:POLAC3A-6 SURTEK - POLAC3A-6\" \/>\n<meta property=\"og:description\" content=\"Con doble sistema de freno para aumentar la seguridad en la operaci\u00f3n  Caja de engranajes con tratamiento t\u00e9rmico  Ganchos de acero forjado giratorios con traba de seguridad, reduciendo la tensi\u00f3n de la cadena  Ante la sobrecarga no se rompen repentinamente sino que se va abriendo en forma paulatina  Cadena de acero de alta resistencia grado 8  Cadena de acero pavonada que evita el deterioro del medio ambiente\" \/>\n<meta property=\"og:url\" content=\"https:\/\/solumeca.com\/?product=diferencial-de-cadena-industrial-de-2ton-x-6-metro-refpolac3a-6-surtek-polac3a-6\" \/>\n<meta property=\"og:site_name\" content=\"Herramientas Industriales - Equipos de Seguridad - Solumeca.com\" \/>\n<meta property=\"article:modified_time\" content=\"2026-03-17T19:58:57+00:00\" \/>\n<meta name=\"twitter:card\" content=\"summary_large_image\" \/>\n<script type=\"application\/ld+json\" class=\"yoast-schema-graph\">{\"@context\":\"https:\/\/schema.org\",\"@graph\":[{\"@type\":\"WebPage\",\"@id\":\"https:\/\/solumeca.com\/?product=diferencial-de-cadena-industrial-de-2ton-x-6-metro-refpolac3a-6-surtek-polac3a-6\",\"url\":\"https:\/\/solumeca.com\/?product=diferencial-de-cadena-industrial-de-2ton-x-6-metro-refpolac3a-6-surtek-polac3a-6\",\"name\":\"DIFERENCIAL DE CADENA INDUSTRIAL DE 2TON X 6 METRO REF:POLAC3A-6 SURTEK - POLAC3A-6 - Herramientas Industriales - Equipos de Seguridad - Solumeca.com\",\"isPartOf\":{\"@id\":\"https:\/\/solumeca.com\/#website\"},\"primaryImageOfPage\":{\"@id\":\"https:\/\/solumeca.com\/?product=diferencial-de-cadena-industrial-de-2ton-x-6-metro-refpolac3a-6-surtek-polac3a-6#primaryimage\"},\"image\":{\"@id\":\"https:\/\/solumeca.com\/?product=diferencial-de-cadena-industrial-de-2ton-x-6-metro-refpolac3a-6-surtek-polac3a-6#primaryimage\"},\"thumbnailUrl\":\"https:\/\/solumeca.com\/wp-content\/uploads\/2026\/03\/POLAC3A-6.webp\",\"datePublished\":\"2026-03-17T19:58:51+00:00\",\"dateModified\":\"2026-03-17T19:58:57+00:00\",\"breadcrumb\":{\"@id\":\"https:\/\/solumeca.com\/?product=diferencial-de-cadena-industrial-de-2ton-x-6-metro-refpolac3a-6-surtek-polac3a-6#breadcrumb\"},\"inLanguage\":\"es\",\"potentialAction\":[{\"@type\":\"ReadAction\",\"target\":[\"https:\/\/solumeca.com\/?product=diferencial-de-cadena-industrial-de-2ton-x-6-metro-refpolac3a-6-surtek-polac3a-6\"]}]},{\"@type\":\"ImageObject\",\"inLanguage\":\"es\",\"@id\":\"https:\/\/solumeca.com\/?product=diferencial-de-cadena-industrial-de-2ton-x-6-metro-refpolac3a-6-surtek-polac3a-6#primaryimage\",\"url\":\"https:\/\/solumeca.com\/wp-content\/uploads\/2026\/03\/POLAC3A-6.webp\",\"contentUrl\":\"https:\/\/solumeca.com\/wp-content\/uploads\/2026\/03\/POLAC3A-6.webp\",\"width\":1000,\"height\":1000},{\"@type\":\"BreadcrumbList\",\"@id\":\"https:\/\/solumeca.com\/?product=diferencial-de-cadena-industrial-de-2ton-x-6-metro-refpolac3a-6-surtek-polac3a-6#breadcrumb\",\"itemListElement\":[{\"@type\":\"ListItem\",\"position\":1,\"name\":\"Portada\",\"item\":\"https:\/\/solumeca.com\/\"},{\"@type\":\"ListItem\",\"position\":2,\"name\":\"Shop\",\"item\":\"https:\/\/solumeca.com\/?page_id=10\"},{\"@type\":\"ListItem\",\"position\":3,\"name\":\"DIFERENCIAL DE CADENA INDUSTRIAL DE 2TON X 6 METRO REF:POLAC3A-6 SURTEK &#8211; POLAC3A-6\"}]},{\"@type\":\"WebSite\",\"@id\":\"https:\/\/solumeca.com\/#website\",\"url\":\"https:\/\/solumeca.com\/\",\"name\":\"SOS Integral - Equipos de Seguridad - Herramientas Industriales\",\"description\":\"Equipos de Seguridad, Santo Domingo, Republica Dominicana, Herramientas Industriales,Tel.: (809) 274-3888 \/ Info@solumeca.com\",\"publisher\":{\"@id\":\"https:\/\/solumeca.com\/#organization\"},\"potentialAction\":[{\"@type\":\"SearchAction\",\"target\":{\"@type\":\"EntryPoint\",\"urlTemplate\":\"https:\/\/solumeca.com\/?s={search_term_string}\"},\"query-input\":\"required name=search_term_string\"}],\"inLanguage\":\"es\"},{\"@type\":\"Organization\",\"@id\":\"https:\/\/solumeca.com\/#organization\",\"name\":\"SOS Integral - Equipos de Seguridad - Herramientas Industriales\",\"url\":\"https:\/\/solumeca.com\/\",\"logo\":{\"@type\":\"ImageObject\",\"inLanguage\":\"es\",\"@id\":\"https:\/\/solumeca.com\/#\/schema\/logo\/image\/\",\"url\":\"https:\/\/solumeca.com\/wp-content\/uploads\/2024\/04\/equipos-de-seguridad-sos-2.png\",\"contentUrl\":\"https:\/\/solumeca.com\/wp-content\/uploads\/2024\/04\/equipos-de-seguridad-sos-2.png\",\"width\":600,\"height\":259,\"caption\":\"SOS Integral - Equipos de Seguridad - Herramientas Industriales\"},\"image\":{\"@id\":\"https:\/\/solumeca.com\/#\/schema\/logo\/image\/\"},\"sameAs\":[\"https:\/\/www.instagram.com\/sosintegralrd\/\"]}]}<\/script>\n<!-- \/ Yoast SEO Premium plugin. -->","yoast_head_json":{"title":"DIFERENCIAL DE CADENA INDUSTRIAL DE 2TON X 6 METRO REF:POLAC3A-6 SURTEK - POLAC3A-6 - Herramientas Industriales - Equipos de Seguridad - Solumeca.com","robots":{"index":"index","follow":"follow","max-snippet":"max-snippet:-1","max-image-preview":"max-image-preview:large","max-video-preview":"max-video-preview:-1"},"canonical":"https:\/\/solumeca.com\/?product=diferencial-de-cadena-industrial-de-2ton-x-6-metro-refpolac3a-6-surtek-polac3a-6","og_locale":"es_ES","og_type":"article","og_title":"DIFERENCIAL DE CADENA INDUSTRIAL DE 2TON X 6 METRO REF:POLAC3A-6 SURTEK - POLAC3A-6","og_description":"Con doble sistema de freno para aumentar la seguridad en la operaci\u00f3n  Caja de engranajes con tratamiento t\u00e9rmico  Ganchos de acero forjado giratorios con traba de seguridad, reduciendo la tensi\u00f3n de la cadena  Ante la sobrecarga no se rompen repentinamente sino que se va abriendo en forma paulatina  Cadena de acero de alta resistencia grado 8  Cadena de acero pavonada que evita el deterioro del medio ambiente","og_url":"https:\/\/solumeca.com\/?product=diferencial-de-cadena-industrial-de-2ton-x-6-metro-refpolac3a-6-surtek-polac3a-6","og_site_name":"Herramientas Industriales - Equipos de Seguridad - Solumeca.com","article_modified_time":"2026-03-17T19:58:57+00:00","twitter_card":"summary_large_image","schema":{"@context":"https:\/\/schema.org","@graph":[{"@type":"WebPage","@id":"https:\/\/solumeca.com\/?product=diferencial-de-cadena-industrial-de-2ton-x-6-metro-refpolac3a-6-surtek-polac3a-6","url":"https:\/\/solumeca.com\/?product=diferencial-de-cadena-industrial-de-2ton-x-6-metro-refpolac3a-6-surtek-polac3a-6","name":"DIFERENCIAL DE CADENA INDUSTRIAL DE 2TON X 6 METRO REF:POLAC3A-6 SURTEK - POLAC3A-6 - Herramientas Industriales - Equipos de Seguridad - Solumeca.com","isPartOf":{"@id":"https:\/\/solumeca.com\/#website"},"primaryImageOfPage":{"@id":"https:\/\/solumeca.com\/?product=diferencial-de-cadena-industrial-de-2ton-x-6-metro-refpolac3a-6-surtek-polac3a-6#primaryimage"},"image":{"@id":"https:\/\/solumeca.com\/?product=diferencial-de-cadena-industrial-de-2ton-x-6-metro-refpolac3a-6-surtek-polac3a-6#primaryimage"},"thumbnailUrl":"https:\/\/solumeca.com\/wp-content\/uploads\/2026\/03\/POLAC3A-6.webp","datePublished":"2026-03-17T19:58:51+00:00","dateModified":"2026-03-17T19:58:57+00:00","breadcrumb":{"@id":"https:\/\/solumeca.com\/?product=diferencial-de-cadena-industrial-de-2ton-x-6-metro-refpolac3a-6-surtek-polac3a-6#breadcrumb"},"inLanguage":"es","potentialAction":[{"@type":"ReadAction","target":["https:\/\/solumeca.com\/?product=diferencial-de-cadena-industrial-de-2ton-x-6-metro-refpolac3a-6-surtek-polac3a-6"]}]},{"@type":"ImageObject","inLanguage":"es","@id":"https:\/\/solumeca.com\/?product=diferencial-de-cadena-industrial-de-2ton-x-6-metro-refpolac3a-6-surtek-polac3a-6#primaryimage","url":"https:\/\/solumeca.com\/wp-content\/uploads\/2026\/03\/POLAC3A-6.webp","contentUrl":"https:\/\/solumeca.com\/wp-content\/uploads\/2026\/03\/POLAC3A-6.webp","width":1000,"height":1000},{"@type":"BreadcrumbList","@id":"https:\/\/solumeca.com\/?product=diferencial-de-cadena-industrial-de-2ton-x-6-metro-refpolac3a-6-surtek-polac3a-6#breadcrumb","itemListElement":[{"@type":"ListItem","position":1,"name":"Portada","item":"https:\/\/solumeca.com\/"},{"@type":"ListItem","position":2,"name":"Shop","item":"https:\/\/solumeca.com\/?page_id=10"},{"@type":"ListItem","position":3,"name":"DIFERENCIAL DE CADENA INDUSTRIAL DE 2TON X 6 METRO REF:POLAC3A-6 SURTEK &#8211; POLAC3A-6"}]},{"@type":"WebSite","@id":"https:\/\/solumeca.com\/#website","url":"https:\/\/solumeca.com\/","name":"SOS Integral - Equipos de Seguridad - Herramientas Industriales","description":"Equipos de Seguridad, Santo Domingo, Republica Dominicana, Herramientas Industriales,Tel.: (809) 274-3888 \/ Info@solumeca.com","publisher":{"@id":"https:\/\/solumeca.com\/#organization"},"potentialAction":[{"@type":"SearchAction","target":{"@type":"EntryPoint","urlTemplate":"https:\/\/solumeca.com\/?s={search_term_string}"},"query-input":"required name=search_term_string"}],"inLanguage":"es"},{"@type":"Organization","@id":"https:\/\/solumeca.com\/#organization","name":"SOS Integral - Equipos de Seguridad - Herramientas Industriales","url":"https:\/\/solumeca.com\/","logo":{"@type":"ImageObject","inLanguage":"es","@id":"https:\/\/solumeca.com\/#\/schema\/logo\/image\/","url":"https:\/\/solumeca.com\/wp-content\/uploads\/2024\/04\/equipos-de-seguridad-sos-2.png","contentUrl":"https:\/\/solumeca.com\/wp-content\/uploads\/2024\/04\/equipos-de-seguridad-sos-2.png","width":600,"height":259,"caption":"SOS Integral - Equipos de Seguridad - Herramientas Industriales"},"image":{"@id":"https:\/\/solumeca.com\/#\/schema\/logo\/image\/"},"sameAs":["https:\/\/www.instagram.com\/sosintegralrd\/"]}]}},"_links":{"self":[{"href":"https:\/\/solumeca.com\/index.php?rest_route=\/wp\/v2\/product\/34854","targetHints":{"allow":["GET"]}}],"collection":[{"href":"https:\/\/solumeca.com\/index.php?rest_route=\/wp\/v2\/product"}],"about":[{"href":"https:\/\/solumeca.com\/index.php?rest_route=\/wp\/v2\/types\/product"}],"replies":[{"embeddable":true,"href":"https:\/\/solumeca.com\/index.php?rest_route=%2Fwp%2Fv2%2Fcomments&post=34854"}],"version-history":[{"count":1,"href":"https:\/\/solumeca.com\/index.php?rest_route=\/wp\/v2\/product\/34854\/revisions"}],"predecessor-version":[{"id":34884,"href":"https:\/\/solumeca.com\/index.php?rest_route=\/wp\/v2\/product\/34854\/revisions\/34884"}],"wp:featuredmedia":[{"embeddable":true,"href":"https:\/\/solumeca.com\/index.php?rest_route=\/wp\/v2\/media\/24349"}],"wp:attachment":[{"href":"https:\/\/solumeca.com\/index.php?rest_route=%2Fwp%2Fv2%2Fmedia&parent=34854"}],"wp:term":[{"taxonomy":"product_brand","embeddable":true,"href":"https:\/\/solumeca.com\/index.php?rest_route=%2Fwp%2Fv2%2Fproduct_brand&post=34854"},{"taxonomy":"product_cat","embeddable":true,"href":"https:\/\/solumeca.com\/index.php?rest_route=%2Fwp%2Fv2%2Fproduct_cat&post=34854"},{"taxonomy":"product_tag","embeddable":true,"href":"https:\/\/solumeca.com\/index.php?rest_route=%2Fwp%2Fv2%2Fproduct_tag&post=34854"}],"curies":[{"name":"wp","href":"https:\/\/api.w.org\/{rel}","templated":true}]}}