{"id":34690,"date":"2026-03-17T20:58:01","date_gmt":"2026-03-17T19:58:01","guid":{"rendered":"https:\/\/solumeca.com\/?post_type=product&#038;p=34690"},"modified":"2026-03-17T20:58:12","modified_gmt":"2026-03-17T19:58:12","slug":"gato-patin-profesional-20-tonelada-surtek-gpp20","status":"publish","type":"product","link":"https:\/\/solumeca.com\/?product=gato-patin-profesional-20-tonelada-surtek-gpp20","title":{"rendered":"GATO PATIN PROFESIONAL 20 TONELADA, SURTEK. &#8211; GPP20"},"content":{"rendered":"","protected":false},"excerpt":{"rendered":"<div class=\"richContent-root-2XB\">\n<ul>\n<li>Maneral de levante desmontable con mango de grip pl\u00e1stico antiderrapante<\/li>\n<li>Ruedas giratorias traseras que facilitan el acomodo del gato<\/li>\n<li>Estructura de acero reforzado<\/li>\n<li>Asa pl\u00e1stica para f\u00e1cil transportaci\u00f3n<\/li>\n<li>Con bomba de aproximaci\u00f3n y carga<\/li>\n<li>V\u00e1lvula de liberaci\u00f3n en maneral<\/li>\n<\/ul>\n<\/div>\n","protected":false},"featured_media":24087,"comment_status":"closed","ping_status":"closed","template":"","meta":[],"product_brand":[],"product_cat":[352,355],"product_tag":[],"class_list":{"0":"post-34690","1":"product","2":"type-product","3":"status-publish","4":"has-post-thumbnail","6":"product_cat-gatos","7":"product_cat-surtek","9":"first","10":"instock","11":"taxable","12":"shipping-taxable","13":"purchasable","14":"product-type-simple"},"yoast_head":"<!-- This site is optimized with the Yoast SEO Premium plugin v22.5 (Yoast SEO v22.6) - https:\/\/yoast.com\/wordpress\/plugins\/seo\/ -->\n<title>GATO PATIN PROFESIONAL 20 TONELADA, SURTEK. - GPP20 - Herramientas Industriales - Equipos de Seguridad - Solumeca.com<\/title>\n<meta name=\"robots\" content=\"index, follow, max-snippet:-1, max-image-preview:large, max-video-preview:-1\" \/>\n<link rel=\"canonical\" href=\"https:\/\/solumeca.com\/?product=gato-patin-profesional-20-tonelada-surtek-gpp20\" \/>\n<meta property=\"og:locale\" content=\"es_ES\" \/>\n<meta property=\"og:type\" content=\"article\" \/>\n<meta property=\"og:title\" content=\"GATO PATIN PROFESIONAL 20 TONELADA, SURTEK. - GPP20\" \/>\n<meta property=\"og:description\" content=\"Maneral de levante desmontable con mango de grip pl\u00e1stico antiderrapante  Ruedas giratorias traseras que facilitan el acomodo del gato  Estructura de acero reforzado  Asa pl\u00e1stica para f\u00e1cil transportaci\u00f3n  Con bomba de aproximaci\u00f3n y carga  V\u00e1lvula de liberaci\u00f3n en maneral\" \/>\n<meta property=\"og:url\" content=\"https:\/\/solumeca.com\/?product=gato-patin-profesional-20-tonelada-surtek-gpp20\" \/>\n<meta property=\"og:site_name\" content=\"Herramientas Industriales - Equipos de Seguridad - Solumeca.com\" \/>\n<meta property=\"article:modified_time\" content=\"2026-03-17T19:58:12+00:00\" \/>\n<meta name=\"twitter:card\" content=\"summary_large_image\" \/>\n<script type=\"application\/ld+json\" class=\"yoast-schema-graph\">{\"@context\":\"https:\/\/schema.org\",\"@graph\":[{\"@type\":\"WebPage\",\"@id\":\"https:\/\/solumeca.com\/?product=gato-patin-profesional-20-tonelada-surtek-gpp20\",\"url\":\"https:\/\/solumeca.com\/?product=gato-patin-profesional-20-tonelada-surtek-gpp20\",\"name\":\"GATO PATIN PROFESIONAL 20 TONELADA, SURTEK. - GPP20 - Herramientas Industriales - Equipos de Seguridad - Solumeca.com\",\"isPartOf\":{\"@id\":\"https:\/\/solumeca.com\/#website\"},\"primaryImageOfPage\":{\"@id\":\"https:\/\/solumeca.com\/?product=gato-patin-profesional-20-tonelada-surtek-gpp20#primaryimage\"},\"image\":{\"@id\":\"https:\/\/solumeca.com\/?product=gato-patin-profesional-20-tonelada-surtek-gpp20#primaryimage\"},\"thumbnailUrl\":\"https:\/\/solumeca.com\/wp-content\/uploads\/2026\/03\/GPP20.webp\",\"datePublished\":\"2026-03-17T19:58:01+00:00\",\"dateModified\":\"2026-03-17T19:58:12+00:00\",\"breadcrumb\":{\"@id\":\"https:\/\/solumeca.com\/?product=gato-patin-profesional-20-tonelada-surtek-gpp20#breadcrumb\"},\"inLanguage\":\"es\",\"potentialAction\":[{\"@type\":\"ReadAction\",\"target\":[\"https:\/\/solumeca.com\/?product=gato-patin-profesional-20-tonelada-surtek-gpp20\"]}]},{\"@type\":\"ImageObject\",\"inLanguage\":\"es\",\"@id\":\"https:\/\/solumeca.com\/?product=gato-patin-profesional-20-tonelada-surtek-gpp20#primaryimage\",\"url\":\"https:\/\/solumeca.com\/wp-content\/uploads\/2026\/03\/GPP20.webp\",\"contentUrl\":\"https:\/\/solumeca.com\/wp-content\/uploads\/2026\/03\/GPP20.webp\",\"width\":1000,\"height\":1000},{\"@type\":\"BreadcrumbList\",\"@id\":\"https:\/\/solumeca.com\/?product=gato-patin-profesional-20-tonelada-surtek-gpp20#breadcrumb\",\"itemListElement\":[{\"@type\":\"ListItem\",\"position\":1,\"name\":\"Portada\",\"item\":\"https:\/\/solumeca.com\/\"},{\"@type\":\"ListItem\",\"position\":2,\"name\":\"Shop\",\"item\":\"https:\/\/solumeca.com\/?page_id=10\"},{\"@type\":\"ListItem\",\"position\":3,\"name\":\"GATO PATIN PROFESIONAL 20 TONELADA, SURTEK. &#8211; GPP20\"}]},{\"@type\":\"WebSite\",\"@id\":\"https:\/\/solumeca.com\/#website\",\"url\":\"https:\/\/solumeca.com\/\",\"name\":\"SOS Integral - Equipos de Seguridad - Herramientas Industriales\",\"description\":\"Equipos de Seguridad, Santo Domingo, Republica Dominicana, Herramientas Industriales,Tel.: (809) 274-3888 \/ Info@solumeca.com\",\"publisher\":{\"@id\":\"https:\/\/solumeca.com\/#organization\"},\"potentialAction\":[{\"@type\":\"SearchAction\",\"target\":{\"@type\":\"EntryPoint\",\"urlTemplate\":\"https:\/\/solumeca.com\/?s={search_term_string}\"},\"query-input\":\"required name=search_term_string\"}],\"inLanguage\":\"es\"},{\"@type\":\"Organization\",\"@id\":\"https:\/\/solumeca.com\/#organization\",\"name\":\"SOS Integral - Equipos de Seguridad - Herramientas Industriales\",\"url\":\"https:\/\/solumeca.com\/\",\"logo\":{\"@type\":\"ImageObject\",\"inLanguage\":\"es\",\"@id\":\"https:\/\/solumeca.com\/#\/schema\/logo\/image\/\",\"url\":\"https:\/\/solumeca.com\/wp-content\/uploads\/2024\/04\/equipos-de-seguridad-sos-2.png\",\"contentUrl\":\"https:\/\/solumeca.com\/wp-content\/uploads\/2024\/04\/equipos-de-seguridad-sos-2.png\",\"width\":600,\"height\":259,\"caption\":\"SOS Integral - Equipos de Seguridad - Herramientas Industriales\"},\"image\":{\"@id\":\"https:\/\/solumeca.com\/#\/schema\/logo\/image\/\"},\"sameAs\":[\"https:\/\/www.instagram.com\/sosintegralrd\/\"]}]}<\/script>\n<!-- \/ Yoast SEO Premium plugin. -->","yoast_head_json":{"title":"GATO PATIN PROFESIONAL 20 TONELADA, SURTEK. - GPP20 - Herramientas Industriales - Equipos de Seguridad - Solumeca.com","robots":{"index":"index","follow":"follow","max-snippet":"max-snippet:-1","max-image-preview":"max-image-preview:large","max-video-preview":"max-video-preview:-1"},"canonical":"https:\/\/solumeca.com\/?product=gato-patin-profesional-20-tonelada-surtek-gpp20","og_locale":"es_ES","og_type":"article","og_title":"GATO PATIN PROFESIONAL 20 TONELADA, SURTEK. - GPP20","og_description":"Maneral de levante desmontable con mango de grip pl\u00e1stico antiderrapante  Ruedas giratorias traseras que facilitan el acomodo del gato  Estructura de acero reforzado  Asa pl\u00e1stica para f\u00e1cil transportaci\u00f3n  Con bomba de aproximaci\u00f3n y carga  V\u00e1lvula de liberaci\u00f3n en maneral","og_url":"https:\/\/solumeca.com\/?product=gato-patin-profesional-20-tonelada-surtek-gpp20","og_site_name":"Herramientas Industriales - Equipos de Seguridad - Solumeca.com","article_modified_time":"2026-03-17T19:58:12+00:00","twitter_card":"summary_large_image","schema":{"@context":"https:\/\/schema.org","@graph":[{"@type":"WebPage","@id":"https:\/\/solumeca.com\/?product=gato-patin-profesional-20-tonelada-surtek-gpp20","url":"https:\/\/solumeca.com\/?product=gato-patin-profesional-20-tonelada-surtek-gpp20","name":"GATO PATIN PROFESIONAL 20 TONELADA, SURTEK. - GPP20 - Herramientas Industriales - Equipos de Seguridad - Solumeca.com","isPartOf":{"@id":"https:\/\/solumeca.com\/#website"},"primaryImageOfPage":{"@id":"https:\/\/solumeca.com\/?product=gato-patin-profesional-20-tonelada-surtek-gpp20#primaryimage"},"image":{"@id":"https:\/\/solumeca.com\/?product=gato-patin-profesional-20-tonelada-surtek-gpp20#primaryimage"},"thumbnailUrl":"https:\/\/solumeca.com\/wp-content\/uploads\/2026\/03\/GPP20.webp","datePublished":"2026-03-17T19:58:01+00:00","dateModified":"2026-03-17T19:58:12+00:00","breadcrumb":{"@id":"https:\/\/solumeca.com\/?product=gato-patin-profesional-20-tonelada-surtek-gpp20#breadcrumb"},"inLanguage":"es","potentialAction":[{"@type":"ReadAction","target":["https:\/\/solumeca.com\/?product=gato-patin-profesional-20-tonelada-surtek-gpp20"]}]},{"@type":"ImageObject","inLanguage":"es","@id":"https:\/\/solumeca.com\/?product=gato-patin-profesional-20-tonelada-surtek-gpp20#primaryimage","url":"https:\/\/solumeca.com\/wp-content\/uploads\/2026\/03\/GPP20.webp","contentUrl":"https:\/\/solumeca.com\/wp-content\/uploads\/2026\/03\/GPP20.webp","width":1000,"height":1000},{"@type":"BreadcrumbList","@id":"https:\/\/solumeca.com\/?product=gato-patin-profesional-20-tonelada-surtek-gpp20#breadcrumb","itemListElement":[{"@type":"ListItem","position":1,"name":"Portada","item":"https:\/\/solumeca.com\/"},{"@type":"ListItem","position":2,"name":"Shop","item":"https:\/\/solumeca.com\/?page_id=10"},{"@type":"ListItem","position":3,"name":"GATO PATIN PROFESIONAL 20 TONELADA, SURTEK. &#8211; GPP20"}]},{"@type":"WebSite","@id":"https:\/\/solumeca.com\/#website","url":"https:\/\/solumeca.com\/","name":"SOS Integral - Equipos de Seguridad - Herramientas Industriales","description":"Equipos de Seguridad, Santo Domingo, Republica Dominicana, Herramientas Industriales,Tel.: (809) 274-3888 \/ Info@solumeca.com","publisher":{"@id":"https:\/\/solumeca.com\/#organization"},"potentialAction":[{"@type":"SearchAction","target":{"@type":"EntryPoint","urlTemplate":"https:\/\/solumeca.com\/?s={search_term_string}"},"query-input":"required name=search_term_string"}],"inLanguage":"es"},{"@type":"Organization","@id":"https:\/\/solumeca.com\/#organization","name":"SOS Integral - Equipos de Seguridad - Herramientas Industriales","url":"https:\/\/solumeca.com\/","logo":{"@type":"ImageObject","inLanguage":"es","@id":"https:\/\/solumeca.com\/#\/schema\/logo\/image\/","url":"https:\/\/solumeca.com\/wp-content\/uploads\/2024\/04\/equipos-de-seguridad-sos-2.png","contentUrl":"https:\/\/solumeca.com\/wp-content\/uploads\/2024\/04\/equipos-de-seguridad-sos-2.png","width":600,"height":259,"caption":"SOS Integral - Equipos de Seguridad - Herramientas Industriales"},"image":{"@id":"https:\/\/solumeca.com\/#\/schema\/logo\/image\/"},"sameAs":["https:\/\/www.instagram.com\/sosintegralrd\/"]}]}},"_links":{"self":[{"href":"https:\/\/solumeca.com\/index.php?rest_route=\/wp\/v2\/product\/34690","targetHints":{"allow":["GET"]}}],"collection":[{"href":"https:\/\/solumeca.com\/index.php?rest_route=\/wp\/v2\/product"}],"about":[{"href":"https:\/\/solumeca.com\/index.php?rest_route=\/wp\/v2\/types\/product"}],"replies":[{"embeddable":true,"href":"https:\/\/solumeca.com\/index.php?rest_route=%2Fwp%2Fv2%2Fcomments&post=34690"}],"version-history":[{"count":1,"href":"https:\/\/solumeca.com\/index.php?rest_route=\/wp\/v2\/product\/34690\/revisions"}],"predecessor-version":[{"id":34720,"href":"https:\/\/solumeca.com\/index.php?rest_route=\/wp\/v2\/product\/34690\/revisions\/34720"}],"wp:featuredmedia":[{"embeddable":true,"href":"https:\/\/solumeca.com\/index.php?rest_route=\/wp\/v2\/media\/24087"}],"wp:attachment":[{"href":"https:\/\/solumeca.com\/index.php?rest_route=%2Fwp%2Fv2%2Fmedia&parent=34690"}],"wp:term":[{"taxonomy":"product_brand","embeddable":true,"href":"https:\/\/solumeca.com\/index.php?rest_route=%2Fwp%2Fv2%2Fproduct_brand&post=34690"},{"taxonomy":"product_cat","embeddable":true,"href":"https:\/\/solumeca.com\/index.php?rest_route=%2Fwp%2Fv2%2Fproduct_cat&post=34690"},{"taxonomy":"product_tag","embeddable":true,"href":"https:\/\/solumeca.com\/index.php?rest_route=%2Fwp%2Fv2%2Fproduct_tag&post=34690"}],"curies":[{"name":"wp","href":"https:\/\/api.w.org\/{rel}","templated":true}]}}