{"id":34569,"date":"2026-03-17T20:57:25","date_gmt":"2026-03-17T19:57:25","guid":{"rendered":"https:\/\/solumeca.com\/?post_type=product&#038;p=34569"},"modified":"2026-03-17T20:57:40","modified_gmt":"2026-03-17T19:57:40","slug":"carro-para-almacen-plegable-60kg-surtek-dpa60","status":"publish","type":"product","link":"https:\/\/solumeca.com\/?product=carro-para-almacen-plegable-60kg-surtek-dpa60","title":{"rendered":"CARRO PARA ALMACEN PLEGABLE 60KG SURTEK &#8211; DPA60"},"content":{"rendered":"","protected":false},"excerpt":{"rendered":"<div class=\"richContent-root-2XB\">\n<ul>\n<li>Base con dise\u00f1o antiderrapante<\/li>\n<li>Dise\u00f1o compacto<\/li>\n<li>F\u00e1cil de guardar y de transportar sin carga<\/li>\n<li>Para transporte de cargas ligeras<\/li>\n<li>Ruedas de hule<\/li>\n<\/ul>\n<\/div>\n","protected":false},"featured_media":23872,"comment_status":"closed","ping_status":"closed","template":"","meta":[],"product_brand":[],"product_cat":[355],"product_tag":[],"class_list":{"0":"post-34569","1":"product","2":"type-product","3":"status-publish","4":"has-post-thumbnail","6":"product_cat-surtek","8":"first","9":"instock","10":"taxable","11":"shipping-taxable","12":"purchasable","13":"product-type-simple"},"yoast_head":"<!-- This site is optimized with the Yoast SEO Premium plugin v22.5 (Yoast SEO v22.6) - https:\/\/yoast.com\/wordpress\/plugins\/seo\/ -->\n<title>CARRO PARA ALMACEN PLEGABLE 60KG SURTEK - DPA60 - Herramientas Industriales - Equipos de Seguridad - Solumeca.com<\/title>\n<meta name=\"robots\" content=\"index, follow, max-snippet:-1, max-image-preview:large, max-video-preview:-1\" \/>\n<link rel=\"canonical\" href=\"https:\/\/solumeca.com\/?product=carro-para-almacen-plegable-60kg-surtek-dpa60\" \/>\n<meta property=\"og:locale\" content=\"es_ES\" \/>\n<meta property=\"og:type\" content=\"article\" \/>\n<meta property=\"og:title\" content=\"CARRO PARA ALMACEN PLEGABLE 60KG SURTEK - DPA60\" \/>\n<meta property=\"og:description\" content=\"Base con dise\u00f1o antiderrapante  Dise\u00f1o compacto  F\u00e1cil de guardar y de transportar sin carga  Para transporte de cargas ligeras  Ruedas de hule\" \/>\n<meta property=\"og:url\" content=\"https:\/\/solumeca.com\/?product=carro-para-almacen-plegable-60kg-surtek-dpa60\" \/>\n<meta property=\"og:site_name\" content=\"Herramientas Industriales - Equipos de Seguridad - Solumeca.com\" \/>\n<meta property=\"article:modified_time\" content=\"2026-03-17T19:57:40+00:00\" \/>\n<meta name=\"twitter:card\" content=\"summary_large_image\" \/>\n<script type=\"application\/ld+json\" class=\"yoast-schema-graph\">{\"@context\":\"https:\/\/schema.org\",\"@graph\":[{\"@type\":\"WebPage\",\"@id\":\"https:\/\/solumeca.com\/?product=carro-para-almacen-plegable-60kg-surtek-dpa60\",\"url\":\"https:\/\/solumeca.com\/?product=carro-para-almacen-plegable-60kg-surtek-dpa60\",\"name\":\"CARRO PARA ALMACEN PLEGABLE 60KG SURTEK - DPA60 - Herramientas Industriales - Equipos de Seguridad - Solumeca.com\",\"isPartOf\":{\"@id\":\"https:\/\/solumeca.com\/#website\"},\"primaryImageOfPage\":{\"@id\":\"https:\/\/solumeca.com\/?product=carro-para-almacen-plegable-60kg-surtek-dpa60#primaryimage\"},\"image\":{\"@id\":\"https:\/\/solumeca.com\/?product=carro-para-almacen-plegable-60kg-surtek-dpa60#primaryimage\"},\"thumbnailUrl\":\"https:\/\/solumeca.com\/wp-content\/uploads\/2026\/03\/DPA60.webp\",\"datePublished\":\"2026-03-17T19:57:25+00:00\",\"dateModified\":\"2026-03-17T19:57:40+00:00\",\"breadcrumb\":{\"@id\":\"https:\/\/solumeca.com\/?product=carro-para-almacen-plegable-60kg-surtek-dpa60#breadcrumb\"},\"inLanguage\":\"es\",\"potentialAction\":[{\"@type\":\"ReadAction\",\"target\":[\"https:\/\/solumeca.com\/?product=carro-para-almacen-plegable-60kg-surtek-dpa60\"]}]},{\"@type\":\"ImageObject\",\"inLanguage\":\"es\",\"@id\":\"https:\/\/solumeca.com\/?product=carro-para-almacen-plegable-60kg-surtek-dpa60#primaryimage\",\"url\":\"https:\/\/solumeca.com\/wp-content\/uploads\/2026\/03\/DPA60.webp\",\"contentUrl\":\"https:\/\/solumeca.com\/wp-content\/uploads\/2026\/03\/DPA60.webp\",\"width\":1000,\"height\":1000},{\"@type\":\"BreadcrumbList\",\"@id\":\"https:\/\/solumeca.com\/?product=carro-para-almacen-plegable-60kg-surtek-dpa60#breadcrumb\",\"itemListElement\":[{\"@type\":\"ListItem\",\"position\":1,\"name\":\"Portada\",\"item\":\"https:\/\/solumeca.com\/\"},{\"@type\":\"ListItem\",\"position\":2,\"name\":\"Shop\",\"item\":\"https:\/\/solumeca.com\/?page_id=10\"},{\"@type\":\"ListItem\",\"position\":3,\"name\":\"CARRO PARA ALMACEN PLEGABLE 60KG SURTEK &#8211; DPA60\"}]},{\"@type\":\"WebSite\",\"@id\":\"https:\/\/solumeca.com\/#website\",\"url\":\"https:\/\/solumeca.com\/\",\"name\":\"SOS Integral - Equipos de Seguridad - Herramientas Industriales\",\"description\":\"Equipos de Seguridad, Santo Domingo, Republica Dominicana, Herramientas Industriales,Tel.: (809) 274-3888 \/ Info@solumeca.com\",\"publisher\":{\"@id\":\"https:\/\/solumeca.com\/#organization\"},\"potentialAction\":[{\"@type\":\"SearchAction\",\"target\":{\"@type\":\"EntryPoint\",\"urlTemplate\":\"https:\/\/solumeca.com\/?s={search_term_string}\"},\"query-input\":\"required name=search_term_string\"}],\"inLanguage\":\"es\"},{\"@type\":\"Organization\",\"@id\":\"https:\/\/solumeca.com\/#organization\",\"name\":\"SOS Integral - Equipos de Seguridad - Herramientas Industriales\",\"url\":\"https:\/\/solumeca.com\/\",\"logo\":{\"@type\":\"ImageObject\",\"inLanguage\":\"es\",\"@id\":\"https:\/\/solumeca.com\/#\/schema\/logo\/image\/\",\"url\":\"https:\/\/solumeca.com\/wp-content\/uploads\/2024\/04\/equipos-de-seguridad-sos-2.png\",\"contentUrl\":\"https:\/\/solumeca.com\/wp-content\/uploads\/2024\/04\/equipos-de-seguridad-sos-2.png\",\"width\":600,\"height\":259,\"caption\":\"SOS Integral - Equipos de Seguridad - Herramientas Industriales\"},\"image\":{\"@id\":\"https:\/\/solumeca.com\/#\/schema\/logo\/image\/\"},\"sameAs\":[\"https:\/\/www.instagram.com\/sosintegralrd\/\"]}]}<\/script>\n<!-- \/ Yoast SEO Premium plugin. -->","yoast_head_json":{"title":"CARRO PARA ALMACEN PLEGABLE 60KG SURTEK - DPA60 - Herramientas Industriales - Equipos de Seguridad - Solumeca.com","robots":{"index":"index","follow":"follow","max-snippet":"max-snippet:-1","max-image-preview":"max-image-preview:large","max-video-preview":"max-video-preview:-1"},"canonical":"https:\/\/solumeca.com\/?product=carro-para-almacen-plegable-60kg-surtek-dpa60","og_locale":"es_ES","og_type":"article","og_title":"CARRO PARA ALMACEN PLEGABLE 60KG SURTEK - DPA60","og_description":"Base con dise\u00f1o antiderrapante  Dise\u00f1o compacto  F\u00e1cil de guardar y de transportar sin carga  Para transporte de cargas ligeras  Ruedas de hule","og_url":"https:\/\/solumeca.com\/?product=carro-para-almacen-plegable-60kg-surtek-dpa60","og_site_name":"Herramientas Industriales - Equipos de Seguridad - Solumeca.com","article_modified_time":"2026-03-17T19:57:40+00:00","twitter_card":"summary_large_image","schema":{"@context":"https:\/\/schema.org","@graph":[{"@type":"WebPage","@id":"https:\/\/solumeca.com\/?product=carro-para-almacen-plegable-60kg-surtek-dpa60","url":"https:\/\/solumeca.com\/?product=carro-para-almacen-plegable-60kg-surtek-dpa60","name":"CARRO PARA ALMACEN PLEGABLE 60KG SURTEK - DPA60 - Herramientas Industriales - Equipos de Seguridad - Solumeca.com","isPartOf":{"@id":"https:\/\/solumeca.com\/#website"},"primaryImageOfPage":{"@id":"https:\/\/solumeca.com\/?product=carro-para-almacen-plegable-60kg-surtek-dpa60#primaryimage"},"image":{"@id":"https:\/\/solumeca.com\/?product=carro-para-almacen-plegable-60kg-surtek-dpa60#primaryimage"},"thumbnailUrl":"https:\/\/solumeca.com\/wp-content\/uploads\/2026\/03\/DPA60.webp","datePublished":"2026-03-17T19:57:25+00:00","dateModified":"2026-03-17T19:57:40+00:00","breadcrumb":{"@id":"https:\/\/solumeca.com\/?product=carro-para-almacen-plegable-60kg-surtek-dpa60#breadcrumb"},"inLanguage":"es","potentialAction":[{"@type":"ReadAction","target":["https:\/\/solumeca.com\/?product=carro-para-almacen-plegable-60kg-surtek-dpa60"]}]},{"@type":"ImageObject","inLanguage":"es","@id":"https:\/\/solumeca.com\/?product=carro-para-almacen-plegable-60kg-surtek-dpa60#primaryimage","url":"https:\/\/solumeca.com\/wp-content\/uploads\/2026\/03\/DPA60.webp","contentUrl":"https:\/\/solumeca.com\/wp-content\/uploads\/2026\/03\/DPA60.webp","width":1000,"height":1000},{"@type":"BreadcrumbList","@id":"https:\/\/solumeca.com\/?product=carro-para-almacen-plegable-60kg-surtek-dpa60#breadcrumb","itemListElement":[{"@type":"ListItem","position":1,"name":"Portada","item":"https:\/\/solumeca.com\/"},{"@type":"ListItem","position":2,"name":"Shop","item":"https:\/\/solumeca.com\/?page_id=10"},{"@type":"ListItem","position":3,"name":"CARRO PARA ALMACEN PLEGABLE 60KG SURTEK &#8211; DPA60"}]},{"@type":"WebSite","@id":"https:\/\/solumeca.com\/#website","url":"https:\/\/solumeca.com\/","name":"SOS Integral - Equipos de Seguridad - Herramientas Industriales","description":"Equipos de Seguridad, Santo Domingo, Republica Dominicana, Herramientas Industriales,Tel.: (809) 274-3888 \/ Info@solumeca.com","publisher":{"@id":"https:\/\/solumeca.com\/#organization"},"potentialAction":[{"@type":"SearchAction","target":{"@type":"EntryPoint","urlTemplate":"https:\/\/solumeca.com\/?s={search_term_string}"},"query-input":"required name=search_term_string"}],"inLanguage":"es"},{"@type":"Organization","@id":"https:\/\/solumeca.com\/#organization","name":"SOS Integral - Equipos de Seguridad - Herramientas Industriales","url":"https:\/\/solumeca.com\/","logo":{"@type":"ImageObject","inLanguage":"es","@id":"https:\/\/solumeca.com\/#\/schema\/logo\/image\/","url":"https:\/\/solumeca.com\/wp-content\/uploads\/2024\/04\/equipos-de-seguridad-sos-2.png","contentUrl":"https:\/\/solumeca.com\/wp-content\/uploads\/2024\/04\/equipos-de-seguridad-sos-2.png","width":600,"height":259,"caption":"SOS Integral - Equipos de Seguridad - Herramientas Industriales"},"image":{"@id":"https:\/\/solumeca.com\/#\/schema\/logo\/image\/"},"sameAs":["https:\/\/www.instagram.com\/sosintegralrd\/"]}]}},"_links":{"self":[{"href":"https:\/\/solumeca.com\/index.php?rest_route=\/wp\/v2\/product\/34569","targetHints":{"allow":["GET"]}}],"collection":[{"href":"https:\/\/solumeca.com\/index.php?rest_route=\/wp\/v2\/product"}],"about":[{"href":"https:\/\/solumeca.com\/index.php?rest_route=\/wp\/v2\/types\/product"}],"replies":[{"embeddable":true,"href":"https:\/\/solumeca.com\/index.php?rest_route=%2Fwp%2Fv2%2Fcomments&post=34569"}],"version-history":[{"count":1,"href":"https:\/\/solumeca.com\/index.php?rest_route=\/wp\/v2\/product\/34569\/revisions"}],"predecessor-version":[{"id":34599,"href":"https:\/\/solumeca.com\/index.php?rest_route=\/wp\/v2\/product\/34569\/revisions\/34599"}],"wp:featuredmedia":[{"embeddable":true,"href":"https:\/\/solumeca.com\/index.php?rest_route=\/wp\/v2\/media\/23872"}],"wp:attachment":[{"href":"https:\/\/solumeca.com\/index.php?rest_route=%2Fwp%2Fv2%2Fmedia&parent=34569"}],"wp:term":[{"taxonomy":"product_brand","embeddable":true,"href":"https:\/\/solumeca.com\/index.php?rest_route=%2Fwp%2Fv2%2Fproduct_brand&post=34569"},{"taxonomy":"product_cat","embeddable":true,"href":"https:\/\/solumeca.com\/index.php?rest_route=%2Fwp%2Fv2%2Fproduct_cat&post=34569"},{"taxonomy":"product_tag","embeddable":true,"href":"https:\/\/solumeca.com\/index.php?rest_route=%2Fwp%2Fv2%2Fproduct_tag&post=34569"}],"curies":[{"name":"wp","href":"https:\/\/api.w.org\/{rel}","templated":true}]}}