{"id":34150,"date":"2026-03-17T20:54:58","date_gmt":"2026-03-17T19:54:58","guid":{"rendered":"https:\/\/solumeca.com\/?post_type=product&#038;p=34150"},"modified":"2026-03-17T20:55:02","modified_gmt":"2026-03-17T19:55:02","slug":"machete-24-con-cacha-negra-surtek-130516","status":"publish","type":"product","link":"https:\/\/solumeca.com\/?product=machete-24-con-cacha-negra-surtek-130516","title":{"rendered":"MACHETE 24\u2019\u2019 CON CACHA NEGRA SURTEK &#8211; 130516"},"content":{"rendered":"","protected":false},"excerpt":{"rendered":"<div class=\"richContent-root-2XB\">\n<ul>\n<li>Son troquelados en una sola pieza de acero, hasta el final de la cacha para poder generar golpes firmes disminuyendo la vibraci\u00f3n<\/li>\n<li>Este producto cuenta con tratamiento t\u00e9rmico con el fin de dar mayor durabilidad al afilado y con l\u00e1mina flexible que brinda mayor resistencia a la hoja<\/li>\n<\/ul>\n<\/div>\n","protected":false},"featured_media":23103,"comment_status":"closed","ping_status":"closed","template":"","meta":[],"product_brand":[],"product_cat":[355],"product_tag":[],"class_list":{"0":"post-34150","1":"product","2":"type-product","3":"status-publish","4":"has-post-thumbnail","6":"product_cat-surtek","8":"first","9":"instock","10":"taxable","11":"shipping-taxable","12":"purchasable","13":"product-type-simple"},"yoast_head":"<!-- This site is optimized with the Yoast SEO Premium plugin v22.5 (Yoast SEO v22.6) - https:\/\/yoast.com\/wordpress\/plugins\/seo\/ -->\n<title>MACHETE 24\u2019\u2019 CON CACHA NEGRA SURTEK - 130516 - Herramientas Industriales - Equipos de Seguridad - Solumeca.com<\/title>\n<meta name=\"robots\" content=\"index, follow, max-snippet:-1, max-image-preview:large, max-video-preview:-1\" \/>\n<link rel=\"canonical\" href=\"https:\/\/solumeca.com\/?product=machete-24-con-cacha-negra-surtek-130516\" \/>\n<meta property=\"og:locale\" content=\"es_ES\" \/>\n<meta property=\"og:type\" content=\"article\" \/>\n<meta property=\"og:title\" content=\"MACHETE 24\u2019\u2019 CON CACHA NEGRA SURTEK - 130516\" \/>\n<meta property=\"og:description\" content=\"Son troquelados en una sola pieza de acero, hasta el final de la cacha para poder generar golpes firmes disminuyendo la vibraci\u00f3n  Este producto cuenta con tratamiento t\u00e9rmico con el fin de dar mayor durabilidad al afilado y con l\u00e1mina flexible que brinda mayor resistencia a la hoja\" \/>\n<meta property=\"og:url\" content=\"https:\/\/solumeca.com\/?product=machete-24-con-cacha-negra-surtek-130516\" \/>\n<meta property=\"og:site_name\" content=\"Herramientas Industriales - Equipos de Seguridad - Solumeca.com\" \/>\n<meta property=\"article:modified_time\" content=\"2026-03-17T19:55:02+00:00\" \/>\n<meta name=\"twitter:card\" content=\"summary_large_image\" \/>\n<script type=\"application\/ld+json\" class=\"yoast-schema-graph\">{\"@context\":\"https:\/\/schema.org\",\"@graph\":[{\"@type\":\"WebPage\",\"@id\":\"https:\/\/solumeca.com\/?product=machete-24-con-cacha-negra-surtek-130516\",\"url\":\"https:\/\/solumeca.com\/?product=machete-24-con-cacha-negra-surtek-130516\",\"name\":\"MACHETE 24\u2019\u2019 CON CACHA NEGRA SURTEK - 130516 - Herramientas Industriales - Equipos de Seguridad - Solumeca.com\",\"isPartOf\":{\"@id\":\"https:\/\/solumeca.com\/#website\"},\"primaryImageOfPage\":{\"@id\":\"https:\/\/solumeca.com\/?product=machete-24-con-cacha-negra-surtek-130516#primaryimage\"},\"image\":{\"@id\":\"https:\/\/solumeca.com\/?product=machete-24-con-cacha-negra-surtek-130516#primaryimage\"},\"thumbnailUrl\":\"https:\/\/solumeca.com\/wp-content\/uploads\/2026\/03\/130516.webp\",\"datePublished\":\"2026-03-17T19:54:58+00:00\",\"dateModified\":\"2026-03-17T19:55:02+00:00\",\"breadcrumb\":{\"@id\":\"https:\/\/solumeca.com\/?product=machete-24-con-cacha-negra-surtek-130516#breadcrumb\"},\"inLanguage\":\"es\",\"potentialAction\":[{\"@type\":\"ReadAction\",\"target\":[\"https:\/\/solumeca.com\/?product=machete-24-con-cacha-negra-surtek-130516\"]}]},{\"@type\":\"ImageObject\",\"inLanguage\":\"es\",\"@id\":\"https:\/\/solumeca.com\/?product=machete-24-con-cacha-negra-surtek-130516#primaryimage\",\"url\":\"https:\/\/solumeca.com\/wp-content\/uploads\/2026\/03\/130516.webp\",\"contentUrl\":\"https:\/\/solumeca.com\/wp-content\/uploads\/2026\/03\/130516.webp\",\"width\":1000,\"height\":1000},{\"@type\":\"BreadcrumbList\",\"@id\":\"https:\/\/solumeca.com\/?product=machete-24-con-cacha-negra-surtek-130516#breadcrumb\",\"itemListElement\":[{\"@type\":\"ListItem\",\"position\":1,\"name\":\"Portada\",\"item\":\"https:\/\/solumeca.com\/\"},{\"@type\":\"ListItem\",\"position\":2,\"name\":\"Shop\",\"item\":\"https:\/\/solumeca.com\/?page_id=10\"},{\"@type\":\"ListItem\",\"position\":3,\"name\":\"MACHETE 24\u2019\u2019 CON CACHA NEGRA SURTEK &#8211; 130516\"}]},{\"@type\":\"WebSite\",\"@id\":\"https:\/\/solumeca.com\/#website\",\"url\":\"https:\/\/solumeca.com\/\",\"name\":\"SOS Integral - Equipos de Seguridad - Herramientas Industriales\",\"description\":\"Equipos de Seguridad, Santo Domingo, Republica Dominicana, Herramientas Industriales,Tel.: (809) 274-3888 \/ Info@solumeca.com\",\"publisher\":{\"@id\":\"https:\/\/solumeca.com\/#organization\"},\"potentialAction\":[{\"@type\":\"SearchAction\",\"target\":{\"@type\":\"EntryPoint\",\"urlTemplate\":\"https:\/\/solumeca.com\/?s={search_term_string}\"},\"query-input\":\"required name=search_term_string\"}],\"inLanguage\":\"es\"},{\"@type\":\"Organization\",\"@id\":\"https:\/\/solumeca.com\/#organization\",\"name\":\"SOS Integral - Equipos de Seguridad - Herramientas Industriales\",\"url\":\"https:\/\/solumeca.com\/\",\"logo\":{\"@type\":\"ImageObject\",\"inLanguage\":\"es\",\"@id\":\"https:\/\/solumeca.com\/#\/schema\/logo\/image\/\",\"url\":\"https:\/\/solumeca.com\/wp-content\/uploads\/2024\/04\/equipos-de-seguridad-sos-2.png\",\"contentUrl\":\"https:\/\/solumeca.com\/wp-content\/uploads\/2024\/04\/equipos-de-seguridad-sos-2.png\",\"width\":600,\"height\":259,\"caption\":\"SOS Integral - Equipos de Seguridad - Herramientas Industriales\"},\"image\":{\"@id\":\"https:\/\/solumeca.com\/#\/schema\/logo\/image\/\"},\"sameAs\":[\"https:\/\/www.instagram.com\/sosintegralrd\/\"]}]}<\/script>\n<!-- \/ Yoast SEO Premium plugin. -->","yoast_head_json":{"title":"MACHETE 24\u2019\u2019 CON CACHA NEGRA SURTEK - 130516 - Herramientas Industriales - Equipos de Seguridad - Solumeca.com","robots":{"index":"index","follow":"follow","max-snippet":"max-snippet:-1","max-image-preview":"max-image-preview:large","max-video-preview":"max-video-preview:-1"},"canonical":"https:\/\/solumeca.com\/?product=machete-24-con-cacha-negra-surtek-130516","og_locale":"es_ES","og_type":"article","og_title":"MACHETE 24\u2019\u2019 CON CACHA NEGRA SURTEK - 130516","og_description":"Son troquelados en una sola pieza de acero, hasta el final de la cacha para poder generar golpes firmes disminuyendo la vibraci\u00f3n  Este producto cuenta con tratamiento t\u00e9rmico con el fin de dar mayor durabilidad al afilado y con l\u00e1mina flexible que brinda mayor resistencia a la hoja","og_url":"https:\/\/solumeca.com\/?product=machete-24-con-cacha-negra-surtek-130516","og_site_name":"Herramientas Industriales - Equipos de Seguridad - Solumeca.com","article_modified_time":"2026-03-17T19:55:02+00:00","twitter_card":"summary_large_image","schema":{"@context":"https:\/\/schema.org","@graph":[{"@type":"WebPage","@id":"https:\/\/solumeca.com\/?product=machete-24-con-cacha-negra-surtek-130516","url":"https:\/\/solumeca.com\/?product=machete-24-con-cacha-negra-surtek-130516","name":"MACHETE 24\u2019\u2019 CON CACHA NEGRA SURTEK - 130516 - Herramientas Industriales - Equipos de Seguridad - Solumeca.com","isPartOf":{"@id":"https:\/\/solumeca.com\/#website"},"primaryImageOfPage":{"@id":"https:\/\/solumeca.com\/?product=machete-24-con-cacha-negra-surtek-130516#primaryimage"},"image":{"@id":"https:\/\/solumeca.com\/?product=machete-24-con-cacha-negra-surtek-130516#primaryimage"},"thumbnailUrl":"https:\/\/solumeca.com\/wp-content\/uploads\/2026\/03\/130516.webp","datePublished":"2026-03-17T19:54:58+00:00","dateModified":"2026-03-17T19:55:02+00:00","breadcrumb":{"@id":"https:\/\/solumeca.com\/?product=machete-24-con-cacha-negra-surtek-130516#breadcrumb"},"inLanguage":"es","potentialAction":[{"@type":"ReadAction","target":["https:\/\/solumeca.com\/?product=machete-24-con-cacha-negra-surtek-130516"]}]},{"@type":"ImageObject","inLanguage":"es","@id":"https:\/\/solumeca.com\/?product=machete-24-con-cacha-negra-surtek-130516#primaryimage","url":"https:\/\/solumeca.com\/wp-content\/uploads\/2026\/03\/130516.webp","contentUrl":"https:\/\/solumeca.com\/wp-content\/uploads\/2026\/03\/130516.webp","width":1000,"height":1000},{"@type":"BreadcrumbList","@id":"https:\/\/solumeca.com\/?product=machete-24-con-cacha-negra-surtek-130516#breadcrumb","itemListElement":[{"@type":"ListItem","position":1,"name":"Portada","item":"https:\/\/solumeca.com\/"},{"@type":"ListItem","position":2,"name":"Shop","item":"https:\/\/solumeca.com\/?page_id=10"},{"@type":"ListItem","position":3,"name":"MACHETE 24\u2019\u2019 CON CACHA NEGRA SURTEK &#8211; 130516"}]},{"@type":"WebSite","@id":"https:\/\/solumeca.com\/#website","url":"https:\/\/solumeca.com\/","name":"SOS Integral - Equipos de Seguridad - Herramientas Industriales","description":"Equipos de Seguridad, Santo Domingo, Republica Dominicana, Herramientas Industriales,Tel.: (809) 274-3888 \/ Info@solumeca.com","publisher":{"@id":"https:\/\/solumeca.com\/#organization"},"potentialAction":[{"@type":"SearchAction","target":{"@type":"EntryPoint","urlTemplate":"https:\/\/solumeca.com\/?s={search_term_string}"},"query-input":"required name=search_term_string"}],"inLanguage":"es"},{"@type":"Organization","@id":"https:\/\/solumeca.com\/#organization","name":"SOS Integral - Equipos de Seguridad - Herramientas Industriales","url":"https:\/\/solumeca.com\/","logo":{"@type":"ImageObject","inLanguage":"es","@id":"https:\/\/solumeca.com\/#\/schema\/logo\/image\/","url":"https:\/\/solumeca.com\/wp-content\/uploads\/2024\/04\/equipos-de-seguridad-sos-2.png","contentUrl":"https:\/\/solumeca.com\/wp-content\/uploads\/2024\/04\/equipos-de-seguridad-sos-2.png","width":600,"height":259,"caption":"SOS Integral - Equipos de Seguridad - Herramientas Industriales"},"image":{"@id":"https:\/\/solumeca.com\/#\/schema\/logo\/image\/"},"sameAs":["https:\/\/www.instagram.com\/sosintegralrd\/"]}]}},"_links":{"self":[{"href":"https:\/\/solumeca.com\/index.php?rest_route=\/wp\/v2\/product\/34150","targetHints":{"allow":["GET"]}}],"collection":[{"href":"https:\/\/solumeca.com\/index.php?rest_route=\/wp\/v2\/product"}],"about":[{"href":"https:\/\/solumeca.com\/index.php?rest_route=\/wp\/v2\/types\/product"}],"replies":[{"embeddable":true,"href":"https:\/\/solumeca.com\/index.php?rest_route=%2Fwp%2Fv2%2Fcomments&post=34150"}],"version-history":[{"count":1,"href":"https:\/\/solumeca.com\/index.php?rest_route=\/wp\/v2\/product\/34150\/revisions"}],"predecessor-version":[{"id":34180,"href":"https:\/\/solumeca.com\/index.php?rest_route=\/wp\/v2\/product\/34150\/revisions\/34180"}],"wp:featuredmedia":[{"embeddable":true,"href":"https:\/\/solumeca.com\/index.php?rest_route=\/wp\/v2\/media\/23103"}],"wp:attachment":[{"href":"https:\/\/solumeca.com\/index.php?rest_route=%2Fwp%2Fv2%2Fmedia&parent=34150"}],"wp:term":[{"taxonomy":"product_brand","embeddable":true,"href":"https:\/\/solumeca.com\/index.php?rest_route=%2Fwp%2Fv2%2Fproduct_brand&post=34150"},{"taxonomy":"product_cat","embeddable":true,"href":"https:\/\/solumeca.com\/index.php?rest_route=%2Fwp%2Fv2%2Fproduct_cat&post=34150"},{"taxonomy":"product_tag","embeddable":true,"href":"https:\/\/solumeca.com\/index.php?rest_route=%2Fwp%2Fv2%2Fproduct_tag&post=34150"}],"curies":[{"name":"wp","href":"https:\/\/api.w.org\/{rel}","templated":true}]}}