{"id":34048,"date":"2026-03-17T20:54:29","date_gmt":"2026-03-17T19:54:29","guid":{"rendered":"https:\/\/solumeca.com\/?post_type=product&#038;p=34048"},"modified":"2026-03-17T20:54:38","modified_gmt":"2026-03-17T19:54:38","slug":"escuadra-de-metal-de-16-x-24-ref122281-surtek-122281","status":"publish","type":"product","link":"https:\/\/solumeca.com\/?product=escuadra-de-metal-de-16-x-24-ref122281-surtek-122281","title":{"rendered":"ESCUADRA DE METAL DE 16&#8243; X 24&#8243; REF:122281 SURTEK &#8211; 122281"},"content":{"rendered":"","protected":false},"excerpt":{"rendered":"<div class=\"richContent-root-2XB\">\n<ul>\n<li>Fabricadas en acero alto carbono<\/li>\n<li>Graduaci\u00f3n en cent\u00edmetros y pulgadas en bajo relieve<\/li>\n<li>\u00datiles en la comprobaci\u00f3n de \u00e1ngulos rectos internos y externos<\/li>\n<li>Ideales para hacer trazos de 45\u00b0 y 90\u00b0<\/li>\n<\/ul>\n<\/div>\n","protected":false},"featured_media":22962,"comment_status":"closed","ping_status":"closed","template":"","meta":[],"product_brand":[],"product_cat":[355],"product_tag":[],"class_list":{"0":"post-34048","1":"product","2":"type-product","3":"status-publish","4":"has-post-thumbnail","6":"product_cat-surtek","8":"first","9":"instock","10":"taxable","11":"shipping-taxable","12":"purchasable","13":"product-type-simple"},"yoast_head":"<!-- This site is optimized with the Yoast SEO Premium plugin v22.5 (Yoast SEO v22.6) - https:\/\/yoast.com\/wordpress\/plugins\/seo\/ -->\n<title>ESCUADRA DE METAL DE 16&quot; X 24&quot; REF:122281 SURTEK - 122281 - Herramientas Industriales - Equipos de Seguridad - Solumeca.com<\/title>\n<meta name=\"robots\" content=\"index, follow, max-snippet:-1, max-image-preview:large, max-video-preview:-1\" \/>\n<link rel=\"canonical\" href=\"https:\/\/solumeca.com\/?product=escuadra-de-metal-de-16-x-24-ref122281-surtek-122281\" \/>\n<meta property=\"og:locale\" content=\"es_ES\" \/>\n<meta property=\"og:type\" content=\"article\" \/>\n<meta property=\"og:title\" content=\"ESCUADRA DE METAL DE 16&quot; X 24&quot; REF:122281 SURTEK - 122281\" \/>\n<meta property=\"og:description\" content=\"Fabricadas en acero alto carbono  Graduaci\u00f3n en cent\u00edmetros y pulgadas en bajo relieve  \u00datiles en la comprobaci\u00f3n de \u00e1ngulos rectos internos y externos  Ideales para hacer trazos de 45\u00b0 y 90\u00b0\" \/>\n<meta property=\"og:url\" content=\"https:\/\/solumeca.com\/?product=escuadra-de-metal-de-16-x-24-ref122281-surtek-122281\" \/>\n<meta property=\"og:site_name\" content=\"Herramientas Industriales - Equipos de Seguridad - Solumeca.com\" \/>\n<meta property=\"article:modified_time\" content=\"2026-03-17T19:54:38+00:00\" \/>\n<meta name=\"twitter:card\" content=\"summary_large_image\" \/>\n<script type=\"application\/ld+json\" class=\"yoast-schema-graph\">{\"@context\":\"https:\/\/schema.org\",\"@graph\":[{\"@type\":\"WebPage\",\"@id\":\"https:\/\/solumeca.com\/?product=escuadra-de-metal-de-16-x-24-ref122281-surtek-122281\",\"url\":\"https:\/\/solumeca.com\/?product=escuadra-de-metal-de-16-x-24-ref122281-surtek-122281\",\"name\":\"ESCUADRA DE METAL DE 16\\\" X 24\\\" REF:122281 SURTEK - 122281 - Herramientas Industriales - Equipos de Seguridad - Solumeca.com\",\"isPartOf\":{\"@id\":\"https:\/\/solumeca.com\/#website\"},\"primaryImageOfPage\":{\"@id\":\"https:\/\/solumeca.com\/?product=escuadra-de-metal-de-16-x-24-ref122281-surtek-122281#primaryimage\"},\"image\":{\"@id\":\"https:\/\/solumeca.com\/?product=escuadra-de-metal-de-16-x-24-ref122281-surtek-122281#primaryimage\"},\"thumbnailUrl\":\"https:\/\/solumeca.com\/wp-content\/uploads\/2026\/03\/122281_k.webp\",\"datePublished\":\"2026-03-17T19:54:29+00:00\",\"dateModified\":\"2026-03-17T19:54:38+00:00\",\"breadcrumb\":{\"@id\":\"https:\/\/solumeca.com\/?product=escuadra-de-metal-de-16-x-24-ref122281-surtek-122281#breadcrumb\"},\"inLanguage\":\"es\",\"potentialAction\":[{\"@type\":\"ReadAction\",\"target\":[\"https:\/\/solumeca.com\/?product=escuadra-de-metal-de-16-x-24-ref122281-surtek-122281\"]}]},{\"@type\":\"ImageObject\",\"inLanguage\":\"es\",\"@id\":\"https:\/\/solumeca.com\/?product=escuadra-de-metal-de-16-x-24-ref122281-surtek-122281#primaryimage\",\"url\":\"https:\/\/solumeca.com\/wp-content\/uploads\/2026\/03\/122281_k.webp\",\"contentUrl\":\"https:\/\/solumeca.com\/wp-content\/uploads\/2026\/03\/122281_k.webp\",\"width\":2000,\"height\":2000},{\"@type\":\"BreadcrumbList\",\"@id\":\"https:\/\/solumeca.com\/?product=escuadra-de-metal-de-16-x-24-ref122281-surtek-122281#breadcrumb\",\"itemListElement\":[{\"@type\":\"ListItem\",\"position\":1,\"name\":\"Portada\",\"item\":\"https:\/\/solumeca.com\/\"},{\"@type\":\"ListItem\",\"position\":2,\"name\":\"Shop\",\"item\":\"https:\/\/solumeca.com\/?page_id=10\"},{\"@type\":\"ListItem\",\"position\":3,\"name\":\"ESCUADRA DE METAL DE 16&#8243; X 24&#8243; REF:122281 SURTEK &#8211; 122281\"}]},{\"@type\":\"WebSite\",\"@id\":\"https:\/\/solumeca.com\/#website\",\"url\":\"https:\/\/solumeca.com\/\",\"name\":\"SOS Integral - Equipos de Seguridad - Herramientas Industriales\",\"description\":\"Equipos de Seguridad, Santo Domingo, Republica Dominicana, Herramientas Industriales,Tel.: (809) 274-3888 \/ Info@solumeca.com\",\"publisher\":{\"@id\":\"https:\/\/solumeca.com\/#organization\"},\"potentialAction\":[{\"@type\":\"SearchAction\",\"target\":{\"@type\":\"EntryPoint\",\"urlTemplate\":\"https:\/\/solumeca.com\/?s={search_term_string}\"},\"query-input\":\"required name=search_term_string\"}],\"inLanguage\":\"es\"},{\"@type\":\"Organization\",\"@id\":\"https:\/\/solumeca.com\/#organization\",\"name\":\"SOS Integral - Equipos de Seguridad - Herramientas Industriales\",\"url\":\"https:\/\/solumeca.com\/\",\"logo\":{\"@type\":\"ImageObject\",\"inLanguage\":\"es\",\"@id\":\"https:\/\/solumeca.com\/#\/schema\/logo\/image\/\",\"url\":\"https:\/\/solumeca.com\/wp-content\/uploads\/2024\/04\/equipos-de-seguridad-sos-2.png\",\"contentUrl\":\"https:\/\/solumeca.com\/wp-content\/uploads\/2024\/04\/equipos-de-seguridad-sos-2.png\",\"width\":600,\"height\":259,\"caption\":\"SOS Integral - Equipos de Seguridad - Herramientas Industriales\"},\"image\":{\"@id\":\"https:\/\/solumeca.com\/#\/schema\/logo\/image\/\"},\"sameAs\":[\"https:\/\/www.instagram.com\/sosintegralrd\/\"]}]}<\/script>\n<!-- \/ Yoast SEO Premium plugin. -->","yoast_head_json":{"title":"ESCUADRA DE METAL DE 16\" X 24\" REF:122281 SURTEK - 122281 - Herramientas Industriales - Equipos de Seguridad - Solumeca.com","robots":{"index":"index","follow":"follow","max-snippet":"max-snippet:-1","max-image-preview":"max-image-preview:large","max-video-preview":"max-video-preview:-1"},"canonical":"https:\/\/solumeca.com\/?product=escuadra-de-metal-de-16-x-24-ref122281-surtek-122281","og_locale":"es_ES","og_type":"article","og_title":"ESCUADRA DE METAL DE 16\" X 24\" REF:122281 SURTEK - 122281","og_description":"Fabricadas en acero alto carbono  Graduaci\u00f3n en cent\u00edmetros y pulgadas en bajo relieve  \u00datiles en la comprobaci\u00f3n de \u00e1ngulos rectos internos y externos  Ideales para hacer trazos de 45\u00b0 y 90\u00b0","og_url":"https:\/\/solumeca.com\/?product=escuadra-de-metal-de-16-x-24-ref122281-surtek-122281","og_site_name":"Herramientas Industriales - Equipos de Seguridad - Solumeca.com","article_modified_time":"2026-03-17T19:54:38+00:00","twitter_card":"summary_large_image","schema":{"@context":"https:\/\/schema.org","@graph":[{"@type":"WebPage","@id":"https:\/\/solumeca.com\/?product=escuadra-de-metal-de-16-x-24-ref122281-surtek-122281","url":"https:\/\/solumeca.com\/?product=escuadra-de-metal-de-16-x-24-ref122281-surtek-122281","name":"ESCUADRA DE METAL DE 16\" X 24\" REF:122281 SURTEK - 122281 - Herramientas Industriales - Equipos de Seguridad - Solumeca.com","isPartOf":{"@id":"https:\/\/solumeca.com\/#website"},"primaryImageOfPage":{"@id":"https:\/\/solumeca.com\/?product=escuadra-de-metal-de-16-x-24-ref122281-surtek-122281#primaryimage"},"image":{"@id":"https:\/\/solumeca.com\/?product=escuadra-de-metal-de-16-x-24-ref122281-surtek-122281#primaryimage"},"thumbnailUrl":"https:\/\/solumeca.com\/wp-content\/uploads\/2026\/03\/122281_k.webp","datePublished":"2026-03-17T19:54:29+00:00","dateModified":"2026-03-17T19:54:38+00:00","breadcrumb":{"@id":"https:\/\/solumeca.com\/?product=escuadra-de-metal-de-16-x-24-ref122281-surtek-122281#breadcrumb"},"inLanguage":"es","potentialAction":[{"@type":"ReadAction","target":["https:\/\/solumeca.com\/?product=escuadra-de-metal-de-16-x-24-ref122281-surtek-122281"]}]},{"@type":"ImageObject","inLanguage":"es","@id":"https:\/\/solumeca.com\/?product=escuadra-de-metal-de-16-x-24-ref122281-surtek-122281#primaryimage","url":"https:\/\/solumeca.com\/wp-content\/uploads\/2026\/03\/122281_k.webp","contentUrl":"https:\/\/solumeca.com\/wp-content\/uploads\/2026\/03\/122281_k.webp","width":2000,"height":2000},{"@type":"BreadcrumbList","@id":"https:\/\/solumeca.com\/?product=escuadra-de-metal-de-16-x-24-ref122281-surtek-122281#breadcrumb","itemListElement":[{"@type":"ListItem","position":1,"name":"Portada","item":"https:\/\/solumeca.com\/"},{"@type":"ListItem","position":2,"name":"Shop","item":"https:\/\/solumeca.com\/?page_id=10"},{"@type":"ListItem","position":3,"name":"ESCUADRA DE METAL DE 16&#8243; X 24&#8243; REF:122281 SURTEK &#8211; 122281"}]},{"@type":"WebSite","@id":"https:\/\/solumeca.com\/#website","url":"https:\/\/solumeca.com\/","name":"SOS Integral - Equipos de Seguridad - Herramientas Industriales","description":"Equipos de Seguridad, Santo Domingo, Republica Dominicana, Herramientas Industriales,Tel.: (809) 274-3888 \/ Info@solumeca.com","publisher":{"@id":"https:\/\/solumeca.com\/#organization"},"potentialAction":[{"@type":"SearchAction","target":{"@type":"EntryPoint","urlTemplate":"https:\/\/solumeca.com\/?s={search_term_string}"},"query-input":"required name=search_term_string"}],"inLanguage":"es"},{"@type":"Organization","@id":"https:\/\/solumeca.com\/#organization","name":"SOS Integral - Equipos de Seguridad - Herramientas Industriales","url":"https:\/\/solumeca.com\/","logo":{"@type":"ImageObject","inLanguage":"es","@id":"https:\/\/solumeca.com\/#\/schema\/logo\/image\/","url":"https:\/\/solumeca.com\/wp-content\/uploads\/2024\/04\/equipos-de-seguridad-sos-2.png","contentUrl":"https:\/\/solumeca.com\/wp-content\/uploads\/2024\/04\/equipos-de-seguridad-sos-2.png","width":600,"height":259,"caption":"SOS Integral - Equipos de Seguridad - Herramientas Industriales"},"image":{"@id":"https:\/\/solumeca.com\/#\/schema\/logo\/image\/"},"sameAs":["https:\/\/www.instagram.com\/sosintegralrd\/"]}]}},"_links":{"self":[{"href":"https:\/\/solumeca.com\/index.php?rest_route=\/wp\/v2\/product\/34048","targetHints":{"allow":["GET"]}}],"collection":[{"href":"https:\/\/solumeca.com\/index.php?rest_route=\/wp\/v2\/product"}],"about":[{"href":"https:\/\/solumeca.com\/index.php?rest_route=\/wp\/v2\/types\/product"}],"replies":[{"embeddable":true,"href":"https:\/\/solumeca.com\/index.php?rest_route=%2Fwp%2Fv2%2Fcomments&post=34048"}],"version-history":[{"count":1,"href":"https:\/\/solumeca.com\/index.php?rest_route=\/wp\/v2\/product\/34048\/revisions"}],"predecessor-version":[{"id":34078,"href":"https:\/\/solumeca.com\/index.php?rest_route=\/wp\/v2\/product\/34048\/revisions\/34078"}],"wp:featuredmedia":[{"embeddable":true,"href":"https:\/\/solumeca.com\/index.php?rest_route=\/wp\/v2\/media\/22962"}],"wp:attachment":[{"href":"https:\/\/solumeca.com\/index.php?rest_route=%2Fwp%2Fv2%2Fmedia&parent=34048"}],"wp:term":[{"taxonomy":"product_brand","embeddable":true,"href":"https:\/\/solumeca.com\/index.php?rest_route=%2Fwp%2Fv2%2Fproduct_brand&post=34048"},{"taxonomy":"product_cat","embeddable":true,"href":"https:\/\/solumeca.com\/index.php?rest_route=%2Fwp%2Fv2%2Fproduct_cat&post=34048"},{"taxonomy":"product_tag","embeddable":true,"href":"https:\/\/solumeca.com\/index.php?rest_route=%2Fwp%2Fv2%2Fproduct_tag&post=34048"}],"curies":[{"name":"wp","href":"https:\/\/api.w.org\/{rel}","templated":true}]}}