{"id":33615,"date":"2026-03-17T20:52:48","date_gmt":"2026-03-17T19:52:48","guid":{"rendered":"https:\/\/solumeca.com\/?post_type=product&#038;p=33615"},"modified":"2026-03-17T20:52:52","modified_gmt":"2026-03-17T19:52:52","slug":"pelacables-multiconductores-4mm-28mm%c2%b2-wiha-44216","status":"publish","type":"product","link":"https:\/\/solumeca.com\/?product=pelacables-multiconductores-4mm-28mm%c2%b2-wiha-44216","title":{"rendered":"PELACABLES MULTICONDUCTORES 4MM-28MM\u00b2 WIHA &#8211; 44216"},"content":{"rendered":"","protected":false},"excerpt":{"rendered":"<div class=\"product-tabs__tab-item-content rte\">\n<ul>\n<li>Ajuste autom\u00e1tico de corte circular a longitudinal<\/li>\n<li>Apoca\u00edda de tensi\u00f3n para gu\u00eda de cable segura<\/li>\n<li>Hojas de repuesto adicionales incluidas en la herramienta<\/li>\n<li>Cuchilla enganchada y cortador est\u00e1n hechos de acero endurecido<\/li>\n<\/ul>\n<\/div>\n","protected":false},"featured_media":22293,"comment_status":"closed","ping_status":"closed","template":"","meta":[],"product_brand":[],"product_cat":[327],"product_tag":[],"class_list":{"0":"post-33615","1":"product","2":"type-product","3":"status-publish","4":"has-post-thumbnail","6":"product_cat-wiha","8":"first","9":"instock","10":"taxable","11":"shipping-taxable","12":"purchasable","13":"product-type-simple"},"yoast_head":"<!-- This site is optimized with the Yoast SEO Premium plugin v22.5 (Yoast SEO v22.6) - https:\/\/yoast.com\/wordpress\/plugins\/seo\/ -->\n<title>PELACABLES MULTICONDUCTORES 4MM-28MM\u00b2 WIHA - 44216 - Herramientas Industriales - Equipos de Seguridad - Solumeca.com<\/title>\n<meta name=\"robots\" content=\"index, follow, max-snippet:-1, max-image-preview:large, max-video-preview:-1\" \/>\n<link rel=\"canonical\" href=\"https:\/\/solumeca.com\/?product=pelacables-multiconductores-4mm-28mm\u00b2-wiha-44216\" \/>\n<meta property=\"og:locale\" content=\"es_ES\" \/>\n<meta property=\"og:type\" content=\"article\" \/>\n<meta property=\"og:title\" content=\"PELACABLES MULTICONDUCTORES 4MM-28MM\u00b2 WIHA - 44216\" \/>\n<meta property=\"og:description\" content=\"Ajuste autom\u00e1tico de corte circular a longitudinal  Apoca\u00edda de tensi\u00f3n para gu\u00eda de cable segura  Hojas de repuesto adicionales incluidas en la herramienta  Cuchilla enganchada y cortador est\u00e1n hechos de acero endurecido\" \/>\n<meta property=\"og:url\" content=\"https:\/\/solumeca.com\/?product=pelacables-multiconductores-4mm-28mm\u00b2-wiha-44216\" \/>\n<meta property=\"og:site_name\" content=\"Herramientas Industriales - Equipos de Seguridad - Solumeca.com\" \/>\n<meta property=\"article:modified_time\" content=\"2026-03-17T19:52:52+00:00\" \/>\n<meta name=\"twitter:card\" content=\"summary_large_image\" \/>\n<script type=\"application\/ld+json\" class=\"yoast-schema-graph\">{\"@context\":\"https:\/\/schema.org\",\"@graph\":[{\"@type\":\"WebPage\",\"@id\":\"https:\/\/solumeca.com\/?product=pelacables-multiconductores-4mm-28mm%c2%b2-wiha-44216\",\"url\":\"https:\/\/solumeca.com\/?product=pelacables-multiconductores-4mm-28mm%c2%b2-wiha-44216\",\"name\":\"PELACABLES MULTICONDUCTORES 4MM-28MM\u00b2 WIHA - 44216 - Herramientas Industriales - Equipos de Seguridad - Solumeca.com\",\"isPartOf\":{\"@id\":\"https:\/\/solumeca.com\/#website\"},\"primaryImageOfPage\":{\"@id\":\"https:\/\/solumeca.com\/?product=pelacables-multiconductores-4mm-28mm%c2%b2-wiha-44216#primaryimage\"},\"image\":{\"@id\":\"https:\/\/solumeca.com\/?product=pelacables-multiconductores-4mm-28mm%c2%b2-wiha-44216#primaryimage\"},\"thumbnailUrl\":\"https:\/\/solumeca.com\/wp-content\/uploads\/2026\/03\/b91a896996684c48cf057ec6c0ba4bb8e0d2855d_700x.webp\",\"datePublished\":\"2026-03-17T19:52:48+00:00\",\"dateModified\":\"2026-03-17T19:52:52+00:00\",\"breadcrumb\":{\"@id\":\"https:\/\/solumeca.com\/?product=pelacables-multiconductores-4mm-28mm%c2%b2-wiha-44216#breadcrumb\"},\"inLanguage\":\"es\",\"potentialAction\":[{\"@type\":\"ReadAction\",\"target\":[\"https:\/\/solumeca.com\/?product=pelacables-multiconductores-4mm-28mm%c2%b2-wiha-44216\"]}]},{\"@type\":\"ImageObject\",\"inLanguage\":\"es\",\"@id\":\"https:\/\/solumeca.com\/?product=pelacables-multiconductores-4mm-28mm%c2%b2-wiha-44216#primaryimage\",\"url\":\"https:\/\/solumeca.com\/wp-content\/uploads\/2026\/03\/b91a896996684c48cf057ec6c0ba4bb8e0d2855d_700x.webp\",\"contentUrl\":\"https:\/\/solumeca.com\/wp-content\/uploads\/2026\/03\/b91a896996684c48cf057ec6c0ba4bb8e0d2855d_700x.webp\",\"width\":700,\"height\":700},{\"@type\":\"BreadcrumbList\",\"@id\":\"https:\/\/solumeca.com\/?product=pelacables-multiconductores-4mm-28mm%c2%b2-wiha-44216#breadcrumb\",\"itemListElement\":[{\"@type\":\"ListItem\",\"position\":1,\"name\":\"Portada\",\"item\":\"https:\/\/solumeca.com\/\"},{\"@type\":\"ListItem\",\"position\":2,\"name\":\"Shop\",\"item\":\"https:\/\/solumeca.com\/?page_id=10\"},{\"@type\":\"ListItem\",\"position\":3,\"name\":\"PELACABLES MULTICONDUCTORES 4MM-28MM\u00b2 WIHA &#8211; 44216\"}]},{\"@type\":\"WebSite\",\"@id\":\"https:\/\/solumeca.com\/#website\",\"url\":\"https:\/\/solumeca.com\/\",\"name\":\"SOS Integral - Equipos de Seguridad - Herramientas Industriales\",\"description\":\"Equipos de Seguridad, Santo Domingo, Republica Dominicana, Herramientas Industriales,Tel.: (809) 274-3888 \/ Info@solumeca.com\",\"publisher\":{\"@id\":\"https:\/\/solumeca.com\/#organization\"},\"potentialAction\":[{\"@type\":\"SearchAction\",\"target\":{\"@type\":\"EntryPoint\",\"urlTemplate\":\"https:\/\/solumeca.com\/?s={search_term_string}\"},\"query-input\":\"required name=search_term_string\"}],\"inLanguage\":\"es\"},{\"@type\":\"Organization\",\"@id\":\"https:\/\/solumeca.com\/#organization\",\"name\":\"SOS Integral - Equipos de Seguridad - Herramientas Industriales\",\"url\":\"https:\/\/solumeca.com\/\",\"logo\":{\"@type\":\"ImageObject\",\"inLanguage\":\"es\",\"@id\":\"https:\/\/solumeca.com\/#\/schema\/logo\/image\/\",\"url\":\"https:\/\/solumeca.com\/wp-content\/uploads\/2024\/04\/equipos-de-seguridad-sos-2.png\",\"contentUrl\":\"https:\/\/solumeca.com\/wp-content\/uploads\/2024\/04\/equipos-de-seguridad-sos-2.png\",\"width\":600,\"height\":259,\"caption\":\"SOS Integral - Equipos de Seguridad - Herramientas Industriales\"},\"image\":{\"@id\":\"https:\/\/solumeca.com\/#\/schema\/logo\/image\/\"},\"sameAs\":[\"https:\/\/www.instagram.com\/sosintegralrd\/\"]}]}<\/script>\n<!-- \/ Yoast SEO Premium plugin. -->","yoast_head_json":{"title":"PELACABLES MULTICONDUCTORES 4MM-28MM\u00b2 WIHA - 44216 - Herramientas Industriales - Equipos de Seguridad - Solumeca.com","robots":{"index":"index","follow":"follow","max-snippet":"max-snippet:-1","max-image-preview":"max-image-preview:large","max-video-preview":"max-video-preview:-1"},"canonical":"https:\/\/solumeca.com\/?product=pelacables-multiconductores-4mm-28mm\u00b2-wiha-44216","og_locale":"es_ES","og_type":"article","og_title":"PELACABLES MULTICONDUCTORES 4MM-28MM\u00b2 WIHA - 44216","og_description":"Ajuste autom\u00e1tico de corte circular a longitudinal  Apoca\u00edda de tensi\u00f3n para gu\u00eda de cable segura  Hojas de repuesto adicionales incluidas en la herramienta  Cuchilla enganchada y cortador est\u00e1n hechos de acero endurecido","og_url":"https:\/\/solumeca.com\/?product=pelacables-multiconductores-4mm-28mm\u00b2-wiha-44216","og_site_name":"Herramientas Industriales - Equipos de Seguridad - Solumeca.com","article_modified_time":"2026-03-17T19:52:52+00:00","twitter_card":"summary_large_image","schema":{"@context":"https:\/\/schema.org","@graph":[{"@type":"WebPage","@id":"https:\/\/solumeca.com\/?product=pelacables-multiconductores-4mm-28mm%c2%b2-wiha-44216","url":"https:\/\/solumeca.com\/?product=pelacables-multiconductores-4mm-28mm%c2%b2-wiha-44216","name":"PELACABLES MULTICONDUCTORES 4MM-28MM\u00b2 WIHA - 44216 - Herramientas Industriales - Equipos de Seguridad - Solumeca.com","isPartOf":{"@id":"https:\/\/solumeca.com\/#website"},"primaryImageOfPage":{"@id":"https:\/\/solumeca.com\/?product=pelacables-multiconductores-4mm-28mm%c2%b2-wiha-44216#primaryimage"},"image":{"@id":"https:\/\/solumeca.com\/?product=pelacables-multiconductores-4mm-28mm%c2%b2-wiha-44216#primaryimage"},"thumbnailUrl":"https:\/\/solumeca.com\/wp-content\/uploads\/2026\/03\/b91a896996684c48cf057ec6c0ba4bb8e0d2855d_700x.webp","datePublished":"2026-03-17T19:52:48+00:00","dateModified":"2026-03-17T19:52:52+00:00","breadcrumb":{"@id":"https:\/\/solumeca.com\/?product=pelacables-multiconductores-4mm-28mm%c2%b2-wiha-44216#breadcrumb"},"inLanguage":"es","potentialAction":[{"@type":"ReadAction","target":["https:\/\/solumeca.com\/?product=pelacables-multiconductores-4mm-28mm%c2%b2-wiha-44216"]}]},{"@type":"ImageObject","inLanguage":"es","@id":"https:\/\/solumeca.com\/?product=pelacables-multiconductores-4mm-28mm%c2%b2-wiha-44216#primaryimage","url":"https:\/\/solumeca.com\/wp-content\/uploads\/2026\/03\/b91a896996684c48cf057ec6c0ba4bb8e0d2855d_700x.webp","contentUrl":"https:\/\/solumeca.com\/wp-content\/uploads\/2026\/03\/b91a896996684c48cf057ec6c0ba4bb8e0d2855d_700x.webp","width":700,"height":700},{"@type":"BreadcrumbList","@id":"https:\/\/solumeca.com\/?product=pelacables-multiconductores-4mm-28mm%c2%b2-wiha-44216#breadcrumb","itemListElement":[{"@type":"ListItem","position":1,"name":"Portada","item":"https:\/\/solumeca.com\/"},{"@type":"ListItem","position":2,"name":"Shop","item":"https:\/\/solumeca.com\/?page_id=10"},{"@type":"ListItem","position":3,"name":"PELACABLES MULTICONDUCTORES 4MM-28MM\u00b2 WIHA &#8211; 44216"}]},{"@type":"WebSite","@id":"https:\/\/solumeca.com\/#website","url":"https:\/\/solumeca.com\/","name":"SOS Integral - Equipos de Seguridad - Herramientas Industriales","description":"Equipos de Seguridad, Santo Domingo, Republica Dominicana, Herramientas Industriales,Tel.: (809) 274-3888 \/ Info@solumeca.com","publisher":{"@id":"https:\/\/solumeca.com\/#organization"},"potentialAction":[{"@type":"SearchAction","target":{"@type":"EntryPoint","urlTemplate":"https:\/\/solumeca.com\/?s={search_term_string}"},"query-input":"required name=search_term_string"}],"inLanguage":"es"},{"@type":"Organization","@id":"https:\/\/solumeca.com\/#organization","name":"SOS Integral - Equipos de Seguridad - Herramientas Industriales","url":"https:\/\/solumeca.com\/","logo":{"@type":"ImageObject","inLanguage":"es","@id":"https:\/\/solumeca.com\/#\/schema\/logo\/image\/","url":"https:\/\/solumeca.com\/wp-content\/uploads\/2024\/04\/equipos-de-seguridad-sos-2.png","contentUrl":"https:\/\/solumeca.com\/wp-content\/uploads\/2024\/04\/equipos-de-seguridad-sos-2.png","width":600,"height":259,"caption":"SOS Integral - Equipos de Seguridad - Herramientas Industriales"},"image":{"@id":"https:\/\/solumeca.com\/#\/schema\/logo\/image\/"},"sameAs":["https:\/\/www.instagram.com\/sosintegralrd\/"]}]}},"_links":{"self":[{"href":"https:\/\/solumeca.com\/index.php?rest_route=\/wp\/v2\/product\/33615","targetHints":{"allow":["GET"]}}],"collection":[{"href":"https:\/\/solumeca.com\/index.php?rest_route=\/wp\/v2\/product"}],"about":[{"href":"https:\/\/solumeca.com\/index.php?rest_route=\/wp\/v2\/types\/product"}],"replies":[{"embeddable":true,"href":"https:\/\/solumeca.com\/index.php?rest_route=%2Fwp%2Fv2%2Fcomments&post=33615"}],"version-history":[{"count":1,"href":"https:\/\/solumeca.com\/index.php?rest_route=\/wp\/v2\/product\/33615\/revisions"}],"predecessor-version":[{"id":33645,"href":"https:\/\/solumeca.com\/index.php?rest_route=\/wp\/v2\/product\/33615\/revisions\/33645"}],"wp:featuredmedia":[{"embeddable":true,"href":"https:\/\/solumeca.com\/index.php?rest_route=\/wp\/v2\/media\/22293"}],"wp:attachment":[{"href":"https:\/\/solumeca.com\/index.php?rest_route=%2Fwp%2Fv2%2Fmedia&parent=33615"}],"wp:term":[{"taxonomy":"product_brand","embeddable":true,"href":"https:\/\/solumeca.com\/index.php?rest_route=%2Fwp%2Fv2%2Fproduct_brand&post=33615"},{"taxonomy":"product_cat","embeddable":true,"href":"https:\/\/solumeca.com\/index.php?rest_route=%2Fwp%2Fv2%2Fproduct_cat&post=33615"},{"taxonomy":"product_tag","embeddable":true,"href":"https:\/\/solumeca.com\/index.php?rest_route=%2Fwp%2Fv2%2Fproduct_tag&post=33615"}],"curies":[{"name":"wp","href":"https:\/\/api.w.org\/{rel}","templated":true}]}}