{"id":33567,"date":"2026-03-17T20:52:33","date_gmt":"2026-03-17T19:52:33","guid":{"rendered":"https:\/\/solumeca.com\/?post_type=product&#038;p=33567"},"modified":"2026-03-17T20:52:40","modified_gmt":"2026-03-17T19:52:40","slug":"alicate-articulado-9-5-aislado-a-1000v-wiha-32954","status":"publish","type":"product","link":"https:\/\/solumeca.com\/?product=alicate-articulado-9-5-aislado-a-1000v-wiha-32954","title":{"rendered":"ALICATE ARTICULADO 9.5\u00bb AISLADO A 1000V WIHA &#8211; 32954"},"content":{"rendered":"<p>Los agarres cuentan con un dise\u00f1o de mango de guardia deslizado para mayor protecci\u00f3n en la parte delantera y escabros levantados dedos traseros para una apertura f\u00e1cil en el back-end. Wiha Insulated SoftFinish Cushp Pliers y Cutters consisten en acero de herramienta de calidad premium para la resistencia y durabilidad y la inducci\u00f3n endurecidos de vanguardia y mand\u00edbulas para una nitidez superior y longevidad. Cada herramienta aislada Wiha se prueba individualmente a 10.000 voltios AC y se clasifica a 1.000 voltios AC (1,500 voltios DC) para la seguridad y la tranquilidad en aplicaciones energizadas. Esta herramienta est\u00e1 certificada por VDE y cumple con los est\u00e1ndares de pruebas EN\/IEC 60900 para la protecci\u00f3n contra la explosi\u00f3n de manchas de arco, las especificaciones est\u00e1ndar ASTM F1505 para herramientas manuales aisladas y aislantes y puntos de referencia de pruebas de CSA para la seguridad y el rendimiento. Usted puede comprar con confianza sabiendo que este producto est\u00e1 devuelto por la garant\u00eda de problemas Wiha.<\/p>\n<ul>\n<li>Mangos de agarre de coj\u00edn ergon\u00f3mico para la comodidad y el control<\/li>\n<li>Construcci\u00f3n de doble durometros para durabilidad de larga duraci\u00f3n<\/li>\n<li>Mango de moho directamente moldeado a acero de herramienta para un enlace permanente<\/li>\n<li>Dise\u00f1o de mango de deslizan para mayor protecci\u00f3n<\/li>\n<li>Wiha de acero de calidad premium para resistencia y durabilidad<\/li>\n<li>Acabado rocedo industrial est\u00e1ndar para resistencia de superficie<\/li>\n<li>Inducci\u00f3n endures de vanguardia y mand\u00edbulas para una nitidez y longevidad superiores<\/li>\n<li>Probado individualmente a 10.000 voltios AC y clasificado a 1.000 voltios AC para la seguridad y la tranquilidad<\/li>\n<li>Conoce a VDE normas de prueba de protecci\u00f3n contra explosi\u00f3n de flash de arco<\/li>\n<li>Conoce ASTM F1505 especificaciones est\u00e1ndar para herramientas de mano aisladas e insuladas<\/li>\n<li>Conoce EN\/IEC 60900 normas de pruebas para la protecci\u00f3n contra la explosi\u00f3n de un arco<\/li>\n<li>Conoce CSA de pruebas de par\u00e1metros de seguridad para seguridad y rendimiento<\/li>\n<li>Respaldado por la garant\u00eda Wiha No Hassle<\/li>\n<\/ul>\n","protected":false},"excerpt":{"rendered":"<p>Los agarres cuentan con un dise\u00f1o de mango de guardia deslizado para mayor protecci\u00f3n en la parte delantera y escabros levantados dedos traseros para una apertura f\u00e1cil en el back-end. Wiha Insulated SoftFinish Cushp Pliers y Cutters consisten en acero de herramienta de calidad premium para la resistencia y durabilidad y la inducci\u00f3n endurecidos de<\/p>\n<div class=\"klb-readmore button\"><a class=\"btn link\" href=\"https:\/\/solumeca.com\/?product=alicate-articulado-9-5-aislado-a-1000v-wiha-32954\">Read More <i class=\"klbth-icon-right-arrow\"><\/i><\/a><\/div>\n","protected":false},"featured_media":22227,"comment_status":"closed","ping_status":"closed","template":"","meta":[],"product_brand":[],"product_cat":[327],"product_tag":[],"class_list":{"0":"post-33567","1":"product","2":"type-product","3":"status-publish","4":"has-post-thumbnail","6":"product_cat-wiha","8":"first","9":"instock","10":"taxable","11":"shipping-taxable","12":"purchasable","13":"product-type-simple"},"yoast_head":"<!-- This site is optimized with the Yoast SEO Premium plugin v22.5 (Yoast SEO v22.6) - https:\/\/yoast.com\/wordpress\/plugins\/seo\/ -->\n<title>ALICATE ARTICULADO 9.5&#039;&#039; AISLADO A 1000V WIHA - 32954 - Herramientas Industriales - Equipos de Seguridad - Solumeca.com<\/title>\n<meta name=\"robots\" content=\"index, follow, max-snippet:-1, max-image-preview:large, max-video-preview:-1\" \/>\n<link rel=\"canonical\" href=\"https:\/\/solumeca.com\/?product=alicate-articulado-9-5-aislado-a-1000v-wiha-32954\" \/>\n<meta property=\"og:locale\" content=\"es_ES\" \/>\n<meta property=\"og:type\" content=\"article\" \/>\n<meta property=\"og:title\" content=\"ALICATE ARTICULADO 9.5&#039;&#039; AISLADO A 1000V WIHA - 32954\" \/>\n<meta property=\"og:description\" content=\"Los agarres cuentan con un dise\u00f1o de mango de guardia deslizado para mayor protecci\u00f3n en la parte delantera y escabros levantados dedos traseros para una apertura f\u00e1cil en el back-end. Wiha Insulated SoftFinish Cushp Pliers y Cutters consisten en acero de herramienta de calidad premium para la resistencia y durabilidad y la inducci\u00f3n endurecidos deRead More\" \/>\n<meta property=\"og:url\" content=\"https:\/\/solumeca.com\/?product=alicate-articulado-9-5-aislado-a-1000v-wiha-32954\" \/>\n<meta property=\"og:site_name\" content=\"Herramientas Industriales - Equipos de Seguridad - Solumeca.com\" \/>\n<meta property=\"article:modified_time\" content=\"2026-03-17T19:52:40+00:00\" \/>\n<meta name=\"twitter:card\" content=\"summary_large_image\" \/>\n<meta name=\"twitter:label1\" content=\"Tiempo de lectura\" \/>\n\t<meta name=\"twitter:data1\" content=\"2 minutos\" \/>\n<script type=\"application\/ld+json\" class=\"yoast-schema-graph\">{\"@context\":\"https:\/\/schema.org\",\"@graph\":[{\"@type\":\"WebPage\",\"@id\":\"https:\/\/solumeca.com\/?product=alicate-articulado-9-5-aislado-a-1000v-wiha-32954\",\"url\":\"https:\/\/solumeca.com\/?product=alicate-articulado-9-5-aislado-a-1000v-wiha-32954\",\"name\":\"ALICATE ARTICULADO 9.5'' AISLADO A 1000V WIHA - 32954 - Herramientas Industriales - Equipos de Seguridad - Solumeca.com\",\"isPartOf\":{\"@id\":\"https:\/\/solumeca.com\/#website\"},\"primaryImageOfPage\":{\"@id\":\"https:\/\/solumeca.com\/?product=alicate-articulado-9-5-aislado-a-1000v-wiha-32954#primaryimage\"},\"image\":{\"@id\":\"https:\/\/solumeca.com\/?product=alicate-articulado-9-5-aislado-a-1000v-wiha-32954#primaryimage\"},\"thumbnailUrl\":\"https:\/\/solumeca.com\/wp-content\/uploads\/2026\/03\/hfp8cxklaecm7zzfrghw_600x.webp\",\"datePublished\":\"2026-03-17T19:52:33+00:00\",\"dateModified\":\"2026-03-17T19:52:40+00:00\",\"breadcrumb\":{\"@id\":\"https:\/\/solumeca.com\/?product=alicate-articulado-9-5-aislado-a-1000v-wiha-32954#breadcrumb\"},\"inLanguage\":\"es\",\"potentialAction\":[{\"@type\":\"ReadAction\",\"target\":[\"https:\/\/solumeca.com\/?product=alicate-articulado-9-5-aislado-a-1000v-wiha-32954\"]}]},{\"@type\":\"ImageObject\",\"inLanguage\":\"es\",\"@id\":\"https:\/\/solumeca.com\/?product=alicate-articulado-9-5-aislado-a-1000v-wiha-32954#primaryimage\",\"url\":\"https:\/\/solumeca.com\/wp-content\/uploads\/2026\/03\/hfp8cxklaecm7zzfrghw_600x.webp\",\"contentUrl\":\"https:\/\/solumeca.com\/wp-content\/uploads\/2026\/03\/hfp8cxklaecm7zzfrghw_600x.webp\",\"width\":600,\"height\":600},{\"@type\":\"BreadcrumbList\",\"@id\":\"https:\/\/solumeca.com\/?product=alicate-articulado-9-5-aislado-a-1000v-wiha-32954#breadcrumb\",\"itemListElement\":[{\"@type\":\"ListItem\",\"position\":1,\"name\":\"Portada\",\"item\":\"https:\/\/solumeca.com\/\"},{\"@type\":\"ListItem\",\"position\":2,\"name\":\"Shop\",\"item\":\"https:\/\/solumeca.com\/?page_id=10\"},{\"@type\":\"ListItem\",\"position\":3,\"name\":\"ALICATE ARTICULADO 9.5&#8221; AISLADO A 1000V WIHA &#8211; 32954\"}]},{\"@type\":\"WebSite\",\"@id\":\"https:\/\/solumeca.com\/#website\",\"url\":\"https:\/\/solumeca.com\/\",\"name\":\"SOS Integral - Equipos de Seguridad - Herramientas Industriales\",\"description\":\"Equipos de Seguridad, Santo Domingo, Republica Dominicana, Herramientas Industriales,Tel.: (809) 274-3888 \/ Info@solumeca.com\",\"publisher\":{\"@id\":\"https:\/\/solumeca.com\/#organization\"},\"potentialAction\":[{\"@type\":\"SearchAction\",\"target\":{\"@type\":\"EntryPoint\",\"urlTemplate\":\"https:\/\/solumeca.com\/?s={search_term_string}\"},\"query-input\":\"required name=search_term_string\"}],\"inLanguage\":\"es\"},{\"@type\":\"Organization\",\"@id\":\"https:\/\/solumeca.com\/#organization\",\"name\":\"SOS Integral - Equipos de Seguridad - Herramientas Industriales\",\"url\":\"https:\/\/solumeca.com\/\",\"logo\":{\"@type\":\"ImageObject\",\"inLanguage\":\"es\",\"@id\":\"https:\/\/solumeca.com\/#\/schema\/logo\/image\/\",\"url\":\"https:\/\/solumeca.com\/wp-content\/uploads\/2024\/04\/equipos-de-seguridad-sos-2.png\",\"contentUrl\":\"https:\/\/solumeca.com\/wp-content\/uploads\/2024\/04\/equipos-de-seguridad-sos-2.png\",\"width\":600,\"height\":259,\"caption\":\"SOS Integral - Equipos de Seguridad - Herramientas Industriales\"},\"image\":{\"@id\":\"https:\/\/solumeca.com\/#\/schema\/logo\/image\/\"},\"sameAs\":[\"https:\/\/www.instagram.com\/sosintegralrd\/\"]}]}<\/script>\n<!-- \/ Yoast SEO Premium plugin. -->","yoast_head_json":{"title":"ALICATE ARTICULADO 9.5'' AISLADO A 1000V WIHA - 32954 - Herramientas Industriales - Equipos de Seguridad - Solumeca.com","robots":{"index":"index","follow":"follow","max-snippet":"max-snippet:-1","max-image-preview":"max-image-preview:large","max-video-preview":"max-video-preview:-1"},"canonical":"https:\/\/solumeca.com\/?product=alicate-articulado-9-5-aislado-a-1000v-wiha-32954","og_locale":"es_ES","og_type":"article","og_title":"ALICATE ARTICULADO 9.5'' AISLADO A 1000V WIHA - 32954","og_description":"Los agarres cuentan con un dise\u00f1o de mango de guardia deslizado para mayor protecci\u00f3n en la parte delantera y escabros levantados dedos traseros para una apertura f\u00e1cil en el back-end. Wiha Insulated SoftFinish Cushp Pliers y Cutters consisten en acero de herramienta de calidad premium para la resistencia y durabilidad y la inducci\u00f3n endurecidos deRead More","og_url":"https:\/\/solumeca.com\/?product=alicate-articulado-9-5-aislado-a-1000v-wiha-32954","og_site_name":"Herramientas Industriales - Equipos de Seguridad - Solumeca.com","article_modified_time":"2026-03-17T19:52:40+00:00","twitter_card":"summary_large_image","twitter_misc":{"Tiempo de lectura":"2 minutos"},"schema":{"@context":"https:\/\/schema.org","@graph":[{"@type":"WebPage","@id":"https:\/\/solumeca.com\/?product=alicate-articulado-9-5-aislado-a-1000v-wiha-32954","url":"https:\/\/solumeca.com\/?product=alicate-articulado-9-5-aislado-a-1000v-wiha-32954","name":"ALICATE ARTICULADO 9.5'' AISLADO A 1000V WIHA - 32954 - Herramientas Industriales - Equipos de Seguridad - Solumeca.com","isPartOf":{"@id":"https:\/\/solumeca.com\/#website"},"primaryImageOfPage":{"@id":"https:\/\/solumeca.com\/?product=alicate-articulado-9-5-aislado-a-1000v-wiha-32954#primaryimage"},"image":{"@id":"https:\/\/solumeca.com\/?product=alicate-articulado-9-5-aislado-a-1000v-wiha-32954#primaryimage"},"thumbnailUrl":"https:\/\/solumeca.com\/wp-content\/uploads\/2026\/03\/hfp8cxklaecm7zzfrghw_600x.webp","datePublished":"2026-03-17T19:52:33+00:00","dateModified":"2026-03-17T19:52:40+00:00","breadcrumb":{"@id":"https:\/\/solumeca.com\/?product=alicate-articulado-9-5-aislado-a-1000v-wiha-32954#breadcrumb"},"inLanguage":"es","potentialAction":[{"@type":"ReadAction","target":["https:\/\/solumeca.com\/?product=alicate-articulado-9-5-aislado-a-1000v-wiha-32954"]}]},{"@type":"ImageObject","inLanguage":"es","@id":"https:\/\/solumeca.com\/?product=alicate-articulado-9-5-aislado-a-1000v-wiha-32954#primaryimage","url":"https:\/\/solumeca.com\/wp-content\/uploads\/2026\/03\/hfp8cxklaecm7zzfrghw_600x.webp","contentUrl":"https:\/\/solumeca.com\/wp-content\/uploads\/2026\/03\/hfp8cxklaecm7zzfrghw_600x.webp","width":600,"height":600},{"@type":"BreadcrumbList","@id":"https:\/\/solumeca.com\/?product=alicate-articulado-9-5-aislado-a-1000v-wiha-32954#breadcrumb","itemListElement":[{"@type":"ListItem","position":1,"name":"Portada","item":"https:\/\/solumeca.com\/"},{"@type":"ListItem","position":2,"name":"Shop","item":"https:\/\/solumeca.com\/?page_id=10"},{"@type":"ListItem","position":3,"name":"ALICATE ARTICULADO 9.5&#8221; AISLADO A 1000V WIHA &#8211; 32954"}]},{"@type":"WebSite","@id":"https:\/\/solumeca.com\/#website","url":"https:\/\/solumeca.com\/","name":"SOS Integral - Equipos de Seguridad - Herramientas Industriales","description":"Equipos de Seguridad, Santo Domingo, Republica Dominicana, Herramientas Industriales,Tel.: (809) 274-3888 \/ Info@solumeca.com","publisher":{"@id":"https:\/\/solumeca.com\/#organization"},"potentialAction":[{"@type":"SearchAction","target":{"@type":"EntryPoint","urlTemplate":"https:\/\/solumeca.com\/?s={search_term_string}"},"query-input":"required name=search_term_string"}],"inLanguage":"es"},{"@type":"Organization","@id":"https:\/\/solumeca.com\/#organization","name":"SOS Integral - Equipos de Seguridad - Herramientas Industriales","url":"https:\/\/solumeca.com\/","logo":{"@type":"ImageObject","inLanguage":"es","@id":"https:\/\/solumeca.com\/#\/schema\/logo\/image\/","url":"https:\/\/solumeca.com\/wp-content\/uploads\/2024\/04\/equipos-de-seguridad-sos-2.png","contentUrl":"https:\/\/solumeca.com\/wp-content\/uploads\/2024\/04\/equipos-de-seguridad-sos-2.png","width":600,"height":259,"caption":"SOS Integral - Equipos de Seguridad - Herramientas Industriales"},"image":{"@id":"https:\/\/solumeca.com\/#\/schema\/logo\/image\/"},"sameAs":["https:\/\/www.instagram.com\/sosintegralrd\/"]}]}},"_links":{"self":[{"href":"https:\/\/solumeca.com\/index.php?rest_route=\/wp\/v2\/product\/33567","targetHints":{"allow":["GET"]}}],"collection":[{"href":"https:\/\/solumeca.com\/index.php?rest_route=\/wp\/v2\/product"}],"about":[{"href":"https:\/\/solumeca.com\/index.php?rest_route=\/wp\/v2\/types\/product"}],"replies":[{"embeddable":true,"href":"https:\/\/solumeca.com\/index.php?rest_route=%2Fwp%2Fv2%2Fcomments&post=33567"}],"version-history":[{"count":1,"href":"https:\/\/solumeca.com\/index.php?rest_route=\/wp\/v2\/product\/33567\/revisions"}],"predecessor-version":[{"id":33597,"href":"https:\/\/solumeca.com\/index.php?rest_route=\/wp\/v2\/product\/33567\/revisions\/33597"}],"wp:featuredmedia":[{"embeddable":true,"href":"https:\/\/solumeca.com\/index.php?rest_route=\/wp\/v2\/media\/22227"}],"wp:attachment":[{"href":"https:\/\/solumeca.com\/index.php?rest_route=%2Fwp%2Fv2%2Fmedia&parent=33567"}],"wp:term":[{"taxonomy":"product_brand","embeddable":true,"href":"https:\/\/solumeca.com\/index.php?rest_route=%2Fwp%2Fv2%2Fproduct_brand&post=33567"},{"taxonomy":"product_cat","embeddable":true,"href":"https:\/\/solumeca.com\/index.php?rest_route=%2Fwp%2Fv2%2Fproduct_cat&post=33567"},{"taxonomy":"product_tag","embeddable":true,"href":"https:\/\/solumeca.com\/index.php?rest_route=%2Fwp%2Fv2%2Fproduct_tag&post=33567"}],"curies":[{"name":"wp","href":"https:\/\/api.w.org\/{rel}","templated":true}]}}