{"id":33564,"date":"2026-03-17T20:52:33","date_gmt":"2026-03-17T19:52:33","guid":{"rendered":"https:\/\/solumeca.com\/?post_type=product&#038;p=33564"},"modified":"2026-03-17T20:52:39","modified_gmt":"2026-03-17T19:52:39","slug":"pinza-de-electricista-de-8-aislada-a-1000vt-wiha-32930","status":"publish","type":"product","link":"https:\/\/solumeca.com\/?product=pinza-de-electricista-de-8-aislada-a-1000vt-wiha-32930","title":{"rendered":"PINZA DE ELECTRICISTA DE 8&#8243;  AISLADA A  1000VT WIHA &#8211; 32930"},"content":{"rendered":"<div class=\"tabs-nav__scroller-inner\"><\/div>\n<div class=\"product-tabs__content\">\n<div id=\"block-template--16793954091264__product-content-description\" class=\"product-tabs__tab-item-wrapper\">\n<div class=\"product-tabs__tab-item-content rte\">Wiha Insulated SoftFinish Cushp Pliers y Cutters son el est\u00e1ndar para la calidad premium con mangos ergon\u00f3micos de agarre de coj\u00edn para la comodidad y el control, la construcci\u00f3n de doble met\u00edmetro para una durabilidad duradera, y mangos directamente moldeados al acero de la herramienta para un enlace permanente. Los agarres cuentan con un dise\u00f1o de mango de guardia deslizado para mayor protecci\u00f3n en la parte delantera y escabros levantados dedos traseros para una apertura f\u00e1cil en el back-end. Wiha Insulated SoftFinish Cushp Pliers y Cutters consisten en acero de herramienta de calidad premium para la resistencia y durabilidad y la inducci\u00f3n endurecidos de vanguardia y mand\u00edbulas para una nitidez superior y longevidad. Cada herramienta aislada Wiha se prueba individualmente a 10.000 voltios AC y se clasifica a 1.000 voltios AC (1,500 voltios DC) para la seguridad y la tranquilidad en aplicaciones energizadas. Esta herramienta est\u00e1 certificada por VDE y cumple con los est\u00e1ndares de pruebas EN\/IEC 60900 para la protecci\u00f3n contra la explosi\u00f3n de manchas de arco, las especificaciones est\u00e1ndar ASTM F1505 para herramientas manuales aisladas y aislantes y puntos de referencia de pruebas de CSA para la seguridad y el rendimiento.<\/p>\n<ul>\n<li>Probado individualmente a 10.000 voltios AC y clasificado a 1.000 voltios AC para la seguridad y la tranquilidad<\/li>\n<li>Wiha patent\u00f3 DynamicJoint para un 40% m\u00e1s fuerte y cortes m\u00e1s f\u00e1ciles<\/li>\n<li>Inducci\u00f3n endures de vanguardia y mand\u00edbulas para una nitidez y longevidad superiores &#8211; Aproximadamente 64HRC<\/li>\n<li>Zona de ataque desgatado para martillos o reaming conducto<\/li>\n<li>Acabado rocedo industrial est\u00e1ndar para resistencia de superficie<\/li>\n<li>Entiende de acero pesado para soportar altos niveles de carga<\/li>\n<li>Acero de herramientas C70 de calidad premium para resistencia y durabilidad<\/li>\n<li>Superior en forma y acabado por poco o ning\u00fan periodo de allanamiento<\/li>\n<li>Dise\u00f1o de mango de deslizan para mayor protecci\u00f3n<\/li>\n<li>Mangos de agarre de coj\u00edn ergon\u00f3mico para la comodidad y el control<\/li>\n<li>Respaldado por la garant\u00eda Wiha No Hassle<\/li>\n<\/ul>\n<\/div>\n<\/div>\n<\/div>\n","protected":false},"excerpt":{"rendered":"<p>Wiha Insulated SoftFinish Cushp Pliers y Cutters son el est\u00e1ndar para la calidad premium con mangos ergon\u00f3micos de agarre de coj\u00edn para la comodidad y el control, la construcci\u00f3n de doble met\u00edmetro para una durabilidad duradera, y mangos directamente moldeados al acero de la herramienta para un enlace permanente. Los agarres cuentan con un dise\u00f1o<\/p>\n<div class=\"klb-readmore button\"><a class=\"btn link\" href=\"https:\/\/solumeca.com\/?product=pinza-de-electricista-de-8-aislada-a-1000vt-wiha-32930\">Read More <i class=\"klbth-icon-right-arrow\"><\/i><\/a><\/div>\n","protected":false},"featured_media":22202,"comment_status":"closed","ping_status":"closed","template":"","meta":[],"product_brand":[],"product_cat":[328,324,329,320,327],"product_tag":[],"class_list":{"0":"post-33564","1":"product","2":"type-product","3":"status-publish","4":"has-post-thumbnail","6":"product_cat-aislada","7":"product_cat-electricistas","8":"product_cat-herramientas-aisladas","9":"product_cat-pinzas","10":"product_cat-wiha","12":"first","13":"instock","14":"taxable","15":"shipping-taxable","16":"purchasable","17":"product-type-simple"},"yoast_head":"<!-- This site is optimized with the Yoast SEO Premium plugin v22.5 (Yoast SEO v22.6) - https:\/\/yoast.com\/wordpress\/plugins\/seo\/ -->\n<title>PINZA DE ELECTRICISTA DE 8&quot; AISLADA A 1000VT WIHA - 32930 - Herramientas Industriales - Equipos de Seguridad - Solumeca.com<\/title>\n<meta name=\"robots\" content=\"index, follow, max-snippet:-1, max-image-preview:large, max-video-preview:-1\" \/>\n<link rel=\"canonical\" href=\"https:\/\/solumeca.com\/?product=pinza-de-electricista-de-8-aislada-a-1000vt-wiha-32930\" \/>\n<meta property=\"og:locale\" content=\"es_ES\" \/>\n<meta property=\"og:type\" content=\"article\" \/>\n<meta property=\"og:title\" content=\"PINZA DE ELECTRICISTA DE 8&quot; AISLADA A 1000VT WIHA - 32930\" \/>\n<meta property=\"og:description\" content=\"Wiha Insulated SoftFinish Cushp Pliers y Cutters son el est\u00e1ndar para la calidad premium con mangos ergon\u00f3micos de agarre de coj\u00edn para la comodidad y el control, la construcci\u00f3n de doble met\u00edmetro para una durabilidad duradera, y mangos directamente moldeados al acero de la herramienta para un enlace permanente. Los agarres cuentan con un dise\u00f1oRead More\" \/>\n<meta property=\"og:url\" content=\"https:\/\/solumeca.com\/?product=pinza-de-electricista-de-8-aislada-a-1000vt-wiha-32930\" \/>\n<meta property=\"og:site_name\" content=\"Herramientas Industriales - Equipos de Seguridad - Solumeca.com\" \/>\n<meta property=\"article:modified_time\" content=\"2026-03-17T19:52:39+00:00\" \/>\n<meta name=\"twitter:card\" content=\"summary_large_image\" \/>\n<meta name=\"twitter:label1\" content=\"Tiempo de lectura\" \/>\n\t<meta name=\"twitter:data1\" content=\"2 minutos\" \/>\n<script type=\"application\/ld+json\" class=\"yoast-schema-graph\">{\"@context\":\"https:\/\/schema.org\",\"@graph\":[{\"@type\":\"WebPage\",\"@id\":\"https:\/\/solumeca.com\/?product=pinza-de-electricista-de-8-aislada-a-1000vt-wiha-32930\",\"url\":\"https:\/\/solumeca.com\/?product=pinza-de-electricista-de-8-aislada-a-1000vt-wiha-32930\",\"name\":\"PINZA DE ELECTRICISTA DE 8\\\" AISLADA A 1000VT WIHA - 32930 - Herramientas Industriales - Equipos de Seguridad - Solumeca.com\",\"isPartOf\":{\"@id\":\"https:\/\/solumeca.com\/#website\"},\"primaryImageOfPage\":{\"@id\":\"https:\/\/solumeca.com\/?product=pinza-de-electricista-de-8-aislada-a-1000vt-wiha-32930#primaryimage\"},\"image\":{\"@id\":\"https:\/\/solumeca.com\/?product=pinza-de-electricista-de-8-aislada-a-1000vt-wiha-32930#primaryimage\"},\"thumbnailUrl\":\"https:\/\/solumeca.com\/wp-content\/uploads\/2026\/03\/l3d5fwrlzkoa0xeyydgx_600x.webp\",\"datePublished\":\"2026-03-17T19:52:33+00:00\",\"dateModified\":\"2026-03-17T19:52:39+00:00\",\"breadcrumb\":{\"@id\":\"https:\/\/solumeca.com\/?product=pinza-de-electricista-de-8-aislada-a-1000vt-wiha-32930#breadcrumb\"},\"inLanguage\":\"es\",\"potentialAction\":[{\"@type\":\"ReadAction\",\"target\":[\"https:\/\/solumeca.com\/?product=pinza-de-electricista-de-8-aislada-a-1000vt-wiha-32930\"]}]},{\"@type\":\"ImageObject\",\"inLanguage\":\"es\",\"@id\":\"https:\/\/solumeca.com\/?product=pinza-de-electricista-de-8-aislada-a-1000vt-wiha-32930#primaryimage\",\"url\":\"https:\/\/solumeca.com\/wp-content\/uploads\/2026\/03\/l3d5fwrlzkoa0xeyydgx_600x.webp\",\"contentUrl\":\"https:\/\/solumeca.com\/wp-content\/uploads\/2026\/03\/l3d5fwrlzkoa0xeyydgx_600x.webp\",\"width\":600,\"height\":600},{\"@type\":\"BreadcrumbList\",\"@id\":\"https:\/\/solumeca.com\/?product=pinza-de-electricista-de-8-aislada-a-1000vt-wiha-32930#breadcrumb\",\"itemListElement\":[{\"@type\":\"ListItem\",\"position\":1,\"name\":\"Portada\",\"item\":\"https:\/\/solumeca.com\/\"},{\"@type\":\"ListItem\",\"position\":2,\"name\":\"Shop\",\"item\":\"https:\/\/solumeca.com\/?page_id=10\"},{\"@type\":\"ListItem\",\"position\":3,\"name\":\"PINZA DE ELECTRICISTA DE 8&#8243; AISLADA A 1000VT WIHA &#8211; 32930\"}]},{\"@type\":\"WebSite\",\"@id\":\"https:\/\/solumeca.com\/#website\",\"url\":\"https:\/\/solumeca.com\/\",\"name\":\"SOS Integral - Equipos de Seguridad - Herramientas Industriales\",\"description\":\"Equipos de Seguridad, Santo Domingo, Republica Dominicana, Herramientas Industriales,Tel.: (809) 274-3888 \/ Info@solumeca.com\",\"publisher\":{\"@id\":\"https:\/\/solumeca.com\/#organization\"},\"potentialAction\":[{\"@type\":\"SearchAction\",\"target\":{\"@type\":\"EntryPoint\",\"urlTemplate\":\"https:\/\/solumeca.com\/?s={search_term_string}\"},\"query-input\":\"required name=search_term_string\"}],\"inLanguage\":\"es\"},{\"@type\":\"Organization\",\"@id\":\"https:\/\/solumeca.com\/#organization\",\"name\":\"SOS Integral - Equipos de Seguridad - Herramientas Industriales\",\"url\":\"https:\/\/solumeca.com\/\",\"logo\":{\"@type\":\"ImageObject\",\"inLanguage\":\"es\",\"@id\":\"https:\/\/solumeca.com\/#\/schema\/logo\/image\/\",\"url\":\"https:\/\/solumeca.com\/wp-content\/uploads\/2024\/04\/equipos-de-seguridad-sos-2.png\",\"contentUrl\":\"https:\/\/solumeca.com\/wp-content\/uploads\/2024\/04\/equipos-de-seguridad-sos-2.png\",\"width\":600,\"height\":259,\"caption\":\"SOS Integral - Equipos de Seguridad - Herramientas Industriales\"},\"image\":{\"@id\":\"https:\/\/solumeca.com\/#\/schema\/logo\/image\/\"},\"sameAs\":[\"https:\/\/www.instagram.com\/sosintegralrd\/\"]}]}<\/script>\n<!-- \/ Yoast SEO Premium plugin. -->","yoast_head_json":{"title":"PINZA DE ELECTRICISTA DE 8\" AISLADA A 1000VT WIHA - 32930 - Herramientas Industriales - Equipos de Seguridad - Solumeca.com","robots":{"index":"index","follow":"follow","max-snippet":"max-snippet:-1","max-image-preview":"max-image-preview:large","max-video-preview":"max-video-preview:-1"},"canonical":"https:\/\/solumeca.com\/?product=pinza-de-electricista-de-8-aislada-a-1000vt-wiha-32930","og_locale":"es_ES","og_type":"article","og_title":"PINZA DE ELECTRICISTA DE 8\" AISLADA A 1000VT WIHA - 32930","og_description":"Wiha Insulated SoftFinish Cushp Pliers y Cutters son el est\u00e1ndar para la calidad premium con mangos ergon\u00f3micos de agarre de coj\u00edn para la comodidad y el control, la construcci\u00f3n de doble met\u00edmetro para una durabilidad duradera, y mangos directamente moldeados al acero de la herramienta para un enlace permanente. Los agarres cuentan con un dise\u00f1oRead More","og_url":"https:\/\/solumeca.com\/?product=pinza-de-electricista-de-8-aislada-a-1000vt-wiha-32930","og_site_name":"Herramientas Industriales - Equipos de Seguridad - Solumeca.com","article_modified_time":"2026-03-17T19:52:39+00:00","twitter_card":"summary_large_image","twitter_misc":{"Tiempo de lectura":"2 minutos"},"schema":{"@context":"https:\/\/schema.org","@graph":[{"@type":"WebPage","@id":"https:\/\/solumeca.com\/?product=pinza-de-electricista-de-8-aislada-a-1000vt-wiha-32930","url":"https:\/\/solumeca.com\/?product=pinza-de-electricista-de-8-aislada-a-1000vt-wiha-32930","name":"PINZA DE ELECTRICISTA DE 8\" AISLADA A 1000VT WIHA - 32930 - Herramientas Industriales - Equipos de Seguridad - Solumeca.com","isPartOf":{"@id":"https:\/\/solumeca.com\/#website"},"primaryImageOfPage":{"@id":"https:\/\/solumeca.com\/?product=pinza-de-electricista-de-8-aislada-a-1000vt-wiha-32930#primaryimage"},"image":{"@id":"https:\/\/solumeca.com\/?product=pinza-de-electricista-de-8-aislada-a-1000vt-wiha-32930#primaryimage"},"thumbnailUrl":"https:\/\/solumeca.com\/wp-content\/uploads\/2026\/03\/l3d5fwrlzkoa0xeyydgx_600x.webp","datePublished":"2026-03-17T19:52:33+00:00","dateModified":"2026-03-17T19:52:39+00:00","breadcrumb":{"@id":"https:\/\/solumeca.com\/?product=pinza-de-electricista-de-8-aislada-a-1000vt-wiha-32930#breadcrumb"},"inLanguage":"es","potentialAction":[{"@type":"ReadAction","target":["https:\/\/solumeca.com\/?product=pinza-de-electricista-de-8-aislada-a-1000vt-wiha-32930"]}]},{"@type":"ImageObject","inLanguage":"es","@id":"https:\/\/solumeca.com\/?product=pinza-de-electricista-de-8-aislada-a-1000vt-wiha-32930#primaryimage","url":"https:\/\/solumeca.com\/wp-content\/uploads\/2026\/03\/l3d5fwrlzkoa0xeyydgx_600x.webp","contentUrl":"https:\/\/solumeca.com\/wp-content\/uploads\/2026\/03\/l3d5fwrlzkoa0xeyydgx_600x.webp","width":600,"height":600},{"@type":"BreadcrumbList","@id":"https:\/\/solumeca.com\/?product=pinza-de-electricista-de-8-aislada-a-1000vt-wiha-32930#breadcrumb","itemListElement":[{"@type":"ListItem","position":1,"name":"Portada","item":"https:\/\/solumeca.com\/"},{"@type":"ListItem","position":2,"name":"Shop","item":"https:\/\/solumeca.com\/?page_id=10"},{"@type":"ListItem","position":3,"name":"PINZA DE ELECTRICISTA DE 8&#8243; AISLADA A 1000VT WIHA &#8211; 32930"}]},{"@type":"WebSite","@id":"https:\/\/solumeca.com\/#website","url":"https:\/\/solumeca.com\/","name":"SOS Integral - Equipos de Seguridad - Herramientas Industriales","description":"Equipos de Seguridad, Santo Domingo, Republica Dominicana, Herramientas Industriales,Tel.: (809) 274-3888 \/ Info@solumeca.com","publisher":{"@id":"https:\/\/solumeca.com\/#organization"},"potentialAction":[{"@type":"SearchAction","target":{"@type":"EntryPoint","urlTemplate":"https:\/\/solumeca.com\/?s={search_term_string}"},"query-input":"required name=search_term_string"}],"inLanguage":"es"},{"@type":"Organization","@id":"https:\/\/solumeca.com\/#organization","name":"SOS Integral - Equipos de Seguridad - Herramientas Industriales","url":"https:\/\/solumeca.com\/","logo":{"@type":"ImageObject","inLanguage":"es","@id":"https:\/\/solumeca.com\/#\/schema\/logo\/image\/","url":"https:\/\/solumeca.com\/wp-content\/uploads\/2024\/04\/equipos-de-seguridad-sos-2.png","contentUrl":"https:\/\/solumeca.com\/wp-content\/uploads\/2024\/04\/equipos-de-seguridad-sos-2.png","width":600,"height":259,"caption":"SOS Integral - Equipos de Seguridad - Herramientas Industriales"},"image":{"@id":"https:\/\/solumeca.com\/#\/schema\/logo\/image\/"},"sameAs":["https:\/\/www.instagram.com\/sosintegralrd\/"]}]}},"_links":{"self":[{"href":"https:\/\/solumeca.com\/index.php?rest_route=\/wp\/v2\/product\/33564","targetHints":{"allow":["GET"]}}],"collection":[{"href":"https:\/\/solumeca.com\/index.php?rest_route=\/wp\/v2\/product"}],"about":[{"href":"https:\/\/solumeca.com\/index.php?rest_route=\/wp\/v2\/types\/product"}],"replies":[{"embeddable":true,"href":"https:\/\/solumeca.com\/index.php?rest_route=%2Fwp%2Fv2%2Fcomments&post=33564"}],"version-history":[{"count":1,"href":"https:\/\/solumeca.com\/index.php?rest_route=\/wp\/v2\/product\/33564\/revisions"}],"predecessor-version":[{"id":33594,"href":"https:\/\/solumeca.com\/index.php?rest_route=\/wp\/v2\/product\/33564\/revisions\/33594"}],"wp:featuredmedia":[{"embeddable":true,"href":"https:\/\/solumeca.com\/index.php?rest_route=\/wp\/v2\/media\/22202"}],"wp:attachment":[{"href":"https:\/\/solumeca.com\/index.php?rest_route=%2Fwp%2Fv2%2Fmedia&parent=33564"}],"wp:term":[{"taxonomy":"product_brand","embeddable":true,"href":"https:\/\/solumeca.com\/index.php?rest_route=%2Fwp%2Fv2%2Fproduct_brand&post=33564"},{"taxonomy":"product_cat","embeddable":true,"href":"https:\/\/solumeca.com\/index.php?rest_route=%2Fwp%2Fv2%2Fproduct_cat&post=33564"},{"taxonomy":"product_tag","embeddable":true,"href":"https:\/\/solumeca.com\/index.php?rest_route=%2Fwp%2Fv2%2Fproduct_tag&post=33564"}],"curies":[{"name":"wp","href":"https:\/\/api.w.org\/{rel}","templated":true}]}}